{"id":702,"date":"2022-09-19T16:13:42","date_gmt":"2022-09-19T14:13:42","guid":{"rendered":"https:\/\/site.educa.madrid.org\/ies.lasencinas.villanuevadelacanada\/?page_id=702"},"modified":"2025-06-11T10:03:23","modified_gmt":"2025-06-11T08:03:23","slug":"extraescolares","status":"publish","type":"page","link":"https:\/\/site.educa.madrid.org\/ies.lasencinas.villanuevadelacanada\/index.php\/servicios\/extraescolares\/","title":{"rendered":"Actividades Extraescolares"},"content":{"rendered":"\n<p class=\"has-black-color has-text-color has-large-font-size\"><strong>CURSO 2025-26 <\/strong><\/p>\n\n\n\n<p class=\"has-black-color has-text-color\">Las actividades extraescolares, en horario de tarde, son gestionadas por la Asociaci\u00f3n de Padres y Madres del IES y, por tanto, las familias que son socias disfrutan de descuentos en la cuota.<\/p>\n\n\n\n<p class=\"has-black-color has-text-color\">Para m\u00e1s informaci\u00f3n o inscripciones, apalasencinas@gmail.com.<\/p>\n\n\n\n<p class=\"has-text-align-left has-black-color has-text-color has-medium-font-size\"><strong>TENIS DE MESA<\/strong><\/p>\n\n\n\n<p class=\"has-black-color has-text-color has-link-color wp-elements-9ac00cf961d1ea846fe5a532228b76c6\"><\/p>\n\n\n\n<div class=\"wp-block-columns is-layout-flex wp-container-core-columns-is-layout-9d6595d7 wp-block-columns-is-layout-flex\">\n<div class=\"wp-block-column is-layout-flow wp-block-column-is-layout-flow\">\n<figure class=\"wp-block-image size-large is-resized\"><a href=\"https:\/\/drive.google.com\/file\/d\/19MTmlizo_fwMeeBPn_dO171NioV-WyKl\/view?usp=sharing\"><img loading=\"lazy\" decoding=\"async\" width=\"724\" height=\"1024\" src=\"https:\/\/site.educa.madrid.org\/ies.lasencinas.villanuevadelacanada\/\/wp-content\/uploads\/ies.lasencinas.villanuevadelacanada\/2025\/06\/CARTEL-TENIS-MESA-1_page-0001-724x1024.jpg\" alt=\"\" class=\"wp-image-3816\" style=\"width:180px;height:auto\" srcset=\"https:\/\/site.educa.madrid.org\/ies.lasencinas.villanuevadelacanada\/\/wp-content\/uploads\/ies.lasencinas.villanuevadelacanada\/2025\/06\/CARTEL-TENIS-MESA-1_page-0001-724x1024.jpg 724w, https:\/\/site.educa.madrid.org\/ies.lasencinas.villanuevadelacanada\/\/wp-content\/uploads\/ies.lasencinas.villanuevadelacanada\/2025\/06\/CARTEL-TENIS-MESA-1_page-0001-212x300.jpg 212w, https:\/\/site.educa.madrid.org\/ies.lasencinas.villanuevadelacanada\/\/wp-content\/uploads\/ies.lasencinas.villanuevadelacanada\/2025\/06\/CARTEL-TENIS-MESA-1_page-0001-768x1086.jpg 768w, https:\/\/site.educa.madrid.org\/ies.lasencinas.villanuevadelacanada\/\/wp-content\/uploads\/ies.lasencinas.villanuevadelacanada\/2025\/06\/CARTEL-TENIS-MESA-1_page-0001-1086x1536.jpg 1086w, https:\/\/site.educa.madrid.org\/ies.lasencinas.villanuevadelacanada\/\/wp-content\/uploads\/ies.lasencinas.villanuevadelacanada\/2025\/06\/CARTEL-TENIS-MESA-1_page-0001-1448x2048.jpg 1448w, https:\/\/site.educa.madrid.org\/ies.lasencinas.villanuevadelacanada\/\/wp-content\/uploads\/ies.lasencinas.villanuevadelacanada\/2025\/06\/CARTEL-TENIS-MESA-1_page-0001-scaled.jpg 1810w\" sizes=\"auto, (max-width: 724px) 100vw, 724px\" \/><\/a><\/figure>\n<\/div>\n\n\n\n<div class=\"wp-block-column is-layout-flow wp-block-column-is-layout-flow\">\n<p class=\"has-black-color has-text-color has-link-color wp-elements-4b954418b966e0900429fb68f249417f\">A cargo del Club de Tenis de Mesa \u00abLa Ca\u00f1ada\u00bb, lunes de 18 h. a 19&#8217;30 h., en el pabell\u00f3n del IES. <\/p>\n\n\n\n<p class=\"has-black-color has-text-color has-link-color wp-elements-f2cad217aacbac4f5475ae8020cc2183\">Pincha en la imagen para ampliarla. Inscripciones en papel, en conserjer\u00eda. O descargar en el siguiente enlace: <a href=\"https:\/\/drive.google.com\/file\/d\/1hncFtYuZZNNxc5HhgKKF8J3q_JcVjmsK\/view?usp=sharing\"><strong>INSCRIPCI\u00d3N TENIS DE MESA<\/strong>.<\/a><\/p>\n<\/div>\n\n\n\n<div class=\"wp-block-column is-layout-flow wp-block-column-is-layout-flow\"><\/div>\n<\/div>\n\n\n\n<p class=\"has-black-color has-text-color has-link-color has-medium-font-size wp-elements-56cbbace7f362065e3d95828ba01645c\"><strong>VOLEIBOL<\/strong><\/p>\n\n\n\n<div class=\"wp-block-columns is-layout-flex wp-container-core-columns-is-layout-9d6595d7 wp-block-columns-is-layout-flex\">\n<div class=\"wp-block-column is-layout-flow wp-block-column-is-layout-flow\">\n<p class=\"has-black-color has-text-color has-link-color wp-elements-88d732a7cb61537356a24243cbb01e12\">Gestionado por M\u00e1s que Coles Sport Club, entrenamientos en el pabell\u00f3n del IES, martes y jueves de 18 h. a 20 h.<\/p>\n\n\n\n<p class=\"has-black-color has-text-color has-link-color wp-elements-16a702d70ad71f013309045f2d680624\">Inscripciones en conserjer\u00eda o en el c\u00f3digo QR. Rellena el siguiente formulario de <strong><a href=\"https:\/\/urldefense.com\/v3\/__https:\/\/docs.google.com\/forms\/d\/1ercBESsbegE9b1oqTXlAx5kbkuWxOeng6I0s1bv-1B0\/viewform?edit_requested=true__;!!D9dNQwwGXtA!RMcLsPgWSbjDnwpb53UF-vxy0Ogu3fy8jhIuwv-eBSRaLbxYq9bUcXIXVBSNidWWaTMwhhYVwNae-qsnSzclSNFM6Y6mf2QX3LcZi6-7qnb1PJmw74A$\">PREINSCRIPCI\u00d3N<\/a><\/strong>.<\/p>\n\n\n\n<p class=\"has-black-color has-text-color has-link-color wp-elements-737bf8a89938657b59f729d6d79f85d5\">Pincha en la imagen para ampliarla.<\/p>\n<\/div>\n\n\n\n<div class=\"wp-block-column is-layout-flow wp-block-column-is-layout-flow\">\n<figure class=\"wp-block-image size-large is-resized\"><a href=\"https:\/\/urldefense.com\/v3\/__https:\/\/docs.google.com\/forms\/d\/1ercBESsbegE9b1oqTXlAx5kbkuWxOeng6I0s1bv-1B0\/viewform?edit_requested=true__;!!D9dNQwwGXtA!RMcLsPgWSbjDnwpb53UF-vxy0Ogu3fy8jhIuwv-eBSRaLbxYq9bUcXIXVBSNidWWaTMwhhYVwNae-qsnSzclSNFM6Y6mf2QX3LcZi6-7qnb1PJmw74A$\"><img loading=\"lazy\" decoding=\"async\" width=\"819\" height=\"1024\" src=\"https:\/\/site.educa.madrid.org\/ies.lasencinas.villanuevadelacanada\/\/wp-content\/uploads\/ies.lasencinas.villanuevadelacanada\/2025\/06\/IMG-20250605-WA0015-819x1024.jpg\" alt=\"\" class=\"wp-image-3805\" style=\"width:189px;height:auto\" srcset=\"https:\/\/site.educa.madrid.org\/ies.lasencinas.villanuevadelacanada\/\/wp-content\/uploads\/ies.lasencinas.villanuevadelacanada\/2025\/06\/IMG-20250605-WA0015-819x1024.jpg 819w, https:\/\/site.educa.madrid.org\/ies.lasencinas.villanuevadelacanada\/\/wp-content\/uploads\/ies.lasencinas.villanuevadelacanada\/2025\/06\/IMG-20250605-WA0015-240x300.jpg 240w, https:\/\/site.educa.madrid.org\/ies.lasencinas.villanuevadelacanada\/\/wp-content\/uploads\/ies.lasencinas.villanuevadelacanada\/2025\/06\/IMG-20250605-WA0015-768x960.jpg 768w, https:\/\/site.educa.madrid.org\/ies.lasencinas.villanuevadelacanada\/\/wp-content\/uploads\/ies.lasencinas.villanuevadelacanada\/2025\/06\/IMG-20250605-WA0015.jpg 1080w\" sizes=\"auto, (max-width: 819px) 100vw, 819px\" \/><\/a><\/figure>\n<\/div>\n\n\n\n<div class=\"wp-block-column is-layout-flow wp-block-column-is-layout-flow\"><\/div>\n<\/div>\n\n\n\n<p class=\"has-black-color has-text-color has-medium-font-size\"><strong>TEATRO<\/strong><\/p>\n\n\n\n<p class=\"has-black-color has-text-color\">Con Juli F\u00e1bregas y V\u00edctor Tejera. Conoce m\u00e1s en su p\u00e1gina web: <a href=\"http:\/\/www.google.com\/url?q=http%3A%2F%2Fexplorateatro.com%2F&amp;sa=D&amp;sntz=1&amp;usg=AOvVaw2NVl8ZW_96wzZFUwitYUT2\" target=\"_blank\" rel=\"noreferrer noopener\"><strong>Explora Teatro<\/strong><\/a>.<\/p>\n\n\n\n<p class=\"has-black-color has-text-color\">Lugar: sal\u00f3n de actos del IES. HORARIOS para el curso 25-26, por confirmar.<\/p>\n\n\n\n<p class=\"has-black-color has-text-color\"><\/p>\n\n\n\n<p><\/p>\n","protected":false},"excerpt":{"rendered":"<p>CURSO 2025-26 Las actividades extraescolares, en horario de tarde, son gestionadas por la Asociaci\u00f3n de Padres y Madres del IES y, por tanto, las familias que son socias disfrutan de &#8230;<\/p>\n","protected":false},"author":3,"featured_media":0,"parent":650,"menu_order":0,"comment_status":"closed","ping_status":"closed","template":"","meta":{"footnotes":""},"folder":[],"class_list":["post-702","page","type-page","status-publish","hentry"],"rttpg_featured_image_url":null,"rttpg_author":{"display_name":"ies.lasencinas.villanuevadelacanada","author_link":"https:\/\/site.educa.madrid.org\/ies.lasencinas.villanuevadelacanada\/index.php\/author\/cuenta_ies-lasencinas-villanuevadelacanada\/"},"rttpg_comment":0,"rttpg_category":false,"rttpg_excerpt":"CURSO 2025-26 Las actividades extraescolares, en horario de tarde, son gestionadas por la Asociaci\u00f3n de Padres y Madres del IES y, por tanto, las familias que son socias disfrutan de ...","post_mailing_queue_ids":[],"_links":{"self":[{"href":"https:\/\/site.educa.madrid.org\/ies.lasencinas.villanuevadelacanada\/index.php\/wp-json\/wp\/v2\/pages\/702","targetHints":{"allow":["GET"]}}],"collection":[{"href":"https:\/\/site.educa.madrid.org\/ies.lasencinas.villanuevadelacanada\/index.php\/wp-json\/wp\/v2\/pages"}],"about":[{"href":"https:\/\/site.educa.madrid.org\/ies.lasencinas.villanuevadelacanada\/index.php\/wp-json\/wp\/v2\/types\/page"}],"author":[{"embeddable":true,"href":"https:\/\/site.educa.madrid.org\/ies.lasencinas.villanuevadelacanada\/index.php\/wp-json\/wp\/v2\/users\/3"}],"replies":[{"embeddable":true,"href":"https:\/\/site.educa.madrid.org\/ies.lasencinas.villanuevadelacanada\/index.php\/wp-json\/wp\/v2\/comments?post=702"}],"version-history":[{"count":11,"href":"https:\/\/site.educa.madrid.org\/ies.lasencinas.villanuevadelacanada\/index.php\/wp-json\/wp\/v2\/pages\/702\/revisions"}],"predecessor-version":[{"id":3818,"href":"https:\/\/site.educa.madrid.org\/ies.lasencinas.villanuevadelacanada\/index.php\/wp-json\/wp\/v2\/pages\/702\/revisions\/3818"}],"up":[{"embeddable":true,"href":"https:\/\/site.educa.madrid.org\/ies.lasencinas.villanuevadelacanada\/index.php\/wp-json\/wp\/v2\/pages\/650"}],"wp:attachment":[{"href":"https:\/\/site.educa.madrid.org\/ies.lasencinas.villanuevadelacanada\/index.php\/wp-json\/wp\/v2\/media?parent=702"}],"wp:term":[{"taxonomy":"folder","embeddable":true,"href":"https:\/\/site.educa.madrid.org\/ies.lasencinas.villanuevadelacanada\/index.php\/wp-json\/wp\/v2\/folder?post=702"}],"curies":[{"name":"wp","href":"https:\/\/api.w.org\/{rel}","templated":true}]}}