{"id":703,"date":"2022-09-19T16:13:54","date_gmt":"2022-09-19T14:13:54","guid":{"rendered":"https:\/\/site.educa.madrid.org\/ies.lasencinas.villanuevadelacanada\/?page_id=703"},"modified":"2025-11-07T11:31:45","modified_gmt":"2025-11-07T10:31:45","slug":"programa-accede","status":"publish","type":"page","link":"https:\/\/site.educa.madrid.org\/ies.lasencinas.villanuevadelacanada\/index.php\/servicios\/programa-accede\/","title":{"rendered":"Programa Accede"},"content":{"rendered":"\n<div class=\"wp-block-columns is-layout-flex wp-container-core-columns-is-layout-9d6595d7 wp-block-columns-is-layout-flex\">\n<div class=\"wp-block-column is-vertically-aligned-center is-layout-flow wp-block-column-is-layout-flow\">\n<div class=\"wp-block-columns is-layout-flex wp-container-core-columns-is-layout-9d6595d7 wp-block-columns-is-layout-flex\">\n<div class=\"wp-block-column is-vertically-aligned-center is-layout-flow wp-block-column-is-layout-flow\" style=\"flex-basis:66.66%\"><div class=\"wp-block-image\">\n<figure class=\"alignright size-full is-resized\"><img loading=\"lazy\" decoding=\"async\" width=\"1060\" height=\"159\" src=\"https:\/\/site.educa.madrid.org\/ies.lasencinas.villanuevadelacanada\/\/wp-content\/uploads\/ies.lasencinas.villanuevadelacanada\/2023\/02\/ProgramaACCEDE11.png\" alt=\"\" class=\"wp-image-1824\" style=\"width:407px;height:61px\" srcset=\"https:\/\/site.educa.madrid.org\/ies.lasencinas.villanuevadelacanada\/\/wp-content\/uploads\/ies.lasencinas.villanuevadelacanada\/2023\/02\/ProgramaACCEDE11.png 1060w, https:\/\/site.educa.madrid.org\/ies.lasencinas.villanuevadelacanada\/\/wp-content\/uploads\/ies.lasencinas.villanuevadelacanada\/2023\/02\/ProgramaACCEDE11-300x45.png 300w, https:\/\/site.educa.madrid.org\/ies.lasencinas.villanuevadelacanada\/\/wp-content\/uploads\/ies.lasencinas.villanuevadelacanada\/2023\/02\/ProgramaACCEDE11-1024x154.png 1024w, https:\/\/site.educa.madrid.org\/ies.lasencinas.villanuevadelacanada\/\/wp-content\/uploads\/ies.lasencinas.villanuevadelacanada\/2023\/02\/ProgramaACCEDE11-768x115.png 768w\" sizes=\"auto, (max-width: 1060px) 100vw, 1060px\" \/><\/figure>\n<\/div><\/div>\n\n\n\n<div class=\"wp-block-column is-vertically-aligned-center is-layout-flow wp-block-column-is-layout-flow\" style=\"flex-basis:33.33%\"><div class=\"wp-block-image\">\n<figure class=\"alignleft size-full is-resized\"><img loading=\"lazy\" decoding=\"async\" width=\"1200\" height=\"1559\" src=\"https:\/\/site.educa.madrid.org\/ies.lasencinas.villanuevadelacanada\/\/wp-content\/uploads\/ies.lasencinas.villanuevadelacanada\/2023\/02\/Logotipo_del_Gobierno_de_la_Comunidad_de_Madrid.svg_.png\" alt=\"\" class=\"wp-image-1821\" style=\"width:73px;height:95px\" srcset=\"https:\/\/site.educa.madrid.org\/ies.lasencinas.villanuevadelacanada\/\/wp-content\/uploads\/ies.lasencinas.villanuevadelacanada\/2023\/02\/Logotipo_del_Gobierno_de_la_Comunidad_de_Madrid.svg_.png 1200w, https:\/\/site.educa.madrid.org\/ies.lasencinas.villanuevadelacanada\/\/wp-content\/uploads\/ies.lasencinas.villanuevadelacanada\/2023\/02\/Logotipo_del_Gobierno_de_la_Comunidad_de_Madrid.svg_-231x300.png 231w, https:\/\/site.educa.madrid.org\/ies.lasencinas.villanuevadelacanada\/\/wp-content\/uploads\/ies.lasencinas.villanuevadelacanada\/2023\/02\/Logotipo_del_Gobierno_de_la_Comunidad_de_Madrid.svg_-788x1024.png 788w, https:\/\/site.educa.madrid.org\/ies.lasencinas.villanuevadelacanada\/\/wp-content\/uploads\/ies.lasencinas.villanuevadelacanada\/2023\/02\/Logotipo_del_Gobierno_de_la_Comunidad_de_Madrid.svg_-768x998.png 768w, https:\/\/site.educa.madrid.org\/ies.lasencinas.villanuevadelacanada\/\/wp-content\/uploads\/ies.lasencinas.villanuevadelacanada\/2023\/02\/Logotipo_del_Gobierno_de_la_Comunidad_de_Madrid.svg_-1182x1536.png 1182w\" sizes=\"auto, (max-width: 1200px) 100vw, 1200px\" \/><\/figure>\n<\/div><\/div>\n<\/div>\n<\/div>\n<\/div>\n\n\n\n<p class=\"has-black-color has-text-color\"><strong>Programa ACCEDE<\/strong> de la Comunidad de Madrid: implantaci\u00f3n del programa de pr\u00e9stamo de libros de texto y material did\u00e1ctico. LEGISLACI\u00d3N: ley 7\/2017 de 27 junio y modificada por la ley 10\/2017 del 31 de octubre.<\/p>\n\n\n\n<p class=\"has-black-color has-text-color\"><strong>EN QU\u00c9 CONSISTE<\/strong>: El programa se inici\u00f3 el curso <strong>2019\/20<\/strong> como <strong>intercambio de libros<\/strong> para crear un <strong>BANCO DE LIBROS<\/strong> que pueda cubrir las necesidades de todos los alumnos de ESO y FPB que lo soliciten. Por tanto, tiene car\u00e1cter <strong>voluntario<\/strong>.<\/p>\n\n\n\n<p class=\"has-black-color has-light-green-cyan-background-color has-text-color has-background\"><strong>C\u00d3MO PARTICIPAR<\/strong>:<\/p>\n\n\n\n<p class=\"has-black-color has-text-color\">1. Los alumnos que hayan estado matriculados en el IES Las Encinas este curso acad\u00e9mico <strong>DEBER\u00c1N ENTREGAR LOS LIBROS UTILIZADOS<\/strong>, tanto si ya les fueron prestados por ACCEDE (devoluci\u00f3n) como <strong>SI DESEAN ADHERIRSE AL PROGRAMA<\/strong> (donaci\u00f3n), de acuerdo con el CALENDARIO que se establezca en los \u00faltimos d\u00edas de curso<strong>. <\/strong>Unos y otros recibir\u00e1n un <strong>certificado de devoluci\u00f3n o de donaci\u00f3n<\/strong> de libros, seg\u00fan el caso, que deber\u00e1n hacernos llegar a accede@ieslasencinas.es. Los alumnos de <strong>nueva adhesi\u00f3n<\/strong> deber\u00e1n aportar tambi\u00e9n el <a href=\"https:\/\/drive.google.com\/file\/d\/1GjaJlbmgjQfkMSqQXqmSdu4McJndgMi7\/view?usp=sharing\" target=\"_blank\" rel=\"noreferrer noopener\"><strong>ANEXO I <\/strong><\/a>de adhesi\u00f3n.<\/p>\n\n\n\n<p class=\"has-black-color has-text-color\">Los alumnos <strong>procedentes de OTROS CENTROS<\/strong> deber\u00e1n aportar (en el correo accede@ieslasencinas.es), un <strong>CERTIFICADO<\/strong> de su centro de procedencia en el que conste la entrega del lote de libros del curso finalizado, m\u00e1s el Anexo I de adhesi\u00f3n.<\/p>\n\n\n\n<p class=\"has-black-color has-text-color\">2. Una vez enviados los documentos solicitados, la familia de <strong>nueva adhesi\u00f3n<\/strong> deber\u00e1 depositar una <strong>fianza de 60\u20ac por lote<\/strong> en el n\u00famero de cuenta que se le facilitar\u00e1, y mandar al mencionado correo el justificante de ingreso. La fianza quedar\u00e1 en dep\u00f3sito para el pr\u00e9stamo en cursos posteriores.<\/p>\n\n\n\n<p class=\"has-black-color has-text-color\">Una vez <strong>finalizada la participaci\u00f3n en el programa<\/strong> (cuando el alumno finalice 4\u00ba ESO, FPB2, no quiera continuar en el Programa ACCEDE o cambie de centro), siempre que entregue el material prestado en perfecto estado de conservaci\u00f3n, se har\u00e1 el <strong>reintegro de la fianza.<\/strong> Para ello, la familia enviar\u00e1 el certificado de devoluci\u00f3n de los libros, m\u00e1s los datos bancarios correspondientes (nombre y apellidos y DNI del titular de la cuenta, iban y n\u00famero de cuenta) al correo accede.<\/p>\n\n\n\n<p class=\"has-black-color has-text-color\">3. No ser\u00e1n v\u00e1lidos los libros de texto que no est\u00e9n en <strong>buen estado <\/strong>(en el caso de nuevas adhesiones) o en el estado en que se recibieron. Se considerar\u00e1n los siguientes puntos para su valoraci\u00f3n: <strong>estado general de las tapas; dibujos, subrayados, ejercicios resueltos; hojas rotas o arrancadas; libro deteriorado por la humedad<\/strong>.<\/p>\n\n\n\n<p class=\"has-black-color has-text-color\">(Enlace a la <strong><a rel=\"noreferrer noopener\" href=\"http:\/\/www.google.com\/url?q=http%3A%2F%2Fwww.madrid.org%2Fbvirtual%2FBVCM016390.pdf&amp;sa=D&amp;sntz=1&amp;usg=AOvVaw277gpR4HPKPn6qWRxdIoaQ\" target=\"_blank\">Gu\u00eda de cuidado y mantenimiento<\/a> <\/strong>de libros, editada por la Comunidad de Madrid: p. 9, punto 5, recomendaciones para las familias; p. 10, punto 6, recomendaciones para los alumnos)<\/p>\n\n\n\n<p class=\"has-black-color has-text-color\">4. <strong>En caso de que alg\u00fan libro se pierda o se devuelva en mal estado al finalizar el curso correspondiente, el alumno quedar\u00e1 obligado a su<\/strong> <strong>reposici\u00f3n<\/strong>. <strong>El incumplimiento de esta obligaci\u00f3n supondr\u00e1 la p\u00e9rdida de la fianza, as\u00ed como la inhabilitaci\u00f3n para recibir nuevos materiales en pr\u00e9stamo para el siguiente curso.<\/strong><\/p>\n\n\n\n<p class=\"has-black-color has-text-color\">En SEPTIEMBRE se entregar\u00e1 a cada alumno adherido el <strong>lote correspondiente<\/strong> de los libros, EXCEPTO LOS CUADERNILLOS DE IDIOMAS (workbook y cahier d&#8217;activit\u00e9s), LECTURAS Y LIBROS ESPEC\u00cdFICOS como <em>Grammaire<\/em> francesa o de preparaci\u00f3n del DELF, que no se  contemplan en el programa de pr\u00e9stamo.<\/p>\n\n\n\n<p class=\"has-black-color has-light-green-cyan-background-color has-text-color has-background\"><strong>I<\/strong><strong>NSTRUCCIONES PRINCIPIOS DE CURSO, de obligado cumplimiento:<\/strong><\/p>\n\n\n\n<p class=\"has-black-color has-text-color\"><strong>&#8211;<\/strong><strong>Forrado <\/strong>de cada uno de los libros recibidos con forro no adhesivo, en caso de que no lo reciba ya forrado.<\/p>\n\n\n\n<p class=\"has-black-color has-text-color\">-Nombre y apellidos del alumno <strong>en el forro<\/strong>, nunca sobre el propio libro.<\/p>\n\n\n\n<p class=\"has-black-color has-text-color\">-Las pegatinas con el c\u00f3digo ACCEDE van a asociadas al alumno al que se presta el libro; por lo tanto, NO se pueden manipular ni mucho menos arrancar.<\/p>\n\n\n\n<p class=\"has-black-color has-text-color\">-El alumno se COMPROMETE a <strong>no dejar NUNCA los libros prestados en el aula,<\/strong> deber\u00e1 <strong>llevarlos consigo<\/strong> al finalizar la jornada lectiva.<\/p>\n\n\n\n<p class=\"has-black-color has-text-color\">Si se advierte que hay libros ACCEDE en las aulas, el alumno responsable causar\u00e1 BAJA en el programa sin derecho a devoluci\u00f3n de la fianza, al considerarse dejaci\u00f3n en sus funciones y su compromiso.<\/p>\n\n\n\n<p class=\"has-black-color has-cyan-bluish-gray-background-color has-text-color has-background has-small-font-size\"><strong>-Para entrega de Anexo I y certificados de entrega de lotes en caso de nueva adhesi\u00f3n, bajas en el programa, dudas o consultas o cualquier cuesti\u00f3n relacionada con el funcionamiento ACCEDE, en el correo accede@ieslasencinas.es.<\/strong><\/p>\n\n\n\n<p><\/p>\n","protected":false},"excerpt":{"rendered":"<p>Programa ACCEDE de la Comunidad de Madrid: implantaci\u00f3n del programa de pr\u00e9stamo de libros de texto y material did\u00e1ctico. LEGISLACI\u00d3N: ley 7\/2017 de 27 junio y modificada por la ley &#8230;<\/p>\n","protected":false},"author":3,"featured_media":0,"parent":650,"menu_order":0,"comment_status":"closed","ping_status":"closed","template":"","meta":{"footnotes":""},"folder":[],"class_list":["post-703","page","type-page","status-publish","hentry"],"rttpg_featured_image_url":null,"rttpg_author":{"display_name":"ies.lasencinas.villanuevadelacanada","author_link":"https:\/\/site.educa.madrid.org\/ies.lasencinas.villanuevadelacanada\/index.php\/author\/cuenta_ies-lasencinas-villanuevadelacanada\/"},"rttpg_comment":0,"rttpg_category":false,"rttpg_excerpt":"Programa ACCEDE de la Comunidad de Madrid: implantaci\u00f3n del programa de pr\u00e9stamo de libros de texto y material did\u00e1ctico. LEGISLACI\u00d3N: ley 7\/2017 de 27 junio y modificada por la ley ...","post_mailing_queue_ids":[],"_links":{"self":[{"href":"https:\/\/site.educa.madrid.org\/ies.lasencinas.villanuevadelacanada\/index.php\/wp-json\/wp\/v2\/pages\/703","targetHints":{"allow":["GET"]}}],"collection":[{"href":"https:\/\/site.educa.madrid.org\/ies.lasencinas.villanuevadelacanada\/index.php\/wp-json\/wp\/v2\/pages"}],"about":[{"href":"https:\/\/site.educa.madrid.org\/ies.lasencinas.villanuevadelacanada\/index.php\/wp-json\/wp\/v2\/types\/page"}],"author":[{"embeddable":true,"href":"https:\/\/site.educa.madrid.org\/ies.lasencinas.villanuevadelacanada\/index.php\/wp-json\/wp\/v2\/users\/3"}],"replies":[{"embeddable":true,"href":"https:\/\/site.educa.madrid.org\/ies.lasencinas.villanuevadelacanada\/index.php\/wp-json\/wp\/v2\/comments?post=703"}],"version-history":[{"count":16,"href":"https:\/\/site.educa.madrid.org\/ies.lasencinas.villanuevadelacanada\/index.php\/wp-json\/wp\/v2\/pages\/703\/revisions"}],"predecessor-version":[{"id":4227,"href":"https:\/\/site.educa.madrid.org\/ies.lasencinas.villanuevadelacanada\/index.php\/wp-json\/wp\/v2\/pages\/703\/revisions\/4227"}],"up":[{"embeddable":true,"href":"https:\/\/site.educa.madrid.org\/ies.lasencinas.villanuevadelacanada\/index.php\/wp-json\/wp\/v2\/pages\/650"}],"wp:attachment":[{"href":"https:\/\/site.educa.madrid.org\/ies.lasencinas.villanuevadelacanada\/index.php\/wp-json\/wp\/v2\/media?parent=703"}],"wp:term":[{"taxonomy":"folder","embeddable":true,"href":"https:\/\/site.educa.madrid.org\/ies.lasencinas.villanuevadelacanada\/index.php\/wp-json\/wp\/v2\/folder?post=703"}],"curies":[{"name":"wp","href":"https:\/\/api.w.org\/{rel}","templated":true}]}}