{"id":721,"date":"2022-09-19T16:28:05","date_gmt":"2022-09-19T14:28:05","guid":{"rendered":"https:\/\/site.educa.madrid.org\/ies.lasencinas.villanuevadelacanada\/?page_id=721"},"modified":"2024-12-12T20:02:29","modified_gmt":"2024-12-12T19:02:29","slug":"centros-activos-y-saludables","status":"publish","type":"page","link":"https:\/\/site.educa.madrid.org\/ies.lasencinas.villanuevadelacanada\/index.php\/proyectos\/centros-activos-y-saludables\/","title":{"rendered":"Centros Activos y Saludables"},"content":{"rendered":"\n<p class=\"has-black-color has-text-color has-link-color wp-elements-78b4db26bc404f0231734dc90734643c\">El curso 2021-22 nos sum\u00e1bamos al reto planteado por el programa Centros Activos y Saludables de la Comunidad de Madrid.<\/p>\n\n\n<div class=\"wp-block-image\">\n<figure class=\"alignright size-full\"><img loading=\"lazy\" decoding=\"async\" width=\"251\" height=\"133\" src=\"https:\/\/site.educa.madrid.org\/ies.lasencinas.villanuevadelacanada\/\/wp-content\/uploads\/ies.lasencinas.villanuevadelacanada\/2023\/07\/des.jpg\" alt=\"\" class=\"wp-image-1903\"\/><\/figure>\n<\/div>\n\n\n<p class=\"has-black-color has-text-color has-link-color wp-elements-69504c7e5291a40d3dfc86409b360e3e\">La ONG Deporte para la Educaci\u00f3n y la Salud es la encargada de desarrollar el proyecto mediante la adaptaci\u00f3n del programa Colegios Comprometidos con el Deporte y la Salud, as\u00ed como de los resultados del proyecto europeo HEPAS (Healthy and Physical Active Schools). Todo ello aunado a la estructura y requisitos de la formaci\u00f3n y desarrollo de proyectos de la Consejer\u00eda de Educaci\u00f3n de la Comunidad de Madrid.<\/p>\n\n\n\n<p class=\"has-black-color has-text-color has-link-color wp-elements-a40d08dcd780dde1032fd6503f701c47\">La iniciativa marca como objetivo fomentar entre el alumnado <strong>estilos de vida saludables y promover alternativas de ocio,<\/strong> a trav\u00e9s de propuestas conjuntas por parte de todo el profesorado en colaboraci\u00f3n con las familias. De esta manera se pretende transformar los centros educativos para proporcionar la ense\u00f1anza de competencias en estilos de vida saludable de manera integrada en la vida cotidiana en el centro, mediante actividades que pueden involucrar a diferentes materias curriculares y extra-curriculares del centro educativo.<\/p>\n\n\n\n<p class=\"has-black-color has-text-color has-link-color wp-elements-4442475dde363f0679ac4d8bfb28b0d1\"><strong>OBJETIVOS<\/strong><\/p>\n\n\n\n<p class=\"has-black-color has-text-color has-link-color wp-elements-50acd7093171662095012a2611a2b1bb\">1. Contribuir en la lucha contra el sedentarismo, la obesidad y los problemas que de ellos se derivan, en los menores.<\/p>\n\n\n\n<p class=\"has-black-color has-text-color has-link-color wp-elements-a72f89ed6d4f0673b63a2f11d33cac8f\">2. Realizar cambios en Proyecto Educativo.<\/p>\n\n\n\n<p class=\"has-black-color has-text-color has-link-color wp-elements-1a8c6b723af44973ac4a84cfb99bc668\">3. Convertir nuestro IES en un centro promotor de salud y educador en estilos de vida saludables.<\/p>\n\n\n\n<p class=\"has-black-color has-text-color has-link-color wp-elements-3c6bafb1260b9260e12d3e81d8a50902\">-Con acciones dirigidas a toda la comunidad educativa, y aprovechando al m\u00e1ximo los recursos disponibles.<\/p>\n\n\n\n<p class=\"has-black-color has-text-color has-link-color wp-elements-75ef49e2783d1e38a2791e66574d3b25\">-Mejora del clima interno y de los resultados acad\u00e9micos.<\/p>\n\n\n\n<p class=\"has-black-color has-text-color has-link-color wp-elements-74888d82fdb40e6409b48e58d68ceabe\">4.Colaborar en el Plan Estrat\u00e9gico de Salud Escolar, para formar parte de la Red Estatal de Escuelas Promotoras de la Salud.<\/p>\n\n\n<div class=\"wp-block-image\">\n<figure class=\"alignleft size-full is-resized\"><img loading=\"lazy\" decoding=\"async\" width=\"768\" height=\"838\" src=\"https:\/\/site.educa.madrid.org\/ies.lasencinas.villanuevadelacanada\/\/wp-content\/uploads\/ies.lasencinas.villanuevadelacanada\/2023\/07\/Programa-frutas.png\" alt=\"\" class=\"wp-image-1901\" style=\"width:225px;height:245px\" srcset=\"https:\/\/site.educa.madrid.org\/ies.lasencinas.villanuevadelacanada\/\/wp-content\/uploads\/ies.lasencinas.villanuevadelacanada\/2023\/07\/Programa-frutas.png 768w, https:\/\/site.educa.madrid.org\/ies.lasencinas.villanuevadelacanada\/\/wp-content\/uploads\/ies.lasencinas.villanuevadelacanada\/2023\/07\/Programa-frutas-275x300.png 275w\" sizes=\"auto, (max-width: 768px) 100vw, 768px\" \/><\/figure>\n<\/div>\n\n\n<p class=\"has-black-color has-text-color has-link-color wp-elements-988957e7e900584f08edf0b621e52a8a\"><strong>ALGUNOS DATOS DE INTER\u00c9S<\/strong><\/p>\n\n\n\n<ul class=\"wp-block-list\">\n<li>M\u00e1s de 60 min.de actividad f\u00edsica al d\u00eda proporciona beneficios adicionales para la salud.<\/li>\n\n\n\n<li>Un m\u00ednimo de 3 veces\/semana, sobre todo de actividad aer\u00f3bica genera el fortalecimiento de m\u00fasculos y huesos.<\/li>\n\n\n\n<li>Un 20% de adolescentes sufre sobrepeso u obesidad.<\/li>\n\n\n\n<li>La inactividad afecta al 80% de los menores.<\/li>\n\n\n\n<li>Cinco de cada seis de los principales factores de riesgo de enfermedades cr\u00f3nicas est\u00e1n directamente relacionadas con la falta de actividad f\u00edsica y con unos h\u00e1bitos de alimentaci\u00f3n inadecuada.<\/li>\n<\/ul>\n\n\n<div class=\"wp-block-image\">\n<figure class=\"alignright size-large is-resized\"><img loading=\"lazy\" decoding=\"async\" width=\"1024\" height=\"1024\" src=\"https:\/\/site.educa.madrid.org\/ies.lasencinas.villanuevadelacanada\/\/wp-content\/uploads\/ies.lasencinas.villanuevadelacanada\/2023\/10\/Logo-CAS-1024x1024.jpg\" alt=\"\" class=\"wp-image-2390\" style=\"width:232px;height:232px\" srcset=\"https:\/\/site.educa.madrid.org\/ies.lasencinas.villanuevadelacanada\/\/wp-content\/uploads\/ies.lasencinas.villanuevadelacanada\/2023\/10\/Logo-CAS-1024x1024.jpg 1024w, https:\/\/site.educa.madrid.org\/ies.lasencinas.villanuevadelacanada\/\/wp-content\/uploads\/ies.lasencinas.villanuevadelacanada\/2023\/10\/Logo-CAS-300x300.jpg 300w, https:\/\/site.educa.madrid.org\/ies.lasencinas.villanuevadelacanada\/\/wp-content\/uploads\/ies.lasencinas.villanuevadelacanada\/2023\/10\/Logo-CAS-150x150.jpg 150w, https:\/\/site.educa.madrid.org\/ies.lasencinas.villanuevadelacanada\/\/wp-content\/uploads\/ies.lasencinas.villanuevadelacanada\/2023\/10\/Logo-CAS-768x768.jpg 768w, https:\/\/site.educa.madrid.org\/ies.lasencinas.villanuevadelacanada\/\/wp-content\/uploads\/ies.lasencinas.villanuevadelacanada\/2023\/10\/Logo-CAS-1536x1536.jpg 1536w, https:\/\/site.educa.madrid.org\/ies.lasencinas.villanuevadelacanada\/\/wp-content\/uploads\/ies.lasencinas.villanuevadelacanada\/2023\/10\/Logo-CAS.jpg 1563w\" sizes=\"auto, (max-width: 1024px) 100vw, 1024px\" \/><\/figure>\n<\/div>\n\n\n<p class=\"has-black-color has-text-color has-link-color wp-elements-de4a84f8b1e19ed80a8ff7a11dc77a30\"><strong>CURSO 2022-23<\/strong> <strong>Y OBTENCI\u00d3N DEL SELLO EN 2023-24<\/strong><\/p>\n\n\n\n<p class=\"has-black-color has-text-color has-link-color wp-elements-2eb1f3a03371c51308ed535fce250686\">Una vez superado el segundo a\u00f1o en el programa, \u00a1conseguimos el NIVEL PLATA!<\/p>\n\n\n\n<p class=\"has-black-color has-text-color has-link-color wp-elements-685b3d16835295e05751a34197ea73ce\">El compromiso del curso 2023-24, tercer a\u00f1o en el programa, ha sido continuar promoviendo los h\u00e1bitos saludables, tanto en lo referente a nutrici\u00f3n (con nuestra FERIA, organizada por el departamento de Educaci\u00f3n F\u00edsica y con la participaci\u00f3n, ya tradicional, en el Programa de consumo de Frutas de la Uni\u00f3n Europea) como en lo relativo, por supuesto, al deporte&#8230; Este curso, por otro lado, nos adentramos en el proyecto <strong>Moving Schools Challenger<\/strong>, la excusa perfecta para movernos m\u00e1s y mejor. M\u00e1s informaci\u00f3n, en este <strong><a href=\"https:\/\/www.educacondeporte.org\/msc\/#:~:text=The%20Moving%20Schools%20Challenger%20(hereinafter,the%20activity%20level%20of%20kids.\">enlace.<\/a><\/strong><\/p>\n\n\n\n<p class=\"has-black-color has-text-color has-link-color wp-elements-eadc2b473863ca136d7348d36600d4e1\">Y lleg\u00f3 el reconocimiento al esfuerzo y la persistencia&#8230;, con la obtenci\u00f3n del<strong> sello \u00abCentro Activo y Saludable de la Comunidad de Madrid\u00bb<\/strong>, que ahora luce en el vest\u00edbulo de nuestro IES como recordatorio de la importancia que otorgamos al fomento del ejercicio f\u00edsico y el cuidado de la alimentaci\u00f3n por parte de toda la comunidad educativa de Las Encinas.<\/p>\n","protected":false},"excerpt":{"rendered":"<p>El curso 2021-22 nos sum\u00e1bamos al reto planteado por el programa Centros Activos y Saludables de la Comunidad de Madrid. La ONG Deporte para la Educaci\u00f3n y la Salud es &#8230;<\/p>\n","protected":false},"author":3,"featured_media":0,"parent":652,"menu_order":0,"comment_status":"closed","ping_status":"closed","template":"","meta":{"footnotes":""},"folder":[],"class_list":["post-721","page","type-page","status-publish","hentry"],"rttpg_featured_image_url":null,"rttpg_author":{"display_name":"ies.lasencinas.villanuevadelacanada","author_link":"https:\/\/site.educa.madrid.org\/ies.lasencinas.villanuevadelacanada\/index.php\/author\/cuenta_ies-lasencinas-villanuevadelacanada\/"},"rttpg_comment":0,"rttpg_category":false,"rttpg_excerpt":"El curso 2021-22 nos sum\u00e1bamos al reto planteado por el programa Centros Activos y Saludables de la Comunidad de Madrid. La ONG Deporte para la Educaci\u00f3n y la Salud es ...","post_mailing_queue_ids":[],"_links":{"self":[{"href":"https:\/\/site.educa.madrid.org\/ies.lasencinas.villanuevadelacanada\/index.php\/wp-json\/wp\/v2\/pages\/721","targetHints":{"allow":["GET"]}}],"collection":[{"href":"https:\/\/site.educa.madrid.org\/ies.lasencinas.villanuevadelacanada\/index.php\/wp-json\/wp\/v2\/pages"}],"about":[{"href":"https:\/\/site.educa.madrid.org\/ies.lasencinas.villanuevadelacanada\/index.php\/wp-json\/wp\/v2\/types\/page"}],"author":[{"embeddable":true,"href":"https:\/\/site.educa.madrid.org\/ies.lasencinas.villanuevadelacanada\/index.php\/wp-json\/wp\/v2\/users\/3"}],"replies":[{"embeddable":true,"href":"https:\/\/site.educa.madrid.org\/ies.lasencinas.villanuevadelacanada\/index.php\/wp-json\/wp\/v2\/comments?post=721"}],"version-history":[{"count":8,"href":"https:\/\/site.educa.madrid.org\/ies.lasencinas.villanuevadelacanada\/index.php\/wp-json\/wp\/v2\/pages\/721\/revisions"}],"predecessor-version":[{"id":4202,"href":"https:\/\/site.educa.madrid.org\/ies.lasencinas.villanuevadelacanada\/index.php\/wp-json\/wp\/v2\/pages\/721\/revisions\/4202"}],"up":[{"embeddable":true,"href":"https:\/\/site.educa.madrid.org\/ies.lasencinas.villanuevadelacanada\/index.php\/wp-json\/wp\/v2\/pages\/652"}],"wp:attachment":[{"href":"https:\/\/site.educa.madrid.org\/ies.lasencinas.villanuevadelacanada\/index.php\/wp-json\/wp\/v2\/media?parent=721"}],"wp:term":[{"taxonomy":"folder","embeddable":true,"href":"https:\/\/site.educa.madrid.org\/ies.lasencinas.villanuevadelacanada\/index.php\/wp-json\/wp\/v2\/folder?post=721"}],"curies":[{"name":"wp","href":"https:\/\/api.w.org\/{rel}","templated":true}]}}