{"id":723,"date":"2022-09-19T16:28:31","date_gmt":"2022-09-19T14:28:31","guid":{"rendered":"https:\/\/site.educa.madrid.org\/ies.lasencinas.villanuevadelacanada\/?page_id=723"},"modified":"2026-02-26T12:46:27","modified_gmt":"2026-02-26T11:46:27","slug":"las-encinas-participa","status":"publish","type":"page","link":"https:\/\/site.educa.madrid.org\/ies.lasencinas.villanuevadelacanada\/index.php\/proyectos\/las-encinas-participa\/","title":{"rendered":"Las Encinas Participa"},"content":{"rendered":"\n<p class=\"has-black-color has-text-color has-link-color wp-elements-486c795b1e1d8bdd09140dda2a995984\">A ra\u00edz de un seminario sobre convivencia, durante el curso 2019\/20, surge <em>Las Encinas Participa<\/em>, un <strong>proyecto para la mejora de la convivencia <\/strong>en nuestro centro, entre las que incluimos el <strong>aprendizaje cooperativo y la participaci\u00f3n<\/strong>, que dan una respuesta a necesidades que tenemos en nuestra pr\u00e1ctica diaria: la <strong>atenci\u00f3n a la diversidad, la integraci\u00f3n<\/strong> educativa y social, la educaci\u00f3n en y para el conflicto, la mejora del clima de convivencia en nuestras aulas y en el centro, la <strong>educaci\u00f3n en valores<\/strong>, la presentaci\u00f3n de modelos de conducta positivos&#8230;<\/p>\n\n\n\n<p class=\"has-black-color has-text-color has-link-color wp-elements-917af3d10a2e3b4af7e9f2f1c6c35b15\">La potenciaci\u00f3n de la ayuda entre iguales y la participaci\u00f3n en la vida del centro da cumplimiento a las demandas educativas que nos marca la legislaci\u00f3n educativa actual. En nuestras aulas cada vez existe una mayor diversidad de alumnado: alumnado con grave retraso en su aprendizaje, con grave riesgo de abandono, de diferente clase social, cultura, necesidades educativas especiales o espec\u00edficas&#8230;; que plantean un reto al profesorado. El aprendizaje cooperativo demuestra en la pr\u00e1ctica ser una herramienta eficaz para romper el bloqueo de los que est\u00e1n \u201caltamente motivados a no aprender\u201d, para mejorar el clima de convivencia, cooperaci\u00f3n e inter\u00e9s por el aprendizaje y la superaci\u00f3n de las dificultades de todos. Fomentar la participaci\u00f3n del alumnado en el centro es un buen recurso para, progresivamente, mejorar la atenci\u00f3n a la diversidad en las aulas y mejorar el aprendizaje, adem\u00e1s de potenciar una convivencia adecuada en el mismo.<\/p>\n\n\n\n<p class=\"has-black-color has-text-color has-link-color wp-elements-1dd78f199d7d92278cd161873e7b7963\">Las v\u00edas de participaci\u00f3n entre iguales que vayamos generando con el desarrollo del proyecto contribuir\u00e1n al desarrollo de estas competencias y a la mejora de la participaci\u00f3n real e integraci\u00f3n del alumnado en el centro.<\/p>\n\n\n\n<p class=\"has-black-color has-text-color has-link-color wp-elements-48a5c5b48df7cc711f8707612d564198\">DESTINATARIOS: todos los alumnos de ESO, Bachillerato y FP.<\/p>\n\n\n\n<p class=\"has-black-color has-text-color has-link-color wp-elements-7316b9a886f0dfb53d9fe8aae3b8c0e7\">PROCEDIMIENTO:<\/p>\n\n\n\n<p class=\"has-black-color has-text-color has-link-color wp-elements-0c72065650a003b884e3ada13735023c\">. Elecci\u00f3n del alumnado Participante por sus propios compa\u00f1eros, tras trabajar en tutor\u00eda el perfil adecuado.<\/p>\n\n\n\n<p class=\"has-black-color has-text-color has-link-color wp-elements-5700e82452c7fe973aa6470ad24afacf\">. Equipo de apoyo al Alumnado Participante: profesores encargados de la organizaci\u00f3n y temporalizaci\u00f3n de las actividades.<\/p>\n\n\n\n<p class=\"has-black-color has-text-color has-link-color wp-elements-7465485dcef7a0507447f067342c93d2\">. Formaci\u00f3n del Alumnado Participante, a cargo del equipo de Orientaci\u00f3n.<\/p>\n\n\n\n<p class=\"has-black-color has-text-color has-link-color wp-elements-6f9e94ae76ba39e393b8c205db067332\">. Reuniones peri\u00f3dicas.<\/p>\n\n\n\n<p class=\"has-black-color has-text-color has-link-color wp-elements-1e25e642337db6efbb7e5b5a4acb09e3\">. Algunas actividades habituales: D\u00eda de la Eliminaci\u00f3n de la Violencia de G\u00e9nero, actividades solidarias (Operaci\u00f3n Kilo, venta de dulces o Mi\u00e9rcoles Solidarios, recaudaci\u00f3n de fondos para ONG como DerMalawi, AGUA, Cris contra el c\u00e1ncer&#8230;), m\u00fasica para entrar al insti, carnaval, tapones solidarios, venta de libros, postales a los refugiados adolescentes y ni\u00f1os.<\/p>\n\n\n\n<div style=\"height:20px\" aria-hidden=\"true\" class=\"wp-block-spacer\"><\/div>\n\n\n\n<p class=\"has-text-align-center has-black-color has-light-green-cyan-background-color has-text-color has-background has-link-color has-medium-font-size wp-elements-6fdbe17c14ecd81f2545971d918ebb0f\"><strong>JORNADA \u00abMECHONES SOLIDARIOS\u00bb  25-26<\/strong><\/p>\n\n\n\n<p class=\"has-black-color has-text-color has-link-color wp-elements-1df6021ff6583b751fc2205895468c1c\">Con gran alegr\u00eda y entusiasmo vivimos el reencuentro con el personal docente y el alumnado del <strong>IES Luis Vives<\/strong>, de Legan\u00e9s, en nuestra II Jornada \u00abMechones Solidarios\u00bb, celebrada el 24 de febrero de 2026. Organizada por la responsable del proyecto \u00abLas Encinas Participa\u00bb, Raquel Vall\u00e9s, contamos tambi\u00e9n con la colaboraci\u00f3n de la exalumna <strong>Melina Jard\u00f3n<\/strong> (@melkeyframe, melinajardontsrea1.wixsite.com\/my-site-1), para la sesi\u00f3n de fotos y la elaboraci\u00f3n del v\u00eddeo que recoge la experiencia de este curso.<\/p>\n\n\n\n<div class=\"wp-block-columns is-layout-flex wp-container-core-columns-is-layout-9d6595d7 wp-block-columns-is-layout-flex\">\n<div class=\"wp-block-column is-layout-flow wp-block-column-is-layout-flow\" style=\"flex-basis:33.34%\">\n<p class=\"has-text-align-left has-black-color has-text-color has-link-color wp-elements-13744741a1fa243ac47d9f45f4a3e4dd\"><img loading=\"lazy\" decoding=\"async\" width=\"155\" height=\"232\" class=\"wp-image-4443\" style=\"width: 155px;\" src=\"https:\/\/site.educa.madrid.org\/ies.lasencinas.villanuevadelacanada\/\/wp-content\/uploads\/ies.lasencinas.villanuevadelacanada\/2026\/02\/DSC_0303-scaled.jpg\" alt=\"\" srcset=\"https:\/\/site.educa.madrid.org\/ies.lasencinas.villanuevadelacanada\/\/wp-content\/uploads\/ies.lasencinas.villanuevadelacanada\/2026\/02\/DSC_0303-scaled.jpg 1707w, https:\/\/site.educa.madrid.org\/ies.lasencinas.villanuevadelacanada\/\/wp-content\/uploads\/ies.lasencinas.villanuevadelacanada\/2026\/02\/DSC_0303-200x300.jpg 200w, https:\/\/site.educa.madrid.org\/ies.lasencinas.villanuevadelacanada\/\/wp-content\/uploads\/ies.lasencinas.villanuevadelacanada\/2026\/02\/DSC_0303-683x1024.jpg 683w, https:\/\/site.educa.madrid.org\/ies.lasencinas.villanuevadelacanada\/\/wp-content\/uploads\/ies.lasencinas.villanuevadelacanada\/2026\/02\/DSC_0303-768x1152.jpg 768w, https:\/\/site.educa.madrid.org\/ies.lasencinas.villanuevadelacanada\/\/wp-content\/uploads\/ies.lasencinas.villanuevadelacanada\/2026\/02\/DSC_0303-1024x1536.jpg 1024w, https:\/\/site.educa.madrid.org\/ies.lasencinas.villanuevadelacanada\/\/wp-content\/uploads\/ies.lasencinas.villanuevadelacanada\/2026\/02\/DSC_0303-1365x2048.jpg 1365w\" sizes=\"auto, (max-width: 155px) 100vw, 155px\" \/><\/p>\n<\/div>\n\n\n\n<div class=\"wp-block-column is-layout-flow wp-block-column-is-layout-flow\" style=\"flex-basis:33.34%\">\n<figure class=\"wp-block-image size-large\"><img loading=\"lazy\" decoding=\"async\" width=\"1024\" height=\"683\" src=\"https:\/\/site.educa.madrid.org\/ies.lasencinas.villanuevadelacanada\/\/wp-content\/uploads\/ies.lasencinas.villanuevadelacanada\/2026\/02\/DSC_0307-1024x683.jpg\" alt=\"\" class=\"wp-image-4442\" srcset=\"https:\/\/site.educa.madrid.org\/ies.lasencinas.villanuevadelacanada\/\/wp-content\/uploads\/ies.lasencinas.villanuevadelacanada\/2026\/02\/DSC_0307-1024x683.jpg 1024w, https:\/\/site.educa.madrid.org\/ies.lasencinas.villanuevadelacanada\/\/wp-content\/uploads\/ies.lasencinas.villanuevadelacanada\/2026\/02\/DSC_0307-300x200.jpg 300w, https:\/\/site.educa.madrid.org\/ies.lasencinas.villanuevadelacanada\/\/wp-content\/uploads\/ies.lasencinas.villanuevadelacanada\/2026\/02\/DSC_0307-768x512.jpg 768w, https:\/\/site.educa.madrid.org\/ies.lasencinas.villanuevadelacanada\/\/wp-content\/uploads\/ies.lasencinas.villanuevadelacanada\/2026\/02\/DSC_0307-391x260.jpg 391w, https:\/\/site.educa.madrid.org\/ies.lasencinas.villanuevadelacanada\/\/wp-content\/uploads\/ies.lasencinas.villanuevadelacanada\/2026\/02\/DSC_0307-1536x1024.jpg 1536w, https:\/\/site.educa.madrid.org\/ies.lasencinas.villanuevadelacanada\/\/wp-content\/uploads\/ies.lasencinas.villanuevadelacanada\/2026\/02\/DSC_0307-2048x1365.jpg 2048w, https:\/\/site.educa.madrid.org\/ies.lasencinas.villanuevadelacanada\/\/wp-content\/uploads\/ies.lasencinas.villanuevadelacanada\/2026\/02\/DSC_0307-272x182.jpg 272w, https:\/\/site.educa.madrid.org\/ies.lasencinas.villanuevadelacanada\/\/wp-content\/uploads\/ies.lasencinas.villanuevadelacanada\/2026\/02\/DSC_0307-360x240.jpg 360w\" sizes=\"auto, (max-width: 1024px) 100vw, 1024px\" \/><\/figure>\n<\/div>\n\n\n\n<div class=\"wp-block-column is-layout-flow wp-block-column-is-layout-flow\" style=\"flex-basis:33.33%\"><div class=\"wp-block-image\">\n<figure class=\"alignright size-large is-resized\"><img loading=\"lazy\" decoding=\"async\" width=\"683\" height=\"1024\" src=\"https:\/\/site.educa.madrid.org\/ies.lasencinas.villanuevadelacanada\/\/wp-content\/uploads\/ies.lasencinas.villanuevadelacanada\/2026\/02\/DSC_0311-683x1024.jpg\" alt=\"\" class=\"wp-image-4441\" style=\"width:140px;height:auto\" srcset=\"https:\/\/site.educa.madrid.org\/ies.lasencinas.villanuevadelacanada\/\/wp-content\/uploads\/ies.lasencinas.villanuevadelacanada\/2026\/02\/DSC_0311-683x1024.jpg 683w, https:\/\/site.educa.madrid.org\/ies.lasencinas.villanuevadelacanada\/\/wp-content\/uploads\/ies.lasencinas.villanuevadelacanada\/2026\/02\/DSC_0311-200x300.jpg 200w, https:\/\/site.educa.madrid.org\/ies.lasencinas.villanuevadelacanada\/\/wp-content\/uploads\/ies.lasencinas.villanuevadelacanada\/2026\/02\/DSC_0311-768x1152.jpg 768w, https:\/\/site.educa.madrid.org\/ies.lasencinas.villanuevadelacanada\/\/wp-content\/uploads\/ies.lasencinas.villanuevadelacanada\/2026\/02\/DSC_0311-1024x1536.jpg 1024w, https:\/\/site.educa.madrid.org\/ies.lasencinas.villanuevadelacanada\/\/wp-content\/uploads\/ies.lasencinas.villanuevadelacanada\/2026\/02\/DSC_0311-1365x2048.jpg 1365w, https:\/\/site.educa.madrid.org\/ies.lasencinas.villanuevadelacanada\/\/wp-content\/uploads\/ies.lasencinas.villanuevadelacanada\/2026\/02\/DSC_0311-scaled.jpg 1707w\" sizes=\"auto, (max-width: 683px) 100vw, 683px\" \/><\/figure>\n<\/div><\/div>\n<\/div>\n\n\n\n<p class=\"has-black-color has-text-color has-link-color wp-elements-31f47550b5257e75dcc5bbfcbf1263cd\">Despu\u00e9s de esta experiencia tan gratificante, esperamos repetir por tercera vez el pr\u00f3ximo curso. Y sobre todo, que tengamos muchas m\u00e1s melenas que donar por una buena causa.<\/p>\n\n\n\n<p class=\"has-black-color has-text-color has-link-color wp-elements-7447af78ded5e83faf1fb46c8e381932\">Aqu\u00ed os dejamos el v\u00eddeo del evento: <strong><a href=\"https:\/\/drive.google.com\/file\/d\/1EPGQiavNdaWje8Kiq0qaWSQnm0TwI266\/view?usp=drive_link\">V\u00cdDEO MECHONES SOLIDARIOS 25-26<\/a><\/strong><\/p>\n\n\n\n<p><\/p>\n\n\n\n<p class=\"has-text-align-center has-black-color has-light-green-cyan-background-color has-text-color has-background has-link-color has-medium-font-size wp-elements-ef031ccb6ab1d3046fecd18952170616\"><strong>LAS ENCINAS CON MALAWI<\/strong><\/p>\n\n\n\n<p class=\"has-black-color has-text-color has-link-color wp-elements-5dbbe755d2472c57e091006aef258284\">El proyecto Las Encinas con Malawi o Proyecto Malawi es uno de los m\u00e1s antiguos en nuestro centro. La colaboraci\u00f3n con la asociaci\u00f3n DERMALAWI ha sido continua durante a\u00f1os, con mayor o menor intensidad seg\u00fan van surgiendo nuevos proyectos, pero nunca cae en el olvido.<\/p>\n\n\n\n<p class=\"has-text-align-center has-black-color has-text-color has-link-color wp-elements-e6a8accb6ddb29985613ab8be85dd3bc\">En el siguiente enlace podr\u00e1s conocer un poco m\u00e1s sobre la asociaci\u00f3n de ayuda dermatol\u00f3gica a este pa\u00eds africano, y la contribuci\u00f3n de la comunidad educativa de Las Encinas a trav\u00e9s de actividades solidarias: <strong><a href=\"https:\/\/site.educa.madrid.org\/ies.lasencinas.villanuevadelacanada\/index.php\/proyectos\/proyecto-malawi\/\" data-type=\"page\" data-id=\"726\">PROYECTO MALAWI.<\/a><\/strong><\/p>\n\n\n\n<p class=\"has-text-align-center has-black-color has-text-color has-link-color wp-elements-dece6f197728eddac9c2a25675ddff3a\"><img loading=\"lazy\" decoding=\"async\" width=\"300\" height=\"226\" class=\"wp-image-3920\" style=\"width: 300px;\" src=\"https:\/\/site.educa.madrid.org\/ies.lasencinas.villanuevadelacanada\/\/wp-content\/uploads\/ies.lasencinas.villanuevadelacanada\/2025\/07\/venta-solidaria_24-25.jpg\" alt=\"Venta de camisetas y llaveros \" srcset=\"https:\/\/site.educa.madrid.org\/ies.lasencinas.villanuevadelacanada\/\/wp-content\/uploads\/ies.lasencinas.villanuevadelacanada\/2025\/07\/venta-solidaria_24-25.jpg 1600w, https:\/\/site.educa.madrid.org\/ies.lasencinas.villanuevadelacanada\/\/wp-content\/uploads\/ies.lasencinas.villanuevadelacanada\/2025\/07\/venta-solidaria_24-25-300x226.jpg 300w, https:\/\/site.educa.madrid.org\/ies.lasencinas.villanuevadelacanada\/\/wp-content\/uploads\/ies.lasencinas.villanuevadelacanada\/2025\/07\/venta-solidaria_24-25-1024x771.jpg 1024w, https:\/\/site.educa.madrid.org\/ies.lasencinas.villanuevadelacanada\/\/wp-content\/uploads\/ies.lasencinas.villanuevadelacanada\/2025\/07\/venta-solidaria_24-25-768x578.jpg 768w, https:\/\/site.educa.madrid.org\/ies.lasencinas.villanuevadelacanada\/\/wp-content\/uploads\/ies.lasencinas.villanuevadelacanada\/2025\/07\/venta-solidaria_24-25-1536x1156.jpg 1536w\" sizes=\"auto, (max-width: 300px) 100vw, 300px\" \/><\/p>\n\n\n\n<p class=\"has-black-color has-text-color has-link-color wp-elements-9ac00cf961d1ea846fe5a532228b76c6\"><\/p>\n\n\n\n<p class=\"has-text-align-center has-black-color has-light-green-cyan-background-color has-text-color has-background has-link-color has-medium-font-size wp-elements-b41a129fadeef6322a2b356fb57d6313\"><strong>OTRAS COLABORACIONES SOLIDARIAS 24-25<\/strong> <\/p>\n\n\n\n<p class=\"has-black-color has-text-color has-link-color wp-elements-17e179692274bd173eb0e96c473d7b14\">El curso 2024-25 ha sido muy prol\u00edfico en cuanto a la colaboraci\u00f3n del IES en proyectos solidarios. As\u00ed, hemos tenido en el punto de mira, por ejemplo, la lucha contra el c\u00e1ncer.<\/p>\n\n\n\n<p class=\"has-black-color has-text-color has-link-color wp-elements-288c1f96c2271f45705c1baaaa8eb2fd\">De esa atenci\u00f3n a lo que es ya una lacra social, ha surgido la venta de piruletas cuyos fondos se han destinado a la asociaci\u00f3n CRIS CONTRA EL C\u00c1NCER, as\u00ed como una colaboraci\u00f3n muy bonita con las compa\u00f1eras del <strong>IES Luis Vives <\/strong>-que ofrece el Grado de Imagen Personal, entre otros-, para la donaci\u00f3n de cabello a la asociaci\u00f3n MECHONES SOLIDARIOS, especializada en ayudar a afrontar las consecuencias est\u00e9ticas de los pacientes que reciben quimioterapia. <\/p>\n\n\n\n<p class=\"has-text-align-center has-black-color has-text-color has-link-color wp-elements-a2d13f6452ed7191b6f7b9967594f026\">Echa un vistazo al v\u00eddeo de la I Jornada Mechones Solidarios en nuestro IES: <\/p>\n\n\n\n<p class=\"has-text-align-center has-black-color has-text-color has-link-color wp-elements-4cf3b19e9ca4730f6e55e1189510c98a\"><strong><a href=\"https:\/\/drive.google.com\/file\/d\/1YurUqyoO6_KBR59N5TIyM7DPs-SlWk9x\/view?usp=sharing\">ENLACE A JORNADA MECHONES SOLIDARIOS<\/a><\/strong><\/p>\n\n\n\n<p class=\"has-black-color has-text-color has-link-color wp-elements-9ac00cf961d1ea846fe5a532228b76c6\"><\/p>\n\n\n\n<p class=\"has-black-color has-text-color has-link-color wp-elements-ba482dcc9a7a3b1f3aadbfa2f0ac4967\">Otra de las apuestas solidarias ha sido la colaboraci\u00f3n con AGUA-ONG, comprometida en el continente africano con la carencia de agua, as\u00ed como con el desarrollo educativo de sus comunidades. A ella hemos destinado la venta de libros y regalitos asociados por el D\u00eda del Libro Solidario, y la venta de dulces organizada a final de curso por las secciones ling\u00fc\u00edsticas, tanto de ingl\u00e9s como de franc\u00e9s. <\/p>\n\n\n\n<figure class=\"wp-block-gallery aligncenter has-nested-images columns-default is-cropped wp-block-gallery-1 is-layout-flex wp-block-gallery-is-layout-flex\"><\/figure>\n\n\n\n<p><\/p>\n\n\n\n<p><\/p>\n\n\n\n<p><\/p>\n","protected":false},"excerpt":{"rendered":"<p>A ra\u00edz de un seminario sobre convivencia, durante el curso 2019\/20, surge Las Encinas Participa, un proyecto para la mejora de la convivencia en nuestro centro, entre las que incluimos &#8230;<\/p>\n","protected":false},"author":3,"featured_media":0,"parent":652,"menu_order":0,"comment_status":"closed","ping_status":"closed","template":"","meta":{"footnotes":""},"folder":[],"class_list":["post-723","page","type-page","status-publish","hentry"],"rttpg_featured_image_url":null,"rttpg_author":{"display_name":"ies.lasencinas.villanuevadelacanada","author_link":"https:\/\/site.educa.madrid.org\/ies.lasencinas.villanuevadelacanada\/index.php\/author\/cuenta_ies-lasencinas-villanuevadelacanada\/"},"rttpg_comment":0,"rttpg_category":false,"rttpg_excerpt":"A ra\u00edz de un seminario sobre convivencia, durante el curso 2019\/20, surge Las Encinas Participa, un proyecto para la mejora de la convivencia en nuestro centro, entre las que incluimos ...","post_mailing_queue_ids":[],"_links":{"self":[{"href":"https:\/\/site.educa.madrid.org\/ies.lasencinas.villanuevadelacanada\/index.php\/wp-json\/wp\/v2\/pages\/723","targetHints":{"allow":["GET"]}}],"collection":[{"href":"https:\/\/site.educa.madrid.org\/ies.lasencinas.villanuevadelacanada\/index.php\/wp-json\/wp\/v2\/pages"}],"about":[{"href":"https:\/\/site.educa.madrid.org\/ies.lasencinas.villanuevadelacanada\/index.php\/wp-json\/wp\/v2\/types\/page"}],"author":[{"embeddable":true,"href":"https:\/\/site.educa.madrid.org\/ies.lasencinas.villanuevadelacanada\/index.php\/wp-json\/wp\/v2\/users\/3"}],"replies":[{"embeddable":true,"href":"https:\/\/site.educa.madrid.org\/ies.lasencinas.villanuevadelacanada\/index.php\/wp-json\/wp\/v2\/comments?post=723"}],"version-history":[{"count":8,"href":"https:\/\/site.educa.madrid.org\/ies.lasencinas.villanuevadelacanada\/index.php\/wp-json\/wp\/v2\/pages\/723\/revisions"}],"predecessor-version":[{"id":4447,"href":"https:\/\/site.educa.madrid.org\/ies.lasencinas.villanuevadelacanada\/index.php\/wp-json\/wp\/v2\/pages\/723\/revisions\/4447"}],"up":[{"embeddable":true,"href":"https:\/\/site.educa.madrid.org\/ies.lasencinas.villanuevadelacanada\/index.php\/wp-json\/wp\/v2\/pages\/652"}],"wp:attachment":[{"href":"https:\/\/site.educa.madrid.org\/ies.lasencinas.villanuevadelacanada\/index.php\/wp-json\/wp\/v2\/media?parent=723"}],"wp:term":[{"taxonomy":"folder","embeddable":true,"href":"https:\/\/site.educa.madrid.org\/ies.lasencinas.villanuevadelacanada\/index.php\/wp-json\/wp\/v2\/folder?post=723"}],"curies":[{"name":"wp","href":"https:\/\/api.w.org\/{rel}","templated":true}]}}