{"id":725,"date":"2022-09-19T16:29:15","date_gmt":"2022-09-19T14:29:15","guid":{"rendered":"https:\/\/site.educa.madrid.org\/ies.lasencinas.villanuevadelacanada\/?page_id=725"},"modified":"2025-02-05T20:38:08","modified_gmt":"2025-02-05T19:38:08","slug":"perspectiva-co-accional","status":"publish","type":"page","link":"https:\/\/site.educa.madrid.org\/ies.lasencinas.villanuevadelacanada\/index.php\/proyectos\/perspectiva-co-accional\/","title":{"rendered":"Global Classrooms"},"content":{"rendered":"\n<p class=\"has-black-color has-light-green-cyan-background-color has-text-color has-background has-medium-font-size\"><strong>\u00bfEN QU\u00c9 CONSISTE ESTE PROYECTO?<\/strong><\/p>\n\n\n\n<p class=\"has-black-color has-text-color\">Global Classrooms Projet es un simulacro de la Asamblea General de las Naciones Unidas.<\/p>\n\n\n\n<p class=\"has-black-color has-text-color\">El proyecto consiste, por tanto, en que los alumnos simulan ser embajadores de pa\u00edses miembros de las Naciones Unidas, trabajan en ingl\u00e9s un tema espec\u00edfico del pa\u00eds elegido y posteriormente representan a ese pa\u00eds y sus intereses como \u00abdelegados\u00bb del mismo.<\/p>\n\n\n\n<p class=\"has-black-color has-text-color\"><strong>OBJETIVOS<\/strong><\/p>\n\n\n\n<p class=\"has-black-color has-text-color\">Con este proyecto, los alumnos de 3\u00ba ESO de Secci\u00f3n Biling\u00fce desarrollan no solo habilidades de investigaci\u00f3n y de expresi\u00f3n oral y escrita en ingl\u00e9s, sino tambi\u00e9n su pensamiento cr\u00edtico y su cultura general.<\/p>\n\n\n\n<p class=\"has-black-color has-text-color\">Por otro lado, la actividad les permite, en circunstancias normales -este curso se llevar\u00e1 a cabo todo a distancia-, entrar en contacto con alumnos de otros centros de la Comunidad de Madrid. El centro seleccionado, por \u00faltimo, viaja a la conferencia final, en Nueva York, donde los alumnos viven una experiencia inolvidable tanto en lo acad\u00e9mico como en lo personal.<\/p>\n\n\n\n<p class=\"has-black-color has-text-color\"><strong>M\u00e1s informaci\u00f3n<\/strong>, en los siguientes enlaces: <a href=\"https:\/\/www.youtube.com\/watch?v=UTKdsbwv8pI\">v\u00eddeo youtube<\/a>   \/\/ <a href=\"https:\/\/www.youtube.com\/watch?v=0NAZ7sZbnoY\">v\u00eddeo youtube 2<\/a><\/p>\n\n\n\n<p class=\"has-black-color has-light-green-cyan-background-color has-text-color has-background has-link-color has-medium-font-size wp-elements-fee57815333d6780c54ec9c24a3151a9\"><strong>CURSO 2024-25<\/strong> <\/p>\n\n\n\n<p class=\"has-black-color has-text-color has-link-color wp-elements-1ae7533a5ed839020ce528ac0802d3e8\">Un curso m\u00e1s nuestro alumnado de 3\u00ba ESO A, Secci\u00f3n Biling\u00fce, representa por parejas a una delegaci\u00f3n internacional del pa\u00eds que les toque, para resolver problemas y llegar a acuerdos en la Asamblea Nacional de las Naciones Unidas. El tema: \u00abLas amenazas a la libertad: la censura, las drogas, el totalitarismo y el analfabetismo\u00bb.<\/p>\n\n\n\n<p class=\"has-black-color has-text-color has-link-color wp-elements-a0d76f2d35b7df0b63e122bb8286b49a\">Los diez alumnos seleccionados han acudido al Instituto Superior de Innovaci\u00f3n Educativa (ISMIE) el 23 de enero, para participar en las conferencias preliminares, tras investigar en profundidad el tema y preparar la defensa desde el punto de vista del pa\u00eds asignado a cada pareja (delegaci\u00f3n).<\/p>\n\n\n\n<div class=\"wp-block-columns is-layout-flex wp-container-core-columns-is-layout-9d6595d7 wp-block-columns-is-layout-flex\">\n<div class=\"wp-block-column is-layout-flow wp-block-column-is-layout-flow\">\n<figure class=\"wp-block-image size-large\"><img loading=\"lazy\" decoding=\"async\" width=\"1024\" height=\"768\" src=\"https:\/\/site.educa.madrid.org\/ies.lasencinas.villanuevadelacanada\/\/wp-content\/uploads\/ies.lasencinas.villanuevadelacanada\/2025\/02\/trabajando-2-1024x768.jpg\" alt=\"\" class=\"wp-image-3532\" srcset=\"https:\/\/site.educa.madrid.org\/ies.lasencinas.villanuevadelacanada\/\/wp-content\/uploads\/ies.lasencinas.villanuevadelacanada\/2025\/02\/trabajando-2-1024x768.jpg 1024w, https:\/\/site.educa.madrid.org\/ies.lasencinas.villanuevadelacanada\/\/wp-content\/uploads\/ies.lasencinas.villanuevadelacanada\/2025\/02\/trabajando-2-300x225.jpg 300w, https:\/\/site.educa.madrid.org\/ies.lasencinas.villanuevadelacanada\/\/wp-content\/uploads\/ies.lasencinas.villanuevadelacanada\/2025\/02\/trabajando-2-768x576.jpg 768w, https:\/\/site.educa.madrid.org\/ies.lasencinas.villanuevadelacanada\/\/wp-content\/uploads\/ies.lasencinas.villanuevadelacanada\/2025\/02\/trabajando-2-1536x1152.jpg 1536w, https:\/\/site.educa.madrid.org\/ies.lasencinas.villanuevadelacanada\/\/wp-content\/uploads\/ies.lasencinas.villanuevadelacanada\/2025\/02\/trabajando-2.jpg 1600w\" sizes=\"auto, (max-width: 1024px) 100vw, 1024px\" \/><figcaption class=\"wp-element-caption\">Trabajando<\/figcaption><\/figure>\n<\/div>\n\n\n\n<div class=\"wp-block-column is-layout-flow wp-block-column-is-layout-flow\">\n<figure class=\"wp-block-image size-large\"><img loading=\"lazy\" decoding=\"async\" width=\"1024\" height=\"768\" src=\"https:\/\/site.educa.madrid.org\/ies.lasencinas.villanuevadelacanada\/\/wp-content\/uploads\/ies.lasencinas.villanuevadelacanada\/2025\/02\/IMG-20250205-WA0021-1024x768.jpg\" alt=\"\" class=\"wp-image-3533\" srcset=\"https:\/\/site.educa.madrid.org\/ies.lasencinas.villanuevadelacanada\/\/wp-content\/uploads\/ies.lasencinas.villanuevadelacanada\/2025\/02\/IMG-20250205-WA0021-1024x768.jpg 1024w, https:\/\/site.educa.madrid.org\/ies.lasencinas.villanuevadelacanada\/\/wp-content\/uploads\/ies.lasencinas.villanuevadelacanada\/2025\/02\/IMG-20250205-WA0021-300x225.jpg 300w, https:\/\/site.educa.madrid.org\/ies.lasencinas.villanuevadelacanada\/\/wp-content\/uploads\/ies.lasencinas.villanuevadelacanada\/2025\/02\/IMG-20250205-WA0021-768x576.jpg 768w, https:\/\/site.educa.madrid.org\/ies.lasencinas.villanuevadelacanada\/\/wp-content\/uploads\/ies.lasencinas.villanuevadelacanada\/2025\/02\/IMG-20250205-WA0021-1536x1152.jpg 1536w, https:\/\/site.educa.madrid.org\/ies.lasencinas.villanuevadelacanada\/\/wp-content\/uploads\/ies.lasencinas.villanuevadelacanada\/2025\/02\/IMG-20250205-WA0021.jpg 1600w\" sizes=\"auto, (max-width: 1024px) 100vw, 1024px\" \/><figcaption class=\"wp-element-caption\">Nuestros participantes<\/figcaption><\/figure>\n<\/div>\n\n\n\n<div class=\"wp-block-column is-layout-flow wp-block-column-is-layout-flow\">\n<figure class=\"wp-block-image size-large\"><img loading=\"lazy\" decoding=\"async\" width=\"1024\" height=\"768\" src=\"https:\/\/site.educa.madrid.org\/ies.lasencinas.villanuevadelacanada\/\/wp-content\/uploads\/ies.lasencinas.villanuevadelacanada\/2025\/02\/preliminar-1024x768.jpg\" alt=\"\" class=\"wp-image-3534\" srcset=\"https:\/\/site.educa.madrid.org\/ies.lasencinas.villanuevadelacanada\/\/wp-content\/uploads\/ies.lasencinas.villanuevadelacanada\/2025\/02\/preliminar-1024x768.jpg 1024w, https:\/\/site.educa.madrid.org\/ies.lasencinas.villanuevadelacanada\/\/wp-content\/uploads\/ies.lasencinas.villanuevadelacanada\/2025\/02\/preliminar-300x225.jpg 300w, https:\/\/site.educa.madrid.org\/ies.lasencinas.villanuevadelacanada\/\/wp-content\/uploads\/ies.lasencinas.villanuevadelacanada\/2025\/02\/preliminar-768x576.jpg 768w, https:\/\/site.educa.madrid.org\/ies.lasencinas.villanuevadelacanada\/\/wp-content\/uploads\/ies.lasencinas.villanuevadelacanada\/2025\/02\/preliminar-1536x1152.jpg 1536w, https:\/\/site.educa.madrid.org\/ies.lasencinas.villanuevadelacanada\/\/wp-content\/uploads\/ies.lasencinas.villanuevadelacanada\/2025\/02\/preliminar.jpg 1600w\" sizes=\"auto, (max-width: 1024px) 100vw, 1024px\" \/><figcaption class=\"wp-element-caption\">En las conferencias preliminares<\/figcaption><\/figure>\n<\/div>\n<\/div>\n\n\n\n<p class=\"has-black-color has-text-color has-link-color wp-elements-e76ffce34293139ec2a715b55be0b864\"><strong>\u00a1PASAMOS A LA SIGUIENTE FASE!<\/strong><\/p>\n\n\n\n<p class=\"has-black-color has-text-color has-link-color wp-elements-b51f8dfc247133c83dc962c5721a75c4\"><strong>Ana y Mario Luque<\/strong>, delegaci\u00f3n de Gambia en la Conferencia Preliminar de enero, se meter\u00e1n en la piel de Jap\u00f3n para debatir sobre el tema <em>Nuclear Energy: Are Small Modular Reactors (SMRs) the solution?<\/em>, en la Conferencia Final Madrid 2 que se celebrar\u00e1 el pr\u00f3ximo 18 de febrero en el ISMIE.<\/p>\n\n\n\n<p class=\"has-black-color has-text-color has-link-color wp-elements-7fa345b508df717830e8752ca7bf61ac\">\u00a1Enhorabuena y mucha suerte!<\/p>\n\n\n\n<p class=\"has-black-color has-light-green-cyan-background-color has-text-color has-background has-medium-font-size\"><strong>CURSO 2023-24<\/strong><\/p>\n\n\n\n<p class=\"has-black-color has-text-color\">\u00a1Ya estamos casi a punto!  Arranca un nuevo curso escolar este proyecto que se lleva a cabo en 3\u00ba ESO de Secci\u00f3n biling\u00fce. En esta XVIII Edici\u00f3n del Programa Global Classrooms Modelo de Naciones Unidas 2023-2024, el tema es \u00abAccess to Education for Children requiring Accommodations\u00bb.<\/p>\n\n\n\n<p class=\"has-black-color has-text-color\">Nuestro centro participa con 10 alumnos que, en parejas, con su profesora de Ingl\u00e9s, Ver\u00f3nica Arroyo, en colaboraci\u00f3n con el coordinador de la Secci\u00f3n y profesor de Geograf\u00eda e Historia, Agust\u00edn Redondo, trabajar\u00e1n destrezas como el di\u00e1logo, el debate, el pacto, el acuerdo de mociones y la redacci\u00f3n de resoluciones, a partir de la interacci\u00f3n con estudiantes de otros centros de la Comunidad de Madrid. <\/p>\n\n\n\n<div class=\"wp-block-columns is-layout-flex wp-container-core-columns-is-layout-9d6595d7 wp-block-columns-is-layout-flex\">\n<div class=\"wp-block-column is-layout-flow wp-block-column-is-layout-flow\"><div class=\"wp-block-image\">\n<figure class=\"aligncenter size-large is-resized\"><img loading=\"lazy\" decoding=\"async\" width=\"1024\" height=\"768\" src=\"https:\/\/site.educa.madrid.org\/ies.lasencinas.villanuevadelacanada\/\/wp-content\/uploads\/ies.lasencinas.villanuevadelacanada\/2024\/02\/IMG_20231214_085435-1024x768.jpg\" alt=\"\" class=\"wp-image-2743\" style=\"width:347px;height:260px\" srcset=\"https:\/\/site.educa.madrid.org\/ies.lasencinas.villanuevadelacanada\/\/wp-content\/uploads\/ies.lasencinas.villanuevadelacanada\/2024\/02\/IMG_20231214_085435-1024x768.jpg 1024w, https:\/\/site.educa.madrid.org\/ies.lasencinas.villanuevadelacanada\/\/wp-content\/uploads\/ies.lasencinas.villanuevadelacanada\/2024\/02\/IMG_20231214_085435-300x225.jpg 300w, https:\/\/site.educa.madrid.org\/ies.lasencinas.villanuevadelacanada\/\/wp-content\/uploads\/ies.lasencinas.villanuevadelacanada\/2024\/02\/IMG_20231214_085435-768x576.jpg 768w, https:\/\/site.educa.madrid.org\/ies.lasencinas.villanuevadelacanada\/\/wp-content\/uploads\/ies.lasencinas.villanuevadelacanada\/2024\/02\/IMG_20231214_085435-1536x1152.jpg 1536w, https:\/\/site.educa.madrid.org\/ies.lasencinas.villanuevadelacanada\/\/wp-content\/uploads\/ies.lasencinas.villanuevadelacanada\/2024\/02\/IMG_20231214_085435-2048x1536.jpg 2048w\" sizes=\"auto, (max-width: 1024px) 100vw, 1024px\" \/><\/figure>\n<\/div><\/div>\n\n\n\n<div class=\"wp-block-column is-layout-flow wp-block-column-is-layout-flow\"><div class=\"wp-block-image\">\n<figure class=\"aligncenter size-large is-resized\"><img loading=\"lazy\" decoding=\"async\" width=\"1024\" height=\"768\" src=\"https:\/\/site.educa.madrid.org\/ies.lasencinas.villanuevadelacanada\/\/wp-content\/uploads\/ies.lasencinas.villanuevadelacanada\/2024\/02\/IMG_20231214_084959-1024x768.jpg\" alt=\"\" class=\"wp-image-2742\" style=\"width:351px;height:263px\" srcset=\"https:\/\/site.educa.madrid.org\/ies.lasencinas.villanuevadelacanada\/\/wp-content\/uploads\/ies.lasencinas.villanuevadelacanada\/2024\/02\/IMG_20231214_084959-1024x768.jpg 1024w, https:\/\/site.educa.madrid.org\/ies.lasencinas.villanuevadelacanada\/\/wp-content\/uploads\/ies.lasencinas.villanuevadelacanada\/2024\/02\/IMG_20231214_084959-300x225.jpg 300w, https:\/\/site.educa.madrid.org\/ies.lasencinas.villanuevadelacanada\/\/wp-content\/uploads\/ies.lasencinas.villanuevadelacanada\/2024\/02\/IMG_20231214_084959-768x576.jpg 768w, https:\/\/site.educa.madrid.org\/ies.lasencinas.villanuevadelacanada\/\/wp-content\/uploads\/ies.lasencinas.villanuevadelacanada\/2024\/02\/IMG_20231214_084959-1536x1152.jpg 1536w, https:\/\/site.educa.madrid.org\/ies.lasencinas.villanuevadelacanada\/\/wp-content\/uploads\/ies.lasencinas.villanuevadelacanada\/2024\/02\/IMG_20231214_084959-2048x1536.jpg 2048w\" sizes=\"auto, (max-width: 1024px) 100vw, 1024px\" \/><\/figure>\n<\/div><\/div>\n<\/div>\n\n\n\n<p class=\"has-black-color has-text-color\"><strong>\u00a1\u00a1PASAMOS A  SEGUNDA RONDA!!<\/strong><\/p>\n\n\n\n<p class=\"has-black-color has-text-color\">Despu\u00e9s del gran trabajo realizado por nuestros equipos, la delegaci\u00f3n formada por<strong> Luc\u00eda P\u00e9rez y Luc\u00eda Giovannini <\/strong>pasa a la siguiente fase y se enfrentar\u00e1 el pr\u00f3ximo 20 de febrero a la delegaci\u00f3n de Rep\u00fablica Checa. El tema ser\u00e1 \u00abThe Impact of Artificial Intelligence.\u201d <\/p>\n\n\n\n<p class=\"has-black-color has-text-color\">Enhorabuena a todos los participantes y, en especial, a las alumnas seleccionadas y, por supuesto, a sus profesores. \u00a1Mucha suerte!<\/p>\n\n\n\n<p class=\"has-black-color has-text-color\"><strong>ENTREGA DE DIPLOMAS II FASE<\/strong><\/p>\n\n\n\n<p class=\"has-black-color has-text-color\">Damos por finalizada nuestra participaci\u00f3n en el proyecto de este curso 23-24, con la ceremonia de entrega de diplomas a las delegaciones que alcanzaron la segunda fase, que se celebr\u00f3 el 28 de febrero en la Asamblea de Madrid. Nuestras representantes no viajar\u00e1n a Nueva York, pero pudieron disfrutar del magn\u00edfico acto, con la recepci\u00f3n de su diploma de manos del Consejero de Educaci\u00f3n, Ciencia y Universidades de la Comunidad de Madrid, don Emilio Viciana.<\/p>\n\n\n\n<p class=\"has-black-color has-text-color\"><\/p>\n\n\n\n<div class=\"wp-block-columns is-layout-flex wp-container-core-columns-is-layout-9d6595d7 wp-block-columns-is-layout-flex\">\n<div class=\"wp-block-column is-layout-flow wp-block-column-is-layout-flow\" style=\"flex-basis:33.33%\">\n<figure class=\"wp-block-image size-full\"><img loading=\"lazy\" decoding=\"async\" width=\"961\" height=\"649\" src=\"https:\/\/site.educa.madrid.org\/ies.lasencinas.villanuevadelacanada\/\/wp-content\/uploads\/ies.lasencinas.villanuevadelacanada\/2024\/02\/Entrega-premios1.jpg\" alt=\"\" class=\"wp-image-2823\" srcset=\"https:\/\/site.educa.madrid.org\/ies.lasencinas.villanuevadelacanada\/\/wp-content\/uploads\/ies.lasencinas.villanuevadelacanada\/2024\/02\/Entrega-premios1.jpg 961w, https:\/\/site.educa.madrid.org\/ies.lasencinas.villanuevadelacanada\/\/wp-content\/uploads\/ies.lasencinas.villanuevadelacanada\/2024\/02\/Entrega-premios1-300x203.jpg 300w, https:\/\/site.educa.madrid.org\/ies.lasencinas.villanuevadelacanada\/\/wp-content\/uploads\/ies.lasencinas.villanuevadelacanada\/2024\/02\/Entrega-premios1-768x519.jpg 768w\" sizes=\"auto, (max-width: 961px) 100vw, 961px\" \/><\/figure>\n<\/div>\n\n\n\n<div class=\"wp-block-column is-layout-flow wp-block-column-is-layout-flow\" style=\"flex-basis:66.66%\">\n<p class=\"has-black-color has-text-color\">En palabras de nuestras alumnas: <\/p>\n\n\n\n<blockquote class=\"wp-block-quote is-layout-flow wp-block-quote-is-layout-flow\">\n<p class=\"has-black-color has-text-color\">Global Classrooms ha sido una experiencia fant\u00e1stica y enriquecedora, pues aprendes a colaborar con otros, a documentarte y a debatir. Hemos aprendido mucho sobre los pa\u00edses que nos ha tocado representar, pero tambi\u00e9n sobre el resto de mundo. Tambi\u00e9n nos ha permitido aprender sobre nosotras mismas, conocernos un poco mejor.<\/p>\n\n\n\n<p class=\"has-black-color has-text-color\">\u00a1Es una experiencia que recordaremos toda la vida!<\/p>\n<\/blockquote>\n<\/div>\n<\/div>\n\n\n\n<p class=\"has-black-color has-light-green-cyan-background-color has-text-color has-background has-medium-font-size\"><strong>CURSO 2022-23<\/strong><\/p>\n\n\n\n<p class=\"has-black-color has-text-color\">El 21 de diciembre se ha celebrado en nuestro centro la actividad \u201cGlobal Classrooms\u201d para alumnos de la Secci\u00f3n Inglesa de tercero de la ESO. Durante la ma\u00f1ana, los estudiantes han debatido como si fueran los representantes de diversos pa\u00edses ante la Asamblea General de Naciones Unidas.<\/p>\n\n\n\n<p class=\"has-black-color has-text-color\">El tema de este a\u00f1o ha sido la Educaci\u00f3n en las Zonas de Conflicto. Para ello los estudiantes han tenido que investigar sobre los pa\u00edses a los que representaban y el tema, defendiendo sus intereses y realizando propuestas de adopaci\u00f3n de una resoluci\u00f3n de Naciones Unidas sobre el tema. Se han trabajado los valores del dialogo y respeto de otros pa\u00edses, as\u00ed como la profundizaci\u00f3n en las formas de trabajo de las organizaciones internacionales y la diplomacia.<\/p>\n\n\n\n<p class=\"has-black-color has-text-color\">Una selecci\u00f3n de los equipos participar\u00e1 en las sesiones con otros centros que organizan la Consejer\u00eda de Educaci\u00f3n de la Comunidad de Madrid y la Comisi\u00f3n Fulbright.<\/p>\n\n\n\n<p class=\"has-black-color has-light-green-cyan-background-color has-text-color has-background has-medium-font-size\"><strong>CURSO 2021-22<\/strong><\/p>\n\n\n\n<p class=\"has-black-color has-text-color\">El grupo ESO 3 A elabor\u00f3 actividades en el aula relacionadas con la preparaci\u00f3n del debate desde el mes de noviembre de 2021 y hasta febrero de 2022 en las clases de Geograf\u00eda e Historia e Ingl\u00e9s.<\/p>\n\n\n\n<p class=\"has-black-color has-text-color\">El tema de debate fue \u00abla protecci\u00f3n de los derechos de la gente mayor\u00bb.<\/p>\n\n\n\n<p class=\"has-black-color has-text-color\">Todos los alumnos de ESO 3 A participaron en la puesta a punto de presentaciones representando a un determinado pa\u00eds y escenificando los debates.<\/p>\n\n\n\n<p class=\"has-black-color has-text-color\">Tras un par de d\u00edas de puesta en escena se seleccionaron cinco grupos entre los alumnos de ESO 3 A , que participaron en la conferencia en l\u00ednea con grupos de otros centros el pasado 8 de febrero.<\/p>\n\n\n\n<p class=\"has-black-color has-text-color\">Los alumnos evaluaron despu\u00e9s la experiencia mediante un formulario en l\u00ednea. Los resultados de la evaluaci\u00f3n de la experiencia fueron buenos.<\/p>\n\n\n\n<p class=\"has-black-color has-text-color\">Esperamos participar de nuevo en el programa el pr\u00f3ximo curso.<\/p>\n\n\n\n<p><\/p>\n\n\n\n<div class=\"wp-block-media-text alignwide is-stacked-on-mobile\" style=\"grid-template-columns:25% auto\"><figure class=\"wp-block-media-text__media\"><img loading=\"lazy\" decoding=\"async\" width=\"676\" height=\"200\" src=\"https:\/\/site.educa.madrid.org\/ies.lasencinas.villanuevadelacanada\/\/wp-content\/uploads\/ies.lasencinas.villanuevadelacanada\/2022\/09\/global_classroom.png\" alt=\"\" class=\"wp-image-1358 size-full\" srcset=\"https:\/\/site.educa.madrid.org\/ies.lasencinas.villanuevadelacanada\/\/wp-content\/uploads\/ies.lasencinas.villanuevadelacanada\/2022\/09\/global_classroom.png 676w, https:\/\/site.educa.madrid.org\/ies.lasencinas.villanuevadelacanada\/\/wp-content\/uploads\/ies.lasencinas.villanuevadelacanada\/2022\/09\/global_classroom-300x89.png 300w\" sizes=\"auto, (max-width: 676px) 100vw, 676px\" \/><\/figure><div class=\"wp-block-media-text__content\">\n<p class=\"has-black-color has-text-color\">Nuestros alumnos-Alejandro de la Pe\u00f1a, Javier Cavero, Iv\u00e1n Arribas, Francisco Criado y Marco Faba, junto con Luc\u00eda Arias, todos de 3A, que llevan trabajando ya un tiempo en este proyecto \u00abInclusive sustainable development\u00bb, se ponen en marcha este 16 de marzo, de 8&#8217;15 a 14 h.<\/p>\n\n\n\n<p class=\"has-black-color has-text-color\">Participar\u00e1n en una videoconferencia virtual con otros centros, defendiendo su trabajo en una especie de simulacro de la Asamblea de las Naciones Unidas.<\/p>\n\n\n\n<p class=\"has-black-color has-text-color\">\u00a1Mucha suerte!<\/p>\n<\/div><\/div>\n","protected":false},"excerpt":{"rendered":"<p>\u00bfEN QU\u00c9 CONSISTE ESTE PROYECTO? Global Classrooms Projet es un simulacro de la Asamblea General de las Naciones Unidas. El proyecto consiste, por tanto, en que los alumnos simulan ser &#8230;<\/p>\n","protected":false},"author":3,"featured_media":0,"parent":652,"menu_order":0,"comment_status":"closed","ping_status":"closed","template":"","meta":{"footnotes":""},"folder":[],"class_list":["post-725","page","type-page","status-publish","hentry"],"rttpg_featured_image_url":null,"rttpg_author":{"display_name":"ies.lasencinas.villanuevadelacanada","author_link":"https:\/\/site.educa.madrid.org\/ies.lasencinas.villanuevadelacanada\/index.php\/author\/cuenta_ies-lasencinas-villanuevadelacanada\/"},"rttpg_comment":0,"rttpg_category":false,"rttpg_excerpt":"\u00bfEN QU\u00c9 CONSISTE ESTE PROYECTO? Global Classrooms Projet es un simulacro de la Asamblea General de las Naciones Unidas. El proyecto consiste, por tanto, en que los alumnos simulan ser ...","post_mailing_queue_ids":[],"_links":{"self":[{"href":"https:\/\/site.educa.madrid.org\/ies.lasencinas.villanuevadelacanada\/index.php\/wp-json\/wp\/v2\/pages\/725","targetHints":{"allow":["GET"]}}],"collection":[{"href":"https:\/\/site.educa.madrid.org\/ies.lasencinas.villanuevadelacanada\/index.php\/wp-json\/wp\/v2\/pages"}],"about":[{"href":"https:\/\/site.educa.madrid.org\/ies.lasencinas.villanuevadelacanada\/index.php\/wp-json\/wp\/v2\/types\/page"}],"author":[{"embeddable":true,"href":"https:\/\/site.educa.madrid.org\/ies.lasencinas.villanuevadelacanada\/index.php\/wp-json\/wp\/v2\/users\/3"}],"replies":[{"embeddable":true,"href":"https:\/\/site.educa.madrid.org\/ies.lasencinas.villanuevadelacanada\/index.php\/wp-json\/wp\/v2\/comments?post=725"}],"version-history":[{"count":11,"href":"https:\/\/site.educa.madrid.org\/ies.lasencinas.villanuevadelacanada\/index.php\/wp-json\/wp\/v2\/pages\/725\/revisions"}],"predecessor-version":[{"id":3539,"href":"https:\/\/site.educa.madrid.org\/ies.lasencinas.villanuevadelacanada\/index.php\/wp-json\/wp\/v2\/pages\/725\/revisions\/3539"}],"up":[{"embeddable":true,"href":"https:\/\/site.educa.madrid.org\/ies.lasencinas.villanuevadelacanada\/index.php\/wp-json\/wp\/v2\/pages\/652"}],"wp:attachment":[{"href":"https:\/\/site.educa.madrid.org\/ies.lasencinas.villanuevadelacanada\/index.php\/wp-json\/wp\/v2\/media?parent=725"}],"wp:term":[{"taxonomy":"folder","embeddable":true,"href":"https:\/\/site.educa.madrid.org\/ies.lasencinas.villanuevadelacanada\/index.php\/wp-json\/wp\/v2\/folder?post=725"}],"curies":[{"name":"wp","href":"https:\/\/api.w.org\/{rel}","templated":true}]}}