{"id":726,"date":"2022-09-19T16:28:48","date_gmt":"2022-09-19T14:28:48","guid":{"rendered":"https:\/\/site.educa.madrid.org\/ies.lasencinas.villanuevadelacanada\/?page_id=726"},"modified":"2023-07-23T22:35:36","modified_gmt":"2023-07-23T20:35:36","slug":"proyecto-malawi","status":"publish","type":"page","link":"https:\/\/site.educa.madrid.org\/ies.lasencinas.villanuevadelacanada\/index.php\/proyectos\/proyecto-malawi\/","title":{"rendered":"Proyecto Malawi"},"content":{"rendered":"\n<div style=\"height:30px\" aria-hidden=\"true\" class=\"wp-block-spacer\"><\/div>\n\n\n\n<p class=\"has-black-color has-light-green-cyan-background-color has-text-color has-background has-medium-font-size\"><strong>ENTREGA SOLIDARIA AL PROYECTO DERMALAWI<\/strong><\/p>\n\n\n<div class=\"wp-block-image\">\n<figure class=\"alignright size-full is-resized\"><img loading=\"lazy\" decoding=\"async\" src=\"https:\/\/site.educa.madrid.org\/ies.lasencinas.villanuevadelacanada\/\/wp-content\/uploads\/ies.lasencinas.villanuevadelacanada\/2023\/07\/venta-camisetas-4.jpg\" alt=\"\" class=\"wp-image-1916\" width=\"237\" height=\"217\" srcset=\"https:\/\/site.educa.madrid.org\/ies.lasencinas.villanuevadelacanada\/\/wp-content\/uploads\/ies.lasencinas.villanuevadelacanada\/2023\/07\/venta-camisetas-4.jpg 946w, https:\/\/site.educa.madrid.org\/ies.lasencinas.villanuevadelacanada\/\/wp-content\/uploads\/ies.lasencinas.villanuevadelacanada\/2023\/07\/venta-camisetas-4-300x274.jpg 300w, https:\/\/site.educa.madrid.org\/ies.lasencinas.villanuevadelacanada\/\/wp-content\/uploads\/ies.lasencinas.villanuevadelacanada\/2023\/07\/venta-camisetas-4-768x702.jpg 768w\" sizes=\"auto, (max-width: 237px) 100vw, 237px\" \/><\/figure>\n<\/div>\n\n\n<p class=\"has-black-color has-text-color\">El jueves 1 de junio recib\u00edamos a las dermat\u00f3logas Cristina Galv\u00e1n y Rosa D\u00edaz en el Aula de Emprendimiento del IES, para hacer entrega de la recaudaci\u00f3n ben\u00e9fica de este curso 22-23, destinada al Proyecto Dermalawi en el que ambas doctoras son colaboradoras desde hace a\u00f1os.<\/p>\n\n\n\n<p class=\"has-black-color has-text-color\">En el acto estuvieron presentes alumnos de 1\u00ba, 3\u00ba y 4\u00ba ESO, representantes del alumnado que ha participado este curso en las actividades solidarias: el cross, la elaboraci\u00f3n y venta de cr\u00eapes organizada por la Secci\u00f3n ling\u00fc\u00edstica de franc\u00e9s, y la venta de camisetas con el logo del instituto y con el logo del 25 Aniversario, tanto en el encuentro con antiguos alumnos y antiguos profesores (14 abril), como durante varios recreos.&nbsp;&nbsp;&nbsp;<\/p>\n\n\n\n<p class=\"has-black-color has-text-color\">En agradecimiento, nos han regalado un cuadro precioso que representa al pueblo de Malawi. Adem\u00e1s, hemos disfrutado de una charla muy interesante sobre la labor humanitaria y m\u00e9dica que lleva a cabo el equipo del proyecto Dermalawi en ese pa\u00eds africano.\u00a0\u00a0\u00a0\u00a0<\/p>\n\n\n\n<div class=\"wp-block-columns is-layout-flex wp-container-core-columns-is-layout-9d6595d7 wp-block-columns-is-layout-flex\">\n<div class=\"wp-block-column is-layout-flow wp-block-column-is-layout-flow\" style=\"flex-basis:100%\"><div class=\"wp-block-image\">\n<figure class=\"aligncenter size-large is-resized\"><img loading=\"lazy\" decoding=\"async\" src=\"https:\/\/site.educa.madrid.org\/ies.lasencinas.villanuevadelacanada\/\/wp-content\/uploads\/ies.lasencinas.villanuevadelacanada\/2023\/07\/IMG-20230601-WA0004-1-1024x473.jpg\" alt=\"\" class=\"wp-image-1912\" width=\"383\" height=\"178\" srcset=\"https:\/\/site.educa.madrid.org\/ies.lasencinas.villanuevadelacanada\/\/wp-content\/uploads\/ies.lasencinas.villanuevadelacanada\/2023\/07\/IMG-20230601-WA0004-1-1024x473.jpg 1024w, https:\/\/site.educa.madrid.org\/ies.lasencinas.villanuevadelacanada\/\/wp-content\/uploads\/ies.lasencinas.villanuevadelacanada\/2023\/07\/IMG-20230601-WA0004-1-300x139.jpg 300w, https:\/\/site.educa.madrid.org\/ies.lasencinas.villanuevadelacanada\/\/wp-content\/uploads\/ies.lasencinas.villanuevadelacanada\/2023\/07\/IMG-20230601-WA0004-1-768x355.jpg 768w, https:\/\/site.educa.madrid.org\/ies.lasencinas.villanuevadelacanada\/\/wp-content\/uploads\/ies.lasencinas.villanuevadelacanada\/2023\/07\/IMG-20230601-WA0004-1-1536x710.jpg 1536w, https:\/\/site.educa.madrid.org\/ies.lasencinas.villanuevadelacanada\/\/wp-content\/uploads\/ies.lasencinas.villanuevadelacanada\/2023\/07\/IMG-20230601-WA0004-1.jpg 2048w\" sizes=\"auto, (max-width: 383px) 100vw, 383px\" \/><\/figure>\n<\/div>\n\n\n<p class=\"has-black-color has-text-color\">\u00a0\u00a0\u00a0\u00a0\u00a0<\/p>\n<\/div>\n<\/div>\n\n\n\n<p class=\"has-black-color has-light-green-cyan-background-color has-text-color has-background has-medium-font-size\"><strong>SEGUNDO CROSS CON MALAWI: 13 de abril de 2023<\/strong><\/p>\n\n\n<div class=\"wp-block-image\">\n<figure class=\"alignright size-full is-resized\"><img loading=\"lazy\" decoding=\"async\" src=\"https:\/\/site.educa.madrid.org\/ies.lasencinas.villanuevadelacanada\/\/wp-content\/uploads\/ies.lasencinas.villanuevadelacanada\/2023\/07\/II-cross.jpg\" alt=\"\" class=\"wp-image-1909\" width=\"250\" height=\"250\" srcset=\"https:\/\/site.educa.madrid.org\/ies.lasencinas.villanuevadelacanada\/\/wp-content\/uploads\/ies.lasencinas.villanuevadelacanada\/2023\/07\/II-cross.jpg 921w, https:\/\/site.educa.madrid.org\/ies.lasencinas.villanuevadelacanada\/\/wp-content\/uploads\/ies.lasencinas.villanuevadelacanada\/2023\/07\/II-cross-300x300.jpg 300w, https:\/\/site.educa.madrid.org\/ies.lasencinas.villanuevadelacanada\/\/wp-content\/uploads\/ies.lasencinas.villanuevadelacanada\/2023\/07\/II-cross-150x150.jpg 150w, https:\/\/site.educa.madrid.org\/ies.lasencinas.villanuevadelacanada\/\/wp-content\/uploads\/ies.lasencinas.villanuevadelacanada\/2023\/07\/II-cross-768x768.jpg 768w\" sizes=\"auto, (max-width: 250px) 100vw, 250px\" \/><\/figure>\n<\/div>\n\n\n<p class=\"has-black-color has-text-color\">Por segundo a\u00f1o, y esta vez enmarcado en las celebraciones del 25 Aniversario, nuestro alumnado ha corrido por Malawi con todo el entusiasmo y aportando, adem\u00e1s, el donativo solidario que ha hecho posible una recaudaci\u00f3n que se sumar\u00e1 a la de otras actividades previstas para este fin, como son la venta de cr\u00eapes y la venta de camisetas. \u00a1Esperamos obtener una cantidad considerable!<\/p>\n\n\n\n<p class=\"has-black-color has-text-color\">Como el curso pasado, esta actividad ha sido organizada por el Dpto. de Educaci\u00f3n F\u00edsica y se relaciona, por supuesto, con nuestro proyecto Centros Activos y Saludables que inici\u00e1bamos hace un a\u00f1o. Esta vez, el alumnado de 1\u00ba, 2\u00ba y 3\u00ba ESO ha corrido en un entorno precioso, la Baltasara. La entrega de premios se ha llevado a cabo en el festival del d\u00eda 14 de abril.\u00a0<\/p>\n\n\n\n<div class=\"wp-block-media-text alignwide is-stacked-on-mobile\" style=\"grid-template-columns:23% auto\"><figure class=\"wp-block-media-text__media\"><img loading=\"lazy\" decoding=\"async\" width=\"720\" height=\"1024\" src=\"https:\/\/site.educa.madrid.org\/ies.lasencinas.villanuevadelacanada\/\/wp-content\/uploads\/ies.lasencinas.villanuevadelacanada\/2023\/02\/CROSS-CON-MALAWI-1_page-0001-720x1024.jpg\" alt=\"\" class=\"wp-image-1798 size-full\" srcset=\"https:\/\/site.educa.madrid.org\/ies.lasencinas.villanuevadelacanada\/\/wp-content\/uploads\/ies.lasencinas.villanuevadelacanada\/2023\/02\/CROSS-CON-MALAWI-1_page-0001-720x1024.jpg 720w, https:\/\/site.educa.madrid.org\/ies.lasencinas.villanuevadelacanada\/\/wp-content\/uploads\/ies.lasencinas.villanuevadelacanada\/2023\/02\/CROSS-CON-MALAWI-1_page-0001-211x300.jpg 211w, https:\/\/site.educa.madrid.org\/ies.lasencinas.villanuevadelacanada\/\/wp-content\/uploads\/ies.lasencinas.villanuevadelacanada\/2023\/02\/CROSS-CON-MALAWI-1_page-0001-768x1092.jpg 768w, https:\/\/site.educa.madrid.org\/ies.lasencinas.villanuevadelacanada\/\/wp-content\/uploads\/ies.lasencinas.villanuevadelacanada\/2023\/02\/CROSS-CON-MALAWI-1_page-0001-1080x1536.jpg 1080w, https:\/\/site.educa.madrid.org\/ies.lasencinas.villanuevadelacanada\/\/wp-content\/uploads\/ies.lasencinas.villanuevadelacanada\/2023\/02\/CROSS-CON-MALAWI-1_page-0001.jpg 1280w\" sizes=\"auto, (max-width: 720px) 100vw, 720px\" \/><\/figure><div class=\"wp-block-media-text__content\">\n<p class=\"has-black-color has-light-green-cyan-background-color has-text-color has-background has-medium-font-size\"><strong>PRIMER CROSS CON MALAWI: 10 diciembre<\/strong><\/p>\n\n\n\n<p class=\"has-black-color has-text-color\">Con toda la ilusi\u00f3n del mundo, inauguramos en Las Encinas un nuevo proyecto ligado a la solidaridad: el Primer Cross con Malawi. Actividad obligatoria de Educaci\u00f3n F\u00edsica para el alumnado de la ESO, 1\u00ba Bachillerato y FPB, hemos querido convertirla en un evento festivo y solidario, en el que participen no solo los alumnos y las alumnas, sino tambi\u00e9n todo el profesorado. El donativo es voluntario.<\/p>\n\n\n\n<p class=\"has-black-color has-text-color\">A lo largo de la ma\u00f1ana del viernes 10 de diciembre, los distintos grupos ir\u00e1n pasando por el Campo de F\u00fatbol, y cerraremos la actividad con la carrera de los profes y la entrega de premios, con todo el centro reunido alrededor de las 13&#8217;30 h.<\/p>\n\n\n\n<p class=\"has-black-color has-text-color\">Esta actividad, adem\u00e1s, se enmarca en el proyecto Centros Activos y Saludables que tambi\u00e9n hemos iniciado este curso.<\/p>\n\n\n\n<p class=\"has-black-color has-text-color\">Agradecemos su implicaci\u00f3n al Ayuntamiento de Villanueva de la Ca\u00f1ada, a quien debemos el avituallamiento (fruta y botellita de agua para todos los participantes).<\/p>\n\n\n\n<p class=\"has-black-color has-text-color\">04\/12\/21<\/p>\n<\/div><\/div>\n\n\n\n<div class=\"wp-block-cover alignwide\" style=\"min-height:490px;aspect-ratio:unset;\"><span aria-hidden=\"true\" class=\"wp-block-cover__background has-background-dim-30 has-background-dim\" style=\"background-color:#01a00e\"><\/span><div class=\"wp-block-cover__inner-container is-layout-flow wp-block-cover-is-layout-flow\">\n<div style=\"height:30px\" aria-hidden=\"true\" class=\"wp-block-spacer\"><\/div>\n\n\n\n<div class=\"wp-block-columns are-vertically-aligned-center is-layout-flex wp-container-core-columns-is-layout-9d6595d7 wp-block-columns-is-layout-flex\">\n<div class=\"wp-block-column is-layout-flow wp-block-column-is-layout-flow\" style=\"flex-basis:5px\">\n<p><\/p>\n<\/div>\n\n\n\n<div class=\"wp-block-column is-vertically-aligned-center is-layout-flow wp-block-column-is-layout-flow\">\n<p class=\"has-black-color has-text-color has-medium-font-size\"><strong>MALAWI 2021-22<\/strong><\/p>\n\n\n\n<p class=\"has-black-color has-text-color\">\u00a1De nuevo en marcha! Las Encinas Participa arranca motores y, con ellos, todo el centro, para la recaudaci\u00f3n de fondos para el proyecto dermatol\u00f3gico que, desde hace ocho a\u00f1os ya, es el que m\u00e1s tiempo lleva entre nosotros y con el que m\u00e1s implicados estamos.<\/p>\n\n\n\n<p class=\"has-black-color has-text-color\">Con la cercan\u00eda de la Navidad -ya est\u00e1 a la vuelta de la esquina-, las cajas de dulces navide\u00f1os vuelven al IES.<\/p>\n\n\n\n<p class=\"has-black-color has-text-color\">\u00a1COLABORA!<\/p>\n<\/div>\n\n\n\n<div class=\"wp-block-column is-vertically-aligned-center is-layout-flow wp-block-column-is-layout-flow\">\n<figure class=\"wp-block-image size-full\"><img loading=\"lazy\" decoding=\"async\" width=\"684\" height=\"512\" src=\"https:\/\/site.educa.madrid.org\/ies.lasencinas.villanuevadelacanada\/\/wp-content\/uploads\/ies.lasencinas.villanuevadelacanada\/2023\/02\/Nuevo-proyecto-684x10242-1.png\" alt=\"\" class=\"wp-image-1801\" srcset=\"https:\/\/site.educa.madrid.org\/ies.lasencinas.villanuevadelacanada\/\/wp-content\/uploads\/ies.lasencinas.villanuevadelacanada\/2023\/02\/Nuevo-proyecto-684x10242-1.png 684w, https:\/\/site.educa.madrid.org\/ies.lasencinas.villanuevadelacanada\/\/wp-content\/uploads\/ies.lasencinas.villanuevadelacanada\/2023\/02\/Nuevo-proyecto-684x10242-1-300x225.png 300w\" sizes=\"auto, (max-width: 684px) 100vw, 684px\" \/><\/figure>\n<\/div>\n\n\n\n<div class=\"wp-block-column is-vertically-aligned-center is-layout-flow wp-block-column-is-layout-flow\">\n<figure class=\"wp-block-image size-full\"><img loading=\"lazy\" decoding=\"async\" width=\"684\" height=\"512\" src=\"https:\/\/site.educa.madrid.org\/ies.lasencinas.villanuevadelacanada\/\/wp-content\/uploads\/ies.lasencinas.villanuevadelacanada\/2023\/02\/Nuevo-proyecto-684x10241-1.png\" alt=\"\" class=\"wp-image-1802\" srcset=\"https:\/\/site.educa.madrid.org\/ies.lasencinas.villanuevadelacanada\/\/wp-content\/uploads\/ies.lasencinas.villanuevadelacanada\/2023\/02\/Nuevo-proyecto-684x10241-1.png 684w, https:\/\/site.educa.madrid.org\/ies.lasencinas.villanuevadelacanada\/\/wp-content\/uploads\/ies.lasencinas.villanuevadelacanada\/2023\/02\/Nuevo-proyecto-684x10241-1-300x225.png 300w\" sizes=\"auto, (max-width: 684px) 100vw, 684px\" \/><\/figure>\n<\/div>\n\n\n\n<div class=\"wp-block-column is-layout-flow wp-block-column-is-layout-flow\" style=\"flex-basis:5px\">\n<p><\/p>\n<\/div>\n<\/div>\n\n\n\n<div class=\"wp-block-columns is-layout-flex wp-container-core-columns-is-layout-9d6595d7 wp-block-columns-is-layout-flex\">\n<div class=\"wp-block-column is-vertically-aligned-center is-layout-flow wp-block-column-is-layout-flow\"><\/div>\n<\/div>\n<\/div><\/div>\n\n\n\n<div style=\"height:30px\" aria-hidden=\"true\" class=\"wp-block-spacer\"><\/div>\n\n\n\n<p class=\"has-black-color has-text-color has-medium-font-size\"><strong>\u00abDERMALAWI ZIKOMO LAS ENCINAS&#8230;<\/strong><\/p>\n\n\n\n<p class=\"has-black-color has-text-color\">\u00a1Nos ha hecho much\u00edsima ilusi\u00f3n! Aqu\u00ed os dejamos el agradecimiento de la Dra. Galv\u00e1n y el pueblo malau\u00ed, a trav\u00e9s de este v\u00eddeo colgado en youtube:<\/p>\n\n\n\n<div class=\"wp-block-columns is-layout-flex wp-container-core-columns-is-layout-9d6595d7 wp-block-columns-is-layout-flex\">\n<div class=\"wp-block-column is-layout-flow wp-block-column-is-layout-flow\" style=\"flex-basis:25%\"><\/div>\n\n\n\n<div class=\"wp-block-column is-layout-flow wp-block-column-is-layout-flow\" style=\"flex-basis:50%\">\n<figure class=\"wp-block-embed is-type-video is-provider-youtube wp-block-embed-youtube wp-embed-aspect-16-9 wp-has-aspect-ratio\"><div class=\"wp-block-embed__wrapper\">\n<iframe loading=\"lazy\" title=\"DerMalawi Zikomo Las Encinas\" width=\"800\" height=\"450\" src=\"https:\/\/www.youtube.com\/embed\/N6cv4IjVCIw?feature=oembed\" frameborder=\"0\" allow=\"accelerometer; autoplay; clipboard-write; encrypted-media; gyroscope; picture-in-picture; web-share\" allowfullscreen><\/iframe>\n<\/div><\/figure>\n<\/div>\n\n\n\n<div class=\"wp-block-column is-layout-flow wp-block-column-is-layout-flow\" style=\"flex-basis:25%\"><\/div>\n<\/div>\n\n\n\n<p class=\"has-black-color has-text-color\">Esperamos seguir contribuyendo con nuestro granito de arena.<\/p>\n\n\n\n<div style=\"height:30px\" aria-hidden=\"true\" class=\"wp-block-spacer\"><\/div>\n\n\n\n<div class=\"wp-block-cover alignwide\" style=\"min-height:490px;aspect-ratio:unset;\"><span aria-hidden=\"true\" class=\"wp-block-cover__background has-background-dim-30 has-background-dim\" style=\"background-color:#01a00e\"><\/span><div class=\"wp-block-cover__inner-container is-layout-flow wp-block-cover-is-layout-flow\">\n<div style=\"height:30px\" aria-hidden=\"true\" class=\"wp-block-spacer\"><\/div>\n\n\n\n<div class=\"wp-block-columns is-layout-flex wp-container-core-columns-is-layout-9d6595d7 wp-block-columns-is-layout-flex\">\n<div class=\"wp-block-column is-layout-flow wp-block-column-is-layout-flow\" style=\"flex-basis:5px\"><\/div>\n\n\n\n<div class=\"wp-block-column is-layout-flow wp-block-column-is-layout-flow\">\n<div class=\"wp-block-media-text alignwide is-stacked-on-mobile\" style=\"grid-template-columns:37% auto\"><figure class=\"wp-block-media-text__media\"><img loading=\"lazy\" decoding=\"async\" width=\"1024\" height=\"768\" src=\"https:\/\/site.educa.madrid.org\/ies.lasencinas.villanuevadelacanada\/\/wp-content\/uploads\/ies.lasencinas.villanuevadelacanada\/2022\/09\/image-1024x768.jpg\" alt=\"\" class=\"wp-image-1350 size-full\" srcset=\"https:\/\/site.educa.madrid.org\/ies.lasencinas.villanuevadelacanada\/\/wp-content\/uploads\/ies.lasencinas.villanuevadelacanada\/2022\/09\/image-1024x768.jpg 1024w, https:\/\/site.educa.madrid.org\/ies.lasencinas.villanuevadelacanada\/\/wp-content\/uploads\/ies.lasencinas.villanuevadelacanada\/2022\/09\/image-300x225.jpg 300w, https:\/\/site.educa.madrid.org\/ies.lasencinas.villanuevadelacanada\/\/wp-content\/uploads\/ies.lasencinas.villanuevadelacanada\/2022\/09\/image-768x576.jpg 768w, https:\/\/site.educa.madrid.org\/ies.lasencinas.villanuevadelacanada\/\/wp-content\/uploads\/ies.lasencinas.villanuevadelacanada\/2022\/09\/image.jpg 1280w\" sizes=\"auto, (max-width: 1024px) 100vw, 1024px\" \/><\/figure><div class=\"wp-block-media-text__content\">\n<p class=\"has-black-color has-text-color\">Este es el sexto a\u00f1o consecutivo de proyecto solidario. En Las Encinas nos comprometemos cada a\u00f1o para colaborar en la recaudaci\u00f3n de fondos destinados a ayuda dermatol\u00f3gica en este pa\u00eds africano, a trav\u00e9s de la doctora Cristina Galv\u00e1n.<\/p>\n\n\n\n<p class=\"has-black-color has-text-color\">Desgraciadamente, este curso 20\/21 ha estado marcado por la pandemia, lo que ha condicionado la actuaci\u00f3n del equipo de profesores encargados del proyecto y de los alumnos colaboradores. As\u00ed, cancelamos la tradicional venta de dulces en un recreo a la semana, y lo sustituimos por la venta de dulces navide\u00f1os.<\/p>\n\n\n\n<p class=\"has-black-color has-text-color\">En la foto, la entrega del dinero recaudado a la Dra. Galv\u00e1n, por parte de las profesoras Raquel Vall\u00e9s y Carmen Arribas.<\/p>\n\n\n\n<p class=\"has-black-color has-text-color\">Muchas gracias a todos por vuestra colaboraci\u00f3n y apoyo a este maravilloso proyecto.<\/p>\n\n\n\n<p class=\"has-black-color has-text-color\">Pod\u00e9is consultar la web <a href=\"http:\/\/www.google.com\/url?q=http%3A%2F%2Fwww.dermalawi.com&amp;sa=D&amp;sntz=1&amp;usg=AOvVaw3n7x3XxP9Wtrk4w84YhS_r\" target=\"_blank\" rel=\"noreferrer noopener\">www.dermalawi.com<\/a> para informaros de la labor humanitaria a la que se destinan estos fondos.<\/p>\n<\/div><\/div>\n<\/div>\n\n\n\n<div class=\"wp-block-column is-layout-flow wp-block-column-is-layout-flow\" style=\"flex-basis:5px\"><\/div>\n<\/div>\n\n\n\n<div class=\"wp-block-columns is-layout-flex wp-container-core-columns-is-layout-9d6595d7 wp-block-columns-is-layout-flex\">\n<div class=\"wp-block-column is-vertically-aligned-center is-layout-flow wp-block-column-is-layout-flow\"><\/div>\n<\/div>\n<\/div><\/div>\n","protected":false},"excerpt":{"rendered":"<p>ENTREGA SOLIDARIA AL PROYECTO DERMALAWI El jueves 1 de junio recib\u00edamos a las dermat\u00f3logas Cristina Galv\u00e1n y Rosa D\u00edaz en el Aula de Emprendimiento del IES, para hacer entrega de &#8230;<\/p>\n","protected":false},"author":3,"featured_media":0,"parent":652,"menu_order":0,"comment_status":"closed","ping_status":"closed","template":"","meta":{"footnotes":""},"folder":[],"class_list":["post-726","page","type-page","status-publish","hentry"],"rttpg_featured_image_url":null,"rttpg_author":{"display_name":"ies.lasencinas.villanuevadelacanada","author_link":"https:\/\/site.educa.madrid.org\/ies.lasencinas.villanuevadelacanada\/index.php\/author\/cuenta_ies-lasencinas-villanuevadelacanada\/"},"rttpg_comment":0,"rttpg_category":false,"rttpg_excerpt":"ENTREGA SOLIDARIA AL PROYECTO DERMALAWI El jueves 1 de junio recib\u00edamos a las dermat\u00f3logas Cristina Galv\u00e1n y Rosa D\u00edaz en el Aula de Emprendimiento del IES, para hacer entrega de ...","post_mailing_queue_ids":[],"_links":{"self":[{"href":"https:\/\/site.educa.madrid.org\/ies.lasencinas.villanuevadelacanada\/index.php\/wp-json\/wp\/v2\/pages\/726","targetHints":{"allow":["GET"]}}],"collection":[{"href":"https:\/\/site.educa.madrid.org\/ies.lasencinas.villanuevadelacanada\/index.php\/wp-json\/wp\/v2\/pages"}],"about":[{"href":"https:\/\/site.educa.madrid.org\/ies.lasencinas.villanuevadelacanada\/index.php\/wp-json\/wp\/v2\/types\/page"}],"author":[{"embeddable":true,"href":"https:\/\/site.educa.madrid.org\/ies.lasencinas.villanuevadelacanada\/index.php\/wp-json\/wp\/v2\/users\/3"}],"replies":[{"embeddable":true,"href":"https:\/\/site.educa.madrid.org\/ies.lasencinas.villanuevadelacanada\/index.php\/wp-json\/wp\/v2\/comments?post=726"}],"version-history":[{"count":14,"href":"https:\/\/site.educa.madrid.org\/ies.lasencinas.villanuevadelacanada\/index.php\/wp-json\/wp\/v2\/pages\/726\/revisions"}],"predecessor-version":[{"id":1917,"href":"https:\/\/site.educa.madrid.org\/ies.lasencinas.villanuevadelacanada\/index.php\/wp-json\/wp\/v2\/pages\/726\/revisions\/1917"}],"up":[{"embeddable":true,"href":"https:\/\/site.educa.madrid.org\/ies.lasencinas.villanuevadelacanada\/index.php\/wp-json\/wp\/v2\/pages\/652"}],"wp:attachment":[{"href":"https:\/\/site.educa.madrid.org\/ies.lasencinas.villanuevadelacanada\/index.php\/wp-json\/wp\/v2\/media?parent=726"}],"wp:term":[{"taxonomy":"folder","embeddable":true,"href":"https:\/\/site.educa.madrid.org\/ies.lasencinas.villanuevadelacanada\/index.php\/wp-json\/wp\/v2\/folder?post=726"}],"curies":[{"name":"wp","href":"https:\/\/api.w.org\/{rel}","templated":true}]}}