{"id":736,"date":"2022-09-19T16:30:28","date_gmt":"2022-09-19T14:30:28","guid":{"rendered":"https:\/\/site.educa.madrid.org\/ies.lasencinas.villanuevadelacanada\/?page_id=736"},"modified":"2024-01-28T12:18:23","modified_gmt":"2024-01-28T11:18:23","slug":"decalogos-convivencia","status":"publish","type":"page","link":"https:\/\/site.educa.madrid.org\/ies.lasencinas.villanuevadelacanada\/index.php\/bienestar\/decalogos-convivencia\/","title":{"rendered":"Normas de convivencia"},"content":{"rendered":"\n<div class=\"wp-block-media-text alignwide is-stacked-on-mobile\" style=\"grid-template-columns:27% auto\"><figure class=\"wp-block-media-text__media\"><a href=\"https:\/\/drive.google.com\/file\/d\/1gbcGXM0jWPbbltrSj5St_2MBf1RaAvhT\/view?usp=sharing\"><img loading=\"lazy\" decoding=\"async\" width=\"422\" height=\"1024\" src=\"https:\/\/site.educa.madrid.org\/ies.lasencinas.villanuevadelacanada\/\/wp-content\/uploads\/ies.lasencinas.villanuevadelacanada\/2022\/09\/Decalogo-alumno-1_page-0001-422x1024.jpg\" alt=\"\" class=\"wp-image-1371 size-full\" srcset=\"https:\/\/site.educa.madrid.org\/ies.lasencinas.villanuevadelacanada\/\/wp-content\/uploads\/ies.lasencinas.villanuevadelacanada\/2022\/09\/Decalogo-alumno-1_page-0001-422x1024.jpg 422w, https:\/\/site.educa.madrid.org\/ies.lasencinas.villanuevadelacanada\/\/wp-content\/uploads\/ies.lasencinas.villanuevadelacanada\/2022\/09\/Decalogo-alumno-1_page-0001-124x300.jpg 124w, https:\/\/site.educa.madrid.org\/ies.lasencinas.villanuevadelacanada\/\/wp-content\/uploads\/ies.lasencinas.villanuevadelacanada\/2022\/09\/Decalogo-alumno-1_page-0001-768x1862.jpg 768w, https:\/\/site.educa.madrid.org\/ies.lasencinas.villanuevadelacanada\/\/wp-content\/uploads\/ies.lasencinas.villanuevadelacanada\/2022\/09\/Decalogo-alumno-1_page-0001-845x2048.jpg 845w, https:\/\/site.educa.madrid.org\/ies.lasencinas.villanuevadelacanada\/\/wp-content\/uploads\/ies.lasencinas.villanuevadelacanada\/2022\/09\/Decalogo-alumno-1_page-0001-scaled.jpg 1056w\" sizes=\"auto, (max-width: 422px) 100vw, 422px\" \/><\/a><\/figure><div class=\"wp-block-media-text__content\">\n<p class=\"has-black-color has-text-color\">Para que todo funcione bien en nuestra comunidad educativa, es fundamental que todos colaboremos (pincha en el Dec\u00e1logo del Alumno y en el Dec\u00e1logo para la colaboraci\u00f3n de las familias con el Centro, si no ves bien las im\u00e1genes).<\/p>\n\n\n\n<p class=\"has-black-color has-text-color\">Comentamos a continuaci\u00f3n cu\u00e1les son los pilares de la convivencia en este centro:<\/p>\n\n\n\n<p class=\"has-black-color has-text-color\"><strong>EL <\/strong><strong>RESPETO:<\/strong><\/p>\n\n\n\n<p class=\"has-black-color has-text-color\">&#8211; A CUALQUIER MIEMBRO DE LA COMUNIDAD EDUCATIVA:<\/p>\n\n\n\n<p class=\"has-black-color has-text-color\">a) A la autoridad del profesor, tanto dentro de la clase como en el resto del recinto escolar.<\/p>\n\n\n\n<p class=\"has-black-color has-text-color\">b) A los compa\u00f1eros y compa\u00f1eras, no permiti\u00e9ndose en ning\u00fan caso el ejercicio de violencia f\u00edsica o verbal.<\/p>\n\n\n\n<p class=\"has-black-color has-text-color\">c) A los auxiliares de control, administrativos y personal de limpieza.<\/p>\n\n\n\n<p class=\"has-black-color has-text-color\">&#8211; A LA ACTIVIDAD ESCOLAR:<\/p>\n\n\n\n<p class=\"has-black-color has-text-color\">d) Siguiendo las orientaciones e instrucciones de los profesores y participando en las actividades que se realicen en cada momento, trayendo a clase el material para el desarrollo normal de las actividades.<\/p>\n\n\n\n<p class=\"has-black-color has-text-color\">e) Realizando los trabajos que los profesores manden fuera de las horas de clase.<\/p>\n\n\n\n<p class=\"has-black-color has-text-color\">f) Sin interrumpir la clase, entrando y saliendo de las aulas adecuadamente, sent\u00e1ndose de forma correcta, esperando a salir al patio para comer o beber.<\/p>\n\n\n\n<p class=\"has-black-color has-text-color\">g) Devolviendo firmados los boletines de notas o notificaciones del Centro.<\/p>\n\n\n\n<p class=\"has-black-color has-text-color\">h) Visti\u00e9ndonos y ase\u00e1ndonos de forma adecuada para asistir a un centro educativo.<\/p>\n<\/div><\/div>\n\n\n\n<div class=\"wp-block-media-text alignwide has-media-on-the-right is-stacked-on-mobile\" style=\"grid-template-columns:auto 27%\"><div class=\"wp-block-media-text__content\">\n<p class=\"has-black-color has-text-color\">&#8211; A LAS INSTALACIONES Y OBJETOS PERSONALES:<\/p>\n\n\n\n<p class=\"has-black-color has-text-color\">i) Los alumnos deben cuidar y utilizar adecuadamente la totalidad de las instalaciones y el material del Centro.<\/p>\n\n\n\n<p class=\"has-black-color has-text-color\">Cada alumno es responsable del pupitre que ocupa en su aula habitualmente, manteni\u00e9ndolo limpio y sin desperfectos. Igualmente, el grupo se responsabiliza del estado de su aula. El delegado comunicar\u00e1 a su tutor y a conserjer\u00eda cualquier desperfecto que se origine.<\/p>\n\n\n\n<p class=\"has-black-color has-text-color\">j) Cada alumno es responsable de sus pertenencias mientras est\u00e9 en el Instituto. Es mejor no traer objetos delicados o de valor al Centro. <strong>El instituto no se hace responsable de dichas pertenencias<\/strong>, pues no son necesarias para la labor educativa. El alumnado puede solicitar el uso de una taquilla.<\/p>\n\n\n\n<p class=\"has-black-color has-text-color\">k) Cualquier dispositivo electr\u00f3nico debe estar guardado (aparatos de m\u00fasica, m\u00f3viles&#8230;), as\u00ed como cualquier material que no haya sido indicado expresamente por los profesores. El tel\u00e9fono de Jefatura de estudios est\u00e1 disponible para que el alumno llame o reciba llamadas, si fuera necesario.<\/p>\n\n\n\n<p class=\"has-black-color has-text-color\"><strong>ENTRADAS, SALIDAS Y PASILLOS:<\/strong><\/p>\n\n\n\n<p class=\"has-black-color has-text-color\"><strong>. <\/strong><strong>Las clases comienzan a las 8:30<\/strong><strong>, por lo que hay que estar en el aula a las 8&#8217;25h., cuando suena el timbre<\/strong><strong>. <\/strong>Ser\u00e1 posible entrar al centro desde las 8 h. por el port\u00f3n de <em>Jardines de Espa\u00f1a, <\/em>para esperar en el patio o desayunando en la cafeter\u00eda; las dem\u00e1s puertas abrir\u00e1n a partir de las 8&#8217;15 h.<\/p>\n\n\n\n<p class=\"has-black-color has-text-color\">. Es fundamental que nos movamos por el centro con tranquilidad, sin correr en los pasillos y respetando las zonas asignadas (patio y aseos).<\/p>\n\n\n\n<p class=\"has-black-color has-text-color\">. En los cambios de clase, si no toca cambiar de aula, nos quedaremos dentro.<\/p>\n\n\n\n<p class=\"has-black-color has-text-color\">. Si se necesita salir al lavabo o para llamar desde jefatura, pediremos permiso al profesor (esperaremos al recreo para hacer otro tipo de gestiones).<\/p>\n\n\n\n<p class=\"has-black-color has-text-color\">.Para ausentarse del centro, ser\u00e1 necesaria una autorizaci\u00f3n firmada por padre, madre o tutor legal.<\/p>\n<\/div><figure class=\"wp-block-media-text__media\"><a href=\"https:\/\/drive.google.com\/file\/d\/1Ld2i-UxKr4-PgTwDknmBp5Fxk0Q7M2lU\/view?usp=sharing\"><img loading=\"lazy\" decoding=\"async\" width=\"410\" height=\"1024\" src=\"https:\/\/site.educa.madrid.org\/ies.lasencinas.villanuevadelacanada\/\/wp-content\/uploads\/ies.lasencinas.villanuevadelacanada\/2022\/09\/Decalogo-familias-2_page-0001-410x1024.jpg\" alt=\"\" class=\"wp-image-1372 size-full\" srcset=\"https:\/\/site.educa.madrid.org\/ies.lasencinas.villanuevadelacanada\/\/wp-content\/uploads\/ies.lasencinas.villanuevadelacanada\/2022\/09\/Decalogo-familias-2_page-0001-410x1024.jpg 410w, https:\/\/site.educa.madrid.org\/ies.lasencinas.villanuevadelacanada\/\/wp-content\/uploads\/ies.lasencinas.villanuevadelacanada\/2022\/09\/Decalogo-familias-2_page-0001-120x300.jpg 120w, https:\/\/site.educa.madrid.org\/ies.lasencinas.villanuevadelacanada\/\/wp-content\/uploads\/ies.lasencinas.villanuevadelacanada\/2022\/09\/Decalogo-familias-2_page-0001-768x1920.jpg 768w, https:\/\/site.educa.madrid.org\/ies.lasencinas.villanuevadelacanada\/\/wp-content\/uploads\/ies.lasencinas.villanuevadelacanada\/2022\/09\/Decalogo-familias-2_page-0001-819x2048.jpg 819w, https:\/\/site.educa.madrid.org\/ies.lasencinas.villanuevadelacanada\/\/wp-content\/uploads\/ies.lasencinas.villanuevadelacanada\/2022\/09\/Decalogo-familias-2_page-0001-scaled.jpg 1024w\" sizes=\"auto, (max-width: 410px) 100vw, 410px\" \/><\/a><\/figure><\/div>\n\n\n\n<p class=\"has-black-color has-text-color\"><strong>SI TENGO UN PROBLEMA CON ALG\u00daN PROFESOR:<\/strong><\/p>\n\n\n\n<p class=\"has-black-color has-text-color\">. Lo primero es obedecer sus instrucciones, y luego intentar hablar con \u00e9l o ella en el recreo, tranquilamente y en privado.<\/p>\n\n\n\n<p class=\"has-black-color has-text-color\">. Si no se llega a un acuerdo satisfactorio, puedes acudir al tutor para que medie entre ambas partes, o al Jefe de estudios correspondiente si el problema es grave.<\/p>\n\n\n\n<p class=\"has-black-color has-text-color\"><strong>ASISTENCIA A LAS CLASES:<\/strong><\/p>\n\n\n\n<p class=\"has-black-color has-text-color\">\u00b7 La asistencia a clase es obligatoria. Las ausencias pueden afectar considerablemente a las calificaciones, especialmente en las asignaturas m\u00e1s pr\u00e1cticas; y, si son reiteradas, tanto las justificadas como las que no los est\u00e1n, pueden hacer perder el derecho de evaluaci\u00f3n continua. En este caso el alumno no podr\u00e1 ser evaluado por los procedimientos habituales.<\/p>\n\n\n\n<p class=\"has-black-color has-text-color\">\u00b7 Son los tutores quienes justifican las faltas de asistencia, tras recibir la informaci\u00f3n por parte de la familia (en la agenda o a trav\u00e9s del correo o de Roble).<\/p>\n\n\n\n<p class=\"has-black-color has-text-color\">En <strong><a href=\"https:\/\/site.educa.madrid.org\/ies.lasencinas.villanuevadelacanada\/index.php\/documentos-institucionales\/\" data-type=\"page\" data-id=\"664\">Documentos Institucionales<\/a><\/strong> se puede consultar el Reglamento de R\u00e9gimen Interior y el Plan de Convivencia.<\/p>\n\n\n\n<p><\/p>\n\n\n\n<p><\/p>\n","protected":false},"excerpt":{"rendered":"<p>Para que todo funcione bien en nuestra comunidad educativa, es fundamental que todos colaboremos (pincha en el Dec\u00e1logo del Alumno y en el Dec\u00e1logo para la colaboraci\u00f3n de las familias &#8230;<\/p>\n","protected":false},"author":3,"featured_media":0,"parent":662,"menu_order":0,"comment_status":"closed","ping_status":"closed","template":"","meta":{"footnotes":""},"folder":[],"class_list":["post-736","page","type-page","status-publish","hentry"],"rttpg_featured_image_url":null,"rttpg_author":{"display_name":"ies.lasencinas.villanuevadelacanada","author_link":"https:\/\/site.educa.madrid.org\/ies.lasencinas.villanuevadelacanada\/index.php\/author\/cuenta_ies-lasencinas-villanuevadelacanada\/"},"rttpg_comment":0,"rttpg_category":false,"rttpg_excerpt":"Para que todo funcione bien en nuestra comunidad educativa, es fundamental que todos colaboremos (pincha en el Dec\u00e1logo del Alumno y en el Dec\u00e1logo para la colaboraci\u00f3n de las familias ...","post_mailing_queue_ids":[],"_links":{"self":[{"href":"https:\/\/site.educa.madrid.org\/ies.lasencinas.villanuevadelacanada\/index.php\/wp-json\/wp\/v2\/pages\/736","targetHints":{"allow":["GET"]}}],"collection":[{"href":"https:\/\/site.educa.madrid.org\/ies.lasencinas.villanuevadelacanada\/index.php\/wp-json\/wp\/v2\/pages"}],"about":[{"href":"https:\/\/site.educa.madrid.org\/ies.lasencinas.villanuevadelacanada\/index.php\/wp-json\/wp\/v2\/types\/page"}],"author":[{"embeddable":true,"href":"https:\/\/site.educa.madrid.org\/ies.lasencinas.villanuevadelacanada\/index.php\/wp-json\/wp\/v2\/users\/3"}],"replies":[{"embeddable":true,"href":"https:\/\/site.educa.madrid.org\/ies.lasencinas.villanuevadelacanada\/index.php\/wp-json\/wp\/v2\/comments?post=736"}],"version-history":[{"count":8,"href":"https:\/\/site.educa.madrid.org\/ies.lasencinas.villanuevadelacanada\/index.php\/wp-json\/wp\/v2\/pages\/736\/revisions"}],"predecessor-version":[{"id":2708,"href":"https:\/\/site.educa.madrid.org\/ies.lasencinas.villanuevadelacanada\/index.php\/wp-json\/wp\/v2\/pages\/736\/revisions\/2708"}],"up":[{"embeddable":true,"href":"https:\/\/site.educa.madrid.org\/ies.lasencinas.villanuevadelacanada\/index.php\/wp-json\/wp\/v2\/pages\/662"}],"wp:attachment":[{"href":"https:\/\/site.educa.madrid.org\/ies.lasencinas.villanuevadelacanada\/index.php\/wp-json\/wp\/v2\/media?parent=736"}],"wp:term":[{"taxonomy":"folder","embeddable":true,"href":"https:\/\/site.educa.madrid.org\/ies.lasencinas.villanuevadelacanada\/index.php\/wp-json\/wp\/v2\/folder?post=736"}],"curies":[{"name":"wp","href":"https:\/\/api.w.org\/{rel}","templated":true}]}}