{"id":737,"date":"2022-09-19T16:30:39","date_gmt":"2022-09-19T14:30:39","guid":{"rendered":"https:\/\/site.educa.madrid.org\/ies.lasencinas.villanuevadelacanada\/?page_id=737"},"modified":"2025-11-03T13:34:17","modified_gmt":"2025-11-03T12:34:17","slug":"buenas-practicas","status":"publish","type":"page","link":"https:\/\/site.educa.madrid.org\/ies.lasencinas.villanuevadelacanada\/index.php\/bienestar\/buenas-practicas\/","title":{"rendered":"Buenas Pr\u00e1cticas"},"content":{"rendered":"\n<p class=\"has-black-color has-text-color has-link-color wp-elements-336a16ea6ae1d287609b883b6f904505\">Desde el IES Las Encinas, queremos promover una serie de \u00abbuenas pr\u00e1cticas\u00bb en la forma de relacionarnos entre los distintos miembros de nuestra comunidad educativa. Tanto en el \u00e1mbito virtual como presencial. Estas son algunas ideas. Estamos abiertos a incorporar otras propuestas para ir mejorando todo lo que podamos nuestras relaciones.<\/p>\n\n\n\n<hr class=\"wp-block-separator has-css-opacity\"\/>\n\n\n\n<p class=\"has-black-color has-light-green-cyan-background-color has-text-color has-background has-link-color wp-elements-f42ea3204563d5865366d4cdcc20ec2c\"><strong>BUENAS PR\u00c1CTICAS&#8230; VIRTUALES: en el uso del correo y aulas virtuales<\/strong><\/p>\n\n\n\n<p class=\"has-black-color has-text-color has-link-color wp-elements-5a3269c3d120ea73acfc2f221daaab6a\"><strong>A.<\/strong> <strong>Comunicaciones <\/strong><strong>familias a profesorado\/jefatura de estudios<\/strong><strong>:<\/strong><\/p>\n\n\n\n<ul class=\"wp-block-list\">\n<li class=\"has-black-color has-text-color has-link-color wp-elements-80e8a8b244d4d650f61b347a055512db\">Identificarse\/facilitar nombre y apellidos y curso en correos.<\/li>\n\n\n\n<li class=\"has-black-color has-text-color has-link-color wp-elements-e3eecef3a0f79d657636626c48c9d3b7\">Conocer el funcionamiento del aula virtual (trabajos y deberes).<\/li>\n\n\n\n<li class=\"has-black-color has-text-color has-link-color wp-elements-e199c2c0a5556bd5c9c7a247ef190885\">Asegurarse de tener activa la suscripci\u00f3n en Roble (faltas asistencia y comunicaciones).<\/li>\n\n\n\n<li class=\"has-black-color has-text-color has-link-color wp-elements-fa7bd52e62377cf66c60cd3eb283c23a\">Ante cualquier incidencia alumno-profesor, contactar con la persona implicada antes de hacerlo directamente con jefatura de estudios.<\/li>\n<\/ul>\n\n\n\n<p class=\"has-black-color has-text-color has-link-color wp-elements-dc86903a6069cfe9570d47b037407d03\"><strong>B. Comunicaciones <\/strong><strong>alumnado a profesorado<\/strong><strong>:<\/strong><\/p>\n\n\n\n<ul class=\"wp-block-list has-black-color has-text-color has-link-color wp-elements-6a0aaa88dc38f33033629349658bd3c2\">\n<li>Respetar la estructura del correo: en el asunto se pone el tema, no el mensaje en s\u00ed.<\/li>\n\n\n\n<li>Utilizar saludos y despedidas.<\/li>\n\n\n\n<li>Evitar escribir en may\u00fasculas (equivalen a gritar) y evitar el exceso de familiaridad.<\/li>\n<\/ul>\n\n\n\n<p class=\"has-black-color has-text-color has-link-color wp-elements-c1e1388cff8fe9f759b89cded1f0df7a\"><strong>C. Comunicaciones <\/strong><strong>profesorado a alumnado<\/strong><strong>:<\/strong><\/p>\n\n\n\n<ul class=\"wp-block-list\">\n<li class=\"has-black-color has-text-color has-link-color wp-elements-50561e1660f2ff2f53a4810e0de6d47a\">Avisos de deberes para el d\u00eda siguiente, antes de las 16 h. Que sean recordatorios de lo que ya se ha dicho en clase y que, por tanto, los alumnos ya tendr\u00e1n apuntado en la agenda.<\/li>\n\n\n\n<li class=\"has-black-color has-text-color has-link-color wp-elements-5e4060a7d740967eadd5f336459981b9\">Fines de semana, puentes y vacaciones: evitar poner tareas sobre la marcha. Para que les sea posible planificar a los alumnos y, sobre todo, a sus familias.<\/li>\n\n\n\n<li class=\"has-black-color has-text-color has-link-color wp-elements-231e0ef21d579d964d094edf16f1b02e\">Devolver siempre las tareas o bien con calificaci\u00f3n o bien con alg\u00fan tipo de recib\u00ed.<\/li>\n<\/ul>\n\n\n\n<p class=\"has-text-align-center has-black-color has-text-color has-link-color wp-elements-71fc2812d54754575f4c2ba0f47e26fd\">Y en la medida de lo posible, unos y otros&#8230;<\/p>\n\n\n\n<p class=\"has-text-align-center has-black-color has-text-color has-link-color wp-elements-5050432108906fb3add76d83bad379bf\"><strong>\u00a1intentemos respetar horarios y d\u00edas de descanso!<\/strong><\/p>\n\n\n\n<hr class=\"wp-block-separator has-css-opacity\"\/>\n\n\n\n<p class=\"has-black-color has-light-green-cyan-background-color has-text-color has-background has-link-color wp-elements-144cbc3988458f212c819f102de18772\"><strong>BUENAS PR\u00c1CTICAS PRESENCIALES<\/strong><\/p>\n\n\n\n<ul class=\"wp-block-list has-black-color has-text-color has-link-color wp-elements-28caa97d055ee589a6c18c5f70155054\">\n<li><strong>Plan de acogida del alumnado de incorporaci\u00f3n tard\u00eda<\/strong>:  En cada grupo, uno o dos alumnos -sean o no delegados, subdelegados o alumnos Participantes- se encargar\u00e1n de \u00abacoger\u00bb al alumnado que pueda ir llegando una vez empezado el curso.\n<ul class=\"wp-block-list\">\n<li>Funciones: ense\u00f1ar instalaciones el primer d\u00eda, presentar a compa\u00f1eros; explicar el uso de la agenda, de las aulas virtuales y correo Educamadrid; acompa\u00f1ar a las aulas materia, comentar principales normas de convivencia.<\/li>\n\n\n\n<li class=\"has-black-color has-text-color has-link-color wp-elements-53f652f992fafe44718011f1d5dffb95\">Acceso al <strong><a href=\"https:\/\/drive.google.com\/file\/d\/19P8i0AEaMhAQ8qcHjeMzn3At8lhatZd8\/view?usp=drive_link\">Plan de Acogida del Alumnado<\/a><\/strong>.<\/li>\n<\/ul>\n<\/li>\n<\/ul>\n\n\n\n<ul class=\"wp-block-list\">\n<li class=\"has-black-color has-text-color has-link-color wp-elements-6c39a5ab024144acea6359787b497aea\"><strong>Plan de acogida del profesorado de incorporaci\u00f3n tard\u00eda<\/strong>: Al igual que en el caso del alumnado, existir\u00e1  una figura de referencia entre el profesorado -por lo general, los jefes de departamento y los jefes de estudios-, ya que tambi\u00e9n hay profesores que, por diversas razones, se incorporan a lo largo del curso y van a sentirse mucho mejor si alguien les acoge, les acompa\u00f1a y les pone al d\u00eda.\n<ul class=\"wp-block-list\">\n<li>Funciones: ense\u00f1ar instalaciones, presentar a compa\u00f1eros; funcionamiento de la carpeta Claustro, aulas virtuales, Ra\u00edces, guardias.<\/li>\n\n\n\n<li>Acceso al<strong><a href=\"https:\/\/drive.google.com\/file\/d\/1YMka62q8ncnoVCGGIM4HeA0aUscJ0q2L\/view?usp=drive_link\"> Plan de Acogida del Profesorado.<\/a><\/strong><\/li>\n<\/ul>\n<\/li>\n\n\n\n<li class=\"has-black-color has-text-color has-link-color wp-elements-9ec3f2bb4f4fb5bf8aca8ba03adf3011\">Como es l\u00f3gico y normal, todos deberemos <strong>cuidar las instalaciones y su entorno<\/strong>, sin ensuciar aulas ni lugares de uso com\u00fan como la cafeter\u00eda, los aseos, el patio, los pasillos&#8230;- ni maltratar el mobiliario. Esta es nuestra segunda casa, aqu\u00ed pasamos muchas horas de nuestra vida.<\/li>\n\n\n\n<li class=\"has-black-color has-text-color has-link-color wp-elements-cbb7e6ea883169ebe317ab309f9c6d21\">Tal y como se acepta con la firma de la matr\u00edcula, la<strong> forma de vestir<\/strong> debe ser adecuada, en consonancia con el lugar en el que estamos: en un centro escolar venimos a trabajar en nuestra formaci\u00f3n acad\u00e9mica, no estamos en la playa o en la piscina, ni hemos salido de fiesta el fin de semana.<\/li>\n<\/ul>\n\n\n\n<p class=\"has-text-align-center has-black-color has-text-color has-link-color wp-elements-875457845efa28791a6a15431b7282e8\"><strong>\u00a1BIENVENIDOS!<\/strong><\/p>\n\n\n\n<p><\/p>\n","protected":false},"excerpt":{"rendered":"<p>Desde el IES Las Encinas, queremos promover una serie de \u00abbuenas pr\u00e1cticas\u00bb en la forma de relacionarnos entre los distintos miembros de nuestra comunidad educativa. Tanto en el \u00e1mbito virtual &#8230;<\/p>\n","protected":false},"author":3,"featured_media":0,"parent":662,"menu_order":0,"comment_status":"closed","ping_status":"closed","template":"","meta":{"footnotes":""},"folder":[],"class_list":["post-737","page","type-page","status-publish","hentry"],"rttpg_featured_image_url":null,"rttpg_author":{"display_name":"ies.lasencinas.villanuevadelacanada","author_link":"https:\/\/site.educa.madrid.org\/ies.lasencinas.villanuevadelacanada\/index.php\/author\/cuenta_ies-lasencinas-villanuevadelacanada\/"},"rttpg_comment":0,"rttpg_category":false,"rttpg_excerpt":"Desde el IES Las Encinas, queremos promover una serie de \u00abbuenas pr\u00e1cticas\u00bb en la forma de relacionarnos entre los distintos miembros de nuestra comunidad educativa. Tanto en el \u00e1mbito virtual ...","post_mailing_queue_ids":[],"_links":{"self":[{"href":"https:\/\/site.educa.madrid.org\/ies.lasencinas.villanuevadelacanada\/index.php\/wp-json\/wp\/v2\/pages\/737","targetHints":{"allow":["GET"]}}],"collection":[{"href":"https:\/\/site.educa.madrid.org\/ies.lasencinas.villanuevadelacanada\/index.php\/wp-json\/wp\/v2\/pages"}],"about":[{"href":"https:\/\/site.educa.madrid.org\/ies.lasencinas.villanuevadelacanada\/index.php\/wp-json\/wp\/v2\/types\/page"}],"author":[{"embeddable":true,"href":"https:\/\/site.educa.madrid.org\/ies.lasencinas.villanuevadelacanada\/index.php\/wp-json\/wp\/v2\/users\/3"}],"replies":[{"embeddable":true,"href":"https:\/\/site.educa.madrid.org\/ies.lasencinas.villanuevadelacanada\/index.php\/wp-json\/wp\/v2\/comments?post=737"}],"version-history":[{"count":7,"href":"https:\/\/site.educa.madrid.org\/ies.lasencinas.villanuevadelacanada\/index.php\/wp-json\/wp\/v2\/pages\/737\/revisions"}],"predecessor-version":[{"id":4219,"href":"https:\/\/site.educa.madrid.org\/ies.lasencinas.villanuevadelacanada\/index.php\/wp-json\/wp\/v2\/pages\/737\/revisions\/4219"}],"up":[{"embeddable":true,"href":"https:\/\/site.educa.madrid.org\/ies.lasencinas.villanuevadelacanada\/index.php\/wp-json\/wp\/v2\/pages\/662"}],"wp:attachment":[{"href":"https:\/\/site.educa.madrid.org\/ies.lasencinas.villanuevadelacanada\/index.php\/wp-json\/wp\/v2\/media?parent=737"}],"wp:term":[{"taxonomy":"folder","embeddable":true,"href":"https:\/\/site.educa.madrid.org\/ies.lasencinas.villanuevadelacanada\/index.php\/wp-json\/wp\/v2\/folder?post=737"}],"curies":[{"name":"wp","href":"https:\/\/api.w.org\/{rel}","templated":true}]}}