{"id":995,"date":"2022-09-20T19:51:14","date_gmt":"2022-09-20T17:51:14","guid":{"rendered":"https:\/\/site.educa.madrid.org\/ies.lasencinas.villanuevadelacanada\/?page_id=995"},"modified":"2025-10-11T12:15:28","modified_gmt":"2025-10-11T10:15:28","slug":"biologia","status":"publish","type":"page","link":"https:\/\/site.educa.madrid.org\/ies.lasencinas.villanuevadelacanada\/index.php\/comunidad-educativa\/departamentos\/biologia\/","title":{"rendered":"Biolog\u00eda y Geolog\u00eda"},"content":{"rendered":"\n<p><strong>PROFESORES DEL DEPARTAMENTO:<\/strong><\/p>\n\n\n\n<ul class=\"wp-block-list\">\n<li>Aurora Nieto Rodr\u00edguez (Jefa del Departamento): aurora.nieto@educa.madrid.org. Hora de atenci\u00f3n a padres: viernes, 11:35<\/li>\n<\/ul>\n\n\n\n<ul class=\"wp-block-list\">\n<li>Laura Fuentes S\u00e1nchez: laura.fuentessanchez@educa.madrid.org. Hora de atenci\u00f3n a padres: lunes, 12:30<\/li>\n<\/ul>\n\n\n\n<ul class=\"wp-block-list\">\n<li>Cristina Mena Mart\u00ednez: cmena@educa.madrid.org. Hora de atenci\u00f3n a padres: viernes, 12:30<\/li>\n<\/ul>\n\n\n\n<ul class=\"wp-block-list\">\n<li>Marta de la Morena del Olmo: mdlmdo1@educa.madrid.org. Hora de atenci\u00f3n a padres: viernes, 11:35<\/li>\n<\/ul>\n\n\n\n<p><strong>MATERIAS IMPARTIDAS POR EL DEPARTAMENTO:<\/strong><\/p>\n\n\n\n<ul class=\"wp-block-list\">\n<li>Biolog\u00eda y Geolog\u00eda 1\u00ba, 3\u00ba y 4\u00ba ESO<\/li>\n\n\n\n<li>Proyecto Cient\u00edfico 4\u00ba ESO (en franc\u00e9s)<\/li>\n\n\n\n<li>Proyecto en Investigaci\u00f3n Cient\u00edfica e Innovaci\u00f3n Tecnol\u00f3gica 4\u00ba ESO (en ingl\u00e9s)<\/li>\n\n\n\n<li>Biolog\u00eda, Geolog\u00eda y Ciencias Ambientales 1\u00ba Bach<\/li>\n\n\n\n<li>Anatom\u00eda y Fisiolog\u00eda Humanas 1\u00ba Bach<\/li>\n\n\n\n<li>Biolog\u00eda 2\u00ba Bach<\/li>\n<\/ul>\n\n\n\n<p><strong>CRITERIOS DE CALIFICACI\u00d3N:<\/strong><\/p>\n\n\n\n<p><\/p>\n\n\n\n<ul class=\"wp-block-list\">\n<li><a href=\"https:\/\/drive.google.com\/file\/d\/1FEBlDnnRrhw8s-nUjjdgd0PyC6v36R1r\/view?usp=drive_link\" target=\"_blank\" rel=\"noreferrer noopener\">Cuadro resumen<\/a><\/li>\n\n\n\n<li>Para informaci\u00f3n m\u00e1s detallada, consultar programaci\u00f3n a trav\u00e9s de los profesores del departamento<\/li>\n<\/ul>\n\n\n\n<p><\/p>\n","protected":false},"excerpt":{"rendered":"<p>PROFESORES DEL DEPARTAMENTO: MATERIAS IMPARTIDAS POR EL DEPARTAMENTO: CRITERIOS DE CALIFICACI\u00d3N:<\/p>\n","protected":false},"author":3,"featured_media":0,"parent":672,"menu_order":0,"comment_status":"closed","ping_status":"closed","template":"","meta":{"footnotes":""},"folder":[],"class_list":["post-995","page","type-page","status-publish","hentry"],"rttpg_featured_image_url":null,"rttpg_author":{"display_name":"ies.lasencinas.villanuevadelacanada","author_link":"https:\/\/site.educa.madrid.org\/ies.lasencinas.villanuevadelacanada\/index.php\/author\/cuenta_ies-lasencinas-villanuevadelacanada\/"},"rttpg_comment":0,"rttpg_category":false,"rttpg_excerpt":"PROFESORES DEL DEPARTAMENTO: MATERIAS IMPARTIDAS POR EL DEPARTAMENTO: CRITERIOS DE CALIFICACI\u00d3N:","post_mailing_queue_ids":[],"_links":{"self":[{"href":"https:\/\/site.educa.madrid.org\/ies.lasencinas.villanuevadelacanada\/index.php\/wp-json\/wp\/v2\/pages\/995","targetHints":{"allow":["GET"]}}],"collection":[{"href":"https:\/\/site.educa.madrid.org\/ies.lasencinas.villanuevadelacanada\/index.php\/wp-json\/wp\/v2\/pages"}],"about":[{"href":"https:\/\/site.educa.madrid.org\/ies.lasencinas.villanuevadelacanada\/index.php\/wp-json\/wp\/v2\/types\/page"}],"author":[{"embeddable":true,"href":"https:\/\/site.educa.madrid.org\/ies.lasencinas.villanuevadelacanada\/index.php\/wp-json\/wp\/v2\/users\/3"}],"replies":[{"embeddable":true,"href":"https:\/\/site.educa.madrid.org\/ies.lasencinas.villanuevadelacanada\/index.php\/wp-json\/wp\/v2\/comments?post=995"}],"version-history":[{"count":18,"href":"https:\/\/site.educa.madrid.org\/ies.lasencinas.villanuevadelacanada\/index.php\/wp-json\/wp\/v2\/pages\/995\/revisions"}],"predecessor-version":[{"id":4162,"href":"https:\/\/site.educa.madrid.org\/ies.lasencinas.villanuevadelacanada\/index.php\/wp-json\/wp\/v2\/pages\/995\/revisions\/4162"}],"up":[{"embeddable":true,"href":"https:\/\/site.educa.madrid.org\/ies.lasencinas.villanuevadelacanada\/index.php\/wp-json\/wp\/v2\/pages\/672"}],"wp:attachment":[{"href":"https:\/\/site.educa.madrid.org\/ies.lasencinas.villanuevadelacanada\/index.php\/wp-json\/wp\/v2\/media?parent=995"}],"wp:term":[{"taxonomy":"folder","embeddable":true,"href":"https:\/\/site.educa.madrid.org\/ies.lasencinas.villanuevadelacanada\/index.php\/wp-json\/wp\/v2\/folder?post=995"}],"curies":[{"name":"wp","href":"https:\/\/api.w.org\/{rel}","templated":true}]}}