{"id":996,"date":"2022-09-20T19:51:28","date_gmt":"2022-09-20T17:51:28","guid":{"rendered":"https:\/\/site.educa.madrid.org\/ies.lasencinas.villanuevadelacanada\/?page_id=996"},"modified":"2025-09-26T13:23:39","modified_gmt":"2025-09-26T11:23:39","slug":"educacion-plastica","status":"publish","type":"page","link":"https:\/\/site.educa.madrid.org\/ies.lasencinas.villanuevadelacanada\/index.php\/comunidad-educativa\/departamentos\/educacion-plastica\/","title":{"rendered":"Educaci\u00f3n Pl\u00e1stica"},"content":{"rendered":"\n<p><strong>PROFESORES DEL DEPARTAMENTO<\/strong><\/p>\n\n\n\n<ul class=\"wp-block-list\">\n<li>Cristina Navajo Gonz\u00e1lez (cristina.navajogonzalez@educa.madrid.org). Horario de atenci\u00f3n a padres: los martes, de 12:30 a 13:25, mediante cita previa.<\/li>\n\n\n\n<li>Ignacio Escobar Garc\u00eda-Quir\u00f3s (Jefe del Dpto.) (ignacio.escobargarcia@educa.madrid.org). Horario de atenci\u00f3n a padres: los martes, de 9:25 a 10:15, mediante cita previa.<\/li>\n<\/ul>\n\n\n\n<p><strong>CRITERIOS DE CALIFICACI\u00d3N:<\/strong><\/p>\n\n\n\n<ul class=\"wp-block-list\">\n<li><a href=\"https:\/\/drive.google.com\/file\/d\/10mIvZVa71Sx5_P0TLxesUYa1l_Tsx0ui\/view?usp=drivesdk\">Extracto o cuadro resumen<\/a><\/li>\n\n\n\n<li>Para informaci\u00f3n m\u00e1s detallada, consultar programaci\u00f3n a trav\u00e9s de los profesores del departamento<\/li>\n<\/ul>\n\n\n\n<p><strong>MATERIAS IMPARTIDAS POR EL DEPARTAMENTO:<\/strong><\/p>\n\n\n\n<ul class=\"wp-block-list\">\n<li>Educaci\u00f3n Pl\u00e1stica, Visual y Audiovisual 1\u00ba y 2\u00ba ESO<\/li>\n\n\n\n<li>Dibujo t\u00e9cnico 1\u00ba Y 2\u00ba Bach.<\/li>\n<\/ul>\n\n\n\n<p><\/p>\n","protected":false},"excerpt":{"rendered":"<p>PROFESORES DEL DEPARTAMENTO CRITERIOS DE CALIFICACI\u00d3N: MATERIAS IMPARTIDAS POR EL DEPARTAMENTO:<\/p>\n","protected":false},"author":3,"featured_media":0,"parent":672,"menu_order":0,"comment_status":"closed","ping_status":"closed","template":"","meta":{"footnotes":""},"folder":[],"class_list":["post-996","page","type-page","status-publish","hentry"],"rttpg_featured_image_url":null,"rttpg_author":{"display_name":"ies.lasencinas.villanuevadelacanada","author_link":"https:\/\/site.educa.madrid.org\/ies.lasencinas.villanuevadelacanada\/index.php\/author\/cuenta_ies-lasencinas-villanuevadelacanada\/"},"rttpg_comment":0,"rttpg_category":false,"rttpg_excerpt":"PROFESORES DEL DEPARTAMENTO CRITERIOS DE CALIFICACI\u00d3N: MATERIAS IMPARTIDAS POR EL DEPARTAMENTO:","post_mailing_queue_ids":[],"_links":{"self":[{"href":"https:\/\/site.educa.madrid.org\/ies.lasencinas.villanuevadelacanada\/index.php\/wp-json\/wp\/v2\/pages\/996","targetHints":{"allow":["GET"]}}],"collection":[{"href":"https:\/\/site.educa.madrid.org\/ies.lasencinas.villanuevadelacanada\/index.php\/wp-json\/wp\/v2\/pages"}],"about":[{"href":"https:\/\/site.educa.madrid.org\/ies.lasencinas.villanuevadelacanada\/index.php\/wp-json\/wp\/v2\/types\/page"}],"author":[{"embeddable":true,"href":"https:\/\/site.educa.madrid.org\/ies.lasencinas.villanuevadelacanada\/index.php\/wp-json\/wp\/v2\/users\/3"}],"replies":[{"embeddable":true,"href":"https:\/\/site.educa.madrid.org\/ies.lasencinas.villanuevadelacanada\/index.php\/wp-json\/wp\/v2\/comments?post=996"}],"version-history":[{"count":12,"href":"https:\/\/site.educa.madrid.org\/ies.lasencinas.villanuevadelacanada\/index.php\/wp-json\/wp\/v2\/pages\/996\/revisions"}],"predecessor-version":[{"id":4122,"href":"https:\/\/site.educa.madrid.org\/ies.lasencinas.villanuevadelacanada\/index.php\/wp-json\/wp\/v2\/pages\/996\/revisions\/4122"}],"up":[{"embeddable":true,"href":"https:\/\/site.educa.madrid.org\/ies.lasencinas.villanuevadelacanada\/index.php\/wp-json\/wp\/v2\/pages\/672"}],"wp:attachment":[{"href":"https:\/\/site.educa.madrid.org\/ies.lasencinas.villanuevadelacanada\/index.php\/wp-json\/wp\/v2\/media?parent=996"}],"wp:term":[{"taxonomy":"folder","embeddable":true,"href":"https:\/\/site.educa.madrid.org\/ies.lasencinas.villanuevadelacanada\/index.php\/wp-json\/wp\/v2\/folder?post=996"}],"curies":[{"name":"wp","href":"https:\/\/api.w.org\/{rel}","templated":true}]}}