{"id":997,"date":"2022-09-20T19:51:49","date_gmt":"2022-09-20T17:51:49","guid":{"rendered":"https:\/\/site.educa.madrid.org\/ies.lasencinas.villanuevadelacanada\/?page_id=997"},"modified":"2026-03-20T22:32:27","modified_gmt":"2026-03-20T21:32:27","slug":"frances","status":"publish","type":"page","link":"https:\/\/site.educa.madrid.org\/ies.lasencinas.villanuevadelacanada\/index.php\/comunidad-educativa\/departamentos\/frances\/","title":{"rendered":"Franc\u00e9s"},"content":{"rendered":"\n<p><strong>PROFESORES DEL DEPARTAMENTO:<\/strong><\/p>\n\n\n\n<ul class=\"wp-block-list\">\n<li>Myriam Kaisergruber (Jefa del Dpto. y coordinadora de la Secci\u00f3n Ling\u00fc\u00edstica Francesa) : mkaisergruber@educa.madrid.org (horario de atenci\u00f3n a familias: mi\u00e9rcoles de 13.25h a 14.20h)<\/li>\n\n\n\n<li>Marina Mathilde Garc\u00eda : marina.garcia9@educa.madrid.org (horario de atenci\u00f3n a familias: viernes de 9.25h a 10.20h)<\/li>\n\n\n\n<li>Beatriz Villalgordo: beatriz.villalgordo@educa.madrid.org. (horario de atenci\u00f3n a familias: jueves de 10.20 a 11.10h)<\/li>\n<\/ul>\n\n\n\n<p><strong>CRITERIOS DE CALIFICACI\u00d3N, EVALUACI\u00d3N EXTRAORDINARIA Y DE PENDIENTES:<\/strong><\/p>\n\n\n\n<ul class=\"wp-block-list\">\n<li><a href=\"https:\/\/docs.google.com\/document\/d\/1Vf_w2xn8y0wfMeUj_qZi437uncnt3bhh\/edit?usp=drive_link&amp;ouid=104510316241349988302&amp;rtpof=true&amp;sd=true\" target=\"_blank\" rel=\"noreferrer noopener\"> <\/a>Pinchar sobre  <a href=\"https:\/\/drive.google.com\/file\/d\/17YEnGvaSp9J0w3VdXWqdauOBKaskP6ig\/view?usp=sharing\">criterios<\/a> para consultar<\/li>\n\n\n\n<li>Para informaci\u00f3n m\u00e1s detallada, consultar programaci\u00f3n a trav\u00e9s de los profesores del departamento.<\/li>\n<\/ul>\n\n\n\n<p><strong>MATERIAS IMPARTIDAS POR EL DEPARTAMENTO:<\/strong><\/p>\n\n\n\n<ul class=\"wp-block-list\">\n<li>Franc\u00e9s ESO y Bach. de Secci\u00f3n Francesa<\/li>\n\n\n\n<li>Optativa de Franc\u00e9s<\/li>\n<\/ul>\n\n\n\n<p><strong>TRABAJO POR PROYECTOS: perspectiva co-accional: <\/strong>enlace a <a href=\"https:\/\/docs.google.com\/presentation\/d\/1n-i4Y4Np2amDurxrbZNlKhYfzCjPLTNE\/edit?usp=sharing&amp;ouid=110084493082786270865&amp;rtpof=true&amp;sd=true\" target=\"_blank\" rel=\"noreferrer noopener\">presentaci\u00f3n y ejemplos<\/a>.<\/p>\n\n\n\n<p>-Perspectiva multimetodol\u00f3gica, nuevas tecnolog\u00edas y trabajo en equipo.<\/p>\n\n\n\n<p>-Propuesta de tareas significativas, proyectos trimestrales. Pedagog\u00eda inversa.<\/p>\n\n\n\n<p><\/p>\n\n\n\n<h5 class=\"wp-block-heading\"><strong>VIAJE A SUIZA y ALPES FRANCESES PARA 1\u00ba ESO FRANC\u00c9S :<\/strong><\/h5>\n\n\n\n<p>NUEVO!! <a href=\"https:\/\/drive.google.com\/file\/d\/1INeVaRIOBcL8CY-ZP1fJPvXahsunqsvc\/view?usp=sharing\">Gui\u00f3n reuni\u00f3n \u00faltima viaje Suiza<\/a><\/p>\n\n\n\n<p>&#8211;<a href=\"https:\/\/drive.google.com\/file\/d\/1Q3jQvTeHbZJAHbx6-UK5czn_o05hPLlI\/view?usp=sharing\">GUI\u00d3N reuni\u00f3n 25-09-26<\/a><\/p>\n\n\n\n<p>&#8211;<a href=\"https:\/\/drive.google.com\/file\/d\/1MgZsNkX-wtShO1MfoECfHMBnyygwogJ5\/view?usp=sharing\">PRESENTACI\u00d3N VIAJE<\/a><\/p>\n\n\n\n<p>&#8211;<a href=\"https:\/\/drive.google.com\/file\/d\/1IfoVfYVhAgrR3t7c7S3E9lo2TYtTlZtU\/view?usp=drive_link\">ficha m\u00e9dica&nbsp;<\/a><\/p>\n\n\n\n<p>&#8211;<a href=\"https:\/\/drive.google.com\/file\/d\/1eCqYEwEyXz1h7_Mqxe3KIEOCpZOk3mgQ\/view?usp=sharing\">Autorizaci\u00f3n protecci\u00f3n de datos<\/a><\/p>\n\n\n\n<p>&#8211;<a href=\"https:\/\/drive.google.com\/file\/d\/1_FY942nhOA0RlTXB2k9uQLGj4RX27UUX\/view?usp=sharing\">normas y compromisos<\/a><\/p>\n\n\n\n<p><\/p>\n\n\n\n<p>&#8211;<a href=\"https:\/\/drive.google.com\/file\/d\/1h1zV0lP2PT6GkFz07oG2xpUmK7BhnR5o\/view?usp=sharing\">instrucciones plataforma de inscripci\u00f3n<\/a><\/p>\n\n\n\n<ul class=\"wp-block-list\">\n<li><a href=\"https:\/\/drive.google.com\/file\/d\/1U5at3JAEsBKR3HDAy60syvyqqafGXjes\/view?usp=sharing\">nota adicional aclaratoria para subir documentos<\/a><\/li>\n<\/ul>\n\n\n\n<p><\/p>\n\n\n\n<p>&#8211;<a href=\"https:\/\/drive.google.com\/file\/d\/1o6jM_mQsJHwurUSMlKlBsKWyZP_g8-o4\/view?usp=drive_link\">Condiciones del seguro detallado<\/a><\/p>\n\n\n\n<p><\/p>\n\n\n\n<p><\/p>\n\n\n\n<p><strong>INTERCAMBIO DE MOVILIDAD INDIVIDUAL 3\u00ba ESO EN REGI\u00d3N PARISINA, LYC\u00c9E LA MARE CARR\u00c9E<\/strong><\/p>\n\n\n\n<p>. <a href=\"https:\/\/drive.google.com\/file\/d\/1na2TFGhIe5Be7BQKmyBmrQfVvqSXV6kB\/view?usp=sharing\">Informaci\u00f3n nuevo intercambio y convocatoria reuni\u00f3n 15-10-2025<\/a><\/p>\n\n\n\n<p>. <a href=\"https:\/\/drive.google.com\/file\/d\/1ygFR6rbARBwLGP7U2EmFyc6qNnwLFk0W\/view?usp=drive_link\">Documento ficha m\u00e9dica<\/a><\/p>\n\n\n\n<p>. <a href=\"https:\/\/drive.google.com\/file\/d\/14JTdAw1_lyonv8daigla3jLuAxRSRhiG\/view?usp=sharing\">Documento autorizaci\u00f3n datos<\/a><\/p>\n\n\n\n<p>. <a href=\"https:\/\/drive.google.com\/file\/d\/1Ot3i68ACFfJEVFYTBdZIxsf1ZUEi27tH\/view?usp=sharing\">Documento aceptaci\u00f3n normas y compromiso en espa\u00f1ol<\/a><\/p>\n\n\n\n<p>. <a href=\"https:\/\/drive.google.com\/file\/d\/1iZ0eubcffQ-uMUH9Bezx6NBv5wzPkEeh\/view?usp=sharing\">Document acceptation normes et engagement<\/a><\/p>\n\n\n\n<p>. <a href=\"https:\/\/drive.google.com\/file\/d\/1q9767GjdJqBBV9VlvajVqP0AcGvPGTDq\/view?usp=drive_link\" data-type=\"link\" data-id=\"https:\/\/drive.google.com\/file\/d\/1q9767GjdJqBBV9VlvajVqP0AcGvPGTDq\/view?usp=drive_link\">GUI\u00d3N REUNI\u00d3N CELEBRADA  EL 15 DE OCTUBRE<\/a><\/p>\n\n\n\n<p>. <\/p>\n\n\n\n<p><\/p>\n\n\n\n<p><strong>INTERCAMBIO GRUPAL 3\u00ba ESO CON EL LICEO CSI EUROPOLE DE GRENOBLE<\/strong><\/p>\n\n\n\n<p><strong>\u00a1\u00a1Novedad!! <\/strong><a href=\"https:\/\/drive.google.com\/file\/d\/1ze8us7pDdKPWew75Y1sYywodbkTk8Zvf\/view?usp=sharing\"><strong>Guion reuni\u00f3n previa al viaje (13-01-26)<\/strong><\/a><\/p>\n\n\n\n<p>.<strong> <a href=\"https:\/\/drive.google.com\/file\/d\/1l_p-Qx_cxGtDt7I1SXMLf5AHntR3XbXe\/view?usp=drive_link\">Informaci\u00f3n de este nuevo intercambio <\/a><\/strong><\/p>\n\n\n\n<p>. <strong>Importante! leer antes de hacer pago plataforma o rellenar documentaci\u00f3n<\/strong>: <a href=\"https:\/\/drive.google.com\/file\/d\/1JINgs4AUsLZcs5pyuRWoviK5ASko79Wg\/view?usp=drive_link\">Gui\u00f3n\/resumen reuni\u00f3n familias<strong> 19-11-2025<\/strong><\/a><\/p>\n\n\n\n<p>. <a href=\"https:\/\/drive.google.com\/file\/d\/1GgySWZUlpM7GpBwLG6mwX4_fqSusmlYC\/view?usp=sharing\"><strong>Presentaci\u00f3n actualizada intercambio y fechas<\/strong><\/a><\/p>\n\n\n\n<p>. <a href=\"https:\/\/drive.google.com\/file\/d\/1b7jjSgMdJkBeUf1Y-u9X1c0-p_bAJuWo\/view?usp=drive_link\">instrucciones pago plataforma<\/a><\/p>\n\n\n\n<p>. <a href=\"https:\/\/drive.google.com\/file\/d\/1kEF350Tg8GfeTWMJynTDgSLvr_ro6P2q\/view?usp=drive_link\">ficha personal <\/a><\/p>\n\n\n\n<p>. <a href=\"https:\/\/drive.google.com\/file\/d\/1iy-yHzga9Z55xBAN3iBH6sPBRe7VYIaF\/view?usp=drive_link\">ficha m\u00e9dica<\/a><\/p>\n\n\n\n<p>. <a href=\"https:\/\/drive.google.com\/file\/d\/1qPN4m7hBF2PlF5-MQ6AATVe7Io0_EL3I\/view?usp=drive_link\">aceptaci\u00f3n normas IES<\/a><\/p>\n\n\n\n<p>. <a href=\"https:\/\/drive.google.com\/file\/d\/1AbsJLBBXWsK83tZzRWvDwvRe5HHzfVMq\/view?usp=drive_link\">compromiso \u00abengagement\u00bb<\/a><\/p>\n\n\n\n<p>. <a href=\"https:\/\/drive.google.com\/file\/d\/1TERysKIx1oR864N6koGqwdQyaa_60OxO\/view?usp=drive_link\">pol\u00edtica privacidad protecci\u00f3n de datos<\/a><\/p>\n\n\n\n<p>. <a href=\"https:\/\/drive.google.com\/file\/d\/18vqzBqu7Jg9uY_tE4aR7Hjp_FeOlDzEV\/view?usp=drive_link\">cobertura seguro<\/a><\/p>\n\n\n\n<p><\/p>\n\n\n\n<p><\/p>\n\n\n\n<p><strong>INTERCAMBIO DE MOVILIDAD INDIVIDUAL 4 \u00ba ESO CON QUIMPER (BRETA\u00d1A), LYC\u00c9E LE LIK\u00c8S<\/strong><\/p>\n\n\n\n<p>. <strong><a href=\"https:\/\/drive.google.com\/file\/d\/1c3ZlaTf5rlkg1QigRh_3BaRMYgYT-w3w\/view?usp=sharing\">Gui\u00f3n\/resumen reuni\u00f3n celebrada el 24-09-25<\/a><\/strong><\/p>\n\n\n\n<ul class=\"wp-block-list\">\n<li><a href=\"https:\/\/docs.google.com\/document\/d\/1FhU03xUHjCBKG-0nM2vsy2ke89FSlH3t\/edit?usp=sharing&amp;ouid=104510316241349988302&amp;rtpof=true&amp;sd=true\" target=\"_blank\" rel=\"noreferrer noopener\">Ficha intercambio<\/a><\/li>\n\n\n\n<li><a href=\"https:\/\/docs.google.com\/document\/d\/1Yoa5SXiGrSV_Dd4dNdNKFjxIl7gRuBBf\/edit?usp=drive_link&amp;ouid=104510316241349988302&amp;rtpof=true&amp;sd=true\" target=\"_blank\" rel=\"noreferrer noopener\">Delegaci\u00f3n de Autoridad parental y compromisos<\/a><\/li>\n\n\n\n<li><a href=\"https:\/\/docs.google.com\/document\/d\/1HhJHNMPobBpTxNt3SUaGHu6pojfIVyqc\/edit?usp=drive_link&amp;ouid=104510316241349988302&amp;rtpof=true&amp;sd=true\">Traducci\u00f3n al castellano de la delegaci\u00f3n y compromisos<\/a><\/li>\n\n\n\n<li><a href=\"https:\/\/drive.google.com\/file\/d\/1UkMS_jdMugrTcVspNxH7N4WQUiXjW8dc\/view?usp=sharing\">Autorizaci\u00f3n protecci\u00f3n de datos<\/a><\/li>\n\n\n\n<li>Autorizaci\u00f3n de la Guardia civil: ya entregada la informaci\u00f3n por mail<\/li>\n\n\n\n<li><a href=\"https:\/\/drive.google.com\/file\/d\/1Asb6s3K4s3nwfHDk_QEHBpCSI_PpiD9q\/view?usp=drive_link\">Resumen de la reuni\u00f3n celebrada el 19-11-2025 sobre preparativos intercambio inminente<\/a><\/li>\n\n\n\n<li><strong>NOVEDAD!! Este lunes 24 o martes 25-11 haremos entrega de los horarios de sus hijos en Francia<\/strong><\/li>\n<\/ul>\n\n\n\n<p><\/p>\n\n\n\n<p><strong>INTERCAMBIO PROGRAMA OFICIAL COMUNIDAD DE MADRID\/ACAD\u00c9MIE DE LYON PICASSO MOB (MOVILIDAD INDIVIDUAL PARA M\u00c1XIMO 4) PARA 1\u00ba DE BACHILLERATO<\/strong><\/p>\n\n\n\n<p>Iniciado el intercambio con una alumna seleccionada de  nuestro centro con el Lyc\u00e9e de Saint Exup\u00e9ry de Lyon en inmersi\u00f3n plena en familia y centro: desde el 15 de septiembre al 10 de octubre. Recibiremos a su vez a la alumna francesa en nuestro centro del 27 de octubre al 21 de noviembre.<\/p>\n\n\n\n<p>\u00a1ATENTOS A LA CONVOCATORIA EN ABRIL 2026 PARA EL CURSO QUE VIENE SI EST\u00c1IS INTERESADOS! <\/p>\n\n\n\n<p><\/p>\n\n\n\n<p><strong>PRESENTACIONES DE LAS CIUDADES DE LOS AUXILIARES DE CONVERSACI\u00d3N<\/strong><\/p>\n\n\n\n<p><a href=\"https:\/\/drive.google.com\/file\/d\/1M--vHSphwQUUuJkU0iWC1fUgYkRmRxil\/view?usp=drive_link\">Presentaci\u00f3n C\u00e9line<\/a><\/p>\n\n\n\n<p><\/p>\n\n\n\n<p><a href=\"https:\/\/docs.google.com\/presentation\/d\/14BaL791tJqMxKOow2QEd1KzODZ8iB9HM\/edit?usp=drive_link&amp;ouid=104510316241349988302&amp;rtpof=true&amp;sd=true\">Presentaci\u00f3n Sandrine<\/a><\/p>\n\n\n\n<p><a href=\"https:\/\/drive.google.com\/file\/d\/106H0-jl0P0jl94WwwkVXzdfHtk0IxNF2\/view?usp=sharing\">Presentaci\u00f3n Eva<\/a><\/p>\n\n\n\n<p><strong>INSCRIPCI\u00d3N EX\u00c1MENES DELF A2, B1 Y B2:<\/strong><\/p>\n\n\n\n<p><a href=\"https:\/\/drive.google.com\/file\/d\/1xRL28fYRkARaBhJcZO2GTePQk2cdcyHd\/view?usp=sharing\">informaci\u00f3n DELF<\/a><\/p>\n\n\n\n<p><\/p>\n","protected":false},"excerpt":{"rendered":"<p>PROFESORES DEL DEPARTAMENTO: CRITERIOS DE CALIFICACI\u00d3N, EVALUACI\u00d3N EXTRAORDINARIA Y DE PENDIENTES: MATERIAS IMPARTIDAS POR EL DEPARTAMENTO: TRABAJO POR PROYECTOS: perspectiva co-accional: enlace a presentaci\u00f3n y ejemplos. -Perspectiva multimetodol\u00f3gica, nuevas tecnolog\u00edas &#8230;<\/p>\n","protected":false},"author":3,"featured_media":0,"parent":672,"menu_order":0,"comment_status":"closed","ping_status":"closed","template":"","meta":{"footnotes":""},"folder":[],"class_list":["post-997","page","type-page","status-publish","hentry"],"rttpg_featured_image_url":null,"rttpg_author":{"display_name":"ies.lasencinas.villanuevadelacanada","author_link":"https:\/\/site.educa.madrid.org\/ies.lasencinas.villanuevadelacanada\/index.php\/author\/cuenta_ies-lasencinas-villanuevadelacanada\/"},"rttpg_comment":0,"rttpg_category":false,"rttpg_excerpt":"PROFESORES DEL DEPARTAMENTO: CRITERIOS DE CALIFICACI\u00d3N, EVALUACI\u00d3N EXTRAORDINARIA Y DE PENDIENTES: MATERIAS IMPARTIDAS POR EL DEPARTAMENTO: TRABAJO POR PROYECTOS: perspectiva co-accional: enlace a presentaci\u00f3n y ejemplos. -Perspectiva multimetodol\u00f3gica, nuevas tecnolog\u00edas ...","post_mailing_queue_ids":[],"_links":{"self":[{"href":"https:\/\/site.educa.madrid.org\/ies.lasencinas.villanuevadelacanada\/index.php\/wp-json\/wp\/v2\/pages\/997","targetHints":{"allow":["GET"]}}],"collection":[{"href":"https:\/\/site.educa.madrid.org\/ies.lasencinas.villanuevadelacanada\/index.php\/wp-json\/wp\/v2\/pages"}],"about":[{"href":"https:\/\/site.educa.madrid.org\/ies.lasencinas.villanuevadelacanada\/index.php\/wp-json\/wp\/v2\/types\/page"}],"author":[{"embeddable":true,"href":"https:\/\/site.educa.madrid.org\/ies.lasencinas.villanuevadelacanada\/index.php\/wp-json\/wp\/v2\/users\/3"}],"replies":[{"embeddable":true,"href":"https:\/\/site.educa.madrid.org\/ies.lasencinas.villanuevadelacanada\/index.php\/wp-json\/wp\/v2\/comments?post=997"}],"version-history":[{"count":50,"href":"https:\/\/site.educa.madrid.org\/ies.lasencinas.villanuevadelacanada\/index.php\/wp-json\/wp\/v2\/pages\/997\/revisions"}],"predecessor-version":[{"id":4497,"href":"https:\/\/site.educa.madrid.org\/ies.lasencinas.villanuevadelacanada\/index.php\/wp-json\/wp\/v2\/pages\/997\/revisions\/4497"}],"up":[{"embeddable":true,"href":"https:\/\/site.educa.madrid.org\/ies.lasencinas.villanuevadelacanada\/index.php\/wp-json\/wp\/v2\/pages\/672"}],"wp:attachment":[{"href":"https:\/\/site.educa.madrid.org\/ies.lasencinas.villanuevadelacanada\/index.php\/wp-json\/wp\/v2\/media?parent=997"}],"wp:term":[{"taxonomy":"folder","embeddable":true,"href":"https:\/\/site.educa.madrid.org\/ies.lasencinas.villanuevadelacanada\/index.php\/wp-json\/wp\/v2\/folder?post=997"}],"curies":[{"name":"wp","href":"https:\/\/api.w.org\/{rel}","templated":true}]}}