{"id":998,"date":"2022-09-20T19:52:02","date_gmt":"2022-09-20T17:52:02","guid":{"rendered":"https:\/\/site.educa.madrid.org\/ies.lasencinas.villanuevadelacanada\/?page_id=998"},"modified":"2025-10-15T19:46:21","modified_gmt":"2025-10-15T17:46:21","slug":"ingles","status":"publish","type":"page","link":"https:\/\/site.educa.madrid.org\/ies.lasencinas.villanuevadelacanada\/index.php\/comunidad-educativa\/departamentos\/ingles\/","title":{"rendered":"Ingl\u00e9s"},"content":{"rendered":"\n<p><strong>PROFESORES DEL DEPARTAMENTO Y SU HORA DE ATENCI\u00d3N A FAMILIAS:<\/strong><\/p>\n\n\n\n<ul class=\"wp-block-list\">\n<li>Sara Arance Abia (Jefe de Departamento): sarance@educa.madrid.org (Viernes 11:40-12:30)<\/li>\n<\/ul>\n\n\n\n<ul class=\"wp-block-list\">\n<li>Jorge Rodr\u00edguez Araya (Jefe de Estudios Adjunto para Bachillerato y F.P.): jrodriguezaraya@educa.madrid.org (Mi\u00e9rcoles 14:30-15:20)<\/li>\n\n\n\n<li>Laura D\u00edez Nevado: laura.dieznevado@educa.madrid.org (Martes 11:40-12:30)<\/li>\n\n\n\n<li>Laura Tuset Rela\u00f1o: ltuset@educa.madrid.org (Lunes 12:30-13:25)<\/li>\n\n\n\n<li>Ver\u00f3nica Arroyo Ure\u00f1a (Coordinadora de la Secci\u00f3n de Ingl\u00e9s): veronica.arroyo@educa.madrid.org (Lunes 11:40-12:30)<\/li>\n\n\n\n<li>David Marco Bartolom\u00e9 (Jefe del Departamento de Extraescolares): david.marco5@educa.madrid.org (Viernes 11:40-12:30)<\/li>\n\n\n\n<li>Ivana Mezulic Cukovic: imezuliccukovic@educa.madrid.org (Martes 11:40-12:30)<\/li>\n\n\n\n<li>Cristina Gonz\u00e1lez Calvo: cristina.gonzalez102@educa.madrid.org (Jueves 9:25-10:20)<\/li>\n\n\n\n<li>Sheila Fern\u00e1ndez Bajo: sheila.fernandezbajo@educa.madrid.org (Jueves 10:20-11:10)<\/li>\n<\/ul>\n\n\n\n<p><strong>CRITERIOS DE CALIFICACI\u00d3N:<\/strong><\/p>\n\n\n\n<ul class=\"wp-block-list\">\n<li><a href=\"https:\/\/docs.google.com\/document\/d\/1P5YlvElw4myRLaojH8AvJTX23NS5CxmM\/edit?usp=sharing&amp;ouid=105695419319935912479&amp;rtpof=true&amp;sd=true\">Criterios de calificaci\u00f3n 25-26<\/a><\/li>\n<\/ul>\n\n\n\n<ul class=\"wp-block-list\">\n<li><a href=\"https:\/\/site.educa.madrid.org\/ies.lasencinas.villanuevadelacanada\/\/wp-content\/uploads\/ies.lasencinas.villanuevadelacanada\/2024\/09\/BAREMO-INGLES-AVANZADO-BACHILLERATO.docx\" data-type=\"link\" data-id=\"https:\/\/site.educa.madrid.org\/ies.lasencinas.villanuevadelacanada\/\/wp-content\/uploads\/ies.lasencinas.villanuevadelacanada\/2024\/09\/BAREMO-INGLES-AVANZADO-BACHILLERATO.docx\">Baremo Ingl\u00e9s Avanzado (Bachillerato)<\/a><\/li>\n<\/ul>\n\n\n\n<p><strong>MATERIAS IMPARTIDAS POR EL DEPARTAMENTO:<\/strong><\/p>\n\n\n\n<ul class=\"wp-block-list\">\n<li>Ingl\u00e9s<\/li>\n\n\n\n<li>Ingl\u00e9s Avanzado <\/li>\n\n\n\n<li>Comunicaci\u00f3n en Lengua Inglesa I y II (FPB 1 y 2)<\/li>\n\n\n\n<li>Ingl\u00e9s T\u00e9cnico para Grado Medio (SMR2)<\/li>\n\n\n\n<li>Ingl\u00e9s T\u00e9cnico para Grado Superior (ASIR2 y DAM2)<\/li>\n<\/ul>\n\n\n\n<p><strong><a href=\"https:\/\/site.educa.madrid.org\/ies.lasencinas.villanuevadelacanada\/\/wp-content\/uploads\/ies.lasencinas.villanuevadelacanada\/2024\/02\/LISTA-LIBROS-LECTURA-VERANO-DPTO.-INGLES.docx\">LISTA LIBROS LECTURA VERANO<\/a><\/strong><\/p>\n\n\n\n<p><strong>VIAJES DE ESTUDIOS (INMERSI\u00d3N LING\u00dc\u00cdSTICA e INTERCAMBIO ESCOLAR):<\/strong><\/p>\n\n\n\n<ul class=\"wp-block-list\">\n<li>20 alumnos de 1\u00ba Bachillerato participar\u00e1n en un intercambio escolar con<strong> Lincoln Park High School <\/strong>(Chicago, IL, EEUU).<\/li>\n\n\n\n<li>43 alumnos de 2\u00ba y 3\u00ba ESO viajar\u00e1n a<strong> Whitstable<\/strong> (Inglaterra) entre el 17 y el 24 de marzo para realizar una inmersi\u00f3n ling\u00fc\u00edstica.<\/li>\n\n\n\n<li><a href=\"https:\/\/site.educa.madrid.org\/ies.lasencinas.villanuevadelacanada\/\/wp-content\/uploads\/ies.lasencinas.villanuevadelacanada\/2024\/10\/Autorizacion-y-normas-generales.pdf\">Autorizaci\u00f3n y normas generales<\/a>.<\/li>\n<\/ul>\n","protected":false},"excerpt":{"rendered":"<p>PROFESORES DEL DEPARTAMENTO Y SU HORA DE ATENCI\u00d3N A FAMILIAS: CRITERIOS DE CALIFICACI\u00d3N: MATERIAS IMPARTIDAS POR EL DEPARTAMENTO: LISTA LIBROS LECTURA VERANO VIAJES DE ESTUDIOS (INMERSI\u00d3N LING\u00dc\u00cdSTICA e INTERCAMBIO ESCOLAR):<\/p>\n","protected":false},"author":3,"featured_media":0,"parent":672,"menu_order":0,"comment_status":"closed","ping_status":"closed","template":"","meta":{"footnotes":""},"folder":[],"class_list":["post-998","page","type-page","status-publish","hentry"],"rttpg_featured_image_url":null,"rttpg_author":{"display_name":"ies.lasencinas.villanuevadelacanada","author_link":"https:\/\/site.educa.madrid.org\/ies.lasencinas.villanuevadelacanada\/index.php\/author\/cuenta_ies-lasencinas-villanuevadelacanada\/"},"rttpg_comment":0,"rttpg_category":false,"rttpg_excerpt":"PROFESORES DEL DEPARTAMENTO Y SU HORA DE ATENCI\u00d3N A FAMILIAS: CRITERIOS DE CALIFICACI\u00d3N: MATERIAS IMPARTIDAS POR EL DEPARTAMENTO: LISTA LIBROS LECTURA VERANO VIAJES DE ESTUDIOS (INMERSI\u00d3N LING\u00dc\u00cdSTICA e INTERCAMBIO ESCOLAR):","post_mailing_queue_ids":[],"_links":{"self":[{"href":"https:\/\/site.educa.madrid.org\/ies.lasencinas.villanuevadelacanada\/index.php\/wp-json\/wp\/v2\/pages\/998","targetHints":{"allow":["GET"]}}],"collection":[{"href":"https:\/\/site.educa.madrid.org\/ies.lasencinas.villanuevadelacanada\/index.php\/wp-json\/wp\/v2\/pages"}],"about":[{"href":"https:\/\/site.educa.madrid.org\/ies.lasencinas.villanuevadelacanada\/index.php\/wp-json\/wp\/v2\/types\/page"}],"author":[{"embeddable":true,"href":"https:\/\/site.educa.madrid.org\/ies.lasencinas.villanuevadelacanada\/index.php\/wp-json\/wp\/v2\/users\/3"}],"replies":[{"embeddable":true,"href":"https:\/\/site.educa.madrid.org\/ies.lasencinas.villanuevadelacanada\/index.php\/wp-json\/wp\/v2\/comments?post=998"}],"version-history":[{"count":33,"href":"https:\/\/site.educa.madrid.org\/ies.lasencinas.villanuevadelacanada\/index.php\/wp-json\/wp\/v2\/pages\/998\/revisions"}],"predecessor-version":[{"id":4171,"href":"https:\/\/site.educa.madrid.org\/ies.lasencinas.villanuevadelacanada\/index.php\/wp-json\/wp\/v2\/pages\/998\/revisions\/4171"}],"up":[{"embeddable":true,"href":"https:\/\/site.educa.madrid.org\/ies.lasencinas.villanuevadelacanada\/index.php\/wp-json\/wp\/v2\/pages\/672"}],"wp:attachment":[{"href":"https:\/\/site.educa.madrid.org\/ies.lasencinas.villanuevadelacanada\/index.php\/wp-json\/wp\/v2\/media?parent=998"}],"wp:term":[{"taxonomy":"folder","embeddable":true,"href":"https:\/\/site.educa.madrid.org\/ies.lasencinas.villanuevadelacanada\/index.php\/wp-json\/wp\/v2\/folder?post=998"}],"curies":[{"name":"wp","href":"https:\/\/api.w.org\/{rel}","templated":true}]}}