{"id":999,"date":"2022-09-20T19:52:15","date_gmt":"2022-09-20T17:52:15","guid":{"rendered":"https:\/\/site.educa.madrid.org\/ies.lasencinas.villanuevadelacanada\/?page_id=999"},"modified":"2025-10-29T10:51:49","modified_gmt":"2025-10-29T09:51:49","slug":"musica","status":"publish","type":"page","link":"https:\/\/site.educa.madrid.org\/ies.lasencinas.villanuevadelacanada\/index.php\/comunidad-educativa\/departamentos\/musica\/","title":{"rendered":"M\u00fasica"},"content":{"rendered":"\n<p><strong>PROFESORES DEL DEPARTAMENTO:<\/strong><\/p>\n\n\n\n<ul class=\"wp-block-list\">\n<li>Paulino Carrascosa Jim\u00e9nez (Jefe del Dpto.) : pcarrascosa@educa.madrid.org<\/li>\n<\/ul>\n\n\n\n<p><strong>CRITERIOS DE CALIFICACI\u00d3N:<\/strong><\/p>\n\n\n\n<ul class=\"wp-block-list\">\n<li>Extracto o cuadro resumen accesible a trav\u00e9s del siguiente <a href=\"https:\/\/drive.google.com\/file\/d\/107-Ed199Iednmq5Yqu2HCBs2ZZ6UETLm\/view?usp=drivesdk\">ENLACE<\/a><\/li>\n\n\n\n<li>Para informaci\u00f3n m\u00e1s detallada, consultar programaci\u00f3n a trav\u00e9s de los profesores del departamento.<\/li>\n<\/ul>\n\n\n\n<p><strong>MATERIAS IMPARTIDAS POR EL DEPARTAMENTO:<\/strong><\/p>\n\n\n\n<ul class=\"wp-block-list\">\n<li>M\u00fasica<\/li>\n\n\n\n<li>M\u00fasica en franc\u00e9s para los grupos de Secci\u00f3n Biling\u00fce en franc\u00e9s<\/li>\n<\/ul>\n\n\n\n<p><strong>D\u00cdA DE ATENCI\u00d3N A PADRES<\/strong><\/p>\n\n\n\n<p>El d\u00eda de atenci\u00f3n a los padres de los alumnos de la <em>Asignatura de M\u00fasica<\/em> ser\u00e1 el <strong>martes, de 11:35 A 12:30.<\/strong> Se ruega contactar previamente con el profesor a trav\u00e9s del siguiente correo electr\u00f3nico: <strong>pcarrascosa@educa.madrid.org<\/strong><\/p>\n\n\n\n<details class=\"wp-block-details is-layout-flow wp-block-details-is-layout-flow\"><summary>BIENVENIDOS A LA ASIGNATURA DE M\u00daSICA<br><\/summary>\n<div class=\"wp-block-query is-layout-flow wp-block-query-is-layout-flow\"><ul class=\"wp-block-post-template is-layout-flow wp-block-post-template-is-layout-flow\"><li class=\"wp-block-post post-4565 post type-post status-publish format-standard hentry category-sin-categoria\">\n\n<pre class=\"wp-block-preformatted\"><\/pre>\n\n\n\n<p><\/p>\n\n<\/li><li class=\"wp-block-post post-4560 post type-post status-publish format-standard hentry category-sin-categoria\">\n\n<pre class=\"wp-block-preformatted\"><\/pre>\n\n\n\n<p><\/p>\n\n<\/li><li class=\"wp-block-post post-4554 post type-post status-publish format-standard hentry category-sin-categoria\">\n\n<pre class=\"wp-block-preformatted\"><\/pre>\n\n\n\n<p><\/p>\n\n<\/li><\/ul>\n\n\n<p><\/p>\n\n\n<nav class=\"wp-block-query-pagination is-layout-flex wp-block-query-pagination-is-layout-flex\" aria-label=\"Paginaci\u00f3n\">\n\n\n<div class=\"wp-block-query-pagination-numbers\"><span aria-current=\"page\" class=\"page-numbers current\">1<\/span>\n<a class=\"page-numbers\" href=\"?query-12-page=2\">2<\/a>\n<a class=\"page-numbers\" href=\"?query-12-page=3\">3<\/a>\n<span class=\"page-numbers dots\">&hellip;<\/span>\n<a class=\"page-numbers\" href=\"?query-12-page=41\">41<\/a><\/div>\n\n<a href=\"\/ies.lasencinas.villanuevadelacanada\/index.php\/wp-json\/wp\/v2\/pages\/999?query-12-page=2\" class=\"wp-block-query-pagination-next\">P\u00e1gina siguiente<\/a>\n<\/nav>\n\n<\/div>\n<\/details>\n\n\n\n<p>En el siguiente enlace podr\u00e1n ver las caracter\u00edsticas m\u00e1s importantes de la Asignatura de M\u00fasica. Se trta de que los alumnos y sus padtres tengan a mano la informaci\u00f3pn relativa a los contenidos, criterios y herramientas de evaluaci\u00f3n y calificaci\u00f3n, as\u00ed como el funcionamiento genereal en dicha asignatura.<\/p>\n\n\n\n<p><a href=\"https:\/\/drive.google.com\/file\/d\/1q91suRGzbOJnXpys2M28G2jsAQ7yXbck\/view?usp=sharing\">ENLACE <\/a>AL DOCUMENTO PARA 1ESO<\/p>\n\n\n\n<p><a href=\"https:\/\/drive.google.com\/file\/d\/1p2fcJVR36yaNTOMB8vpW7h5AySRxi68d\/view?usp=sharing\">ENLACE <\/a>AL DOCUMENTO PARA 3ESO<\/p>\n\n\n\n<p><\/p>\n","protected":false},"excerpt":{"rendered":"<p>PROFESORES DEL DEPARTAMENTO: CRITERIOS DE CALIFICACI\u00d3N: MATERIAS IMPARTIDAS POR EL DEPARTAMENTO: D\u00cdA DE ATENCI\u00d3N A PADRES El d\u00eda de atenci\u00f3n a los padres de los alumnos de la Asignatura de &#8230;<\/p>\n","protected":false},"author":3,"featured_media":0,"parent":672,"menu_order":0,"comment_status":"closed","ping_status":"closed","template":"","meta":{"footnotes":""},"folder":[],"class_list":["post-999","page","type-page","status-publish","hentry"],"rttpg_featured_image_url":null,"rttpg_author":{"display_name":"ies.lasencinas.villanuevadelacanada","author_link":"https:\/\/site.educa.madrid.org\/ies.lasencinas.villanuevadelacanada\/index.php\/author\/cuenta_ies-lasencinas-villanuevadelacanada\/"},"rttpg_comment":0,"rttpg_category":false,"rttpg_excerpt":"PROFESORES DEL DEPARTAMENTO: CRITERIOS DE CALIFICACI\u00d3N: MATERIAS IMPARTIDAS POR EL DEPARTAMENTO: D\u00cdA DE ATENCI\u00d3N A PADRES El d\u00eda de atenci\u00f3n a los padres de los alumnos de la Asignatura de ...","post_mailing_queue_ids":[],"_links":{"self":[{"href":"https:\/\/site.educa.madrid.org\/ies.lasencinas.villanuevadelacanada\/index.php\/wp-json\/wp\/v2\/pages\/999","targetHints":{"allow":["GET"]}}],"collection":[{"href":"https:\/\/site.educa.madrid.org\/ies.lasencinas.villanuevadelacanada\/index.php\/wp-json\/wp\/v2\/pages"}],"about":[{"href":"https:\/\/site.educa.madrid.org\/ies.lasencinas.villanuevadelacanada\/index.php\/wp-json\/wp\/v2\/types\/page"}],"author":[{"embeddable":true,"href":"https:\/\/site.educa.madrid.org\/ies.lasencinas.villanuevadelacanada\/index.php\/wp-json\/wp\/v2\/users\/3"}],"replies":[{"embeddable":true,"href":"https:\/\/site.educa.madrid.org\/ies.lasencinas.villanuevadelacanada\/index.php\/wp-json\/wp\/v2\/comments?post=999"}],"version-history":[{"count":17,"href":"https:\/\/site.educa.madrid.org\/ies.lasencinas.villanuevadelacanada\/index.php\/wp-json\/wp\/v2\/pages\/999\/revisions"}],"predecessor-version":[{"id":4189,"href":"https:\/\/site.educa.madrid.org\/ies.lasencinas.villanuevadelacanada\/index.php\/wp-json\/wp\/v2\/pages\/999\/revisions\/4189"}],"up":[{"embeddable":true,"href":"https:\/\/site.educa.madrid.org\/ies.lasencinas.villanuevadelacanada\/index.php\/wp-json\/wp\/v2\/pages\/672"}],"wp:attachment":[{"href":"https:\/\/site.educa.madrid.org\/ies.lasencinas.villanuevadelacanada\/index.php\/wp-json\/wp\/v2\/media?parent=999"}],"wp:term":[{"taxonomy":"folder","embeddable":true,"href":"https:\/\/site.educa.madrid.org\/ies.lasencinas.villanuevadelacanada\/index.php\/wp-json\/wp\/v2\/folder?post=999"}],"curies":[{"name":"wp","href":"https:\/\/api.w.org\/{rel}","templated":true}]}}