{"id":2720,"date":"2022-09-19T15:21:05","date_gmt":"2022-09-19T13:21:05","guid":{"rendered":"https:\/\/site.educa.madrid.org\/ies.lazarocardenas.colladovillalba\/?page_id=2720"},"modified":"2024-03-05T17:01:30","modified_gmt":"2024-03-05T16:01:30","slug":"eso","status":"publish","type":"page","link":"https:\/\/site.educa.madrid.org\/ies.lazarocardenas.colladovillalba\/index.php\/eso\/","title":{"rendered":"ESO"},"content":{"rendered":"<div id=\"pl-2720\"  class=\"panel-layout\" ><div id=\"pg-2720-0\"  class=\"panel-grid panel-has-style\" ><div class=\"so-parallax siteorigin-panels-stretch panel-row-style panel-row-style-for-2720-0\" data-stretch-type=\"full-stretched-padded\" ><img fetchpriority=\"high\" decoding=\"async\" width=\"1440\" height=\"493\" src=\"https:\/\/site.educa.madrid.org\/ies.lazarocardenas.colladovillalba\/\/wp-content\/uploads\/ies.lazarocardenas.colladovillalba\/2022\/07\/Conoce-nuestro-programa.png\" class=\"attachment-full size-full\" alt=\"\" data-siteorigin-parallax=\"true\" loading=\"eager\" srcset=\"https:\/\/site.educa.madrid.org\/ies.lazarocardenas.colladovillalba\/\/wp-content\/uploads\/ies.lazarocardenas.colladovillalba\/2022\/07\/Conoce-nuestro-programa.png 1440w, https:\/\/site.educa.madrid.org\/ies.lazarocardenas.colladovillalba\/\/wp-content\/uploads\/ies.lazarocardenas.colladovillalba\/2022\/07\/Conoce-nuestro-programa-300x103.png 300w, https:\/\/site.educa.madrid.org\/ies.lazarocardenas.colladovillalba\/\/wp-content\/uploads\/ies.lazarocardenas.colladovillalba\/2022\/07\/Conoce-nuestro-programa-1024x351.png 1024w, https:\/\/site.educa.madrid.org\/ies.lazarocardenas.colladovillalba\/\/wp-content\/uploads\/ies.lazarocardenas.colladovillalba\/2022\/07\/Conoce-nuestro-programa-768x263.png 768w\" sizes=\"100vw\" \/><div id=\"pgc-2720-0-0\"  class=\"panel-grid-cell panel-grid-cell-empty\" ><\/div><\/div><\/div><div id=\"pg-2720-1\"  class=\"panel-grid panel-has-style\" ><div class=\"siteorigin-panels-stretch panel-row-style panel-row-style-for-2720-1\" data-stretch-type=\"full-stretched-padded\" ><div id=\"pgc-2720-1-0\"  class=\"panel-grid-cell\" ><div id=\"panel-2720-1-0-0\" class=\"so-panel widget widget_text panel-first-child panel-last-child\" data-index=\"0\" >\t\t\t<div class=\"textwidget\"><p style=\"font-size: 20px;\">La Educaci\u00f3n Secundaria Obligatoria (ESO) es una etapa educativa obligatoria y gratuita que completa la educaci\u00f3n b\u00e1sica.<\/p>\n<p style=\"font-size: 20px;\">Consta de cuatro cursos acad\u00e9micos que se realizan ordinariamente entre los 12 y los 16 a\u00f1os de edad. No obstante, los alumnos tendr\u00e1n derecho a permanecer en r\u00e9gimen ordinario cursando la ense\u00f1anza b\u00e1sica hasta los dieciocho a\u00f1os de edad.<\/p>\n<p style=\"font-size: 20px;\"><strong>Primer Ciclo ESO (1\u00ba, 2\u00ba y 3\u00ba)<\/strong><\/p>\n<p style=\"font-size: 20px;\">El primer ciclo de la ESO est\u00e1 formado por los cursos 1\u00ba, 2\u00ba y 3\u00ba. En 1\u00ba y 2\u00ba, se desarrolla tambi\u00e9n el programa de Educaci\u00f3n Compensatoria (tipo B) y, en 2\u00ba y 3\u00ba, el Programa de Mejora del Aprendizaje y el Rendimiento (PMAR).<\/p>\n<p style=\"font-size: 20px;\">En el cuadro parecen todas las materias espec\u00edficas, troncales y de libre configuraci\u00f3n auton\u00f3mica en cada curso:<\/p>\n<p>&nbsp;<\/p>\n<\/div>\n\t\t<\/div><\/div><\/div><\/div><div id=\"pg-2720-2\"  class=\"panel-grid panel-has-style\" ><div class=\"siteorigin-panels-stretch panel-row-style panel-row-style-for-2720-2\" data-stretch-type=\"full-stretched-padded\" ><div id=\"pgc-2720-2-0\"  class=\"panel-grid-cell\" ><div id=\"panel-2720-2-0-0\" class=\"so-panel widget widget_text panel-first-child\" data-index=\"1\" ><div class=\"panel-widget-style panel-widget-style-for-2720-2-0-0\" >\t\t\t<div class=\"textwidget\"><p style=\"text-align: center; font-size: 20px; margin-top: -100px;\"><strong>MATERIAS ESPEC\u00cdFICAS OBLIGATORIAS<\/strong><\/p>\n<\/div>\n\t\t<\/div><\/div><div id=\"panel-2720-2-0-1\" class=\"so-panel widget widget_siteorigin-panels-builder\" data-index=\"2\" ><div class=\"panel-widget-style panel-widget-style-for-2720-2-0-1\" ><div id=\"pl-w636a60952ed73\"  class=\"panel-layout\" ><div id=\"pg-w636a60952ed73-0\"  class=\"panel-grid panel-no-style\" ><div id=\"pgc-w636a60952ed73-0-0\"  class=\"panel-grid-cell\" ><div id=\"panel-w636a60952ed73-0-0-0\" class=\"so-panel widget widget_text panel-first-child panel-last-child\" data-index=\"0\" >\t\t\t<div class=\"textwidget\"><p style=\"font-size: 20px;\"><strong>&#8211;<br \/>\n<\/strong><\/p>\n<p style=\"font-size: 20px;\">MATERIAS ESPEC\u00cdFICAS OBLIGATORIAS<\/p>\n<\/div>\n\t\t<\/div><\/div><div id=\"pgc-w636a60952ed73-0-1\"  class=\"panel-grid-cell\" ><div id=\"panel-w636a60952ed73-0-1-0\" class=\"so-panel widget widget_text panel-first-child panel-last-child\" data-index=\"1\" >\t\t\t<div class=\"textwidget\"><p style=\"font-size: 20px;\"><strong>1\u00baESO<\/strong><\/p>\n<ul>\n<li style=\"font-size: 20px;\">Educaci\u00f3n f\u00edsica<\/li>\n<li style=\"font-size: 20px;\">Religi\u00f3n\/Valores \u00c9ticos<\/li>\n<li style=\"font-size: 20px;\">Educaci\u00f3n Pl\u00e1stica Visual y Audiovisual<\/li>\n<\/ul>\n<\/div>\n\t\t<\/div><\/div><div id=\"pgc-w636a60952ed73-0-2\"  class=\"panel-grid-cell\" ><div id=\"panel-w636a60952ed73-0-2-0\" class=\"so-panel widget widget_text panel-first-child panel-last-child\" data-index=\"2\" >\t\t\t<div class=\"textwidget\"><p style=\"font-size: 20px;\"><strong>2\u00baESO<\/strong><\/p>\n<ul>\n<li style=\"font-size: 20px;\">Educaci\u00f3n f\u00edsica<\/li>\n<li style=\"font-size: 20px;\">Religi\u00f3n\/Valores \u00c9ticos<\/li>\n<li style=\"font-size: 20px;\">Educaci\u00f3n Pl\u00e1stica Visual y Audiovisual<\/li>\n<li style=\"font-size: 20px;\">M\u00fasica<\/li>\n<\/ul>\n<\/div>\n\t\t<\/div><\/div><div id=\"pgc-w636a60952ed73-0-3\"  class=\"panel-grid-cell\" ><div id=\"panel-w636a60952ed73-0-3-0\" class=\"so-panel widget widget_text panel-first-child panel-last-child\" data-index=\"3\" >\t\t\t<div class=\"textwidget\"><p style=\"font-size: 20px;\"><strong>3\u00baESO<\/strong><\/p>\n<ul>\n<li style=\"font-size: 20px;\">Educaci\u00f3n f\u00edsica<\/li>\n<li style=\"font-size: 20px;\">Religi\u00f3n\/Valores \u00c9ticos<\/li>\n<li style=\"font-size: 20px;\">M\u00fasica<\/li>\n<\/ul>\n<\/div>\n\t\t<\/div><\/div><\/div><\/div><\/div><\/div><div id=\"panel-2720-2-0-2\" class=\"so-panel widget widget_siteorigin-panels-builder\" data-index=\"3\" ><div class=\"panel-widget-style panel-widget-style-for-2720-2-0-2\" ><div id=\"pl-w636a60952eed7\"  class=\"panel-layout\" ><div id=\"pg-w636a60952eed7-0\"  class=\"panel-grid panel-no-style\" ><div id=\"pgc-w636a60952eed7-0-0\"  class=\"panel-grid-cell\" ><div id=\"panel-w636a60952eed7-0-0-0\" class=\"so-panel widget widget_text panel-first-child panel-last-child\" data-index=\"0\" >\t\t\t<div class=\"textwidget\"><p style=\"font-size: 20px;\"><strong>&#8211;<\/strong><\/p>\n<p style=\"font-size: 20px;\">MATERIAS ESPEC\u00cdFICAS OPCIONALES<\/p>\n<\/div>\n\t\t<\/div><\/div><div id=\"pgc-w636a60952eed7-0-1\"  class=\"panel-grid-cell\" ><div id=\"panel-w636a60952eed7-0-1-0\" class=\"so-panel widget widget_text panel-first-child panel-last-child\" data-index=\"1\" >\t\t\t<div class=\"textwidget\"><p style=\"font-size: 20px;\"><strong>1\u00baESO<\/strong><\/p>\n<ul>\n<li style=\"font-size: 20px;\">2\u00aa Lengua Extranjera (Franc\u00e9s)<\/li>\n<li style=\"font-size: 20px;\">Taller de M\u00fasica<\/li>\n<li style=\"font-size: 20px;\">Recuperaci\u00f3n de Matem\u00e1ticas<\/li>\n<li style=\"font-size: 20px;\">Recuperaci\u00f3n de Lengua Castellana y Literatura<\/li>\n<li style=\"font-size: 20px;\">Deporte<\/li>\n<\/ul>\n<\/div>\n\t\t<\/div><\/div><div id=\"pgc-w636a60952eed7-0-2\"  class=\"panel-grid-cell\" ><div id=\"panel-w636a60952eed7-0-2-0\" class=\"so-panel widget widget_text panel-first-child panel-last-child\" data-index=\"2\" >\t\t\t<div class=\"textwidget\"><p style=\"font-size: 20px;\"><strong>2\u00baESO<\/strong><\/p>\n<ul>\n<li style=\"font-size: 20px;\">2\u00aa Lengua Extranjera (Franc\u00e9s)<\/li>\n<li style=\"font-size: 20px;\">Taller de M\u00fasica<\/li>\n<li style=\"font-size: 20px;\">Recuperaci\u00f3n de Matem\u00e1ticas<\/li>\n<li style=\"font-size: 20px;\">Recuperaci\u00f3n de Lengua Castellana y Literatura<\/li>\n<li style=\"font-size: 20px;\">Deporte<\/li>\n<\/ul>\n<\/div>\n\t\t<\/div><\/div><div id=\"pgc-w636a60952eed7-0-3\"  class=\"panel-grid-cell\" ><div id=\"panel-w636a60952eed7-0-3-0\" class=\"so-panel widget widget_text panel-first-child panel-last-child\" data-index=\"3\" >\t\t\t<div class=\"textwidget\"><p style=\"font-size: 20px;\"><strong>3\u00baESO<\/strong><\/p>\n<ul>\n<li style=\"font-size: 20px;\">2\u00aa Lengua Extranjera (Franc\u00e9s)<\/li>\n<li style=\"font-size: 20px;\">Deporte<\/li>\n<li style=\"font-size: 20px;\">Iniciaci\u00f3n a la Actividad Emprendedora y Empresarial<\/li>\n<li style=\"font-size: 20px;\">Cultura Cl\u00e1sica<\/li>\n<li style=\"font-size: 20px;\">Comunicaci\u00f3n Audiovisual, Imagen y Expresi\u00f3n<\/li>\n<li style=\"font-size: 20px;\">Recuperaci\u00f3n de Matem\u00e1ticas<\/li>\n<\/ul>\n<\/div>\n\t\t<\/div><\/div><\/div><\/div><\/div><\/div><div id=\"panel-2720-2-0-3\" class=\"so-panel widget widget_siteorigin-panels-builder panel-last-child\" data-index=\"4\" ><div class=\"panel-widget-style panel-widget-style-for-2720-2-0-3\" ><div id=\"pl-w636a60952efbe\"  class=\"panel-layout\" ><div id=\"pg-w636a60952efbe-0\"  class=\"panel-grid panel-no-style\" ><div id=\"pgc-w636a60952efbe-0-0\"  class=\"panel-grid-cell\" ><div id=\"panel-w636a60952efbe-0-0-0\" class=\"so-panel widget widget_text panel-first-child panel-last-child\" data-index=\"0\" >\t\t\t<div class=\"textwidget\"><p style=\"font-size: 20px;\"><strong>&#8211;<\/strong><\/p>\n<p style=\"font-size: 20px;\">MATERIAS DE LIBRE CONFIGURACI\u00d3N AUTON\u00d3MICA<\/p>\n<\/div>\n\t\t<\/div><\/div><div id=\"pgc-w636a60952efbe-0-1\"  class=\"panel-grid-cell\" ><div id=\"panel-w636a60952efbe-0-1-0\" class=\"so-panel widget widget_text panel-first-child panel-last-child\" data-index=\"1\" >\t\t\t<div class=\"textwidget\"><p style=\"font-size: 20px;\"><strong>1\u00baESO<\/strong><\/p>\n<ul>\n<li style=\"font-size: 20px;\">Tecnolog\u00eda, Programaci\u00f3n y Rob\u00f3tica<\/li>\n<\/ul>\n<\/div>\n\t\t<\/div><\/div><div id=\"pgc-w636a60952efbe-0-2\"  class=\"panel-grid-cell\" ><div id=\"panel-w636a60952efbe-0-2-0\" class=\"so-panel widget widget_text panel-first-child panel-last-child\" data-index=\"2\" >\t\t\t<div class=\"textwidget\"><p style=\"font-size: 20px;\"><strong>2\u00baESO<\/strong><\/p>\n<ul>\n<li style=\"font-size: 20px;\">Tecnolog\u00eda, Programaci\u00f3n y Rob\u00f3tica<\/li>\n<\/ul>\n<\/div>\n\t\t<\/div><\/div><div id=\"pgc-w636a60952efbe-0-3\"  class=\"panel-grid-cell\" ><div id=\"panel-w636a60952efbe-0-3-0\" class=\"so-panel widget widget_text panel-first-child panel-last-child\" data-index=\"3\" >\t\t\t<div class=\"textwidget\"><p style=\"font-size: 20px;\"><strong>3\u00baESO<\/strong><\/p>\n<ul>\n<li style=\"font-size: 20px;\">Tecnolog\u00eda, Programaci\u00f3n y Rob\u00f3tica<\/li>\n<\/ul>\n<\/div>\n\t\t<\/div><\/div><\/div><\/div><\/div><\/div><\/div><\/div><\/div><div id=\"pg-2720-3\"  class=\"panel-grid panel-has-style\" ><div class=\"siteorigin-panels-stretch panel-row-style panel-row-style-for-2720-3\" data-stretch-type=\"full-stretched-padded\" ><div id=\"pgc-2720-3-0\"  class=\"panel-grid-cell\" ><div id=\"panel-2720-3-0-0\" class=\"so-panel widget widget_text panel-first-child\" data-index=\"5\" >\t\t\t<div class=\"textwidget\"><p style=\"font-size: 20px; margin-top:-100px;\"><strong>2\u00ba ciclo de ESO<\/strong><\/p>\n<p style=\"font-size: 20px;\">En el cuarto curso de la ESO los alumnos deben elegir entre dos opciones:<\/p>\n<ul>\n<li style=\"font-size: 20px;\">Ense\u00f1anzas Acad\u00e9micas: orientadas a cursar Bachillerato.<\/li>\n<\/ul>\n<p style=\"font-size: 20px;\">Dentro de esta opci\u00f3n el alumno debe elegir entre dos itinerarios: Ciencias o Humanidades y Ciencias Sociales.<\/p>\n<ul>\n<li style=\"font-size: 20px;\">Ense\u00f1anzas Aplicadas: orientadas a cursar Formaci\u00f3n Profesional.<\/li>\n<\/ul>\n<\/div>\n\t\t<\/div><div id=\"panel-2720-3-0-1\" class=\"so-panel widget widget_text panel-last-child\" data-index=\"6\" >\t\t\t<div class=\"textwidget\"><table>\n<thead>\n<tr>\n<th>4\u00ba ACAD\u00c9MICAS<\/th>\n<th>4\u00ba APLICADAS<\/th>\n<\/tr>\n<\/thead>\n<tbody>\n<tr>\n<td>MATERIAS TRONCALES<br \/>\n\u2013Biolog\u00eda y Geolog\u00eda<br \/>\n\u2013F\u00edsica y Qu\u00edmica<br \/>\n-Ciencias Aplicadas a la Actividad Profesional<\/td>\n<td>\u2013Econom\u00eda<br \/>\n\u2013Lat\u00edn<br \/>\n\u2013Tecnolog\u00eda<br \/>\n\u2013Iniciaci\u00f3n a la actividad Emprendedora y Empresarial<\/td>\n<\/tr>\n<tr>\n<td>MATERIAS ESPEC\u00cdFICAS OBLIGATORIAS<br \/>\n-Educaci\u00f3n F\u00edsica<br \/>\n\u2013Religi\u00f3n\/Valores \u00c9ticos<\/td>\n<\/tr>\n<tr>\n<td>MATERIAS ESPEC\u00cdFICAS OPCIONALES Y DE LIBRE CONFIGURACI\u00d3N AUTON\u00d3MICA<br \/>\n-Segunda Lengua Extranjera<br \/>\n-Educaci\u00f3n Pl\u00e1stica, Visual y Audiovisual<br \/>\n-Deporte<br \/>\n-Tecnolog\u00edas de la Informaci\u00f3n y la Comunicaci\u00f3n<br \/>\n-M\u00fasica<br \/>\n-Tecnolog\u00eda, Programaci\u00f3n y Rob\u00f3tica\n<\/td>\n<\/tr>\n<\/tbody>\n<\/table>\n<\/div>\n\t\t<\/div><\/div><\/div><\/div><div id=\"pg-2720-4\"  class=\"panel-grid panel-has-style\" ><div class=\"siteorigin-panels-stretch panel-row-style panel-row-style-for-2720-4\" data-stretch-type=\"full-stretched-padded\" ><div id=\"pgc-2720-4-0\"  class=\"panel-grid-cell\" ><div id=\"panel-2720-4-0-0\" class=\"so-panel widget widget_text panel-first-child\" data-index=\"7\" >\t\t\t<div class=\"textwidget\"><p style=\"font-size: 20px; margin-top: -100px;\"><strong>PROGRAMA BILING\u00dcE<\/strong><\/p>\n<p style=\"font-size: 20px;\">En el curso 18-19 nuestro centro comenz\u00f3 su andadura biling\u00fce que se ha ido implantando de forma paulatina desde 1\u00ba de ESO. El pr\u00f3ximo curso 2021-22 se concluye al llegar a 4\u00ba ESO. Todos los alumnos matriculados en el centro cursan sus ense\u00f1anzas bien en la Secci\u00f3n Biling\u00fce o en el Programa Biling\u00fce, pero \u00bfqu\u00e9 diferencia hay entre Programa Biling\u00fce y Secci\u00f3n Biling\u00fce?:<\/p>\n<ul>\n<li style=\"font-size: 20px;\">Tanto en Programa como en Secci\u00f3n tienen 5 horas semanales de ingles (1 m\u00e1s de lo habitual en 1\u00ba y 4\u00ba y 2 m\u00e1s de lo habitual en 2\u00ba y 3\u00ba).<\/li>\n<li style=\"font-size: 20px;\">En Secci\u00f3n cursan la materia de Ingl\u00e9s Avanzado y en Programa cursan la materia de <strong>Ingl\u00e9s<\/strong>.<\/li>\n<li style=\"font-size: 20px;\">En Secci\u00f3n Biling\u00fce tienen una mayor cantidad de materias impartidas en ingl\u00e9s, debiendo ser, al menos, un tercio de las horas lectivas.<\/li>\n<li style=\"font-size: 20px;\">En Programa deben cursar, al menos, otra materia en ingl\u00e9s de entre Educaci\u00f3n F\u00edsica, Educaci\u00f3n Pl\u00e1stica Visual y Audioviosual, M\u00fasica, Tecnolog\u00eda, Programaci\u00f3n y Rob\u00f3tica y Valores \u00c9ticos<\/li>\n<\/ul>\n<p style=\"font-size: 20px;\">\u00bfQu\u00e9 alumnos van a Programa y cu\u00e1les a Secci\u00f3n en 1\u00ba de la ESO?<\/p>\n<ul>\n<li style=\"font-size: 20px;\">Entran en Secci\u00f3n aquellos alumnos que han estudiado Primaria en un colegio biling\u00fce y han alcanzado el nivel A2 o B1 en las pruebas de Cambridge (KET o PET) a la que son presentados los alumnos\/as de 6\u00ba de primaria.<\/li>\n<li style=\"font-size: 20px;\">Tambi\u00e9n podr\u00e1 incorporarse un alumno que provenga de un colegio no biling\u00fce si acredita en una prueba externa un nivel de B1.<\/li>\n<li style=\"font-size: 20px;\">Entran en Programa todos los alumnos que provienen de un colegio biling\u00fce y no re\u00fanen los requisitos para entrar en Secci\u00f3n y todos los alumnos que provienen de colegios no biling\u00fces.<\/li>\n<\/ul>\n<\/div>\n\t\t<\/div><div id=\"panel-2720-4-0-1\" class=\"so-panel widget widget_text\" data-index=\"8\" >\t\t\t<div class=\"textwidget\"><p style=\"font-size: 20px;\">En el siguiente cuadro se detallan las materias impartidas en ingl\u00e9s en nuestro centro:<\/p>\n<p style=\"text-align: center; font-size: 20px;\">\n<\/div>\n\t\t<\/div><div id=\"panel-2720-4-0-2\" class=\"so-panel widget widget_siteorigin-panels-builder\" data-index=\"9\" ><div class=\"panel-widget-style panel-widget-style-for-2720-4-0-2\" ><div id=\"pl-w636a60952f0ae\"  class=\"panel-layout\" ><div id=\"pg-w636a60952f0ae-0\"  class=\"panel-grid panel-no-style\" ><div id=\"pgc-w636a60952f0ae-0-0\"  class=\"panel-grid-cell\" ><div id=\"panel-w636a60952f0ae-0-0-0\" class=\"so-panel widget widget_text panel-first-child panel-last-child\" data-index=\"0\" >\t\t\t<div class=\"textwidget\"><p style=\"font-size: 20px;\"><strong>-CURSO 20-21<\/strong><\/p>\n<p style=\"font-size: 20px;\">SECCI\u00d3N (32 horas) 50% en Ingl\u00e9s incluyendo<br \/>\nIngl\u00e9s avanzado y Tutor\u00eda<br \/>\nMATERIA\/HORAS<\/p>\n<\/div>\n\t\t<\/div><\/div><div id=\"pgc-w636a60952f0ae-0-1\"  class=\"panel-grid-cell\" ><div id=\"panel-w636a60952f0ae-0-1-0\" class=\"so-panel widget widget_text panel-first-child panel-last-child\" data-index=\"1\" >\t\t\t<div class=\"textwidget\"><p style=\"font-size: 20px;\"><strong>1\u00baESO<\/strong><\/p>\n<ul>\n<li style=\"font-size: 20px;\">Ingl\u00e9s avanzado\/5 horas<\/li>\n<li style=\"font-size: 20px;\">Biolog\u00eda y Geolog\u00eda\/3 horas<\/li>\n<li style=\"font-size: 20px;\">G\u00aa e H\u00aa\/3 horas<\/li>\n<li style=\"font-size: 20px;\">Educaci\u00f3n F\u00edsica\/2 horas<\/li>\n<li style=\"font-size: 20px;\">Tutor\u00eda\/1 hora<\/li>\n<li style=\"font-size: 20px;\">TOTAL:14 HORAS<\/li>\n<\/ul>\n<\/div>\n\t\t<\/div><\/div><div id=\"pgc-w636a60952f0ae-0-2\"  class=\"panel-grid-cell\" ><div id=\"panel-w636a60952f0ae-0-2-0\" class=\"so-panel widget widget_text panel-first-child panel-last-child\" data-index=\"2\" >\t\t\t<div class=\"textwidget\"><p style=\"font-size: 20px;\"><strong>2\u00baESO<\/strong><\/p>\n<ul>\n<li style=\"font-size: 20px;\">Ingl\u00e9s avanzado\/5 horas<\/li>\n<li style=\"font-size: 20px;\">F\u00edsica y Qu\u00edmica\/3 horas<\/li>\n<li style=\"font-size: 20px;\">G\u00aa e H\u00aa\/3 horas<\/li>\n<li style=\"font-size: 20px;\">Educaci\u00f3n F\u00edsica\/2 horas<\/li>\n<li style=\"font-size: 20px;\">M\u00fasica\/2 horas<\/li>\n<li style=\"font-size: 20px;\">Tutor\u00eda\/1 hora<\/li>\n<li style=\"font-size: 20px;\">TOTAL:16 HORAS<\/li>\n<\/ul>\n<\/div>\n\t\t<\/div><\/div><div id=\"pgc-w636a60952f0ae-0-3\"  class=\"panel-grid-cell\" ><div id=\"panel-w636a60952f0ae-0-3-0\" class=\"so-panel widget widget_text panel-first-child panel-last-child\" data-index=\"3\" >\t\t\t<div class=\"textwidget\"><p style=\"font-size: 20px;\"><strong>3\u00baESO<\/strong><\/p>\n<ul>\n<li style=\"font-size: 20px;\">Ingl\u00e9s avanzado\/5 horas<\/li>\n<li style=\"font-size: 20px;\">Biolog\u00eda y Geolog\u00eda\/3 horas<\/li>\n<li style=\"font-size: 20px;\">G\u00aa e H\u00aa\/3 horas<\/li>\n<li style=\"font-size: 20px;\">M\u00fasica\/2 horas<\/li>\n<li style=\"font-size: 20px;\">Tutor\u00eda\/1 hora<\/li>\n<li style=\"font-size: 20px;\">TOTAL:14 HORAS<\/li>\n<\/ul>\n<\/div>\n\t\t<\/div><\/div><\/div><\/div><\/div><\/div><div id=\"panel-2720-4-0-3\" class=\"so-panel widget widget_siteorigin-panels-builder panel-last-child\" data-index=\"10\" ><div class=\"panel-widget-style panel-widget-style-for-2720-4-0-3\" ><div id=\"pl-w636a60952f192\"  class=\"panel-layout\" ><div id=\"pg-w636a60952f192-0\"  class=\"panel-grid panel-no-style\" ><div id=\"pgc-w636a60952f192-0-0\"  class=\"panel-grid-cell\" ><div id=\"panel-w636a60952f192-0-0-0\" class=\"so-panel widget widget_text panel-first-child panel-last-child\" data-index=\"0\" >\t\t\t<div class=\"textwidget\"><p style=\"font-size: 20px;\"><strong>&#8211;<\/strong><\/p>\n<p style=\"font-size: 20px;\">PROGRAMA (32 horas) Al menos 1 materia en Ingl\u00e9s<br \/>\n+ 5 horas de Ingl\u00e9s<br \/>\nMATERIA\/HORAS<\/p>\n<\/div>\n\t\t<\/div><\/div><div id=\"pgc-w636a60952f192-0-1\"  class=\"panel-grid-cell\" ><div id=\"panel-w636a60952f192-0-1-0\" class=\"so-panel widget widget_text panel-first-child panel-last-child\" data-index=\"1\" >\t\t\t<div class=\"textwidget\"><p style=\"font-size: 20px;\"><strong>1\u00baESO<\/strong><\/p>\n<ul>\n<li style=\"font-size: 20px;\">Ingl\u00e9s\/5 HORAS<\/li>\n<li style=\"font-size: 20px;\">\u2013Educaci\u00f3n F\u00edsica\/2 horas<\/li>\n<li style=\"font-size: 20px;\">TOTAL HORAS EN INGL\u00c9S: 7 HORAS<\/li>\n<\/ul>\n<\/div>\n\t\t<\/div><\/div><div id=\"pgc-w636a60952f192-0-2\"  class=\"panel-grid-cell\" ><div id=\"panel-w636a60952f192-0-2-0\" class=\"so-panel widget widget_text panel-first-child panel-last-child\" data-index=\"2\" >\t\t\t<div class=\"textwidget\"><p style=\"font-size: 20px;\"><strong>2\u00baESO<\/strong><\/p>\n<ul>\n<li style=\"font-size: 20px;\">Ingl\u00e9s\/5 HORAS<\/li>\n<li style=\"font-size: 20px;\">M\u00fasica\/2 horas<\/li>\n<li style=\"font-size: 20px;\">Educaci\u00f3n F\u00edsica\/2 horas<\/li>\n<li style=\"font-size: 20px;\">TOTAL HORAS EN INGL\u00c9S: 9 HORAS<\/li>\n<\/ul>\n<\/div>\n\t\t<\/div><\/div><div id=\"pgc-w636a60952f192-0-3\"  class=\"panel-grid-cell\" ><div id=\"panel-w636a60952f192-0-3-0\" class=\"so-panel widget widget_text panel-first-child panel-last-child\" data-index=\"3\" >\t\t\t<div class=\"textwidget\"><p style=\"font-size: 20px;\"><strong>3\u00baESO<\/strong><\/p>\n<ul>\n<li style=\"font-size: 20px;\">Ingl\u00e9s\/5 HORAS<\/li>\n<li style=\"font-size: 20px;\">M\u00fasica\/2 horas<\/li>\n<li style=\"font-size: 20px;\">TOTAL HORAS EN INGL\u00c9S: 7 HORAS<\/li>\n<\/ul>\n<\/div>\n\t\t<\/div><\/div><\/div><\/div><\/div><\/div><\/div><\/div><\/div><\/div>","protected":false},"excerpt":{"rendered":"<p>La Educaci\u00f3n Secundaria Obligatoria (ESO) es una etapa educativa obligatoria y gratuita que completa la educaci\u00f3n b\u00e1sica. Consta de cuatro cursos acad\u00e9micos que se realizan ordinariamente entre los 12 y los 16 a\u00f1os de edad. No obstante, los alumnos tendr\u00e1n derecho a permanecer en r\u00e9gimen ordinario cursando la ense\u00f1anza b\u00e1sica hasta los dieciocho a\u00f1os de &hellip; <\/p>\n<p class=\"link-more\"><a href=\"https:\/\/site.educa.madrid.org\/ies.lazarocardenas.colladovillalba\/index.php\/eso\/\" class=\"more-link\">Continuar leyendo<span class=\"screen-reader-text\"> \u00abESO\u00bb<\/span><\/a><\/p>\n","protected":false},"author":3,"featured_media":0,"parent":0,"menu_order":0,"comment_status":"closed","ping_status":"closed","template":"","meta":{"footnotes":""},"folder":[],"class_list":["post-2720","page","type-page","status-publish","hentry"],"rttpg_featured_image_url":null,"rttpg_author":{"display_name":"ies.lazarocardenas.colladovillalba","author_link":"https:\/\/site.educa.madrid.org\/ies.lazarocardenas.colladovillalba\/index.php\/author\/cuenta_ies-lazarocardenas-colladovillalba\/"},"rttpg_comment":0,"rttpg_category":false,"rttpg_excerpt":"La Educaci\u00f3n Secundaria Obligatoria (ESO) es una etapa educativa obligatoria y gratuita que completa la educaci\u00f3n b\u00e1sica. Consta de cuatro cursos acad\u00e9micos que se realizan ordinariamente entre los 12 y los 16 a\u00f1os de edad. No obstante, los alumnos tendr\u00e1n derecho a permanecer en r\u00e9gimen ordinario cursando la ense\u00f1anza b\u00e1sica hasta los dieciocho a\u00f1os de&hellip;","post_mailing_queue_ids":[],"_links":{"self":[{"href":"https:\/\/site.educa.madrid.org\/ies.lazarocardenas.colladovillalba\/index.php\/wp-json\/wp\/v2\/pages\/2720","targetHints":{"allow":["GET"]}}],"collection":[{"href":"https:\/\/site.educa.madrid.org\/ies.lazarocardenas.colladovillalba\/index.php\/wp-json\/wp\/v2\/pages"}],"about":[{"href":"https:\/\/site.educa.madrid.org\/ies.lazarocardenas.colladovillalba\/index.php\/wp-json\/wp\/v2\/types\/page"}],"author":[{"embeddable":true,"href":"https:\/\/site.educa.madrid.org\/ies.lazarocardenas.colladovillalba\/index.php\/wp-json\/wp\/v2\/users\/3"}],"replies":[{"embeddable":true,"href":"https:\/\/site.educa.madrid.org\/ies.lazarocardenas.colladovillalba\/index.php\/wp-json\/wp\/v2\/comments?post=2720"}],"version-history":[{"count":50,"href":"https:\/\/site.educa.madrid.org\/ies.lazarocardenas.colladovillalba\/index.php\/wp-json\/wp\/v2\/pages\/2720\/revisions"}],"predecessor-version":[{"id":6330,"href":"https:\/\/site.educa.madrid.org\/ies.lazarocardenas.colladovillalba\/index.php\/wp-json\/wp\/v2\/pages\/2720\/revisions\/6330"}],"wp:attachment":[{"href":"https:\/\/site.educa.madrid.org\/ies.lazarocardenas.colladovillalba\/index.php\/wp-json\/wp\/v2\/media?parent=2720"}],"wp:term":[{"taxonomy":"folder","embeddable":true,"href":"https:\/\/site.educa.madrid.org\/ies.lazarocardenas.colladovillalba\/index.php\/wp-json\/wp\/v2\/folder?post=2720"}],"curies":[{"name":"wp","href":"https:\/\/api.w.org\/{rel}","templated":true}]}}