{"id":2931,"date":"2022-09-20T14:49:12","date_gmt":"2022-09-20T12:49:12","guid":{"rendered":"https:\/\/site.educa.madrid.org\/ies.lazarocardenas.colladovillalba\/?page_id=2931"},"modified":"2026-04-22T11:03:38","modified_gmt":"2026-04-22T09:03:38","slug":"automocion-ies-lazaro-cardenas","status":"publish","type":"page","link":"https:\/\/site.educa.madrid.org\/ies.lazarocardenas.colladovillalba\/index.php\/automocion-ies-lazaro-cardenas\/","title":{"rendered":"Automoci\u00f3n IES L\u00e1zaro C\u00e1rdenas"},"content":{"rendered":"<div id=\"pl-2931\"  class=\"panel-layout\" ><div id=\"pg-2931-0\"  class=\"panel-grid panel-has-style\" ><div class=\"so-parallax siteorigin-panels-stretch panel-row-style panel-row-style-for-2931-0\" data-stretch-type=\"full-width-stretch\" ><img fetchpriority=\"high\" decoding=\"async\" width=\"1440\" height=\"493\" src=\"https:\/\/site.educa.madrid.org\/ies.lazarocardenas.colladovillalba\/\/wp-content\/uploads\/ies.lazarocardenas.colladovillalba\/2022\/07\/Conoce-nuestro-programa.png\" class=\"attachment-full size-full\" alt=\"\" data-siteorigin-parallax=\"true\" loading=\"eager\" srcset=\"https:\/\/site.educa.madrid.org\/ies.lazarocardenas.colladovillalba\/\/wp-content\/uploads\/ies.lazarocardenas.colladovillalba\/2022\/07\/Conoce-nuestro-programa.png 1440w, https:\/\/site.educa.madrid.org\/ies.lazarocardenas.colladovillalba\/\/wp-content\/uploads\/ies.lazarocardenas.colladovillalba\/2022\/07\/Conoce-nuestro-programa-300x103.png 300w, https:\/\/site.educa.madrid.org\/ies.lazarocardenas.colladovillalba\/\/wp-content\/uploads\/ies.lazarocardenas.colladovillalba\/2022\/07\/Conoce-nuestro-programa-1024x351.png 1024w, https:\/\/site.educa.madrid.org\/ies.lazarocardenas.colladovillalba\/\/wp-content\/uploads\/ies.lazarocardenas.colladovillalba\/2022\/07\/Conoce-nuestro-programa-768x263.png 768w\" sizes=\"100vw\" \/><div id=\"pgc-2931-0-0\"  class=\"panel-grid-cell panel-grid-cell-empty\" ><\/div><\/div><\/div><div id=\"pg-2931-1\"  class=\"panel-grid panel-has-style\" ><div class=\"siteorigin-panels-stretch panel-row-style panel-row-style-for-2931-1\" data-stretch-type=\"full-width-stretch\" ><div id=\"pgc-2931-1-0\"  class=\"panel-grid-cell\" ><div class=\"panel-cell-style panel-cell-style-for-2931-1-0\" ><div id=\"panel-2931-1-0-0\" class=\"so-panel widget widget_text panel-first-child\" data-index=\"0\" >\t\t\t<div class=\"textwidget\"><p><strong>Familia profesional de Transporte y Mantenimiento <\/strong><\/p>\n<p><strong>Oferta de Formaci\u00f3n Profesional:<\/strong><\/p>\n<p><strong><u>Ciclo de Grado B\u00e1sico:<\/u><\/strong><\/p>\n<ul>\n<li><strong>Mantenimiento de Veh\u00edculos:<\/strong><\/li>\n<\/ul>\n<p>1\u00ba curso: se imparte en horario de ma\u00f1ana o tarde<\/p>\n<p>2\u00ba curso: se imparte en horario de tarde<\/p>\n<p><strong><u>Ciclos de Grado Medio:<\/u><\/strong><\/p>\n<ul>\n<li><strong>Carrocer\u00eda: <\/strong>se imparte en horario de ma\u00f1ana.<\/li>\n<li><strong>Electromec\u00e1nica de Veh\u00edculos Autom\u00f3viles: <\/strong>se imparte en horario de ma\u00f1ana o tarde.<\/li>\n<\/ul>\n<p><strong><u>Ciclo de Grado Superior: <\/u><\/strong><\/p>\n<ul>\n<li><strong>Automoci\u00f3n: <\/strong>se imparte en horario de ma\u00f1ana.<\/li>\n<\/ul>\n<p>&nbsp;<\/p>\n<div style=\"width: 100%; padding-top: 64%; position: relative; border-bottom: 1px solid #aaa; display: inline-block; background: rgba(255,255,255,0.9);\">\n<p><iframe style=\"width: 100%; height: 90%; position: absolute; left: 0; top: 0; overflow: hidden; border: none; background-color: transparent;\" src=\"https:\/\/secure-embed.rtve.es\/drmn\/embed\/video\/17015479\" name=\"IES L\u00e1zaro C\u00e1rdenas. FP en Automovilismo y Electromec\u00e1nica\" scrolling=\"no\" allowfullscreen=\"allowfullscreen\"><\/iframe><\/p>\n<div style=\"position: absolute; bottom: 0; left: 0; font-family: arial,helvetica,sans-serif; font-size: 12px; line-height: 1.833; display: inline-block; padding: 5px 0 5px 10px;\"><span style=\"float: left; margin-right: 10px;\"><img decoding=\"async\" style=\"height: 20px; width: auto; background: transparent; padding: 0; margin: 0;\" src=\"https:\/\/img2.rtve.es\/css\/rtve.commons\/rtve.header.footer\/i\/logoRTVEes.png\" \/><\/span><a style=\"color: #333; font-weight: bold;\" title=\"IES L\u00e1zaro C\u00e1rdenas. FP en Automovilismo y Electromec\u00e1nica\" href=\"https:\/\/www.rtve.es\/play\/videos\/la-aventura-del-saber\/ies-lazaro-cardenas-fp-automovilismo-electromecanica\/17015479\/\"><strong>IES L\u00e1zaro C\u00e1rdenas. FP en Automovilismo y Electromec\u00e1nica<\/strong><\/a><\/div>\n<\/div>\n<p>&nbsp;<\/p>\n<p style=\"font-size: 20px;\"><strong>Aqu\u00ed puedes descargar tr\u00edpticos con la informaci\u00f3n detallada de cada uno de estos estudios:<\/strong><\/p>\n<\/div>\n\t\t<\/div><div id=\"panel-2931-1-0-1\" class=\"so-panel widget widget_text panel-last-child\" data-index=\"1\" >\t\t\t<div class=\"textwidget\"><p><a href=\"https:\/\/site.educa.madrid.org\/ies.lazarocardenas.colladovillalba\/\/wp-content\/uploads\/ies.lazarocardenas.colladovillalba\/2026\/04\/TRIPTICO-BASICO-AUTO.pdf\"><img loading=\"lazy\" decoding=\"async\" class=\"alignnone wp-image-7731\" src=\"https:\/\/site.educa.madrid.org\/ies.lazarocardenas.colladovillalba\/\/wp-content\/uploads\/ies.lazarocardenas.colladovillalba\/2026\/04\/Cabecera-grado-basico-139x300.jpg\" alt=\"\" width=\"262\" height=\"565\" srcset=\"https:\/\/site.educa.madrid.org\/ies.lazarocardenas.colladovillalba\/\/wp-content\/uploads\/ies.lazarocardenas.colladovillalba\/2026\/04\/Cabecera-grado-basico-139x300.jpg 139w, https:\/\/site.educa.madrid.org\/ies.lazarocardenas.colladovillalba\/\/wp-content\/uploads\/ies.lazarocardenas.colladovillalba\/2026\/04\/Cabecera-grado-basico-474x1024.jpg 474w\" sizes=\"auto, (max-width: 262px) 100vw, 262px\" \/><\/a>\u00a0 <a href=\"https:\/\/site.educa.madrid.org\/ies.lazarocardenas.colladovillalba\/\/wp-content\/uploads\/ies.lazarocardenas.colladovillalba\/2026\/04\/TRIPTICO-GRADO-MEDIO-CARRO.pdf\"><img loading=\"lazy\" decoding=\"async\" class=\"alignnone wp-image-7741\" src=\"https:\/\/site.educa.madrid.org\/ies.lazarocardenas.colladovillalba\/\/wp-content\/uploads\/ies.lazarocardenas.colladovillalba\/2026\/04\/Cabecera-carro-1-138x300.jpg\" alt=\"\" width=\"259\" height=\"563\" srcset=\"https:\/\/site.educa.madrid.org\/ies.lazarocardenas.colladovillalba\/\/wp-content\/uploads\/ies.lazarocardenas.colladovillalba\/2026\/04\/Cabecera-carro-1-138x300.jpg 138w, https:\/\/site.educa.madrid.org\/ies.lazarocardenas.colladovillalba\/\/wp-content\/uploads\/ies.lazarocardenas.colladovillalba\/2026\/04\/Cabecera-carro-1-472x1024.jpg 472w, https:\/\/site.educa.madrid.org\/ies.lazarocardenas.colladovillalba\/\/wp-content\/uploads\/ies.lazarocardenas.colladovillalba\/2026\/04\/Cabecera-carro-1.jpg 705w\" sizes=\"auto, (max-width: 259px) 100vw, 259px\" \/><\/a> <a href=\"https:\/\/site.educa.madrid.org\/ies.lazarocardenas.colladovillalba\/\/wp-content\/uploads\/ies.lazarocardenas.colladovillalba\/2026\/04\/TRIPTICO-GRADO-MEDIO-ELECTROMECANICA.pdf\"><img loading=\"lazy\" decoding=\"async\" class=\"alignnone wp-image-7730\" src=\"https:\/\/site.educa.madrid.org\/ies.lazarocardenas.colladovillalba\/\/wp-content\/uploads\/ies.lazarocardenas.colladovillalba\/2026\/04\/Cabecera-electromecanica-135x300.jpg\" alt=\"\" width=\"253\" height=\"562\" srcset=\"https:\/\/site.educa.madrid.org\/ies.lazarocardenas.colladovillalba\/\/wp-content\/uploads\/ies.lazarocardenas.colladovillalba\/2026\/04\/Cabecera-electromecanica-135x300.jpg 135w, https:\/\/site.educa.madrid.org\/ies.lazarocardenas.colladovillalba\/\/wp-content\/uploads\/ies.lazarocardenas.colladovillalba\/2026\/04\/Cabecera-electromecanica-462x1024.jpg 462w\" sizes=\"auto, (max-width: 253px) 100vw, 253px\" \/><\/a> <a href=\"https:\/\/site.educa.madrid.org\/ies.lazarocardenas.colladovillalba\/\/wp-content\/uploads\/ies.lazarocardenas.colladovillalba\/2026\/04\/TRIPTICO-GRADO-SUPERIOR-AUTO.pdf\"><img loading=\"lazy\" decoding=\"async\" class=\"alignnone wp-image-7717\" src=\"https:\/\/site.educa.madrid.org\/ies.lazarocardenas.colladovillalba\/\/wp-content\/uploads\/ies.lazarocardenas.colladovillalba\/2026\/04\/Cabecera-AUTO-147x300.jpg\" alt=\"\" width=\"275\" height=\"561\" srcset=\"https:\/\/site.educa.madrid.org\/ies.lazarocardenas.colladovillalba\/\/wp-content\/uploads\/ies.lazarocardenas.colladovillalba\/2026\/04\/Cabecera-AUTO-147x300.jpg 147w, https:\/\/site.educa.madrid.org\/ies.lazarocardenas.colladovillalba\/\/wp-content\/uploads\/ies.lazarocardenas.colladovillalba\/2026\/04\/Cabecera-AUTO-501x1024.jpg 501w\" sizes=\"auto, (max-width: 275px) 100vw, 275px\" \/><\/a><\/p>\n<\/div>\n\t\t<\/div><\/div><\/div><\/div><\/div><\/div>","protected":false},"excerpt":{"rendered":"<p>Familia profesional de Transporte y Mantenimiento Oferta de Formaci\u00f3n Profesional: Ciclo de Grado B\u00e1sico: Mantenimiento de Veh\u00edculos: 1\u00ba curso: se imparte en horario de ma\u00f1ana o tarde 2\u00ba curso: se imparte en horario de tarde Ciclos de Grado Medio: Carrocer\u00eda: se imparte en horario de ma\u00f1ana. Electromec\u00e1nica de Veh\u00edculos Autom\u00f3viles: se imparte en horario de &hellip; <\/p>\n<p class=\"link-more\"><a href=\"https:\/\/site.educa.madrid.org\/ies.lazarocardenas.colladovillalba\/index.php\/automocion-ies-lazaro-cardenas\/\" class=\"more-link\">Continuar leyendo<span class=\"screen-reader-text\"> \u00abAutomoci\u00f3n IES L\u00e1zaro C\u00e1rdenas\u00bb<\/span><\/a><\/p>\n","protected":false},"author":3,"featured_media":0,"parent":0,"menu_order":0,"comment_status":"closed","ping_status":"closed","template":"","meta":{"footnotes":""},"folder":[],"class_list":["post-2931","page","type-page","status-publish","hentry"],"rttpg_featured_image_url":null,"rttpg_author":{"display_name":"ies.lazarocardenas.colladovillalba","author_link":"https:\/\/site.educa.madrid.org\/ies.lazarocardenas.colladovillalba\/index.php\/author\/cuenta_ies-lazarocardenas-colladovillalba\/"},"rttpg_comment":0,"rttpg_category":false,"rttpg_excerpt":"Familia profesional de Transporte y Mantenimiento Oferta de Formaci\u00f3n Profesional: Ciclo de Grado B\u00e1sico: Mantenimiento de Veh\u00edculos: 1\u00ba curso: se imparte en horario de ma\u00f1ana o tarde 2\u00ba curso: se imparte en horario de tarde Ciclos de Grado Medio: Carrocer\u00eda: se imparte en horario de ma\u00f1ana. Electromec\u00e1nica de Veh\u00edculos Autom\u00f3viles: se imparte en horario de&hellip;","post_mailing_queue_ids":[],"_links":{"self":[{"href":"https:\/\/site.educa.madrid.org\/ies.lazarocardenas.colladovillalba\/index.php\/wp-json\/wp\/v2\/pages\/2931","targetHints":{"allow":["GET"]}}],"collection":[{"href":"https:\/\/site.educa.madrid.org\/ies.lazarocardenas.colladovillalba\/index.php\/wp-json\/wp\/v2\/pages"}],"about":[{"href":"https:\/\/site.educa.madrid.org\/ies.lazarocardenas.colladovillalba\/index.php\/wp-json\/wp\/v2\/types\/page"}],"author":[{"embeddable":true,"href":"https:\/\/site.educa.madrid.org\/ies.lazarocardenas.colladovillalba\/index.php\/wp-json\/wp\/v2\/users\/3"}],"replies":[{"embeddable":true,"href":"https:\/\/site.educa.madrid.org\/ies.lazarocardenas.colladovillalba\/index.php\/wp-json\/wp\/v2\/comments?post=2931"}],"version-history":[{"count":50,"href":"https:\/\/site.educa.madrid.org\/ies.lazarocardenas.colladovillalba\/index.php\/wp-json\/wp\/v2\/pages\/2931\/revisions"}],"predecessor-version":[{"id":7752,"href":"https:\/\/site.educa.madrid.org\/ies.lazarocardenas.colladovillalba\/index.php\/wp-json\/wp\/v2\/pages\/2931\/revisions\/7752"}],"wp:attachment":[{"href":"https:\/\/site.educa.madrid.org\/ies.lazarocardenas.colladovillalba\/index.php\/wp-json\/wp\/v2\/media?parent=2931"}],"wp:term":[{"taxonomy":"folder","embeddable":true,"href":"https:\/\/site.educa.madrid.org\/ies.lazarocardenas.colladovillalba\/index.php\/wp-json\/wp\/v2\/folder?post=2931"}],"curies":[{"name":"wp","href":"https:\/\/api.w.org\/{rel}","templated":true}]}}