{"id":2983,"date":"2022-09-20T15:49:12","date_gmt":"2022-09-20T13:49:12","guid":{"rendered":"https:\/\/site.educa.madrid.org\/ies.lazarocardenas.colladovillalba\/?page_id=2983"},"modified":"2026-04-09T18:54:49","modified_gmt":"2026-04-09T16:54:49","slug":"administracion-de-empresas","status":"publish","type":"page","link":"https:\/\/site.educa.madrid.org\/ies.lazarocardenas.colladovillalba\/index.php\/administracion-de-empresas\/","title":{"rendered":"Administraci\u00f3n de Empresas"},"content":{"rendered":"<div id=\"pl-2983\"  class=\"panel-layout\" ><div id=\"pg-2983-0\"  class=\"panel-grid panel-has-style\" ><div class=\"so-parallax siteorigin-panels-stretch panel-row-style panel-row-style-for-2983-0\" data-stretch-type=\"full-width-stretch\" ><img fetchpriority=\"high\" decoding=\"async\" width=\"1440\" height=\"493\" src=\"https:\/\/site.educa.madrid.org\/ies.lazarocardenas.colladovillalba\/\/wp-content\/uploads\/ies.lazarocardenas.colladovillalba\/2022\/07\/Conoce-nuestro-programa.png\" class=\"attachment-full size-full\" alt=\"\" data-siteorigin-parallax=\"true\" loading=\"eager\" srcset=\"https:\/\/site.educa.madrid.org\/ies.lazarocardenas.colladovillalba\/\/wp-content\/uploads\/ies.lazarocardenas.colladovillalba\/2022\/07\/Conoce-nuestro-programa.png 1440w, https:\/\/site.educa.madrid.org\/ies.lazarocardenas.colladovillalba\/\/wp-content\/uploads\/ies.lazarocardenas.colladovillalba\/2022\/07\/Conoce-nuestro-programa-300x103.png 300w, https:\/\/site.educa.madrid.org\/ies.lazarocardenas.colladovillalba\/\/wp-content\/uploads\/ies.lazarocardenas.colladovillalba\/2022\/07\/Conoce-nuestro-programa-1024x351.png 1024w, https:\/\/site.educa.madrid.org\/ies.lazarocardenas.colladovillalba\/\/wp-content\/uploads\/ies.lazarocardenas.colladovillalba\/2022\/07\/Conoce-nuestro-programa-768x263.png 768w\" sizes=\"100vw\" \/><div id=\"pgc-2983-0-0\"  class=\"panel-grid-cell panel-grid-cell-empty\" ><\/div><\/div><\/div><div id=\"pg-2983-1\"  class=\"panel-grid panel-has-style\" ><div class=\"siteorigin-panels-stretch panel-row-style panel-row-style-for-2983-1\" data-stretch-type=\"full-width-stretch\" ><div id=\"pgc-2983-1-0\"  class=\"panel-grid-cell\" ><div class=\"panel-cell-style panel-cell-style-for-2983-1-0\" ><div id=\"panel-2983-1-0-0\" class=\"so-panel widget widget_text panel-first-child\" data-index=\"0\" >\t\t\t<div class=\"textwidget\"><p><strong>Familia Profesional de Administraci\u00f3n y Gesti\u00f3n<\/strong><\/p>\n<p><strong>Oferta de Formaci\u00f3n Profesional:<\/strong><\/p>\n<p><strong><u>Ciclos de Grado Medio:<\/u><\/strong><\/p>\n<ul>\n<li><strong>Gesti\u00f3n Administrativa (modalidad presencial): <\/strong>se imparte en horario de ma\u00f1ana o tarde.<\/li>\n<li><strong>Gesti\u00f3n Administrativa (modalidad virtual).<\/strong><\/li>\n<\/ul>\n<p><strong><u>Ciclos de Grado Superior:<\/u><\/strong><\/p>\n<ul>\n<li><strong>Administraci\u00f3n y Finanzas: <\/strong>se imparte en horario de ma\u00f1ana<\/li>\n<li><strong>Asistencia a la Direcci\u00f3n: <\/strong>se imparte en horario de tarde<\/li>\n<\/ul>\n<p>El primer curso de los ciclos de grado superior de Administraci\u00f3n y Finanzas y de Asistencia a la Direcci\u00f3n es com\u00fan en ambos ciclos, por lo que quienes finalicen uno de estos ciclos pueden acceder al segundo curso del otro y obtener la doble titulaci\u00f3n, cursando un \u00fanico curso adicional.<\/p>\n<p>&nbsp;<\/p>\n<p><a href=\"https:\/\/site.educa.madrid.org\/ies.lazarocardenas.colladovillalba\/\/wp-content\/uploads\/ies.lazarocardenas.colladovillalba\/2024\/03\/admin.jpg\"><img loading=\"lazy\" decoding=\"async\" class=\"size-full wp-image-6456 alignleft\" src=\"https:\/\/site.educa.madrid.org\/ies.lazarocardenas.colladovillalba\/\/wp-content\/uploads\/ies.lazarocardenas.colladovillalba\/2024\/03\/admin.jpg\" alt=\"\" width=\"684\" height=\"526\" srcset=\"https:\/\/site.educa.madrid.org\/ies.lazarocardenas.colladovillalba\/\/wp-content\/uploads\/ies.lazarocardenas.colladovillalba\/2024\/03\/admin.jpg 684w, https:\/\/site.educa.madrid.org\/ies.lazarocardenas.colladovillalba\/\/wp-content\/uploads\/ies.lazarocardenas.colladovillalba\/2024\/03\/admin-300x231.jpg 300w\" sizes=\"auto, (max-width: 684px) 100vw, 684px\" \/><\/a><\/p>\n<\/div>\n\t\t<\/div><div id=\"panel-2983-1-0-1\" class=\"so-panel widget widget_text panel-last-child\" data-index=\"1\" >\t\t\t<div class=\"textwidget\"><p style=\"font-size: 20px;\"><strong>Aqu\u00ed puedes descargar m\u00e1s informaci\u00f3n sobre las diferentes ense\u00f1anzas:<\/strong><\/p>\n<p><a href=\"https:\/\/site.educa.madrid.org\/ies.lazarocardenas.colladovillalba\/\/wp-content\/uploads\/ies.lazarocardenas.colladovillalba\/2026\/03\/Triptico-ASISTENCIA-DIRECCION.pdf\"><img loading=\"lazy\" decoding=\"async\" class=\"alignnone wp-image-7721\" src=\"https:\/\/site.educa.madrid.org\/ies.lazarocardenas.colladovillalba\/\/wp-content\/uploads\/ies.lazarocardenas.colladovillalba\/2026\/04\/Cabecera-AD-1-135x300.jpg\" alt=\"\" width=\"255\" height=\"567\" srcset=\"https:\/\/site.educa.madrid.org\/ies.lazarocardenas.colladovillalba\/\/wp-content\/uploads\/ies.lazarocardenas.colladovillalba\/2026\/04\/Cabecera-AD-1-135x300.jpg 135w, https:\/\/site.educa.madrid.org\/ies.lazarocardenas.colladovillalba\/\/wp-content\/uploads\/ies.lazarocardenas.colladovillalba\/2026\/04\/Cabecera-AD-1-461x1024.jpg 461w, https:\/\/site.educa.madrid.org\/ies.lazarocardenas.colladovillalba\/\/wp-content\/uploads\/ies.lazarocardenas.colladovillalba\/2026\/04\/Cabecera-AD-1.jpg 611w\" sizes=\"auto, (max-width: 255px) 100vw, 255px\" \/><\/a><a href=\"https:\/\/site.educa.madrid.org\/ies.lazarocardenas.colladovillalba\/\/wp-content\/uploads\/ies.lazarocardenas.colladovillalba\/2026\/04\/Triptico-ADMINISTRACION-FINANZAS.pdf\"><img loading=\"lazy\" decoding=\"async\" class=\"alignnone wp-image-7719\" src=\"https:\/\/site.educa.madrid.org\/ies.lazarocardenas.colladovillalba\/\/wp-content\/uploads\/ies.lazarocardenas.colladovillalba\/2026\/04\/Cabecera-AF-1-159x300.jpg\" alt=\"\" width=\"300\" height=\"566\" \/><\/a><a href=\"https:\/\/site.educa.madrid.org\/ies.lazarocardenas.colladovillalba\/\/wp-content\/uploads\/ies.lazarocardenas.colladovillalba\/2026\/04\/Triptico-GESTION-ADM.pdf\"><img loading=\"lazy\" decoding=\"async\" class=\"alignnone wp-image-7711\" src=\"https:\/\/site.educa.madrid.org\/ies.lazarocardenas.colladovillalba\/\/wp-content\/uploads\/ies.lazarocardenas.colladovillalba\/2026\/03\/Cabecera-GA-1-144x300.jpg\" alt=\"\" width=\"271\" height=\"565\" srcset=\"https:\/\/site.educa.madrid.org\/ies.lazarocardenas.colladovillalba\/\/wp-content\/uploads\/ies.lazarocardenas.colladovillalba\/2026\/03\/Cabecera-GA-1-144x300.jpg 144w, https:\/\/site.educa.madrid.org\/ies.lazarocardenas.colladovillalba\/\/wp-content\/uploads\/ies.lazarocardenas.colladovillalba\/2026\/03\/Cabecera-GA-1-490x1024.jpg 490w, https:\/\/site.educa.madrid.org\/ies.lazarocardenas.colladovillalba\/\/wp-content\/uploads\/ies.lazarocardenas.colladovillalba\/2026\/03\/Cabecera-GA-1.jpg 671w\" sizes=\"auto, (max-width: 271px) 100vw, 271px\" \/><\/a><\/p>\n<\/div>\n\t\t<\/div><\/div><\/div><div id=\"pgc-2983-1-1\"  class=\"panel-grid-cell\" ><div class=\"panel-cell-style panel-cell-style-for-2983-1-1\" ><div id=\"panel-2983-1-1-0\" class=\"so-panel widget widget_text panel-first-child\" data-index=\"2\" >\t\t\t<div class=\"textwidget\"><p style=\"font-size: 20px;\"><strong>De inter\u00e9s.<\/strong><\/p>\n<p style=\"font-size: 20px;\"><a href=\"http:\/\/www.cnmv.es\/portal\/home.aspx\" target=\"_blank\" rel=\"noopener\">C.N.M.V.<\/a><\/p>\n<p style=\"font-size: 20px;\"><a href=\"http:\/\/www.aeat.es\" target=\"_blank\" rel=\"noopener\">Agencia Tributarial<\/a><\/p>\n<p style=\"font-size: 20px;\"><a href=\"http:\/\/www.seg-social.es\/Internet_1\/Trabajadores\/index.htm\" target=\"_blank\" rel=\"noopener\">Seguridad Social<\/a><\/p>\n<p style=\"font-size: 20px;\"><a href=\"https:\/\/www.icac.gob.es\" target=\"_blank\" rel=\"noopener\">ICAC<\/a><\/p>\n<p style=\"font-size: 20px;\"><a href=\"https:\/\/www.bde.es\/bde\/es\/\" target=\"_blank\" rel=\"noopener\">Banco de Espa\u00f1a<\/a><\/p>\n<p style=\"font-size: 20px;\"><a href=\"http:\/\/www.dgsfp.mineco.es\/es\/Paginas\/Iniciocarrousel.aspx\" target=\"_blank\" rel=\"noopener\">Direcci\u00f3n G. Seguros y Fondos Pensiones<\/a><\/p>\n<p style=\"font-size: 20px;\"><a href=\"http:\/\/www.cert.fnmt.es\" target=\"_blank\" rel=\"noopener\">CERES<\/a><\/p>\n<p style=\"font-size: 20px;\"><a href=\"http:\/\/www.emprendedores.es\" target=\"_blank\" rel=\"noopener\">Emprendedores.es<\/a><\/p>\n<\/div>\n\t\t<\/div><div id=\"panel-2983-1-1-1\" class=\"so-panel widget widget_sow-image panel-last-child\" data-index=\"3\" ><div\n\t\t\t\n\t\t\tclass=\"so-widget-sow-image so-widget-sow-image-default-c67d20f9f743-2983\"\n\t\t\t\n\t\t>\n\n<div class=\"sow-image-container\">\n\t\t<img loading=\"lazy\" decoding=\"async\" src=\"https:\/\/site.educa.madrid.org\/ies.lazarocardenas.colladovillalba\/\/wp-content\/uploads\/ies.lazarocardenas.colladovillalba\/2022\/07\/logotipo_reproduccion_normal_en_color.jpg\" width=\"252\" height=\"232\" sizes=\"auto, (max-width: 252px) 100vw, 252px\" alt=\"\" \t\tclass=\"so-widget-image\"\/>\n\t<\/div>\n\n<\/div><\/div><\/div><\/div><\/div><\/div><\/div>","protected":false},"excerpt":{"rendered":"<p>Familia Profesional de Administraci\u00f3n y Gesti\u00f3n Oferta de Formaci\u00f3n Profesional: Ciclos de Grado Medio: Gesti\u00f3n Administrativa (modalidad presencial): se imparte en horario de ma\u00f1ana o tarde. Gesti\u00f3n Administrativa (modalidad virtual). Ciclos de Grado Superior: Administraci\u00f3n y Finanzas: se imparte en horario de ma\u00f1ana Asistencia a la Direcci\u00f3n: se imparte en horario de tarde El primer &hellip; <\/p>\n<p class=\"link-more\"><a href=\"https:\/\/site.educa.madrid.org\/ies.lazarocardenas.colladovillalba\/index.php\/administracion-de-empresas\/\" class=\"more-link\">Continuar leyendo<span class=\"screen-reader-text\"> \u00abAdministraci\u00f3n de Empresas\u00bb<\/span><\/a><\/p>\n","protected":false},"author":3,"featured_media":0,"parent":0,"menu_order":0,"comment_status":"closed","ping_status":"closed","template":"","meta":{"footnotes":""},"folder":[],"class_list":["post-2983","page","type-page","status-publish","hentry"],"rttpg_featured_image_url":null,"rttpg_author":{"display_name":"ies.lazarocardenas.colladovillalba","author_link":"https:\/\/site.educa.madrid.org\/ies.lazarocardenas.colladovillalba\/index.php\/author\/cuenta_ies-lazarocardenas-colladovillalba\/"},"rttpg_comment":0,"rttpg_category":false,"rttpg_excerpt":"Familia Profesional de Administraci\u00f3n y Gesti\u00f3n Oferta de Formaci\u00f3n Profesional: Ciclos de Grado Medio: Gesti\u00f3n Administrativa (modalidad presencial): se imparte en horario de ma\u00f1ana o tarde. Gesti\u00f3n Administrativa (modalidad virtual). Ciclos de Grado Superior: Administraci\u00f3n y Finanzas: se imparte en horario de ma\u00f1ana Asistencia a la Direcci\u00f3n: se imparte en horario de tarde El primer&hellip;","post_mailing_queue_ids":[],"_links":{"self":[{"href":"https:\/\/site.educa.madrid.org\/ies.lazarocardenas.colladovillalba\/index.php\/wp-json\/wp\/v2\/pages\/2983","targetHints":{"allow":["GET"]}}],"collection":[{"href":"https:\/\/site.educa.madrid.org\/ies.lazarocardenas.colladovillalba\/index.php\/wp-json\/wp\/v2\/pages"}],"about":[{"href":"https:\/\/site.educa.madrid.org\/ies.lazarocardenas.colladovillalba\/index.php\/wp-json\/wp\/v2\/types\/page"}],"author":[{"embeddable":true,"href":"https:\/\/site.educa.madrid.org\/ies.lazarocardenas.colladovillalba\/index.php\/wp-json\/wp\/v2\/users\/3"}],"replies":[{"embeddable":true,"href":"https:\/\/site.educa.madrid.org\/ies.lazarocardenas.colladovillalba\/index.php\/wp-json\/wp\/v2\/comments?post=2983"}],"version-history":[{"count":41,"href":"https:\/\/site.educa.madrid.org\/ies.lazarocardenas.colladovillalba\/index.php\/wp-json\/wp\/v2\/pages\/2983\/revisions"}],"predecessor-version":[{"id":2986,"href":"https:\/\/site.educa.madrid.org\/ies.lazarocardenas.colladovillalba\/index.php\/wp-json\/wp\/v2\/pages\/2983\/revisions\/2986"}],"wp:attachment":[{"href":"https:\/\/site.educa.madrid.org\/ies.lazarocardenas.colladovillalba\/index.php\/wp-json\/wp\/v2\/media?parent=2983"}],"wp:term":[{"taxonomy":"folder","embeddable":true,"href":"https:\/\/site.educa.madrid.org\/ies.lazarocardenas.colladovillalba\/index.php\/wp-json\/wp\/v2\/folder?post=2983"}],"curies":[{"name":"wp","href":"https:\/\/api.w.org\/{rel}","templated":true}]}}