{"id":2996,"date":"2022-09-20T16:27:40","date_gmt":"2022-09-20T14:27:40","guid":{"rendered":"https:\/\/site.educa.madrid.org\/ies.lazarocardenas.colladovillalba\/?page_id=2996"},"modified":"2026-01-26T16:11:57","modified_gmt":"2026-01-26T15:11:57","slug":"ensenanza-a-distancia","status":"publish","type":"page","link":"https:\/\/site.educa.madrid.org\/ies.lazarocardenas.colladovillalba\/index.php\/ensenanza-a-distancia\/","title":{"rendered":"Ense\u00f1anza Virtual &#8211; Grado Medio Gesti\u00f3n Administrativa"},"content":{"rendered":"<div id=\"pl-2996\"  class=\"panel-layout\" ><div id=\"pg-2996-0\"  class=\"panel-grid panel-has-style\" ><div class=\"so-parallax siteorigin-panels-stretch panel-row-style panel-row-style-for-2996-0\" data-stretch-type=\"full-width-stretch\" ><img fetchpriority=\"high\" decoding=\"async\" width=\"1440\" height=\"493\" src=\"https:\/\/site.educa.madrid.org\/ies.lazarocardenas.colladovillalba\/\/wp-content\/uploads\/ies.lazarocardenas.colladovillalba\/2022\/07\/Conoce-nuestro-programa.png\" class=\"attachment-full size-full\" alt=\"\" data-siteorigin-parallax=\"true\" loading=\"eager\" srcset=\"https:\/\/site.educa.madrid.org\/ies.lazarocardenas.colladovillalba\/\/wp-content\/uploads\/ies.lazarocardenas.colladovillalba\/2022\/07\/Conoce-nuestro-programa.png 1440w, https:\/\/site.educa.madrid.org\/ies.lazarocardenas.colladovillalba\/\/wp-content\/uploads\/ies.lazarocardenas.colladovillalba\/2022\/07\/Conoce-nuestro-programa-300x103.png 300w, https:\/\/site.educa.madrid.org\/ies.lazarocardenas.colladovillalba\/\/wp-content\/uploads\/ies.lazarocardenas.colladovillalba\/2022\/07\/Conoce-nuestro-programa-1024x351.png 1024w, https:\/\/site.educa.madrid.org\/ies.lazarocardenas.colladovillalba\/\/wp-content\/uploads\/ies.lazarocardenas.colladovillalba\/2022\/07\/Conoce-nuestro-programa-768x263.png 768w\" sizes=\"100vw\" \/><div id=\"pgc-2996-0-0\"  class=\"panel-grid-cell panel-grid-cell-empty\" ><\/div><\/div><\/div><div id=\"pg-2996-1\"  class=\"panel-grid panel-has-style\" ><div class=\"siteorigin-panels-stretch panel-row-style panel-row-style-for-2996-1\" data-stretch-type=\"full-width-stretch\" ><div id=\"pgc-2996-1-0\"  class=\"panel-grid-cell\" ><div id=\"panel-2996-1-0-0\" class=\"so-panel widget widget_text panel-first-child\" data-index=\"0\" ><h3 class=\"widget-title\">CICLO GRADO MEDIO GESTI\u00d3N ADMINISTRATIVA &#8211; MODALIDAD VIRTUAL<\/h3>\t\t\t<div class=\"textwidget\"><p style=\"font-size: 20px;\"><strong>MODALIDAD VIRTUAL<\/strong><\/p>\n<p>Puedes cursar FP a distancia por m\u00f3dulos profesionales, seg\u00fan tu disponibilidad cada curso.<\/p>\n<p>Tendr\u00e1s acceso a una plataforma virtual (AULAS VIRTUALES) a trav\u00e9s de Internet, que te permitir\u00e1n seguir con comodidad la formaci\u00f3n y comunicarte eficazmente con tu tutor o tutora y tus compa\u00f1eros\/as.<\/p>\n<p>Dispondr\u00e1s de tutor\u00edas colectivas (clases presenciales y retransmitidas por videoconferencia desde las aulas virtuales) y tutor\u00edas individuales, previa cita con el tutor para resolver dudas.<\/p>\n<p>Para acceder a las aulas virtuales necesitas las credenciales de Educamadrid. Si no las tienes, debes ped\u00edrselas al coordinador, por correo electr\u00f3nico:<\/p>\n<ul>\n<li>Dar\u00edo Garc\u00eda de Leaniz:\u00a0 dario.garcia4@educa.madrid.org<\/li>\n<\/ul>\n<p>Una vez tengas las credenciales, debes matricularte en las aulas virtuales:<\/p>\n<p><a href=\"https:\/\/site.educa.madrid.org\/ies.lazarocardenas.colladovillalba\/\/wp-content\/uploads\/ies.lazarocardenas.colladovillalba\/2025\/10\/Tutorial-automatriculacion-aulas-virtuales-Gestion-administratica-a-distancia-II.mp4\">V\u00eddeo explicativo para la automatriculaci\u00f3n en las aulas virtuales<\/a><\/p>\n<p>&nbsp;<\/p>\n<\/div>\n\t\t<\/div><div id=\"panel-2996-1-0-1\" class=\"so-panel widget widget_sow-button\" data-index=\"1\" ><div\n\t\t\t\n\t\t\tclass=\"so-widget-sow-button so-widget-sow-button-flat-4eddee637b7e-2996\"\n\t\t\t\n\t\t><div class=\"ow-button-base ow-button-align-center\">\n\t<a\n\thref=\"https:\/\/site.educa.madrid.org\/ies.lazarocardenas.colladovillalba\/\/wp-content\/uploads\/ies.lazarocardenas.colladovillalba\/2026\/01\/Examenes-DISTANCIA-junio26.pdf\"\n\t\tclass=\"ow-icon-placement-left ow-button-hover\" target=\"_blank\" rel=\"noopener noreferrer\" \t>\n\t\t<span>\n\t\t\t<span class=\"sow-icon-elegantline\" data-sow-icon=\"&#xe04d;\"\n\t\tstyle=\"color: #dd3333\" \n\t\taria-hidden=\"true\"><\/span>\n\t\t\tCALENDARIO EXAMENES CONVOCATORIAS ORDINARIA Y EXTRAORDINARIA - CURSO 25\/26\t\t<\/span>\n\t<\/a>\n<\/div>\n<\/div><\/div><div id=\"panel-2996-1-0-2\" class=\"so-panel widget widget_sow-button\" data-index=\"2\" ><div\n\t\t\t\n\t\t\tclass=\"so-widget-sow-button so-widget-sow-button-flat-4eddee637b7e-2996\"\n\t\t\t\n\t\t><div class=\"ow-button-base ow-button-align-center\">\n\t<a\n\thref=\"https:\/\/site.educa.madrid.org\/ies.lazarocardenas.colladovillalba\/\/wp-content\/uploads\/ies.lazarocardenas.colladovillalba\/2025\/09\/horarioGrupoDIS.pdf\"\n\t\tclass=\"ow-icon-placement-left ow-button-hover\" target=\"_blank\" rel=\"noopener noreferrer\" \t>\n\t\t<span>\n\t\t\t<span class=\"sow-icon-elegantline\" data-sow-icon=\"&#xe04d;\"\n\t\tstyle=\"color: #dd3333\" \n\t\taria-hidden=\"true\"><\/span>\n\t\t\tHorario tutor\u00edas colectivas (Videoconferencias y\/o clases presenciales) - Curso25\/26\t\t<\/span>\n\t<\/a>\n<\/div>\n<\/div><\/div><div id=\"panel-2996-1-0-3\" class=\"so-panel widget widget_sow-button\" data-index=\"3\" ><div\n\t\t\t\n\t\t\tclass=\"so-widget-sow-button so-widget-sow-button-flat-4eddee637b7e-2996\"\n\t\t\t\n\t\t><div class=\"ow-button-base ow-button-align-center\">\n\t<a\n\thref=\"https:\/\/site.educa.madrid.org\/ies.lazarocardenas.colladovillalba\/\/wp-content\/uploads\/ies.lazarocardenas.colladovillalba\/2025\/10\/Horario-de-tutorias-individuales-2.pdf\"\n\t\tclass=\"ow-icon-placement-left ow-button-hover\" target=\"_blank\" rel=\"noopener noreferrer\" \t>\n\t\t<span>\n\t\t\t<span class=\"sow-icon-elegantline\" data-sow-icon=\"&#xe04d;\"\n\t\tstyle=\"color: #dd3333\" \n\t\taria-hidden=\"true\"><\/span>\n\t\t\tHorario tutor\u00edas individuales - Curso 25\/26 \t\t<\/span>\n\t<\/a>\n<\/div>\n<\/div><\/div><div id=\"panel-2996-1-0-4\" class=\"so-panel widget widget_sow-button\" data-index=\"4\" ><div\n\t\t\t\n\t\t\tclass=\"so-widget-sow-button so-widget-sow-button-flat-4eddee637b7e-2996\"\n\t\t\t\n\t\t><div class=\"ow-button-base ow-button-align-center\">\n\t<a\n\thref=\"#\"\n\t\tclass=\"ow-icon-placement-left ow-button-hover\" target=\"_blank\" rel=\"noopener noreferrer\" \t>\n\t\t<span>\n\t\t\t<span class=\"sow-icon-elegantline\" data-sow-icon=\"&#xe04d;\"\n\t\tstyle=\"color: #dd3333\" \n\t\taria-hidden=\"true\"><\/span>\n\t\t\tReuni\u00f3n informativa:  23 de septiembre 19:30 horas en la biblioteca - Curso 25\/26\t\t<\/span>\n\t<\/a>\n<\/div>\n<\/div><\/div><div id=\"panel-2996-1-0-5\" class=\"so-panel widget widget_text\" data-index=\"5\" ><div class=\"panel-widget-style panel-widget-style-for-2996-1-0-5\" ><h3 class=\"widget-title\">PROCESO DE ADMISI\u00d3N CURSO 2025-2026<\/h3>\t\t\t<div class=\"textwidget\"><p><a href=\"https:\/\/site.educa.madrid.org\/ies.lazarocardenas.colladovillalba\/\/wp-content\/uploads\/ies.lazarocardenas.colladovillalba\/2025\/07\/calendario_virtual_25-26.pdf\">Pincha para descargar el CALENDARIO DEL PROCESO DE ADMISI\u00d3N 2025-2026<\/a><\/p>\n<ul style=\"font-size: 20px;\">\n<li style=\"list-style-type: none;\">\n<ul style=\"font-size: 20px;\">\n<li style=\"list-style-type: none;\">\n<ul>\n<li style=\"font-size: 20px;\">Plazo de\u00a0<u>solicitud de admisi\u00f3n:\u00a0<\/u><strong>del 3 al 11 de septiembre de 2025 ambos incluidos.<\/strong><\/li>\n<li style=\"font-size: 20px;\">Publicaci\u00f3n\u00a0<u>lista provisional baremada y listado de excluidos<\/u>: <strong>16 de septiembre.<\/strong><\/li>\n<li><span style=\"font-size: 20px;\">Plazo de\u00a0<\/span><u style=\"font-size: 20px;\">reclamaci\u00f3n a la lista provisional y listado de excluidos<\/u><span style=\"font-size: 20px;\">: <strong>17, 18 y 19<\/strong><\/span><b style=\"font-size: 20px;\">\u00a0septiembre.\u00a0<\/b><\/li>\n<li style=\"font-size: 20px;\">Publicaci\u00f3n\u00a0<u>lista definitiva de admitidos y no admitidos<\/u>: <strong>23 de septiembre. <\/strong><\/li>\n<li style=\"font-size: 20px;\"><strong>Ese mismo d\u00eda por la tarde, <em>a las 19:30<u>\u00a0habr\u00e1 una sesi\u00f3n informativa<\/u><\/em>\u00a0en la Biblioteca del centro.<\/strong><\/li>\n<li style=\"font-size: 20px;\">Plazo de\u00a0<u>matr\u00edcula: <\/u><strong>\u00a024, 25, 26 y 29 de septiembre. <\/strong><\/li>\n<li style=\"font-size: 20px;\">Si una vez concluido el proceso de matriculaci\u00f3n hubiese vacantes y existiese lista de espera, se podr\u00e1 matricular, hasta el 30 de septiembre, respetando el orden de prioridad, a los solicitantes incluidos en ella, hasta completar todas las vacantes.<\/li>\n<li style=\"font-size: 20px;\">Para obtener las credenciales para<strong style=\"font-size: 1rem;\"> para acceder a las aulas virtuales, enviad un correo al coordinador, indicando el nombre y apellidos completo:<\/strong>\n<ul>\n<li style=\"list-style-type: none;\"><\/li>\n<\/ul>\n<p style=\"padding-left: 80px;\">dario.garcia4@educa.madrid.org<\/p>\n<\/li>\n<li>\u00a0<b>El lunes 29 de septiembre\u00a0 <\/b>a las 19:30 habr\u00e1 una sesi\u00f3n informativa en el centro para explicar el funcionamiento de las <strong>aulas virtuales.<\/strong><\/li>\n<li style=\"font-size: 20px;\"><strong><u>Inicio de las actividades lectivas<\/u>: martes, 30 de septiembre.<\/strong><\/li>\n<li style=\"font-size: 20px;\">Todas las publicaciones se mostrar\u00e1n en el tabl\u00f3n del Instituto y en esta p\u00e1gina web.<\/li>\n<\/ul>\n<\/li>\n<\/ul>\n<\/li>\n<\/ul>\n<p><a href=\"https:\/\/site.educa.madrid.org\/ies.lazarocardenas.colladovillalba\/\/wp-content\/uploads\/ies.lazarocardenas.colladovillalba\/2025\/07\/fp_virtual_instrucciones_admision_25-26.pdf\">Pincha para descargar las INSTRUCCIONES DEL PROCESO DE ADMISI\u00d3N CURSO 2025-2026<\/a><\/p>\n<ul>\n<li style=\"list-style-type: none;\">\n<ul>\n<li style=\"list-style-type: none;\">\n<ul style=\"font-size: 20px;\">\n<li><a href=\"https:\/\/www.comunidad.madrid\/servicios\/educacion\/admision-formacion-profesional\">P\u00e1gina Comunidad de Madrid: Admisi\u00f3n CFGS y CFGM Virtual<\/a><\/li>\n<li>Accede a la solicitud <a href=\"https:\/\/site.educa.madrid.org\/ies.lazarocardenas.colladovillalba\/\/wp-content\/uploads\/ies.lazarocardenas.colladovillalba\/2025\/09\/solicitud_2025-26_virtual_002.pdf\">pinchando aqu\u00ed<\/a><\/li>\n<li>La solicitud de admisi\u00f3n se presentar\u00e1 a trav\u00e9s del sistema integral de gesti\u00f3n educativa\u202fRAICES: Secretar\u00eda Virtual.\u00a0<a href=\"https:\/\/raices.madrid.org\/secretariavirtual\/\" target=\"_blank\" rel=\"noreferrer noopener\">https:\/\/raices.madrid.org\/secretariavirtual\/.<\/a>\u00a0Disponible desde el\u202fd\u00eda\u00a03\u00a0al 11 de septiembre de 2025,\u202fambas\u202ffechas incluidas.<\/li>\n<li>Con car\u00e1cter excepcional, podr\u00e1 presentarse de forma presencial en la secretar\u00eda del centro los d\u00edas 10 y 11 de septiembre en horario de 09:00 a 13:00 horas<\/li>\n<li><strong>Informaci\u00f3n importante: Clave del ciclo<\/strong>: ADGM01; <strong>C\u00f3digo de centro<\/strong>: 28045050.<\/li>\n<li>Cada solicitante presentar\u00e1 una \u00fanica solicitud de admisi\u00f3n.<\/li>\n<\/ul>\n<\/li>\n<\/ul>\n<\/li>\n<\/ul>\n<p>&nbsp;<\/p>\n<p><a href=\"https:\/\/site.educa.madrid.org\/ies.lazarocardenas.colladovillalba\/\/wp-content\/uploads\/ies.lazarocardenas.colladovillalba\/2025\/09\/Vacantes-GM-Virtual.pdf\">VACANTES GRADO MEDIO GESTI\u00d3N ADMINISTRATIVA MODALIDAD VIRTUAL CURSO 25\/26<\/a><\/p>\n<\/div>\n\t\t<\/div><\/div><div id=\"panel-2996-1-0-6\" class=\"so-panel widget widget_text panel-last-child\" data-index=\"6\" ><h3 class=\"widget-title\">ADMISI\u00d3N CICLO GRADO MEDIO GESTI\u00d3N ADMINISTRATIVA &#8211; MODALIDAD VIRTUAL<\/h3>\t\t\t<div class=\"textwidget\"><p style=\"font-size: 20px;\"><strong>CURSO 2025-2026<\/strong><\/p>\n<p style=\"font-size: 20px;\">Este curso 2025-2026 se sigue impartiendo en este Instituto el ciclo de Gesti\u00f3n Administrativa en modalidad virtual.<\/p>\n<p style=\"font-size: 20px;\">El alumno puede cursar varios m\u00f3dulos profesionales, siempre que en su conjunto no superen las 1.200 horas de cargar horaria.<\/p>\n<p style=\"font-size: 20px;\"><strong>IMPORTANTE: <\/strong><strong>Durante el mismo curso acad\u00e9mico<\/strong>, un alumno matriculado en la modalidad virtual no podr\u00e1 estar matriculado en un mismo m\u00f3dulo profesional en:<\/p>\n<ul>\n<li style=\"list-style-type: none;\">\n<ul>\n<li style=\"list-style-type: none;\">\n<ul style=\"font-size: 20px;\">\n<li>Diferentes centros educativos.<\/li>\n<li>En el r\u00e9gimen presencial.<\/li>\n<li>En las pruebas que se celebren para la obtenci\u00f3n directa de los t\u00edtulos de Formaci\u00f3n Profesional.<\/li>\n<\/ul>\n<\/li>\n<\/ul>\n<\/li>\n<\/ul>\n<p><strong>Pueden cursar este este ciclo formativo:<\/strong><\/p>\n<p>Quienes tengan al menos dieciocho a\u00f1os o los cumplan en este a\u00f1o.<\/p>\n<p>Los mayores de diecis\u00e9is a\u00f1os o quienes cumplan diecis\u00e9is en este a\u00f1o, siempre que acrediten documentalmente algunas de estas circunstancias:<\/p>\n<ul>\n<li>Estar dado de alta como trabajador por cuenta propia o por cuenta ajena.<\/li>\n<li>Tener condici\u00f3n de deportista de alto nivel o alto rendimiento.<\/li>\n<li>Encontrarse en situaci\u00f3n de extraordinaria enfermedad, dificultad f\u00edsica o sensorial o situaci\u00f3n de dependencia, que le impida cursar las ense\u00f1anzas en r\u00e9gimen presencial.<\/li>\n<\/ul>\n<\/div>\n\t\t<\/div><\/div><\/div><\/div><div id=\"pg-2996-2\"  class=\"panel-grid panel-has-style\" ><div class=\"siteorigin-panels-stretch panel-row-style panel-row-style-for-2996-2\" data-stretch-type=\"full-width-stretch\" ><div id=\"pgc-2996-2-0\"  class=\"panel-grid-cell\" ><div id=\"panel-2996-2-0-0\" class=\"so-panel widget widget_text panel-first-child panel-last-child\" data-index=\"7\" >\t\t\t<div class=\"textwidget\"><ul style=\"font-size: 20px;\">\n<li style=\"list-style-type: none;\">Para cualquier duda, pod\u00e9is contactar con el coordinador:\n<p>Dar\u00edo Juan Garc\u00eda de Leaniz Sempere<\/p>\n<p><a href=\"mailto:dario.garcia4@educa.madrid.org\">dario.garcia4@educa.madrid.org<\/a><\/p>\n<p>Tel\u00e9fono: 918514581<\/p>\n<p>&nbsp;<\/li>\n<\/ul>\n<\/div>\n\t\t<\/div><\/div><\/div><\/div><div id=\"pg-2996-3\"  class=\"panel-grid panel-has-style\" ><div class=\"siteorigin-panels-stretch panel-row-style panel-row-style-for-2996-3\" data-stretch-type=\"full-width-stretch\" ><div id=\"pgc-2996-3-0\"  class=\"panel-grid-cell panel-grid-cell-empty\" ><\/div><\/div><\/div><\/div>","protected":false},"excerpt":{"rendered":"<p>MODALIDAD VIRTUAL Puedes cursar FP a distancia por m\u00f3dulos profesionales, seg\u00fan tu disponibilidad cada curso. Tendr\u00e1s acceso a una plataforma virtual (AULAS VIRTUALES) a trav\u00e9s de Internet, que te permitir\u00e1n seguir con comodidad la formaci\u00f3n y comunicarte eficazmente con tu tutor o tutora y tus compa\u00f1eros\/as. Dispondr\u00e1s de tutor\u00edas colectivas (clases presenciales y retransmitidas por &hellip; <\/p>\n<p class=\"link-more\"><a href=\"https:\/\/site.educa.madrid.org\/ies.lazarocardenas.colladovillalba\/index.php\/ensenanza-a-distancia\/\" class=\"more-link\">Continuar leyendo<span class=\"screen-reader-text\"> \u00abEnse\u00f1anza Virtual &#8211; Grado Medio Gesti\u00f3n Administrativa\u00bb<\/span><\/a><\/p>\n","protected":false},"author":3,"featured_media":0,"parent":0,"menu_order":0,"comment_status":"closed","ping_status":"closed","template":"","meta":{"footnotes":""},"folder":[],"class_list":["post-2996","page","type-page","status-publish","hentry"],"rttpg_featured_image_url":null,"rttpg_author":{"display_name":"ies.lazarocardenas.colladovillalba","author_link":"https:\/\/site.educa.madrid.org\/ies.lazarocardenas.colladovillalba\/index.php\/author\/cuenta_ies-lazarocardenas-colladovillalba\/"},"rttpg_comment":0,"rttpg_category":false,"rttpg_excerpt":"MODALIDAD VIRTUAL Puedes cursar FP a distancia por m\u00f3dulos profesionales, seg\u00fan tu disponibilidad cada curso. Tendr\u00e1s acceso a una plataforma virtual (AULAS VIRTUALES) a trav\u00e9s de Internet, que te permitir\u00e1n seguir con comodidad la formaci\u00f3n y comunicarte eficazmente con tu tutor o tutora y tus compa\u00f1eros\/as. Dispondr\u00e1s de tutor\u00edas colectivas (clases presenciales y retransmitidas por&hellip;","post_mailing_queue_ids":[],"_links":{"self":[{"href":"https:\/\/site.educa.madrid.org\/ies.lazarocardenas.colladovillalba\/index.php\/wp-json\/wp\/v2\/pages\/2996","targetHints":{"allow":["GET"]}}],"collection":[{"href":"https:\/\/site.educa.madrid.org\/ies.lazarocardenas.colladovillalba\/index.php\/wp-json\/wp\/v2\/pages"}],"about":[{"href":"https:\/\/site.educa.madrid.org\/ies.lazarocardenas.colladovillalba\/index.php\/wp-json\/wp\/v2\/types\/page"}],"author":[{"embeddable":true,"href":"https:\/\/site.educa.madrid.org\/ies.lazarocardenas.colladovillalba\/index.php\/wp-json\/wp\/v2\/users\/3"}],"replies":[{"embeddable":true,"href":"https:\/\/site.educa.madrid.org\/ies.lazarocardenas.colladovillalba\/index.php\/wp-json\/wp\/v2\/comments?post=2996"}],"version-history":[{"count":50,"href":"https:\/\/site.educa.madrid.org\/ies.lazarocardenas.colladovillalba\/index.php\/wp-json\/wp\/v2\/pages\/2996\/revisions"}],"predecessor-version":[{"id":7670,"href":"https:\/\/site.educa.madrid.org\/ies.lazarocardenas.colladovillalba\/index.php\/wp-json\/wp\/v2\/pages\/2996\/revisions\/7670"}],"wp:attachment":[{"href":"https:\/\/site.educa.madrid.org\/ies.lazarocardenas.colladovillalba\/index.php\/wp-json\/wp\/v2\/media?parent=2996"}],"wp:term":[{"taxonomy":"folder","embeddable":true,"href":"https:\/\/site.educa.madrid.org\/ies.lazarocardenas.colladovillalba\/index.php\/wp-json\/wp\/v2\/folder?post=2996"}],"curies":[{"name":"wp","href":"https:\/\/api.w.org\/{rel}","templated":true}]}}