{"id":3106,"date":"2022-09-20T22:43:53","date_gmt":"2022-09-20T20:43:53","guid":{"rendered":"https:\/\/site.educa.madrid.org\/ies.lazarocardenas.colladovillalba\/?page_id=3106"},"modified":"2024-03-05T17:13:34","modified_gmt":"2024-03-05T16:13:34","slug":"secretaria-2","status":"publish","type":"page","link":"https:\/\/site.educa.madrid.org\/ies.lazarocardenas.colladovillalba\/index.php\/secretaria-2\/","title":{"rendered":"Secretar\u00eda"},"content":{"rendered":"<div id=\"pl-3106\"  class=\"panel-layout\" ><div id=\"pg-3106-0\"  class=\"panel-grid panel-has-style\" ><div class=\"so-parallax siteorigin-panels-stretch panel-row-style panel-row-style-for-3106-0\" data-stretch-type=\"full-stretched-padded\" ><img fetchpriority=\"high\" decoding=\"async\" width=\"1440\" height=\"395\" src=\"https:\/\/site.educa.madrid.org\/ies.lazarocardenas.colladovillalba\/\/wp-content\/uploads\/ies.lazarocardenas.colladovillalba\/2022\/07\/historia-del-centro.png\" class=\"attachment-full size-full\" alt=\"\" data-siteorigin-parallax=\"true\" loading=\"eager\" srcset=\"https:\/\/site.educa.madrid.org\/ies.lazarocardenas.colladovillalba\/\/wp-content\/uploads\/ies.lazarocardenas.colladovillalba\/2022\/07\/historia-del-centro.png 1440w, https:\/\/site.educa.madrid.org\/ies.lazarocardenas.colladovillalba\/\/wp-content\/uploads\/ies.lazarocardenas.colladovillalba\/2022\/07\/historia-del-centro-300x82.png 300w, https:\/\/site.educa.madrid.org\/ies.lazarocardenas.colladovillalba\/\/wp-content\/uploads\/ies.lazarocardenas.colladovillalba\/2022\/07\/historia-del-centro-1024x281.png 1024w, https:\/\/site.educa.madrid.org\/ies.lazarocardenas.colladovillalba\/\/wp-content\/uploads\/ies.lazarocardenas.colladovillalba\/2022\/07\/historia-del-centro-768x211.png 768w\" sizes=\"100vw\" \/><div id=\"pgc-3106-0-0\"  class=\"panel-grid-cell panel-grid-cell-empty\" ><\/div><\/div><\/div><div id=\"pg-3106-1\"  class=\"panel-grid panel-has-style\" ><div class=\"siteorigin-panels-stretch panel-row-style panel-row-style-for-3106-1\" data-stretch-type=\"full-stretched-padded\" ><div id=\"pgc-3106-1-0\"  class=\"panel-grid-cell\" ><div id=\"panel-3106-1-0-0\" class=\"so-panel widget widget_text panel-first-child panel-last-child\" data-index=\"0\" >\t\t\t<div class=\"textwidget\"><p style=\"font-size: 30px; text-align: center;\"><strong>INFORMACI\u00d3N GENERAL<\/strong><\/p>\n<p style=\"font-size: 20px; text-align: center;\">Horario de Atenci\u00f3n al P\u00fablico de 09:00hrs a 13:00hrs.<\/p>\n<p style=\"font-size: 20px; text-align: center;\">Puedes contactar con nosotros:<\/p>\n<p style=\"font-size: 20px; text-align: center;\">Tel\u00e9fono: 91 851 45 81<\/p>\n<p style=\"font-size: 20px; text-align: center;\">Fax: 91 851 84 66<\/p>\n<p style=\"font-size: 20px; text-align: center;\">E-mail: secretaria.ies.lazarocardenas.colladovillalba@educa.madrid.org<\/p>\n<p style=\"font-size: 20px; text-align: center; color: #cf2e2e;\"><strong>Los Certificados de Matriculaci\u00f3n, Certificaciones Acad\u00e9micas, etc. se solicitar\u00e1n con 3 d\u00edas de plazo<\/strong><br \/>\n<strong>(ver \u201cTr\u00e1mites\u201d para descargar modelos de solicitud)<\/strong><\/p>\n<p>&nbsp;<\/p>\n<\/div>\n\t\t<\/div><\/div><\/div><\/div><\/div>","protected":false},"excerpt":{"rendered":"<p>INFORMACI\u00d3N GENERAL Horario de Atenci\u00f3n al P\u00fablico de 09:00hrs a 13:00hrs. Puedes contactar con nosotros: Tel\u00e9fono: 91 851 45 81 Fax: 91 851 84 66 E-mail: secretaria.ies.lazarocardenas.colladovillalba@educa.madrid.org Los Certificados de Matriculaci\u00f3n, Certificaciones Acad\u00e9micas, etc. se solicitar\u00e1n con 3 d\u00edas de plazo (ver \u201cTr\u00e1mites\u201d para descargar modelos de solicitud) &nbsp;<\/p>\n","protected":false},"author":3,"featured_media":0,"parent":0,"menu_order":0,"comment_status":"closed","ping_status":"closed","template":"","meta":{"footnotes":""},"folder":[],"class_list":["post-3106","page","type-page","status-publish","hentry"],"rttpg_featured_image_url":null,"rttpg_author":{"display_name":"ies.lazarocardenas.colladovillalba","author_link":"https:\/\/site.educa.madrid.org\/ies.lazarocardenas.colladovillalba\/index.php\/author\/cuenta_ies-lazarocardenas-colladovillalba\/"},"rttpg_comment":0,"rttpg_category":false,"rttpg_excerpt":"INFORMACI\u00d3N GENERAL Horario de Atenci\u00f3n al P\u00fablico de 09:00hrs a 13:00hrs. Puedes contactar con nosotros: Tel\u00e9fono: 91 851 45 81 Fax: 91 851 84 66 E-mail: secretaria.ies.lazarocardenas.colladovillalba@educa.madrid.org Los Certificados de Matriculaci\u00f3n, Certificaciones Acad\u00e9micas, etc. se solicitar\u00e1n con 3 d\u00edas de plazo (ver \u201cTr\u00e1mites\u201d para descargar modelos de solicitud) &nbsp;","post_mailing_queue_ids":[],"_links":{"self":[{"href":"https:\/\/site.educa.madrid.org\/ies.lazarocardenas.colladovillalba\/index.php\/wp-json\/wp\/v2\/pages\/3106","targetHints":{"allow":["GET"]}}],"collection":[{"href":"https:\/\/site.educa.madrid.org\/ies.lazarocardenas.colladovillalba\/index.php\/wp-json\/wp\/v2\/pages"}],"about":[{"href":"https:\/\/site.educa.madrid.org\/ies.lazarocardenas.colladovillalba\/index.php\/wp-json\/wp\/v2\/types\/page"}],"author":[{"embeddable":true,"href":"https:\/\/site.educa.madrid.org\/ies.lazarocardenas.colladovillalba\/index.php\/wp-json\/wp\/v2\/users\/3"}],"replies":[{"embeddable":true,"href":"https:\/\/site.educa.madrid.org\/ies.lazarocardenas.colladovillalba\/index.php\/wp-json\/wp\/v2\/comments?post=3106"}],"version-history":[{"count":17,"href":"https:\/\/site.educa.madrid.org\/ies.lazarocardenas.colladovillalba\/index.php\/wp-json\/wp\/v2\/pages\/3106\/revisions"}],"predecessor-version":[{"id":6386,"href":"https:\/\/site.educa.madrid.org\/ies.lazarocardenas.colladovillalba\/index.php\/wp-json\/wp\/v2\/pages\/3106\/revisions\/6386"}],"wp:attachment":[{"href":"https:\/\/site.educa.madrid.org\/ies.lazarocardenas.colladovillalba\/index.php\/wp-json\/wp\/v2\/media?parent=3106"}],"wp:term":[{"taxonomy":"folder","embeddable":true,"href":"https:\/\/site.educa.madrid.org\/ies.lazarocardenas.colladovillalba\/index.php\/wp-json\/wp\/v2\/folder?post=3106"}],"curies":[{"name":"wp","href":"https:\/\/api.w.org\/{rel}","templated":true}]}}