{"id":3114,"date":"2022-09-20T22:50:08","date_gmt":"2022-09-20T20:50:08","guid":{"rendered":"https:\/\/site.educa.madrid.org\/ies.lazarocardenas.colladovillalba\/?page_id=3114"},"modified":"2024-03-05T17:13:43","modified_gmt":"2024-03-05T16:13:43","slug":"secretaria-virtual","status":"publish","type":"page","link":"https:\/\/site.educa.madrid.org\/ies.lazarocardenas.colladovillalba\/index.php\/secretaria-virtual\/","title":{"rendered":"Secretar\u00eda Virtual"},"content":{"rendered":"<div id=\"pl-3114\"  class=\"panel-layout\" ><div id=\"pg-3114-0\"  class=\"panel-grid panel-has-style\" ><div class=\"so-parallax siteorigin-panels-stretch panel-row-style panel-row-style-for-3114-0\" data-stretch-type=\"full-stretched-padded\" ><img fetchpriority=\"high\" decoding=\"async\" width=\"1440\" height=\"395\" src=\"https:\/\/site.educa.madrid.org\/ies.lazarocardenas.colladovillalba\/\/wp-content\/uploads\/ies.lazarocardenas.colladovillalba\/2022\/07\/historia-del-centro.png\" class=\"attachment-full size-full\" alt=\"\" data-siteorigin-parallax=\"true\" loading=\"eager\" srcset=\"https:\/\/site.educa.madrid.org\/ies.lazarocardenas.colladovillalba\/\/wp-content\/uploads\/ies.lazarocardenas.colladovillalba\/2022\/07\/historia-del-centro.png 1440w, https:\/\/site.educa.madrid.org\/ies.lazarocardenas.colladovillalba\/\/wp-content\/uploads\/ies.lazarocardenas.colladovillalba\/2022\/07\/historia-del-centro-300x82.png 300w, https:\/\/site.educa.madrid.org\/ies.lazarocardenas.colladovillalba\/\/wp-content\/uploads\/ies.lazarocardenas.colladovillalba\/2022\/07\/historia-del-centro-1024x281.png 1024w, https:\/\/site.educa.madrid.org\/ies.lazarocardenas.colladovillalba\/\/wp-content\/uploads\/ies.lazarocardenas.colladovillalba\/2022\/07\/historia-del-centro-768x211.png 768w\" sizes=\"100vw\" \/><div id=\"pgc-3114-0-0\"  class=\"panel-grid-cell panel-grid-cell-empty\" ><\/div><\/div><\/div><div id=\"pg-3114-1\"  class=\"panel-grid panel-has-style\" ><div class=\"siteorigin-panels-stretch panel-row-style panel-row-style-for-3114-1\" data-stretch-type=\"full-stretched-padded\" ><div id=\"pgc-3114-1-0\"  class=\"panel-grid-cell\" ><div id=\"panel-3114-1-0-0\" class=\"so-panel widget widget_text panel-first-child panel-last-child\" data-index=\"0\" >\t\t\t<div class=\"textwidget\"><p style=\"font-size: 30px; text-align: center;\"><strong>PRESENTACI\u00d3N TELEM\u00c1TICA DE SOLICITUDES DE ADMISI\u00d3N<\/strong><\/p>\n<p style=\"font-size: 20px; text-align: center;\">A partir del proceso de admisi\u00f3n 2018-19 ha comenzado a funcionar la Secretar\u00eda Virtual que permite presentar solicitudes de admisi\u00f3n de manera telem\u00e1tica.<\/p>\n<p style=\"font-size: 20px; text-align: center;\">Manual de ayuda para la proceso de Admisi\u00f3n a trav\u00e9s de Secretar\u00eda Virtual.<\/p>\n<p style=\"font-size: 20px; text-align: center; color: #cf2e2e;\"><a href=\"https:\/\/raices.madrid.org\/secretariavirtual\/\" target=\"_blank\" rel=\"noopener\"><strong>Acceso a la aplicaci\u00f3n de Secretar\u00eda Virtual<\/strong><\/a><\/p>\n<p>&nbsp;<\/p>\n<\/div>\n\t\t<\/div><\/div><\/div><\/div><\/div>","protected":false},"excerpt":{"rendered":"<p>PRESENTACI\u00d3N TELEM\u00c1TICA DE SOLICITUDES DE ADMISI\u00d3N A partir del proceso de admisi\u00f3n 2018-19 ha comenzado a funcionar la Secretar\u00eda Virtual que permite presentar solicitudes de admisi\u00f3n de manera telem\u00e1tica. Manual de ayuda para la proceso de Admisi\u00f3n a trav\u00e9s de Secretar\u00eda Virtual. Acceso a la aplicaci\u00f3n de Secretar\u00eda Virtual &nbsp;<\/p>\n","protected":false},"author":3,"featured_media":0,"parent":0,"menu_order":0,"comment_status":"closed","ping_status":"closed","template":"","meta":{"footnotes":""},"folder":[],"class_list":["post-3114","page","type-page","status-publish","hentry"],"rttpg_featured_image_url":null,"rttpg_author":{"display_name":"ies.lazarocardenas.colladovillalba","author_link":"https:\/\/site.educa.madrid.org\/ies.lazarocardenas.colladovillalba\/index.php\/author\/cuenta_ies-lazarocardenas-colladovillalba\/"},"rttpg_comment":0,"rttpg_category":false,"rttpg_excerpt":"PRESENTACI\u00d3N TELEM\u00c1TICA DE SOLICITUDES DE ADMISI\u00d3N A partir del proceso de admisi\u00f3n 2018-19 ha comenzado a funcionar la Secretar\u00eda Virtual que permite presentar solicitudes de admisi\u00f3n de manera telem\u00e1tica. Manual de ayuda para la proceso de Admisi\u00f3n a trav\u00e9s de Secretar\u00eda Virtual. Acceso a la aplicaci\u00f3n de Secretar\u00eda Virtual &nbsp;","post_mailing_queue_ids":[],"_links":{"self":[{"href":"https:\/\/site.educa.madrid.org\/ies.lazarocardenas.colladovillalba\/index.php\/wp-json\/wp\/v2\/pages\/3114","targetHints":{"allow":["GET"]}}],"collection":[{"href":"https:\/\/site.educa.madrid.org\/ies.lazarocardenas.colladovillalba\/index.php\/wp-json\/wp\/v2\/pages"}],"about":[{"href":"https:\/\/site.educa.madrid.org\/ies.lazarocardenas.colladovillalba\/index.php\/wp-json\/wp\/v2\/types\/page"}],"author":[{"embeddable":true,"href":"https:\/\/site.educa.madrid.org\/ies.lazarocardenas.colladovillalba\/index.php\/wp-json\/wp\/v2\/users\/3"}],"replies":[{"embeddable":true,"href":"https:\/\/site.educa.madrid.org\/ies.lazarocardenas.colladovillalba\/index.php\/wp-json\/wp\/v2\/comments?post=3114"}],"version-history":[{"count":9,"href":"https:\/\/site.educa.madrid.org\/ies.lazarocardenas.colladovillalba\/index.php\/wp-json\/wp\/v2\/pages\/3114\/revisions"}],"predecessor-version":[{"id":6387,"href":"https:\/\/site.educa.madrid.org\/ies.lazarocardenas.colladovillalba\/index.php\/wp-json\/wp\/v2\/pages\/3114\/revisions\/6387"}],"wp:attachment":[{"href":"https:\/\/site.educa.madrid.org\/ies.lazarocardenas.colladovillalba\/index.php\/wp-json\/wp\/v2\/media?parent=3114"}],"wp:term":[{"taxonomy":"folder","embeddable":true,"href":"https:\/\/site.educa.madrid.org\/ies.lazarocardenas.colladovillalba\/index.php\/wp-json\/wp\/v2\/folder?post=3114"}],"curies":[{"name":"wp","href":"https:\/\/api.w.org\/{rel}","templated":true}]}}