{"id":3122,"date":"2022-09-20T23:00:10","date_gmt":"2022-09-20T21:00:10","guid":{"rendered":"https:\/\/site.educa.madrid.org\/ies.lazarocardenas.colladovillalba\/?page_id=3122"},"modified":"2026-03-09T21:26:46","modified_gmt":"2026-03-09T20:26:46","slug":"admision-y-matricula","status":"publish","type":"page","link":"https:\/\/site.educa.madrid.org\/ies.lazarocardenas.colladovillalba\/index.php\/admision-y-matricula\/","title":{"rendered":"Admisi\u00f3n ESO y Bachillerato"},"content":{"rendered":"<div id=\"pl-3122\"  class=\"panel-layout\" ><div id=\"pg-3122-0\"  class=\"panel-grid panel-has-style\" ><div class=\"siteorigin-panels-stretch panel-row-style panel-row-style-for-3122-0\" data-stretch-type=\"full-width-stretch\" ><div id=\"pgc-3122-0-0\"  class=\"panel-grid-cell\" ><div id=\"panel-3122-0-0-0\" class=\"so-panel widget widget_text panel-first-child\" data-index=\"0\" >\t\t\t<div class=\"textwidget\"><p style=\"font-size: 30px;\"><strong>PROCESO DE ADMISI\u00d3N ESO Y BACHILLERATO CURSO 2026 \u2013 2027<\/strong><\/p>\n<p style=\"font-size: 20px;\">El plazo para la presentaci\u00f3n de solicitudes de participaci\u00f3n en el proceso ordinario de admisi\u00f3n de alumnos para el curso 2026\/2027 comprender\u00e1 del 11 al 25 de marzo de 2026, ambas fechas inclusive.\u200b<\/p>\n<p style=\"font-size: 20px;\">Las solicitudes de admisi\u00f3n ser\u00e1n presentadas con car\u00e1cter general de forma telem\u00e1tica, salvo imposibilidad t\u00e9cnica para poder hacerlo, a trav\u00e9s de la <a href=\"https:\/\/raices.madrid.org\/secretariavirtual\/\" target=\"_blank\" rel=\"noopener\">Secretar\u00eda virtual<\/a>. Descarga <a href=\"https:\/\/site.educa.madrid.org\/ies.lazarocardenas.colladovillalba\/\/wp-content\/uploads\/ies.lazarocardenas.colladovillalba\/2025\/01\/guia_secretaria_virtual_v6.0_0-_-RG-1-1.pdf\">aqu\u00ed el manual detallado<\/a> para presentar la solicitud de forma telem\u00e1tica.<\/p>\n<p style=\"font-size: 20px;\">Si por imposibilidad t\u00e9cnica no ha sido posible realizar la solicitud online, podr\u00e1 hacerlo presencialmente en la secretar\u00eda del centro del 20 al 25 de marzo, ambos inclusive, de 9 a 13 horas. Estos impresos podr\u00e1n recogerse en la conserjer\u00eda de nuestro centro a partir del 10 de marzo o descargarlo directamente en este <strong>enlace <\/strong>(pendiente de publicaci\u00f3n)<\/p>\n<\/div>\n\t\t<\/div><div id=\"panel-3122-0-0-1\" class=\"so-panel widget widget_sow-button\" data-index=\"1\" ><div\n\t\t\t\n\t\t\tclass=\"so-widget-sow-button so-widget-sow-button-wire-44b9130741f7-3122\"\n\t\t\t\n\t\t><div class=\"ow-button-base ow-button-align-center\">\n\t<a\n\thref=\"https:\/\/www.bocm.es\/boletin\/CM_Orden_BOCM\/2025\/12\/09\/BOCM-20251209-19.PDF\"\n\t\tclass=\"ow-icon-placement-left ow-button-hover\" target=\"_blank\" rel=\"noopener noreferrer\" \t>\n\t\t<span>\n\t\t\t<span class=\"sow-icon-elegantline\" data-sow-icon=\"&#xe04d;\"\n\t\tstyle=\"color: #e34353\" \n\t\taria-hidden=\"true\"><\/span>\n\t\t\tDescarga resoluci\u00f3n completa proceso admisi\u00f3n 26-27\t\t<\/span>\n\t<\/a>\n<\/div>\n<\/div><\/div><div id=\"panel-3122-0-0-2\" class=\"so-panel widget widget_sow-button panel-last-child\" data-index=\"2\" ><div\n\t\t\t\n\t\t\tclass=\"so-widget-sow-button so-widget-sow-button-wire-44b9130741f7-3122\"\n\t\t\t\n\t\t><div class=\"ow-button-base ow-button-align-center\">\n\t<a\n\thref=\"https:\/\/www.comunidad.madrid\/servicios\/educacion\/solicita-tu-admision-educacion-infantil-obligatoria-bachillerato\"\n\t\tclass=\"ow-icon-placement-left ow-button-hover\" target=\"_blank\" rel=\"noopener noreferrer\" \t>\n\t\t<span>\n\t\t\t<span class=\"sow-icon-elegantline\" data-sow-icon=\"&#xe04d;\"\n\t\tstyle=\"color: #e34353\" \n\t\taria-hidden=\"true\"><\/span>\n\t\t\tToda la informaci\u00f3n para la admisi\u00f3n 26-27 actualizada aqu\u00ed\t\t<\/span>\n\t<\/a>\n<\/div>\n<\/div><\/div><\/div><\/div><\/div><div id=\"pg-3122-1\"  class=\"panel-grid panel-has-style\" ><div class=\"siteorigin-panels-stretch panel-row-style panel-row-style-for-3122-1\" data-stretch-type=\"full-width-stretch\" ><div id=\"pgc-3122-1-0\"  class=\"panel-grid-cell\" ><div id=\"panel-3122-1-0-0\" class=\"so-panel widget widget_text panel-first-child panel-last-child\" data-index=\"3\" >\t\t\t<div class=\"textwidget\"><p style=\"font-size: 30px;\"><strong>INFORMACI\u00d3N ESPEC\u00cdFICA ADMISI\u00d3N IES L\u00c1ZARO C\u00c1RDENAS<\/strong><\/p>\n<ul>\n<li style=\"font-size: 20px;\">El <strong>criterio complementario<\/strong> que otorga el IES L\u00e1zaro C\u00e1rdenas en el baremo de admisi\u00f3n es para aquellas solicitudes de alumnos que soliciten el centro en primera opci\u00f3n.\u200b<\/li>\n<li style=\"font-size: 20px;\"><strong>Descargar vacantes ESO y Bachillerato curso 2026-27<\/strong> (pendiente de publicaci\u00f3n)<\/li>\n<\/ul>\n<\/div>\n\t\t<\/div><\/div><\/div><\/div><div id=\"pg-3122-2\"  class=\"panel-grid panel-has-style\" ><div class=\"siteorigin-panels-stretch panel-row-style panel-row-style-for-3122-2\" data-stretch-type=\"full-width-stretch\" ><div id=\"pgc-3122-2-0\"  class=\"panel-grid-cell\" ><div id=\"panel-3122-2-0-0\" class=\"so-panel widget widget_text panel-first-child panel-last-child\" data-index=\"4\" >\t\t\t<div class=\"textwidget\"><p style=\"font-size: 30px;\"><a href=\"https:\/\/raices.madrid.org\/secretariavirtual\/\" target=\"_blank\" rel=\"noopener\"><strong>ACCESO SECRETAR\u00cdA VIRTUAL<\/strong><\/a><\/p>\n<p style=\"font-size: 20px;\">Para facilitar la participaci\u00f3n de las familias en el proceso de admisi\u00f3n y la presentaci\u00f3n de solicitudes de admisi\u00f3n por v\u00eda telem\u00e1tica el acceso a la Secretar\u00eda Virtual podr\u00e1 realizarse mediante la utilizaci\u00f3n, por cada uno de los padres, tutores o representantes legales, de alguno de estos procedimientos:<\/p>\n<p style=\"font-size: 20px;\">1-Mediante la utilizaci\u00f3n del <strong>certificado digital.<\/strong><\/p>\n<p style=\"font-size: 20px;\">2-A trav\u00e9s del sistema de identificaci\u00f3n electr\u00f3nica <strong>cl@ve.<\/strong><\/p>\n<p style=\"font-size: 20px;\">3-Registrarse en el sistema inform\u00e1tico, o a trav\u00e9s de la validaci\u00f3n de credenciales de la aplicaci\u00f3n <strong>Roble\/Ra\u00edces.<\/strong><\/p>\n<p style=\"font-size: 20px;\">4-Acceso sin certificado digital a trav\u00e9s de un registro en el sistema inform\u00e1tico <strong>(Autenticaci\u00f3n \u2013 @SCV)<\/strong> en el que se recoger\u00e1n los siguientes campos: DNI, Nombre y apellidos, tel\u00e9fono m\u00f3vil, correo electr\u00f3nico, clave y pregunta de seguridad. El registro se activar\u00e1 mediante un mensaje al tel\u00e9fono m\u00f3vil, lo que permitir\u00e1 acceder con su DNI y clave. Esta opci\u00f3n facilita el acceso para todas las nuevas familias que se incorporan al sistema educativo este a\u00f1o.<\/p>\n<\/div>\n\t\t<\/div><\/div><\/div><\/div><div id=\"pg-3122-3\"  class=\"panel-grid panel-has-style\" ><div class=\"siteorigin-panels-stretch panel-row-style panel-row-style-for-3122-3\" data-stretch-type=\"full-width-stretch\" ><div id=\"pgc-3122-3-0\"  class=\"panel-grid-cell\" ><div id=\"panel-3122-3-0-0\" class=\"so-panel widget widget_text panel-first-child\" data-index=\"5\" >\t\t\t<div class=\"textwidget\"><p style=\"font-size: 20px;\"><strong>Tutorial de Acceso a la Secretar\u00eda Virtual<\/strong><\/p>\n<\/div>\n\t\t<\/div><div id=\"panel-3122-3-0-1\" class=\"so-panel widget widget_sow-image panel-last-child\" data-index=\"6\" ><div\n\t\t\t\n\t\t\tclass=\"so-widget-sow-image so-widget-sow-image-default-c67d20f9f743-3122\"\n\t\t\t\n\t\t>\n\n<div class=\"sow-image-container\">\n\t\t\t<a href=\"https:\/\/mediateca.educa.madrid.org\/video\/j1l1hah2cmicwanx?jwsource=cl\"\n\t\t\ttarget=\"_blank\" rel=\"noopener noreferrer\" \t\t>\n\t\t\t<img loading=\"lazy\" decoding=\"async\" src=\"https:\/\/site.educa.madrid.org\/ies.lazarocardenas.colladovillalba\/\/wp-content\/uploads\/ies.lazarocardenas.colladovillalba\/2023\/02\/raices.jpg\" width=\"319\" height=\"158\" srcset=\"https:\/\/site.educa.madrid.org\/ies.lazarocardenas.colladovillalba\/\/wp-content\/uploads\/ies.lazarocardenas.colladovillalba\/2023\/02\/raices.jpg 319w, https:\/\/site.educa.madrid.org\/ies.lazarocardenas.colladovillalba\/\/wp-content\/uploads\/ies.lazarocardenas.colladovillalba\/2023\/02\/raices-300x149.jpg 300w\" sizes=\"auto, (max-width: 319px) 100vw, 319px\" alt=\"\" \t\tclass=\"so-widget-image\"\/>\n\t<\/a><\/div>\n\n<\/div><\/div><\/div><div id=\"pgc-3122-3-1\"  class=\"panel-grid-cell\" ><div id=\"panel-3122-3-1-0\" class=\"so-panel widget widget_text panel-first-child\" data-index=\"7\" >\t\t\t<div class=\"textwidget\"><p style=\"font-size: 20px;\"><strong>Tutorial de Presentaci\u00f3n de Solicitudes de Admisi\u00f3n en la Secretar\u00eda Virtual\u2026<\/strong><\/p>\n<\/div>\n\t\t<\/div><div id=\"panel-3122-3-1-1\" class=\"so-panel widget widget_sow-image panel-last-child\" data-index=\"8\" ><div\n\t\t\t\n\t\t\tclass=\"so-widget-sow-image so-widget-sow-image-default-c67d20f9f743-3122\"\n\t\t\t\n\t\t>\n\n<div class=\"sow-image-container\">\n\t\t\t<a href=\"https:\/\/mediateca.educa.madrid.org\/video\/tfzbk7atfzc9nlyz?jwsource=cl\"\n\t\t\ttarget=\"_blank\" rel=\"noopener noreferrer\" \t\t>\n\t\t\t<img loading=\"lazy\" decoding=\"async\" src=\"https:\/\/site.educa.madrid.org\/ies.lazarocardenas.colladovillalba\/\/wp-content\/uploads\/ies.lazarocardenas.colladovillalba\/2023\/02\/descarga-1.png\" width=\"300\" height=\"168\" sizes=\"auto, (max-width: 300px) 100vw, 300px\" title=\"descarga (1)\" alt=\"\" \t\tclass=\"so-widget-image\"\/>\n\t<\/a><\/div>\n\n<\/div><\/div><\/div><\/div><\/div><div id=\"pg-3122-4\"  class=\"panel-grid panel-has-style\" ><div class=\"siteorigin-panels-stretch panel-row-style panel-row-style-for-3122-4\" data-stretch-type=\"full-width-stretch\" ><div id=\"pgc-3122-4-0\"  class=\"panel-grid-cell\" ><div id=\"panel-3122-4-0-0\" class=\"so-panel widget widget_text panel-first-child panel-last-child\" data-index=\"9\" >\t\t\t<div class=\"textwidget\"><p style=\"font-size: 20px;\">La solicitud ser\u00e1 cumplimentada y firmada por ambos padres, madres o representantes legales del alumno, salvo si se acredita la imposibilidad de hacerlo o alguno de ellos no ostenta la patria potestad.<\/p>\n<p style=\"font-size: 20px;\">Una vez se haya accedido a la Secretar\u00eda virtual, en la opci\u00f3n de men\u00fa: \u00abConsulta de Solicitudes\u00bb se podr\u00e1n consultar tanto, los resultados provisionales y definitivos de la baremaci\u00f3n de las solicitudes, como las adjudicaciones (tramitadas de manera telem\u00e1tica o presencial).<\/p>\n<p style=\"font-size: 20px;\"><strong>Enlaces de inter\u00e9s:<\/strong><\/p>\n<p style=\"font-size: 20px;\"><strong>Declaraci\u00f3n responsable para adjuntar si uno de los progenitores no puede firmar la solicitud de admisi\u00f3n.<\/strong><\/p>\n<\/div>\n\t\t<\/div><\/div><\/div><\/div><div id=\"pg-3122-5\"  class=\"panel-grid panel-has-style\" ><div class=\"siteorigin-panels-stretch panel-row-style panel-row-style-for-3122-5\" data-stretch-type=\"full-width-stretch\" ><div id=\"pgc-3122-5-0\"  class=\"panel-grid-cell\" ><div id=\"panel-3122-5-0-0\" class=\"so-panel widget widget_sow-button panel-first-child\" data-index=\"10\" ><div\n\t\t\t\n\t\t\tclass=\"so-widget-sow-button so-widget-sow-button-wire-946e3da752a1-3122\"\n\t\t\t\n\t\t><div class=\"ow-button-base ow-button-align-center\">\n\t<a\n\thref=\"https:\/\/des05.gmoldesarrollo.com\/download\/descargar-aqui-en-word\/\"\n\t\tclass=\"ow-icon-placement-left ow-button-hover\" target=\"_blank\" rel=\"noopener noreferrer\" \t>\n\t\t<span>\n\t\t\t<span class=\"sow-icon-elegantline\" data-sow-icon=\"&#xe04d;\"\n\t\tstyle=\"color: #e34353\" \n\t\taria-hidden=\"true\"><\/span>\n\t\t\tDescargar aqu\u00ed en Word\t\t<\/span>\n\t<\/a>\n<\/div>\n<\/div><\/div><div id=\"panel-3122-5-0-1\" class=\"so-panel widget widget_block panel-last-child\" data-index=\"11\" ><div class=\"panel-widget-style panel-widget-style-for-3122-5-0-1\" ><\/div><\/div><\/div><div id=\"pgc-3122-5-1\"  class=\"panel-grid-cell\" ><div id=\"panel-3122-5-1-0\" class=\"so-panel widget widget_sow-button panel-first-child panel-last-child\" data-index=\"12\" ><div\n\t\t\t\n\t\t\tclass=\"so-widget-sow-button so-widget-sow-button-wire-946e3da752a1-3122\"\n\t\t\t\n\t\t><div class=\"ow-button-base ow-button-align-center\">\n\t<a\n\thref=\"https:\/\/site.educa.madrid.org\/ies.lazarocardenas.colladovillalba\/\/wp-content\/uploads\/ies.lazarocardenas.colladovillalba\/2022\/09\/Declaracion-Responsable.pdf\"\n\t\tclass=\"ow-icon-placement-left ow-button-hover\" target=\"_blank\" rel=\"noopener noreferrer\" \t>\n\t\t<span>\n\t\t\t<span class=\"sow-icon-elegantline\" data-sow-icon=\"&#xe04d;\"\n\t\tstyle=\"color: #e34353\" \n\t\taria-hidden=\"true\"><\/span>\n\t\t\tDescargar aqu\u00ed en pdf\t\t<\/span>\n\t<\/a>\n<\/div>\n<\/div><\/div><\/div><\/div><\/div><\/div>","protected":false},"excerpt":{"rendered":"<p>PROCESO DE ADMISI\u00d3N ESO Y BACHILLERATO CURSO 2026 \u2013 2027 El plazo para la presentaci\u00f3n de solicitudes de participaci\u00f3n en el proceso ordinario de admisi\u00f3n de alumnos para el curso 2026\/2027 comprender\u00e1 del 11 al 25 de marzo de 2026, ambas fechas inclusive.\u200b Las solicitudes de admisi\u00f3n ser\u00e1n presentadas con car\u00e1cter general de forma telem\u00e1tica, &hellip; <\/p>\n<p class=\"link-more\"><a href=\"https:\/\/site.educa.madrid.org\/ies.lazarocardenas.colladovillalba\/index.php\/admision-y-matricula\/\" class=\"more-link\">Continuar leyendo<span class=\"screen-reader-text\"> \u00abAdmisi\u00f3n ESO y Bachillerato\u00bb<\/span><\/a><\/p>\n","protected":false},"author":3,"featured_media":0,"parent":0,"menu_order":0,"comment_status":"closed","ping_status":"closed","template":"","meta":{"footnotes":""},"folder":[],"class_list":["post-3122","page","type-page","status-publish","hentry"],"rttpg_featured_image_url":null,"rttpg_author":{"display_name":"ies.lazarocardenas.colladovillalba","author_link":"https:\/\/site.educa.madrid.org\/ies.lazarocardenas.colladovillalba\/index.php\/author\/cuenta_ies-lazarocardenas-colladovillalba\/"},"rttpg_comment":0,"rttpg_category":false,"rttpg_excerpt":"PROCESO DE ADMISI\u00d3N ESO Y BACHILLERATO CURSO 2026 \u2013 2027 El plazo para la presentaci\u00f3n de solicitudes de participaci\u00f3n en el proceso ordinario de admisi\u00f3n de alumnos para el curso 2026\/2027 comprender\u00e1 del 11 al 25 de marzo de 2026, ambas fechas inclusive.\u200b Las solicitudes de admisi\u00f3n ser\u00e1n presentadas con car\u00e1cter general de forma telem\u00e1tica,&hellip;","post_mailing_queue_ids":[],"_links":{"self":[{"href":"https:\/\/site.educa.madrid.org\/ies.lazarocardenas.colladovillalba\/index.php\/wp-json\/wp\/v2\/pages\/3122","targetHints":{"allow":["GET"]}}],"collection":[{"href":"https:\/\/site.educa.madrid.org\/ies.lazarocardenas.colladovillalba\/index.php\/wp-json\/wp\/v2\/pages"}],"about":[{"href":"https:\/\/site.educa.madrid.org\/ies.lazarocardenas.colladovillalba\/index.php\/wp-json\/wp\/v2\/types\/page"}],"author":[{"embeddable":true,"href":"https:\/\/site.educa.madrid.org\/ies.lazarocardenas.colladovillalba\/index.php\/wp-json\/wp\/v2\/users\/3"}],"replies":[{"embeddable":true,"href":"https:\/\/site.educa.madrid.org\/ies.lazarocardenas.colladovillalba\/index.php\/wp-json\/wp\/v2\/comments?post=3122"}],"version-history":[{"count":50,"href":"https:\/\/site.educa.madrid.org\/ies.lazarocardenas.colladovillalba\/index.php\/wp-json\/wp\/v2\/pages\/3122\/revisions"}],"predecessor-version":[{"id":7700,"href":"https:\/\/site.educa.madrid.org\/ies.lazarocardenas.colladovillalba\/index.php\/wp-json\/wp\/v2\/pages\/3122\/revisions\/7700"}],"wp:attachment":[{"href":"https:\/\/site.educa.madrid.org\/ies.lazarocardenas.colladovillalba\/index.php\/wp-json\/wp\/v2\/media?parent=3122"}],"wp:term":[{"taxonomy":"folder","embeddable":true,"href":"https:\/\/site.educa.madrid.org\/ies.lazarocardenas.colladovillalba\/index.php\/wp-json\/wp\/v2\/folder?post=3122"}],"curies":[{"name":"wp","href":"https:\/\/api.w.org\/{rel}","templated":true}]}}