{"id":3238,"date":"2022-09-21T15:58:21","date_gmt":"2022-09-21T13:58:21","guid":{"rendered":"https:\/\/site.educa.madrid.org\/ies.lazarocardenas.colladovillalba\/?page_id=3238"},"modified":"2024-03-05T16:51:32","modified_gmt":"2024-03-05T15:51:32","slug":"aromaticas-polinizadores-y-compostaje","status":"publish","type":"page","link":"https:\/\/site.educa.madrid.org\/ies.lazarocardenas.colladovillalba\/index.php\/aromaticas-polinizadores-y-compostaje\/","title":{"rendered":"AROM\u00c1TICAS, POLINIZADORES Y COMPOSTAJE"},"content":{"rendered":"<div id=\"pl-3238\"  class=\"panel-layout\" ><div id=\"pg-3238-0\"  class=\"panel-grid panel-has-style\" ><div class=\"so-parallax siteorigin-panels-stretch panel-row-style panel-row-style-for-3238-0\" data-stretch-type=\"full-stretched-padded\" ><img fetchpriority=\"high\" decoding=\"async\" width=\"549\" height=\"162\" src=\"https:\/\/site.educa.madrid.org\/ies.lazarocardenas.colladovillalba\/\/wp-content\/uploads\/ies.lazarocardenas.colladovillalba\/2022\/07\/Lavanda-2.jpg\" class=\"attachment-full size-full\" alt=\"\" data-siteorigin-parallax=\"true\" loading=\"eager\" srcset=\"https:\/\/site.educa.madrid.org\/ies.lazarocardenas.colladovillalba\/\/wp-content\/uploads\/ies.lazarocardenas.colladovillalba\/2022\/07\/Lavanda-2.jpg 549w, https:\/\/site.educa.madrid.org\/ies.lazarocardenas.colladovillalba\/\/wp-content\/uploads\/ies.lazarocardenas.colladovillalba\/2022\/07\/Lavanda-2-300x89.jpg 300w\" sizes=\"100vw\" \/><div id=\"pgc-3238-0-0\"  class=\"panel-grid-cell panel-grid-cell-empty\" ><\/div><\/div><\/div><div id=\"pg-3238-1\"  class=\"panel-grid panel-has-style\" ><div class=\"siteorigin-panels-stretch panel-row-style panel-row-style-for-3238-1\" data-stretch-type=\"full-stretched-padded\" ><div id=\"pgc-3238-1-0\"  class=\"panel-grid-cell\" ><div id=\"panel-3238-1-0-0\" class=\"so-panel widget widget_text panel-first-child\" data-index=\"0\" >\t\t\t<div class=\"textwidget\"><p style=\"font-size: 20px;\"><strong>NUESTRO PROYECTO<\/strong><\/p>\n<p style=\"font-size: 20px;\">Desde el curso 2017-18 profesores de los departamentos de Biolog\u00eda y Geolog\u00eda, F\u00edsica y Qu\u00edmica, Tecnolog\u00eda, Lengua y Literatura, Geograf\u00eda e Historia, Orientaci\u00f3n, Matem\u00e1ticas, Filosof\u00eda, Ingl\u00e9s, Franc\u00e9s, Educaci\u00f3n F\u00edsica, Automoci\u00f3n Educaci\u00f3n pl\u00e1stica y visual y M\u00fasica hemos comenzado un Proyecto de Centro denominado <strong>\u00abAROM\u00c1TICAS, POLINIZADORES Y COMPOSTAJE\u00bb<\/strong><\/p>\n<p><img loading=\"lazy\" decoding=\"async\" class=\" wp-image-665 alignright\" style=\"font-size: 20px;\" src=\"https:\/\/site.educa.madrid.org\/ies.lazarocardenas.colladovillalba\/\/wp-content\/uploads\/ies.lazarocardenas.colladovillalba\/2022\/07\/20180306_123347-FILEminimizer-225x300.jpg\" alt=\"\" width=\"254\" height=\"339\" srcset=\"https:\/\/site.educa.madrid.org\/ies.lazarocardenas.colladovillalba\/\/wp-content\/uploads\/ies.lazarocardenas.colladovillalba\/2022\/07\/20180306_123347-FILEminimizer-225x300.jpg 225w, https:\/\/site.educa.madrid.org\/ies.lazarocardenas.colladovillalba\/\/wp-content\/uploads\/ies.lazarocardenas.colladovillalba\/2022\/07\/20180306_123347-FILEminimizer-300x400.jpg 300w, https:\/\/site.educa.madrid.org\/ies.lazarocardenas.colladovillalba\/\/wp-content\/uploads\/ies.lazarocardenas.colladovillalba\/2022\/07\/20180306_123347-FILEminimizer.jpg 412w\" sizes=\"auto, (max-width: 254px) 100vw, 254px\" \/><\/p>\n<p style=\"font-size: 20px;\">Nuestro principal objetivo es fomentar entre el alumnado el inter\u00e9s por el privilegiado espacio natural o naturalizado que nos rodea como centro. Valorar la necesidad de conocerlo, respetarlo y protegerlo.<\/p>\n<p style=\"font-size: 20px;\">Mediante sencillas actividades pr\u00e1cticas, incluidas en los curr\u00edculos de las diferentes materias, y\u00a0 de voluntariado<span style=\"font-size: 20px;\">\u00a0en el huerto durante los recreos, el alumno descubre lo sencillo que puede resultar cultivar una lechuga en un macetero, y a su vez, descubrir los cuidados y la dedicaci\u00f3n que conllevan. Conduci\u00e9ndole, sin darse casi ni cuenta, a h\u00e1bitos de consumo responsables y mucho m\u00e1s sostenibles. Fomentar buenas pr\u00e1cticas ambientales, unido a la satisfacci\u00f3n por los resultados obtenidos, permitir\u00e1<\/span><span style=\"font-size: 20px;\">\u00a0el\u00a0 desarrollo de los ODS relacionados con la educaci\u00f3n ambiental.<\/span><\/p>\n<p style=\"font-size: 20px;\">Todos los cursos organizamos un seminario de formaci\u00f3n del profesorado relacionado con el proyecto, a fin de dar continuidad y amp<img loading=\"lazy\" decoding=\"async\" class=\"size-medium wp-image-405 alignleft\" style=\"font-size: 20px;\" src=\"https:\/\/site.educa.madrid.org\/ies.lazarocardenas.colladovillalba\/\/wp-content\/uploads\/ies.lazarocardenas.colladovillalba\/2022\/07\/2-300x225.jpg\" alt=\"\" width=\"300\" height=\"225\" srcset=\"https:\/\/site.educa.madrid.org\/ies.lazarocardenas.colladovillalba\/\/wp-content\/uploads\/ies.lazarocardenas.colladovillalba\/2022\/07\/2-300x225.jpg 300w, https:\/\/site.educa.madrid.org\/ies.lazarocardenas.colladovillalba\/\/wp-content\/uploads\/ies.lazarocardenas.colladovillalba\/2022\/07\/2.jpg 550w\" sizes=\"auto, (max-width: 300px) 100vw, 300px\" \/>liar las actividades publicadas.<\/p>\n<p><span style=\"font-size: 20px;\">Nos satisface gratamente, el hecho de que algunos alumnos, con participaci\u00f3n activa en el proyecto, al continuar sus estudios universitarios,\u00a0 desarrollan trabajos de investigaci\u00f3n en los que se refleja claramente la impronta que ha dejado en ellos su paso por el <\/span><span style=\"font-size: 20px;\">m<\/span><span style=\"font-size: 20px;\">ismo.<\/span><\/p>\n<p style=\"font-size: 20px;\">Confiamos en ir ampliando durante a\u00f1os sucesivos la huella de nuestro proyecto.<\/p>\n<\/div>\n\t\t<\/div><div id=\"panel-3238-1-0-1\" class=\"so-panel widget widget_sow-post-carousel panel-last-child\" data-index=\"1\" ><div\n\t\t\t\n\t\t\tclass=\"so-widget-sow-post-carousel so-widget-sow-post-carousel-base-8bbf19a024f0-3238\"\n\t\t\t\n\t\t>\t<div\n\t\tclass=\"sow-post-carousel-wrapper sow-post-carousel-theme-base\"\n\t\tstyle=\"overflow: hidden; max-width: 100%; min-height: 182px\"\n\t>\n\t\t<div class=\"sow-carousel-title has-title\">\n\t<h3 class=\"widget-title\">Noticias Proyecto Arom\u00e1ticas<\/h3>\t\t<div class=\"sow-carousel-navigation \">\n\t\t\t\t\t\t<a href=\"#\" class=\"sow-carousel-next\" title=\"Siguiente\" aria-label=\"Entradas siguientes\" role=\"button\"><\/a>\n\t\t\t\t\t\t<a href=\"#\" class=\"sow-carousel-previous\" title=\"Anterior\" aria-label=\"Entradas anteriores\" role=\"button\"><\/a>\n\t\t\t\t\t<\/div>\n\t<\/div>\n\n<div class=\"sow-carousel-container \">\n\t\t<div class=\"sow-carousel-wrapper\"\n\t\tdata-dir=\"ltr\"\n\t\tstyle=\"opacity: 0;\"\n\t\tdata-widget=\"post\" data-fetching=\"false\" data-page=\"1\" data-ajax-url=\"https:\/\/site.educa.madrid.org\/ies.lazarocardenas.colladovillalba\/wp-admin\/admin-ajax.php?_widgets_nonce=60b1def85f\" data-item_count=\"3\" data-carousel_settings=\"{&quot;loop&quot;:true,&quot;animation&quot;:&quot;ease&quot;,&quot;animation_speed&quot;:800,&quot;autoplay&quot;:false,&quot;pauseOnHover&quot;:false,&quot;autoplaySpeed&quot;:8000,&quot;item_overflow&quot;:true,&quot;autoplay_continuous_scroll&quot;:false}\" data-responsive=\"{&quot;desktop_slides_to_scroll&quot;:1,&quot;tablet_landscape_breakpoint&quot;:1366,&quot;tablet_landscape_slides_to_scroll&quot;:2,&quot;tablet_portrait_breakpoint&quot;:1025,&quot;tablet_portrait_slides_to_scroll&quot;:2,&quot;mobile_breakpoint&quot;:480,&quot;mobile_slides_to_scroll&quot;:1,&quot;desktop_slides_to_show&quot;:3,&quot;tablet_landscape_slides_to_show&quot;:3,&quot;tablet_portrait_slides_to_show&quot;:2,&quot;mobile_slides_to_show&quot;:1}\" data-variable_width=\"true\" \t>\n\t\t<div\n\t\t\tclass=\"sow-carousel-items\"\n\t\t\t\t\t>\n\t\t\t\t<div class=\"sow-carousel-item\" tabindex=\"-1\" style=\"float: left;\">\n\t\t<div class=\"sow-carousel-thumbnail\">\n\t\t\t\t\t\t\t<a\n\t\t\t\t\thref=\"https:\/\/site.educa.madrid.org\/ies.lazarocardenas.colladovillalba\/index.php\/2024\/03\/10\/feria-ciencia-2024\/\"\n\t\t\t\t\t\t\t\t\t\tstyle=\"background-image: url( https:\/\/site.educa.madrid.org\/ies.lazarocardenas.colladovillalba\/\/wp-content\/uploads\/ies.lazarocardenas.colladovillalba\/2024\/03\/IMG-20240307-WA0007-272x182.jpg )\"\n\t\t\t\t\taria-labelledby=\"sow-carousel-id-6417\"\n\t\t\t\t\ttabindex=\"-1\"\n\t\t\t\t>\n\t\t\t\t\t<span class=\"overlay\"><\/span>\n\t\t\t\t<\/a>\n\t\t\t\t\t<\/div>\n\t\t<h3 class=\"sow-carousel-item-title\">\n\t\t\t<a\n\t\t\t\thref=\"https:\/\/site.educa.madrid.org\/ies.lazarocardenas.colladovillalba\/index.php\/2024\/03\/10\/feria-ciencia-2024\/\"\n\t\t\t\tid=\"sow-carousel-id-6417\"\n\t\t\t\t\t\t\t\ttabindex=\"-1\"\n\t\t\t>\n\n\t\t\t\tFERIA CIENCIA 2024\t\t\t<\/a>\n\t\t<\/h3>\n\t<\/div>\n\t<div class=\"sow-carousel-item\" tabindex=\"-1\" style=\"float: left;\">\n\t\t<div class=\"sow-carousel-thumbnail\">\n\t\t\t\t\t\t\t<a\n\t\t\t\t\thref=\"https:\/\/site.educa.madrid.org\/ies.lazarocardenas.colladovillalba\/index.php\/2023\/11\/04\/frambuesas-y-bancales\/\"\n\t\t\t\t\t\t\t\t\t\tstyle=\"background-image: url( https:\/\/site.educa.madrid.org\/ies.lazarocardenas.colladovillalba\/\/wp-content\/uploads\/ies.lazarocardenas.colladovillalba\/2023\/11\/F-CkksbXIAAk7EL-272x182.jpg )\"\n\t\t\t\t\taria-labelledby=\"sow-carousel-id-6114\"\n\t\t\t\t\ttabindex=\"-1\"\n\t\t\t\t>\n\t\t\t\t\t<span class=\"overlay\"><\/span>\n\t\t\t\t<\/a>\n\t\t\t\t\t<\/div>\n\t\t<h3 class=\"sow-carousel-item-title\">\n\t\t\t<a\n\t\t\t\thref=\"https:\/\/site.educa.madrid.org\/ies.lazarocardenas.colladovillalba\/index.php\/2023\/11\/04\/frambuesas-y-bancales\/\"\n\t\t\t\tid=\"sow-carousel-id-6114\"\n\t\t\t\t\t\t\t\ttabindex=\"-1\"\n\t\t\t>\n\n\t\t\t\tFrambuesas y bancales\t\t\t<\/a>\n\t\t<\/h3>\n\t<\/div>\n\t<div class=\"sow-carousel-item\" tabindex=\"-1\" style=\"float: left;\">\n\t\t<div class=\"sow-carousel-thumbnail\">\n\t\t\t\t\t\t\t<a\n\t\t\t\t\thref=\"https:\/\/site.educa.madrid.org\/ies.lazarocardenas.colladovillalba\/index.php\/2023\/03\/26\/madrid-es-ciencia-2023\/\"\n\t\t\t\t\t\t\t\t\t\tstyle=\"background-image: url( https:\/\/site.educa.madrid.org\/ies.lazarocardenas.colladovillalba\/\/wp-content\/uploads\/ies.lazarocardenas.colladovillalba\/2023\/03\/Madridesciencia-23-272x182.jpg )\"\n\t\t\t\t\taria-labelledby=\"sow-carousel-id-5513\"\n\t\t\t\t\ttabindex=\"-1\"\n\t\t\t\t>\n\t\t\t\t\t<span class=\"overlay\"><\/span>\n\t\t\t\t<\/a>\n\t\t\t\t\t<\/div>\n\t\t<h3 class=\"sow-carousel-item-title\">\n\t\t\t<a\n\t\t\t\thref=\"https:\/\/site.educa.madrid.org\/ies.lazarocardenas.colladovillalba\/index.php\/2023\/03\/26\/madrid-es-ciencia-2023\/\"\n\t\t\t\tid=\"sow-carousel-id-5513\"\n\t\t\t\t\t\t\t\ttabindex=\"-1\"\n\t\t\t>\n\n\t\t\t\tMADRID ES CIENCIA 2023\t\t\t<\/a>\n\t\t<\/h3>\n\t<\/div>\n\t\t<\/div>\n\t\t\t<\/div>\n\n\t<\/div>\n\t\t<input type=\"hidden\" name=\"instance_hash\" value=\"45e235a4\"\/>\n\t<\/div>\n<\/div><\/div><\/div><div id=\"pgc-3238-1-1\"  class=\"panel-grid-cell\" ><div id=\"panel-3238-1-1-0\" class=\"so-panel widget widget_text panel-first-child\" data-index=\"2\" >\t\t\t<div class=\"textwidget\"><p style=\"font-size: 20px;\"><strong style=\"font-size: 20px;\">Entrevista a Auxi <\/strong><span style=\"font-size: 20px;\"><b>Mart\u00ednez, coordinadora<\/b><\/span><span style=\"font-size: 20px;\"><b> del proyecto<\/b><\/span><\/p>\n<p><iframe style=\"border: 0; overflow: hidden;\" src=\"https:\/\/mediateca.educa.madrid.org\/video\/tltqkozm4wflgnj8\/fs\" frameborder=\"0\" scrolling=\"no\" allowfullscreen=\"allowfullscreen\"><\/iframe><\/p>\n<\/div>\n\t\t<\/div><div id=\"panel-3238-1-1-1\" class=\"so-panel widget widget_sow-button\" data-index=\"3\" ><div\n\t\t\t\n\t\t\tclass=\"so-widget-sow-button so-widget-sow-button-wire-580dc0077b69-5513\"\n\t\t\t\n\t\t><div class=\"ow-button-base ow-button-align-center\">\n\t<a\n\thref=\"https:\/\/site.educa.madrid.org\/ies.lazarocardenas.colladovillalba\/\/wp-content\/uploads\/ies.lazarocardenas.colladovillalba\/2022\/09\/001-PROYECTO-DE-CENTRO-DEL-Ies-Lazaro-Cardenas-1.pdf\"\n\t\tclass=\"ow-icon-placement-left ow-button-hover\" target=\"_blank\" rel=\"noopener noreferrer\" \t>\n\t\t<span>\n\t\t\t<span class=\"sow-icon-elegantline\" data-sow-icon=\"&#xe04d;\"\n\t\tstyle=\"color: #e34353\" \n\t\taria-hidden=\"true\"><\/span>\n\t\t\tProyecto original completo\t\t<\/span>\n\t<\/a>\n<\/div>\n<\/div><\/div><div id=\"panel-3238-1-1-2\" class=\"so-panel widget widget_sow-button\" data-index=\"4\" ><div\n\t\t\t\n\t\t\tclass=\"so-widget-sow-button so-widget-sow-button-wire-580dc0077b69-5513\"\n\t\t\t\n\t\t><div class=\"ow-button-base ow-button-align-center\">\n\t<a\n\thref=\"https:\/\/site.educa.madrid.org\/ies.lazarocardenas.colladovillalba\/\/wp-content\/uploads\/ies.lazarocardenas.colladovillalba\/2023\/04\/CURSO-2020-21.pdf\"\n\t\tclass=\"ow-icon-placement-left ow-button-hover\" target=\"_blank\" rel=\"noopener noreferrer\" \t>\n\t\t<span>\n\t\t\t<span class=\"sow-icon-elegantline\" data-sow-icon=\"&#xe04d;\"\n\t\tstyle=\"color: #e34353\" \n\t\taria-hidden=\"true\"><\/span>\n\t\t\tCurso 20-21\t\t<\/span>\n\t<\/a>\n<\/div>\n<\/div><\/div><div id=\"panel-3238-1-1-3\" class=\"so-panel widget widget_sow-button\" data-index=\"5\" ><div\n\t\t\t\n\t\t\tclass=\"so-widget-sow-button so-widget-sow-button-wire-580dc0077b69-5513\"\n\t\t\t\n\t\t><div class=\"ow-button-base ow-button-align-center\">\n\t<a\n\thref=\"https:\/\/site.educa.madrid.org\/ies.lazarocardenas.colladovillalba\/\/wp-content\/uploads\/ies.lazarocardenas.colladovillalba\/2023\/04\/CURSO-19-20.pdf\"\n\t\tclass=\"ow-icon-placement-left ow-button-hover\" target=\"_blank\" rel=\"noopener noreferrer\" \t>\n\t\t<span>\n\t\t\t<span class=\"sow-icon-elegantline\" data-sow-icon=\"&#xe04d;\"\n\t\tstyle=\"color: #e34353\" \n\t\taria-hidden=\"true\"><\/span>\n\t\t\tCurso 19-20\t\t<\/span>\n\t<\/a>\n<\/div>\n<\/div><\/div><div id=\"panel-3238-1-1-4\" class=\"so-panel widget widget_sow-button\" data-index=\"6\" ><div\n\t\t\t\n\t\t\tclass=\"so-widget-sow-button so-widget-sow-button-wire-580dc0077b69-5513\"\n\t\t\t\n\t\t><div class=\"ow-button-base ow-button-align-center\">\n\t<a\n\thref=\"https:\/\/site.educa.madrid.org\/ies.lazarocardenas.colladovillalba\/\/wp-content\/uploads\/ies.lazarocardenas.colladovillalba\/2023\/04\/curso-18-19.pdf\"\n\t\tclass=\"ow-icon-placement-left ow-button-hover\" target=\"_blank\" rel=\"noopener noreferrer\" \t>\n\t\t<span>\n\t\t\t<span class=\"sow-icon-elegantline\" data-sow-icon=\"&#xe04d;\"\n\t\tstyle=\"color: #e34353\" \n\t\taria-hidden=\"true\"><\/span>\n\t\t\tCurso 18-19\t\t<\/span>\n\t<\/a>\n<\/div>\n<\/div><\/div><div id=\"panel-3238-1-1-5\" class=\"so-panel widget widget_sow-button\" data-index=\"7\" ><div\n\t\t\t\n\t\t\tclass=\"so-widget-sow-button so-widget-sow-button-wire-580dc0077b69-5513\"\n\t\t\t\n\t\t><div class=\"ow-button-base ow-button-align-center\">\n\t<a\n\thref=\"https:\/\/site.educa.madrid.org\/ies.lazarocardenas.colladovillalba\/\/wp-content\/uploads\/ies.lazarocardenas.colladovillalba\/2023\/04\/curso-17-18.pdf\"\n\t\tclass=\"ow-icon-placement-left ow-button-hover\" target=\"_blank\" rel=\"noopener noreferrer\" \t>\n\t\t<span>\n\t\t\t<span class=\"sow-icon-elegantline\" data-sow-icon=\"&#xe04d;\"\n\t\tstyle=\"color: #e34353\" \n\t\taria-hidden=\"true\"><\/span>\n\t\t\tCurso 17-18\t\t<\/span>\n\t<\/a>\n<\/div>\n<\/div><\/div><div id=\"panel-3238-1-1-6\" class=\"so-panel widget widget_text\" data-index=\"8\" >\t\t\t<div class=\"textwidget\"><p style=\"font-size: 20px;\"><strong>Resumen curso 20-21 (alumnos)<\/strong><\/p>\n<p><iframe style=\"border: 0; overflow: hidden;\" src=\"https:\/\/mediateca.educa.madrid.org\/video\/tx6mxvdvhtd7bo1a\/fs\" frameborder=\"0\" scrolling=\"no\" allowfullscreen=\"allowfullscreen\"><\/iframe><\/p>\n<\/div>\n\t\t<\/div><div id=\"panel-3238-1-1-7\" class=\"so-panel widget widget_text\" data-index=\"9\" >\t\t\t<div class=\"textwidget\"><p style=\"font-size: 20px;\"><strong>Resumen curso 20-21 (profesoras)<\/strong><\/p>\n<p><iframe src=\"https:\/\/mediateca.educa.madrid.org\/video\/mpawdk6njhtfl5u1\/fs\" frameborder=\"0\" scrolling=\"no\" style=\"border:0;overflow:hidden\" allowfullscreen><\/iframe><\/p>\n<\/div>\n\t\t<\/div><div id=\"panel-3238-1-1-8\" class=\"so-panel widget widget_text panel-last-child\" data-index=\"10\" >\t\t\t<div class=\"textwidget\"><p style=\"font-size: 20px;\"><strong>Resumen curso 19-20<\/strong><\/p>\n<p><iframe style=\"border: 0; overflow: hidden;\" src=\"https:\/\/mediateca.educa.madrid.org\/video\/1cf2tv2mimlr6aiw\/fs\" frameborder=\"0\" scrolling=\"no\" allowfullscreen=\"allowfullscreen\"><\/iframe><\/p>\n<\/div>\n\t\t<\/div><\/div><\/div><\/div><div id=\"pg-3238-2\"  class=\"panel-grid panel-no-style\" ><div id=\"pgc-3238-2-0\"  class=\"panel-grid-cell panel-grid-cell-empty\" ><\/div><div id=\"pgc-3238-2-1\"  class=\"panel-grid-cell panel-grid-cell-empty panel-grid-cell-mobile-last\" ><\/div><div id=\"pgc-3238-2-2\"  class=\"panel-grid-cell panel-grid-cell-empty\" ><\/div><\/div><\/div>","protected":false},"excerpt":{"rendered":"<p>NUESTRO PROYECTO Desde el curso 2017-18 profesores de los departamentos de Biolog\u00eda y Geolog\u00eda, F\u00edsica y Qu\u00edmica, Tecnolog\u00eda, Lengua y Literatura, Geograf\u00eda e Historia, Orientaci\u00f3n, Matem\u00e1ticas, Filosof\u00eda, Ingl\u00e9s, Franc\u00e9s, Educaci\u00f3n F\u00edsica, Automoci\u00f3n Educaci\u00f3n pl\u00e1stica y visual y M\u00fasica hemos comenzado un Proyecto de Centro denominado \u00abAROM\u00c1TICAS, POLINIZADORES Y COMPOSTAJE\u00bb Nuestro principal objetivo es fomentar entre &hellip; <\/p>\n<p class=\"link-more\"><a href=\"https:\/\/site.educa.madrid.org\/ies.lazarocardenas.colladovillalba\/index.php\/2023\/03\/26\/madrid-es-ciencia-2023\/\" class=\"more-link\">Continuar leyendo<span class=\"screen-reader-text\"> \u00abMADRID ES CIENCIA 2023\u00bb<\/span><\/a><\/p>\n","protected":false},"author":3,"featured_media":0,"parent":0,"menu_order":0,"comment_status":"closed","ping_status":"closed","template":"","meta":{"footnotes":""},"folder":[],"class_list":["post-3238","page","type-page","status-publish","hentry"],"rttpg_featured_image_url":null,"rttpg_author":{"display_name":"ies.lazarocardenas.colladovillalba","author_link":"https:\/\/site.educa.madrid.org\/ies.lazarocardenas.colladovillalba\/index.php\/author\/cuenta_ies-lazarocardenas-colladovillalba\/"},"rttpg_comment":0,"rttpg_category":"","rttpg_excerpt":"NUESTRO PROYECTO Desde el curso 2017-18 profesores de los departamentos de Biolog\u00eda y Geolog\u00eda, F\u00edsica y Qu\u00edmica, Tecnolog\u00eda, Lengua y Literatura, Geograf\u00eda e Historia, Orientaci\u00f3n, Matem\u00e1ticas, Filosof\u00eda, Ingl\u00e9s, Franc\u00e9s, Educaci\u00f3n F\u00edsica, Automoci\u00f3n Educaci\u00f3n pl\u00e1stica y visual y M\u00fasica hemos comenzado un Proyecto de Centro denominado \u00abAROM\u00c1TICAS, POLINIZADORES Y COMPOSTAJE\u00bb Nuestro principal objetivo es fomentar entre&hellip;","post_mailing_queue_ids":[],"_links":{"self":[{"href":"https:\/\/site.educa.madrid.org\/ies.lazarocardenas.colladovillalba\/index.php\/wp-json\/wp\/v2\/pages\/3238","targetHints":{"allow":["GET"]}}],"collection":[{"href":"https:\/\/site.educa.madrid.org\/ies.lazarocardenas.colladovillalba\/index.php\/wp-json\/wp\/v2\/pages"}],"about":[{"href":"https:\/\/site.educa.madrid.org\/ies.lazarocardenas.colladovillalba\/index.php\/wp-json\/wp\/v2\/types\/page"}],"author":[{"embeddable":true,"href":"https:\/\/site.educa.madrid.org\/ies.lazarocardenas.colladovillalba\/index.php\/wp-json\/wp\/v2\/users\/3"}],"replies":[{"embeddable":true,"href":"https:\/\/site.educa.madrid.org\/ies.lazarocardenas.colladovillalba\/index.php\/wp-json\/wp\/v2\/comments?post=3238"}],"version-history":[{"count":51,"href":"https:\/\/site.educa.madrid.org\/ies.lazarocardenas.colladovillalba\/index.php\/wp-json\/wp\/v2\/pages\/3238\/revisions"}],"predecessor-version":[{"id":6289,"href":"https:\/\/site.educa.madrid.org\/ies.lazarocardenas.colladovillalba\/index.php\/wp-json\/wp\/v2\/pages\/3238\/revisions\/6289"}],"wp:attachment":[{"href":"https:\/\/site.educa.madrid.org\/ies.lazarocardenas.colladovillalba\/index.php\/wp-json\/wp\/v2\/media?parent=3238"}],"wp:term":[{"taxonomy":"folder","embeddable":true,"href":"https:\/\/site.educa.madrid.org\/ies.lazarocardenas.colladovillalba\/index.php\/wp-json\/wp\/v2\/folder?post=3238"}],"curies":[{"name":"wp","href":"https:\/\/api.w.org\/{rel}","templated":true}]}}