{"id":3351,"date":"2022-09-21T21:44:31","date_gmt":"2022-09-21T19:44:31","guid":{"rendered":"https:\/\/site.educa.madrid.org\/ies.lazarocardenas.colladovillalba\/?page_id=3351"},"modified":"2025-06-26T08:21:56","modified_gmt":"2025-06-26T06:21:56","slug":"4oesoempresa","status":"publish","type":"page","link":"https:\/\/site.educa.madrid.org\/ies.lazarocardenas.colladovillalba\/index.php\/4oesoempresa\/","title":{"rendered":"4\u00baeso+empresa"},"content":{"rendered":"<div id=\"pl-3351\"  class=\"panel-layout\" ><div id=\"pg-3351-0\"  class=\"panel-grid panel-has-style\" ><div class=\"so-parallax siteorigin-panels-stretch panel-row-style panel-row-style-for-3351-0\" data-stretch-type=\"full-width-stretch\" ><img fetchpriority=\"high\" decoding=\"async\" width=\"1440\" height=\"493\" src=\"https:\/\/site.educa.madrid.org\/ies.lazarocardenas.colladovillalba\/\/wp-content\/uploads\/ies.lazarocardenas.colladovillalba\/2022\/07\/Conoce-nuestro-programa.png\" class=\"attachment-full size-full\" alt=\"\" data-siteorigin-parallax=\"true\" loading=\"eager\" srcset=\"https:\/\/site.educa.madrid.org\/ies.lazarocardenas.colladovillalba\/\/wp-content\/uploads\/ies.lazarocardenas.colladovillalba\/2022\/07\/Conoce-nuestro-programa.png 1440w, https:\/\/site.educa.madrid.org\/ies.lazarocardenas.colladovillalba\/\/wp-content\/uploads\/ies.lazarocardenas.colladovillalba\/2022\/07\/Conoce-nuestro-programa-300x103.png 300w, https:\/\/site.educa.madrid.org\/ies.lazarocardenas.colladovillalba\/\/wp-content\/uploads\/ies.lazarocardenas.colladovillalba\/2022\/07\/Conoce-nuestro-programa-1024x351.png 1024w, https:\/\/site.educa.madrid.org\/ies.lazarocardenas.colladovillalba\/\/wp-content\/uploads\/ies.lazarocardenas.colladovillalba\/2022\/07\/Conoce-nuestro-programa-768x263.png 768w\" sizes=\"100vw\" \/><div id=\"pgc-3351-0-0\"  class=\"panel-grid-cell panel-grid-cell-empty\" ><\/div><\/div><\/div><div id=\"pg-3351-1\"  class=\"panel-grid panel-has-style\" ><div class=\"siteorigin-panels-stretch panel-row-style panel-row-style-for-3351-1\" data-stretch-type=\"full-width-stretch\" ><div id=\"pgc-3351-1-0\"  class=\"panel-grid-cell\" ><div class=\"panel-cell-style panel-cell-style-for-3351-1-0\" ><div id=\"panel-3351-1-0-0\" class=\"so-panel widget widget_text panel-first-child\" data-index=\"0\" >\t\t\t<div class=\"textwidget\"><p style=\"font-size: 20px;\">Desde aqu\u00ed puedes descargar documentaci\u00f3n relacionada con el proyecto <strong>4\u00baeso+empresa:<\/strong><\/p>\n<\/div>\n\t\t<\/div><div id=\"panel-3351-1-0-1\" class=\"so-panel widget widget_sow-button\" data-index=\"1\" ><div\n\t\t\t\n\t\t\tclass=\"so-widget-sow-button so-widget-sow-button-wire-946e3da752a1-3351\"\n\t\t\t\n\t\t><div class=\"ow-button-base ow-button-align-center\">\n\t<a\n\thref=\"https:\/\/site.educa.madrid.org\/ies.lazarocardenas.colladovillalba\/\/wp-content\/uploads\/ies.lazarocardenas.colladovillalba\/2022\/09\/PADRES-INFORMACION_Y_AUTORIZACIONES.pdf\"\n\t\tclass=\"ow-icon-placement-left ow-button-hover\" target=\"_blank\" rel=\"noopener noreferrer\" \t>\n\t\t<span>\n\t\t\t<span class=\"sow-icon-elegantline\" data-sow-icon=\"&#xe04d;\"\n\t\tstyle=\"color: #e34353\" \n\t\taria-hidden=\"true\"><\/span>\n\t\t\tInformaci\u00f3n para los padres\t\t<\/span>\n\t<\/a>\n<\/div>\n<\/div><\/div><div id=\"panel-3351-1-0-2\" class=\"so-panel widget widget_sow-button\" data-index=\"2\" ><div\n\t\t\t\n\t\t\tclass=\"so-widget-sow-button so-widget-sow-button-wire-946e3da752a1-3351\"\n\t\t\t\n\t\t><div class=\"ow-button-base ow-button-align-center\">\n\t<a\n\thref=\"https:\/\/des05.gmoldesarrollo.com\/download\/informacion-para-los-alumnos\/\"\n\t\tclass=\"ow-icon-placement-left ow-button-hover\" target=\"_blank\" rel=\"noopener noreferrer\" \t>\n\t\t<span>\n\t\t\t<span class=\"sow-icon-elegantline\" data-sow-icon=\"&#xe04d;\"\n\t\tstyle=\"color: #e34353\" \n\t\taria-hidden=\"true\"><\/span>\n\t\t\tInformaci\u00f3n para los alumnos\t\t<\/span>\n\t<\/a>\n<\/div>\n<\/div><\/div><div id=\"panel-3351-1-0-3\" class=\"so-panel widget widget_sow-button\" data-index=\"3\" ><div\n\t\t\t\n\t\t\tclass=\"so-widget-sow-button so-widget-sow-button-wire-946e3da752a1-3351\"\n\t\t\t\n\t\t><div class=\"ow-button-base ow-button-align-center\">\n\t<a\n\thref=\"https:\/\/des05.gmoldesarrollo.com\/download\/cuaderno-guia-de-la-estancia\/\"\n\t\tclass=\"ow-icon-placement-left ow-button-hover\" target=\"_blank\" rel=\"noopener noreferrer\" \t>\n\t\t<span>\n\t\t\t<span class=\"sow-icon-elegantline\" data-sow-icon=\"&#xe04d;\"\n\t\tstyle=\"color: #e34353\" \n\t\taria-hidden=\"true\"><\/span>\n\t\t\t Cuaderno-gu\u00eda de la estancia\t\t<\/span>\n\t<\/a>\n<\/div>\n<\/div><\/div><div id=\"panel-3351-1-0-4\" class=\"so-panel widget widget_sow-button\" data-index=\"4\" ><div\n\t\t\t\n\t\t\tclass=\"so-widget-sow-button so-widget-sow-button-wire-946e3da752a1-3351\"\n\t\t\t\n\t\t><div class=\"ow-button-base ow-button-align-center\">\n\t<a\n\thref=\"https:\/\/des05.gmoldesarrollo.com\/download\/autorizacion-de-los-padres\/\"\n\t\tclass=\"ow-icon-placement-left ow-button-hover\" target=\"_blank\" rel=\"noopener noreferrer\" \t>\n\t\t<span>\n\t\t\t<span class=\"sow-icon-elegantline\" data-sow-icon=\"&#xe04d;\"\n\t\tstyle=\"color: #e34353\" \n\t\taria-hidden=\"true\"><\/span>\n\t\t\t Autorizaci\u00f3n de los padres\t\t<\/span>\n\t<\/a>\n<\/div>\n<\/div><\/div><div id=\"panel-3351-1-0-5\" class=\"so-panel widget widget_sow-button\" data-index=\"5\" ><div\n\t\t\t\n\t\t\tclass=\"so-widget-sow-button so-widget-sow-button-wire-946e3da752a1-3351\"\n\t\t\t\n\t\t><div class=\"ow-button-base ow-button-align-center\">\n\t<a\n\thref=\"https:\/\/des05.gmoldesarrollo.com\/download\/solicitud-participacion-alumno\/\"\n\t\tclass=\"ow-icon-placement-left ow-button-hover\" target=\"_blank\" rel=\"noopener noreferrer\" \t>\n\t\t<span>\n\t\t\t<span class=\"sow-icon-elegantline\" data-sow-icon=\"&#xe04d;\"\n\t\tstyle=\"color: #e34353\" \n\t\taria-hidden=\"true\"><\/span>\n\t\t\t Solicitud participaci\u00f3n alumno\t\t<\/span>\n\t<\/a>\n<\/div>\n<\/div><\/div><div id=\"panel-3351-1-0-6\" class=\"so-panel widget widget_sow-button panel-last-child\" data-index=\"6\" ><div\n\t\t\t\n\t\t\tclass=\"so-widget-sow-button so-widget-sow-button-wire-946e3da752a1-3351\"\n\t\t\t\n\t\t><div class=\"ow-button-base ow-button-align-center\">\n\t<a\n\thref=\"https:\/\/site.educa.madrid.org\/ies.lazarocardenas.colladovillalba\/\/wp-content\/uploads\/ies.lazarocardenas.colladovillalba\/2022\/09\/EMPRESA-INFORMACION_PARA_EMPRESAS.pdf\"\n\t\tclass=\"ow-icon-placement-left ow-button-hover\" target=\"_blank\" rel=\"noopener noreferrer\" \t>\n\t\t<span>\n\t\t\t<span class=\"sow-icon-elegantline\" data-sow-icon=\"&#xe04d;\"\n\t\tstyle=\"color: #e34353\" \n\t\taria-hidden=\"true\"><\/span>\n\t\t\tInformaci\u00f3n para las empresas\t\t<\/span>\n\t<\/a>\n<\/div>\n<\/div><\/div><\/div><\/div><div id=\"pgc-3351-1-1\"  class=\"panel-grid-cell\" ><div class=\"panel-cell-style panel-cell-style-for-3351-1-1\" ><div id=\"panel-3351-1-1-0\" class=\"so-panel widget widget_sow-image panel-first-child\" data-index=\"7\" ><div\n\t\t\t\n\t\t\tclass=\"so-widget-sow-image so-widget-sow-image-default-4e6925654b7a-3351\"\n\t\t\t\n\t\t>\n\n<div class=\"sow-image-container\">\n\t\t<img loading=\"lazy\" decoding=\"async\" src=\"https:\/\/site.educa.madrid.org\/ies.lazarocardenas.colladovillalba\/\/wp-content\/uploads\/ies.lazarocardenas.colladovillalba\/2022\/07\/becas4eso_empresa.png\" width=\"550\" height=\"89\" srcset=\"https:\/\/site.educa.madrid.org\/ies.lazarocardenas.colladovillalba\/\/wp-content\/uploads\/ies.lazarocardenas.colladovillalba\/2022\/07\/becas4eso_empresa.png 550w, https:\/\/site.educa.madrid.org\/ies.lazarocardenas.colladovillalba\/\/wp-content\/uploads\/ies.lazarocardenas.colladovillalba\/2022\/07\/becas4eso_empresa-300x49.png 300w\" sizes=\"auto, (max-width: 550px) 100vw, 550px\" alt=\"\" \t\tclass=\"so-widget-image\"\/>\n\t<\/div>\n\n<\/div><\/div><div id=\"panel-3351-1-1-1\" class=\"so-panel widget widget_text\" data-index=\"8\" >\t\t\t<div class=\"textwidget\"><p>El IES L\u00e1zaro C\u00e1rdenas participa en el proyecto de la Comunidad de Madrid 4\u00baESO+empresa. Los \u00faltimos d\u00edas del segundo trimestre, el alumnado de 4\u00ba ESO de nuestro centro realiza estancias educativas en diferentes empresas relacionadas con sus intereses formativos.<\/p>\n<p>Estas estancias duran entre 3 y 5 d\u00edas lectivos, y el objetivo es acercarlos al entorno laboral y darles a conocer actividades realizadas por empresas pertenecientes a sectores productivos, procurando atender lo mejor posible al inter\u00e9s manifestado por cada persona.<\/p>\n<p>Nuestros alumnos y alumnas tienen que seguir las reglas que se esperan de ellos como si fueran un empleado a tiempo completo y se les encomendar\u00e1n tareas a realizar, poniendo en pr\u00e1ctica sus habilidades y destrezas en situaciones reales. Tambi\u00e9n les puede ayudar a realizar una elecci\u00f3n de estudios futuros m\u00e1s acorde a sus expectativas profesionales.<\/p>\n<p>Queremos agradecer a todas las empresas y entidades que colaboran con el IES L\u00e1zaro C\u00e1rdenas y la excelente acogida del proyecto. A continuaci\u00f3n, se mencionan las del curso 2024\/2025, que hicieron posibles hasta 80 estancias educativas para nuestro alumnado.<\/p>\n<ul>\n<li>Aldeas Infantiles<\/li>\n<li>Apascovi<\/li>\n<li>Belle Epoque<\/li>\n<li>Bomberos de la Comunidad de Madrid<\/li>\n<li>E.I.P. Antonio Machado<\/li>\n<li>E.I.P. Daniel V\u00e1zquez D\u00edaz<\/li>\n<li>E.I.P. Los Negrales<\/li>\n<li>E.I.P. Mariano Benlliure<\/li>\n<li>E.I.P. Miguel de Cervantes<\/li>\n<li>E.I.P. Rosa Chacel<\/li>\n<li>Circe Fisioterapia<\/li>\n<li>Cl\u00ednica veterinaria Alpedrete<\/li>\n<li>Cl\u00ednica Veterinaria Villalba IF<\/li>\n<li>Cl\u00ednica Veterinaria Huellas de la Sierra<\/li>\n<li>Dimarauto<\/li>\n<li>Farmacia del pueblo<\/li>\n<li>Gim\u00e9nez Torres Abogados<\/li>\n<li>Gimnasio DIF Villalba<\/li>\n<li>Ilunion Hotels<\/li>\n<li>Instituto Geogr\u00e1fico Nacional<\/li>\n<li>Iuris Corporate<\/li>\n<li>Midas<\/li>\n<li>Monasterio Abogados<\/li>\n<li>Parque y Centro de Mantenimiento de Material de Transmisiones (Ej\u00e9rcito de Tierra)<\/li>\n<li>Talleres Rafacar<\/li>\n<li>Reavanza Fisioterapia &#8211; Parque Salud<\/li>\n<li>Universidad Carlos III de Madrid<\/li>\n<li>Universidad Polit\u00e9cnica de Madrid (Escuelas t\u00e9cnicas superiores de Arquitectura, Ingenier\u00eda de Montes, Forestal y del Medio Natural, Ingenier\u00eda Naval, Ingenier\u00eda de Telecomunicaciones, Ingenier\u00eda de Sistemas Inform\u00e1ticos, Centro Superior de Dise\u00f1o de Moda)<\/li>\n<\/ul>\n<\/div>\n\t\t<\/div><div id=\"panel-3351-1-1-2\" class=\"so-panel widget widget_sow-image panel-last-child\" data-index=\"9\" ><div\n\t\t\t\n\t\t\tclass=\"so-widget-sow-image so-widget-sow-image-default-4e6925654b7a-3351\"\n\t\t\t\n\t\t>\n\n<div class=\"sow-image-container\">\n\t\t<img loading=\"lazy\" decoding=\"async\" src=\"https:\/\/site.educa.madrid.org\/ies.lazarocardenas.colladovillalba\/\/wp-content\/uploads\/ies.lazarocardenas.colladovillalba\/2025\/06\/mosaico_empresas_2025.jpg\" width=\"2138\" height=\"1874\" srcset=\"https:\/\/site.educa.madrid.org\/ies.lazarocardenas.colladovillalba\/\/wp-content\/uploads\/ies.lazarocardenas.colladovillalba\/2025\/06\/mosaico_empresas_2025.jpg 2138w, https:\/\/site.educa.madrid.org\/ies.lazarocardenas.colladovillalba\/\/wp-content\/uploads\/ies.lazarocardenas.colladovillalba\/2025\/06\/mosaico_empresas_2025-300x263.jpg 300w, https:\/\/site.educa.madrid.org\/ies.lazarocardenas.colladovillalba\/\/wp-content\/uploads\/ies.lazarocardenas.colladovillalba\/2025\/06\/mosaico_empresas_2025-1024x898.jpg 1024w, https:\/\/site.educa.madrid.org\/ies.lazarocardenas.colladovillalba\/\/wp-content\/uploads\/ies.lazarocardenas.colladovillalba\/2025\/06\/mosaico_empresas_2025-768x673.jpg 768w, https:\/\/site.educa.madrid.org\/ies.lazarocardenas.colladovillalba\/\/wp-content\/uploads\/ies.lazarocardenas.colladovillalba\/2025\/06\/mosaico_empresas_2025-1536x1346.jpg 1536w, https:\/\/site.educa.madrid.org\/ies.lazarocardenas.colladovillalba\/\/wp-content\/uploads\/ies.lazarocardenas.colladovillalba\/2025\/06\/mosaico_empresas_2025-2048x1795.jpg 2048w\" sizes=\"auto, (max-width: 706px) 89vw, (max-width: 767px) 82vw, 740px\" title=\"Screenshot\" alt=\"\" \t\tclass=\"so-widget-image\"\/>\n\t<\/div>\n\n<\/div><\/div><\/div><\/div><\/div><\/div><\/div>","protected":false},"excerpt":{"rendered":"<p>Desde aqu\u00ed puedes descargar documentaci\u00f3n relacionada con el proyecto 4\u00baeso+empresa: El IES L\u00e1zaro C\u00e1rdenas participa en el proyecto de la Comunidad de Madrid 4\u00baESO+empresa. Los \u00faltimos d\u00edas del segundo trimestre, el alumnado de 4\u00ba ESO de nuestro centro realiza estancias educativas en diferentes empresas relacionadas con sus intereses formativos. Estas estancias duran entre 3 y &hellip; <\/p>\n<p class=\"link-more\"><a href=\"https:\/\/site.educa.madrid.org\/ies.lazarocardenas.colladovillalba\/index.php\/4oesoempresa\/\" class=\"more-link\">Continuar leyendo<span class=\"screen-reader-text\"> \u00ab4\u00baeso+empresa\u00bb<\/span><\/a><\/p>\n","protected":false},"author":3,"featured_media":0,"parent":0,"menu_order":0,"comment_status":"closed","ping_status":"closed","template":"","meta":{"footnotes":""},"folder":[],"class_list":["post-3351","page","type-page","status-publish","hentry"],"rttpg_featured_image_url":null,"rttpg_author":{"display_name":"ies.lazarocardenas.colladovillalba","author_link":"https:\/\/site.educa.madrid.org\/ies.lazarocardenas.colladovillalba\/index.php\/author\/cuenta_ies-lazarocardenas-colladovillalba\/"},"rttpg_comment":0,"rttpg_category":false,"rttpg_excerpt":"Desde aqu\u00ed puedes descargar documentaci\u00f3n relacionada con el proyecto 4\u00baeso+empresa: El IES L\u00e1zaro C\u00e1rdenas participa en el proyecto de la Comunidad de Madrid 4\u00baESO+empresa. Los \u00faltimos d\u00edas del segundo trimestre, el alumnado de 4\u00ba ESO de nuestro centro realiza estancias educativas en diferentes empresas relacionadas con sus intereses formativos. Estas estancias duran entre 3 y&hellip;","post_mailing_queue_ids":[],"_links":{"self":[{"href":"https:\/\/site.educa.madrid.org\/ies.lazarocardenas.colladovillalba\/index.php\/wp-json\/wp\/v2\/pages\/3351","targetHints":{"allow":["GET"]}}],"collection":[{"href":"https:\/\/site.educa.madrid.org\/ies.lazarocardenas.colladovillalba\/index.php\/wp-json\/wp\/v2\/pages"}],"about":[{"href":"https:\/\/site.educa.madrid.org\/ies.lazarocardenas.colladovillalba\/index.php\/wp-json\/wp\/v2\/types\/page"}],"author":[{"embeddable":true,"href":"https:\/\/site.educa.madrid.org\/ies.lazarocardenas.colladovillalba\/index.php\/wp-json\/wp\/v2\/users\/3"}],"replies":[{"embeddable":true,"href":"https:\/\/site.educa.madrid.org\/ies.lazarocardenas.colladovillalba\/index.php\/wp-json\/wp\/v2\/comments?post=3351"}],"version-history":[{"count":28,"href":"https:\/\/site.educa.madrid.org\/ies.lazarocardenas.colladovillalba\/index.php\/wp-json\/wp\/v2\/pages\/3351\/revisions"}],"predecessor-version":[{"id":7068,"href":"https:\/\/site.educa.madrid.org\/ies.lazarocardenas.colladovillalba\/index.php\/wp-json\/wp\/v2\/pages\/3351\/revisions\/7068"}],"wp:attachment":[{"href":"https:\/\/site.educa.madrid.org\/ies.lazarocardenas.colladovillalba\/index.php\/wp-json\/wp\/v2\/media?parent=3351"}],"wp:term":[{"taxonomy":"folder","embeddable":true,"href":"https:\/\/site.educa.madrid.org\/ies.lazarocardenas.colladovillalba\/index.php\/wp-json\/wp\/v2\/folder?post=3351"}],"curies":[{"name":"wp","href":"https:\/\/api.w.org\/{rel}","templated":true}]}}