{"id":3427,"date":"2022-09-22T16:01:43","date_gmt":"2022-09-22T14:01:43","guid":{"rendered":"https:\/\/site.educa.madrid.org\/ies.lazarocardenas.colladovillalba\/?page_id=3427"},"modified":"2024-03-05T17:04:51","modified_gmt":"2024-03-05T16:04:51","slug":"ingles-ies-lazaro-cardenas-2","status":"publish","type":"page","link":"https:\/\/site.educa.madrid.org\/ies.lazarocardenas.colladovillalba\/index.php\/ingles-ies-lazaro-cardenas-2\/","title":{"rendered":"Ingl\u00e9s IES L\u00e1zaro C\u00e1rdenas"},"content":{"rendered":"<div id=\"pl-3427\"  class=\"panel-layout\" ><div id=\"pg-3427-0\"  class=\"panel-grid panel-has-style\" ><div class=\"so-parallax siteorigin-panels-stretch panel-row-style panel-row-style-for-3427-0\" data-stretch-type=\"full-stretched-padded\" ><img fetchpriority=\"high\" decoding=\"async\" width=\"1440\" height=\"493\" src=\"https:\/\/site.educa.madrid.org\/ies.lazarocardenas.colladovillalba\/\/wp-content\/uploads\/ies.lazarocardenas.colladovillalba\/2022\/07\/Conoce-nuestro-programa.png\" class=\"attachment-full size-full\" alt=\"\" data-siteorigin-parallax=\"true\" loading=\"eager\" srcset=\"https:\/\/site.educa.madrid.org\/ies.lazarocardenas.colladovillalba\/\/wp-content\/uploads\/ies.lazarocardenas.colladovillalba\/2022\/07\/Conoce-nuestro-programa.png 1440w, https:\/\/site.educa.madrid.org\/ies.lazarocardenas.colladovillalba\/\/wp-content\/uploads\/ies.lazarocardenas.colladovillalba\/2022\/07\/Conoce-nuestro-programa-300x103.png 300w, https:\/\/site.educa.madrid.org\/ies.lazarocardenas.colladovillalba\/\/wp-content\/uploads\/ies.lazarocardenas.colladovillalba\/2022\/07\/Conoce-nuestro-programa-1024x351.png 1024w, https:\/\/site.educa.madrid.org\/ies.lazarocardenas.colladovillalba\/\/wp-content\/uploads\/ies.lazarocardenas.colladovillalba\/2022\/07\/Conoce-nuestro-programa-768x263.png 768w\" sizes=\"100vw\" \/><div id=\"pgc-3427-0-0\"  class=\"panel-grid-cell panel-grid-cell-empty\" ><\/div><\/div><\/div><div id=\"pg-3427-1\"  class=\"panel-grid panel-has-style\" ><div class=\"siteorigin-panels-stretch panel-row-style panel-row-style-for-3427-1\" data-stretch-type=\"full-stretched-padded\" ><div id=\"pgc-3427-1-0\"  class=\"panel-grid-cell\" ><div id=\"panel-3427-1-0-0\" class=\"so-panel widget widget_nav_menu panel-first-child panel-last-child\" data-index=\"0\" ><nav class=\"menu-ingles-2-container\" aria-label=\"Men\u00fa\"><ul id=\"menu-ingles-2\" class=\"menu\"><li id=\"menu-item-3440\" class=\"menu-item menu-item-type-custom menu-item-object-custom menu-item-3440\"><a href=\"https:\/\/site.educa.madrid.org\/ies.lazarocardenas.colladovillalba\/index.php\/ingles-ies-lazaro-cardenas-2\/\">Ingl\u00e9s IES L\u00e1zaro C\u00e1rdenas<\/a><\/li>\n<li id=\"menu-item-3441\" class=\"menu-item menu-item-type-custom menu-item-object-custom menu-item-3441\"><a href=\"https:\/\/site.educa.madrid.org\/ies.lazarocardenas.colladovillalba\/index.php\/programaciones\/\">Programaciones<\/a><\/li>\n<li id=\"menu-item-3442\" class=\"menu-item menu-item-type-custom menu-item-object-custom menu-item-3442\"><a href=\"https:\/\/site.educa.madrid.org\/ies.lazarocardenas.colladovillalba\/index.php\/eso\/\">E.S.O.<\/a><\/li>\n<li id=\"menu-item-3443\" class=\"menu-item menu-item-type-custom menu-item-object-custom menu-item-3443\"><a href=\"https:\/\/site.educa.madrid.org\/ies.lazarocardenas.colladovillalba\/index.php\/bachillerato-2\/\">Bachillerato<\/a><\/li>\n<li id=\"menu-item-3444\" class=\"menu-item menu-item-type-custom menu-item-object-custom menu-item-3444\"><a href=\"https:\/\/site.educa.madrid.org\/ies.lazarocardenas.colladovillalba\/index.php\/global-classrooms\/\">Global Classrooms<\/a><\/li>\n<li id=\"menu-item-3445\" class=\"menu-item menu-item-type-custom menu-item-object-custom menu-item-3445\"><a href=\"https:\/\/aulavirtual35.educa.madrid.org\/ies.lazarocardenas.colladovillalba\/course\/index.php?categoryid=25\">Aula Virtual<\/a><\/li>\n<\/ul><\/nav><\/div><\/div><div id=\"pgc-3427-1-1\"  class=\"panel-grid-cell\" ><div id=\"panel-3427-1-1-0\" class=\"so-panel widget widget_nav_menu panel-first-child panel-last-child\" data-index=\"1\" ><nav class=\"menu-ingles-3-container\" aria-label=\"Men\u00fa\"><ul id=\"menu-ingles-3\" class=\"menu\"><li id=\"menu-item-3446\" class=\"menu-item menu-item-type-custom menu-item-object-custom menu-item-3446\"><a href=\"https:\/\/site.educa.madrid.org\/ies.lazarocardenas.colladovillalba\/index.php\/intercambio-usa-16-17\/\">Intercambio USA 16-17<\/a><\/li>\n<li id=\"menu-item-3447\" class=\"menu-item menu-item-type-custom menu-item-object-custom menu-item-3447\"><a href=\"https:\/\/site.educa.madrid.org\/ies.lazarocardenas.colladovillalba\/index.php\/intercambio-usa-14-15\/\">Intercambio USA 14-15<\/a><\/li>\n<li id=\"menu-item-3448\" class=\"menu-item menu-item-type-custom menu-item-object-custom menu-item-3448\"><a href=\"https:\/\/site.educa.madrid.org\/ies.lazarocardenas.colladovillalba\/index.php\/viaje-totnes-2014\/\">Viaje Totnes (2014)<\/a><\/li>\n<li id=\"menu-item-3449\" class=\"menu-item menu-item-type-custom menu-item-object-custom menu-item-3449\"><a href=\"https:\/\/site.educa.madrid.org\/ies.lazarocardenas.colladovillalba\/index.php\/estancia-profesional-kufstein-curso-2013-14\/\">Estancia profesional Kufstein (2014)<\/a><\/li>\n<li id=\"menu-item-3450\" class=\"menu-item menu-item-type-custom menu-item-object-custom menu-item-3450\"><a href=\"https:\/\/site.educa.madrid.org\/ies.lazarocardenas.colladovillalba\/index.php\/intercambio-e-e-u-u-2013\/\">Intercambio E.E.U.U. (2013)<\/a><\/li>\n<li id=\"menu-item-3451\" class=\"menu-item menu-item-type-custom menu-item-object-custom menu-item-3451\"><a href=\"https:\/\/site.educa.madrid.org\/ies.lazarocardenas.colladovillalba\/index.php\/viaje-a-irlanda-2012-13\/\">Viaje a Irlanda (2013)<\/a><\/li>\n<\/ul><\/nav><\/div><\/div><\/div><\/div><div id=\"pg-3427-2\"  class=\"panel-grid panel-has-style\" ><div class=\"siteorigin-panels-stretch panel-row-style panel-row-style-for-3427-2\" data-stretch-type=\"full-stretched-padded\" ><div id=\"pgc-3427-2-0\"  class=\"panel-grid-cell\" ><div class=\"panel-cell-style panel-cell-style-for-3427-2-0\" ><div id=\"panel-3427-2-0-0\" class=\"so-panel widget widget_text panel-first-child panel-last-child\" data-index=\"2\" >\t\t\t<div class=\"textwidget\"><p style=\"font-size: 28px;\"><strong>De inter\u00e9s<\/strong><\/p>\n<p style=\"font-size: 20px;\"><strong>DICCIONARIOS<\/strong><\/p>\n<ul>\n<li style=\"font-size: 20px;\"><a href=\"https:\/\/www.wordreference.com\/es\/\" target=\"_blank\" rel=\"noopener\">Dictionary WordReference<\/a><\/li>\n<li style=\"font-size: 20px;\"><a href=\"https:\/\/www.merriam-webster.com\" target=\"_blank\" rel=\"noopener\">Dictionary Merriam Webster<\/a><\/li>\n<li style=\"font-size: 20px;\"><a href=\"http:\/\/www.esolhelp.com\/online-picture-dictionary.html\" target=\"_blank\" rel=\"noopener\">Picture dictionary Esol Help<\/a><\/li>\n<li style=\"font-size: 20px;\"><a href=\"https:\/\/dictionary.cambridge.org\/es\/\" target=\"_blank\" rel=\"noopener\">Cambridge Dictionary<\/a><\/li>\n<\/ul>\n<p>&nbsp;<\/p>\n<p style=\"font-size: 20px;\"><strong>P\u00c1GINAS \u00daTILES PARA REPASAR INGL\u00c9S:<\/strong><\/p>\n<ul>\n<li style=\"font-size: 20px;\"><a href=\"https:\/\/breakingnewsenglish.com\" target=\"_blank\" rel=\"noopener\">Breakingnewsenglish.com<\/a><\/li>\n<li style=\"font-size: 20px;\"><a href=\"https:\/\/www.storynory.com\" target=\"_blank\" rel=\"noopener\">Audio stories for kids<\/a><\/li>\n<li style=\"font-size: 20px;\"><a href=\"https:\/\/www.bbc.com\" target=\"_blank\" rel=\"noopener\">BBC<\/a><\/li>\n<li style=\"font-size: 20px;\"><a href=\"http:\/\/www.isabelperez.com\" target=\"_blank\" rel=\"noopener\">Isabel\u2019s ESL site<\/a><\/li>\n<li style=\"font-size: 20px;\"><a href=\"https:\/\/learnenglish.britishcouncil.org\" target=\"_blank\" rel=\"noopener\">LearnEnglish British Council<\/a><\/li>\n<\/ul>\n<\/div>\n\t\t<\/div><\/div><\/div><div id=\"pgc-3427-2-1\"  class=\"panel-grid-cell\" ><div id=\"panel-3427-2-1-0\" class=\"so-panel widget widget_sow-image panel-first-child\" data-index=\"3\" ><div\n\t\t\t\n\t\t\tclass=\"so-widget-sow-image so-widget-sow-image-default-4e6925654b7a-3427\"\n\t\t\t\n\t\t>\n\n<div class=\"sow-image-container\">\n\t\t<img loading=\"lazy\" decoding=\"async\" src=\"https:\/\/site.educa.madrid.org\/ies.lazarocardenas.colladovillalba\/\/wp-content\/uploads\/ies.lazarocardenas.colladovillalba\/2022\/07\/english.jpeg\" width=\"275\" height=\"183\" srcset=\"https:\/\/site.educa.madrid.org\/ies.lazarocardenas.colladovillalba\/\/wp-content\/uploads\/ies.lazarocardenas.colladovillalba\/2022\/07\/english.jpeg 275w, https:\/\/site.educa.madrid.org\/ies.lazarocardenas.colladovillalba\/\/wp-content\/uploads\/ies.lazarocardenas.colladovillalba\/2022\/07\/english-272x182.jpeg 272w\" sizes=\"auto, (max-width: 275px) 100vw, 275px\" alt=\"\" \t\tclass=\"so-widget-image\"\/>\n\t<\/div>\n\n<\/div><\/div><div id=\"panel-3427-2-1-1\" class=\"so-panel widget widget_text\" data-index=\"4\" >\t\t\t<div class=\"textwidget\"><p style=\"font-size: 20px;\"><strong>\u00bfQui\u00e9nes somos? <\/strong><\/p>\n<ul>\n<li style=\"font-size: 20px;\">Nuestro departamento se compone de once profesores que trabajan tanto con en la ESO, como en Bachillerato y M\u00f3dulos Profesionales<\/li>\n<\/ul>\n<p style=\"font-size: 20px;\"><strong>\u00bfD\u00f3nde estamos? <\/strong><\/p>\n<ul>\n<li style=\"font-size: 20px;\">Puedes encontrarnos en el pasillo C.<\/li>\n<\/ul>\n<p style=\"font-size: 20px;\"><strong>\u00bfC\u00f3mo trabajamos? <\/strong><\/p>\n<ul>\n<li style=\"font-size: 20px;\">Entendemos que el ingl\u00e9s debe adquirirse de manera integral atendiendo a las cuatro destrezas (speaking, listening, reading &amp; writing). Por este motivo, trabajamos estas destrezas tanto dentro como fuera del aula haciendo intercambio con otros pa\u00edses, inmersiones ling\u00fc\u00edsticas y contando con la ayuda de las auxiliares de conversaci\u00f3n.<\/li>\n<\/ul>\n<\/div>\n\t\t<\/div><div id=\"panel-3427-2-1-2\" class=\"so-panel widget widget_text\" data-index=\"5\" >\t\t\t<div class=\"textwidget\"><p style=\"font-size: 20px;\"><strong>SCAVENGER HUNT<\/strong><\/p>\n<ul>\n<li style=\"font-size: 20px;\">For our last day of class with 3rd and 4th ESO, we took the students to the park on a \u00abscavenger hunt\u00bb for various types of items. The goal was to do something out of the ordinary in the beautiful weather, while at the same time practicing English conversation and vocabulary. I think the students met this goal, and it was a great way to wrap up the end of a difficult, but enjoyable year!<\/li>\n<\/ul>\n<p><strong>Video:<\/strong><\/p>\n<\/div>\n\t\t<\/div><div id=\"panel-3427-2-1-3\" class=\"so-panel widget widget_sow-image panel-last-child\" data-index=\"6\" ><div\n\t\t\t\n\t\t\tclass=\"so-widget-sow-image so-widget-sow-image-default-4e6925654b7a-3427\"\n\t\t\t\n\t\t>\n\n<div class=\"sow-image-container\">\n\t\t\t<a href=\"https:\/\/mediateca.educa.madrid.org\/video\/ufsyzl8fara2wrx5?jwsource=cl\"\n\t\t\ttarget=\"_blank\" rel=\"noopener noreferrer\" \t\t>\n\t\t\t<img loading=\"lazy\" decoding=\"async\" src=\"https:\/\/site.educa.madrid.org\/ies.lazarocardenas.colladovillalba\/\/wp-content\/uploads\/ies.lazarocardenas.colladovillalba\/2022\/07\/english.jpeg\" width=\"275\" height=\"183\" srcset=\"https:\/\/site.educa.madrid.org\/ies.lazarocardenas.colladovillalba\/\/wp-content\/uploads\/ies.lazarocardenas.colladovillalba\/2022\/07\/english.jpeg 275w, https:\/\/site.educa.madrid.org\/ies.lazarocardenas.colladovillalba\/\/wp-content\/uploads\/ies.lazarocardenas.colladovillalba\/2022\/07\/english-272x182.jpeg 272w\" sizes=\"auto, (max-width: 275px) 100vw, 275px\" alt=\"\" \t\tclass=\"so-widget-image\"\/>\n\t<\/a><\/div>\n\n<\/div><\/div><\/div><\/div><\/div><\/div>","protected":false},"excerpt":{"rendered":"<p>Ingl\u00e9s IES L\u00e1zaro C\u00e1rdenas Programaciones E.S.O. Bachillerato Global Classrooms Aula Virtual Intercambio USA 16-17 Intercambio USA 14-15 Viaje Totnes (2014) Estancia profesional Kufstein (2014) Intercambio E.E.U.U. (2013) Viaje a Irlanda (2013) De inter\u00e9s DICCIONARIOS Dictionary WordReference Dictionary Merriam Webster Picture dictionary Esol Help Cambridge Dictionary &nbsp; P\u00c1GINAS \u00daTILES PARA REPASAR INGL\u00c9S: Breakingnewsenglish.com Audio stories for &hellip; <\/p>\n<p class=\"link-more\"><a href=\"https:\/\/site.educa.madrid.org\/ies.lazarocardenas.colladovillalba\/index.php\/ingles-ies-lazaro-cardenas-2\/\" class=\"more-link\">Continuar leyendo<span class=\"screen-reader-text\"> \u00abIngl\u00e9s IES L\u00e1zaro C\u00e1rdenas\u00bb<\/span><\/a><\/p>\n","protected":false},"author":3,"featured_media":0,"parent":0,"menu_order":0,"comment_status":"closed","ping_status":"closed","template":"","meta":{"footnotes":""},"folder":[],"class_list":["post-3427","page","type-page","status-publish","hentry"],"rttpg_featured_image_url":null,"rttpg_author":{"display_name":"ies.lazarocardenas.colladovillalba","author_link":"https:\/\/site.educa.madrid.org\/ies.lazarocardenas.colladovillalba\/index.php\/author\/cuenta_ies-lazarocardenas-colladovillalba\/"},"rttpg_comment":0,"rttpg_category":false,"rttpg_excerpt":"Ingl\u00e9s IES L\u00e1zaro C\u00e1rdenas Programaciones E.S.O. Bachillerato Global Classrooms Aula Virtual Intercambio USA 16-17 Intercambio USA 14-15 Viaje Totnes (2014) Estancia profesional Kufstein (2014) Intercambio E.E.U.U. (2013) Viaje a Irlanda (2013) De inter\u00e9s DICCIONARIOS Dictionary WordReference Dictionary Merriam Webster Picture dictionary Esol Help Cambridge Dictionary &nbsp; P\u00c1GINAS \u00daTILES PARA REPASAR INGL\u00c9S: Breakingnewsenglish.com Audio stories for&hellip;","post_mailing_queue_ids":[],"_links":{"self":[{"href":"https:\/\/site.educa.madrid.org\/ies.lazarocardenas.colladovillalba\/index.php\/wp-json\/wp\/v2\/pages\/3427","targetHints":{"allow":["GET"]}}],"collection":[{"href":"https:\/\/site.educa.madrid.org\/ies.lazarocardenas.colladovillalba\/index.php\/wp-json\/wp\/v2\/pages"}],"about":[{"href":"https:\/\/site.educa.madrid.org\/ies.lazarocardenas.colladovillalba\/index.php\/wp-json\/wp\/v2\/types\/page"}],"author":[{"embeddable":true,"href":"https:\/\/site.educa.madrid.org\/ies.lazarocardenas.colladovillalba\/index.php\/wp-json\/wp\/v2\/users\/3"}],"replies":[{"embeddable":true,"href":"https:\/\/site.educa.madrid.org\/ies.lazarocardenas.colladovillalba\/index.php\/wp-json\/wp\/v2\/comments?post=3427"}],"version-history":[{"count":23,"href":"https:\/\/site.educa.madrid.org\/ies.lazarocardenas.colladovillalba\/index.php\/wp-json\/wp\/v2\/pages\/3427\/revisions"}],"predecessor-version":[{"id":6340,"href":"https:\/\/site.educa.madrid.org\/ies.lazarocardenas.colladovillalba\/index.php\/wp-json\/wp\/v2\/pages\/3427\/revisions\/6340"}],"wp:attachment":[{"href":"https:\/\/site.educa.madrid.org\/ies.lazarocardenas.colladovillalba\/index.php\/wp-json\/wp\/v2\/media?parent=3427"}],"wp:term":[{"taxonomy":"folder","embeddable":true,"href":"https:\/\/site.educa.madrid.org\/ies.lazarocardenas.colladovillalba\/index.php\/wp-json\/wp\/v2\/folder?post=3427"}],"curies":[{"name":"wp","href":"https:\/\/api.w.org\/{rel}","templated":true}]}}