{"id":3465,"date":"2022-09-22T16:48:45","date_gmt":"2022-09-22T14:48:45","guid":{"rendered":"https:\/\/site.educa.madrid.org\/ies.lazarocardenas.colladovillalba\/?page_id=3465"},"modified":"2024-03-05T17:06:32","modified_gmt":"2024-03-05T16:06:32","slug":"intercambio-usa-16-17","status":"publish","type":"page","link":"https:\/\/site.educa.madrid.org\/ies.lazarocardenas.colladovillalba\/index.php\/intercambio-usa-16-17\/","title":{"rendered":"Intercambio USA 16-17"},"content":{"rendered":"<div id=\"pl-3465\"  class=\"panel-layout\" ><div id=\"pg-3465-0\"  class=\"panel-grid panel-has-style\" ><div class=\"so-parallax siteorigin-panels-stretch panel-row-style panel-row-style-for-3465-0\" data-stretch-type=\"full-stretched-padded\" ><img fetchpriority=\"high\" decoding=\"async\" width=\"1440\" height=\"493\" src=\"https:\/\/site.educa.madrid.org\/ies.lazarocardenas.colladovillalba\/\/wp-content\/uploads\/ies.lazarocardenas.colladovillalba\/2022\/07\/Conoce-nuestro-programa.png\" class=\"attachment-full size-full\" alt=\"\" data-siteorigin-parallax=\"true\" loading=\"eager\" srcset=\"https:\/\/site.educa.madrid.org\/ies.lazarocardenas.colladovillalba\/\/wp-content\/uploads\/ies.lazarocardenas.colladovillalba\/2022\/07\/Conoce-nuestro-programa.png 1440w, https:\/\/site.educa.madrid.org\/ies.lazarocardenas.colladovillalba\/\/wp-content\/uploads\/ies.lazarocardenas.colladovillalba\/2022\/07\/Conoce-nuestro-programa-300x103.png 300w, https:\/\/site.educa.madrid.org\/ies.lazarocardenas.colladovillalba\/\/wp-content\/uploads\/ies.lazarocardenas.colladovillalba\/2022\/07\/Conoce-nuestro-programa-1024x351.png 1024w, https:\/\/site.educa.madrid.org\/ies.lazarocardenas.colladovillalba\/\/wp-content\/uploads\/ies.lazarocardenas.colladovillalba\/2022\/07\/Conoce-nuestro-programa-768x263.png 768w\" sizes=\"100vw\" \/><div id=\"pgc-3465-0-0\"  class=\"panel-grid-cell panel-grid-cell-empty\" ><\/div><\/div><\/div><div id=\"pg-3465-1\"  class=\"panel-grid panel-has-style\" ><div class=\"siteorigin-panels-stretch panel-row-style panel-row-style-for-3465-1\" data-stretch-type=\"full-stretched-padded\" ><div id=\"pgc-3465-1-0\"  class=\"panel-grid-cell\" ><div id=\"panel-3465-1-0-0\" class=\"so-panel widget widget_text panel-first-child panel-last-child\" data-index=\"0\" >\t\t\t<div class=\"textwidget\"><p style=\"font-size: 20px;\"><strong>INTERCAMBIO BOSTON 2016-17<\/strong><\/p>\n<p style=\"font-size: 20px;\">Del 1 al 16 de noviembre 21 alumnos de 4\u00ba ESO y 1\u00ba Bachillerato han viajado a Boston para participar, un a\u00f1o m\u00e1s, en un intercambio con el Burlington High School. Durante estos d\u00edas han visitado, adem\u00e1s de Burlington y Boston, Nueva York, Salem y Harvard.<\/p>\n<p style=\"font-size: 20px;\">A continuaci\u00f3n pod\u00e9is leer un resumen del viaje realizado por una de las alumnas participantes, Sof\u00eda Aguado Garc\u00eda.<\/p>\n<p style=\"font-size: 20px;\">\u00abWe visited the USA last year in 2016, it was one of the best experiences ever! First and foremost, we had to arrive; we caught two flights: the first one from Spain to London, the second one from London to the USA. The longest one was the last one, which was around eight hours.<\/p>\n<\/div>\n\t\t<\/div><\/div><\/div><\/div><div id=\"pg-3465-2\"  class=\"panel-grid panel-has-style\" ><div class=\"siteorigin-panels-stretch panel-row-style panel-row-style-for-3465-2\" data-stretch-type=\"full-stretched-padded\" ><div id=\"pgc-3465-2-0\"  class=\"panel-grid-cell\" ><div id=\"panel-3465-2-0-0\" class=\"so-panel widget widget_sow-image panel-first-child\" data-index=\"1\" ><div\n\t\t\t\n\t\t\tclass=\"so-widget-sow-image so-widget-sow-image-default-4e6925654b7a-3465\"\n\t\t\t\n\t\t>\n\n<div class=\"sow-image-container\">\n\t\t<img loading=\"lazy\" decoding=\"async\" src=\"https:\/\/site.educa.madrid.org\/ies.lazarocardenas.colladovillalba\/\/wp-content\/uploads\/ies.lazarocardenas.colladovillalba\/2022\/07\/3.jpg\" width=\"549\" height=\"412\" srcset=\"https:\/\/site.educa.madrid.org\/ies.lazarocardenas.colladovillalba\/\/wp-content\/uploads\/ies.lazarocardenas.colladovillalba\/2022\/07\/3.jpg 549w, https:\/\/site.educa.madrid.org\/ies.lazarocardenas.colladovillalba\/\/wp-content\/uploads\/ies.lazarocardenas.colladovillalba\/2022\/07\/3-300x225.jpg 300w\" sizes=\"auto, (max-width: 549px) 100vw, 549px\" alt=\"\" \t\tclass=\"so-widget-image\"\/>\n\t<\/div>\n\n<\/div><\/div><div id=\"panel-3465-2-0-1\" class=\"so-panel widget widget_text\" data-index=\"2\" >\t\t\t<div class=\"textwidget\"><p style=\"font-size: 20px;\">The group of students from our highschool was formed by the students from two different levels. There was a group of 12 students from 4\u00baESO and another group of 10 students from 1\u00baBCH. The list of students that were going to travel to the USA was based on the criateria of students with the highest marks. There were two teachers that came with us: Lourdes and Jaime, both English teachers.<\/p>\n<p style=\"font-size: 20px;\">One of the best parts of the exchange, was obviously the flights! We had so much fun and we met eachother cause we didn\u2019t know a thing about the students from the other course so we started talking. I really enjoyed the group of friends I got from this exchange, I discovered that there were a lot of people that I wouldn\u00b4t have met if I hadn\u2019t done this exchange.<\/p>\n<\/div>\n\t\t<\/div><div id=\"panel-3465-2-0-2\" class=\"so-panel widget widget_sow-image\" data-index=\"3\" ><div\n\t\t\t\n\t\t\tclass=\"so-widget-sow-image so-widget-sow-image-default-4e6925654b7a-3465\"\n\t\t\t\n\t\t>\n\n<div class=\"sow-image-container\">\n\t\t<img loading=\"lazy\" decoding=\"async\" src=\"https:\/\/site.educa.madrid.org\/ies.lazarocardenas.colladovillalba\/\/wp-content\/uploads\/ies.lazarocardenas.colladovillalba\/2022\/07\/4.jpg\" width=\"466\" height=\"263\" srcset=\"https:\/\/site.educa.madrid.org\/ies.lazarocardenas.colladovillalba\/\/wp-content\/uploads\/ies.lazarocardenas.colladovillalba\/2022\/07\/4.jpg 466w, https:\/\/site.educa.madrid.org\/ies.lazarocardenas.colladovillalba\/\/wp-content\/uploads\/ies.lazarocardenas.colladovillalba\/2022\/07\/4-300x169.jpg 300w\" sizes=\"auto, (max-width: 466px) 100vw, 466px\" alt=\"\" \t\tclass=\"so-widget-image\"\/>\n\t<\/div>\n\n<\/div><\/div><div id=\"panel-3465-2-0-3\" class=\"so-panel widget widget_text\" data-index=\"4\" >\t\t\t<div class=\"textwidget\"><p style=\"font-size: 20px;\">We filled in a questionary to choose our partner in the USA that was going to participate with us, so as they could know our hobbies, what we like or dislike\u2026 and you had to choose between a girl or a boy. I chose a girl and we started talking, but one day, she stopped talking to me so I asked my teacher what was happening; he told me that my partner had decided to not do the exchange. I was shocked! I didn\u2019t know what I was going to do. In the end, they found me another partner, this time it was a boy, but I enjoyed it! Now we are good friends and I think that I match much better with the boy (Sebastian) than with the girl that was supposed to come here.<\/p>\n<p style=\"font-size: 20px;\">When we arrived in the USA, all the families were waiting for us. After leaving the airport everybody arrived at their \u201cAmerican houses\u201d and as we had been flying since 11a.m, we were tired so we went to bed. We arrived at 8p.m in Boston (in Spain it was 2a.m)<\/p>\n<p style=\"font-size: 20px;\">The following day, we went to Burlington Highschool with our partners and the highschool was like the one that appeared in High School Musical: big corridors, 3 gyms, 2 libraries, 1 canteen and red lockers in every corridor, it was huge!! It has also got 2 band classes with all the instruments you could imagine.<\/p>\n<p style=\"font-size: 20px;\">My partner Sebastian played in the band, so I was the only student that had the honour to attend that class. I Boston, you can choose among a lot of subjects: you have the typical ones such as maths, biology, chemistry\u2026 but they also have band class, style class\u2026 Another thing that they have is the football team and various other: swim team, volleyball team, soccer team\u2026 I was really impressed!<\/p>\n<p style=\"font-size: 20px;\">During the two weeks that we were in the USA we visited the Boston Museum of Science, MIT, Hardvar, we walked all around Boston, our partners took us to a trampoline park, we went to Salem and we also spent the first weekend in NY.<\/p>\n<p style=\"font-size: 20px;\">NY was chaotic, a lot of people were walking in all directions, the cars were always honking at you, but I was impressed because the streets were very clean. In NY we walked throught Little Italy, China Town and we saw the Empire State Building.<\/p>\n<p style=\"font-size: 20px;\">From my point of view, the activity I enjoyed the most was going to the Boston Garden to watch the match between the Boston Celtics and Chicago Bulls. It was awesome! I will never forget that experience and in case I do, I\u2019ve got a lot of photos to remind me of it.<\/p>\n<p style=\"font-size: 20px;\">I was very happy with my family, my partner and the group of Americans that were participating in the exchange. They took us to a lot of places and parties, they did a lot of activityes with us and in my case, my family took me to their village (Newhampsire) the last weekend.<\/p>\n<p style=\"font-size: 20px;\">To conclude, I would like to thank the teachers that came with us for all the efforts they\u2019ve done to help us in each situation. I would also like to express my gratitude to the management team for all that they have done to give this big opportunity to their students; thank you so much.\u00bb<\/p>\n<p style=\"font-size: 20px;\">Sof\u00eda Aguado Garc\u00eda 1\u00baCTA<\/p>\n<p>&nbsp;<\/p>\n<p style=\"font-size: 20px;\"><strong>PROGRAMA ACTIVIDADES EN COLLADO VILLALBA<\/strong><\/p>\n<p style=\"font-size: 20px;\">Del 9 al 25 de febrero el grupo de estudiantes norteamericanos que acogieron a nuestros compa\u00f1eros el pasado noviembre han visitado nuestro centro. Durante estos d\u00edas han realizado diferentes actividades entre nosotros y visitar\u00e1n Granada, Toledo, Segovia y Madrid.<\/p>\n<\/div>\n\t\t<\/div><div id=\"panel-3465-2-0-4\" class=\"so-panel widget widget_sow-button panel-last-child\" data-index=\"5\" ><div\n\t\t\t\n\t\t\tclass=\"so-widget-sow-button so-widget-sow-button-wire-580dc0077b69-3465\"\n\t\t\t\n\t\t><div class=\"ow-button-base ow-button-align-center\">\n\t<a\n\thref=\"https:\/\/site.educa.madrid.org\/ies.lazarocardenas.colladovillalba\/\/wp-content\/uploads\/ies.lazarocardenas.colladovillalba\/2022\/09\/Programa-de-actividades-intercambio-USA-16-17.pdf\"\n\t\tclass=\"ow-icon-placement-left ow-button-hover\" target=\"_blank\" rel=\"noopener noreferrer\" \t>\n\t\t<span>\n\t\t\t<span class=\"sow-icon-elegantline\" data-sow-icon=\"&#xe04d;\"\n\t\tstyle=\"color: #e34353\" \n\t\taria-hidden=\"true\"><\/span>\n\t\t\t Descarga aqu\u00ed el programa de actividades para estos d\u00edas.\t\t<\/span>\n\t<\/a>\n<\/div>\n<\/div><\/div><\/div><\/div><\/div><\/div>","protected":false},"excerpt":{"rendered":"<p>INTERCAMBIO BOSTON 2016-17 Del 1 al 16 de noviembre 21 alumnos de 4\u00ba ESO y 1\u00ba Bachillerato han viajado a Boston para participar, un a\u00f1o m\u00e1s, en un intercambio con el Burlington High School. Durante estos d\u00edas han visitado, adem\u00e1s de Burlington y Boston, Nueva York, Salem y Harvard. A continuaci\u00f3n pod\u00e9is leer un resumen &hellip; <\/p>\n<p class=\"link-more\"><a href=\"https:\/\/site.educa.madrid.org\/ies.lazarocardenas.colladovillalba\/index.php\/intercambio-usa-16-17\/\" class=\"more-link\">Continuar leyendo<span class=\"screen-reader-text\"> \u00abIntercambio USA 16-17\u00bb<\/span><\/a><\/p>\n","protected":false},"author":3,"featured_media":0,"parent":0,"menu_order":0,"comment_status":"closed","ping_status":"closed","template":"","meta":{"footnotes":""},"folder":[],"class_list":["post-3465","page","type-page","status-publish","hentry"],"rttpg_featured_image_url":null,"rttpg_author":{"display_name":"ies.lazarocardenas.colladovillalba","author_link":"https:\/\/site.educa.madrid.org\/ies.lazarocardenas.colladovillalba\/index.php\/author\/cuenta_ies-lazarocardenas-colladovillalba\/"},"rttpg_comment":0,"rttpg_category":false,"rttpg_excerpt":"INTERCAMBIO BOSTON 2016-17 Del 1 al 16 de noviembre 21 alumnos de 4\u00ba ESO y 1\u00ba Bachillerato han viajado a Boston para participar, un a\u00f1o m\u00e1s, en un intercambio con el Burlington High School. Durante estos d\u00edas han visitado, adem\u00e1s de Burlington y Boston, Nueva York, Salem y Harvard. A continuaci\u00f3n pod\u00e9is leer un resumen&hellip;","post_mailing_queue_ids":[],"_links":{"self":[{"href":"https:\/\/site.educa.madrid.org\/ies.lazarocardenas.colladovillalba\/index.php\/wp-json\/wp\/v2\/pages\/3465","targetHints":{"allow":["GET"]}}],"collection":[{"href":"https:\/\/site.educa.madrid.org\/ies.lazarocardenas.colladovillalba\/index.php\/wp-json\/wp\/v2\/pages"}],"about":[{"href":"https:\/\/site.educa.madrid.org\/ies.lazarocardenas.colladovillalba\/index.php\/wp-json\/wp\/v2\/types\/page"}],"author":[{"embeddable":true,"href":"https:\/\/site.educa.madrid.org\/ies.lazarocardenas.colladovillalba\/index.php\/wp-json\/wp\/v2\/users\/3"}],"replies":[{"embeddable":true,"href":"https:\/\/site.educa.madrid.org\/ies.lazarocardenas.colladovillalba\/index.php\/wp-json\/wp\/v2\/comments?post=3465"}],"version-history":[{"count":22,"href":"https:\/\/site.educa.madrid.org\/ies.lazarocardenas.colladovillalba\/index.php\/wp-json\/wp\/v2\/pages\/3465\/revisions"}],"predecessor-version":[{"id":6350,"href":"https:\/\/site.educa.madrid.org\/ies.lazarocardenas.colladovillalba\/index.php\/wp-json\/wp\/v2\/pages\/3465\/revisions\/6350"}],"wp:attachment":[{"href":"https:\/\/site.educa.madrid.org\/ies.lazarocardenas.colladovillalba\/index.php\/wp-json\/wp\/v2\/media?parent=3465"}],"wp:term":[{"taxonomy":"folder","embeddable":true,"href":"https:\/\/site.educa.madrid.org\/ies.lazarocardenas.colladovillalba\/index.php\/wp-json\/wp\/v2\/folder?post=3465"}],"curies":[{"name":"wp","href":"https:\/\/api.w.org\/{rel}","templated":true}]}}