{"id":3531,"date":"2022-09-22T20:56:15","date_gmt":"2022-09-22T18:56:15","guid":{"rendered":"https:\/\/site.educa.madrid.org\/ies.lazarocardenas.colladovillalba\/?page_id=3531"},"modified":"2024-03-05T17:05:11","modified_gmt":"2024-03-05T16:05:11","slug":"intercambio-austria","status":"publish","type":"page","link":"https:\/\/site.educa.madrid.org\/ies.lazarocardenas.colladovillalba\/index.php\/intercambio-austria\/","title":{"rendered":"Intercambio Austria"},"content":{"rendered":"<div id=\"pl-3531\"  class=\"panel-layout\" ><div id=\"pg-3531-0\"  class=\"panel-grid panel-has-style\" ><div class=\"so-parallax siteorigin-panels-stretch panel-row-style panel-row-style-for-3531-0\" data-stretch-type=\"full-stretched-padded\" ><img fetchpriority=\"high\" decoding=\"async\" width=\"1440\" height=\"493\" src=\"https:\/\/site.educa.madrid.org\/ies.lazarocardenas.colladovillalba\/\/wp-content\/uploads\/ies.lazarocardenas.colladovillalba\/2022\/07\/Conoce-nuestro-programa.png\" class=\"attachment-full size-full\" alt=\"\" data-siteorigin-parallax=\"true\" loading=\"eager\" srcset=\"https:\/\/site.educa.madrid.org\/ies.lazarocardenas.colladovillalba\/\/wp-content\/uploads\/ies.lazarocardenas.colladovillalba\/2022\/07\/Conoce-nuestro-programa.png 1440w, https:\/\/site.educa.madrid.org\/ies.lazarocardenas.colladovillalba\/\/wp-content\/uploads\/ies.lazarocardenas.colladovillalba\/2022\/07\/Conoce-nuestro-programa-300x103.png 300w, https:\/\/site.educa.madrid.org\/ies.lazarocardenas.colladovillalba\/\/wp-content\/uploads\/ies.lazarocardenas.colladovillalba\/2022\/07\/Conoce-nuestro-programa-1024x351.png 1024w, https:\/\/site.educa.madrid.org\/ies.lazarocardenas.colladovillalba\/\/wp-content\/uploads\/ies.lazarocardenas.colladovillalba\/2022\/07\/Conoce-nuestro-programa-768x263.png 768w\" sizes=\"100vw\" \/><div id=\"pgc-3531-0-0\"  class=\"panel-grid-cell panel-grid-cell-empty\" ><\/div><\/div><\/div><div id=\"pg-3531-1\"  class=\"panel-grid panel-has-style\" ><div class=\"siteorigin-panels-stretch panel-row-style panel-row-style-for-3531-1\" data-stretch-type=\"full-stretched-padded\" ><div id=\"pgc-3531-1-0\"  class=\"panel-grid-cell\" ><div id=\"panel-3531-1-0-0\" class=\"so-panel widget widget_text panel-first-child\" data-index=\"0\" >\t\t\t<div class=\"textwidget\"><p><strong>VISITA ALUMNOS AUSTR\u00cdACOS CURSO 2022-23<\/strong><\/p>\n<p>La semana del 20 al 25 de marzo hemos recibido\u00a0a un grupo de alumnos y profesores procedentes del Instituto <strong><a href=\"https:\/\/www.hlwkufstein.net\/de\/fit-fuer-die-arbeit-fit-fuers-leben.html\">HLW Kufstein<\/a><\/strong> de Austria. Se trata de un grupo compuesto por 21 alumnos de bachillerato y dos profesores, que han realizado diferentes actividades entre las que destacamos un encuentro con los <a href=\"https:\/\/site.educa.madrid.org\/ies.lazarocardenas.colladovillalba\/\/wp-content\/uploads\/ies.lazarocardenas.colladovillalba\/2023\/03\/20230322_172707.jpg\"><img loading=\"lazy\" decoding=\"async\" class=\" wp-image-5534 alignleft\" src=\"https:\/\/site.educa.madrid.org\/ies.lazarocardenas.colladovillalba\/\/wp-content\/uploads\/ies.lazarocardenas.colladovillalba\/2023\/03\/20230322_172707-300x225.jpg\" alt=\"\" width=\"422\" height=\"317\" srcset=\"https:\/\/site.educa.madrid.org\/ies.lazarocardenas.colladovillalba\/\/wp-content\/uploads\/ies.lazarocardenas.colladovillalba\/2023\/03\/20230322_172707-300x225.jpg 300w, https:\/\/site.educa.madrid.org\/ies.lazarocardenas.colladovillalba\/\/wp-content\/uploads\/ies.lazarocardenas.colladovillalba\/2023\/03\/20230322_172707-1024x768.jpg 1024w, https:\/\/site.educa.madrid.org\/ies.lazarocardenas.colladovillalba\/\/wp-content\/uploads\/ies.lazarocardenas.colladovillalba\/2023\/03\/20230322_172707-768x576.jpg 768w, https:\/\/site.educa.madrid.org\/ies.lazarocardenas.colladovillalba\/\/wp-content\/uploads\/ies.lazarocardenas.colladovillalba\/2023\/03\/20230322_172707-1536x1152.jpg 1536w, https:\/\/site.educa.madrid.org\/ies.lazarocardenas.colladovillalba\/\/wp-content\/uploads\/ies.lazarocardenas.colladovillalba\/2023\/03\/20230322_172707-2048x1536.jpg 2048w, https:\/\/site.educa.madrid.org\/ies.lazarocardenas.colladovillalba\/\/wp-content\/uploads\/ies.lazarocardenas.colladovillalba\/2023\/03\/20230322_172707-1200x900.jpg 1200w, https:\/\/site.educa.madrid.org\/ies.lazarocardenas.colladovillalba\/\/wp-content\/uploads\/ies.lazarocardenas.colladovillalba\/2023\/03\/20230322_172707-1980x1485.jpg 1980w\" sizes=\"auto, (max-width: 422px) 100vw, 422px\" \/><\/a>alumnos de 1\u00ba de bachillerato CTB y otro con los alumnos de 2\u00ba de bachillerato AH, una visita a El Escorial y a la Feria de la Ciencia de Madrid. Recuperamos de este modo un proyecto que mantuvimos a\u00f1os atr\u00e1s y que tuvimos que interrumpir por diversas circunstancias. \u00a1Nos hace especial ilusi\u00f3n recibirlos de nuevo en nuestro centro!<\/p>\n<p style=\"font-size: 20px;\">\n<\/div>\n\t\t<\/div><div id=\"panel-3531-1-0-1\" class=\"so-panel widget widget_sow-button\" data-index=\"1\" ><div\n\t\t\t\n\t\t\tclass=\"so-widget-sow-button so-widget-sow-button-wire-240bc07f74e4-3531\"\n\t\t\t\n\t\t><div class=\"ow-button-base ow-button-align-center\">\n\t<a\n\thref=\"https:\/\/site.educa.madrid.org\/ies.lazarocardenas.colladovillalba\/\/wp-content\/uploads\/ies.lazarocardenas.colladovillalba\/2023\/03\/PROGRAMA-IES-Lazaro-Cardenas-KLW-Kufstein.pdf\"\n\t\tclass=\"ow-icon-placement-left ow-button-hover\" target=\"_blank\" rel=\"noopener noreferrer\" \t>\n\t\t<span>\n\t\t\t<span class=\"sow-icon-elegantline\" data-sow-icon=\"&#xe04d;\"\n\t\tstyle=\"color: #e34353\" \n\t\taria-hidden=\"true\"><\/span>\n\t\t\tDescarga aqu\u00ed el programa de actividades\t\t<\/span>\n\t<\/a>\n<\/div>\n<\/div><\/div><div id=\"panel-3531-1-0-2\" class=\"so-panel widget widget_text\" data-index=\"2\" >\t\t\t<div class=\"textwidget\"><p style=\"font-size: 20px;\"><strong>INTERCAMBIO AUSTRIA CURSO 2017-18<\/strong><\/p>\n<p style=\"font-size: 20px;\">Del 17 al 23 de octubre recibimos la visita de 17 alumnas procedentes del instituto HLW Kufstein de Kufstein (Austria), acompa\u00f1adas por dos profesores, Peter Salvenmoser, profesor de espa\u00f1ol, y Uschi, profesora de alem\u00e1n y tutora del grupo. En este intercambio, que celebramos por segunda vez en nuestro instituto, participan 20 alumnos espa\u00f1oles de primero de bachillerato.<\/p>\n<p style=\"font-size: 20px;\">Durante la semana que pasar\u00e1n con nosotros, estas alumnas asistir\u00e1n a diferentes clases no s\u00f3lo de bachillerato sino tambi\u00e9n de ciclos formativos y realizaremos con ellas diferentes actividades como por ejemplo una excursi\u00f3n a Madrid, otra a Toledo y una divertida tarde en la bolera. El viernes 20, adem\u00e1s, nos visitar\u00e1n el director y el jefe de estudios del HLW Kufstein.<\/p>\n<\/div>\n\t\t<\/div><div id=\"panel-3531-1-0-3\" class=\"so-panel widget widget_sow-button\" data-index=\"3\" ><div\n\t\t\t\n\t\t\tclass=\"so-widget-sow-button so-widget-sow-button-wire-240bc07f74e4-3531\"\n\t\t\t\n\t\t><div class=\"ow-button-base ow-button-align-center\">\n\t<a\n\thref=\"https:\/\/site.educa.madrid.org\/ies.lazarocardenas.colladovillalba\/\/wp-content\/uploads\/ies.lazarocardenas.colladovillalba\/2022\/09\/PROGRAMA-SEMANA-DEL-17-AL-25-DE-OCTUBRE-6.pdf\"\n\t\tclass=\"ow-icon-placement-left ow-button-hover\" target=\"_blank\" rel=\"noopener noreferrer\" \t>\n\t\t<span>\n\t\t\t<span class=\"sow-icon-elegantline\" data-sow-icon=\"&#xe04d;\"\n\t\tstyle=\"color: #e34353\" \n\t\taria-hidden=\"true\"><\/span>\n\t\t\tDescarga aqu\u00ed el programa de actividades\t\t<\/span>\n\t<\/a>\n<\/div>\n<\/div><\/div><div id=\"panel-3531-1-0-4\" class=\"so-panel widget widget_text\" data-index=\"4\" >\t\t\t<div class=\"textwidget\"><p style=\"font-size: 20px;\"><strong>INTERCAMBIO AUSTRIA CURSO 2015-16<\/strong><\/p>\n<p style=\"font-size: 20px;\">Nuestro instituto ha organizado por primera vez un intercambio con el centro austr\u00edaco HLW Kufstein. Los d\u00edas 16 y 23 de octubre de 2015 recibimos a 11 alumnas austr\u00edacas y a su profesor Peter Salvenmoser.<\/p>\n<p style=\"font-size: 20px;\">Del 10 al 17 de marzo nuestros alumnos han devuelto la visita disfrutando de esta extraordinara experiencia.<\/p>\n<\/div>\n\t\t<\/div><div id=\"panel-3531-1-0-5\" class=\"so-panel widget widget_sow-button panel-last-child\" data-index=\"5\" ><div\n\t\t\t\n\t\t\tclass=\"so-widget-sow-button so-widget-sow-button-wire-240bc07f74e4-3531\"\n\t\t\t\n\t\t><div class=\"ow-button-base ow-button-align-center\">\n\t<a\n\thref=\"https:\/\/site.educa.madrid.org\/ies.lazarocardenas.colladovillalba\/\/wp-content\/uploads\/ies.lazarocardenas.colladovillalba\/2022\/09\/Intercambio-Austria-2016.pdf\"\n\t\tclass=\"ow-icon-placement-left ow-button-hover\" target=\"_blank\" rel=\"noopener noreferrer\" \t>\n\t\t<span>\n\t\t\t<span class=\"sow-icon-elegantline\" data-sow-icon=\"&#xe04d;\"\n\t\tstyle=\"color: #e34353\" \n\t\taria-hidden=\"true\"><\/span>\n\t\t\tM\u00e1s informaci\u00f3n\t\t<\/span>\n\t<\/a>\n<\/div>\n<\/div><\/div><\/div><\/div><\/div><\/div>","protected":false},"excerpt":{"rendered":"<p>VISITA ALUMNOS AUSTR\u00cdACOS CURSO 2022-23 La semana del 20 al 25 de marzo hemos recibido\u00a0a un grupo de alumnos y profesores procedentes del Instituto HLW Kufstein de Austria. Se trata de un grupo compuesto por 21 alumnos de bachillerato y dos profesores, que han realizado diferentes actividades entre las que destacamos un encuentro con los &hellip; <\/p>\n<p class=\"link-more\"><a href=\"https:\/\/site.educa.madrid.org\/ies.lazarocardenas.colladovillalba\/index.php\/intercambio-austria\/\" class=\"more-link\">Continuar leyendo<span class=\"screen-reader-text\"> \u00abIntercambio Austria\u00bb<\/span><\/a><\/p>\n","protected":false},"author":3,"featured_media":0,"parent":0,"menu_order":0,"comment_status":"closed","ping_status":"closed","template":"","meta":{"footnotes":""},"folder":[],"class_list":["post-3531","page","type-page","status-publish","hentry"],"rttpg_featured_image_url":null,"rttpg_author":{"display_name":"ies.lazarocardenas.colladovillalba","author_link":"https:\/\/site.educa.madrid.org\/ies.lazarocardenas.colladovillalba\/index.php\/author\/cuenta_ies-lazarocardenas-colladovillalba\/"},"rttpg_comment":0,"rttpg_category":false,"rttpg_excerpt":"VISITA ALUMNOS AUSTR\u00cdACOS CURSO 2022-23 La semana del 20 al 25 de marzo hemos recibido\u00a0a un grupo de alumnos y profesores procedentes del Instituto HLW Kufstein de Austria. Se trata de un grupo compuesto por 21 alumnos de bachillerato y dos profesores, que han realizado diferentes actividades entre las que destacamos un encuentro con los&hellip;","post_mailing_queue_ids":[],"_links":{"self":[{"href":"https:\/\/site.educa.madrid.org\/ies.lazarocardenas.colladovillalba\/index.php\/wp-json\/wp\/v2\/pages\/3531","targetHints":{"allow":["GET"]}}],"collection":[{"href":"https:\/\/site.educa.madrid.org\/ies.lazarocardenas.colladovillalba\/index.php\/wp-json\/wp\/v2\/pages"}],"about":[{"href":"https:\/\/site.educa.madrid.org\/ies.lazarocardenas.colladovillalba\/index.php\/wp-json\/wp\/v2\/types\/page"}],"author":[{"embeddable":true,"href":"https:\/\/site.educa.madrid.org\/ies.lazarocardenas.colladovillalba\/index.php\/wp-json\/wp\/v2\/users\/3"}],"replies":[{"embeddable":true,"href":"https:\/\/site.educa.madrid.org\/ies.lazarocardenas.colladovillalba\/index.php\/wp-json\/wp\/v2\/comments?post=3531"}],"version-history":[{"count":19,"href":"https:\/\/site.educa.madrid.org\/ies.lazarocardenas.colladovillalba\/index.php\/wp-json\/wp\/v2\/pages\/3531\/revisions"}],"predecessor-version":[{"id":6343,"href":"https:\/\/site.educa.madrid.org\/ies.lazarocardenas.colladovillalba\/index.php\/wp-json\/wp\/v2\/pages\/3531\/revisions\/6343"}],"wp:attachment":[{"href":"https:\/\/site.educa.madrid.org\/ies.lazarocardenas.colladovillalba\/index.php\/wp-json\/wp\/v2\/media?parent=3531"}],"wp:term":[{"taxonomy":"folder","embeddable":true,"href":"https:\/\/site.educa.madrid.org\/ies.lazarocardenas.colladovillalba\/index.php\/wp-json\/wp\/v2\/folder?post=3531"}],"curies":[{"name":"wp","href":"https:\/\/api.w.org\/{rel}","templated":true}]}}