{"id":3547,"date":"2022-09-22T22:24:53","date_gmt":"2022-09-22T20:24:53","guid":{"rendered":"https:\/\/site.educa.madrid.org\/ies.lazarocardenas.colladovillalba\/?page_id=3547"},"modified":"2022-12-31T11:45:45","modified_gmt":"2022-12-31T10:45:45","slug":"erasmus-ka-229-2021-23","status":"publish","type":"page","link":"https:\/\/site.educa.madrid.org\/ies.lazarocardenas.colladovillalba\/index.php\/erasmus-ka-229-2021-23\/","title":{"rendered":"Erasmus+ KA 229 2021-23"},"content":{"rendered":"<div id=\"pl-3547\"  class=\"panel-layout\" ><div id=\"pg-3547-0\"  class=\"panel-grid panel-has-style\" ><div class=\"siteorigin-panels-stretch panel-row-style panel-row-style-for-3547-0\" data-stretch-type=\"full-stretched-padded\" ><div id=\"pgc-3547-0-0\"  class=\"panel-grid-cell panel-grid-cell-empty\" ><\/div><\/div><\/div><div id=\"pg-3547-1\"  class=\"panel-grid panel-has-style\" ><div class=\"siteorigin-panels-stretch panel-row-style panel-row-style-for-3547-1\" data-stretch-type=\"full-stretched-padded\" ><div id=\"pgc-3547-1-0\"  class=\"panel-grid-cell\" ><div class=\"panel-cell-style panel-cell-style-for-3547-1-0\" ><div id=\"panel-3547-1-0-0\" class=\"so-panel widget widget_sow-image panel-first-child\" data-index=\"0\" ><div\n\t\t\t\n\t\t\tclass=\"so-widget-sow-image so-widget-sow-image-default-4e6925654b7a-3547\"\n\t\t\t\n\t\t>\n\n<div class=\"sow-image-container\">\n\t\t<img loading=\"lazy\" decoding=\"async\" src=\"https:\/\/site.educa.madrid.org\/ies.lazarocardenas.colladovillalba\/\/wp-content\/uploads\/ies.lazarocardenas.colladovillalba\/2022\/07\/es_cofinanciado_por_la_union_europea_pos.png\" width=\"549\" height=\"115\" srcset=\"https:\/\/site.educa.madrid.org\/ies.lazarocardenas.colladovillalba\/\/wp-content\/uploads\/ies.lazarocardenas.colladovillalba\/2022\/07\/es_cofinanciado_por_la_union_europea_pos.png 549w, https:\/\/site.educa.madrid.org\/ies.lazarocardenas.colladovillalba\/\/wp-content\/uploads\/ies.lazarocardenas.colladovillalba\/2022\/07\/es_cofinanciado_por_la_union_europea_pos-300x63.png 300w\" sizes=\"auto, (max-width: 549px) 100vw, 549px\" alt=\"\" \t\tclass=\"so-widget-image\"\/>\n\t<\/div>\n\n<\/div><\/div><div id=\"panel-3547-1-0-1\" class=\"so-panel widget widget_sow-image\" data-index=\"1\" ><div\n\t\t\t\n\t\t\tclass=\"so-widget-sow-image so-widget-sow-image-default-4e6925654b7a-3547\"\n\t\t\t\n\t\t>\n\n<div class=\"sow-image-container\">\n\t\t<img loading=\"lazy\" decoding=\"async\" src=\"https:\/\/site.educa.madrid.org\/ies.lazarocardenas.colladovillalba\/\/wp-content\/uploads\/ies.lazarocardenas.colladovillalba\/2022\/07\/ka229_socios_cropped_page-0001-925x1024-1.jpg\" width=\"496\" height=\"550\" srcset=\"https:\/\/site.educa.madrid.org\/ies.lazarocardenas.colladovillalba\/\/wp-content\/uploads\/ies.lazarocardenas.colladovillalba\/2022\/07\/ka229_socios_cropped_page-0001-925x1024-1.jpg 496w, https:\/\/site.educa.madrid.org\/ies.lazarocardenas.colladovillalba\/\/wp-content\/uploads\/ies.lazarocardenas.colladovillalba\/2022\/07\/ka229_socios_cropped_page-0001-925x1024-1-271x300.jpg 271w\" sizes=\"auto, (max-width: 496px) 100vw, 496px\" title=\"ka229_socios_cropped_page-0001-925&#215;1024\" alt=\"\" \t\tclass=\"so-widget-image\"\/>\n\t<\/div>\n\n<\/div><\/div><div id=\"panel-3547-1-0-2\" class=\"so-panel widget widget_text\" data-index=\"2\" ><div class=\"panel-widget-style panel-widget-style-for-3547-1-0-2\" >\t\t\t<div class=\"textwidget\"><p style=\"font-size: 20px;\"><strong>PROYECTO ERASMUS+: <\/strong><strong>\u201cCircular economy: rethinking the world from school\u201d.<\/strong><\/p>\n<p style=\"font-size: 20px;\">El I.E.S. L\u00e1zaro C\u00e1rdenas est\u00e1 comprometido con la educaci\u00f3n ambiental en la que se basan diferentes proyectos de centro como son el huerto escolar, el trabajo sobre arom\u00e1ticas y polinizadores de manera transversal o la recogida selectiva de residuos y compostaje. A estos proyectos queremos sumar este Erasmus+. Se trata de un intercambio con el instituto <strong>IIS Majorana<\/strong> situado a las afueras de Bolonia (Italia) con el objetivo de concienciar a los estudiantes de los beneficios ambientales de la Econom\u00eda Circular frente a la actual Econom\u00eda Lineal.<\/p>\n<p style=\"font-size: 20px;\">El proyecto est\u00e1 dividido en tres fases:<\/p>\n<p style=\"font-size: 20px;\"><strong>PRIMERA FASE: PRIMEROS CONTACTOS<\/strong><\/p>\n<p style=\"font-size: 20px;\">Los alumnos empiezan a contactar con sus compa\u00f1eros italianos a trav\u00e9s de la plataforma e-Twinnig, aqu\u00ed trabajan en equipo para aprender los primeros conceptos sobre econom\u00eda circular, dise\u00f1ar un logo del proyecto y realizar una encuesta.<\/p>\n<p style=\"font-size: 20px;\"><strong>SEGUNDA FASE: DESPLAZAMIENTOS<\/strong><\/p>\n<p style=\"font-size: 20px;\">Tanto en Italia como en Espa\u00f1a se realizan diversas actividades como:<\/p>\n<p style=\"font-size: 20px;\">-Conferencias y actividades de laboratorio sobre materiales reciclables.<\/p>\n<p style=\"font-size: 20px;\">-Juego de mesa \u201cEco-Ceo\u201d dise\u00f1ado por el CNR de Bolonia en el que los estudiantes simularan la gesti\u00f3n de una empresa y sus recursos, observando las consecuencias ambientales de sus decisiones.<\/p>\n<p style=\"font-size: 20px;\">-Visitas a empresas locales sostenibles y\/o a centros universitarios.<\/p>\n<p style=\"font-size: 20px;\">-Visitas culturales<\/p>\n<p style=\"font-size: 20px;\">-Actividades de socializaci\u00f3n entre los estudiantes.<\/p>\n<p style=\"font-size: 20px;\"><strong>TERCERA FASE:<\/strong><\/p>\n<p style=\"font-size: 20px;\">Los alumnos siguen en contacto a trav\u00e9s de la plataforma e-Twinning para crear herramientas de difusi\u00f3n (v\u00eddeos, posters, c\u00f3mics etc.) y organizan una exposici\u00f3n o una conferencia para la escuela y la comunidad local sobre todo lo aprendido.<\/p>\n<p style=\"font-size: 20px;\">Creemos que el proyecto es una gran oportunidad para nuestros alumnos porque adquiren conocimiento y conciencia sobre un problema actual, fundamental para el futuro; desarrollan habilidades fundamentales para su futuro laboral (trabajo en equipo, resoluci\u00f3n de problemas, hablar en p\u00fablico) y tienen la oportunidad de mejorar su ingl\u00e9s y vivir una experiencia inolvidable junto con sus compa\u00f1eros.<\/p>\n<\/div>\n\t\t<\/div><\/div><div id=\"panel-3547-1-0-3\" class=\"so-panel widget widget_sow-image\" data-index=\"3\" ><div\n\t\t\t\n\t\t\tclass=\"so-widget-sow-image so-widget-sow-image-default-4e6925654b7a-3547\"\n\t\t\t\n\t\t>\n\n<div class=\"sow-image-container\">\n\t\t<img loading=\"lazy\" decoding=\"async\" src=\"https:\/\/site.educa.madrid.org\/ies.lazarocardenas.colladovillalba\/\/wp-content\/uploads\/ies.lazarocardenas.colladovillalba\/2022\/07\/circulareconomy2.jpg\" width=\"550\" height=\"385\" srcset=\"https:\/\/site.educa.madrid.org\/ies.lazarocardenas.colladovillalba\/\/wp-content\/uploads\/ies.lazarocardenas.colladovillalba\/2022\/07\/circulareconomy2.jpg 550w, https:\/\/site.educa.madrid.org\/ies.lazarocardenas.colladovillalba\/\/wp-content\/uploads\/ies.lazarocardenas.colladovillalba\/2022\/07\/circulareconomy2-300x210.jpg 300w\" sizes=\"auto, (max-width: 550px) 100vw, 550px\" alt=\"\" \t\tclass=\"so-widget-image\"\/>\n\t<\/div>\n\n<\/div><\/div><div id=\"panel-3547-1-0-4\" class=\"so-panel widget widget_text panel-last-child\" data-index=\"4\" ><div class=\"panel-widget-style panel-widget-style-for-3547-1-0-4\" >\t\t\t<div class=\"textwidget\"><p style=\"font-size: 20px; text-align:center;\"><a href=\"https:\/\/youtu.be\/Lc4-2cVKxp0https:\/\/youtu.be\/ZEgLWrMJd2M\" target=\"_blank\" rel=\"noopener\">Video<\/a><\/p>\n<\/div>\n\t\t<\/div><\/div><\/div><\/div><div id=\"pgc-3547-1-1\"  class=\"panel-grid-cell\" ><div class=\"panel-cell-style panel-cell-style-for-3547-1-1\" ><div id=\"panel-3547-1-1-0\" class=\"so-panel widget widget_sow-image panel-first-child\" data-index=\"5\" ><div\n\t\t\t\n\t\t\tclass=\"so-widget-sow-image so-widget-sow-image-default-4e6925654b7a-3547\"\n\t\t\t\n\t\t>\n\n<div class=\"sow-image-container\">\n\t\t<img loading=\"lazy\" decoding=\"async\" src=\"https:\/\/site.educa.madrid.org\/ies.lazarocardenas.colladovillalba\/\/wp-content\/uploads\/ies.lazarocardenas.colladovillalba\/2022\/07\/Proyectos-de-intercambio-escolar-KA229-Circular-economy-rethinking-the-world-from-school.png\" width=\"500\" height=\"160\" srcset=\"https:\/\/site.educa.madrid.org\/ies.lazarocardenas.colladovillalba\/\/wp-content\/uploads\/ies.lazarocardenas.colladovillalba\/2022\/07\/Proyectos-de-intercambio-escolar-KA229-Circular-economy-rethinking-the-world-from-school.png 500w, https:\/\/site.educa.madrid.org\/ies.lazarocardenas.colladovillalba\/\/wp-content\/uploads\/ies.lazarocardenas.colladovillalba\/2022\/07\/Proyectos-de-intercambio-escolar-KA229-Circular-economy-rethinking-the-world-from-school-300x96.png 300w\" sizes=\"auto, (max-width: 500px) 100vw, 500px\" title=\"Proyectos de intercambio escolar KA229 \u201cCircular economy rethinking the world from school\u201d\" alt=\"\" \t\tclass=\"so-widget-image\"\/>\n\t<\/div>\n\n<\/div><\/div><div id=\"panel-3547-1-1-1\" class=\"so-panel widget widget_text\" data-index=\"6\" >\t\t\t<div class=\"textwidget\"><p style=\"font-size: 20px;\"><strong>PR\u00c1CTICAS DE LABORATORIO ABRIL 2022<\/strong><\/p>\n<p style=\"font-size: 20px;\">Del 25 al 29 de abril hemos recibido a nuestros compa\u00f1eros italianos del IIS Majorana. Ha siso una semana llena de actividades tanto fuera del centro como en nuestros laboratorios.<\/p>\n<p style=\"font-size: 20px;\">Aqu\u00ed os dejamos un ejemplo de las pr\u00e1cticas que hemos realizado estos d\u00edas: Transformaci\u00f3n de residuos de c\u00edtricos en recursos para la industria de envases y cosm\u00e9tica.<\/p>\n<p style=\"font-size: 20px;\">El objetivo de esta actividad es transformar un residuo dif\u00edcilmente compostable como son las c\u00e1scaras de c\u00edtricos (naranjas y limones) en un biopl\u00e1stico que pueda ser empleado en la elaboraci\u00f3n de pajitas para refrescos, y sea degradables en pocas semanas. Adem\u00e1s, aprovecharemos parte de los restos c\u00edtricos para elaborar productos de higiene personal totalmente naturales: jab\u00f3n y maniluvios.<\/p>\n<p style=\"font-size: 20px;\">Descarga desde aqu\u00ed la gu\u00eda de la pr\u00e1ctica en <a href=\"https:\/\/site.educa.madrid.org\/ies.lazarocardenas.colladovillalba\/\/wp-content\/uploads\/ies.lazarocardenas.colladovillalba\/2022\/12\/00-Residuo-citrico-como-recurso-bioplastico-y-cosmeticos-en-castellano.pdf\">castellano<\/a> y en <a href=\"https:\/\/site.educa.madrid.org\/ies.lazarocardenas.colladovillalba\/\/wp-content\/uploads\/ies.lazarocardenas.colladovillalba\/2022\/12\/00-Residuo-citrico-como-recurso-bioplastico-y-cosmetico-en-ingles.pdf\">ingl\u00e9s<\/a><\/p>\n<p><img loading=\"lazy\" decoding=\"async\" class=\"wp-image-5277 size-medium alignleft\" src=\"https:\/\/site.educa.madrid.org\/ies.lazarocardenas.colladovillalba\/\/wp-content\/uploads\/ies.lazarocardenas.colladovillalba\/2022\/12\/02-resultado-lamina-plastica-225x300.jpg\" alt=\"Resultado l\u00e1mina pl\u00e1stica\" width=\"225\" height=\"300\" srcset=\"https:\/\/site.educa.madrid.org\/ies.lazarocardenas.colladovillalba\/\/wp-content\/uploads\/ies.lazarocardenas.colladovillalba\/2022\/12\/02-resultado-lamina-plastica-225x300.jpg 225w, https:\/\/site.educa.madrid.org\/ies.lazarocardenas.colladovillalba\/\/wp-content\/uploads\/ies.lazarocardenas.colladovillalba\/2022\/12\/02-resultado-lamina-plastica-768x1024.jpg 768w, https:\/\/site.educa.madrid.org\/ies.lazarocardenas.colladovillalba\/\/wp-content\/uploads\/ies.lazarocardenas.colladovillalba\/2022\/12\/02-resultado-lamina-plastica-300x400.jpg 300w, https:\/\/site.educa.madrid.org\/ies.lazarocardenas.colladovillalba\/\/wp-content\/uploads\/ies.lazarocardenas.colladovillalba\/2022\/12\/02-resultado-lamina-plastica-1152x1536.jpg 1152w, https:\/\/site.educa.madrid.org\/ies.lazarocardenas.colladovillalba\/\/wp-content\/uploads\/ies.lazarocardenas.colladovillalba\/2022\/12\/02-resultado-lamina-plastica-1536x2048.jpg 1536w, https:\/\/site.educa.madrid.org\/ies.lazarocardenas.colladovillalba\/\/wp-content\/uploads\/ies.lazarocardenas.colladovillalba\/2022\/12\/02-resultado-lamina-plastica-1200x1600.jpg 1200w, https:\/\/site.educa.madrid.org\/ies.lazarocardenas.colladovillalba\/\/wp-content\/uploads\/ies.lazarocardenas.colladovillalba\/2022\/12\/02-resultado-lamina-plastica-1980x2640.jpg 1980w, https:\/\/site.educa.madrid.org\/ies.lazarocardenas.colladovillalba\/\/wp-content\/uploads\/ies.lazarocardenas.colladovillalba\/2022\/12\/02-resultado-lamina-plastica-scaled.jpg 1920w\" sizes=\"auto, (max-width: 225px) 100vw, 225px\" \/> <img loading=\"lazy\" decoding=\"async\" class=\"alignleft wp-image-5276 size-medium\" src=\"https:\/\/site.educa.madrid.org\/ies.lazarocardenas.colladovillalba\/\/wp-content\/uploads\/ies.lazarocardenas.colladovillalba\/2022\/12\/03-resultado-pajitas-de-bioplastico-300x210.jpg\" alt=\"Pajitas realizadas en el laboratorio\" width=\"300\" height=\"210\" srcset=\"https:\/\/site.educa.madrid.org\/ies.lazarocardenas.colladovillalba\/\/wp-content\/uploads\/ies.lazarocardenas.colladovillalba\/2022\/12\/03-resultado-pajitas-de-bioplastico-300x210.jpg 300w, https:\/\/site.educa.madrid.org\/ies.lazarocardenas.colladovillalba\/\/wp-content\/uploads\/ies.lazarocardenas.colladovillalba\/2022\/12\/03-resultado-pajitas-de-bioplastico-1024x716.jpg 1024w, https:\/\/site.educa.madrid.org\/ies.lazarocardenas.colladovillalba\/\/wp-content\/uploads\/ies.lazarocardenas.colladovillalba\/2022\/12\/03-resultado-pajitas-de-bioplastico-768x537.jpg 768w, https:\/\/site.educa.madrid.org\/ies.lazarocardenas.colladovillalba\/\/wp-content\/uploads\/ies.lazarocardenas.colladovillalba\/2022\/12\/03-resultado-pajitas-de-bioplastico-1536x1074.jpg 1536w, https:\/\/site.educa.madrid.org\/ies.lazarocardenas.colladovillalba\/\/wp-content\/uploads\/ies.lazarocardenas.colladovillalba\/2022\/12\/03-resultado-pajitas-de-bioplastico-2048x1433.jpg 2048w, https:\/\/site.educa.madrid.org\/ies.lazarocardenas.colladovillalba\/\/wp-content\/uploads\/ies.lazarocardenas.colladovillalba\/2022\/12\/03-resultado-pajitas-de-bioplastico-1200x839.jpg 1200w, https:\/\/site.educa.madrid.org\/ies.lazarocardenas.colladovillalba\/\/wp-content\/uploads\/ies.lazarocardenas.colladovillalba\/2022\/12\/03-resultado-pajitas-de-bioplastico-1980x1385.jpg 1980w\" sizes=\"auto, (max-width: 300px) 100vw, 300px\" \/><\/p>\n<p>&nbsp;<\/p>\n<p>&nbsp;<\/p>\n<p>&nbsp;<\/p>\n<p>&nbsp;<\/p>\n<p>&nbsp;<\/p>\n<p>&nbsp;<\/p>\n<\/div>\n\t\t<\/div><div id=\"panel-3547-1-1-2\" class=\"so-panel widget widget_text\" data-index=\"7\" >\t\t\t<div class=\"textwidget\"><p style=\"font-size: 20px;\"><strong>VIAJE A BOLONIA ABRIL 2022<\/strong><\/p>\n<p style=\"font-size: 20px;\">Del 3 al 9 de abril los alumnos de 1\u00ba bachillerato participantes en el proyecto han viajado a Bolonia. Aloj\u00e1ndose con las familias de sus compa\u00f1eros italianos han trabajado y disfrutado unos d\u00edas intensos.<\/p>\n<p style=\"font-size: 20px;\">En su primer d\u00eda en el centro italiano asistieron a una conferencia sobre econom\u00eda circular a cargo de Alberto Zanelli y Renata Viola, investigadores del Tecnopolo Bologna CNR y a la explicaci\u00f3n de un ejemplo pr\u00e1ctico desarrollado por Annalisa Aluigi, profesor de la <a href=\"https:\/\/www.uniurb.it\" target=\"_blank\" rel=\"noopener\"><strong>Universidad de Urbino<\/strong><\/a><\/p>\n<p style=\"font-size: 20px;\">Por la tarde sesi\u00f3n de laboratorio elaborando jab\u00f3n a partir de queratina extra\u00edda de lana.<\/p>\n<p style=\"font-size: 20px;\">Tambi\u00e9n han podido disfrutar de la hermosa ciudad de Bolonia acompa\u00f1ados por sus compa\u00f1eros italianos.<\/p>\n<p style=\"font-size: 20px;\">En el \u00faltimo d\u00eda han realizado una conferencia sobre lo que han aprendido durante esta intensa semana de ErasmusPlus, han recibido sus diplomas y el jab\u00f3n que realizaron el primer d\u00eda. \u00a1Estamos muy orgullosos del trabajo que han hecho!<\/p>\n<\/div>\n\t\t<\/div><div id=\"panel-3547-1-1-3\" class=\"so-panel widget widget_siteorigin-panels-builder panel-last-child\" data-index=\"8\" ><div id=\"pl-w636a5f66bb386\"  class=\"panel-layout\" ><div id=\"pg-w636a5f66bb386-0\"  class=\"panel-grid panel-no-style\" ><div id=\"pgc-w636a5f66bb386-0-0\"  class=\"panel-grid-cell\" ><div id=\"panel-w636a5f66bb386-0-0-0\" class=\"so-panel widget widget_sow-image panel-first-child\" data-index=\"0\" ><div\n\t\t\t\n\t\t\tclass=\"so-widget-sow-image so-widget-sow-image-default-4e6925654b7a\"\n\t\t\t\n\t\t>\n\n<div class=\"sow-image-container\">\n\t\t<img loading=\"lazy\" decoding=\"async\" src=\"https:\/\/site.educa.madrid.org\/ies.lazarocardenas.colladovillalba\/\/wp-content\/uploads\/ies.lazarocardenas.colladovillalba\/2022\/07\/FP1VT9dXoAUYeiE.jpg\" width=\"550\" height=\"550\" srcset=\"https:\/\/site.educa.madrid.org\/ies.lazarocardenas.colladovillalba\/\/wp-content\/uploads\/ies.lazarocardenas.colladovillalba\/2022\/07\/FP1VT9dXoAUYeiE.jpg 550w, https:\/\/site.educa.madrid.org\/ies.lazarocardenas.colladovillalba\/\/wp-content\/uploads\/ies.lazarocardenas.colladovillalba\/2022\/07\/FP1VT9dXoAUYeiE-300x300.jpg 300w, https:\/\/site.educa.madrid.org\/ies.lazarocardenas.colladovillalba\/\/wp-content\/uploads\/ies.lazarocardenas.colladovillalba\/2022\/07\/FP1VT9dXoAUYeiE-150x150.jpg 150w, https:\/\/site.educa.madrid.org\/ies.lazarocardenas.colladovillalba\/\/wp-content\/uploads\/ies.lazarocardenas.colladovillalba\/2022\/07\/FP1VT9dXoAUYeiE-100x100.jpg 100w\" sizes=\"auto, (max-width: 550px) 100vw, 550px\" alt=\"\" \t\tclass=\"so-widget-image\"\/>\n\t<\/div>\n\n<\/div><\/div><div id=\"panel-w636a5f66bb386-0-0-1\" class=\"so-panel widget widget_sow-image panel-last-child\" data-index=\"1\" ><div\n\t\t\t\n\t\t\tclass=\"so-widget-sow-image so-widget-sow-image-default-4e6925654b7a\"\n\t\t\t\n\t\t>\n\n<div class=\"sow-image-container\">\n\t\t<img loading=\"lazy\" decoding=\"async\" src=\"https:\/\/site.educa.madrid.org\/ies.lazarocardenas.colladovillalba\/\/wp-content\/uploads\/ies.lazarocardenas.colladovillalba\/2022\/07\/FPxJmtDWYAQqdOJ-1.jpg\" width=\"550\" height=\"412\" srcset=\"https:\/\/site.educa.madrid.org\/ies.lazarocardenas.colladovillalba\/\/wp-content\/uploads\/ies.lazarocardenas.colladovillalba\/2022\/07\/FPxJmtDWYAQqdOJ-1.jpg 550w, https:\/\/site.educa.madrid.org\/ies.lazarocardenas.colladovillalba\/\/wp-content\/uploads\/ies.lazarocardenas.colladovillalba\/2022\/07\/FPxJmtDWYAQqdOJ-1-300x225.jpg 300w\" sizes=\"auto, (max-width: 550px) 100vw, 550px\" title=\"FPxJmtDWYAQqdOJ (1)\" alt=\"\" \t\tclass=\"so-widget-image\"\/>\n\t<\/div>\n\n<\/div><\/div><\/div><div id=\"pgc-w636a5f66bb386-0-1\"  class=\"panel-grid-cell\" ><div id=\"panel-w636a5f66bb386-0-1-0\" class=\"so-panel widget widget_sow-image panel-first-child\" data-index=\"2\" ><div\n\t\t\t\n\t\t\tclass=\"so-widget-sow-image so-widget-sow-image-default-c67d20f9f743\"\n\t\t\t\n\t\t>\n\n<div class=\"sow-image-container\">\n\t\t<img loading=\"lazy\" decoding=\"async\" src=\"https:\/\/site.educa.madrid.org\/ies.lazarocardenas.colladovillalba\/\/wp-content\/uploads\/ies.lazarocardenas.colladovillalba\/2022\/07\/FPgubFjWQAQW9j7-1.jpg\" width=\"550\" height=\"412\" srcset=\"https:\/\/site.educa.madrid.org\/ies.lazarocardenas.colladovillalba\/\/wp-content\/uploads\/ies.lazarocardenas.colladovillalba\/2022\/07\/FPgubFjWQAQW9j7-1.jpg 550w, https:\/\/site.educa.madrid.org\/ies.lazarocardenas.colladovillalba\/\/wp-content\/uploads\/ies.lazarocardenas.colladovillalba\/2022\/07\/FPgubFjWQAQW9j7-1-300x225.jpg 300w\" sizes=\"auto, (max-width: 550px) 100vw, 550px\" title=\"FPgubFjWQAQW9j7 (1)\" alt=\"\" \t\tclass=\"so-widget-image\"\/>\n\t<\/div>\n\n<\/div><\/div><div id=\"panel-w636a5f66bb386-0-1-1\" class=\"so-panel widget widget_sow-image panel-last-child\" data-index=\"3\" ><div\n\t\t\t\n\t\t\tclass=\"so-widget-sow-image so-widget-sow-image-default-c67d20f9f743\"\n\t\t\t\n\t\t>\n\n<div class=\"sow-image-container\">\n\t\t<img loading=\"lazy\" decoding=\"async\" src=\"https:\/\/site.educa.madrid.org\/ies.lazarocardenas.colladovillalba\/\/wp-content\/uploads\/ies.lazarocardenas.colladovillalba\/2022\/07\/FPxJmKCWQAwlEwr-1.jpg\" width=\"550\" height=\"550\" srcset=\"https:\/\/site.educa.madrid.org\/ies.lazarocardenas.colladovillalba\/\/wp-content\/uploads\/ies.lazarocardenas.colladovillalba\/2022\/07\/FPxJmKCWQAwlEwr-1.jpg 550w, https:\/\/site.educa.madrid.org\/ies.lazarocardenas.colladovillalba\/\/wp-content\/uploads\/ies.lazarocardenas.colladovillalba\/2022\/07\/FPxJmKCWQAwlEwr-1-300x300.jpg 300w, https:\/\/site.educa.madrid.org\/ies.lazarocardenas.colladovillalba\/\/wp-content\/uploads\/ies.lazarocardenas.colladovillalba\/2022\/07\/FPxJmKCWQAwlEwr-1-150x150.jpg 150w, https:\/\/site.educa.madrid.org\/ies.lazarocardenas.colladovillalba\/\/wp-content\/uploads\/ies.lazarocardenas.colladovillalba\/2022\/07\/FPxJmKCWQAwlEwr-1-100x100.jpg 100w\" sizes=\"auto, (max-width: 550px) 100vw, 550px\" title=\"FPxJmKCWQAwlEwr (1)\" alt=\"\" \t\tclass=\"so-widget-image\"\/>\n\t<\/div>\n\n<\/div><\/div><\/div><\/div><\/div><\/div><\/div><\/div><\/div><\/div><\/div>","protected":false},"excerpt":{"rendered":"<p>PROYECTO ERASMUS+: \u201cCircular economy: rethinking the world from school\u201d. El I.E.S. L\u00e1zaro C\u00e1rdenas est\u00e1 comprometido con la educaci\u00f3n ambiental en la que se basan diferentes proyectos de centro como son el huerto escolar, el trabajo sobre arom\u00e1ticas y polinizadores de manera transversal o la recogida selectiva de residuos y compostaje. A estos proyectos queremos sumar &hellip; <\/p>\n<p class=\"link-more\"><a href=\"https:\/\/site.educa.madrid.org\/ies.lazarocardenas.colladovillalba\/index.php\/erasmus-ka-229-2021-23\/\" class=\"more-link\">Continuar leyendo<span class=\"screen-reader-text\"> \u00abErasmus+ KA 229 2021-23\u00bb<\/span><\/a><\/p>\n","protected":false},"author":3,"featured_media":0,"parent":0,"menu_order":0,"comment_status":"closed","ping_status":"closed","template":"","meta":{"footnotes":""},"folder":[],"class_list":["post-3547","page","type-page","status-publish","hentry"],"rttpg_featured_image_url":null,"rttpg_author":{"display_name":"ies.lazarocardenas.colladovillalba","author_link":"https:\/\/site.educa.madrid.org\/ies.lazarocardenas.colladovillalba\/index.php\/author\/cuenta_ies-lazarocardenas-colladovillalba\/"},"rttpg_comment":0,"rttpg_category":false,"rttpg_excerpt":"PROYECTO ERASMUS+: \u201cCircular economy: rethinking the world from school\u201d. El I.E.S. L\u00e1zaro C\u00e1rdenas est\u00e1 comprometido con la educaci\u00f3n ambiental en la que se basan diferentes proyectos de centro como son el huerto escolar, el trabajo sobre arom\u00e1ticas y polinizadores de manera transversal o la recogida selectiva de residuos y compostaje. A estos proyectos queremos sumar&hellip;","post_mailing_queue_ids":[],"_links":{"self":[{"href":"https:\/\/site.educa.madrid.org\/ies.lazarocardenas.colladovillalba\/index.php\/wp-json\/wp\/v2\/pages\/3547","targetHints":{"allow":["GET"]}}],"collection":[{"href":"https:\/\/site.educa.madrid.org\/ies.lazarocardenas.colladovillalba\/index.php\/wp-json\/wp\/v2\/pages"}],"about":[{"href":"https:\/\/site.educa.madrid.org\/ies.lazarocardenas.colladovillalba\/index.php\/wp-json\/wp\/v2\/types\/page"}],"author":[{"embeddable":true,"href":"https:\/\/site.educa.madrid.org\/ies.lazarocardenas.colladovillalba\/index.php\/wp-json\/wp\/v2\/users\/3"}],"replies":[{"embeddable":true,"href":"https:\/\/site.educa.madrid.org\/ies.lazarocardenas.colladovillalba\/index.php\/wp-json\/wp\/v2\/comments?post=3547"}],"version-history":[{"count":37,"href":"https:\/\/site.educa.madrid.org\/ies.lazarocardenas.colladovillalba\/index.php\/wp-json\/wp\/v2\/pages\/3547\/revisions"}],"predecessor-version":[{"id":5287,"href":"https:\/\/site.educa.madrid.org\/ies.lazarocardenas.colladovillalba\/index.php\/wp-json\/wp\/v2\/pages\/3547\/revisions\/5287"}],"wp:attachment":[{"href":"https:\/\/site.educa.madrid.org\/ies.lazarocardenas.colladovillalba\/index.php\/wp-json\/wp\/v2\/media?parent=3547"}],"wp:term":[{"taxonomy":"folder","embeddable":true,"href":"https:\/\/site.educa.madrid.org\/ies.lazarocardenas.colladovillalba\/index.php\/wp-json\/wp\/v2\/folder?post=3547"}],"curies":[{"name":"wp","href":"https:\/\/api.w.org\/{rel}","templated":true}]}}