{"id":3684,"date":"2022-09-23T16:37:36","date_gmt":"2022-09-23T14:37:36","guid":{"rendered":"https:\/\/site.educa.madrid.org\/ies.lazarocardenas.colladovillalba\/?page_id=3684"},"modified":"2026-04-07T10:20:04","modified_gmt":"2026-04-07T08:20:04","slug":"practicas-erasmus-grado-superior","status":"publish","type":"page","link":"https:\/\/site.educa.madrid.org\/ies.lazarocardenas.colladovillalba\/index.php\/practicas-erasmus-grado-superior\/","title":{"rendered":"Pr\u00e1cticas Erasmus Grado Superior"},"content":{"rendered":"<div id=\"pl-3684\"  class=\"panel-layout\" ><div id=\"pg-3684-0\"  class=\"panel-grid panel-has-style\" ><div class=\"so-parallax siteorigin-panels-stretch panel-row-style panel-row-style-for-3684-0\" data-stretch-type=\"full-width-stretch\" ><img fetchpriority=\"high\" decoding=\"async\" width=\"1440\" height=\"493\" src=\"https:\/\/site.educa.madrid.org\/ies.lazarocardenas.colladovillalba\/\/wp-content\/uploads\/ies.lazarocardenas.colladovillalba\/2022\/07\/Conoce-nuestro-programa.png\" class=\"attachment-full size-full\" alt=\"\" data-siteorigin-parallax=\"true\" loading=\"eager\" srcset=\"https:\/\/site.educa.madrid.org\/ies.lazarocardenas.colladovillalba\/\/wp-content\/uploads\/ies.lazarocardenas.colladovillalba\/2022\/07\/Conoce-nuestro-programa.png 1440w, https:\/\/site.educa.madrid.org\/ies.lazarocardenas.colladovillalba\/\/wp-content\/uploads\/ies.lazarocardenas.colladovillalba\/2022\/07\/Conoce-nuestro-programa-300x103.png 300w, https:\/\/site.educa.madrid.org\/ies.lazarocardenas.colladovillalba\/\/wp-content\/uploads\/ies.lazarocardenas.colladovillalba\/2022\/07\/Conoce-nuestro-programa-1024x351.png 1024w, https:\/\/site.educa.madrid.org\/ies.lazarocardenas.colladovillalba\/\/wp-content\/uploads\/ies.lazarocardenas.colladovillalba\/2022\/07\/Conoce-nuestro-programa-768x263.png 768w\" sizes=\"100vw\" \/><div id=\"pgc-3684-0-0\"  class=\"panel-grid-cell panel-grid-cell-empty\" ><\/div><\/div><\/div><div id=\"pg-3684-1\"  class=\"panel-grid panel-has-style\" ><div class=\"siteorigin-panels-stretch panel-row-style panel-row-style-for-3684-1\" data-stretch-type=\"full-width-stretch\" ><div id=\"pgc-3684-1-0\"  class=\"panel-grid-cell\" ><div id=\"panel-3684-1-0-0\" class=\"so-panel widget widget_sow-image panel-first-child panel-last-child\" data-index=\"0\" ><div\n\t\t\t\n\t\t\tclass=\"so-widget-sow-image so-widget-sow-image-default-c67d20f9f743-3684\"\n\t\t\t\n\t\t>\n\n<div class=\"sow-image-container\">\n\t\t<img loading=\"lazy\" decoding=\"async\" src=\"https:\/\/site.educa.madrid.org\/ies.lazarocardenas.colladovillalba\/\/wp-content\/uploads\/ies.lazarocardenas.colladovillalba\/2022\/07\/erasmus-1.jpeg\" width=\"282\" height=\"114\" sizes=\"auto, (max-width: 282px) 100vw, 282px\" title=\"erasmus (1)\" alt=\"\" \t\tclass=\"so-widget-image\"\/>\n\t<\/div>\n\n<\/div><\/div><\/div><div id=\"pgc-3684-1-1\"  class=\"panel-grid-cell\" ><div id=\"panel-3684-1-1-0\" class=\"so-panel widget widget_sow-image panel-first-child panel-last-child\" data-index=\"1\" ><div\n\t\t\t\n\t\t\tclass=\"so-widget-sow-image so-widget-sow-image-default-c67d20f9f743-3684\"\n\t\t\t\n\t\t>\n\n<div class=\"sow-image-container\">\n\t\t<img loading=\"lazy\" decoding=\"async\" src=\"https:\/\/site.educa.madrid.org\/ies.lazarocardenas.colladovillalba\/\/wp-content\/uploads\/ies.lazarocardenas.colladovillalba\/2022\/07\/logo_pap_erasmus.png\" width=\"192\" height=\"85\" sizes=\"auto, (max-width: 192px) 100vw, 192px\" alt=\"\" \t\tclass=\"so-widget-image\"\/>\n\t<\/div>\n\n<\/div><\/div><\/div><div id=\"pgc-3684-1-2\"  class=\"panel-grid-cell\" ><div id=\"panel-3684-1-2-0\" class=\"so-panel widget widget_sow-image panel-first-child panel-last-child\" data-index=\"2\" ><div\n\t\t\t\n\t\t\tclass=\"so-widget-sow-image so-widget-sow-image-default-c67d20f9f743-3684\"\n\t\t\t\n\t\t>\n\n<div class=\"sow-image-container\">\n\t\t<img loading=\"lazy\" decoding=\"async\" src=\"https:\/\/site.educa.madrid.org\/ies.lazarocardenas.colladovillalba\/\/wp-content\/uploads\/ies.lazarocardenas.colladovillalba\/2022\/07\/image-6.png\" width=\"197\" height=\"140\" sizes=\"auto, (max-width: 197px) 100vw, 197px\" title=\"image 6\" alt=\"\" \t\tclass=\"so-widget-image\"\/>\n\t<\/div>\n\n<\/div><\/div><\/div><\/div><\/div><div id=\"pg-3684-2\"  class=\"panel-grid panel-has-style\" ><div class=\"siteorigin-panels-stretch panel-row-style panel-row-style-for-3684-2\" data-stretch-type=\"full-width-stretch\" ><div id=\"pgc-3684-2-0\"  class=\"panel-grid-cell\" ><div id=\"panel-3684-2-0-0\" class=\"so-panel widget widget_text panel-first-child\" data-index=\"3\" ><h3 class=\"widget-title\">PROYECTO ERASMUS 2024-1-ES01-KA131-HED-000197251<\/h3>\t\t\t<div class=\"textwidget\"><p style=\"font-size: 20px;\">Nuestro centro ha sido seleccionado para llevar a cabo un proyecto Erasmus+ que permitir\u00e1 a estudiantes y personal docente experimentar oportunidades de aprendizaje y desarrollo en el \u00e1mbito internacional.<\/p>\n<p style=\"font-size: 20px;\">\nEste proyecto fomenta la movilidad f\u00edsica y mixta (blendedmobility) de estudiantes y personal de educaci\u00f3n superior, tanto de los Estados Miembros de la UE como de pa\u00edses asociados al programa Erasmus+, hacia cualquier parte del mundo.<\/p>\n<p style=\"font-size: 20px;\">\nEstudiantes de todas las familias profesionales del IES L\u00e1zaro C\u00e1rdenas podr\u00e1n participar en per\u00edodos de estudios o pr\u00e1cticas en el extranjero, ampliando su formaci\u00f3n y sus horizontes personales, mientras que el personal docente y administrativo tendr\u00e1n la oportunidad de involucrarse en actividades de desarrollo profesional en el extranjero.<\/p>\n<p style=\"font-size: 20px;\">\nEl proyecto cuenta con un <strong>presupuesto de 26.588 \u20ac<\/strong>, destinado a financiar la movilidad de <strong>10 estudiantes y 2 profesores<\/strong>, durante los cursos 2024-25 y 2025-26, asegurando que puedan disfrutar de una experiencia educativa y cultural enriquecedora. Se ir\u00e1 informando regularmente de las diferentes fases del proceso de selecci\u00f3n de participantes.<\/p>\n<p style=\"font-size: 20px;\">Con este programa, reafirmamos nuestro compromiso con una educaci\u00f3n global, inclusiva y de calidad.<\/p>\n<p style=\"font-size: 20px;\">\n<\/div>\n\t\t<\/div><div id=\"panel-3684-2-0-1\" class=\"so-panel widget widget_text panel-last-child\" data-index=\"4\" >\t\t\t<div class=\"textwidget\"><p style=\"font-size: 20px;\"><strong><a href=\"https:\/\/site.educa.madrid.org\/ies.lazarocardenas.colladovillalba\/\/wp-content\/uploads\/ies.lazarocardenas.colladovillalba\/2026\/04\/Declaracion-de-Politicas-Erasmus.pdf\">Descarga aqu\u00ed la pol\u00edtica Erasmus del IES L\u00e1zaro C\u00e1rdenas<\/a><\/strong><\/p>\n<\/div>\n\t\t<\/div><\/div><\/div><\/div><div id=\"pg-3684-3\"  class=\"panel-grid panel-has-style\" ><div class=\"siteorigin-panels-stretch panel-row-style panel-row-style-for-3684-3\" data-stretch-type=\"full-width-stretch\" ><div id=\"pgc-3684-3-0\"  class=\"panel-grid-cell\" ><div class=\"panel-cell-style panel-cell-style-for-3684-3-0\" ><div id=\"panel-3684-3-0-0\" class=\"so-panel widget widget_text panel-first-child panel-last-child\" data-index=\"5\" >\t\t\t<div class=\"textwidget\"><p style=\"font-size: 28px;\"><strong>Pr\u00e1cticas Erasmus<\/strong><\/p>\n<p style=\"font-size: 20px;\">En el actual sistema educativo en todos los ciclos de Formaci\u00f3n se realiza un trimestre de pr\u00e1cticas en empresas, m\u00f3dulo profesional de Formaci\u00f3n en Centros de Trabajo (FCT). Este m\u00f3dulo se eval\u00faa y figura en el expediente del alumno con el correspondiente reconocimiento de cr\u00e9ditos en el desarrollo del t\u00edtulo (22 cr\u00e9ditos)<\/p>\n<p style=\"font-size: 20px;\">Ya que forman parte de los cr\u00e9ditos que debe realizar los alumnos para obtener el t\u00edtulo son obligatorias y no remuneradas. Tienen una duraci\u00f3n de 370 horas y durante un trimestre los alumnos no asisten a clase al centro y deben amoldar su horario a las jornadas laborales de las empresas.<\/p>\n<p style=\"font-size: 20px;\">De esta forma se consigue un doble objetivo: insertarse en un entorno real de trabajo para aprender a mantener una adecuada comunicaci\u00f3n con el entorno profesional, integr\u00e1ndose en el sistema jer\u00e1rquico de la empresa y de otra parte completar la formaci\u00f3n de las competencias profesionales conseguidas en el centro educativo, adquiriendo conocimientos de la organizaci\u00f3n productiva y del sistema de relaciones que se generan en un entorno de trabajo.<\/p>\n<p style=\"font-size: 20px;\">Este m\u00f3dulo profesional de FCT puede realizarse en otros pa\u00edses de la uni\u00f3n Europea gracias al programa Erasmus en el que centro participa. Mediante este programa se realizan estas pr\u00e1cticas con el reconocimiento autom\u00e1tico de los cr\u00e9ditos y los estudiantes obtiene el certificado EUROPASS.<\/p>\n<\/div>\n\t\t<\/div><\/div><\/div><div id=\"pgc-3684-3-1\"  class=\"panel-grid-cell\" ><div id=\"panel-3684-3-1-0\" class=\"so-panel widget widget_text panel-first-child panel-last-child\" data-index=\"6\" >\t\t\t<div class=\"textwidget\"><p style=\"font-size: 28px;\"><strong>Erasmus training<\/strong><\/p>\n<p style=\"font-size: 20px;\">In the current educational system, students have to spend three months training in a company. This task is known as \u00abOn the job training\u00bb and is one more subject that also is evaluated. The score will be recorded in the student file, with the corresponding recognition of credits (22 credits)<\/p>\n<p style=\"font-size: 20px;\">The internship is compulsory and the students do not earn any amount for it. It takes 370 hours and throughout this period (about 10 weeks) the students don\u2019t have to stay in the institute. On the contrary, they have to adapt their working day to the company\u2019s working day.<\/p>\n<p style=\"font-size: 20px;\">So, two goals can be achieved, first: to insert them in a real environment of work, learning to have a professional communication, and also integrating in a hierarchical structure. The second goal is to complete their training, applying the knowledge they have gained in the classroom. Moreover, the students will get a new knowledge of the technical and social relationships in a productive organization. In a word, they will get a new and useful experience.<\/p>\n<p style=\"font-size: 20px;\">This professional task of \u00abOn the job training\u00bb can be can be done in other European Union countries under The ERASMUS programme in which our centre participates. The program will perform this training with the automatic recognition of credits and give the students the EUROPASS certificate.<\/p>\n<\/div>\n\t\t<\/div><\/div><\/div><\/div><\/div>","protected":false},"excerpt":{"rendered":"<p>PROYECTO ERASMUS 2024-1-ES01-KA131-HED-000197251 Nuestro centro ha sido seleccionado para llevar a cabo un proyecto Erasmus+ que permitir\u00e1 a estudiantes y personal docente experimentar oportunidades de aprendizaje y desarrollo en el \u00e1mbito internacional. Este proyecto fomenta la movilidad f\u00edsica y mixta (blendedmobility) de estudiantes y personal de educaci\u00f3n superior, tanto de los Estados Miembros de la &hellip; <\/p>\n<p class=\"link-more\"><a href=\"https:\/\/site.educa.madrid.org\/ies.lazarocardenas.colladovillalba\/index.php\/practicas-erasmus-grado-superior\/\" class=\"more-link\">Continuar leyendo<span class=\"screen-reader-text\"> \u00abPr\u00e1cticas Erasmus Grado Superior\u00bb<\/span><\/a><\/p>\n","protected":false},"author":3,"featured_media":0,"parent":0,"menu_order":0,"comment_status":"closed","ping_status":"closed","template":"","meta":{"footnotes":""},"folder":[],"class_list":["post-3684","page","type-page","status-publish","hentry"],"rttpg_featured_image_url":null,"rttpg_author":{"display_name":"ies.lazarocardenas.colladovillalba","author_link":"https:\/\/site.educa.madrid.org\/ies.lazarocardenas.colladovillalba\/index.php\/author\/cuenta_ies-lazarocardenas-colladovillalba\/"},"rttpg_comment":0,"rttpg_category":false,"rttpg_excerpt":"PROYECTO ERASMUS 2024-1-ES01-KA131-HED-000197251 Nuestro centro ha sido seleccionado para llevar a cabo un proyecto Erasmus+ que permitir\u00e1 a estudiantes y personal docente experimentar oportunidades de aprendizaje y desarrollo en el \u00e1mbito internacional. Este proyecto fomenta la movilidad f\u00edsica y mixta (blendedmobility) de estudiantes y personal de educaci\u00f3n superior, tanto de los Estados Miembros de la&hellip;","post_mailing_queue_ids":[],"_links":{"self":[{"href":"https:\/\/site.educa.madrid.org\/ies.lazarocardenas.colladovillalba\/index.php\/wp-json\/wp\/v2\/pages\/3684","targetHints":{"allow":["GET"]}}],"collection":[{"href":"https:\/\/site.educa.madrid.org\/ies.lazarocardenas.colladovillalba\/index.php\/wp-json\/wp\/v2\/pages"}],"about":[{"href":"https:\/\/site.educa.madrid.org\/ies.lazarocardenas.colladovillalba\/index.php\/wp-json\/wp\/v2\/types\/page"}],"author":[{"embeddable":true,"href":"https:\/\/site.educa.madrid.org\/ies.lazarocardenas.colladovillalba\/index.php\/wp-json\/wp\/v2\/users\/3"}],"replies":[{"embeddable":true,"href":"https:\/\/site.educa.madrid.org\/ies.lazarocardenas.colladovillalba\/index.php\/wp-json\/wp\/v2\/comments?post=3684"}],"version-history":[{"count":39,"href":"https:\/\/site.educa.madrid.org\/ies.lazarocardenas.colladovillalba\/index.php\/wp-json\/wp\/v2\/pages\/3684\/revisions"}],"predecessor-version":[{"id":7716,"href":"https:\/\/site.educa.madrid.org\/ies.lazarocardenas.colladovillalba\/index.php\/wp-json\/wp\/v2\/pages\/3684\/revisions\/7716"}],"wp:attachment":[{"href":"https:\/\/site.educa.madrid.org\/ies.lazarocardenas.colladovillalba\/index.php\/wp-json\/wp\/v2\/media?parent=3684"}],"wp:term":[{"taxonomy":"folder","embeddable":true,"href":"https:\/\/site.educa.madrid.org\/ies.lazarocardenas.colladovillalba\/index.php\/wp-json\/wp\/v2\/folder?post=3684"}],"curies":[{"name":"wp","href":"https:\/\/api.w.org\/{rel}","templated":true}]}}