{"id":3842,"date":"2022-09-26T20:03:24","date_gmt":"2022-09-26T18:03:24","guid":{"rendered":"https:\/\/site.educa.madrid.org\/ies.lazarocardenas.colladovillalba\/?page_id=3842"},"modified":"2024-03-05T17:13:03","modified_gmt":"2024-03-05T16:13:03","slug":"revista-ies","status":"publish","type":"page","link":"https:\/\/site.educa.madrid.org\/ies.lazarocardenas.colladovillalba\/index.php\/revista-ies\/","title":{"rendered":"Revista IES"},"content":{"rendered":"<div id=\"pl-3842\"  class=\"panel-layout\" ><div id=\"pg-3842-0\"  class=\"panel-grid panel-has-style\" ><div class=\"so-parallax siteorigin-panels-stretch panel-row-style panel-row-style-for-3842-0\" data-stretch-type=\"full-stretched-padded\" ><img fetchpriority=\"high\" decoding=\"async\" width=\"1440\" height=\"395\" src=\"https:\/\/site.educa.madrid.org\/ies.lazarocardenas.colladovillalba\/\/wp-content\/uploads\/ies.lazarocardenas.colladovillalba\/2022\/07\/historia-del-centro.png\" class=\"attachment-full size-full\" alt=\"\" data-siteorigin-parallax=\"true\" loading=\"eager\" srcset=\"https:\/\/site.educa.madrid.org\/ies.lazarocardenas.colladovillalba\/\/wp-content\/uploads\/ies.lazarocardenas.colladovillalba\/2022\/07\/historia-del-centro.png 1440w, https:\/\/site.educa.madrid.org\/ies.lazarocardenas.colladovillalba\/\/wp-content\/uploads\/ies.lazarocardenas.colladovillalba\/2022\/07\/historia-del-centro-300x82.png 300w, https:\/\/site.educa.madrid.org\/ies.lazarocardenas.colladovillalba\/\/wp-content\/uploads\/ies.lazarocardenas.colladovillalba\/2022\/07\/historia-del-centro-1024x281.png 1024w, https:\/\/site.educa.madrid.org\/ies.lazarocardenas.colladovillalba\/\/wp-content\/uploads\/ies.lazarocardenas.colladovillalba\/2022\/07\/historia-del-centro-768x211.png 768w\" sizes=\"100vw\" \/><div id=\"pgc-3842-0-0\"  class=\"panel-grid-cell panel-grid-cell-empty\" ><\/div><\/div><\/div><div id=\"pg-3842-1\"  class=\"panel-grid panel-has-style\" ><div class=\"siteorigin-panels-stretch panel-row-style panel-row-style-for-3842-1\" data-stretch-type=\"full-stretched-padded\" ><div id=\"pgc-3842-1-0\"  class=\"panel-grid-cell\" ><div id=\"panel-3842-1-0-0\" class=\"so-panel widget widget_text panel-first-child\" data-index=\"0\" >\t\t\t<div class=\"textwidget\"><p style=\"font-size: 20px;\">El curso 2012-13 se puso nuevamente en marcha la revista del centro. Con nuevo nombre e ilusiones renovadas sali\u00f3 a la luz el primer n\u00famero en el mes de Junio. Desde aqu\u00ed puedes descargarte antiguos ejemplares en PDF y, si quieres participar, contacta con Bel\u00e9n Campano (Dpto. de Lengua) o Jose Luis Toledano (Dpto. Pl\u00e1stica).<\/p>\n<\/div>\n\t\t<\/div><div id=\"panel-3842-1-0-1\" class=\"so-panel widget widget_sow-button\" data-index=\"1\" ><div\n\t\t\t\n\t\t\tclass=\"so-widget-sow-button so-widget-sow-button-wire-580dc0077b69-3842\"\n\t\t\t\n\t\t><div class=\"ow-button-base ow-button-align-center\">\n\t<a\n\thref=\"https:\/\/site.educa.madrid.org\/ies.lazarocardenas.colladovillalba\/\/wp-content\/uploads\/ies.lazarocardenas.colladovillalba\/2023\/01\/REVISTA-no-5.-Curso-2019-2020.pdf\"\n\t\tclass=\"ow-icon-placement-left ow-button-hover\" target=\"_blank\" rel=\"noopener noreferrer\" \t>\n\t\t<span>\n\t\t\t<span class=\"sow-icon-elegantline\" data-sow-icon=\"&#xe04d;\"\n\t\tstyle=\"color: #e34353\" \n\t\taria-hidden=\"true\"><\/span>\n\t\t\t5. Curso 19-20\t\t<\/span>\n\t<\/a>\n<\/div>\n<\/div><\/div><div id=\"panel-3842-1-0-2\" class=\"so-panel widget widget_sow-button\" data-index=\"2\" ><div\n\t\t\t\n\t\t\tclass=\"so-widget-sow-button so-widget-sow-button-wire-580dc0077b69-3842\"\n\t\t\t\n\t\t><div class=\"ow-button-base ow-button-align-center\">\n\t<a\n\thref=\"https:\/\/site.educa.madrid.org\/ies.lazarocardenas.colladovillalba\/\/wp-content\/uploads\/ies.lazarocardenas.colladovillalba\/2023\/01\/REVISTA-no-4.-Curso-2018-19.pdf\"\n\t\tclass=\"ow-icon-placement-left ow-button-hover\" target=\"_blank\" rel=\"noopener noreferrer\" \t>\n\t\t<span>\n\t\t\t<span class=\"sow-icon-elegantline\" data-sow-icon=\"&#xe04d;\"\n\t\tstyle=\"color: #e34353\" \n\t\taria-hidden=\"true\"><\/span>\n\t\t\t4. Curso 18-19\t\t<\/span>\n\t<\/a>\n<\/div>\n<\/div><\/div><div id=\"panel-3842-1-0-3\" class=\"so-panel widget widget_sow-button\" data-index=\"3\" ><div\n\t\t\t\n\t\t\tclass=\"so-widget-sow-button so-widget-sow-button-wire-580dc0077b69-3842\"\n\t\t\t\n\t\t><div class=\"ow-button-base ow-button-align-center\">\n\t<a\n\thref=\"#\"\n\t\tclass=\"ow-icon-placement-left ow-button-hover\" target=\"_blank\" rel=\"noopener noreferrer\" \t>\n\t\t<span>\n\t\t\t<span class=\"sow-icon-elegantline\" data-sow-icon=\"&#xe04d;\"\n\t\tstyle=\"color: #e34353\" \n\t\taria-hidden=\"true\"><\/span>\n\t\t\t3. Curso 17-18\t\t<\/span>\n\t<\/a>\n<\/div>\n<\/div><\/div><div id=\"panel-3842-1-0-4\" class=\"so-panel widget widget_sow-button\" data-index=\"4\" ><div\n\t\t\t\n\t\t\tclass=\"so-widget-sow-button so-widget-sow-button-wire-580dc0077b69-3842\"\n\t\t\t\n\t\t><div class=\"ow-button-base ow-button-align-center\">\n\t<a\n\thref=\"#\"\n\t\tclass=\"ow-icon-placement-left ow-button-hover\" target=\"_blank\" rel=\"noopener noreferrer\" \t>\n\t\t<span>\n\t\t\t<span class=\"sow-icon-elegantline\" data-sow-icon=\"&#xe04d;\"\n\t\tstyle=\"color: #e34353\" \n\t\taria-hidden=\"true\"><\/span>\n\t\t\t2. Curso 13-14\t\t<\/span>\n\t<\/a>\n<\/div>\n<\/div><\/div><div id=\"panel-3842-1-0-5\" class=\"so-panel widget widget_sow-button panel-last-child\" data-index=\"5\" ><div\n\t\t\t\n\t\t\tclass=\"so-widget-sow-button so-widget-sow-button-wire-580dc0077b69-3842\"\n\t\t\t\n\t\t><div class=\"ow-button-base ow-button-align-center\">\n\t<a\n\thref=\"#\"\n\t\tclass=\"ow-icon-placement-left ow-button-hover\" target=\"_blank\" rel=\"noopener noreferrer\" \t>\n\t\t<span>\n\t\t\t<span class=\"sow-icon-elegantline\" data-sow-icon=\"&#xe04d;\"\n\t\tstyle=\"color: #e34353\" \n\t\taria-hidden=\"true\"><\/span>\n\t\t\t1. Curso 12-13\t\t<\/span>\n\t<\/a>\n<\/div>\n<\/div><\/div><\/div><\/div><\/div><\/div>","protected":false},"excerpt":{"rendered":"<p>El curso 2012-13 se puso nuevamente en marcha la revista del centro. Con nuevo nombre e ilusiones renovadas sali\u00f3 a la luz el primer n\u00famero en el mes de Junio. Desde aqu\u00ed puedes descargarte antiguos ejemplares en PDF y, si quieres participar, contacta con Bel\u00e9n Campano (Dpto. de Lengua) o Jose Luis Toledano (Dpto. Pl\u00e1stica).<\/p>\n","protected":false},"author":3,"featured_media":0,"parent":0,"menu_order":0,"comment_status":"closed","ping_status":"closed","template":"","meta":{"footnotes":""},"folder":[],"class_list":["post-3842","page","type-page","status-publish","hentry"],"rttpg_featured_image_url":null,"rttpg_author":{"display_name":"ies.lazarocardenas.colladovillalba","author_link":"https:\/\/site.educa.madrid.org\/ies.lazarocardenas.colladovillalba\/index.php\/author\/cuenta_ies-lazarocardenas-colladovillalba\/"},"rttpg_comment":0,"rttpg_category":false,"rttpg_excerpt":"El curso 2012-13 se puso nuevamente en marcha la revista del centro. Con nuevo nombre e ilusiones renovadas sali\u00f3 a la luz el primer n\u00famero en el mes de Junio. Desde aqu\u00ed puedes descargarte antiguos ejemplares en PDF y, si quieres participar, contacta con Bel\u00e9n Campano (Dpto. de Lengua) o Jose Luis Toledano (Dpto. Pl\u00e1stica).","post_mailing_queue_ids":[],"_links":{"self":[{"href":"https:\/\/site.educa.madrid.org\/ies.lazarocardenas.colladovillalba\/index.php\/wp-json\/wp\/v2\/pages\/3842","targetHints":{"allow":["GET"]}}],"collection":[{"href":"https:\/\/site.educa.madrid.org\/ies.lazarocardenas.colladovillalba\/index.php\/wp-json\/wp\/v2\/pages"}],"about":[{"href":"https:\/\/site.educa.madrid.org\/ies.lazarocardenas.colladovillalba\/index.php\/wp-json\/wp\/v2\/types\/page"}],"author":[{"embeddable":true,"href":"https:\/\/site.educa.madrid.org\/ies.lazarocardenas.colladovillalba\/index.php\/wp-json\/wp\/v2\/users\/3"}],"replies":[{"embeddable":true,"href":"https:\/\/site.educa.madrid.org\/ies.lazarocardenas.colladovillalba\/index.php\/wp-json\/wp\/v2\/comments?post=3842"}],"version-history":[{"count":11,"href":"https:\/\/site.educa.madrid.org\/ies.lazarocardenas.colladovillalba\/index.php\/wp-json\/wp\/v2\/pages\/3842\/revisions"}],"predecessor-version":[{"id":6381,"href":"https:\/\/site.educa.madrid.org\/ies.lazarocardenas.colladovillalba\/index.php\/wp-json\/wp\/v2\/pages\/3842\/revisions\/6381"}],"wp:attachment":[{"href":"https:\/\/site.educa.madrid.org\/ies.lazarocardenas.colladovillalba\/index.php\/wp-json\/wp\/v2\/media?parent=3842"}],"wp:term":[{"taxonomy":"folder","embeddable":true,"href":"https:\/\/site.educa.madrid.org\/ies.lazarocardenas.colladovillalba\/index.php\/wp-json\/wp\/v2\/folder?post=3842"}],"curies":[{"name":"wp","href":"https:\/\/api.w.org\/{rel}","templated":true}]}}