{"id":3984,"date":"2022-09-27T14:58:50","date_gmt":"2022-09-27T12:58:50","guid":{"rendered":"https:\/\/site.educa.madrid.org\/ies.lazarocardenas.colladovillalba\/?page_id=3984"},"modified":"2024-03-05T17:01:20","modified_gmt":"2024-03-05T16:01:20","slug":"estancia-profesional-kufstein-curso-2013-14","status":"publish","type":"page","link":"https:\/\/site.educa.madrid.org\/ies.lazarocardenas.colladovillalba\/index.php\/estancia-profesional-kufstein-curso-2013-14\/","title":{"rendered":"Estancia profesional Kufstein (curso 2013\/14)"},"content":{"rendered":"<div id=\"pl-3984\"  class=\"panel-layout\" ><div id=\"pg-3984-0\"  class=\"panel-grid panel-has-style\" ><div class=\"so-parallax siteorigin-panels-stretch panel-row-style panel-row-style-for-3984-0\" data-stretch-type=\"full-stretched-padded\" ><img fetchpriority=\"high\" decoding=\"async\" width=\"1440\" height=\"493\" src=\"https:\/\/site.educa.madrid.org\/ies.lazarocardenas.colladovillalba\/\/wp-content\/uploads\/ies.lazarocardenas.colladovillalba\/2022\/07\/Conoce-nuestro-programa.png\" class=\"attachment-full size-full\" alt=\"\" data-siteorigin-parallax=\"true\" loading=\"eager\" srcset=\"https:\/\/site.educa.madrid.org\/ies.lazarocardenas.colladovillalba\/\/wp-content\/uploads\/ies.lazarocardenas.colladovillalba\/2022\/07\/Conoce-nuestro-programa.png 1440w, https:\/\/site.educa.madrid.org\/ies.lazarocardenas.colladovillalba\/\/wp-content\/uploads\/ies.lazarocardenas.colladovillalba\/2022\/07\/Conoce-nuestro-programa-300x103.png 300w, https:\/\/site.educa.madrid.org\/ies.lazarocardenas.colladovillalba\/\/wp-content\/uploads\/ies.lazarocardenas.colladovillalba\/2022\/07\/Conoce-nuestro-programa-1024x351.png 1024w, https:\/\/site.educa.madrid.org\/ies.lazarocardenas.colladovillalba\/\/wp-content\/uploads\/ies.lazarocardenas.colladovillalba\/2022\/07\/Conoce-nuestro-programa-768x263.png 768w\" sizes=\"100vw\" \/><div id=\"pgc-3984-0-0\"  class=\"panel-grid-cell panel-grid-cell-empty\" ><\/div><\/div><\/div><div id=\"pg-3984-1\"  class=\"panel-grid panel-has-style\" ><div class=\"siteorigin-panels-stretch panel-row-style panel-row-style-for-3984-1\" data-stretch-type=\"full-stretched-padded\" ><div id=\"pgc-3984-1-0\"  class=\"panel-grid-cell\" ><div id=\"panel-3984-1-0-0\" class=\"so-panel widget widget_text panel-first-child\" data-index=\"0\" >\t\t\t<div class=\"textwidget\"><p style=\"font-size: 20px;\">Soledad Outes, profesora del departamento de ingl\u00e9s, ha realizado una Estancia Profesional de dos semanas en el centro austr\u00edaco HLW Kufstein, situado en la ciudad de Kufstein. Este programa, subvencionado por el Ministerio de Educaci\u00f3n, Cultura y Deporte, tiene como objetivo la mejora de las competencias profesionales de los participantes, tanto de su \u00e1rea espec\u00edfica como de las lenguas de uso durante la estancia para promover as\u00ed el aprendizaje de lenguas extranjeras y en lengua extranjera y la participaci\u00f3n en la vida de un centro escolar europeo mediante la observaci\u00f3n de la pr\u00e1ctica docente en el aula, la participaci\u00f3n coordinada en la docencia, el estudio de medidas de acompa\u00f1amiento para el alumnado o el an\u00e1lisis de procedimientos de evaluaci\u00f3n, orientaci\u00f3n y direcci\u00f3n de centros.<\/p>\n<p style=\"font-size: 20px;\">El centro HLW Kufstein, que acoge a 500 alumnos y 70 profesores, est\u00e1 especializado en Hosteler\u00eda y Negocios y el alumnado, mujeres en su gran mayor\u00eda, recibe una s\u00f3lida formaci\u00f3n en Cocina, Hosteler\u00eda, Administraci\u00f3n, Salud y Nutrici\u00f3n e idiomas, adem\u00e1s de formaci\u00f3n en materias que se encuentran tradicionalmente en el curr\u00edculum de secundaria y bachillerato, Qu\u00edmica, F\u00edsica, Educaci\u00f3n F\u00edsica, Inform\u00e1tica, Matem\u00e1ticas, Lengua y Literatura, M\u00fasica y Filosof\u00eda, lo que les permite recibir una excelente preparaci\u00f3n durante los cinco a\u00f1os que los estudiantes permanecen en el centro, entre los 14 y los 19 a\u00f1os.<\/p>\n<p style=\"font-size: 20px;\">Al finalizar los estudios, los alumnos pueden acceder a la Universidad o al mundo laboral.<\/p>\n<p style=\"font-size: 20px;\">El centro pertenece a la Red de Escuelas Asociadas de la Unesco desde el a\u00f1o 2005 y tambi\u00e9n ha recibido la distinci\u00f3n Eco-Etiqueta en el a\u00f1o 2011 por su compromiso con la sostenibilidad que garantiza que todos los ingredientes utilizados en las comidas que se sirven diariamente en el comedor del centro son de origen biol\u00f3gico.<\/p>\n<p style=\"font-size: 20px;\"><strong>Informaci\u00f3n de Kufstein:<\/strong><\/p>\n<p style=\"font-size: 20px;\">El centro educativo se encuentra situado en Kufstein, un hermoso pueblo del Tirol austr\u00edaco que cuenta con una poblaci\u00f3n de 17.500 habitantes. La ciudad se encuentra situada en un bello paraje rodeado de monta\u00f1as que atrae un gran n\u00famero de turistas tanto en temporada veraniega como invernal. Asimismo, cuenta con un rico pasado hist\u00f3rico y monumentos de gran valor como la fortaleza del siglo XIII en la que se encuentra el mayor \u00f3rgano al aire libre del mundo (Heldenorgel), un centro hist\u00f3rico de gran belleza (Altdstat), la iglesia de san Vito del siglo XIV o los restos de la muralla que todav\u00eda se encuentran a la orilla del r\u00edo. Su situaci\u00f3n geogr\u00e1fica, muy cercana a Innsbruck y Salzburgo y a la ciudad alemana de Munich, incrementan su inter\u00e9s tur\u00edstico y cultural.<\/p>\n<p style=\"font-size: 20px;\">Adem\u00e1s de sus encantos naturales, Kufstein tiene un s\u00f3lido tejido industrial y cultural. Riedl, la empresa fabricante de cristal, tiene su sede en esta ciudad y tambi\u00e9n se encuentra la Fachhochschule, una prestigiosa universidad internacional de Ciencias Aplicadas.<\/p>\n<p style=\"font-size: 20px;\"><strong>Grado de cumplimiento de los objetivos del Programa:<\/strong><\/p>\n<p style=\"font-size: 20px;\">De acuerdo con la invitaci\u00f3n recibida, la estancia profesional ten\u00eda como objetivo incrementar la cooperaci\u00f3n y el conocimiento mutuo entre los colegios y acentuar la dimensi\u00f3n europea de nuestros programas educativos prestando especial atenci\u00f3n a la ense\u00f1anza de espa\u00f1ol e ingl\u00e9s.<\/p>\n<\/div>\n\t\t<\/div><div id=\"panel-3984-1-0-1\" class=\"so-panel widget widget_sow-image-grid panel-last-child\" data-index=\"1\" ><div\n\t\t\t\n\t\t\tclass=\"so-widget-sow-image-grid so-widget-sow-image-grid-default-8bf08a9600e8-3984\"\n\t\t\t\n\t\t>\t<div\n\t\tclass=\"sow-image-grid-wrapper\"\n\t\tdata-max-width=\"450\"\t\tdata-max-height=\"450\"\t>\n\t\t\t\t\t<div class=\"sow-image-grid-image\">\n\t\t\t\t\t\t\t\t\t\t\t\t<img loading=\"lazy\" decoding=\"async\" width=\"550\" height=\"412\" src=\"https:\/\/site.educa.madrid.org\/ies.lazarocardenas.colladovillalba\/\/wp-content\/uploads\/ies.lazarocardenas.colladovillalba\/2022\/07\/clase-de-Quimica.jpg\" class=\"sow-image-grid-image_html\" alt=\"\" title=\"clase de Qu\u00edmica\" srcset=\"https:\/\/site.educa.madrid.org\/ies.lazarocardenas.colladovillalba\/\/wp-content\/uploads\/ies.lazarocardenas.colladovillalba\/2022\/07\/clase-de-Quimica.jpg 550w, https:\/\/site.educa.madrid.org\/ies.lazarocardenas.colladovillalba\/\/wp-content\/uploads\/ies.lazarocardenas.colladovillalba\/2022\/07\/clase-de-Quimica-300x225.jpg 300w\" sizes=\"auto, 100vw\" \/>\t\t\t\t\t\t\t\t\t\t\t<\/div>\n\t\t\t\t\t<div class=\"sow-image-grid-image\">\n\t\t\t\t\t\t\t\t\t\t\t\t<img loading=\"lazy\" decoding=\"async\" width=\"550\" height=\"412\" src=\"https:\/\/site.educa.madrid.org\/ies.lazarocardenas.colladovillalba\/\/wp-content\/uploads\/ies.lazarocardenas.colladovillalba\/2022\/07\/centro-Kufstein.jpg\" class=\"sow-image-grid-image_html\" alt=\"\" title=\"centro Kufstein\" srcset=\"https:\/\/site.educa.madrid.org\/ies.lazarocardenas.colladovillalba\/\/wp-content\/uploads\/ies.lazarocardenas.colladovillalba\/2022\/07\/centro-Kufstein.jpg 550w, https:\/\/site.educa.madrid.org\/ies.lazarocardenas.colladovillalba\/\/wp-content\/uploads\/ies.lazarocardenas.colladovillalba\/2022\/07\/centro-Kufstein-300x225.jpg 300w\" sizes=\"auto, 100vw\" \/>\t\t\t\t\t\t\t\t\t\t\t<\/div>\n\t\t\t\t\t<div class=\"sow-image-grid-image\">\n\t\t\t\t\t\t\t\t\t\t\t\t<img loading=\"lazy\" decoding=\"async\" width=\"550\" height=\"412\" src=\"https:\/\/site.educa.madrid.org\/ies.lazarocardenas.colladovillalba\/\/wp-content\/uploads\/ies.lazarocardenas.colladovillalba\/2022\/07\/clase-cocina.jpg\" class=\"sow-image-grid-image_html\" alt=\"\" title=\"clase cocina\" srcset=\"https:\/\/site.educa.madrid.org\/ies.lazarocardenas.colladovillalba\/\/wp-content\/uploads\/ies.lazarocardenas.colladovillalba\/2022\/07\/clase-cocina.jpg 550w, https:\/\/site.educa.madrid.org\/ies.lazarocardenas.colladovillalba\/\/wp-content\/uploads\/ies.lazarocardenas.colladovillalba\/2022\/07\/clase-cocina-300x225.jpg 300w\" sizes=\"auto, 100vw\" \/>\t\t\t\t\t\t\t\t\t\t\t<\/div>\n\t\t\t\t\t<div class=\"sow-image-grid-image\">\n\t\t\t\t\t\t\t\t\t\t\t\t<img loading=\"lazy\" decoding=\"async\" width=\"550\" height=\"412\" src=\"https:\/\/site.educa.madrid.org\/ies.lazarocardenas.colladovillalba\/\/wp-content\/uploads\/ies.lazarocardenas.colladovillalba\/2022\/07\/clase-de-creatividad.jpg\" class=\"sow-image-grid-image_html\" alt=\"\" title=\"clase de creatividad\" srcset=\"https:\/\/site.educa.madrid.org\/ies.lazarocardenas.colladovillalba\/\/wp-content\/uploads\/ies.lazarocardenas.colladovillalba\/2022\/07\/clase-de-creatividad.jpg 550w, https:\/\/site.educa.madrid.org\/ies.lazarocardenas.colladovillalba\/\/wp-content\/uploads\/ies.lazarocardenas.colladovillalba\/2022\/07\/clase-de-creatividad-300x225.jpg 300w\" sizes=\"auto, 100vw\" \/>\t\t\t\t\t\t\t\t\t\t\t<\/div>\n\t\t\t\t\t<div class=\"sow-image-grid-image\">\n\t\t\t\t\t\t\t\t\t\t\t\t<img loading=\"lazy\" decoding=\"async\" width=\"550\" height=\"412\" src=\"https:\/\/site.educa.madrid.org\/ies.lazarocardenas.colladovillalba\/\/wp-content\/uploads\/ies.lazarocardenas.colladovillalba\/2022\/07\/2014-04-04-Kufstein-desde-la-fortaleza.jpg\" class=\"sow-image-grid-image_html\" alt=\"\" title=\"2014-04-04 Kufstein desde la fortaleza\" srcset=\"https:\/\/site.educa.madrid.org\/ies.lazarocardenas.colladovillalba\/\/wp-content\/uploads\/ies.lazarocardenas.colladovillalba\/2022\/07\/2014-04-04-Kufstein-desde-la-fortaleza.jpg 550w, https:\/\/site.educa.madrid.org\/ies.lazarocardenas.colladovillalba\/\/wp-content\/uploads\/ies.lazarocardenas.colladovillalba\/2022\/07\/2014-04-04-Kufstein-desde-la-fortaleza-300x225.jpg 300w\" sizes=\"auto, 100vw\" \/>\t\t\t\t\t\t\t\t\t\t\t<\/div>\n\t\t\t\t\t<div class=\"sow-image-grid-image\">\n\t\t\t\t\t\t\t\t\t\t\t\t<img loading=\"lazy\" decoding=\"async\" width=\"550\" height=\"412\" src=\"https:\/\/site.educa.madrid.org\/ies.lazarocardenas.colladovillalba\/\/wp-content\/uploads\/ies.lazarocardenas.colladovillalba\/2022\/07\/2014-03-31-estudiantes.jpg\" class=\"sow-image-grid-image_html\" alt=\"\" title=\"2014-03-31 estudiantes\" srcset=\"https:\/\/site.educa.madrid.org\/ies.lazarocardenas.colladovillalba\/\/wp-content\/uploads\/ies.lazarocardenas.colladovillalba\/2022\/07\/2014-03-31-estudiantes.jpg 550w, https:\/\/site.educa.madrid.org\/ies.lazarocardenas.colladovillalba\/\/wp-content\/uploads\/ies.lazarocardenas.colladovillalba\/2022\/07\/2014-03-31-estudiantes-300x225.jpg 300w\" sizes=\"auto, 100vw\" \/>\t\t\t\t\t\t\t\t\t\t\t<\/div>\n\t\t\t\t\t<div class=\"sow-image-grid-image\">\n\t\t\t\t\t\t\t\t\t\t\t\t<img loading=\"lazy\" decoding=\"async\" width=\"550\" height=\"412\" src=\"https:\/\/site.educa.madrid.org\/ies.lazarocardenas.colladovillalba\/\/wp-content\/uploads\/ies.lazarocardenas.colladovillalba\/2022\/07\/2014-03-31-con-director-y-Peter.jpg\" class=\"sow-image-grid-image_html\" alt=\"\" title=\"2014-03-31 con director y Peter\" srcset=\"https:\/\/site.educa.madrid.org\/ies.lazarocardenas.colladovillalba\/\/wp-content\/uploads\/ies.lazarocardenas.colladovillalba\/2022\/07\/2014-03-31-con-director-y-Peter.jpg 550w, https:\/\/site.educa.madrid.org\/ies.lazarocardenas.colladovillalba\/\/wp-content\/uploads\/ies.lazarocardenas.colladovillalba\/2022\/07\/2014-03-31-con-director-y-Peter-300x225.jpg 300w\" sizes=\"auto, 100vw\" \/>\t\t\t\t\t\t\t\t\t\t\t<\/div>\n\t\t\t<\/div>\n<\/div><\/div><\/div><\/div><\/div><\/div>","protected":false},"excerpt":{"rendered":"<p>Soledad Outes, profesora del departamento de ingl\u00e9s, ha realizado una Estancia Profesional de dos semanas en el centro austr\u00edaco HLW Kufstein, situado en la ciudad de Kufstein. Este programa, subvencionado por el Ministerio de Educaci\u00f3n, Cultura y Deporte, tiene como objetivo la mejora de las competencias profesionales de los participantes, tanto de su \u00e1rea espec\u00edfica &hellip; <\/p>\n<p class=\"link-more\"><a href=\"https:\/\/site.educa.madrid.org\/ies.lazarocardenas.colladovillalba\/index.php\/estancia-profesional-kufstein-curso-2013-14\/\" class=\"more-link\">Continuar leyendo<span class=\"screen-reader-text\"> \u00abEstancia profesional Kufstein (curso 2013\/14)\u00bb<\/span><\/a><\/p>\n","protected":false},"author":3,"featured_media":0,"parent":0,"menu_order":0,"comment_status":"closed","ping_status":"closed","template":"","meta":{"footnotes":""},"folder":[],"class_list":["post-3984","page","type-page","status-publish","hentry"],"rttpg_featured_image_url":null,"rttpg_author":{"display_name":"ies.lazarocardenas.colladovillalba","author_link":"https:\/\/site.educa.madrid.org\/ies.lazarocardenas.colladovillalba\/index.php\/author\/cuenta_ies-lazarocardenas-colladovillalba\/"},"rttpg_comment":0,"rttpg_category":false,"rttpg_excerpt":"Soledad Outes, profesora del departamento de ingl\u00e9s, ha realizado una Estancia Profesional de dos semanas en el centro austr\u00edaco HLW Kufstein, situado en la ciudad de Kufstein. Este programa, subvencionado por el Ministerio de Educaci\u00f3n, Cultura y Deporte, tiene como objetivo la mejora de las competencias profesionales de los participantes, tanto de su \u00e1rea espec\u00edfica&hellip;","post_mailing_queue_ids":[],"_links":{"self":[{"href":"https:\/\/site.educa.madrid.org\/ies.lazarocardenas.colladovillalba\/index.php\/wp-json\/wp\/v2\/pages\/3984","targetHints":{"allow":["GET"]}}],"collection":[{"href":"https:\/\/site.educa.madrid.org\/ies.lazarocardenas.colladovillalba\/index.php\/wp-json\/wp\/v2\/pages"}],"about":[{"href":"https:\/\/site.educa.madrid.org\/ies.lazarocardenas.colladovillalba\/index.php\/wp-json\/wp\/v2\/types\/page"}],"author":[{"embeddable":true,"href":"https:\/\/site.educa.madrid.org\/ies.lazarocardenas.colladovillalba\/index.php\/wp-json\/wp\/v2\/users\/3"}],"replies":[{"embeddable":true,"href":"https:\/\/site.educa.madrid.org\/ies.lazarocardenas.colladovillalba\/index.php\/wp-json\/wp\/v2\/comments?post=3984"}],"version-history":[{"count":10,"href":"https:\/\/site.educa.madrid.org\/ies.lazarocardenas.colladovillalba\/index.php\/wp-json\/wp\/v2\/pages\/3984\/revisions"}],"predecessor-version":[{"id":6329,"href":"https:\/\/site.educa.madrid.org\/ies.lazarocardenas.colladovillalba\/index.php\/wp-json\/wp\/v2\/pages\/3984\/revisions\/6329"}],"wp:attachment":[{"href":"https:\/\/site.educa.madrid.org\/ies.lazarocardenas.colladovillalba\/index.php\/wp-json\/wp\/v2\/media?parent=3984"}],"wp:term":[{"taxonomy":"folder","embeddable":true,"href":"https:\/\/site.educa.madrid.org\/ies.lazarocardenas.colladovillalba\/index.php\/wp-json\/wp\/v2\/folder?post=3984"}],"curies":[{"name":"wp","href":"https:\/\/api.w.org\/{rel}","templated":true}]}}