{"id":4044,"date":"2022-09-27T20:11:22","date_gmt":"2022-09-27T18:11:22","guid":{"rendered":"https:\/\/site.educa.madrid.org\/ies.lazarocardenas.colladovillalba\/?page_id=4044"},"modified":"2024-03-05T17:16:08","modified_gmt":"2024-03-05T16:16:08","slug":"viaje-a-irlanda-2012-13","status":"publish","type":"page","link":"https:\/\/site.educa.madrid.org\/ies.lazarocardenas.colladovillalba\/index.php\/viaje-a-irlanda-2012-13\/","title":{"rendered":"Viaje a Irlanda (2012-13)"},"content":{"rendered":"<div id=\"pl-4044\"  class=\"panel-layout\" ><div id=\"pg-4044-0\"  class=\"panel-grid panel-has-style\" ><div class=\"so-parallax siteorigin-panels-stretch panel-row-style panel-row-style-for-4044-0\" data-stretch-type=\"full-stretched-padded\" ><img fetchpriority=\"high\" decoding=\"async\" width=\"1440\" height=\"493\" src=\"https:\/\/site.educa.madrid.org\/ies.lazarocardenas.colladovillalba\/\/wp-content\/uploads\/ies.lazarocardenas.colladovillalba\/2022\/07\/Conoce-nuestro-programa.png\" class=\"attachment-full size-full\" alt=\"\" data-siteorigin-parallax=\"true\" loading=\"eager\" srcset=\"https:\/\/site.educa.madrid.org\/ies.lazarocardenas.colladovillalba\/\/wp-content\/uploads\/ies.lazarocardenas.colladovillalba\/2022\/07\/Conoce-nuestro-programa.png 1440w, https:\/\/site.educa.madrid.org\/ies.lazarocardenas.colladovillalba\/\/wp-content\/uploads\/ies.lazarocardenas.colladovillalba\/2022\/07\/Conoce-nuestro-programa-300x103.png 300w, https:\/\/site.educa.madrid.org\/ies.lazarocardenas.colladovillalba\/\/wp-content\/uploads\/ies.lazarocardenas.colladovillalba\/2022\/07\/Conoce-nuestro-programa-1024x351.png 1024w, https:\/\/site.educa.madrid.org\/ies.lazarocardenas.colladovillalba\/\/wp-content\/uploads\/ies.lazarocardenas.colladovillalba\/2022\/07\/Conoce-nuestro-programa-768x263.png 768w\" sizes=\"100vw\" \/><div id=\"pgc-4044-0-0\"  class=\"panel-grid-cell panel-grid-cell-empty\" ><\/div><\/div><\/div><div id=\"pg-4044-1\"  class=\"panel-grid panel-has-style\" ><div class=\"siteorigin-panels-stretch panel-row-style panel-row-style-for-4044-1\" data-stretch-type=\"full-stretched-padded\" ><div id=\"pgc-4044-1-0\"  class=\"panel-grid-cell\" ><div id=\"panel-4044-1-0-0\" class=\"so-panel widget widget_text panel-first-child\" data-index=\"0\" >\t\t\t<div class=\"textwidget\"><p style=\"font-size: 20px;\">Un grupo de 14 alumnos de 3\u00ba ESO y dos profesoras viaj\u00f3 a Irlanda el pasado mes de abril. El viaje consisti\u00f3 en una estancia cultural de inmersi\u00f3n ling\u00fc\u00edstica de 8 d\u00edas en la localidad de Rathfarmhan en el Condado de Dubl\u00edn. Los alumnos participantes se alojaron en varias familias irlandesas con quienes compartieron entra\u00f1ables momentos y conversaciones.<\/p>\n<p style=\"font-size: 20px;\">Por las ma\u00f1anas, todos ellos realizaron un curso intensivo de 20h. en la escuela ATC Ireland (centro reconocido por el Ministerio de Educaci\u00f3n de Irlanda), el curso tiene un enfoque eminentemente comunicativo ya que pone \u00e9nfasis en la comunicaci\u00f3n en ingl\u00e9s a trav\u00e9s de la interacci\u00f3n y relaciona la lengua aprendida en el aula con las actividades realizadas fuera de ella. Al finalizar el curso todos los alumnos recibieron un certificado.<\/p>\n<p style=\"font-size: 20px;\">Cada tarde, al terminar sus clases y tras el packed-lunch, realizaron actividades orientadas a conocer la cultura y tradiciones irlandesas. El primer d\u00eda visitaron el valle de Glendalough (Wicklow National Park), donde disfrutaron de un largo paseo por el parque natural y las ruinas de uno de los primeros asentamientos mon\u00e1sticos cristianos, fundado por St. Kevin en el siglo VI. Al d\u00eda siguiente recorrieron las principales calles de la ciudad observando los edificios y monumentos m\u00e1s emblem\u00e1ticos y los siguientes d\u00edas visitaron Dublinia, la Catedral de San Patricio, el Castillo de Malahide y la Pen\u00ednsula de Howth. Como despedida, asistieron a un espect\u00e1culo de danza irlandesa en el que demostraron sus grandes cualidades como danzarines.<\/p>\n<p style=\"font-size: 20px;\">Si quer\u00e9is conocer alg\u00fan detalle m\u00e1s sobre el viaje os animo a ver varias presentaciones elaboradas por los alumnos y las profesoras:<\/p>\n<\/div>\n\t\t<\/div><div id=\"panel-4044-1-0-1\" class=\"so-panel widget widget_sow-button\" data-index=\"1\" ><div\n\t\t\t\n\t\t\tclass=\"so-widget-sow-button so-widget-sow-button-wire-580dc0077b69-4044\"\n\t\t\t\n\t\t><div class=\"ow-button-base ow-button-align-center\">\n\t<a\n\thref=\"#\"\n\t\tclass=\"ow-icon-placement-left ow-button-hover\" target=\"_blank\" rel=\"noopener noreferrer\" \t>\n\t\t<span>\n\t\t\t<span class=\"sow-icon-elegantline\" data-sow-icon=\"&#xe04d;\"\n\t\tstyle=\"color: #e34353\" \n\t\taria-hidden=\"true\"><\/span>\n\t\t\tPresentaci\u00f3n de Agust\u00edn, Aitor y Nacho\t\t<\/span>\n\t<\/a>\n<\/div>\n<\/div><\/div><div id=\"panel-4044-1-0-2\" class=\"so-panel widget widget_sow-button\" data-index=\"2\" ><div\n\t\t\t\n\t\t\tclass=\"so-widget-sow-button so-widget-sow-button-wire-580dc0077b69-4044\"\n\t\t\t\n\t\t><div class=\"ow-button-base ow-button-align-center\">\n\t<a\n\thref=\"#\"\n\t\tclass=\"ow-icon-placement-left ow-button-hover\" target=\"_blank\" rel=\"noopener noreferrer\" \t>\n\t\t<span>\n\t\t\t<span class=\"sow-icon-elegantline\" data-sow-icon=\"&#xe04d;\"\n\t\tstyle=\"color: #e34353\" \n\t\taria-hidden=\"true\"><\/span>\n\t\t\tPresentaci\u00f3n de Julia, Patricia, Elena y Marina\t\t<\/span>\n\t<\/a>\n<\/div>\n<\/div><\/div><div id=\"panel-4044-1-0-3\" class=\"so-panel widget widget_sow-button\" data-index=\"3\" ><div\n\t\t\t\n\t\t\tclass=\"so-widget-sow-button so-widget-sow-button-wire-580dc0077b69-4044\"\n\t\t\t\n\t\t><div class=\"ow-button-base ow-button-align-center\">\n\t<a\n\thref=\"#\"\n\t\tclass=\"ow-icon-placement-left ow-button-hover\" target=\"_blank\" rel=\"noopener noreferrer\" \t>\n\t\t<span>\n\t\t\t<span class=\"sow-icon-elegantline\" data-sow-icon=\"&#xe04d;\"\n\t\tstyle=\"color: #e34353\" \n\t\taria-hidden=\"true\"><\/span>\n\t\t\tPresentaci\u00f3n de A. Mole\u00f3n y S.Outes\t\t<\/span>\n\t<\/a>\n<\/div>\n<\/div><\/div><div id=\"panel-4044-1-0-4\" class=\"so-panel widget widget_sow-image-grid panel-last-child\" data-index=\"4\" ><div\n\t\t\t\n\t\t\tclass=\"so-widget-sow-image-grid so-widget-sow-image-grid-default-8bf08a9600e8-4044\"\n\t\t\t\n\t\t>\t<div\n\t\tclass=\"sow-image-grid-wrapper\"\n\t\tdata-max-width=\"300\"\t\tdata-max-height=\"300\"\t>\n\t\t\t\t\t<div class=\"sow-image-grid-image\">\n\t\t\t\t\t\t\t\t\t\t\t\t<img loading=\"lazy\" decoding=\"async\" width=\"550\" height=\"412\" src=\"https:\/\/site.educa.madrid.org\/ies.lazarocardenas.colladovillalba\/\/wp-content\/uploads\/ies.lazarocardenas.colladovillalba\/2022\/07\/CIMG1233.jpg\" class=\"sow-image-grid-image_html\" alt=\"\" title=\"\" srcset=\"https:\/\/site.educa.madrid.org\/ies.lazarocardenas.colladovillalba\/\/wp-content\/uploads\/ies.lazarocardenas.colladovillalba\/2022\/07\/CIMG1233.jpg 550w, https:\/\/site.educa.madrid.org\/ies.lazarocardenas.colladovillalba\/\/wp-content\/uploads\/ies.lazarocardenas.colladovillalba\/2022\/07\/CIMG1233-300x225.jpg 300w\" sizes=\"auto, 100vw\" \/>\t\t\t\t\t\t\t\t\t\t\t<\/div>\n\t\t\t\t\t<div class=\"sow-image-grid-image\">\n\t\t\t\t\t\t\t\t\t\t\t\t<img loading=\"lazy\" decoding=\"async\" width=\"550\" height=\"412\" src=\"https:\/\/site.educa.madrid.org\/ies.lazarocardenas.colladovillalba\/\/wp-content\/uploads\/ies.lazarocardenas.colladovillalba\/2022\/07\/DUBLIN-ABRIL-2013-150.jpg\" class=\"sow-image-grid-image_html\" alt=\"\" title=\"DUBLIN ABRIL 2013 150\" srcset=\"https:\/\/site.educa.madrid.org\/ies.lazarocardenas.colladovillalba\/\/wp-content\/uploads\/ies.lazarocardenas.colladovillalba\/2022\/07\/DUBLIN-ABRIL-2013-150.jpg 550w, https:\/\/site.educa.madrid.org\/ies.lazarocardenas.colladovillalba\/\/wp-content\/uploads\/ies.lazarocardenas.colladovillalba\/2022\/07\/DUBLIN-ABRIL-2013-150-300x225.jpg 300w\" sizes=\"auto, 100vw\" \/>\t\t\t\t\t\t\t\t\t\t\t<\/div>\n\t\t\t\t\t<div class=\"sow-image-grid-image\">\n\t\t\t\t\t\t\t\t\t\t\t\t<img loading=\"lazy\" decoding=\"async\" width=\"550\" height=\"412\" src=\"https:\/\/site.educa.madrid.org\/ies.lazarocardenas.colladovillalba\/\/wp-content\/uploads\/ies.lazarocardenas.colladovillalba\/2022\/07\/DUBLIN-ABRIL-2013-114.jpg\" class=\"sow-image-grid-image_html\" alt=\"\" title=\"DUBLIN ABRIL 2013 114\" srcset=\"https:\/\/site.educa.madrid.org\/ies.lazarocardenas.colladovillalba\/\/wp-content\/uploads\/ies.lazarocardenas.colladovillalba\/2022\/07\/DUBLIN-ABRIL-2013-114.jpg 550w, https:\/\/site.educa.madrid.org\/ies.lazarocardenas.colladovillalba\/\/wp-content\/uploads\/ies.lazarocardenas.colladovillalba\/2022\/07\/DUBLIN-ABRIL-2013-114-300x225.jpg 300w\" sizes=\"auto, 100vw\" \/>\t\t\t\t\t\t\t\t\t\t\t<\/div>\n\t\t\t\t\t<div class=\"sow-image-grid-image\">\n\t\t\t\t\t\t\t\t\t\t\t\t<img loading=\"lazy\" decoding=\"async\" width=\"550\" height=\"412\" src=\"https:\/\/site.educa.madrid.org\/ies.lazarocardenas.colladovillalba\/\/wp-content\/uploads\/ies.lazarocardenas.colladovillalba\/2022\/07\/CIMG1231.jpg\" class=\"sow-image-grid-image_html\" alt=\"\" title=\"\" srcset=\"https:\/\/site.educa.madrid.org\/ies.lazarocardenas.colladovillalba\/\/wp-content\/uploads\/ies.lazarocardenas.colladovillalba\/2022\/07\/CIMG1231.jpg 550w, https:\/\/site.educa.madrid.org\/ies.lazarocardenas.colladovillalba\/\/wp-content\/uploads\/ies.lazarocardenas.colladovillalba\/2022\/07\/CIMG1231-300x225.jpg 300w\" sizes=\"auto, 100vw\" \/>\t\t\t\t\t\t\t\t\t\t\t<\/div>\n\t\t\t\t\t<div class=\"sow-image-grid-image\">\n\t\t\t\t\t\t\t\t\t\t\t\t<img loading=\"lazy\" decoding=\"async\" width=\"550\" height=\"412\" src=\"https:\/\/site.educa.madrid.org\/ies.lazarocardenas.colladovillalba\/\/wp-content\/uploads\/ies.lazarocardenas.colladovillalba\/2022\/07\/DUBLIN-ABRIL-2013-155.jpg\" class=\"sow-image-grid-image_html\" alt=\"\" title=\"DUBLIN ABRIL 2013 155\" srcset=\"https:\/\/site.educa.madrid.org\/ies.lazarocardenas.colladovillalba\/\/wp-content\/uploads\/ies.lazarocardenas.colladovillalba\/2022\/07\/DUBLIN-ABRIL-2013-155.jpg 550w, https:\/\/site.educa.madrid.org\/ies.lazarocardenas.colladovillalba\/\/wp-content\/uploads\/ies.lazarocardenas.colladovillalba\/2022\/07\/DUBLIN-ABRIL-2013-155-300x225.jpg 300w\" sizes=\"auto, 100vw\" \/>\t\t\t\t\t\t\t\t\t\t\t<\/div>\n\t\t\t\t\t<div class=\"sow-image-grid-image\">\n\t\t\t\t\t\t\t\t\t\t\t\t<img loading=\"lazy\" decoding=\"async\" width=\"412\" height=\"549\" src=\"https:\/\/site.educa.madrid.org\/ies.lazarocardenas.colladovillalba\/\/wp-content\/uploads\/ies.lazarocardenas.colladovillalba\/2022\/07\/SAM_3990.jpg\" class=\"sow-image-grid-image_html\" alt=\"\" title=\"\" srcset=\"https:\/\/site.educa.madrid.org\/ies.lazarocardenas.colladovillalba\/\/wp-content\/uploads\/ies.lazarocardenas.colladovillalba\/2022\/07\/SAM_3990.jpg 412w, https:\/\/site.educa.madrid.org\/ies.lazarocardenas.colladovillalba\/\/wp-content\/uploads\/ies.lazarocardenas.colladovillalba\/2022\/07\/SAM_3990-225x300.jpg 225w, https:\/\/site.educa.madrid.org\/ies.lazarocardenas.colladovillalba\/\/wp-content\/uploads\/ies.lazarocardenas.colladovillalba\/2022\/07\/SAM_3990-300x400.jpg 300w\" sizes=\"auto, 100vw\" \/>\t\t\t\t\t\t\t\t\t\t\t<\/div>\n\t\t\t<\/div>\n<\/div><\/div><\/div><\/div><\/div><\/div>","protected":false},"excerpt":{"rendered":"<p>Un grupo de 14 alumnos de 3\u00ba ESO y dos profesoras viaj\u00f3 a Irlanda el pasado mes de abril. El viaje consisti\u00f3 en una estancia cultural de inmersi\u00f3n ling\u00fc\u00edstica de 8 d\u00edas en la localidad de Rathfarmhan en el Condado de Dubl\u00edn. Los alumnos participantes se alojaron en varias familias irlandesas con quienes compartieron entra\u00f1ables &hellip; <\/p>\n<p class=\"link-more\"><a href=\"https:\/\/site.educa.madrid.org\/ies.lazarocardenas.colladovillalba\/index.php\/viaje-a-irlanda-2012-13\/\" class=\"more-link\">Continuar leyendo<span class=\"screen-reader-text\"> \u00abViaje a Irlanda (2012-13)\u00bb<\/span><\/a><\/p>\n","protected":false},"author":3,"featured_media":0,"parent":0,"menu_order":0,"comment_status":"closed","ping_status":"closed","template":"","meta":{"footnotes":""},"folder":[],"class_list":["post-4044","page","type-page","status-publish","hentry"],"rttpg_featured_image_url":null,"rttpg_author":{"display_name":"ies.lazarocardenas.colladovillalba","author_link":"https:\/\/site.educa.madrid.org\/ies.lazarocardenas.colladovillalba\/index.php\/author\/cuenta_ies-lazarocardenas-colladovillalba\/"},"rttpg_comment":0,"rttpg_category":false,"rttpg_excerpt":"Un grupo de 14 alumnos de 3\u00ba ESO y dos profesoras viaj\u00f3 a Irlanda el pasado mes de abril. El viaje consisti\u00f3 en una estancia cultural de inmersi\u00f3n ling\u00fc\u00edstica de 8 d\u00edas en la localidad de Rathfarmhan en el Condado de Dubl\u00edn. Los alumnos participantes se alojaron en varias familias irlandesas con quienes compartieron entra\u00f1ables&hellip;","post_mailing_queue_ids":[],"_links":{"self":[{"href":"https:\/\/site.educa.madrid.org\/ies.lazarocardenas.colladovillalba\/index.php\/wp-json\/wp\/v2\/pages\/4044","targetHints":{"allow":["GET"]}}],"collection":[{"href":"https:\/\/site.educa.madrid.org\/ies.lazarocardenas.colladovillalba\/index.php\/wp-json\/wp\/v2\/pages"}],"about":[{"href":"https:\/\/site.educa.madrid.org\/ies.lazarocardenas.colladovillalba\/index.php\/wp-json\/wp\/v2\/types\/page"}],"author":[{"embeddable":true,"href":"https:\/\/site.educa.madrid.org\/ies.lazarocardenas.colladovillalba\/index.php\/wp-json\/wp\/v2\/users\/3"}],"replies":[{"embeddable":true,"href":"https:\/\/site.educa.madrid.org\/ies.lazarocardenas.colladovillalba\/index.php\/wp-json\/wp\/v2\/comments?post=4044"}],"version-history":[{"count":9,"href":"https:\/\/site.educa.madrid.org\/ies.lazarocardenas.colladovillalba\/index.php\/wp-json\/wp\/v2\/pages\/4044\/revisions"}],"predecessor-version":[{"id":6393,"href":"https:\/\/site.educa.madrid.org\/ies.lazarocardenas.colladovillalba\/index.php\/wp-json\/wp\/v2\/pages\/4044\/revisions\/6393"}],"wp:attachment":[{"href":"https:\/\/site.educa.madrid.org\/ies.lazarocardenas.colladovillalba\/index.php\/wp-json\/wp\/v2\/media?parent=4044"}],"wp:term":[{"taxonomy":"folder","embeddable":true,"href":"https:\/\/site.educa.madrid.org\/ies.lazarocardenas.colladovillalba\/index.php\/wp-json\/wp\/v2\/folder?post=4044"}],"curies":[{"name":"wp","href":"https:\/\/api.w.org\/{rel}","templated":true}]}}