{"id":5321,"date":"2023-01-28T19:50:45","date_gmt":"2023-01-28T18:50:45","guid":{"rendered":"https:\/\/site.educa.madrid.org\/ies.lazarocardenas.colladovillalba\/?page_id=5321"},"modified":"2024-03-05T17:06:54","modified_gmt":"2024-03-05T16:06:54","slug":"intercambio-usa-22-23","status":"publish","type":"page","link":"https:\/\/site.educa.madrid.org\/ies.lazarocardenas.colladovillalba\/index.php\/intercambio-usa-22-23\/","title":{"rendered":"Intercambio USA 22-23"},"content":{"rendered":"<div id=\"pl-5321\"  class=\"panel-layout\" ><div id=\"pg-5321-0\"  class=\"panel-grid panel-has-style\" ><div class=\"so-parallax siteorigin-panels-stretch panel-row-style panel-row-style-for-5321-0\" data-stretch-type=\"full-stretched-padded\" ><img fetchpriority=\"high\" decoding=\"async\" width=\"1440\" height=\"493\" src=\"https:\/\/site.educa.madrid.org\/ies.lazarocardenas.colladovillalba\/\/wp-content\/uploads\/ies.lazarocardenas.colladovillalba\/2022\/07\/Conoce-nuestro-programa.png\" class=\"attachment-full size-full\" alt=\"\" data-siteorigin-parallax=\"true\" loading=\"eager\" srcset=\"https:\/\/site.educa.madrid.org\/ies.lazarocardenas.colladovillalba\/\/wp-content\/uploads\/ies.lazarocardenas.colladovillalba\/2022\/07\/Conoce-nuestro-programa.png 1440w, https:\/\/site.educa.madrid.org\/ies.lazarocardenas.colladovillalba\/\/wp-content\/uploads\/ies.lazarocardenas.colladovillalba\/2022\/07\/Conoce-nuestro-programa-300x103.png 300w, https:\/\/site.educa.madrid.org\/ies.lazarocardenas.colladovillalba\/\/wp-content\/uploads\/ies.lazarocardenas.colladovillalba\/2022\/07\/Conoce-nuestro-programa-1024x351.png 1024w, https:\/\/site.educa.madrid.org\/ies.lazarocardenas.colladovillalba\/\/wp-content\/uploads\/ies.lazarocardenas.colladovillalba\/2022\/07\/Conoce-nuestro-programa-768x263.png 768w\" sizes=\"100vw\" \/><div id=\"pgc-5321-0-0\"  class=\"panel-grid-cell panel-grid-cell-empty\" ><\/div><\/div><\/div><div id=\"pg-5321-1\"  class=\"panel-grid panel-has-style\" ><div class=\"siteorigin-panels-stretch panel-row-style panel-row-style-for-5321-1\" data-stretch-type=\"full-stretched-padded\" ><div id=\"pgc-5321-1-0\"  class=\"panel-grid-cell\" ><div id=\"panel-5321-1-0-0\" class=\"so-panel widget widget_sow-editor panel-first-child\" data-index=\"0\" ><div\n\t\t\t\n\t\t\tclass=\"so-widget-sow-editor so-widget-sow-editor-base\"\n\t\t\t\n\t\t>\n<div class=\"siteorigin-widget-tinymce textwidget\">\n\t<p>Intercambio Burlington High School (Massachusetts) - IES Lazaro Cardenas (Madrid). Curso 2022\/23.<\/p>\n<p>El intercambio entre nuestros dos centros se encuentra en su quinta edici\u00f3n. Comenzamos el intercambio de idiomas en el a\u00f1o 2013, continuando otro anterior con el Woburn High School (tambi\u00e9n en Massachusetts). M\u00e1s de 100 alumnos han participado en \u00e9l a lo largo de esta pasada d\u00e9cada. Nuestros amigos americanos nos visitar\u00e1n del 10 al 24 de febrero y durante estas dos semanas vivir\u00e1n con las familias espa\u00f1olas de sus parejas de intercambio, asistir\u00e1n a actividades escolares, visitar\u00e1n el Museo Del Prado, el Palacio Real, Segovia, Toledo y Granada. Incluso ir\u00e1n al estadio Metropolitano a ver un partido entre el Atl\u00e9tico de Madrid y el Athletic de Bilbao. Nosotros iremos a Massachusetts del 18 al 31 de marzo del presente a\u00f1o.<\/p>\n<p>Cuando estemos all\u00ed, conviviremos con las familias americanas, asistiremos a clase, haremos visitas en la ciudad de Boston y alrededores. Universidades de Harvard y el Massachusetts Institute of Technology. Asistiremos a un partido de los Boston Celtics y pasaremos un fin de semana en la ciudad de los rascacielos, Nueva York.<\/p>\n<p>Esta experiencia es tremendamente enriquecedora. No s\u00f3lo desde el punto de vista de la mejora en el idioma, sino porque permite conocer como viven las familias de otro pa\u00eds, como transcurre la jornada escolar dentro de sus centros educativos. Conocer las ciudades y los paisajes de dos geograf\u00edas tan alejadas como las tierras atl\u00e1nticas de Nueva Inglaterra y las ciudades monumentales, las sierras y las mesetas de Espa\u00f1a.<\/p>\n<p>Se selecciona al alumnado para esta actividad de entre los expedientes acad\u00e9micos m\u00e1s brillantes de 4\u00ba ESO y 1\u00ba Bachillerato. Es otro aliciente m\u00e1s a la hora de tener unas buenas calificaciones, que permitan tener la oportunidad de participar en el intercambio cuando se llega a estos cursos.<\/p>\n<p>Esperamos y estamos seguros de que tanto nuestros alumnos, como sus familias disfrutar\u00e1n mucho de esta experiencia y probablemente se fraguar\u00e1n, en muchos casos, amistades que aguantar\u00e1n estupendamente el paso del tiempo. Muchas gracias a todos por el esfuerzo que aport\u00e1is.<\/p>\n<p>Aqu\u00ed puedes ver un breve resumen de la intensa agenda de actividades durante la estancia en Espa\u00f1a:<\/p>\n<\/div>\n<\/div><\/div><div id=\"panel-5321-1-0-1\" class=\"so-panel widget widget_sow-image panel-last-child\" data-index=\"1\" ><div\n\t\t\t\n\t\t\tclass=\"so-widget-sow-image so-widget-sow-image-default-8b5b6f678277-5321\"\n\t\t\t\n\t\t>\n\n<div class=\"sow-image-container\">\n\t\t<img loading=\"lazy\" decoding=\"async\" src=\"https:\/\/site.educa.madrid.org\/ies.lazarocardenas.colladovillalba\/\/wp-content\/uploads\/ies.lazarocardenas.colladovillalba\/2023\/01\/agenda-intercambio.png\" width=\"1265\" height=\"688\" srcset=\"https:\/\/site.educa.madrid.org\/ies.lazarocardenas.colladovillalba\/\/wp-content\/uploads\/ies.lazarocardenas.colladovillalba\/2023\/01\/agenda-intercambio.png 1265w, https:\/\/site.educa.madrid.org\/ies.lazarocardenas.colladovillalba\/\/wp-content\/uploads\/ies.lazarocardenas.colladovillalba\/2023\/01\/agenda-intercambio-300x163.png 300w, https:\/\/site.educa.madrid.org\/ies.lazarocardenas.colladovillalba\/\/wp-content\/uploads\/ies.lazarocardenas.colladovillalba\/2023\/01\/agenda-intercambio-1024x557.png 1024w, https:\/\/site.educa.madrid.org\/ies.lazarocardenas.colladovillalba\/\/wp-content\/uploads\/ies.lazarocardenas.colladovillalba\/2023\/01\/agenda-intercambio-768x418.png 768w, https:\/\/site.educa.madrid.org\/ies.lazarocardenas.colladovillalba\/\/wp-content\/uploads\/ies.lazarocardenas.colladovillalba\/2023\/01\/agenda-intercambio-1200x653.png 1200w\" sizes=\"auto, (max-width: 706px) 89vw, (max-width: 767px) 82vw, 740px\" title=\"agenda intercambio\" alt=\"\" \t\tclass=\"so-widget-image\"\/>\n\t<\/div>\n\n<\/div><\/div><\/div><\/div><\/div><\/div>","protected":false},"excerpt":{"rendered":"<p>Intercambio Burlington High School (Massachusetts) &#8211; IES Lazaro Cardenas (Madrid). Curso 2022\/23. El intercambio entre nuestros dos centros se encuentra en su quinta edici\u00f3n. Comenzamos el intercambio de idiomas en el a\u00f1o 2013, continuando otro anterior con el Woburn High School (tambi\u00e9n en Massachusetts). M\u00e1s de 100 alumnos han participado en \u00e9l a lo largo &hellip; <\/p>\n<p class=\"link-more\"><a href=\"https:\/\/site.educa.madrid.org\/ies.lazarocardenas.colladovillalba\/index.php\/intercambio-usa-22-23\/\" class=\"more-link\">Continuar leyendo<span class=\"screen-reader-text\"> \u00abIntercambio USA 22-23\u00bb<\/span><\/a><\/p>\n","protected":false},"author":3,"featured_media":0,"parent":0,"menu_order":0,"comment_status":"closed","ping_status":"closed","template":"","meta":{"footnotes":""},"folder":[],"class_list":["post-5321","page","type-page","status-publish","hentry"],"rttpg_featured_image_url":null,"rttpg_author":{"display_name":"ies.lazarocardenas.colladovillalba","author_link":"https:\/\/site.educa.madrid.org\/ies.lazarocardenas.colladovillalba\/index.php\/author\/cuenta_ies-lazarocardenas-colladovillalba\/"},"rttpg_comment":0,"rttpg_category":false,"rttpg_excerpt":"Intercambio Burlington High School (Massachusetts) - IES Lazaro Cardenas (Madrid). Curso 2022\/23. El intercambio entre nuestros dos centros se encuentra en su quinta edici\u00f3n. Comenzamos el intercambio de idiomas en el a\u00f1o 2013, continuando otro anterior con el Woburn High School (tambi\u00e9n en Massachusetts). M\u00e1s de 100 alumnos han participado en \u00e9l a lo largo&hellip;","post_mailing_queue_ids":[],"_links":{"self":[{"href":"https:\/\/site.educa.madrid.org\/ies.lazarocardenas.colladovillalba\/index.php\/wp-json\/wp\/v2\/pages\/5321","targetHints":{"allow":["GET"]}}],"collection":[{"href":"https:\/\/site.educa.madrid.org\/ies.lazarocardenas.colladovillalba\/index.php\/wp-json\/wp\/v2\/pages"}],"about":[{"href":"https:\/\/site.educa.madrid.org\/ies.lazarocardenas.colladovillalba\/index.php\/wp-json\/wp\/v2\/types\/page"}],"author":[{"embeddable":true,"href":"https:\/\/site.educa.madrid.org\/ies.lazarocardenas.colladovillalba\/index.php\/wp-json\/wp\/v2\/users\/3"}],"replies":[{"embeddable":true,"href":"https:\/\/site.educa.madrid.org\/ies.lazarocardenas.colladovillalba\/index.php\/wp-json\/wp\/v2\/comments?post=5321"}],"version-history":[{"count":11,"href":"https:\/\/site.educa.madrid.org\/ies.lazarocardenas.colladovillalba\/index.php\/wp-json\/wp\/v2\/pages\/5321\/revisions"}],"predecessor-version":[{"id":6354,"href":"https:\/\/site.educa.madrid.org\/ies.lazarocardenas.colladovillalba\/index.php\/wp-json\/wp\/v2\/pages\/5321\/revisions\/6354"}],"wp:attachment":[{"href":"https:\/\/site.educa.madrid.org\/ies.lazarocardenas.colladovillalba\/index.php\/wp-json\/wp\/v2\/media?parent=5321"}],"wp:term":[{"taxonomy":"folder","embeddable":true,"href":"https:\/\/site.educa.madrid.org\/ies.lazarocardenas.colladovillalba\/index.php\/wp-json\/wp\/v2\/folder?post=5321"}],"curies":[{"name":"wp","href":"https:\/\/api.w.org\/{rel}","templated":true}]}}