{"id":5335,"date":"2023-01-28T20:20:57","date_gmt":"2023-01-28T19:20:57","guid":{"rendered":"https:\/\/site.educa.madrid.org\/ies.lazarocardenas.colladovillalba\/?page_id=5335"},"modified":"2024-03-05T17:08:21","modified_gmt":"2024-03-05T16:08:21","slug":"musica-3","status":"publish","type":"page","link":"https:\/\/site.educa.madrid.org\/ies.lazarocardenas.colladovillalba\/index.php\/musica-3\/","title":{"rendered":"M\u00fasica"},"content":{"rendered":"<div id=\"pl-5335\"  class=\"panel-layout\" ><div id=\"pg-5335-0\"  class=\"panel-grid panel-has-style\" ><div class=\"so-parallax siteorigin-panels-stretch panel-row-style panel-row-style-for-5335-0\" data-stretch-type=\"full-stretched-padded\" ><img fetchpriority=\"high\" decoding=\"async\" width=\"1440\" height=\"493\" src=\"https:\/\/site.educa.madrid.org\/ies.lazarocardenas.colladovillalba\/\/wp-content\/uploads\/ies.lazarocardenas.colladovillalba\/2022\/07\/Conoce-nuestro-programa.png\" class=\"attachment-full size-full\" alt=\"\" data-siteorigin-parallax=\"true\" loading=\"eager\" srcset=\"https:\/\/site.educa.madrid.org\/ies.lazarocardenas.colladovillalba\/\/wp-content\/uploads\/ies.lazarocardenas.colladovillalba\/2022\/07\/Conoce-nuestro-programa.png 1440w, https:\/\/site.educa.madrid.org\/ies.lazarocardenas.colladovillalba\/\/wp-content\/uploads\/ies.lazarocardenas.colladovillalba\/2022\/07\/Conoce-nuestro-programa-300x103.png 300w, https:\/\/site.educa.madrid.org\/ies.lazarocardenas.colladovillalba\/\/wp-content\/uploads\/ies.lazarocardenas.colladovillalba\/2022\/07\/Conoce-nuestro-programa-1024x351.png 1024w, https:\/\/site.educa.madrid.org\/ies.lazarocardenas.colladovillalba\/\/wp-content\/uploads\/ies.lazarocardenas.colladovillalba\/2022\/07\/Conoce-nuestro-programa-768x263.png 768w\" sizes=\"100vw\" \/><div id=\"pgc-5335-0-0\"  class=\"panel-grid-cell panel-grid-cell-empty\" ><\/div><\/div><\/div><div id=\"pg-5335-1\"  class=\"panel-grid panel-has-style\" ><div class=\"siteorigin-panels-stretch panel-row-style panel-row-style-for-5335-1\" data-stretch-type=\"full-stretched-padded\" ><div id=\"pgc-5335-1-0\"  class=\"panel-grid-cell\" ><div id=\"panel-5335-1-0-0\" class=\"so-panel widget widget_sow-editor panel-first-child\" data-index=\"0\" ><div\n\t\t\t\n\t\t\tclass=\"so-widget-sow-editor so-widget-sow-editor-base\"\n\t\t\t\n\t\t>\n<div class=\"siteorigin-widget-tinymce textwidget\">\n\t<p style=\"font-size: 20px;\">En esta p\u00e1gina encontrar\u00e1s diferentes actividades organizadas por el Departamento de M\u00fasica del centro:<\/p>\n<\/div>\n<\/div><\/div><div id=\"panel-5335-1-0-1\" class=\"so-panel widget widget_sow-post-carousel panel-last-child\" data-index=\"1\" ><div\n\t\t\t\n\t\t\tclass=\"so-widget-sow-post-carousel so-widget-sow-post-carousel-base-8bbf19a024f0-5335\"\n\t\t\t\n\t\t>\t<div\n\t\tclass=\"sow-post-carousel-wrapper sow-post-carousel-theme-base\"\n\t\tstyle=\"overflow: hidden; max-width: 100%; min-height: 182px\"\n\t>\n\t\t<div class=\"sow-carousel-title\">\n\t\t\t<div class=\"sow-carousel-navigation \">\n\t\t\t\t\t\t<a href=\"#\" class=\"sow-carousel-next\" title=\"Siguiente\" aria-label=\"Entradas siguientes\" role=\"button\"><\/a>\n\t\t\t\t\t\t<a href=\"#\" class=\"sow-carousel-previous\" title=\"Anterior\" aria-label=\"Entradas anteriores\" role=\"button\"><\/a>\n\t\t\t\t\t<\/div>\n\t<\/div>\n\n<div class=\"sow-carousel-container \">\n\t\t<div class=\"sow-carousel-wrapper\"\n\t\tdata-dir=\"ltr\"\n\t\tstyle=\"opacity: 0;\"\n\t\tdata-widget=\"post\" data-fetching=\"false\" data-page=\"1\" data-ajax-url=\"https:\/\/site.educa.madrid.org\/ies.lazarocardenas.colladovillalba\/wp-admin\/admin-ajax.php?_widgets_nonce=60b1def85f\" data-item_count=\"7\" data-carousel_settings=\"{&quot;loop&quot;:true,&quot;animation&quot;:&quot;ease&quot;,&quot;animation_speed&quot;:800,&quot;autoplay&quot;:false,&quot;pauseOnHover&quot;:false,&quot;autoplaySpeed&quot;:8000,&quot;item_overflow&quot;:true,&quot;autoplay_continuous_scroll&quot;:false}\" data-responsive=\"{&quot;desktop_slides_to_scroll&quot;:1,&quot;tablet_landscape_breakpoint&quot;:1366,&quot;tablet_landscape_slides_to_scroll&quot;:2,&quot;tablet_portrait_breakpoint&quot;:1025,&quot;tablet_portrait_slides_to_scroll&quot;:2,&quot;mobile_breakpoint&quot;:480,&quot;mobile_slides_to_scroll&quot;:1,&quot;desktop_slides_to_show&quot;:3,&quot;tablet_landscape_slides_to_show&quot;:3,&quot;tablet_portrait_slides_to_show&quot;:2,&quot;mobile_slides_to_show&quot;:1}\" data-variable_width=\"true\" \t>\n\t\t<div\n\t\t\tclass=\"sow-carousel-items\"\n\t\t\t\t\t>\n\t\t\t\t<div class=\"sow-carousel-item\" tabindex=\"-1\" style=\"float: left;\">\n\t\t<div class=\"sow-carousel-thumbnail\">\n\t\t\t\t\t\t\t<a\n\t\t\t\t\thref=\"https:\/\/site.educa.madrid.org\/ies.lazarocardenas.colladovillalba\/index.php\/2024\/11\/06\/ritmo-sabroso\/\"\n\t\t\t\t\t\t\t\t\t\tstyle=\"background-image: url( https:\/\/site.educa.madrid.org\/ies.lazarocardenas.colladovillalba\/\/wp-content\/uploads\/ies.lazarocardenas.colladovillalba\/2024\/11\/ritmo-sabroso-272x182.jpg )\"\n\t\t\t\t\taria-labelledby=\"sow-carousel-id-6842\"\n\t\t\t\t\ttabindex=\"-1\"\n\t\t\t\t>\n\t\t\t\t\t<span class=\"overlay\"><\/span>\n\t\t\t\t<\/a>\n\t\t\t\t\t<\/div>\n\t\t<h3 class=\"sow-carousel-item-title\">\n\t\t\t<a\n\t\t\t\thref=\"https:\/\/site.educa.madrid.org\/ies.lazarocardenas.colladovillalba\/index.php\/2024\/11\/06\/ritmo-sabroso\/\"\n\t\t\t\tid=\"sow-carousel-id-6842\"\n\t\t\t\t\t\t\t\ttabindex=\"-1\"\n\t\t\t>\n\n\t\t\t\tRitmo sabroso\t\t\t<\/a>\n\t\t<\/h3>\n\t<\/div>\n\t<div class=\"sow-carousel-item\" tabindex=\"-1\" style=\"float: left;\">\n\t\t<div class=\"sow-carousel-thumbnail\">\n\t\t\t\t\t\t\t<a\n\t\t\t\t\thref=\"https:\/\/site.educa.madrid.org\/ies.lazarocardenas.colladovillalba\/index.php\/2023\/03\/14\/danza-del-renacimiento\/\"\n\t\t\t\t\t\t\t\t\t\tstyle=\"background-image: url( https:\/\/site.educa.madrid.org\/ies.lazarocardenas.colladovillalba\/\/wp-content\/uploads\/ies.lazarocardenas.colladovillalba\/2023\/03\/zs2g52w8ay6tcckp_200-272x182.jpg )\"\n\t\t\t\t\taria-labelledby=\"sow-carousel-id-5482\"\n\t\t\t\t\ttabindex=\"-1\"\n\t\t\t\t>\n\t\t\t\t\t<span class=\"overlay\"><\/span>\n\t\t\t\t<\/a>\n\t\t\t\t\t<\/div>\n\t\t<h3 class=\"sow-carousel-item-title\">\n\t\t\t<a\n\t\t\t\thref=\"https:\/\/site.educa.madrid.org\/ies.lazarocardenas.colladovillalba\/index.php\/2023\/03\/14\/danza-del-renacimiento\/\"\n\t\t\t\tid=\"sow-carousel-id-5482\"\n\t\t\t\t\t\t\t\ttabindex=\"-1\"\n\t\t\t>\n\n\t\t\t\tDanza del Renacimiento\t\t\t<\/a>\n\t\t<\/h3>\n\t<\/div>\n\t<div class=\"sow-carousel-item\" tabindex=\"-1\" style=\"float: left;\">\n\t\t<div class=\"sow-carousel-thumbnail\">\n\t\t\t\t\t\t\t<a\n\t\t\t\t\thref=\"https:\/\/site.educa.madrid.org\/ies.lazarocardenas.colladovillalba\/index.php\/2023\/01\/24\/ani-kuni\/\"\n\t\t\t\t\t\t\t\t\t\tstyle=\"background-image: url( https:\/\/site.educa.madrid.org\/ies.lazarocardenas.colladovillalba\/\/wp-content\/uploads\/ies.lazarocardenas.colladovillalba\/2023\/01\/ani-kuni-272x182.jpg )\"\n\t\t\t\t\taria-labelledby=\"sow-carousel-id-5303\"\n\t\t\t\t\ttabindex=\"-1\"\n\t\t\t\t>\n\t\t\t\t\t<span class=\"overlay\"><\/span>\n\t\t\t\t<\/a>\n\t\t\t\t\t<\/div>\n\t\t<h3 class=\"sow-carousel-item-title\">\n\t\t\t<a\n\t\t\t\thref=\"https:\/\/site.educa.madrid.org\/ies.lazarocardenas.colladovillalba\/index.php\/2023\/01\/24\/ani-kuni\/\"\n\t\t\t\tid=\"sow-carousel-id-5303\"\n\t\t\t\t\t\t\t\ttabindex=\"-1\"\n\t\t\t>\n\n\t\t\t\tAni Kuni\t\t\t<\/a>\n\t\t<\/h3>\n\t<\/div>\n\t<div class=\"sow-carousel-item\" tabindex=\"-1\" style=\"float: left;\">\n\t\t<div class=\"sow-carousel-thumbnail\">\n\t\t\t\t\t\t\t<a\n\t\t\t\t\thref=\"https:\/\/site.educa.madrid.org\/ies.lazarocardenas.colladovillalba\/index.php\/2022\/11\/30\/5247\/\"\n\t\t\t\t\t\t\t\t\t\tstyle=\"background-image: url( https:\/\/site.educa.madrid.org\/ies.lazarocardenas.colladovillalba\/\/wp-content\/uploads\/ies.lazarocardenas.colladovillalba\/2022\/11\/Dia-de-la-musica-272x182.jpg )\"\n\t\t\t\t\taria-labelledby=\"sow-carousel-id-5247\"\n\t\t\t\t\ttabindex=\"-1\"\n\t\t\t\t>\n\t\t\t\t\t<span class=\"overlay\"><\/span>\n\t\t\t\t<\/a>\n\t\t\t\t\t<\/div>\n\t\t<h3 class=\"sow-carousel-item-title\">\n\t\t\t<a\n\t\t\t\thref=\"https:\/\/site.educa.madrid.org\/ies.lazarocardenas.colladovillalba\/index.php\/2022\/11\/30\/5247\/\"\n\t\t\t\tid=\"sow-carousel-id-5247\"\n\t\t\t\t\t\t\t\ttabindex=\"-1\"\n\t\t\t>\n\n\t\t\t\tD\u00eda de la m\u00fasica 2022\t\t\t<\/a>\n\t\t<\/h3>\n\t<\/div>\n\t<div class=\"sow-carousel-item\" tabindex=\"-1\" style=\"float: left;\">\n\t\t<div class=\"sow-carousel-thumbnail\">\n\t\t\t\t\t\t\t<a\n\t\t\t\t\thref=\"https:\/\/site.educa.madrid.org\/ies.lazarocardenas.colladovillalba\/index.php\/2021\/01\/28\/curso-21-22\/\"\n\t\t\t\t\t\t\t\t\t\tstyle=\"background-image: url( https:\/\/site.educa.madrid.org\/ies.lazarocardenas.colladovillalba\/\/wp-content\/uploads\/ies.lazarocardenas.colladovillalba\/2023\/01\/premios-literarios-272x182.jpg )\"\n\t\t\t\t\taria-labelledby=\"sow-carousel-id-5346\"\n\t\t\t\t\ttabindex=\"-1\"\n\t\t\t\t>\n\t\t\t\t\t<span class=\"overlay\"><\/span>\n\t\t\t\t<\/a>\n\t\t\t\t\t<\/div>\n\t\t<h3 class=\"sow-carousel-item-title\">\n\t\t\t<a\n\t\t\t\thref=\"https:\/\/site.educa.madrid.org\/ies.lazarocardenas.colladovillalba\/index.php\/2021\/01\/28\/curso-21-22\/\"\n\t\t\t\tid=\"sow-carousel-id-5346\"\n\t\t\t\t\t\t\t\ttabindex=\"-1\"\n\t\t\t>\n\n\t\t\t\tCurso 21-22\t\t\t<\/a>\n\t\t<\/h3>\n\t<\/div>\n\t<div class=\"sow-carousel-item\" tabindex=\"-1\" style=\"float: left;\">\n\t\t<div class=\"sow-carousel-thumbnail\">\n\t\t\t\t\t\t\t<a\n\t\t\t\t\thref=\"https:\/\/site.educa.madrid.org\/ies.lazarocardenas.colladovillalba\/index.php\/2020\/01\/28\/curso-20-21\/\"\n\t\t\t\t\t\t\t\t\t\tstyle=\"background-image: url( https:\/\/site.educa.madrid.org\/ies.lazarocardenas.colladovillalba\/\/wp-content\/uploads\/ies.lazarocardenas.colladovillalba\/2023\/01\/musica-20-21-272x182.png )\"\n\t\t\t\t\taria-labelledby=\"sow-carousel-id-5350\"\n\t\t\t\t\ttabindex=\"-1\"\n\t\t\t\t>\n\t\t\t\t\t<span class=\"overlay\"><\/span>\n\t\t\t\t<\/a>\n\t\t\t\t\t<\/div>\n\t\t<h3 class=\"sow-carousel-item-title\">\n\t\t\t<a\n\t\t\t\thref=\"https:\/\/site.educa.madrid.org\/ies.lazarocardenas.colladovillalba\/index.php\/2020\/01\/28\/curso-20-21\/\"\n\t\t\t\tid=\"sow-carousel-id-5350\"\n\t\t\t\t\t\t\t\ttabindex=\"-1\"\n\t\t\t>\n\n\t\t\t\tCurso 20-21\t\t\t<\/a>\n\t\t<\/h3>\n\t<\/div>\n\t<div class=\"sow-carousel-item\" tabindex=\"-1\" style=\"float: left;\">\n\t\t<div class=\"sow-carousel-thumbnail\">\n\t\t\t\t\t\t\t<a\n\t\t\t\t\thref=\"https:\/\/site.educa.madrid.org\/ies.lazarocardenas.colladovillalba\/index.php\/2019\/01\/28\/cursos-anteriores\/\"\n\t\t\t\t\t\t\t\t\t\tstyle=\"background-image: url( https:\/\/site.educa.madrid.org\/ies.lazarocardenas.colladovillalba\/\/wp-content\/uploads\/ies.lazarocardenas.colladovillalba\/2023\/01\/musica-historico-272x182.png )\"\n\t\t\t\t\taria-labelledby=\"sow-carousel-id-5354\"\n\t\t\t\t\ttabindex=\"-1\"\n\t\t\t\t>\n\t\t\t\t\t<span class=\"overlay\"><\/span>\n\t\t\t\t<\/a>\n\t\t\t\t\t<\/div>\n\t\t<h3 class=\"sow-carousel-item-title\">\n\t\t\t<a\n\t\t\t\thref=\"https:\/\/site.educa.madrid.org\/ies.lazarocardenas.colladovillalba\/index.php\/2019\/01\/28\/cursos-anteriores\/\"\n\t\t\t\tid=\"sow-carousel-id-5354\"\n\t\t\t\t\t\t\t\ttabindex=\"-1\"\n\t\t\t>\n\n\t\t\t\tCursos anteriores\t\t\t<\/a>\n\t\t<\/h3>\n\t<\/div>\n\t\t<\/div>\n\t\t\t<\/div>\n\n\t<\/div>\n\t\t<input type=\"hidden\" name=\"instance_hash\" value=\"6849044b\"\/>\n\t<\/div>\n<\/div><\/div><\/div><\/div><\/div><\/div>","protected":false},"excerpt":{"rendered":"<p>En esta p\u00e1gina encontrar\u00e1s diferentes actividades organizadas por el Departamento de M\u00fasica del centro:<\/p>\n","protected":false},"author":3,"featured_media":0,"parent":0,"menu_order":0,"comment_status":"closed","ping_status":"closed","template":"","meta":{"footnotes":""},"folder":[],"class_list":["post-5335","page","type-page","status-publish","hentry"],"rttpg_featured_image_url":null,"rttpg_author":{"display_name":"ies.lazarocardenas.colladovillalba","author_link":"https:\/\/site.educa.madrid.org\/ies.lazarocardenas.colladovillalba\/index.php\/author\/cuenta_ies-lazarocardenas-colladovillalba\/"},"rttpg_comment":0,"rttpg_category":"","rttpg_excerpt":"En esta p\u00e1gina encontrar\u00e1s diferentes actividades organizadas por el Departamento de M\u00fasica del centro:","post_mailing_queue_ids":[],"_links":{"self":[{"href":"https:\/\/site.educa.madrid.org\/ies.lazarocardenas.colladovillalba\/index.php\/wp-json\/wp\/v2\/pages\/5335","targetHints":{"allow":["GET"]}}],"collection":[{"href":"https:\/\/site.educa.madrid.org\/ies.lazarocardenas.colladovillalba\/index.php\/wp-json\/wp\/v2\/pages"}],"about":[{"href":"https:\/\/site.educa.madrid.org\/ies.lazarocardenas.colladovillalba\/index.php\/wp-json\/wp\/v2\/types\/page"}],"author":[{"embeddable":true,"href":"https:\/\/site.educa.madrid.org\/ies.lazarocardenas.colladovillalba\/index.php\/wp-json\/wp\/v2\/users\/3"}],"replies":[{"embeddable":true,"href":"https:\/\/site.educa.madrid.org\/ies.lazarocardenas.colladovillalba\/index.php\/wp-json\/wp\/v2\/comments?post=5335"}],"version-history":[{"count":10,"href":"https:\/\/site.educa.madrid.org\/ies.lazarocardenas.colladovillalba\/index.php\/wp-json\/wp\/v2\/pages\/5335\/revisions"}],"predecessor-version":[{"id":6360,"href":"https:\/\/site.educa.madrid.org\/ies.lazarocardenas.colladovillalba\/index.php\/wp-json\/wp\/v2\/pages\/5335\/revisions\/6360"}],"wp:attachment":[{"href":"https:\/\/site.educa.madrid.org\/ies.lazarocardenas.colladovillalba\/index.php\/wp-json\/wp\/v2\/media?parent=5335"}],"wp:term":[{"taxonomy":"folder","embeddable":true,"href":"https:\/\/site.educa.madrid.org\/ies.lazarocardenas.colladovillalba\/index.php\/wp-json\/wp\/v2\/folder?post=5335"}],"curies":[{"name":"wp","href":"https:\/\/api.w.org\/{rel}","templated":true}]}}