{"id":5446,"date":"2023-03-09T14:43:06","date_gmt":"2023-03-09T13:43:06","guid":{"rendered":"https:\/\/site.educa.madrid.org\/ies.lazarocardenas.colladovillalba\/?page_id=5446"},"modified":"2026-05-05T12:45:32","modified_gmt":"2026-05-05T10:45:32","slug":"gestion-ambiental","status":"publish","type":"page","link":"https:\/\/site.educa.madrid.org\/ies.lazarocardenas.colladovillalba\/index.php\/gestion-ambiental\/","title":{"rendered":"Gesti\u00f3n ambiental"},"content":{"rendered":"<div id=\"pl-5446\"  class=\"panel-layout\" ><div id=\"pg-5446-0\"  class=\"panel-grid panel-has-style\" ><div class=\"so-parallax siteorigin-panels-stretch panel-row-style panel-row-style-for-5446-0\" data-stretch-type=\"full-width-stretch\" ><img fetchpriority=\"high\" decoding=\"async\" width=\"1440\" height=\"395\" src=\"https:\/\/site.educa.madrid.org\/ies.lazarocardenas.colladovillalba\/\/wp-content\/uploads\/ies.lazarocardenas.colladovillalba\/2022\/07\/historia-del-centro.png\" class=\"attachment-full size-full\" alt=\"\" data-siteorigin-parallax=\"true\" loading=\"eager\" srcset=\"https:\/\/site.educa.madrid.org\/ies.lazarocardenas.colladovillalba\/\/wp-content\/uploads\/ies.lazarocardenas.colladovillalba\/2022\/07\/historia-del-centro.png 1440w, https:\/\/site.educa.madrid.org\/ies.lazarocardenas.colladovillalba\/\/wp-content\/uploads\/ies.lazarocardenas.colladovillalba\/2022\/07\/historia-del-centro-300x82.png 300w, https:\/\/site.educa.madrid.org\/ies.lazarocardenas.colladovillalba\/\/wp-content\/uploads\/ies.lazarocardenas.colladovillalba\/2022\/07\/historia-del-centro-1024x281.png 1024w, https:\/\/site.educa.madrid.org\/ies.lazarocardenas.colladovillalba\/\/wp-content\/uploads\/ies.lazarocardenas.colladovillalba\/2022\/07\/historia-del-centro-768x211.png 768w\" sizes=\"100vw\" \/><div id=\"pgc-5446-0-0\"  class=\"panel-grid-cell panel-grid-cell-empty\" ><\/div><\/div><\/div><div id=\"pg-5446-1\"  class=\"panel-grid panel-has-style\" ><div class=\"siteorigin-panels-stretch panel-row-style panel-row-style-for-5446-1\" data-stretch-type=\"full-width-stretch\" ><div id=\"pgc-5446-1-0\"  class=\"panel-grid-cell\" ><div class=\"panel-cell-style panel-cell-style-for-5446-1-0\" ><div id=\"panel-5446-1-0-0\" class=\"so-panel widget widget_sow-editor panel-first-child panel-last-child\" data-index=\"0\" ><div\n\t\t\t\n\t\t\tclass=\"so-widget-sow-editor so-widget-sow-editor-base\"\n\t\t\t\n\t\t>\n<div class=\"siteorigin-widget-tinymce textwidget\">\n\t<p style=\"font-size: 28px; text-align: center;\"><strong>GESTI\u00d3N AMBIENTAL<\/strong><\/p>\n<p style=\"font-size: 20px;\">La educaci\u00f3n ambiental es uno de los motores de nuestro centro. En el a\u00f1o 2017 se puso en marcha el\u00a0 Proyecto de Centro <strong><a href=\"https:\/\/site.educa.madrid.org\/ies.lazarocardenas.colladovillalba\/index.php\/aromaticas-polinizadores-y-compostaje\/\" target=\"_blank\" rel=\"noopener\">\"Arom\u00e1ticas, Polinizadores y Compostaje\"<\/a>. <\/strong>Desde entonces profesores de diferentes departamentos trabajan con sus alumnos, de forma transversal, diferentes aspectos de las plantas arom\u00e1ticas, la polinizaci\u00f3n y el compostaje.<\/p>\n<p style=\"font-size: 20px;\">Dos de los elementos vertebradores del proyecto son el <strong>vermicompostaje<\/strong> en el laboratorio de Ciencias y un <strong>Huerto Escolar<\/strong> que se ha convertido en una de las actividades complementarias<img loading=\"lazy\" decoding=\"async\" class=\"wp-image-5447 alignright\" src=\"https:\/\/site.educa.madrid.org\/ies.lazarocardenas.colladovillalba\/\/wp-content\/uploads\/ies.lazarocardenas.colladovillalba\/2023\/03\/huerto-300x300.jpg\" alt=\"\" width=\"273\" height=\"273\" srcset=\"https:\/\/site.educa.madrid.org\/ies.lazarocardenas.colladovillalba\/\/wp-content\/uploads\/ies.lazarocardenas.colladovillalba\/2023\/03\/huerto-300x300.jpg 300w, https:\/\/site.educa.madrid.org\/ies.lazarocardenas.colladovillalba\/\/wp-content\/uploads\/ies.lazarocardenas.colladovillalba\/2023\/03\/huerto-1024x1024.jpg 1024w, https:\/\/site.educa.madrid.org\/ies.lazarocardenas.colladovillalba\/\/wp-content\/uploads\/ies.lazarocardenas.colladovillalba\/2023\/03\/huerto-150x150.jpg 150w, https:\/\/site.educa.madrid.org\/ies.lazarocardenas.colladovillalba\/\/wp-content\/uploads\/ies.lazarocardenas.colladovillalba\/2023\/03\/huerto-768x768.jpg 768w, https:\/\/site.educa.madrid.org\/ies.lazarocardenas.colladovillalba\/\/wp-content\/uploads\/ies.lazarocardenas.colladovillalba\/2023\/03\/huerto-1536x1536.jpg 1536w, https:\/\/site.educa.madrid.org\/ies.lazarocardenas.colladovillalba\/\/wp-content\/uploads\/ies.lazarocardenas.colladovillalba\/2023\/03\/huerto-1200x1200.jpg 1200w, https:\/\/site.educa.madrid.org\/ies.lazarocardenas.colladovillalba\/\/wp-content\/uploads\/ies.lazarocardenas.colladovillalba\/2023\/03\/huerto-1980x1980.jpg 1980w, https:\/\/site.educa.madrid.org\/ies.lazarocardenas.colladovillalba\/\/wp-content\/uploads\/ies.lazarocardenas.colladovillalba\/2023\/03\/huerto.jpg 2048w\" sizes=\"auto, (max-width: 273px) 100vw, 273px\" \/> m\u00e1s atractiva para los alumnos. Dos d\u00edas a la semana, durante sus recreos, participan activamente en su mantenimiento acompa\u00f1ados por los profesores responsables.<\/p>\n<p style=\"font-size: 20px;\">En el curso 2019-20 pusimos en marcha un nuevo proyecto para la <a href=\"https:\/\/site.educa.madrid.org\/ies.lazarocardenas.colladovillalba\/index.php\/residuos\/\" target=\"_blank\" rel=\"noopener\"><strong>separaci\u00f3n en origen de los residuos<\/strong><\/a> generados en el propio centro. Tras el par\u00f3n obligado por la situaci\u00f3n sanitaria, hemos vuelto a activarlo durante el curso 2022-23. En las aulas, pasillos y patios se han situado contenedores de recogida selectiva de papel y pl\u00e1sticos que son recogidos y gestionados por los propios alumnos. La cafeter\u00eda del centro dispone de un contenedor espec\u00edfico de restos org\u00e1nicos que se utilizan en la compostera del huerto.<\/p>\n<p style=\"font-size: 20px;\">Durante el curso 2022-23 el centro ha recibido una serie de fondos procedentes del <span class=\"TextRun SCXW157946743 BCX0\" lang=\"ES-ES\" xml:lang=\"ES-ES\" data-contrast=\"auto\"><span class=\"NormalTextRun SCXW157946743 BCX0\">F<\/span><span class=\"NormalTextRun SCXW157946743 BCX0\">ondo <\/span><span class=\"NormalTextRun SCXW157946743 BCX0\">S<\/span><span class=\"NormalTextRun SCXW157946743 BCX0\">ocial <\/span><span class=\"NormalTextRun SCXW157946743 BCX0\">E<\/span><span class=\"NormalTextRun SCXW157946743 BCX0\">uropeo<\/span><\/span>\u00a0<span class=\"TextRun SCXW157946743 BCX0\" lang=\"ES-ES\" xml:lang=\"ES-ES\" data-contrast=\"auto\"><span class=\"NormalTextRun SCXW157946743 BCX0\">en el marco de la <\/span><span class=\"NormalTextRun SCXW157946743 BCX0\">actuaci\u00f3n <\/span><\/span><span class=\"TextRun SCXW157946743 BCX0\" lang=\"ES-ES\" xml:lang=\"ES-ES\" data-contrast=\"auto\"><span class=\"NormalTextRun SCXW157946743 BCX0\">\u201c<\/span><span class=\"NormalTextRun SCXW157946743 BCX0\">S<\/span><span class=\"NormalTextRun SCXW157946743 BCX0\">ostenibilidad <\/span><span class=\"NormalTextRun SCXW157946743 BCX0\">M<\/span><span class=\"NormalTextRun SCXW157946743 BCX0\">edioambiental en programas formativos y gesti\u00f3n de los centros con <\/span><span class=\"NormalTextRun SCXW157946743 BCX0\">E<\/span><span class=\"NormalTextRun SCXW157946743 BCX0\">nse\u00f1anzas de <\/span><span class=\"NormalTextRun SCXW157946743 BCX0\">F<\/span><span class=\"NormalTextRun SCXW157946743 BCX0\">ormaci\u00f3n <\/span><span class=\"NormalTextRun SCXW157946743 BCX0\">P<\/span><span class=\"NormalTextRun SCXW157946743 BCX0\">rofesional\u201d. Gracias a estos recursos hemos puesto en marcha dos proyectos muy ambiciosos, la instalaci\u00f3n de <a href=\"https:\/\/uni001eu5.fusionsolar.huawei.com\/pvmswebsite\/nologin\/assets\/build\/cloud.html#\/kiosk?kk=ipODLbMz0xAdwDaaaswBu8AqntaBby7q\"><strong>paneles solares fotovoltaicos<\/strong><\/a> y la implantaci\u00f3n de la UNE-EN ISO 14001:2015 para articular la gesti\u00f3n ambiental del centro educativo.<\/span><\/span><\/p>\n<p style=\"font-size: 20px;\"><span class=\"TextRun SCXW157946743 BCX0\" lang=\"ES-ES\" xml:lang=\"ES-ES\" data-contrast=\"auto\"><span class=\"NormalTextRun SCXW157946743 BCX0\"> Finalmente, en junio del 2024, y tras dos a\u00f1os de duro trabajo en el que se ha involucrado toda la comunidad educativa, alumnado, profesores y personal de administraci\u00f3n y servicios, el centro ha recibido la certificaci\u00f3n que verifica, tras una auditor\u00eda externa, que cumple con todos los requisitos de ISO 14001:2015.<\/span><\/span><\/p>\n<p><a href=\"https:\/\/site.educa.madrid.org\/ies.lazarocardenas.colladovillalba\/\/wp-content\/uploads\/ies.lazarocardenas.colladovillalba\/2026\/05\/Captura-de-pantalla-2026-05-05-091349.png\"><img loading=\"lazy\" decoding=\"async\" class=\"alignnone wp-image-7767 size-full\" src=\"https:\/\/site.educa.madrid.org\/ies.lazarocardenas.colladovillalba\/\/wp-content\/uploads\/ies.lazarocardenas.colladovillalba\/2026\/05\/Captura-de-pantalla-2026-05-05-091349.png\" alt=\"\" width=\"1233\" height=\"682\" srcset=\"https:\/\/site.educa.madrid.org\/ies.lazarocardenas.colladovillalba\/\/wp-content\/uploads\/ies.lazarocardenas.colladovillalba\/2026\/05\/Captura-de-pantalla-2026-05-05-091349.png 1233w, https:\/\/site.educa.madrid.org\/ies.lazarocardenas.colladovillalba\/\/wp-content\/uploads\/ies.lazarocardenas.colladovillalba\/2026\/05\/Captura-de-pantalla-2026-05-05-091349-300x166.png 300w, https:\/\/site.educa.madrid.org\/ies.lazarocardenas.colladovillalba\/\/wp-content\/uploads\/ies.lazarocardenas.colladovillalba\/2026\/05\/Captura-de-pantalla-2026-05-05-091349-1024x566.png 1024w, https:\/\/site.educa.madrid.org\/ies.lazarocardenas.colladovillalba\/\/wp-content\/uploads\/ies.lazarocardenas.colladovillalba\/2026\/05\/Captura-de-pantalla-2026-05-05-091349-768x425.png 768w\" sizes=\"auto, (max-width: 706px) 89vw, (max-width: 767px) 82vw, 740px\" \/><\/a><\/p>\n<p><a href=\"https:\/\/site.educa.madrid.org\/ies.lazarocardenas.colladovillalba\/\/wp-content\/uploads\/ies.lazarocardenas.colladovillalba\/2026\/05\/Desempeno_Ambiental_2025_2026.pdf\"><img loading=\"lazy\" decoding=\"async\" class=\"aligncenter wp-image-7770\" src=\"https:\/\/site.educa.madrid.org\/ies.lazarocardenas.colladovillalba\/\/wp-content\/uploads\/ies.lazarocardenas.colladovillalba\/2026\/05\/Desempeno-ambiental-24-25-300x164.png\" alt=\"\" width=\"540\" height=\"295\" srcset=\"https:\/\/site.educa.madrid.org\/ies.lazarocardenas.colladovillalba\/\/wp-content\/uploads\/ies.lazarocardenas.colladovillalba\/2026\/05\/Desempeno-ambiental-24-25-300x164.png 300w, https:\/\/site.educa.madrid.org\/ies.lazarocardenas.colladovillalba\/\/wp-content\/uploads\/ies.lazarocardenas.colladovillalba\/2026\/05\/Desempeno-ambiental-24-25-1024x558.png 1024w, https:\/\/site.educa.madrid.org\/ies.lazarocardenas.colladovillalba\/\/wp-content\/uploads\/ies.lazarocardenas.colladovillalba\/2026\/05\/Desempeno-ambiental-24-25-768x419.png 768w, https:\/\/site.educa.madrid.org\/ies.lazarocardenas.colladovillalba\/\/wp-content\/uploads\/ies.lazarocardenas.colladovillalba\/2026\/05\/Desempeno-ambiental-24-25.png 1124w\" sizes=\"auto, (max-width: 540px) 100vw, 540px\" \/><img loading=\"lazy\" decoding=\"async\" class=\"aligncenter size-full wp-image-7018\" src=\"https:\/\/site.educa.madrid.org\/ies.lazarocardenas.colladovillalba\/\/wp-content\/uploads\/ies.lazarocardenas.colladovillalba\/2025\/05\/Objetivos-24-25.jpg\" alt=\"\" width=\"1280\" height=\"720\" srcset=\"https:\/\/site.educa.madrid.org\/ies.lazarocardenas.colladovillalba\/\/wp-content\/uploads\/ies.lazarocardenas.colladovillalba\/2025\/05\/Objetivos-24-25.jpg 1280w, https:\/\/site.educa.madrid.org\/ies.lazarocardenas.colladovillalba\/\/wp-content\/uploads\/ies.lazarocardenas.colladovillalba\/2025\/05\/Objetivos-24-25-300x169.jpg 300w, https:\/\/site.educa.madrid.org\/ies.lazarocardenas.colladovillalba\/\/wp-content\/uploads\/ies.lazarocardenas.colladovillalba\/2025\/05\/Objetivos-24-25-1024x576.jpg 1024w, https:\/\/site.educa.madrid.org\/ies.lazarocardenas.colladovillalba\/\/wp-content\/uploads\/ies.lazarocardenas.colladovillalba\/2025\/05\/Objetivos-24-25-768x432.jpg 768w\" sizes=\"auto, (max-width: 706px) 89vw, (max-width: 767px) 82vw, 740px\" \/><img loading=\"lazy\" decoding=\"async\" class=\"aligncenter wp-image-7014\" src=\"https:\/\/site.educa.madrid.org\/ies.lazarocardenas.colladovillalba\/\/wp-content\/uploads\/ies.lazarocardenas.colladovillalba\/2025\/05\/R_P03_02_Desempeno_Ambiental_2023-2024_v.01.jpg\" alt=\"\" width=\"525\" height=\"295\" srcset=\"https:\/\/site.educa.madrid.org\/ies.lazarocardenas.colladovillalba\/\/wp-content\/uploads\/ies.lazarocardenas.colladovillalba\/2025\/05\/R_P03_02_Desempeno_Ambiental_2023-2024_v.01.jpg 1280w, https:\/\/site.educa.madrid.org\/ies.lazarocardenas.colladovillalba\/\/wp-content\/uploads\/ies.lazarocardenas.colladovillalba\/2025\/05\/R_P03_02_Desempeno_Ambiental_2023-2024_v.01-300x169.jpg 300w, https:\/\/site.educa.madrid.org\/ies.lazarocardenas.colladovillalba\/\/wp-content\/uploads\/ies.lazarocardenas.colladovillalba\/2025\/05\/R_P03_02_Desempeno_Ambiental_2023-2024_v.01-1024x576.jpg 1024w, https:\/\/site.educa.madrid.org\/ies.lazarocardenas.colladovillalba\/\/wp-content\/uploads\/ies.lazarocardenas.colladovillalba\/2025\/05\/R_P03_02_Desempeno_Ambiental_2023-2024_v.01-768x432.jpg 768w\" sizes=\"auto, (max-width: 525px) 100vw, 525px\" \/><img loading=\"lazy\" decoding=\"async\" class=\"aligncenter wp-image-6219\" src=\"https:\/\/site.educa.madrid.org\/ies.lazarocardenas.colladovillalba\/\/wp-content\/uploads\/ies.lazarocardenas.colladovillalba\/2024\/02\/obj.ambientales.jpg\" alt=\"\" width=\"900\" height=\"506\" srcset=\"https:\/\/site.educa.madrid.org\/ies.lazarocardenas.colladovillalba\/\/wp-content\/uploads\/ies.lazarocardenas.colladovillalba\/2024\/02\/obj.ambientales.jpg 1280w, https:\/\/site.educa.madrid.org\/ies.lazarocardenas.colladovillalba\/\/wp-content\/uploads\/ies.lazarocardenas.colladovillalba\/2024\/02\/obj.ambientales-300x169.jpg 300w, https:\/\/site.educa.madrid.org\/ies.lazarocardenas.colladovillalba\/\/wp-content\/uploads\/ies.lazarocardenas.colladovillalba\/2024\/02\/obj.ambientales-1024x576.jpg 1024w, https:\/\/site.educa.madrid.org\/ies.lazarocardenas.colladovillalba\/\/wp-content\/uploads\/ies.lazarocardenas.colladovillalba\/2024\/02\/obj.ambientales-768x432.jpg 768w, https:\/\/site.educa.madrid.org\/ies.lazarocardenas.colladovillalba\/\/wp-content\/uploads\/ies.lazarocardenas.colladovillalba\/2024\/02\/obj.ambientales-1200x675.jpg 1200w\" sizes=\"auto, (max-width: 706px) 89vw, (max-width: 767px) 82vw, 740px\" \/><\/a><br \/>\n<a href=\"https:\/\/site.educa.madrid.org\/ies.lazarocardenas.colladovillalba\/\/wp-content\/uploads\/ies.lazarocardenas.colladovillalba\/2024\/03\/R_P03_02_Desempeno_Ambiental_2022-2023.pdf\"><img loading=\"lazy\" decoding=\"async\" class=\"aligncenter wp-image-6262\" src=\"https:\/\/site.educa.madrid.org\/ies.lazarocardenas.colladovillalba\/\/wp-content\/uploads\/ies.lazarocardenas.colladovillalba\/2024\/03\/desempeno-ambiental-22_23.jpg\" alt=\"\" width=\"344\" height=\"349\" srcset=\"https:\/\/site.educa.madrid.org\/ies.lazarocardenas.colladovillalba\/\/wp-content\/uploads\/ies.lazarocardenas.colladovillalba\/2024\/03\/desempeno-ambiental-22_23.jpg 703w, https:\/\/site.educa.madrid.org\/ies.lazarocardenas.colladovillalba\/\/wp-content\/uploads\/ies.lazarocardenas.colladovillalba\/2024\/03\/desempeno-ambiental-22_23-296x300.jpg 296w, https:\/\/site.educa.madrid.org\/ies.lazarocardenas.colladovillalba\/\/wp-content\/uploads\/ies.lazarocardenas.colladovillalba\/2024\/03\/desempeno-ambiental-22_23-100x100.jpg 100w\" sizes=\"auto, (max-width: 344px) 100vw, 344px\" \/><\/a><\/p>\n<\/div>\n<\/div><\/div><\/div><\/div><div id=\"pgc-5446-1-1\"  class=\"panel-grid-cell\" ><div class=\"panel-cell-style panel-cell-style-for-5446-1-1\" ><div id=\"panel-5446-1-1-0\" class=\"so-panel widget widget_text panel-first-child\" data-index=\"1\" >\t\t\t<div class=\"textwidget\"><p>&nbsp;<\/p>\n<p style=\"font-size: 28px; text-align: center;\"><strong>DESCARGA DOCUMENTACI\u00d3N ISO 14001<\/strong><\/p>\n<\/div>\n\t\t<\/div><div id=\"panel-5446-1-1-1\" class=\"so-panel widget widget_sow-button\" data-index=\"2\" ><div\n\t\t\t\n\t\t\tclass=\"so-widget-sow-button so-widget-sow-button-wire-4eddee637b7e-5446\"\n\t\t\t\n\t\t><div class=\"ow-button-base ow-button-align-center\">\n\t<a\n\thref=\"https:\/\/cloud.educa.madrid.org\/s\/QQc54DxA7bnosX7\"\n\t\tclass=\"ow-icon-placement-left ow-button-hover\" target=\"_blank\" rel=\"noopener noreferrer\" \t>\n\t\t<span>\n\t\t\t<span class=\"sow-icon-elegantline\" data-sow-icon=\"&#xe04d;\"\n\t\tstyle=\"color: #dd3333\" \n\t\taria-hidden=\"true\"><\/span>\n\t\t\tDescarga el certificado ISO 14001:2015\t\t<\/span>\n\t<\/a>\n<\/div>\n<\/div><\/div><div id=\"panel-5446-1-1-2\" class=\"so-panel widget widget_sow-button\" data-index=\"3\" ><div\n\t\t\t\n\t\t\tclass=\"so-widget-sow-button so-widget-sow-button-wire-4eddee637b7e-5446\"\n\t\t\t\n\t\t><div class=\"ow-button-base ow-button-align-center\">\n\t<a\n\thref=\"https:\/\/site.educa.madrid.org\/ies.lazarocardenas.colladovillalba\/\/wp-content\/uploads\/ies.lazarocardenas.colladovillalba\/2026\/05\/R_P02_01_Politica_firmada_v.03.pdf\"\n\t\tclass=\"ow-icon-placement-left ow-button-hover\" target=\"_blank\" rel=\"noopener noreferrer\" \t>\n\t\t<span>\n\t\t\t<span class=\"sow-icon-elegantline\" data-sow-icon=\"&#xe04d;\"\n\t\tstyle=\"color: #dd3333\" \n\t\taria-hidden=\"true\"><\/span>\n\t\t\tDescarga la Pol\u00edtica Medioambiental del centro\t\t<\/span>\n\t<\/a>\n<\/div>\n<\/div><\/div><div id=\"panel-5446-1-1-3\" class=\"so-panel widget widget_sow-button\" data-index=\"4\" ><div\n\t\t\t\n\t\t\tclass=\"so-widget-sow-button so-widget-sow-button-wire-4eddee637b7e-5446\"\n\t\t\t\n\t\t><div class=\"ow-button-base ow-button-align-center\">\n\t<a\n\thref=\"https:\/\/uni001eu5.fusionsolar.huawei.com\/pvmswebsite\/nologin\/assets\/build\/cloud.html#\/kiosk?kk=giAj7N0BquogOv71dFtsLwd5js8OsvMp\"\n\t\tclass=\"ow-icon-placement-left ow-button-hover\" target=\"_blank\" rel=\"noopener noreferrer\" \t>\n\t\t<span>\n\t\t\t<span class=\"sow-icon-elegantline\" data-sow-icon=\"&#xe04d;\"\n\t\tstyle=\"color: #dd3333\" \n\t\taria-hidden=\"true\"><\/span>\n\t\t\tInstalaci\u00f3n solar fotovoltaica IES L\u00e1zaro C\u00e1rdenas\t\t<\/span>\n\t<\/a>\n<\/div>\n<\/div><\/div><div id=\"panel-5446-1-1-4\" class=\"so-panel widget widget_sow-button\" data-index=\"5\" ><div\n\t\t\t\n\t\t\tclass=\"so-widget-sow-button so-widget-sow-button-wire-3688d20714a7-5446\"\n\t\t\t\n\t\t><div class=\"ow-button-base ow-button-align-center\">\n\t<a\n\thref=\"https:\/\/site.educa.madrid.org\/ies.lazarocardenas.colladovillalba\/index.php\/residuos\/\"\n\t\tclass=\"ow-icon-placement-left ow-button-hover\" target=\"_blank\" rel=\"noopener noreferrer\" \t>\n\t\t<span>\n\t\t\t<span class=\"sow-icon-elegantline\" data-sow-icon=\"&#xe04d;\"\n\t\tstyle=\"color: #dd3333\" \n\t\taria-hidden=\"true\"><\/span>\n\t\t\tProyecto separaci\u00f3n residuos\t\t<\/span>\n\t<\/a>\n<\/div>\n<\/div><\/div><div id=\"panel-5446-1-1-5\" class=\"so-panel widget widget_sow-button\" data-index=\"6\" ><div\n\t\t\t\n\t\t\tclass=\"so-widget-sow-button so-widget-sow-button-wire-3688d20714a7-5446\"\n\t\t\t\n\t\t><div class=\"ow-button-base ow-button-align-center\">\n\t<a\n\thref=\"https:\/\/site.educa.madrid.org\/ies.lazarocardenas.colladovillalba\/index.php\/aromaticas-polinizadores-y-compostaje\/\"\n\t\tclass=\"ow-icon-placement-left ow-button-hover\" target=\"_blank\" rel=\"noopener noreferrer\" \t>\n\t\t<span>\n\t\t\t<span class=\"sow-icon-elegantline\" data-sow-icon=\"&#xe04d;\"\n\t\tstyle=\"color: #dd3333\" \n\t\taria-hidden=\"true\"><\/span>\n\t\t\tProyecto Arom\u00e1ticas, polinizadores y compostaje\t\t<\/span>\n\t<\/a>\n<\/div>\n<\/div><\/div><div id=\"panel-5446-1-1-6\" class=\"so-panel widget widget_sow-button\" data-index=\"7\" ><div\n\t\t\t\n\t\t\tclass=\"so-widget-sow-button so-widget-sow-button-wire-3688d20714a7-5446\"\n\t\t\t\n\t\t><div class=\"ow-button-base ow-button-align-center\">\n\t<a\n\thref=\"https:\/\/site.educa.madrid.org\/ies.lazarocardenas.colladovillalba\/\/wp-content\/uploads\/ies.lazarocardenas.colladovillalba\/2022\/11\/EtiquetaCertificado.pdf\"\n\t\tclass=\"ow-icon-placement-left ow-button-hover\" target=\"_blank\" rel=\"noopener noreferrer\" \t>\n\t\t<span>\n\t\t\t<span class=\"sow-icon-elegantline\" data-sow-icon=\"&#xe04d;\"\n\t\tstyle=\"color: #dd3333\" \n\t\taria-hidden=\"true\"><\/span>\n\t\t\tCertificado energ\u00e9tico\t\t<\/span>\n\t<\/a>\n<\/div>\n<\/div><\/div><div id=\"panel-5446-1-1-7\" class=\"so-panel widget widget_sow-button panel-last-child\" data-index=\"8\" ><div\n\t\t\t\n\t\t\tclass=\"so-widget-sow-button so-widget-sow-button-wire-3688d20714a7-5446\"\n\t\t\t\n\t\t><div class=\"ow-button-base ow-button-align-center\">\n\t<a\n\thref=\"https:\/\/cloud.educa.madrid.org\/s\/95njYfcKrCmjMxp\"\n\t\tclass=\"ow-icon-placement-left ow-button-hover\" target=\"_blank\" rel=\"noopener noreferrer\" \t>\n\t\t<span>\n\t\t\t<span class=\"sow-icon-elegantline\" data-sow-icon=\"&#xe04d;\"\n\t\tstyle=\"color: #dd3333\" \n\t\taria-hidden=\"true\"><\/span>\n\t\t\tFichas seguridad\t\t<\/span>\n\t<\/a>\n<\/div>\n<\/div><\/div><\/div><\/div><\/div><\/div><\/div>","protected":false},"excerpt":{"rendered":"<p>GESTI\u00d3N AMBIENTAL La educaci\u00f3n ambiental es uno de los motores de nuestro centro. En el a\u00f1o 2017 se puso en marcha el\u00a0 Proyecto de Centro \u00abArom\u00e1ticas, Polinizadores y Compostaje\u00bb. Desde entonces profesores de diferentes departamentos trabajan con sus alumnos, de forma transversal, diferentes aspectos de las plantas arom\u00e1ticas, la polinizaci\u00f3n y el compostaje. Dos de &hellip; <\/p>\n<p class=\"link-more\"><a href=\"https:\/\/site.educa.madrid.org\/ies.lazarocardenas.colladovillalba\/index.php\/gestion-ambiental\/\" class=\"more-link\">Continuar leyendo<span class=\"screen-reader-text\"> \u00abGesti\u00f3n ambiental\u00bb<\/span><\/a><\/p>\n","protected":false},"author":3,"featured_media":0,"parent":0,"menu_order":0,"comment_status":"closed","ping_status":"closed","template":"","meta":{"footnotes":""},"folder":[],"class_list":["post-5446","page","type-page","status-publish","hentry"],"rttpg_featured_image_url":null,"rttpg_author":{"display_name":"ies.lazarocardenas.colladovillalba","author_link":"https:\/\/site.educa.madrid.org\/ies.lazarocardenas.colladovillalba\/index.php\/author\/cuenta_ies-lazarocardenas-colladovillalba\/"},"rttpg_comment":0,"rttpg_category":false,"rttpg_excerpt":"GESTI\u00d3N AMBIENTAL La educaci\u00f3n ambiental es uno de los motores de nuestro centro. En el a\u00f1o 2017 se puso en marcha el\u00a0 Proyecto de Centro \"Arom\u00e1ticas, Polinizadores y Compostaje\". Desde entonces profesores de diferentes departamentos trabajan con sus alumnos, de forma transversal, diferentes aspectos de las plantas arom\u00e1ticas, la polinizaci\u00f3n y el compostaje. Dos de&hellip;","post_mailing_queue_ids":[],"_links":{"self":[{"href":"https:\/\/site.educa.madrid.org\/ies.lazarocardenas.colladovillalba\/index.php\/wp-json\/wp\/v2\/pages\/5446","targetHints":{"allow":["GET"]}}],"collection":[{"href":"https:\/\/site.educa.madrid.org\/ies.lazarocardenas.colladovillalba\/index.php\/wp-json\/wp\/v2\/pages"}],"about":[{"href":"https:\/\/site.educa.madrid.org\/ies.lazarocardenas.colladovillalba\/index.php\/wp-json\/wp\/v2\/types\/page"}],"author":[{"embeddable":true,"href":"https:\/\/site.educa.madrid.org\/ies.lazarocardenas.colladovillalba\/index.php\/wp-json\/wp\/v2\/users\/3"}],"replies":[{"embeddable":true,"href":"https:\/\/site.educa.madrid.org\/ies.lazarocardenas.colladovillalba\/index.php\/wp-json\/wp\/v2\/comments?post=5446"}],"version-history":[{"count":50,"href":"https:\/\/site.educa.madrid.org\/ies.lazarocardenas.colladovillalba\/index.php\/wp-json\/wp\/v2\/pages\/5446\/revisions"}],"predecessor-version":[{"id":7777,"href":"https:\/\/site.educa.madrid.org\/ies.lazarocardenas.colladovillalba\/index.php\/wp-json\/wp\/v2\/pages\/5446\/revisions\/7777"}],"wp:attachment":[{"href":"https:\/\/site.educa.madrid.org\/ies.lazarocardenas.colladovillalba\/index.php\/wp-json\/wp\/v2\/media?parent=5446"}],"wp:term":[{"taxonomy":"folder","embeddable":true,"href":"https:\/\/site.educa.madrid.org\/ies.lazarocardenas.colladovillalba\/index.php\/wp-json\/wp\/v2\/folder?post=5446"}],"curies":[{"name":"wp","href":"https:\/\/api.w.org\/{rel}","templated":true}]}}