{"id":5842,"date":"2023-07-11T10:49:37","date_gmt":"2023-07-11T08:49:37","guid":{"rendered":"https:\/\/site.educa.madrid.org\/ies.lazarocardenas.colladovillalba\/?page_id=5842"},"modified":"2024-03-05T16:53:42","modified_gmt":"2024-03-05T15:53:42","slug":"convalidaciones-ciclos","status":"publish","type":"page","link":"https:\/\/site.educa.madrid.org\/ies.lazarocardenas.colladovillalba\/index.php\/convalidaciones-ciclos\/","title":{"rendered":"Convalidaciones Ciclos"},"content":{"rendered":"<div id=\"pl-5842\"  class=\"panel-layout\" ><div id=\"pg-5842-0\"  class=\"panel-grid panel-has-style\" ><div class=\"so-parallax siteorigin-panels-stretch panel-row-style panel-row-style-for-5842-0\" data-stretch-type=\"full-stretched-padded\" ><img fetchpriority=\"high\" decoding=\"async\" width=\"1440\" height=\"395\" src=\"https:\/\/site.educa.madrid.org\/ies.lazarocardenas.colladovillalba\/\/wp-content\/uploads\/ies.lazarocardenas.colladovillalba\/2022\/07\/historia-del-centro.png\" class=\"attachment-full size-full\" alt=\"\" data-siteorigin-parallax=\"true\" loading=\"eager\" srcset=\"https:\/\/site.educa.madrid.org\/ies.lazarocardenas.colladovillalba\/\/wp-content\/uploads\/ies.lazarocardenas.colladovillalba\/2022\/07\/historia-del-centro.png 1440w, https:\/\/site.educa.madrid.org\/ies.lazarocardenas.colladovillalba\/\/wp-content\/uploads\/ies.lazarocardenas.colladovillalba\/2022\/07\/historia-del-centro-300x82.png 300w, https:\/\/site.educa.madrid.org\/ies.lazarocardenas.colladovillalba\/\/wp-content\/uploads\/ies.lazarocardenas.colladovillalba\/2022\/07\/historia-del-centro-1024x281.png 1024w, https:\/\/site.educa.madrid.org\/ies.lazarocardenas.colladovillalba\/\/wp-content\/uploads\/ies.lazarocardenas.colladovillalba\/2022\/07\/historia-del-centro-768x211.png 768w\" sizes=\"100vw\" \/><div id=\"pgc-5842-0-0\"  class=\"panel-grid-cell panel-grid-cell-empty\" ><\/div><\/div><\/div><div id=\"pg-5842-1\"  class=\"panel-grid panel-has-style\" ><div class=\"siteorigin-panels-stretch panel-row-style panel-row-style-for-5842-1\" data-stretch-type=\"full-stretched-padded\" ><div id=\"pgc-5842-1-0\"  class=\"panel-grid-cell\" ><div id=\"panel-5842-1-0-0\" class=\"so-panel widget widget_sow-editor panel-first-child\" data-index=\"0\" ><div\n\t\t\t\n\t\t\tclass=\"so-widget-sow-editor so-widget-sow-editor-base\"\n\t\t\t\n\t\t>\n<div class=\"siteorigin-widget-tinymce textwidget\">\n\t<p style=\"font-size: 20px;\"><strong>ATENCI\u00d3N PRESENCIAL<\/strong><\/p>\n<p style=\"font-size: 20px;\">Para cualquier tr\u00e1mite administrativo (certificados, tasas, recogida de t\u00edtulos, etc.) pueden contactar en el correo secretaria.ies.lazarocardenas.colladovillalba@educa.madrid.org para solicitar cualquier documentaci\u00f3n o en el tel\u00e9fono 918514581 (en horario de 9 a 13:00).<\/p>\n<\/div>\n<\/div><\/div><div id=\"panel-5842-1-0-1\" class=\"so-panel widget widget_sow-editor\" data-index=\"1\" ><div\n\t\t\t\n\t\t\tclass=\"so-widget-sow-editor so-widget-sow-editor-base\"\n\t\t\t\n\t\t>\n<div class=\"siteorigin-widget-tinymce textwidget\">\n\t<h1 style=\"font-size: 20px;\"><strong>CONVALIDACIONES CICLOS FORMATIVOS<\/strong><\/h1>\n<p>Se pueden convalidar uno o varios m\u00f3dulos profesionales con determinados estudios de formaci\u00f3n profesional, estudios universitarios y con la acreditaci\u00f3n de unidades de competencia.\u00a0 La solicitud de convalidaci\u00f3n requiere la previa matriculaci\u00f3n del alumno en el m\u00f3dulo profesional correspondiente y, en su caso, el abono de los precios p\u00fablicos establecidos. Cuando se convalida un m\u00f3dulo profesional, se da por superado y ya no existe obligaci\u00f3n de acudir a sus clases ni realizar sus actividades.<\/p>\n<\/div>\n<\/div><\/div><div id=\"panel-5842-1-0-2\" class=\"so-panel widget widget_sow-button\" data-index=\"2\" ><div\n\t\t\t\n\t\t\tclass=\"so-widget-sow-button so-widget-sow-button-wire-946e3da752a1-5842\"\n\t\t\t\n\t\t><div class=\"ow-button-base ow-button-align-center\">\n\t<a\n\thref=\"https:\/\/site.educa.madrid.org\/ies.lazarocardenas.colladovillalba\/\/wp-content\/uploads\/ies.lazarocardenas.colladovillalba\/2023\/07\/Informacion-Convalidaciones-Alumnos-23_24.pdf\"\n\t\tclass=\"ow-icon-placement-left ow-button-hover\" target=\"_blank\" rel=\"noopener noreferrer\" \t>\n\t\t<span>\n\t\t\t<span class=\"sow-icon-elegantline\" data-sow-icon=\"&#xe04d;\"\n\t\tstyle=\"color: #e34353\" \n\t\taria-hidden=\"true\"><\/span>\n\t\t\t Descarga aqu\u00ed informaci\u00f3n detallada procedimiento convalidaciones IES L\u00e1zaro C\u00e1rdenas\t\t<\/span>\n\t<\/a>\n<\/div>\n<\/div><\/div><div id=\"panel-5842-1-0-3\" class=\"so-panel widget widget_sow-button\" data-index=\"3\" ><div\n\t\t\t\n\t\t\tclass=\"so-widget-sow-button so-widget-sow-button-wire-946e3da752a1-5842\"\n\t\t\t\n\t\t><div class=\"ow-button-base ow-button-align-center\">\n\t<a\n\thref=\"https:\/\/site.educa.madrid.org\/ies.lazarocardenas.colladovillalba\/\/wp-content\/uploads\/ies.lazarocardenas.colladovillalba\/2023\/07\/Anexo-I-Solicitud-Convalidaciones-Modulos-Titulo.docx\"\n\t\tclass=\"ow-icon-placement-left ow-button-hover\" target=\"_blank\" rel=\"noopener noreferrer\" \t>\n\t\t<span>\n\t\t\t<span class=\"sow-icon-elegantline\" data-sow-icon=\"&#xe04d;\"\n\t\tstyle=\"color: #e34353\" \n\t\taria-hidden=\"true\"><\/span>\n\t\t\tDescarga anexo I. Solicitud convalidaci\u00f3n m\u00f3dulos\t\t<\/span>\n\t<\/a>\n<\/div>\n<\/div><\/div><div id=\"panel-5842-1-0-4\" class=\"so-panel widget widget_sow-button\" data-index=\"4\" ><div\n\t\t\t\n\t\t\tclass=\"so-widget-sow-button so-widget-sow-button-wire-946e3da752a1-5842\"\n\t\t\t\n\t\t><div class=\"ow-button-base ow-button-align-center\">\n\t<a\n\thref=\"https:\/\/site.educa.madrid.org\/ies.lazarocardenas.colladovillalba\/\/wp-content\/uploads\/ies.lazarocardenas.colladovillalba\/2023\/07\/Anexo-I-Solicitud-convalidaciones-Modulos-Comunidad_Madrid.docx\"\n\t\tclass=\"ow-icon-placement-left ow-button-hover\" target=\"_blank\" rel=\"noopener noreferrer\" \t>\n\t\t<span>\n\t\t\t<span class=\"sow-icon-elegantline\" data-sow-icon=\"&#xe04d;\"\n\t\tstyle=\"color: #e34353\" \n\t\taria-hidden=\"true\"><\/span>\n\t\t\tDescarga anexo I. Solicitud convalidaci\u00f3n m\u00f3dulos propios de la Comunidad de Madrid\t\t<\/span>\n\t<\/a>\n<\/div>\n<\/div><\/div><div id=\"panel-5842-1-0-5\" class=\"so-panel widget widget_sow-button\" data-index=\"5\" ><div\n\t\t\t\n\t\t\tclass=\"so-widget-sow-button so-widget-sow-button-wire-946e3da752a1-5842\"\n\t\t\t\n\t\t><div class=\"ow-button-base ow-button-align-center\">\n\t<a\n\thref=\"https:\/\/site.educa.madrid.org\/ies.lazarocardenas.colladovillalba\/\/wp-content\/uploads\/ies.lazarocardenas.colladovillalba\/2022\/09\/2021-06-22-Instrucciones-Convalidaciones.pdf\"\n\t\tclass=\"ow-icon-placement-left ow-button-hover\" target=\"_blank\" rel=\"noopener noreferrer\" \t>\n\t\t<span>\n\t\t\t<span class=\"sow-icon-elegantline\" data-sow-icon=\"&#xe04d;\"\n\t\tstyle=\"color: #e34353\" \n\t\taria-hidden=\"true\"><\/span>\n\t\t\tDescarga instrucciones de la Direcci\u00f3n General FP procedimiento resoluci\u00f3n solicitudes convalidaci\u00f3n m\u00f3dulos FP \t\t<\/span>\n\t<\/a>\n<\/div>\n<\/div><\/div><div id=\"panel-5842-1-0-6\" class=\"so-panel widget widget_sow-editor panel-last-child\" data-index=\"6\" ><div\n\t\t\t\n\t\t\tclass=\"so-widget-sow-editor so-widget-sow-editor-base\"\n\t\t\t\n\t\t>\n<div class=\"siteorigin-widget-tinymce textwidget\">\n\t<p style=\"font-size: 20px;\">(En el anexo 1 ORIENTACIONES PARA EL ALUMNADO QUE DESEE SOLICITAR LA CONVALIDACI\u00d3N DE M\u00d3DULOS PROFESIONALES INCORPORADOS EN LOS PLANES DE ESTUDIOS POR LA COMUNIDAD DE MADRID CUYO OBJETO DE ESTUDIO SEA UNA LENGUA EXTRANJERA.)<br \/>\nCuando se convalida un m\u00f3dulo profesional, se da por superado y ya no existe obligaci\u00f3n de acudir a sus clases ni realizar sus actividades.<\/p>\n<\/div>\n<\/div><\/div><\/div><div id=\"pgc-5842-1-1\"  class=\"panel-grid-cell\" ><div id=\"panel-5842-1-1-0\" class=\"so-panel widget widget_sow-editor panel-first-child\" data-index=\"7\" ><div\n\t\t\t\n\t\t\tclass=\"so-widget-sow-editor so-widget-sow-editor-base\"\n\t\t\t\n\t\t>\n<div class=\"siteorigin-widget-tinymce textwidget\">\n\t<p style=\"font-size: 20px;\"><strong>Otras Solicitudes Formaci\u00f3n Profesional:<\/strong><\/p>\n<\/div>\n<\/div><\/div><div id=\"panel-5842-1-1-1\" class=\"so-panel widget widget_sow-button\" data-index=\"8\" ><div\n\t\t\t\n\t\t\tclass=\"so-widget-sow-button so-widget-sow-button-wire-946e3da752a1-5842\"\n\t\t\t\n\t\t><div class=\"ow-button-base ow-button-align-center\">\n\t<a\n\thref=\"https:\/\/site.educa.madrid.org\/ies.lazarocardenas.colladovillalba\/\/wp-content\/uploads\/ies.lazarocardenas.colladovillalba\/2022\/09\/solicitud-aplazamiento-FCT-4R.pdf\"\n\t\tclass=\"ow-icon-placement-left ow-button-hover\" target=\"_blank\" rel=\"noopener noreferrer\" \t>\n\t\t<span>\n\t\t\t<span class=\"sow-icon-elegantline\" data-sow-icon=\"&#xe04d;\"\n\t\tstyle=\"color: #e34353\" \n\t\taria-hidden=\"true\"><\/span>\n\t\t\t Aplazamiento FCT\t\t<\/span>\n\t<\/a>\n<\/div>\n<\/div><\/div><div id=\"panel-5842-1-1-2\" class=\"so-panel widget widget_sow-button\" data-index=\"9\" ><div\n\t\t\t\n\t\t\tclass=\"so-widget-sow-button so-widget-sow-button-wire-946e3da752a1-5842\"\n\t\t\t\n\t\t><div class=\"ow-button-base ow-button-align-center\">\n\t<a\n\thref=\"https:\/\/site.educa.madrid.org\/ies.lazarocardenas.colladovillalba\/\/wp-content\/uploads\/ies.lazarocardenas.colladovillalba\/2022\/09\/Solicitud-exencion-FCT-13-N.pdf\"\n\t\tclass=\"ow-icon-placement-left ow-button-hover\" target=\"_blank\" rel=\"noopener noreferrer\" \t>\n\t\t<span>\n\t\t\t<span class=\"sow-icon-elegantline\" data-sow-icon=\"&#xe04d;\"\n\t\tstyle=\"color: #e34353\" \n\t\taria-hidden=\"true\"><\/span>\n\t\t\tExenci\u00f3n FCT\t\t<\/span>\n\t<\/a>\n<\/div>\n<\/div><\/div><div id=\"panel-5842-1-1-3\" class=\"so-panel widget widget_sow-button\" data-index=\"10\" ><div\n\t\t\t\n\t\t\tclass=\"so-widget-sow-button so-widget-sow-button-wire-946e3da752a1-5842\"\n\t\t\t\n\t\t><div class=\"ow-button-base ow-button-align-center\">\n\t<a\n\thref=\"https:\/\/site.educa.madrid.org\/ies.lazarocardenas.colladovillalba\/\/wp-content\/uploads\/ies.lazarocardenas.colladovillalba\/2022\/09\/solicitud-renuncia-convocatorias-3R.pdf\"\n\t\tclass=\"ow-icon-placement-left ow-button-hover\" target=\"_blank\" rel=\"noopener noreferrer\" \t>\n\t\t<span>\n\t\t\t<span class=\"sow-icon-elegantline\" data-sow-icon=\"&#xe04d;\"\n\t\tstyle=\"color: #e34353\" \n\t\taria-hidden=\"true\"><\/span>\n\t\t\tRenuncia convocatoria\t\t<\/span>\n\t<\/a>\n<\/div>\n<\/div><\/div><div id=\"panel-5842-1-1-4\" class=\"so-panel widget widget_sow-button\" data-index=\"11\" ><div\n\t\t\t\n\t\t\tclass=\"so-widget-sow-button so-widget-sow-button-wire-946e3da752a1-5842\"\n\t\t\t\n\t\t><div class=\"ow-button-base ow-button-align-center\">\n\t<a\n\thref=\"https:\/\/site.educa.madrid.org\/ies.lazarocardenas.colladovillalba\/\/wp-content\/uploads\/ies.lazarocardenas.colladovillalba\/2022\/09\/solicitud-cancelacion-matricula-1R.pdf\"\n\t\tclass=\"ow-icon-placement-left ow-button-hover\" target=\"_blank\" rel=\"noopener noreferrer\" \t>\n\t\t<span>\n\t\t\t<span class=\"sow-icon-elegantline\" data-sow-icon=\"&#xe04d;\"\n\t\tstyle=\"color: #e34353\" \n\t\taria-hidden=\"true\"><\/span>\n\t\t\tCancelaci\u00f3n matr\u00edcula Ciclos Formativos\t\t<\/span>\n\t<\/a>\n<\/div>\n<\/div><\/div><div id=\"panel-5842-1-1-5\" class=\"so-panel widget widget_sow-button\" data-index=\"12\" ><div\n\t\t\t\n\t\t\tclass=\"so-widget-sow-button so-widget-sow-button-wire-946e3da752a1-5842\"\n\t\t\t\n\t\t><div class=\"ow-button-base ow-button-align-center\">\n\t<a\n\thref=\"https:\/\/site.educa.madrid.org\/ies.lazarocardenas.colladovillalba\/\/wp-content\/uploads\/ies.lazarocardenas.colladovillalba\/2023\/05\/PETICION-TITULO-7.pdf\"\n\t\tclass=\"ow-icon-placement-left ow-button-hover\" target=\"_blank\" rel=\"noopener noreferrer\" \t>\n\t\t<span>\n\t\t\t<span class=\"sow-icon-elegantline\" data-sow-icon=\"&#xe04d;\"\n\t\tstyle=\"color: #e34353\" \n\t\taria-hidden=\"true\"><\/span>\n\t\t\tPETICI\u00d3N T\u00cdTULO\t\t<\/span>\n\t<\/a>\n<\/div>\n<\/div><\/div><div id=\"panel-5842-1-1-6\" class=\"so-panel widget widget_sow-editor\" data-index=\"13\" ><div\n\t\t\t\n\t\t\tclass=\"so-widget-sow-editor so-widget-sow-editor-base\"\n\t\t\t\n\t\t>\n<div class=\"siteorigin-widget-tinymce textwidget\">\n\t<p style=\"font-size: 20px;\"><strong>PAGO DE TASAS<\/strong><\/p>\n<p style=\"font-size: 20px;\">El alumno que tenga que abonar las tasas para la obtenci\u00f3n de un t\u00edtulo o de matr\u00edcula de Grado Superior lo podr\u00e1 realizar desde<strong> <a href=\"https:\/\/gestiona7.madrid.org\/rtas_webapp_pagotasas\/#!\/main\" target=\"_blank\" rel=\"noopener\">este enlace<\/a><\/strong>.<br \/>\nUna vez ingresamos en la p\u00e1gina introducimos en el buscador el nombre del centro (IES L\u00e1zaro C\u00e1rdenas) y elige la tasa correspondiente.<br \/>\nA continuaci\u00f3n el alumno deber\u00e1 completar el formulario con sus datos personales.<\/p>\n<p style=\"font-size: 20px;\"><strong>FORMA DE PAGO:<\/strong><\/p>\n<p style=\"font-size: 20px;\">-En efectivo con el impreso correctamente relleno en las siguientes Entidades Financieras: Caixabank, Banco Bilbao Vizcaya Argentaria SA (BBVA), Bankia, Banco de Sabadell SA (Bancosabadell), Banco Santander SA (Santander) y Banco Popular Espa\u00f1ol SA (Banco Popular).<\/p>\n<p style=\"font-size: 20px;\">-Telem\u00e1tico seleccion\u00e1ndolo en la propia web cuando solicite elegir entre EFECTIVO y TELEM\u00c1TICO. En este caso el interesado deber\u00e1 estar en posesi\u00f3n de uno de los certificados digitales de firma electr\u00f3nica reconocidos por la Comunidad de Madrid, entre los que se contempla el DNI digital.<\/p>\n<p style=\"font-size: 20px;\"><strong>EXENCIONES Y BONIFICACIONES:<\/strong><\/p>\n<p style=\"font-size: 20px;\">-Exentos del pago de la Tasa: v\u00edctimas del terrorismo, sus c\u00f3nyuges e hijos y los miembros de familias numerosas de Categor\u00eda Especial<\/p>\n<p style=\"font-size: 20px;\">-Bonificaci\u00f3n del 50% de la Tasa: miembros de familias numerosas de Categor\u00eda General.<\/p>\n<p style=\"font-size: 20px;\">-En todo caso habr\u00e1 de aportarse documentaci\u00f3n acreditativa en vigor.<\/p>\n<p style=\"font-size: 20px;\">Finalmente el alumno\/a entregar\u00e1 en su Centro docente el impreso 030 acreditativo del pago, junto con una fotocopia de su documento personal de identidad (DNI, NIE, PASAPORTE), y la solicitud de petici\u00f3n de t\u00edtulo (descargar desde aqu\u00ed) para que pueda comenzar la tramitaci\u00f3n de su T\u00edtulo.<\/p>\n<\/div>\n<\/div><\/div><div id=\"panel-5842-1-1-7\" class=\"so-panel widget widget_sow-button\" data-index=\"14\" ><div\n\t\t\t\n\t\t\tclass=\"so-widget-sow-button so-widget-sow-button-wire-946e3da752a1-5842\"\n\t\t\t\n\t\t><div class=\"ow-button-base ow-button-align-center\">\n\t<a\n\thref=\"https:\/\/site.educa.madrid.org\/ies.lazarocardenas.colladovillalba\/\/wp-content\/uploads\/ies.lazarocardenas.colladovillalba\/2022\/09\/MODELO-030-EPIGRAFE-1911-5149-1.pdf\"\n\t\tclass=\"ow-icon-placement-left ow-button-hover\" target=\"_blank\" rel=\"noopener noreferrer\" \t>\n\t\t<span>\n\t\t\t<span class=\"sow-icon-elegantline\" data-sow-icon=\"&#xe04d;\"\n\t\tstyle=\"color: #e34353\" \n\t\taria-hidden=\"true\"><\/span>\n\t\t\tAyuda modelo 030 para t\u00edtulos de Bachiller, T\u00e9cnico y T\u00e9cnico Superior.\t\t<\/span>\n\t<\/a>\n<\/div>\n<\/div><\/div><div id=\"panel-5842-1-1-8\" class=\"so-panel widget widget_sow-button panel-last-child\" data-index=\"15\" ><div\n\t\t\t\n\t\t\tclass=\"so-widget-sow-button so-widget-sow-button-wire-946e3da752a1-5842\"\n\t\t\t\n\t\t><div class=\"ow-button-base ow-button-align-center\">\n\t<a\n\thref=\"https:\/\/site.educa.madrid.org\/ies.lazarocardenas.colladovillalba\/\/wp-content\/uploads\/ies.lazarocardenas.colladovillalba\/2022\/09\/MODELO-030-EPIGRAFE-1921-1576-1.pdf\"\n\t\tclass=\"ow-icon-placement-left ow-button-hover\" target=\"_blank\" rel=\"noopener noreferrer\" \t>\n\t\t<span>\n\t\t\t<span class=\"sow-icon-elegantline\" data-sow-icon=\"&#xe04d;\"\n\t\tstyle=\"color: #e34353\" \n\t\taria-hidden=\"true\"><\/span>\n\t\t\tAyuda modelo 030 para solicitar duplicados de t\u00edtulos\t\t<\/span>\n\t<\/a>\n<\/div>\n<\/div><\/div><\/div><\/div><\/div><\/div>","protected":false},"excerpt":{"rendered":"<p>ATENCI\u00d3N PRESENCIAL Para cualquier tr\u00e1mite administrativo (certificados, tasas, recogida de t\u00edtulos, etc.) pueden contactar en el correo secretaria.ies.lazarocardenas.colladovillalba@educa.madrid.org para solicitar cualquier documentaci\u00f3n o en el tel\u00e9fono 918514581 (en horario de 9 a 13:00). CONVALIDACIONES CICLOS FORMATIVOS Se pueden convalidar uno o varios m\u00f3dulos profesionales con determinados estudios de formaci\u00f3n profesional, estudios universitarios y con la &hellip; <\/p>\n<p class=\"link-more\"><a href=\"https:\/\/site.educa.madrid.org\/ies.lazarocardenas.colladovillalba\/index.php\/convalidaciones-ciclos\/\" class=\"more-link\">Continuar leyendo<span class=\"screen-reader-text\"> \u00abConvalidaciones Ciclos\u00bb<\/span><\/a><\/p>\n","protected":false},"author":3,"featured_media":0,"parent":0,"menu_order":0,"comment_status":"closed","ping_status":"closed","template":"","meta":{"footnotes":""},"folder":[],"class_list":["post-5842","page","type-page","status-publish","hentry"],"rttpg_featured_image_url":null,"rttpg_author":{"display_name":"ies.lazarocardenas.colladovillalba","author_link":"https:\/\/site.educa.madrid.org\/ies.lazarocardenas.colladovillalba\/index.php\/author\/cuenta_ies-lazarocardenas-colladovillalba\/"},"rttpg_comment":0,"rttpg_category":false,"rttpg_excerpt":"ATENCI\u00d3N PRESENCIAL Para cualquier tr\u00e1mite administrativo (certificados, tasas, recogida de t\u00edtulos, etc.) pueden contactar en el correo secretaria.ies.lazarocardenas.colladovillalba@educa.madrid.org para solicitar cualquier documentaci\u00f3n o en el tel\u00e9fono 918514581 (en horario de 9 a 13:00). CONVALIDACIONES CICLOS FORMATIVOS Se pueden convalidar uno o varios m\u00f3dulos profesionales con determinados estudios de formaci\u00f3n profesional, estudios universitarios y con la&hellip;","post_mailing_queue_ids":[],"_links":{"self":[{"href":"https:\/\/site.educa.madrid.org\/ies.lazarocardenas.colladovillalba\/index.php\/wp-json\/wp\/v2\/pages\/5842","targetHints":{"allow":["GET"]}}],"collection":[{"href":"https:\/\/site.educa.madrid.org\/ies.lazarocardenas.colladovillalba\/index.php\/wp-json\/wp\/v2\/pages"}],"about":[{"href":"https:\/\/site.educa.madrid.org\/ies.lazarocardenas.colladovillalba\/index.php\/wp-json\/wp\/v2\/types\/page"}],"author":[{"embeddable":true,"href":"https:\/\/site.educa.madrid.org\/ies.lazarocardenas.colladovillalba\/index.php\/wp-json\/wp\/v2\/users\/3"}],"replies":[{"embeddable":true,"href":"https:\/\/site.educa.madrid.org\/ies.lazarocardenas.colladovillalba\/index.php\/wp-json\/wp\/v2\/comments?post=5842"}],"version-history":[{"count":7,"href":"https:\/\/site.educa.madrid.org\/ies.lazarocardenas.colladovillalba\/index.php\/wp-json\/wp\/v2\/pages\/5842\/revisions"}],"predecessor-version":[{"id":6301,"href":"https:\/\/site.educa.madrid.org\/ies.lazarocardenas.colladovillalba\/index.php\/wp-json\/wp\/v2\/pages\/5842\/revisions\/6301"}],"wp:attachment":[{"href":"https:\/\/site.educa.madrid.org\/ies.lazarocardenas.colladovillalba\/index.php\/wp-json\/wp\/v2\/media?parent=5842"}],"wp:term":[{"taxonomy":"folder","embeddable":true,"href":"https:\/\/site.educa.madrid.org\/ies.lazarocardenas.colladovillalba\/index.php\/wp-json\/wp\/v2\/folder?post=5842"}],"curies":[{"name":"wp","href":"https:\/\/api.w.org\/{rel}","templated":true}]}}