{"id":6081,"date":"2023-10-17T17:49:26","date_gmt":"2023-10-17T15:49:26","guid":{"rendered":"https:\/\/site.educa.madrid.org\/ies.lazarocardenas.colladovillalba\/?page_id=6081"},"modified":"2025-03-18T14:49:23","modified_gmt":"2025-03-18T13:49:23","slug":"protocolo-intervencion-acoso-escolar","status":"publish","type":"page","link":"https:\/\/site.educa.madrid.org\/ies.lazarocardenas.colladovillalba\/index.php\/protocolo-intervencion-acoso-escolar\/","title":{"rendered":"Protocolo acoso escolar"},"content":{"rendered":"<div id=\"pl-6081\"  class=\"panel-layout\" ><div id=\"pg-6081-0\"  class=\"panel-grid panel-has-style\" ><div class=\"so-parallax siteorigin-panels-stretch panel-row-style panel-row-style-for-6081-0\" data-stretch-type=\"full-width-stretch\" ><img fetchpriority=\"high\" decoding=\"async\" width=\"1440\" height=\"395\" src=\"https:\/\/site.educa.madrid.org\/ies.lazarocardenas.colladovillalba\/\/wp-content\/uploads\/ies.lazarocardenas.colladovillalba\/2022\/07\/historia-del-centro.png\" class=\"attachment-full size-full\" alt=\"\" data-siteorigin-parallax=\"true\" loading=\"eager\" srcset=\"https:\/\/site.educa.madrid.org\/ies.lazarocardenas.colladovillalba\/\/wp-content\/uploads\/ies.lazarocardenas.colladovillalba\/2022\/07\/historia-del-centro.png 1440w, https:\/\/site.educa.madrid.org\/ies.lazarocardenas.colladovillalba\/\/wp-content\/uploads\/ies.lazarocardenas.colladovillalba\/2022\/07\/historia-del-centro-300x82.png 300w, https:\/\/site.educa.madrid.org\/ies.lazarocardenas.colladovillalba\/\/wp-content\/uploads\/ies.lazarocardenas.colladovillalba\/2022\/07\/historia-del-centro-1024x281.png 1024w, https:\/\/site.educa.madrid.org\/ies.lazarocardenas.colladovillalba\/\/wp-content\/uploads\/ies.lazarocardenas.colladovillalba\/2022\/07\/historia-del-centro-768x211.png 768w\" sizes=\"100vw\" \/><div id=\"pgc-6081-0-0\"  class=\"panel-grid-cell panel-grid-cell-empty\" ><\/div><\/div><\/div><div id=\"pg-6081-1\"  class=\"panel-grid panel-has-style\" ><div class=\"siteorigin-panels-stretch panel-row-style panel-row-style-for-6081-1\" data-stretch-type=\"full-width-stretch\" ><div id=\"pgc-6081-1-0\"  class=\"panel-grid-cell\" ><div class=\"panel-cell-style panel-cell-style-for-6081-1-0\" ><div id=\"panel-6081-1-0-0\" class=\"so-panel widget widget_sow-editor panel-first-child panel-last-child\" data-index=\"0\" ><div\n\t\t\t\n\t\t\tclass=\"so-widget-sow-editor so-widget-sow-editor-base\"\n\t\t\t\n\t\t>\n<div class=\"siteorigin-widget-tinymce textwidget\">\n\t<p>Los centros educativos tenemos la obligaci\u00f3n de intervenir de forma inmediata en cuanto tenemos indicios de que pueda estar produci\u00e9ndose una situaci\u00f3n de acoso contra alguno de nuestros alumnos. Para ello, se incluye el <a href=\"https:\/\/www.educa2.madrid.org\/web\/convivencia\/protocolos\">protocolo de intervenci\u00f3n<\/a>,\u00a0 publicado por la Consejer\u00eda de Educaci\u00f3n de la Comunidad de Madrid, con un desarrollo pautado de las actuaciones en situaciones de posible acoso escolar dirigidas a salvaguardar los derechos b\u00e1sicos de los alumnos y la seguridad jur\u00eddica de los centros educativos.<\/p>\n<p>Se compone de la siguiente documentaci\u00f3n:<\/p>\n<ol>\n<li><a href=\"http:\/\/www.educa2.madrid.org\/web\/convivencia\/instrucciones-de-aplicacion\" target=\"_blank\" rel=\"noopener noreferrer\">Instrucciones de aplicaci\u00f3n.<\/a><\/li>\n<li><a href=\"http:\/\/www.educa2.madrid.org\/web\/convivencia\/resumen-de-criterios-e-indicadores\" target=\"_blank\" rel=\"noopener noreferrer\">Resumen de criterios e indicadores.<\/a><\/li>\n<\/ol>\n<p>El protocolo se inicia con la notificaci\u00f3n al director de la existencia de indicios de acoso escolar a un alumno del centro. Para ello se adjuntan los dos documentos que se deber\u00e1n completar, el <a href=\"https:\/\/site.educa.madrid.org\/ies.lazarocardenas.colladovillalba\/\/wp-content\/uploads\/ies.lazarocardenas.colladovillalba\/2023\/10\/1a-ANEXO-Ia-NOTIFICACION-AL-DIRECTOR.pdf\"><strong>Anexo I.a<\/strong><\/a> que recoger\u00e1 la informaci\u00f3n b\u00e1sica (hechos, testigos, autor de la notificaci\u00f3n, etc.) sobre la denuncia y el <a href=\"https:\/\/site.educa.madrid.org\/ies.lazarocardenas.colladovillalba\/\/wp-content\/uploads\/ies.lazarocardenas.colladovillalba\/2023\/10\/Comunicacion-acoso-cuestionario.pdf\"><strong>documento de comunicaci\u00f3n<\/strong><\/a> al centro de posible caso de acoso escolar.<\/p>\n<p>Recuerda que se deber\u00e1n rellenar y presentar los <strong>dos documentos<\/strong>:<\/p>\n<\/div>\n<\/div><\/div><\/div><\/div><\/div><\/div><div id=\"pg-6081-2\"  class=\"panel-grid panel-no-style\" ><div id=\"pgc-6081-2-0\"  class=\"panel-grid-cell\" ><div id=\"panel-6081-2-0-0\" class=\"so-panel widget widget_sow-button panel-first-child panel-last-child\" data-index=\"1\" ><div\n\t\t\t\n\t\t\tclass=\"so-widget-sow-button so-widget-sow-button-wire-3688d20714a7-6081\"\n\t\t\t\n\t\t><div class=\"ow-button-base ow-button-align-center\">\n\t<a\n\thref=\"https:\/\/site.educa.madrid.org\/ies.lazarocardenas.colladovillalba\/\/wp-content\/uploads\/ies.lazarocardenas.colladovillalba\/2023\/10\/Comunicacion-acoso-cuestionario.pdf\"\n\t\tclass=\"ow-icon-placement-left ow-button-hover\" target=\"_blank\" rel=\"noopener noreferrer\" download=\"\" \t>\n\t\t<span>\n\t\t\t<span class=\"sow-icon-elegantline\" data-sow-icon=\"&#xe04d;\"\n\t\tstyle=\"color: #dd3333\" \n\t\taria-hidden=\"true\"><\/span>\n\t\t\tDescarga la comunicaci\u00f3n de acoso escolar\t\t<\/span>\n\t<\/a>\n<\/div>\n<\/div><\/div><\/div><\/div><div id=\"pg-6081-3\"  class=\"panel-grid panel-no-style\" ><div id=\"pgc-6081-3-0\"  class=\"panel-grid-cell\" ><div id=\"panel-6081-3-0-0\" class=\"so-panel widget widget_sow-button panel-first-child\" data-index=\"2\" ><div\n\t\t\t\n\t\t\tclass=\"so-widget-sow-button so-widget-sow-button-wire-3688d20714a7-6081\"\n\t\t\t\n\t\t><div class=\"ow-button-base ow-button-align-center\">\n\t<a\n\thref=\"https:\/\/site.educa.madrid.org\/ies.lazarocardenas.colladovillalba\/\/wp-content\/uploads\/ies.lazarocardenas.colladovillalba\/2023\/10\/1a-ANEXO-Ia-NOTIFICACION-AL-DIRECTOR.pdf\"\n\t\tclass=\"ow-icon-placement-left ow-button-hover\" target=\"_blank\" rel=\"noopener noreferrer\" \t>\n\t\t<span>\n\t\t\t<span class=\"sow-icon-elegantline\" data-sow-icon=\"&#xe04d;\"\n\t\tstyle=\"color: #dd3333\" \n\t\taria-hidden=\"true\"><\/span>\n\t\t\tDescarga el anexo I.a\t\t<\/span>\n\t<\/a>\n<\/div>\n<\/div><\/div><div id=\"panel-6081-3-0-1\" class=\"so-panel widget widget_media_image panel-last-child\" data-index=\"3\" ><img loading=\"lazy\" decoding=\"async\" width=\"909\" height=\"750\" src=\"https:\/\/site.educa.madrid.org\/ies.lazarocardenas.colladovillalba\/\/wp-content\/uploads\/ies.lazarocardenas.colladovillalba\/2023\/10\/diagramaactuaciones_acoso2.png\" class=\"image wp-image-6082  attachment-full size-full\" alt=\"\" style=\"max-width: 100%; height: auto;\" srcset=\"https:\/\/site.educa.madrid.org\/ies.lazarocardenas.colladovillalba\/\/wp-content\/uploads\/ies.lazarocardenas.colladovillalba\/2023\/10\/diagramaactuaciones_acoso2.png 909w, https:\/\/site.educa.madrid.org\/ies.lazarocardenas.colladovillalba\/\/wp-content\/uploads\/ies.lazarocardenas.colladovillalba\/2023\/10\/diagramaactuaciones_acoso2-300x248.png 300w, https:\/\/site.educa.madrid.org\/ies.lazarocardenas.colladovillalba\/\/wp-content\/uploads\/ies.lazarocardenas.colladovillalba\/2023\/10\/diagramaactuaciones_acoso2-768x634.png 768w\" sizes=\"auto, 100vw\" \/><\/div><\/div><\/div><\/div>","protected":false},"excerpt":{"rendered":"<p>Los centros educativos tenemos la obligaci\u00f3n de intervenir de forma inmediata en cuanto tenemos indicios de que pueda estar produci\u00e9ndose una situaci\u00f3n de acoso contra alguno de nuestros alumnos. Para ello, se incluye el protocolo de intervenci\u00f3n,\u00a0 publicado por la Consejer\u00eda de Educaci\u00f3n de la Comunidad de Madrid, con un desarrollo pautado de las actuaciones &hellip; <\/p>\n<p class=\"link-more\"><a href=\"https:\/\/site.educa.madrid.org\/ies.lazarocardenas.colladovillalba\/index.php\/protocolo-intervencion-acoso-escolar\/\" class=\"more-link\">Continuar leyendo<span class=\"screen-reader-text\"> \u00abProtocolo acoso escolar\u00bb<\/span><\/a><\/p>\n","protected":false},"author":3,"featured_media":0,"parent":0,"menu_order":0,"comment_status":"closed","ping_status":"closed","template":"","meta":{"footnotes":""},"folder":[],"class_list":["post-6081","page","type-page","status-publish","hentry"],"rttpg_featured_image_url":null,"rttpg_author":{"display_name":"ies.lazarocardenas.colladovillalba","author_link":"https:\/\/site.educa.madrid.org\/ies.lazarocardenas.colladovillalba\/index.php\/author\/cuenta_ies-lazarocardenas-colladovillalba\/"},"rttpg_comment":0,"rttpg_category":false,"rttpg_excerpt":"Los centros educativos tenemos la obligaci\u00f3n de intervenir de forma inmediata en cuanto tenemos indicios de que pueda estar produci\u00e9ndose una situaci\u00f3n de acoso contra alguno de nuestros alumnos. Para ello, se incluye el protocolo de intervenci\u00f3n,\u00a0 publicado por la Consejer\u00eda de Educaci\u00f3n de la Comunidad de Madrid, con un desarrollo pautado de las actuaciones&hellip;","post_mailing_queue_ids":[],"_links":{"self":[{"href":"https:\/\/site.educa.madrid.org\/ies.lazarocardenas.colladovillalba\/index.php\/wp-json\/wp\/v2\/pages\/6081","targetHints":{"allow":["GET"]}}],"collection":[{"href":"https:\/\/site.educa.madrid.org\/ies.lazarocardenas.colladovillalba\/index.php\/wp-json\/wp\/v2\/pages"}],"about":[{"href":"https:\/\/site.educa.madrid.org\/ies.lazarocardenas.colladovillalba\/index.php\/wp-json\/wp\/v2\/types\/page"}],"author":[{"embeddable":true,"href":"https:\/\/site.educa.madrid.org\/ies.lazarocardenas.colladovillalba\/index.php\/wp-json\/wp\/v2\/users\/3"}],"replies":[{"embeddable":true,"href":"https:\/\/site.educa.madrid.org\/ies.lazarocardenas.colladovillalba\/index.php\/wp-json\/wp\/v2\/comments?post=6081"}],"version-history":[{"count":8,"href":"https:\/\/site.educa.madrid.org\/ies.lazarocardenas.colladovillalba\/index.php\/wp-json\/wp\/v2\/pages\/6081\/revisions"}],"predecessor-version":[{"id":6992,"href":"https:\/\/site.educa.madrid.org\/ies.lazarocardenas.colladovillalba\/index.php\/wp-json\/wp\/v2\/pages\/6081\/revisions\/6992"}],"wp:attachment":[{"href":"https:\/\/site.educa.madrid.org\/ies.lazarocardenas.colladovillalba\/index.php\/wp-json\/wp\/v2\/media?parent=6081"}],"wp:term":[{"taxonomy":"folder","embeddable":true,"href":"https:\/\/site.educa.madrid.org\/ies.lazarocardenas.colladovillalba\/index.php\/wp-json\/wp\/v2\/folder?post=6081"}],"curies":[{"name":"wp","href":"https:\/\/api.w.org\/{rel}","templated":true}]}}