{"id":2138,"date":"2025-04-20T20:07:53","date_gmt":"2025-04-20T18:07:53","guid":{"rendered":"https:\/\/site.educa.madrid.org\/ies.leonfelipe.getafe\/?page_id=2138"},"modified":"2025-09-01T21:07:09","modified_gmt":"2025-09-01T19:07:09","slug":"accede","status":"publish","type":"page","link":"https:\/\/site.educa.madrid.org\/ies.leonfelipe.getafe\/index.php\/accede\/","title":{"rendered":"Accede"},"content":{"rendered":"<div id=\"pl-gb2138-6a03772620299\"  class=\"panel-layout panel-layout\" ><div id=\"pg-gb2138-6a03772620299-0\"  class=\"panel-grid panel-no-style\" ><div id=\"pgc-gb2138-6a03772620299-0-0\"  class=\"panel-grid-cell\"  data-weight=\"1\" ><div id=\"panel-gb2138-6a03772620299-0-0-0\" class=\"so-panel widget widget_sow-image panel-first-child panel-last-child\" data-index=\"0\" data-style=\"{&quot;background_image_attachment&quot;:false,&quot;background_display&quot;:&quot;tile&quot;,&quot;background_image_size&quot;:&quot;full&quot;,&quot;background_image_opacity&quot;:&quot;100&quot;,&quot;border_thickness&quot;:&quot;1px&quot;,&quot;link_overlay_new_window&quot;:&quot;&quot;}\" ><div\n\t\t\t\n\t\t\tclass=\"so-widget-sow-image so-widget-sow-image-default-c67d20f9f743\"\n\t\t\t\n\t\t>\n\n<div class=\"sow-image-container\">\n\t\t<img loading=\"lazy\" decoding=\"async\" src=\"https:\/\/site.educa.madrid.org\/ies.leonfelipe.getafe\/\/wp-content\/uploads\/ies.leonfelipe.getafe\/2025\/04\/ACCEDE.png\" width=\"549\" height=\"152\" srcset=\"https:\/\/site.educa.madrid.org\/ies.leonfelipe.getafe\/\/wp-content\/uploads\/ies.leonfelipe.getafe\/2025\/04\/ACCEDE.png 549w, https:\/\/site.educa.madrid.org\/ies.leonfelipe.getafe\/\/wp-content\/uploads\/ies.leonfelipe.getafe\/2025\/04\/ACCEDE-300x83.png 300w\" sizes=\"auto, (max-width: 549px) 100vw, 549px\" alt=\"\" \t\tclass=\"so-widget-image\"\/>\n\t<\/div>\n\n<\/div><\/div><\/div><\/div><\/div>\n\n\n<p class=\"has-black-color has-text-color has-link-color has-large-font-size wp-elements-fcd404ea302c2c64c18fa568252ade14\"><strong>ACCEDE &#8211; <strong>Recogida de libros curso 25\/26<\/strong><\/strong><\/p>\n\n\n\n<p class=\"has-black-color has-text-color has-link-color wp-elements-f8f3df43c1f1499a7d9fdf0c5849491e\">A continuaci\u00f3n, se publica el calendario para la recogida de los lotes de libros del programa Accede que van a ser cedidos en pr\u00e9stamo al alumnado para el curso 25\/26.&nbsp;<\/p>\n\n\n\n<p class=\"has-black-color has-text-color has-link-color wp-elements-bf2423e8cbaef93afe89c4d9131e7534\">Se recuerda que los libros deben ser forrados para ser devueltos en buen estado a final de curso.&nbsp;En caso contrario, los alumnos\/as que hayan devuelto libros defectuosos no podr\u00e1n participar en el programa ACCEDE el siguiente curso escolar ni se les abonar\u00e1, en su caso, el importe de la fianza.<\/p>\n\n\n\n<p class=\"has-black-color has-text-color has-link-color wp-elements-20a2047f18501ee2bb23fd5a63f691b4\">Las entregas las realizar\u00e1 el coordinador del programa ACCEDE, Alarico Rubio, en la&nbsp;<strong>jefatura del edificio B en horario de 09:30h a 1<\/strong><strong>3:30h<\/strong>&nbsp;seg\u00fan el siguiente calendario:<\/p>\n\n\n\n<p class=\"has-black-color has-text-color has-link-color wp-elements-36fd11c9ace7eb0e735333004861807f\"><strong>Martes 2 de septiembre&nbsp;&nbsp; &nbsp; &nbsp; &nbsp; &nbsp;&nbsp;<em>Entrega<\/em><em>&nbsp;de libros de&nbsp;<\/em>2\u00ba ESO<\/strong><\/p>\n\n\n\n<p class=\"has-black-color has-text-color has-link-color wp-elements-a3c174f59c212d837f0554294a002a39\"><strong>Mi\u00e9rcoles 3 de septiembre&nbsp;&nbsp; &nbsp; &nbsp;&nbsp;<em>Entrega<\/em><em>&nbsp;de libros de&nbsp;<\/em>3\u00ba ESO<\/strong><\/p>\n\n\n\n<p class=\"has-black-color has-text-color has-link-color wp-elements-5854d9ab9a036d051af3da870d32be1f\"><strong>Jueves 4 de septiembre\u00a0\u00a0\u00a0 \u00a0\u00a0\u00a0\u00a0\u00a0\u00a0\u00a0 <em>Entrega<\/em><em>\u00a0de libros de\u00a0<\/em>4\u00ba ESO<\/strong><\/p>\n\n\n\n<p class=\"has-black-color has-text-color has-link-color wp-elements-89d547c019dee51af6ea9313af5dbf1c\"><strong>Viernes 5 de septiembre &nbsp;&nbsp;&nbsp;&nbsp;&nbsp;&nbsp;&nbsp;&nbsp;&nbsp;<em>Entrega<\/em><em>&nbsp;de libros de&nbsp;<\/em>1\u00ba ESO<\/strong><\/p>\n\n\n\n<p class=\"has-black-color has-text-color has-link-color wp-elements-34b1077f7fe3fa7eb4fa8b96fa32b780\"><strong>IMPORTANTE: DOCUMENTACI\u00d3N A ENTREGAR<\/strong><\/p>\n\n\n\n<p class=\"has-black-color has-text-color has-link-color wp-elements-eb2366a9cafb5933cbcbbaed190bf575\">Se recuerda que&nbsp;los alumnos que quieran adherirse al programa ACCEDE deben&nbsp;<strong>entregar al coordinador del mismo la siguiente documentaci\u00f3n en la fecha, horario y lugar indicados anteriormente:<\/strong><\/p>\n\n\n\n<ol class=\"wp-block-list has-black-color has-text-color has-link-color wp-elements-4d516de9521e2b326a483df3717cf7ab\">\n<li><strong>Formulario de adhesi\u00f3n<\/strong>\u00a0<strong>impreso<\/strong>\u00a0debidamente cumplimentado.\u00a0Se informa de que el formulario debe ser tra\u00eddo impreso ya que no ser\u00e1 posible la realizaci\u00f3n de impresiones\/fotocopias en el centro.<\/li>\n\n\n\n<li><strong>Resguardo impreso del pago de\u00a035\u20ac(en concepto de fianza) realizado entre\u00a0el 1 de agosto y el 2 de septiembre de 2025\u00a0<\/strong>a la cuenta del IES LE\u00d3N FELIPE (Getafe)\u00a0ES15 2100 4655 4513 0028 3249\u00a0de la entidad financiera CaixaBank, indicando en el\u00a0concepto: \u201cFIANZA ACCEDE \u2013 NOMBRE, APELLIDOS, CURSO Y GRUPO DEL ALUMNO\/A\u201d<\/li>\n<\/ol>\n\n\n\n<p class=\"has-black-color has-text-color has-link-color wp-elements-87dee633242c85ad7b97a564e274b00b\">S\u00f3lo cuando se compruebe que la documentaci\u00f3n entregada es correcta se proceder\u00e1 a la entrega del lote de libros.<\/p>\n\n\n\n<p class=\"has-black-color has-text-color has-link-color wp-elements-39ef328c8fd2cb9d0db82bbcb5d02e05\">IMPORTANTE:\u00a0<em>En el caso de alumnado de nueva incorporaci\u00f3n, su participaci\u00f3n est\u00e1 condicionada a la previa devoluci\u00f3n de los libros de 6\u00ba de Educaci\u00f3n Primaria en el colegio de origen (el mismo colegio nos informar\u00e1 de si se ha producido o no dicha entrega).<\/em><\/p>\n\n\n\n<p class=\"has-vivid-red-color has-text-color has-link-color wp-elements-4334ce4994f60f543de34235cbeed770\"><strong>Los alumnos actuales del IES Le\u00f3n Felipe\u00a0que el\u00a0curso\u00a024\/25 han participado en el programa ACCEDE\u00a0y quieren continuar dentro del mismo no deben\u00a0entregar nada\u00a0pues la renovaci\u00f3n es autom\u00e1tica.<\/strong><\/p>\n\n\n\n<p class=\"has-black-color has-text-color has-link-color has-large-font-size wp-elements-f0dec2b0ccef15383bc3775e5a7f8c15\"><strong>ACCEDE &#8211; Devoluci\u00f3n lotes de libros curso 24\/25<\/strong><\/p>\n\n\n\n<p class=\"has-black-color has-text-color has-link-color wp-elements-a863fc0b243676775b7122f7450048ad\"><strong>DEVOLUCI\u00d3N LOTES DE LIBROS DE ACCEDE&nbsp;<\/strong><\/p>\n\n\n\n<p class=\"has-text-align-left has-black-color has-text-color has-link-color wp-elements-411a27699aa09637e5c5d422f231f802\">A continuaci\u00f3n, se publica el calendario para la devoluci\u00f3n de los lotes de libros cedidos en pr\u00e9stamo al alumnado.&nbsp;<\/p>\n\n\n\n<p class=\"has-text-align-left has-black-color has-text-color has-link-color wp-elements-250fc32f190d2ef1d06d6572598608b3\" style=\"text-decoration:underline\">Se recuerda que los libros deben ser devueltos en buen estado. En caso contrario, los alumnos\/as que hayan devuelto libros defectuosos no podr\u00e1n participar en el programa ACCEDE el siguiente curso escolar ni se les abonar\u00e1, en su caso, el importe de la fianza.<\/p>\n\n\n\n<p class=\"has-text-align-left has-black-color has-text-color has-link-color wp-elements-8d4f90934c490e1b0f533713ccd547d3\">Las entregas se realizar\u00e1n al coordinador del programa ACCEDE, Alarico Rubio, en la<strong>&nbsp;jefatura del edificio B en horario de 09:30h a 14:00h<\/strong>&nbsp;seg\u00fan el siguiente calendario:<\/p>\n\n\n\n<p class=\"has-black-color has-text-color has-link-color wp-elements-abe8e30b01bafa0488437c4080eef251\"><strong>Lunes 23 de junio&nbsp;<\/strong>&nbsp; &nbsp; &nbsp; &nbsp; &nbsp;&nbsp;<em>Devoluci\u00f3n de libros de&nbsp;<strong>4\u00ba ESO<\/strong><\/em><\/p>\n\n\n\n<p class=\"has-black-color has-text-color has-link-color wp-elements-4ee99d1e463a5f2ef4c765129cb29862\"><strong>Martes 24 de junio&nbsp;<\/strong>&nbsp; &nbsp; &nbsp; &nbsp;&nbsp;<em>Devoluci\u00f3n de libros de&nbsp;<strong>3\u00ba ESO<\/strong><\/em><\/p>\n\n\n\n<p class=\"has-black-color has-text-color has-link-color wp-elements-6952eeadd406bdf93bc26b849c615baf\"><strong>Mi\u00e9rcoles 25 de junio&nbsp;&nbsp;<\/strong>&nbsp; &nbsp;<em>Devoluci\u00f3n de libros de&nbsp;<strong>1\u00ba ESO y 2\u00ba ESO<\/strong><\/em><\/p>\n\n\n\n<div class=\"wp-block-columns is-layout-flex wp-container-core-columns-is-layout-9d6595d7 wp-block-columns-is-layout-flex\">\n<div class=\"wp-block-column is-layout-flow wp-block-column-is-layout-flow\">\n<p><\/p>\n\n\n\n<h2 class=\"wp-block-heading\" style=\"font-size:36px;font-style:normal;font-weight:500\"><strong>ACCEDE &#8211; Adhesi\u00f3n al programa curso 25\/26<\/strong><\/h2>\n\n\n\n<p class=\"has-black-color has-text-color has-link-color has-medium-font-size wp-elements-3ca39c6cc3a1b7966c336b13e8a88f8a\"><strong>I. <\/strong><strong><u>ALUMNOS DEL CENTRO QUE NO HAN PARTICIPADO EN EL PROGRAMA <\/u><\/strong><strong><u>EN EL CURSO 24\/25<\/u><\/strong><strong><u> Y\/O ALUMNOS DE NUEVA INCORPORACI\u00d3N AL CENTRO <\/u><\/strong><strong><u>EN EL CURSO 25\/26<\/u><\/strong><\/p>\n\n\n\n<p>Los alumnos que quieran adherirse al programa ACCEDE deben <strong>entregar al coordinador del mismo la siguiente documentaci\u00f3n en la fecha, horario y lugar indicados en la p\u00e1gina web <\/strong>del centro (<em>esta informaci\u00f3n se publicar\u00e1 a comienzos de septiembre<\/em>):<\/p>\n\n\n\n<p>1. <strong>Formulario de adhesi\u00f3n<\/strong> cumplimentado el formulario que se puede descargar en el siguiente enlace: <\/p>\n\n\n\n<p><a href=\"https:\/\/cloud.educa.madrid.org\/s\/yjLwCb9qn7bWKdS\">FORMULARIO ADHESI\u00d3N PROGRAMA ACCEDE<\/a><\/p>\n\n\n\n<p>2. <strong>Re<\/strong><strong>sguardo de<\/strong><strong>l<\/strong><strong> pago de&nbsp;<\/strong><strong>35\u20ac<\/strong><strong>&nbsp;(en concepto de fianza) <\/strong><strong>realizado <\/strong><strong>entre <\/strong><strong>el 1 de agosto y el <\/strong><strong>2<\/strong><strong> de septiembre de 2025<\/strong><strong> <\/strong>a la cuenta del IES LE\u00d3N FELIPE (Getafe) <strong>ES15 2100 4655 4513 0028 3249<\/strong> de la entidad financiera CaixaBank, indicando en el&nbsp;<strong>concepto: \u201cFIANZA ACCEDE \u2013 NOMBRE, APELLIDOS, CURSO Y GRUPO DEL ALUMNO\/A\u201d<\/strong><\/p>\n\n\n\n<ul class=\"wp-block-list\">\n<li><strong>S\u00f3lo cuando se compruebe que la documentaci\u00f3n entregada es correcta se proceder\u00e1 a la entrega del lote de libros.<\/strong> <\/li>\n\n\n\n<li><strong>IMPORTANTE: <em>En el caso de alumnado de nueva incorporaci\u00f3n, su participaci\u00f3n est\u00e1 condicionada a la previa devoluci\u00f3n de los libros de 6\u00ba de EP en el colegio de origen (el mismo colegio nos informar\u00e1 de si se ha producido o no dicha entrega).<\/em><\/strong><\/li>\n<\/ul>\n\n\n\n<p class=\"has-black-color has-text-color has-link-color has-medium-font-size wp-elements-0d1a2aa267aece381055a625e17d713c\"><strong><u>II. ALUMNOS DEL IES QUE YA PARTICIPAN EN EL PROGRAMA ACCEDE EN EL CURSO 24\/25<\/u><\/strong><\/p>\n\n\n\n<p>Los alumnos actuales del IES Le\u00f3n Felipe&nbsp;que este curso&nbsp;24\/25 han participado en el programa ACCEDE&nbsp;y quieren continuar dentro del mismo no deben realizar ning\u00fan tr\u00e1mite&nbsp;pues la <strong>renovaci\u00f3n es autom\u00e1tica.<\/strong><\/p>\n\n\n\n<p><\/p>\n\n\n\n<p class=\"has-black-color has-text-color has-link-color has-large-font-size wp-elements-3ef6e1509d68d1c2682e7e639bf94b1c\"><strong>ACCEDE &#8211; Baja del programa<\/strong><\/p>\n\n\n\n<p class=\"has-black-color has-text-color has-link-color has-medium-font-size wp-elements-7e64a3f326d8bcc82b1474c54dc38bca\"><strong>I. <u>BAJA VOLUNTARIA POR TRASLADO\/BAJA<\/u><\/strong><\/p>\n\n\n\n<p>Para darse de baja en el programa ACCEDE, deben enviar un correo electr\u00f3nico a la Secretar\u00eda docente del centro (<a href=\"mailto:secretaria.ies.leonfelipe.getafe@educa.madrid.org\">secretaria.ies.leonfelipe.getafe@educa.madrid.org<\/a>) con los siguientes datos:<\/p>\n\n\n\n<ul class=\"wp-block-list\">\n<li><strong>A<\/strong><strong>sunto:<\/strong> <em>\u00abDevoluci\u00f3n de fianza ACCEDE por traslado\/baja del alumno\/a del curso X\u00ba ESO\u00bb.<\/em><\/li>\n\n\n\n<li>En el <strong>cuerpo del email <\/strong>deben incluir:<\/li>\n<\/ul>\n\n\n\n<ul class=\"wp-block-list\">\n<li><strong>Nombre y apellidos del alumno\/a.<\/strong><\/li>\n\n\n\n<li><strong>Curso y grupo actual del alumno\/a.<\/strong><\/li>\n\n\n\n<li><strong>Nombre y apellidos y DNI de la madre\/padre\/tutor\/a.<\/strong><\/li>\n\n\n\n<li><strong>N\u00famero de cuenta bancaria del responsable del alumno\/a con los 22 d\u00edgitos correspondientes: ES123456789101112131422<\/strong><\/li>\n\n\n\n<li><strong>Documento adjunto<\/strong><strong>: Es imprescindible a<\/strong><strong>djuntar en el <\/strong><strong>mail el justificante\/resguardo de haber entregado el lote de libros firmado por el coordinador del programa ACCEDE (Alarico Rubio).<\/strong><\/li>\n<\/ul>\n\n\n\n<p><strong>Una vez recibida la informaci\u00f3n, se proceder\u00e1 a la devoluci\u00f3n de la fianza en el n\u00famero de cuenta indicado.<\/strong><\/p>\n\n\n\n<p><em>Les informamos que la devoluci\u00f3n de la fianza s\u00f3lo podr\u00e1 solicitarse en el mismo a\u00f1o natural en que el alumno\/a se d\u00e9 de baja en el programa ACCEDE y\/o se traslade de centro. Por tanto, no podr\u00e1 solicitarse la devoluci\u00f3n de la misma en a\u00f1os naturales posteriores.<\/em><\/p>\n\n\n\n<p class=\"has-black-color has-text-color has-link-color has-medium-font-size wp-elements-f34527972902bcf17a538833eeb0b6e4\"><strong>II. <u>BAJA AUTOM\u00c1TICA DE ALUMNADO DE 4\u00ba ESO POR HABER FINALIZADO LA ETAPA<\/u><\/strong><\/p>\n\n\n\n<p>En el caso de alumnado de 4\u00ba ESO que causa baja en el programa simplemente por haber finalizado la etapa el procedimiento es diferente.<\/p>\n\n\n\n<p>No deben entregar ninguna documentaci\u00f3n adicional pero s\u00ed resulta fundamental que <strong>cumplimenten <\/strong><strong>el formulario <\/strong><strong>recibido<\/strong><strong> por Ra\u00edces antes del 30 de mayo.<\/strong><\/p>\n\n\n\n<p>La devoluci\u00f3n de las fianzas se realizar\u00e1 a lo largo del mes de julio siempre que se haya cumplimentado dicho formulario y devuelto los libros en buen estado.<\/p>\n\n\n\n<p><\/p>\n<\/div>\n<\/div>\n\n\n\n<p><\/p>\n","protected":false},"excerpt":{"rendered":"<p>ACCEDE &#8211; Recogida de libros curso 25\/26 A continuaci\u00f3n, se publica el calendario para la recogida de los lotes de libros del programa Accede que van a ser cedidos en &#8230;<\/p>\n","protected":false},"author":3,"featured_media":0,"parent":0,"menu_order":0,"comment_status":"closed","ping_status":"closed","template":"","meta":{"footnotes":""},"folder":[],"class_list":["post-2138","page","type-page","status-publish","hentry"],"rttpg_featured_image_url":null,"rttpg_author":{"display_name":"ies.leonfelipe.getafe","author_link":"https:\/\/site.educa.madrid.org\/ies.leonfelipe.getafe\/index.php\/author\/cuenta_ies-leonfelipe-getafe\/"},"rttpg_comment":0,"rttpg_category":false,"rttpg_excerpt":"ACCEDE &#8211; Recogida de libros curso 25\/26 A continuaci\u00f3n, se publica el calendario para la recogida de los lotes de libros del programa Accede que van a ser cedidos en ...","post_mailing_queue_ids":[],"_links":{"self":[{"href":"https:\/\/site.educa.madrid.org\/ies.leonfelipe.getafe\/index.php\/wp-json\/wp\/v2\/pages\/2138","targetHints":{"allow":["GET"]}}],"collection":[{"href":"https:\/\/site.educa.madrid.org\/ies.leonfelipe.getafe\/index.php\/wp-json\/wp\/v2\/pages"}],"about":[{"href":"https:\/\/site.educa.madrid.org\/ies.leonfelipe.getafe\/index.php\/wp-json\/wp\/v2\/types\/page"}],"author":[{"embeddable":true,"href":"https:\/\/site.educa.madrid.org\/ies.leonfelipe.getafe\/index.php\/wp-json\/wp\/v2\/users\/3"}],"replies":[{"embeddable":true,"href":"https:\/\/site.educa.madrid.org\/ies.leonfelipe.getafe\/index.php\/wp-json\/wp\/v2\/comments?post=2138"}],"version-history":[{"count":28,"href":"https:\/\/site.educa.madrid.org\/ies.leonfelipe.getafe\/index.php\/wp-json\/wp\/v2\/pages\/2138\/revisions"}],"predecessor-version":[{"id":2798,"href":"https:\/\/site.educa.madrid.org\/ies.leonfelipe.getafe\/index.php\/wp-json\/wp\/v2\/pages\/2138\/revisions\/2798"}],"wp:attachment":[{"href":"https:\/\/site.educa.madrid.org\/ies.leonfelipe.getafe\/index.php\/wp-json\/wp\/v2\/media?parent=2138"}],"wp:term":[{"taxonomy":"folder","embeddable":true,"href":"https:\/\/site.educa.madrid.org\/ies.leonfelipe.getafe\/index.php\/wp-json\/wp\/v2\/folder?post=2138"}],"curies":[{"name":"wp","href":"https:\/\/api.w.org\/{rel}","templated":true}]}}