{"id":2208,"date":"2025-04-21T19:39:37","date_gmt":"2025-04-21T17:39:37","guid":{"rendered":"https:\/\/site.educa.madrid.org\/ies.leonfelipe.getafe\/?page_id=2208"},"modified":"2025-04-21T19:54:28","modified_gmt":"2025-04-21T17:54:28","slug":"erasmus","status":"publish","type":"page","link":"https:\/\/site.educa.madrid.org\/ies.leonfelipe.getafe\/index.php\/erasmus\/","title":{"rendered":"Erasmus+"},"content":{"rendered":"<div id=\"pl-gb2208-6a03771371ad6\"  class=\"panel-layout\" ><div id=\"pg-gb2208-6a03771371ad6-0\"  class=\"panel-grid panel-no-style\" ><div id=\"pgc-gb2208-6a03771371ad6-0-0\"  class=\"panel-grid-cell\"  data-weight=\"1\" ><div id=\"panel-gb2208-6a03771371ad6-0-0-0\" class=\"so-panel widget widget_sow-headline panel-first-child panel-last-child\" data-index=\"0\" data-style=\"{&quot;background_image_attachment&quot;:false,&quot;background_display&quot;:&quot;tile&quot;,&quot;background_image_size&quot;:&quot;full&quot;,&quot;background_image_opacity&quot;:&quot;100&quot;,&quot;border_thickness&quot;:&quot;1px&quot;,&quot;link_overlay_new_window&quot;:&quot;&quot;}\" ><div\n\t\t\t\n\t\t\tclass=\"so-widget-sow-headline so-widget-sow-headline-default-ec1eb4cebc48\"\n\t\t\t\n\t\t><div class=\"sow-headline-container \">\n\t\t\t\t\t\t\t<h2 class=\"sow-headline\">\n\t\t\t\t\t\tProyecto Eramus+ KA121\t\t\t\t\t\t<\/h2>\n\t\t\t\t\t\t\t\t\t\t\t<div class=\"decoration\">\n\t\t\t\t\t\t<div class=\"decoration-inside\"><\/div>\n\t\t\t\t\t<\/div>\n\t\t\t\t\t<\/div>\n<\/div><\/div><\/div><\/div><\/div>\n\n<p><img loading=\"lazy\" decoding=\"async\" class=\" wp-image-1936\" src=\"https:\/\/site.educa.madrid.org\/ies.leonfelipe.getafe\/\/wp-content\/uploads\/ies.leonfelipe.getafe\/2025\/04\/istockphoto-475705273-612x612-1.jpg\" alt=\"\" width=\"232\" height=\"174\" srcset=\"https:\/\/site.educa.madrid.org\/ies.leonfelipe.getafe\/\/wp-content\/uploads\/ies.leonfelipe.getafe\/2025\/04\/istockphoto-475705273-612x612-1.jpg 612w, https:\/\/site.educa.madrid.org\/ies.leonfelipe.getafe\/\/wp-content\/uploads\/ies.leonfelipe.getafe\/2025\/04\/istockphoto-475705273-612x612-1-300x225.jpg 300w\" sizes=\"auto, (max-width: 232px) 100vw, 232px\" \/><\/p>\n<div class=\"description autoclear\">\n<div class=\"main-content autoclear\">\n<p>Nuestro proyecto <em><strong>KA121-SCH<\/strong><\/em> <em><strong>#ErasmusPlus<\/strong><\/em> 2023 del <em><strong>@sepiegob<\/strong><\/em>\u00a0de movilidad de alumnado y personal de Educaci\u00f3n Escolar ha sido seleccionado.<\/p>\n<p>Avanza tambi\u00e9n nuestra colaboraci\u00f3n con el <em><strong>#IstitutoTecnicoIndustrialeStataleMarioDelpozzo<\/strong><\/em> de Cuneo (Italia) para el curso 2023-2024.<\/p>\n<\/div>\n<\/div>","protected":false},"excerpt":{"rendered":"<p>Nuestro proyecto KA121-SCH #ErasmusPlus 2023 del @sepiegob\u00a0de movilidad de alumnado y personal de Educaci\u00f3n Escolar ha sido seleccionado. Avanza tambi\u00e9n nuestra colaboraci\u00f3n con el #IstitutoTecnicoIndustrialeStataleMarioDelpozzo de Cuneo (Italia) para el &#8230;<\/p>\n","protected":false},"author":3,"featured_media":0,"parent":0,"menu_order":0,"comment_status":"closed","ping_status":"closed","template":"","meta":{"footnotes":""},"folder":[],"class_list":["post-2208","page","type-page","status-publish","hentry"],"rttpg_featured_image_url":null,"rttpg_author":{"display_name":"ies.leonfelipe.getafe","author_link":"https:\/\/site.educa.madrid.org\/ies.leonfelipe.getafe\/index.php\/author\/cuenta_ies-leonfelipe-getafe\/"},"rttpg_comment":0,"rttpg_category":false,"rttpg_excerpt":"Nuestro proyecto KA121-SCH #ErasmusPlus 2023 del @sepiegob\u00a0de movilidad de alumnado y personal de Educaci\u00f3n Escolar ha sido seleccionado. Avanza tambi\u00e9n nuestra colaboraci\u00f3n con el #IstitutoTecnicoIndustrialeStataleMarioDelpozzo de Cuneo (Italia) para el ...","post_mailing_queue_ids":[],"_links":{"self":[{"href":"https:\/\/site.educa.madrid.org\/ies.leonfelipe.getafe\/index.php\/wp-json\/wp\/v2\/pages\/2208","targetHints":{"allow":["GET"]}}],"collection":[{"href":"https:\/\/site.educa.madrid.org\/ies.leonfelipe.getafe\/index.php\/wp-json\/wp\/v2\/pages"}],"about":[{"href":"https:\/\/site.educa.madrid.org\/ies.leonfelipe.getafe\/index.php\/wp-json\/wp\/v2\/types\/page"}],"author":[{"embeddable":true,"href":"https:\/\/site.educa.madrid.org\/ies.leonfelipe.getafe\/index.php\/wp-json\/wp\/v2\/users\/3"}],"replies":[{"embeddable":true,"href":"https:\/\/site.educa.madrid.org\/ies.leonfelipe.getafe\/index.php\/wp-json\/wp\/v2\/comments?post=2208"}],"version-history":[{"count":2,"href":"https:\/\/site.educa.madrid.org\/ies.leonfelipe.getafe\/index.php\/wp-json\/wp\/v2\/pages\/2208\/revisions"}],"predecessor-version":[{"id":2221,"href":"https:\/\/site.educa.madrid.org\/ies.leonfelipe.getafe\/index.php\/wp-json\/wp\/v2\/pages\/2208\/revisions\/2221"}],"wp:attachment":[{"href":"https:\/\/site.educa.madrid.org\/ies.leonfelipe.getafe\/index.php\/wp-json\/wp\/v2\/media?parent=2208"}],"wp:term":[{"taxonomy":"folder","embeddable":true,"href":"https:\/\/site.educa.madrid.org\/ies.leonfelipe.getafe\/index.php\/wp-json\/wp\/v2\/folder?post=2208"}],"curies":[{"name":"wp","href":"https:\/\/api.w.org\/{rel}","templated":true}]}}