{"id":2214,"date":"2025-04-21T19:45:27","date_gmt":"2025-04-21T17:45:27","guid":{"rendered":"https:\/\/site.educa.madrid.org\/ies.leonfelipe.getafe\/?page_id=2214"},"modified":"2025-11-20T17:56:15","modified_gmt":"2025-11-20T16:56:15","slug":"ipafd-2","status":"publish","type":"page","link":"https:\/\/site.educa.madrid.org\/ies.leonfelipe.getafe\/index.php\/ipafd-2\/","title":{"rendered":"IPAFD"},"content":{"rendered":"<div id=\"pl-gb2214-6a0377154e32a\"  class=\"panel-layout panel-layout\" ><div id=\"pg-gb2214-6a0377154e32a-0\"  class=\"panel-grid panel-no-style\" ><div id=\"pgc-gb2214-6a0377154e32a-0-0\"  class=\"panel-grid-cell\"  data-weight=\"1\" ><div id=\"panel-gb2214-6a0377154e32a-0-0-0\" class=\"so-panel widget widget_sow-headline panel-first-child panel-last-child\" data-index=\"0\" data-style=\"{&quot;background_image_attachment&quot;:false,&quot;background_display&quot;:&quot;tile&quot;,&quot;background_image_size&quot;:&quot;full&quot;,&quot;background_image_opacity&quot;:&quot;100&quot;,&quot;border_thickness&quot;:&quot;1px&quot;,&quot;link_overlay_new_window&quot;:&quot;&quot;}\" ><div\n\t\t\t\n\t\t\tclass=\"so-widget-sow-headline so-widget-sow-headline-default-ec1eb4cebc48\"\n\t\t\t\n\t\t><div class=\"sow-headline-container \">\n\t\t\t\t\t\t\t<h2 class=\"sow-headline\">\n\t\t\t\t\t\tIPAFD - Voleibol\t\t\t\t\t\t<\/h2>\n\t\t\t\t\t\t\t\t\t\t\t<div class=\"decoration\">\n\t\t\t\t\t\t<div class=\"decoration-inside\"><\/div>\n\t\t\t\t\t<\/div>\n\t\t\t\t\t<\/div>\n<\/div><\/div><\/div><\/div><\/div>\n\n\n<div class=\"wp-block-media-text is-stacked-on-mobile is-vertically-aligned-center\"><figure class=\"wp-block-media-text__media\"><img loading=\"lazy\" decoding=\"async\" width=\"1024\" height=\"768\" src=\"https:\/\/site.educa.madrid.org\/ies.leonfelipe.getafe\/\/wp-content\/uploads\/ies.leonfelipe.getafe\/2025\/11\/c0424423-146f-42d3-959a-0ea1ad76d465-1024x768.jpg\" alt=\"\" class=\"wp-image-3042 size-full\" srcset=\"https:\/\/site.educa.madrid.org\/ies.leonfelipe.getafe\/\/wp-content\/uploads\/ies.leonfelipe.getafe\/2025\/11\/c0424423-146f-42d3-959a-0ea1ad76d465-1024x768.jpg 1024w, https:\/\/site.educa.madrid.org\/ies.leonfelipe.getafe\/\/wp-content\/uploads\/ies.leonfelipe.getafe\/2025\/11\/c0424423-146f-42d3-959a-0ea1ad76d465-300x225.jpg 300w, https:\/\/site.educa.madrid.org\/ies.leonfelipe.getafe\/\/wp-content\/uploads\/ies.leonfelipe.getafe\/2025\/11\/c0424423-146f-42d3-959a-0ea1ad76d465-768x576.jpg 768w, https:\/\/site.educa.madrid.org\/ies.leonfelipe.getafe\/\/wp-content\/uploads\/ies.leonfelipe.getafe\/2025\/11\/c0424423-146f-42d3-959a-0ea1ad76d465-1536x1152.jpg 1536w, https:\/\/site.educa.madrid.org\/ies.leonfelipe.getafe\/\/wp-content\/uploads\/ies.leonfelipe.getafe\/2025\/11\/c0424423-146f-42d3-959a-0ea1ad76d465.jpg 2040w\" sizes=\"auto, (max-width: 1024px) 100vw, 1024px\" \/><\/figure><div class=\"wp-block-media-text__content\">\n<p class=\"has-black-color has-text-color has-link-color wp-elements-a64e5d2a1c659840d0c0b12e57417ede\">Recientemente los alumnos que realizan la actividad de voleibol en el programa IPAFD disputaron un emocionante partido amistoso contra el IES Satafi.<\/p>\n\n\n\n<p class=\"has-black-color has-text-color has-link-color wp-elements-c848c8e095ab4c17c6688e296d3650b5\">\u00bfQu\u00e9 qui\u00e9n gan\u00f3? <\/p>\n\n\n\n<p class=\"has-black-color has-text-color has-link-color wp-elements-e1f05e367cda212380f3e81144d8439a\">Tod@s, ya que pasaron un rato estupendo practicando su deporte favorito.<\/p>\n\n\n\n<p><\/p>\n<\/div><\/div>\n\n\n<div id=\"pl-gb2214-6a0377154ec4d\"  class=\"panel-layout panel-layout\" ><div id=\"pg-gb2214-6a0377154ec4d-0\"  class=\"panel-grid panel-no-style\" ><div id=\"pgc-gb2214-6a0377154ec4d-0-0\"  class=\"panel-grid-cell\"  data-weight=\"1\" ><div id=\"panel-gb2214-6a0377154ec4d-0-0-0\" class=\"so-panel widget widget_sow-headline panel-first-child panel-last-child\" data-index=\"0\" data-style=\"{&quot;background_image_attachment&quot;:false,&quot;background_display&quot;:&quot;tile&quot;,&quot;background_image_size&quot;:&quot;full&quot;,&quot;background_image_opacity&quot;:&quot;100&quot;,&quot;border_thickness&quot;:&quot;1px&quot;,&quot;link_overlay_new_window&quot;:&quot;&quot;}\" ><div\n\t\t\t\n\t\t\tclass=\"so-widget-sow-headline so-widget-sow-headline-default-ec1eb4cebc48\"\n\t\t\t\n\t\t><div class=\"sow-headline-container \">\n\t\t\t\t\t\t\t<h2 class=\"sow-headline\">\n\t\t\t\t\t\tIPAFD - Inscripci\u00f3n curso 25\/26\t\t\t\t\t\t<\/h2>\n\t\t\t\t\t\t\t\t\t\t\t<div class=\"decoration\">\n\t\t\t\t\t\t<div class=\"decoration-inside\"><\/div>\n\t\t\t\t\t<\/div>\n\t\t\t\t\t<\/div>\n<\/div><\/div><\/div><\/div><\/div>\n\n\n<figure class=\"wp-block-image size-full\"><img loading=\"lazy\" decoding=\"async\" width=\"639\" height=\"900\" src=\"https:\/\/site.educa.madrid.org\/ies.leonfelipe.getafe\/\/wp-content\/uploads\/ies.leonfelipe.getafe\/2025\/09\/POSTER-IPAFD.jpg\" alt=\"\" class=\"wp-image-2803\" srcset=\"https:\/\/site.educa.madrid.org\/ies.leonfelipe.getafe\/\/wp-content\/uploads\/ies.leonfelipe.getafe\/2025\/09\/POSTER-IPAFD.jpg 639w, https:\/\/site.educa.madrid.org\/ies.leonfelipe.getafe\/\/wp-content\/uploads\/ies.leonfelipe.getafe\/2025\/09\/POSTER-IPAFD-213x300.jpg 213w\" sizes=\"auto, (max-width: 639px) 100vw, 639px\" \/><\/figure>\n\n\n\n<figure class=\"wp-block-image size-large\"><img loading=\"lazy\" decoding=\"async\" width=\"1024\" height=\"250\" src=\"https:\/\/site.educa.madrid.org\/ies.leonfelipe.getafe\/\/wp-content\/uploads\/ies.leonfelipe.getafe\/2025\/09\/IMAGEN-IPAFD-1024x250.jpg\" alt=\"\" class=\"wp-image-2815\" srcset=\"https:\/\/site.educa.madrid.org\/ies.leonfelipe.getafe\/\/wp-content\/uploads\/ies.leonfelipe.getafe\/2025\/09\/IMAGEN-IPAFD-1024x250.jpg 1024w, https:\/\/site.educa.madrid.org\/ies.leonfelipe.getafe\/\/wp-content\/uploads\/ies.leonfelipe.getafe\/2025\/09\/IMAGEN-IPAFD-300x73.jpg 300w, https:\/\/site.educa.madrid.org\/ies.leonfelipe.getafe\/\/wp-content\/uploads\/ies.leonfelipe.getafe\/2025\/09\/IMAGEN-IPAFD-768x187.jpg 768w, https:\/\/site.educa.madrid.org\/ies.leonfelipe.getafe\/\/wp-content\/uploads\/ies.leonfelipe.getafe\/2025\/09\/IMAGEN-IPAFD.jpg 1078w\" sizes=\"auto, (max-width: 1024px) 100vw, 1024px\" \/><\/figure>\n\n\n\n<p><strong>\u00bfQU\u00c9 ES?<\/strong><\/p>\n\n\n\n<p>El Programa IPAFD ayuda a nuestro alumnado a la realizaci\u00f3n de deporte y actividad f\u00edsica de forma regular y continuada como h\u00e1bito de vida saludable.<\/p>\n\n\n\n<p>Este programa se desarrolla a trav\u00e9s de diferentes <strong>Escuelas Deportivas impartidas por las Federaciones Deportivas Madrile\u00f1as<\/strong> en los <strong>Institutos de<\/strong> <strong>Ense\u00f1anza Secundaria<\/strong><\/p>\n\n\n\n<p><strong>\u00bfQU\u00c9 DEPORTES SE OFERTAN Y CU\u00c1NDO?<\/strong><\/p>\n\n\n\n<figure class=\"wp-block-table\"><table class=\"has-fixed-layout\"><tbody><tr><td><strong>DEPORTES<\/strong><\/td><td><strong>HORARIO<\/strong><\/td><td><strong>LUGAR<\/strong><\/td><\/tr><tr><td>F\u00daTBOL SALA I<\/td><td>Martes y Jueves 16:30 &#8211; 17:15<\/td><td>IES LE\u00d3N FELIPE<\/td><\/tr><tr><td>F\u00daTBOL SALA II<\/td><td>Martes y Jueves 17:15 &#8211; 18:00<\/td><td>IES LE\u00d3N FELIPE<\/td><\/tr><tr><td>BALONCESTO<\/td><td>Martes y Jueves 16:00 &#8211; 18:00<\/td><td>IES LE\u00d3N FELIPE<\/td><\/tr><tr><td>VOLEIBOL I<\/td><td>Martes y Jueves 16:15 &#8211; 17:00<\/td><td>IES LE\u00d3N FELIPE<\/td><\/tr><tr><td>VOLEIBOL II<\/td><td>Martes y Jueves 17:00 &#8211; 18:00<\/td><td>IES LE\u00d3N FELIPE<\/td><\/tr><tr><td>TAEKWONDO I<\/td><td>Martes y Jueves 16:00 &#8211; 17:00<\/td><td>IES LE\u00d3N FELIPE (gimnasio)<\/td><\/tr><tr><td>TAEKWONDO II<\/td><td>Martes y Jueves 17:00 &#8211; 18:00<\/td><td>IES LE\u00d3N FELIPE (gimnasio)<\/td><\/tr><tr><td>PIRAG\u00dcISMO<\/td><td>Martes y Jueves 16:00 &#8211; 18:00<\/td><td>LAGO PARQUE DE LA ALH\u00d3NDIGA<\/td><\/tr><\/tbody><\/table><\/figure>\n\n\n\n<p>Los horarios pueden variar en funci\u00f3n del n\u00famero de personas inscritas, ya que se realizan dos grupos en las modalidades con gran n\u00famero de participantes.<\/p>\n\n\n\n<p><strong>\u00bfC\u00d3MO INSCRIBIRSE?<\/strong><\/p>\n\n\n\n<p>Para participar en el programa IPAFD, es preciso enviar la <strong>inscripci\u00f3n del formulario <\/strong>y el <strong>justificante de transferencia bancaria <\/strong>del pago de la actividad al centro del <strong>10 al 25 de septiembre de 2025<\/strong>, que servir\u00e1 como garant\u00eda del compromiso del alumno\/a y su familia con las condiciones del programa.<\/p>\n\n\n\n<p>El pago ser\u00e1 de solo 15\u20ac\/curso, con ello se podr\u00e1n inscribir hasta en dos modalidades deportivas.<\/p>\n\n\n\n<p>Paso a paso:<\/p>\n\n\n\n<ol class=\"wp-block-list\">\n<li><em><strong>Realizar una transferencia bancaria al centro<\/strong><\/em> con los siguientes datos:\n<ul class=\"wp-block-list\">\n<li>La cantidad a transferir: <em><strong>15 \u20ac<\/strong><\/em>.<\/li>\n\n\n\n<li>La cuenta del instituto (a la que se transfiere el dinero): <em><strong>ES15 2100 4655 4513 0028 3249<br><\/strong><\/em>El concepto (que debe consignarse al realizar la transferencia): <em><strong>IPAFD \u2013 NOMBRE, APELLIDOS, CURSO Y GRUPO DEL ALUMNO\/A.<\/strong><\/em><\/li>\n<\/ul>\n<\/li>\n\n\n\n<li><em><strong>Enviar el justificante<\/strong><\/em> de esta transferencia mediante la cumplimentaci\u00f3n del siguiente<a href=\"https:\/\/forms.gle\/w8VLLCzDxx3MPprz6\"> <\/a><em><strong>formulario<\/strong><\/em> (se precisa una cuenta de Google para cumplimentarlo y enviarlo).<\/li>\n<\/ol>\n\n\n\n<p class=\"has-vivid-red-color has-text-color has-link-color has-x-large-font-size wp-elements-b43c7f33927c5d8ebcbe5c52f116aba7\"><strong>Para acceder al formulario de inscripci\u00f3n del programa IPAFD, haz click con el rat\u00f3n sobre la palabra INSCRIPCI\u00d3N que est\u00e1 en azul aqu\u00ed abajo:<\/strong><\/p>\n\n\n\n<p class=\"has-vivid-cyan-blue-color has-text-color has-link-color has-x-large-font-size wp-elements-8931e53e7747b8bce6979994f473f2b2\"><br><a href=\"https:\/\/docs.google.com\/forms\/u\/0\/d\/1dcRYt_Y2HC8NwSpm5cnubbfSvr-t26lRuG7O4kMJS2g\/viewform?pli=1&amp;usp=drivesdk&amp;pli=1&amp;edit_requested=true\"><strong>INSCRIPCI\u00d3N<\/strong><\/a><\/p>\n\n\n\n<p class=\"has-vivid-cyan-blue-color has-text-color has-link-color has-x-large-font-size wp-elements-b36a1b37d19e2297caeed8c0431ea6ba\"><\/p>\n\n\n\n<p>Las plazas son limitadas, por lo que ir\u00e1n en orden de inscripci\u00f3n.<\/p>\n\n\n\n<p>Aqu\u00ed os dejamos la <a href=\"https:\/\/www.comunidad.madrid\/cultura\/deportes\/institutos-promotores-actividad-fisica-deporte-ipafd\"><u>web <\/u><\/a>del programa as\u00ed como la <a href=\"https:\/\/www.comunidad.madrid\/sites\/default\/files\/doc\/deporte\/seguro_markel_024s00171aco_25-26.pdf\"><u>p\u00f3liza de seguros de accidentes.<\/u><\/a><\/p>\n\n\n\n<p><\/p>\n\n\n\n<p><\/p>\n\n\n\n<h2 class=\"wp-block-heading has-text-align-center has-small-font-size\">Responsable del Programa <em>Instituto Promotor de la Actividad F\u00edsica y el Deporte<\/em> (IPAFD):<\/h2>\n\n\n\n<p class=\"has-text-align-center\">Carlos Mora de la Nogal<\/p>\n\n\n\n<p class=\"has-text-align-center\"><a href=\"mailto:carlos.moradelanogal@educa.madrid.org\"><u>carlos.moradelanogal@educa.madrid.org<\/u><\/a><\/p>\n\n\n\n<p><\/p>\n\n\n<div id=\"pl-gb2214-6a03771551b24\"  class=\"panel-layout panel-layout\" ><div id=\"pg-gb2214-6a03771551b24-0\"  class=\"panel-grid panel-no-style\" ><div id=\"pgc-gb2214-6a03771551b24-0-0\"  class=\"panel-grid-cell\"  data-weight=\"1\" ><div id=\"panel-gb2214-6a03771551b24-0-0-0\" class=\"so-panel widget widget_sow-headline panel-first-child panel-last-child\" data-index=\"0\" data-style=\"{&quot;background_image_attachment&quot;:false,&quot;background_display&quot;:&quot;tile&quot;,&quot;background_image_size&quot;:&quot;full&quot;,&quot;background_image_opacity&quot;:&quot;100&quot;,&quot;border_thickness&quot;:&quot;1px&quot;,&quot;link_overlay_new_window&quot;:&quot;&quot;}\" ><div\n\t\t\t\n\t\t\tclass=\"so-widget-sow-headline so-widget-sow-headline-default-ec1eb4cebc48\"\n\t\t\t\n\t\t><div class=\"sow-headline-container \">\n\t\t\t\t\t\t\t<h2 class=\"sow-headline\">\n\t\t\t\t\t\tIPAFD - Competici\u00f3n auton\u00f3mica de Taekwondo\t\t\t\t\t\t<\/h2>\n\t\t\t\t\t\t\t\t\t\t\t<div class=\"decoration\">\n\t\t\t\t\t\t<div class=\"decoration-inside\"><\/div>\n\t\t\t\t\t<\/div>\n\t\t\t\t\t<\/div>\n<\/div><\/div><\/div><\/div><\/div>\n\n\n<p>Recientemente se ha celebrado un torneo auton\u00f3mico de Taekwondo en el que han participado 5 alumnos del IES Le\u00f3n Felipe de Getafe del programa IPAFD de este arte marcial. <\/p>\n\n\n\n<p>1\u00ba ESO: Wisal Argham<\/p>\n\n\n\n<p>2\u00ba ESO: Roxana Melintescu<\/p>\n\n\n\n<p>3\u00ba ESO: Maissou Doumbouya<\/p>\n\n\n\n<p>4\u00ba ESO: Ainhoa Ninahouaman y Pedro Rodr\u00edguez<\/p>\n\n\n\n<p>Las chicas han participado en la modalidad de t\u00e9cnica, en la que Maissou obtuvo una medalla; y Pedro en la de combate, quedando en segunda posici\u00f3n.<\/p>\n\n\n\n<p>\u00a1\u00a1\u00a1Enhorabuena a tod@s!!!<\/p>\n\n\n\n<p><img loading=\"lazy\" decoding=\"async\" width=\"200\" height=\"89\" class=\"wp-image-2657\" style=\"width: 200px;\" src=\"https:\/\/site.educa.madrid.org\/ies.leonfelipe.getafe\/\/wp-content\/uploads\/ies.leonfelipe.getafe\/2025\/06\/Competicion_Taekwondo-II.jpg\" alt=\"\" srcset=\"https:\/\/site.educa.madrid.org\/ies.leonfelipe.getafe\/\/wp-content\/uploads\/ies.leonfelipe.getafe\/2025\/06\/Competicion_Taekwondo-II.jpg 2048w, https:\/\/site.educa.madrid.org\/ies.leonfelipe.getafe\/\/wp-content\/uploads\/ies.leonfelipe.getafe\/2025\/06\/Competicion_Taekwondo-II-300x134.jpg 300w, https:\/\/site.educa.madrid.org\/ies.leonfelipe.getafe\/\/wp-content\/uploads\/ies.leonfelipe.getafe\/2025\/06\/Competicion_Taekwondo-II-1024x457.jpg 1024w, https:\/\/site.educa.madrid.org\/ies.leonfelipe.getafe\/\/wp-content\/uploads\/ies.leonfelipe.getafe\/2025\/06\/Competicion_Taekwondo-II-768x343.jpg 768w, https:\/\/site.educa.madrid.org\/ies.leonfelipe.getafe\/\/wp-content\/uploads\/ies.leonfelipe.getafe\/2025\/06\/Competicion_Taekwondo-II-1536x686.jpg 1536w\" sizes=\"auto, (max-width: 200px) 100vw, 200px\" \/><img loading=\"lazy\" decoding=\"async\" width=\"200\" height=\"89\" class=\"wp-image-2658\" style=\"width: 200px;\" src=\"https:\/\/site.educa.madrid.org\/ies.leonfelipe.getafe\/\/wp-content\/uploads\/ies.leonfelipe.getafe\/2025\/06\/Competicion_Taekwondo-III.jpg\" alt=\"\" srcset=\"https:\/\/site.educa.madrid.org\/ies.leonfelipe.getafe\/\/wp-content\/uploads\/ies.leonfelipe.getafe\/2025\/06\/Competicion_Taekwondo-III.jpg 1600w, https:\/\/site.educa.madrid.org\/ies.leonfelipe.getafe\/\/wp-content\/uploads\/ies.leonfelipe.getafe\/2025\/06\/Competicion_Taekwondo-III-300x134.jpg 300w, https:\/\/site.educa.madrid.org\/ies.leonfelipe.getafe\/\/wp-content\/uploads\/ies.leonfelipe.getafe\/2025\/06\/Competicion_Taekwondo-III-1024x457.jpg 1024w, https:\/\/site.educa.madrid.org\/ies.leonfelipe.getafe\/\/wp-content\/uploads\/ies.leonfelipe.getafe\/2025\/06\/Competicion_Taekwondo-III-768x343.jpg 768w, https:\/\/site.educa.madrid.org\/ies.leonfelipe.getafe\/\/wp-content\/uploads\/ies.leonfelipe.getafe\/2025\/06\/Competicion_Taekwondo-III-1536x685.jpg 1536w\" sizes=\"auto, (max-width: 200px) 100vw, 200px\" \/><img loading=\"lazy\" decoding=\"async\" width=\"200\" height=\"89\" class=\"wp-image-2656\" style=\"width: 200px;\" src=\"https:\/\/site.educa.madrid.org\/ies.leonfelipe.getafe\/\/wp-content\/uploads\/ies.leonfelipe.getafe\/2025\/06\/Competicion_Taekwondo-I.jpg\" alt=\"\" srcset=\"https:\/\/site.educa.madrid.org\/ies.leonfelipe.getafe\/\/wp-content\/uploads\/ies.leonfelipe.getafe\/2025\/06\/Competicion_Taekwondo-I.jpg 2048w, https:\/\/site.educa.madrid.org\/ies.leonfelipe.getafe\/\/wp-content\/uploads\/ies.leonfelipe.getafe\/2025\/06\/Competicion_Taekwondo-I-300x134.jpg 300w, https:\/\/site.educa.madrid.org\/ies.leonfelipe.getafe\/\/wp-content\/uploads\/ies.leonfelipe.getafe\/2025\/06\/Competicion_Taekwondo-I-1024x457.jpg 1024w, https:\/\/site.educa.madrid.org\/ies.leonfelipe.getafe\/\/wp-content\/uploads\/ies.leonfelipe.getafe\/2025\/06\/Competicion_Taekwondo-I-768x343.jpg 768w, https:\/\/site.educa.madrid.org\/ies.leonfelipe.getafe\/\/wp-content\/uploads\/ies.leonfelipe.getafe\/2025\/06\/Competicion_Taekwondo-I-1536x686.jpg 1536w\" sizes=\"auto, (max-width: 200px) 100vw, 200px\" \/><\/p>\n\n\n\n<p><\/p>\n","protected":false},"excerpt":{"rendered":"<p>Recientemente los alumnos que realizan la actividad de voleibol en el programa IPAFD disputaron un emocionante partido amistoso contra el IES Satafi. \u00bfQu\u00e9 qui\u00e9n gan\u00f3? Tod@s, ya que pasaron un &#8230;<\/p>\n","protected":false},"author":3,"featured_media":0,"parent":0,"menu_order":0,"comment_status":"closed","ping_status":"closed","template":"","meta":{"footnotes":""},"folder":[],"class_list":["post-2214","page","type-page","status-publish","hentry"],"rttpg_featured_image_url":null,"rttpg_author":{"display_name":"ies.leonfelipe.getafe","author_link":"https:\/\/site.educa.madrid.org\/ies.leonfelipe.getafe\/index.php\/author\/cuenta_ies-leonfelipe-getafe\/"},"rttpg_comment":0,"rttpg_category":false,"rttpg_excerpt":"Recientemente los alumnos que realizan la actividad de voleibol en el programa IPAFD disputaron un emocionante partido amistoso contra el IES Satafi. \u00bfQu\u00e9 qui\u00e9n gan\u00f3? Tod@s, ya que pasaron un ...","post_mailing_queue_ids":[],"_links":{"self":[{"href":"https:\/\/site.educa.madrid.org\/ies.leonfelipe.getafe\/index.php\/wp-json\/wp\/v2\/pages\/2214","targetHints":{"allow":["GET"]}}],"collection":[{"href":"https:\/\/site.educa.madrid.org\/ies.leonfelipe.getafe\/index.php\/wp-json\/wp\/v2\/pages"}],"about":[{"href":"https:\/\/site.educa.madrid.org\/ies.leonfelipe.getafe\/index.php\/wp-json\/wp\/v2\/types\/page"}],"author":[{"embeddable":true,"href":"https:\/\/site.educa.madrid.org\/ies.leonfelipe.getafe\/index.php\/wp-json\/wp\/v2\/users\/3"}],"replies":[{"embeddable":true,"href":"https:\/\/site.educa.madrid.org\/ies.leonfelipe.getafe\/index.php\/wp-json\/wp\/v2\/comments?post=2214"}],"version-history":[{"count":28,"href":"https:\/\/site.educa.madrid.org\/ies.leonfelipe.getafe\/index.php\/wp-json\/wp\/v2\/pages\/2214\/revisions"}],"predecessor-version":[{"id":3049,"href":"https:\/\/site.educa.madrid.org\/ies.leonfelipe.getafe\/index.php\/wp-json\/wp\/v2\/pages\/2214\/revisions\/3049"}],"wp:attachment":[{"href":"https:\/\/site.educa.madrid.org\/ies.leonfelipe.getafe\/index.php\/wp-json\/wp\/v2\/media?parent=2214"}],"wp:term":[{"taxonomy":"folder","embeddable":true,"href":"https:\/\/site.educa.madrid.org\/ies.leonfelipe.getafe\/index.php\/wp-json\/wp\/v2\/folder?post=2214"}],"curies":[{"name":"wp","href":"https:\/\/api.w.org\/{rel}","templated":true}]}}