{"id":2237,"date":"2025-04-21T20:45:22","date_gmt":"2025-04-21T18:45:22","guid":{"rendered":"https:\/\/site.educa.madrid.org\/ies.leonfelipe.getafe\/?page_id=2237"},"modified":"2026-05-06T14:47:39","modified_gmt":"2026-05-06T12:47:39","slug":"contacto","status":"publish","type":"page","link":"https:\/\/site.educa.madrid.org\/ies.leonfelipe.getafe\/index.php\/contacto\/","title":{"rendered":"Contacto"},"content":{"rendered":"<div id=\"pl-gb2237-6a03771a69035\"  class=\"panel-layout panel-layout\" ><div id=\"pg-gb2237-6a03771a69035-0\"  class=\"panel-grid panel-no-style\"  data-style=\"{&quot;background_image_attachment&quot;:false,&quot;background_display&quot;:&quot;tile&quot;,&quot;background_image_size&quot;:&quot;full&quot;,&quot;background_image_opacity&quot;:&quot;100&quot;,&quot;border_thickness&quot;:&quot;1px&quot;,&quot;full_height&quot;:&quot;&quot;,&quot;cell_alignment&quot;:&quot;flex-start&quot;,&quot;link_overlay_new_window&quot;:&quot;&quot;}\" ><div id=\"pgc-gb2237-6a03771a69035-0-0\"  class=\"panel-grid-cell\"  data-weight=\"0.29936896807721\" ><div id=\"panel-gb2237-6a03771a69035-0-0-0\" class=\"so-panel widget widget_custom_html panel-first-child panel-last-child\" data-index=\"0\" data-style=\"{&quot;background_image_attachment&quot;:false,&quot;background_display&quot;:&quot;tile&quot;,&quot;background_image_size&quot;:&quot;full&quot;,&quot;background_image_opacity&quot;:&quot;100&quot;,&quot;border_thickness&quot;:&quot;1px&quot;,&quot;link_overlay_new_window&quot;:&quot;&quot;}\" ><div class=\"textwidget custom-html-widget\"><h3><strong>DATOS DE CONTACTO<\/strong><\/h3>\n\n<p><strong>DIRECCI\u00d3N<\/strong><br \/>\n<em>&nbsp; &nbsp; &nbsp; &nbsp;Av Fuerzas Armadas, S\/n &#8211; Getafe<br \/>\nMADRID 28901 \u2013 ESPA\u00d1A<\/em><\/p>\n<p><strong>Tel\u00e9fono<\/strong><br \/>\n<em>&nbsp; &nbsp; &nbsp; &nbsp; &nbsp; &nbsp;+34 91.681.80.80<\/em><\/p>\n<p><strong>HORARIO<\/strong><br \/>\n<em>&nbsp; &nbsp; &nbsp; &nbsp; &nbsp; &nbsp;de 8:30 a 15:00 horas<\/em><\/p>\n<p>Administraci\u00f3n del Centro:<br \/>\n<em>&nbsp; &nbsp; &nbsp; &nbsp; &nbsp; &nbsp;de lunes a viernes: de 10:00 a 13:00 horas<\/em><\/p>\n<p><strong>REDES SOCIALES<\/strong><\/p>\n<p><a href=\"https:\/\/www.instagram.com\/iesleonfelipegtf\/\" data-mce-href=\"https:\/\/www.instagram.com\/iesleonfelipegtf\/\"><img loading=\"lazy\" decoding=\"async\" class=\"alignnone wp-image-4477\" src=\"https:\/\/site.educa.madrid.org\/ies.leonfelipe.getafe\/\/wp-content\/uploads\/ies.leonfelipe.getafe\/2025\/04\/instagram.png\" alt=\"\" width=\"50\" height=\"50\" data-mce-src=\"https:\/\/site.educa.madrid.org\/ies.leonfelipe.getafe\/\/wp-content\/uploads\/ies.leonfelipe.getafe\/2025\/04\/instagram.png\">&nbsp; &nbsp; &nbsp; &nbsp; &nbsp;<a href=\"https:\/\/x.com\/IesleonfelipeG\/\" data-mce-href=\"https:\/\/x.com\/IesleonfelipeG\/\"><img loading=\"lazy\" decoding=\"async\" class=\"alignnone wp-image-11373\" src=\"https:\/\/site.educa.madrid.org\/ies.leonfelipe.getafe\/\/wp-content\/uploads\/ies.leonfelipe.getafe\/2025\/04\/x.png\" alt=\"\" width=\"53\" height=\"53\" data-mce-src=\"https:\/\/site.educa.madrid.org\/ies.leonfelipe.getafe\/\/wp-content\/uploads\/ies.leonfelipe.getafe\/2025\/04\/x.png\"><\/a><\/a><\/p><\/div><\/div><\/div><div id=\"pgc-gb2237-6a03771a69035-0-1\"  class=\"panel-grid-cell\"  data-weight=\"0.38678544914625\" ><div id=\"panel-gb2237-6a03771a69035-0-1-0\" class=\"so-panel widget widget_custom_html panel-first-child panel-last-child\" data-index=\"1\" data-style=\"{&quot;background_image_attachment&quot;:false,&quot;background_display&quot;:&quot;tile&quot;,&quot;background_image_size&quot;:&quot;full&quot;,&quot;background_image_opacity&quot;:&quot;100&quot;,&quot;border_thickness&quot;:&quot;1px&quot;,&quot;link_overlay_new_window&quot;:&quot;&quot;}\" ><div class=\"textwidget custom-html-widget\"><h3><strong>GESTIONES-TR\u00c1MITES-INFORMACI\u00d3N<\/strong><\/h3>\n\n<p>Con el fin de mejorar la comunicaci\u00f3n de la comunidad educativa del IES Le\u00f3n Felipe (Getafe) se han establecido las siguientes direcciones de correo en funci\u00f3n del tr\u00e1mite a realizar:<\/p>\n<ul>\n\t<li><strong>JEFATURA DE ESTUDIOS<\/strong>\n\t\t<p>(Ense\u00f1anzas, Convivencia, Horarios, Incidencias, etc.)<br \/>\n\t\t\t<em><a href=\"mailto:jestudios.ies.leonfelipe.getafe@educa.madrid.org\" data-mce-href=\"mailto:jestudios.ies.leonfelipe.getafe@educa.madrid.org\">jestudios.ies.leonfelipe.getafe@educa.madrid.org<\/a><\/em><\/p>\t\n\t<\/li>\n<\/ul>\n<ul>\n\t<li><strong>CREDENCIALES EDUCAMADRID<\/strong>\n\t\t<p>(Correo electr\u00f3nico de Educamadrid, Aulas Virtuales o para resetear la contrase\u00f1a.)<br \/>\n\t\t\t<em><a href=\"mailto:tic.ies.leonfelipe.getafe@educa.madrid.org\" data-mce-href=\"mailto:tic.ies.leonfelipe.getafe@educa.madrid.org\">tic.ies.leonfelipe.getafe@educa.madrid.org<\/a><\/em><\/p>\t\n\t<\/li>\n<\/ul>\n<ul>\n\t<li><strong>PROGRAMA ACCEDE<\/strong>\n\t\t<p>(Pr\u00e9stamo de libros, altas\/bajas, entrega\/devoluciones, fianzas, incidencias, etc.)<br \/>\n\t\t\t<em><a href=\"mailto:secretaria.ies.leonfelipe.getafe@educa.madrid.org\" data-mce-href=\"mailto:secretaria.ies.leonfelipe.getafe@educa.madrid.org\">secretaria.ies.leonfelipe.getafe@educa.madrid.org<\/a><\/em><\/p>\t\n\t<\/li>\n<\/ul>\n<ul>\n\t<li><strong>BIBLIOTECA<\/strong>\n\t\t<p>(Referencias, pr\u00e9stamos, horarios, etc.)<br \/>\n\t\t\t<em><a href=\"mailto:biblioteca.ies.leonfelipe.getafe@educa.madrid.org\" data-mce-href=\"mailto:biblioteca.ies.leonfelipe.getafe@educa.madrid.org\">biblioteca.ies.leonfelipe.getafe@educa.madrid.org<\/a><\/em><\/p>\t\n\t<\/li>\n<\/ul>\n<ul>\n\t<li><strong>SECRETAR\u00cdA DOCENTE<\/strong>\n\t\t<p>(Proveedores, pagos, facturas, etc.)<br \/>\n\t\t\t<em><a href=\"mailto:secretaria.ies.leonfelipe.getafe@educa.madrid.org\" data-mce-href=\"mailto:secretaria.ies.leonfelipe.getafe@educa.madrid.org\">secretaria.ies.leonfelipe.getafe@educa.madrid.org<\/a><\/em><\/p>\t\n\t<\/li>\n<\/ul>\n<ul>\n\t<li><strong>DIRECCI\u00d3N<\/strong>\n\t\t<p>(Direcci\u00f3n institucional, etc.)<br \/>\n\t\t\t<em><a href=\"mailto:ies.leonfelipe.getafe@educa.madrid.org\" data-mce-href=\"mailto:ies.leonfelipe.getafe@educa.madrid.org\">ies.leonfelipe.getafe@educa.madrid.org<\/a><\/em><\/p>\t\n\t<\/li>\n<\/ul>\n<ul>\n\t<li><strong>TUTORES:\u00a0<\/strong>\n\t\tpueden consultar el email de cada tutor por grupos en el apartado de <em>INFORMACI\u00d3N A FAMILIAS<\/em> de esta p\u00e1gina web\t\n\t<\/li>\n<\/ul>\n<p><strong><em>*IMPORTANTE: S\u00f3lo se atender\u00e1 presencialmente en el centro con cita previa.<\/em><\/strong><\/p> \n<\/div><\/div><\/div><div id=\"pgc-gb2237-6a03771a69035-0-2\"  class=\"panel-grid-cell\"  data-weight=\"0.31384558277654\" ><div id=\"panel-gb2237-6a03771a69035-0-2-0\" class=\"so-panel widget widget_text panel-first-child panel-last-child\" data-index=\"2\" data-style=\"{&quot;background_image_attachment&quot;:false,&quot;background_display&quot;:&quot;tile&quot;,&quot;background_image_size&quot;:&quot;full&quot;,&quot;background_image_opacity&quot;:&quot;100&quot;,&quot;border_thickness&quot;:&quot;1px&quot;,&quot;link_overlay_new_window&quot;:&quot;&quot;}\" >\t\t\t<div class=\"textwidget\"><h3><strong>ADMINISTRACI\u00d3N<\/strong><\/h3>\n<p>Para contactar con Administraci\u00f3n (Matr\u00edcula, Programa Ra\u00edces\/Roble, Admisi\u00f3n, certificados, tr\u00e1mites administrativos, etc.) rellene el siguiente formulario: o tambi\u00e9n puede utilizar el siguiente correo electr\u00f3nico: compdigedu.ies.leonfelipe.getafe@educa.madrid.org<\/p>\n\n<div class=\"wpcf7 no-js\" id=\"wpcf7-f2276-o1\" lang=\"es-ES\" dir=\"ltr\">\n<div class=\"screen-reader-response\"><p role=\"status\" aria-live=\"polite\" aria-atomic=\"true\"><\/p> <ul><\/ul><\/div>\n<form action=\"\/ies.leonfelipe.getafe\/index.php\/wp-json\/wp\/v2\/pages\/2237#wpcf7-f2276-o1\" method=\"post\" class=\"wpcf7-form init\" aria-label=\"Formulario de contacto\" novalidate=\"novalidate\" data-status=\"init\">\n<div style=\"display: none;\">\n<input type=\"hidden\" name=\"_wpcf7\" value=\"2276\" \/>\n<input type=\"hidden\" name=\"_wpcf7_version\" value=\"5.9.7\" \/>\n<input type=\"hidden\" name=\"_wpcf7_locale\" value=\"es_ES\" \/>\n<input type=\"hidden\" name=\"_wpcf7_unit_tag\" value=\"wpcf7-f2276-o1\" \/>\n<input type=\"hidden\" name=\"_wpcf7_container_post\" value=\"0\" \/>\n<input type=\"hidden\" name=\"_wpcf7_posted_data_hash\" value=\"\" \/>\n<\/div>\n<p><label> Tu nombre<br \/>\n<span class=\"wpcf7-form-control-wrap\" data-name=\"your-name\"><input size=\"40\" maxlength=\"400\" class=\"wpcf7-form-control wpcf7-text wpcf7-validates-as-required\" autocomplete=\"name\" aria-required=\"true\" aria-invalid=\"false\" value=\"\" type=\"text\" name=\"your-name\" \/><\/span> <\/label>\n<\/p>\n<p><label> Tu correo electr\u00f3nico<br \/>\n<span class=\"wpcf7-form-control-wrap\" data-name=\"your-email\"><input size=\"40\" maxlength=\"400\" class=\"wpcf7-form-control wpcf7-email wpcf7-validates-as-required wpcf7-text wpcf7-validates-as-email\" autocomplete=\"email\" aria-required=\"true\" aria-invalid=\"false\" value=\"\" type=\"email\" name=\"your-email\" \/><\/span> <\/label>\n<\/p>\n<p><label> Asunto<br \/>\n<span class=\"wpcf7-form-control-wrap\" data-name=\"your-subject\"><input size=\"40\" maxlength=\"400\" class=\"wpcf7-form-control wpcf7-text wpcf7-validates-as-required\" aria-required=\"true\" aria-invalid=\"false\" value=\"\" type=\"text\" name=\"your-subject\" \/><\/span> <\/label>\n<\/p>\n<p><label> Tu mensaje (opcional)<br \/>\n<span class=\"wpcf7-form-control-wrap\" data-name=\"your-message\"><textarea cols=\"40\" rows=\"10\" maxlength=\"2000\" class=\"wpcf7-form-control wpcf7-textarea wpcf7-validates-as-required\" aria-required=\"true\" aria-invalid=\"false\" name=\"your-message\"><\/textarea><\/span> <\/label>\n<\/p>\n<p class=\"aiowps-captcha hide-when-displaying-tfa-input\"><label for=\"aiowps-captcha-answer\">Por favor, introduce una respuesta en d\u00edgitos:<\/label>\n<\/p>\n<div class=\"aiowps-captcha-equation hide-when-displaying-tfa-input\">\n\t<p><strong>doce &#8722; 2 = <input type=\"hidden\" name=\"aiowps-captcha-string-info\" class=\"aiowps-captcha-string-info\" value=\"e9yp96s7hx\" \/><input type=\"hidden\" name=\"aiowps-captcha-temp-string\" class=\"aiowps-captcha-temp-string\" value=\"1778611994\" \/><input type=\"text\" size=\"2\" class=\"aiowps-captcha-answer\" name=\"aiowps-captcha-answer\" value=\"\" autocomplete=\"off\" \/><\/strong>\n\t<\/p>\n<\/div>\n<p><span class='wpcf7-form-control-wrap' data-name='aiowps-captcha'><\/span><input class=\"wpcf7-form-control wpcf7-submit has-spinner\" type=\"submit\" value=\"Enviar\" \/>\n<\/p><p style=\"display: none !important;\" class=\"akismet-fields-container\" data-prefix=\"_wpcf7_ak_\"><label>&#916;<textarea name=\"_wpcf7_ak_hp_textarea\" cols=\"45\" rows=\"8\" maxlength=\"100\"><\/textarea><\/label><input type=\"hidden\" id=\"ak_js_1\" name=\"_wpcf7_ak_js\" value=\"220\"\/><script>document.getElementById( \"ak_js_1\" ).setAttribute( \"value\", ( new Date() ).getTime() );<\/script><\/p><div class=\"wpcf7-response-output\" aria-hidden=\"true\"><\/div>\n<\/form>\n<\/div>\n\n<\/div>\n\t\t<\/div><\/div><\/div><\/div>\n\n\n<p><\/p>\n","protected":false},"excerpt":{"rendered":"<p>ADMINISTRACI\u00d3N Para contactar con Administraci\u00f3n (Matr\u00edcula, Programa Ra\u00edces\/Roble, Admisi\u00f3n, certificados, tr\u00e1mites administrativos, etc.) rellene el siguiente formulario: o tambi\u00e9n puede utilizar el siguiente correo electr\u00f3nico: compdigedu.ies.leonfelipe.getafe@educa.madrid.org<\/p>\n","protected":false},"author":3,"featured_media":0,"parent":0,"menu_order":0,"comment_status":"closed","ping_status":"closed","template":"","meta":{"footnotes":""},"folder":[],"class_list":["post-2237","page","type-page","status-publish","hentry"],"rttpg_featured_image_url":null,"rttpg_author":{"display_name":"ies.leonfelipe.getafe","author_link":"https:\/\/site.educa.madrid.org\/ies.leonfelipe.getafe\/index.php\/author\/cuenta_ies-leonfelipe-getafe\/"},"rttpg_comment":0,"rttpg_category":false,"rttpg_excerpt":"ADMINISTRACI\u00d3N Para contactar con Administraci\u00f3n (Matr\u00edcula, Programa Ra\u00edces\/Roble, Admisi\u00f3n, certificados, tr\u00e1mites administrativos, etc.) rellene el siguiente formulario: o tambi\u00e9n puede utilizar el siguiente correo electr\u00f3nico: compdigedu.ies.leonfelipe.getafe@educa.madrid.org","post_mailing_queue_ids":[],"_links":{"self":[{"href":"https:\/\/site.educa.madrid.org\/ies.leonfelipe.getafe\/index.php\/wp-json\/wp\/v2\/pages\/2237","targetHints":{"allow":["GET"]}}],"collection":[{"href":"https:\/\/site.educa.madrid.org\/ies.leonfelipe.getafe\/index.php\/wp-json\/wp\/v2\/pages"}],"about":[{"href":"https:\/\/site.educa.madrid.org\/ies.leonfelipe.getafe\/index.php\/wp-json\/wp\/v2\/types\/page"}],"author":[{"embeddable":true,"href":"https:\/\/site.educa.madrid.org\/ies.leonfelipe.getafe\/index.php\/wp-json\/wp\/v2\/users\/3"}],"replies":[{"embeddable":true,"href":"https:\/\/site.educa.madrid.org\/ies.leonfelipe.getafe\/index.php\/wp-json\/wp\/v2\/comments?post=2237"}],"version-history":[{"count":50,"href":"https:\/\/site.educa.madrid.org\/ies.leonfelipe.getafe\/index.php\/wp-json\/wp\/v2\/pages\/2237\/revisions"}],"predecessor-version":[{"id":3424,"href":"https:\/\/site.educa.madrid.org\/ies.leonfelipe.getafe\/index.php\/wp-json\/wp\/v2\/pages\/2237\/revisions\/3424"}],"wp:attachment":[{"href":"https:\/\/site.educa.madrid.org\/ies.leonfelipe.getafe\/index.php\/wp-json\/wp\/v2\/media?parent=2237"}],"wp:term":[{"taxonomy":"folder","embeddable":true,"href":"https:\/\/site.educa.madrid.org\/ies.leonfelipe.getafe\/index.php\/wp-json\/wp\/v2\/folder?post=2237"}],"curies":[{"name":"wp","href":"https:\/\/api.w.org\/{rel}","templated":true}]}}