{"id":2302,"date":"2025-04-23T16:46:53","date_gmt":"2025-04-23T14:46:53","guid":{"rendered":"https:\/\/site.educa.madrid.org\/ies.leonfelipe.getafe\/?page_id=2302"},"modified":"2025-09-09T15:06:03","modified_gmt":"2025-09-09T13:06:03","slug":"cafeteria","status":"publish","type":"page","link":"https:\/\/site.educa.madrid.org\/ies.leonfelipe.getafe\/index.php\/cafeteria\/","title":{"rendered":"Cafeteria"},"content":{"rendered":"<div id=\"pl-gb2302-6a03772241ac6\"  class=\"panel-layout panel-layout\" ><div id=\"pg-gb2302-6a03772241ac6-0\"  class=\"panel-grid panel-no-style\" ><div id=\"pgc-gb2302-6a03772241ac6-0-0\"  class=\"panel-grid-cell\"  data-weight=\"1\" ><div id=\"panel-gb2302-6a03772241ac6-0-0-0\" class=\"so-panel widget widget_sow-headline panel-first-child panel-last-child\" data-index=\"0\" data-style=\"{&quot;background_image_attachment&quot;:false,&quot;background_display&quot;:&quot;tile&quot;,&quot;background_image_size&quot;:&quot;full&quot;,&quot;background_image_opacity&quot;:&quot;100&quot;,&quot;border_thickness&quot;:&quot;1px&quot;,&quot;link_overlay_new_window&quot;:&quot;&quot;}\" ><div\n\t\t\t\n\t\t\tclass=\"so-widget-sow-headline so-widget-sow-headline-default-ec1eb4cebc48\"\n\t\t\t\n\t\t><div class=\"sow-headline-container \">\n\t\t\t\t\t\t\t<h2 class=\"sow-headline\">\n\t\t\t\t\t\tSERVICIO CAFETER\u00cdA\t\t\t\t\t\t<\/h2>\n\t\t\t\t\t\t\t\t\t\t\t<div class=\"decoration\">\n\t\t\t\t\t\t<div class=\"decoration-inside\"><\/div>\n\t\t\t\t\t<\/div>\n\t\t\t\t\t<\/div>\n<\/div><\/div><\/div><\/div><\/div>\n\n\n<figure class=\"wp-block-image size-full\"><img loading=\"lazy\" decoding=\"async\" width=\"297\" height=\"198\" src=\"https:\/\/site.educa.madrid.org\/ies.leonfelipe.getafe\/\/wp-content\/uploads\/ies.leonfelipe.getafe\/2025\/04\/taza-de-cafe.jpg\" alt=\"\" class=\"wp-image-2305\" srcset=\"https:\/\/site.educa.madrid.org\/ies.leonfelipe.getafe\/\/wp-content\/uploads\/ies.leonfelipe.getafe\/2025\/04\/taza-de-cafe.jpg 297w, https:\/\/site.educa.madrid.org\/ies.leonfelipe.getafe\/\/wp-content\/uploads\/ies.leonfelipe.getafe\/2025\/04\/taza-de-cafe-272x182.jpg 272w\" sizes=\"auto, (max-width: 297px) 100vw, 297px\" \/><\/figure>\n\n\n\n<p><strong>SERVICIOS CAFETER\u00cdA<\/strong><\/p>\n\n\n\n<ul class=\"wp-block-list\">\n<li class=\"has-black-color has-text-color has-link-color wp-elements-6908ceffeb3b88b7412a70a15f784828\">Servicios de venta de productos varios de cafeter\u00eda: bocadillos, refrescos, snacks, chucher\u00edas, fruta, etc.<\/li>\n\n\n\n<li class=\"has-black-color has-text-color has-link-color wp-elements-7ef47d403676f06dc432de928ac4e07c\">Celebraci\u00f3n de cumplea\u00f1os.<\/li>\n\n\n\n<li class=\"has-black-color has-text-color has-link-color wp-elements-4946ff796e5b110921c1cf6e86cf0953\">Servicio de comedor para el alumnado del IES Le\u00f3n Felipe (Getafe):<br>\uf0b7 El men\u00fa, que consta de primer plato, segundo plato y postre, se oferta a un precio de 6,50<br>euros.<br>\uf0b7 Los men\u00fas del mes se enviar\u00e1n con una antelaci\u00f3n de dos d\u00edas al inicio del mes<br>correspondiente.<br>\uf0b7 El pago se realizar\u00e1 con periodicidad mensual al inicio del mes, aunque tambi\u00e9n hay<br>posibilidad de contratar el servicio por d\u00edas sueltos.<\/li>\n<\/ul>\n\n\n\n<p class=\"has-black-color has-text-color has-link-color wp-elements-467dcb2d083d0860c8d64b28e4f405b8\"><br>Para la suscripci\u00f3n a este servicio de comedor y\/o cualquier duda, deben contactar con la encargada de<br>cafeter\u00eda en el siguiente tel\u00e9fono: 655 46 89 98 (M\u00aa Carmen)<\/p>\n\n\n\n<p class=\"has-black-color has-text-color has-link-color wp-elements-57b1575a98e2916877522ef44211978e\"><strong>Como novedad, se oferta el \u00abPack Excursi\u00f3n\u00bb:<\/strong><\/p>\n\n\n\n<p class=\"has-black-color has-text-color has-link-color wp-elements-79dea5502432f02de7b5e03bec99131b\"><strong>Bocadillo tortilla\/bacon\/salchichas + Zumo: 2 euros<\/strong><\/p>\n\n\n\n<p><\/p>\n","protected":false},"excerpt":{"rendered":"<p>SERVICIOS CAFETER\u00cdA Para la suscripci\u00f3n a este servicio de comedor y\/o cualquier duda, deben contactar con la encargada decafeter\u00eda en el siguiente tel\u00e9fono: 655 46 89 98 (M\u00aa Carmen) Como &#8230;<\/p>\n","protected":false},"author":3,"featured_media":0,"parent":0,"menu_order":0,"comment_status":"closed","ping_status":"closed","template":"","meta":{"footnotes":""},"folder":[],"class_list":["post-2302","page","type-page","status-publish","hentry"],"rttpg_featured_image_url":null,"rttpg_author":{"display_name":"ies.leonfelipe.getafe","author_link":"https:\/\/site.educa.madrid.org\/ies.leonfelipe.getafe\/index.php\/author\/cuenta_ies-leonfelipe-getafe\/"},"rttpg_comment":0,"rttpg_category":false,"rttpg_excerpt":"SERVICIOS CAFETER\u00cdA Para la suscripci\u00f3n a este servicio de comedor y\/o cualquier duda, deben contactar con la encargada decafeter\u00eda en el siguiente tel\u00e9fono: 655 46 89 98 (M\u00aa Carmen) Como ...","post_mailing_queue_ids":[],"_links":{"self":[{"href":"https:\/\/site.educa.madrid.org\/ies.leonfelipe.getafe\/index.php\/wp-json\/wp\/v2\/pages\/2302","targetHints":{"allow":["GET"]}}],"collection":[{"href":"https:\/\/site.educa.madrid.org\/ies.leonfelipe.getafe\/index.php\/wp-json\/wp\/v2\/pages"}],"about":[{"href":"https:\/\/site.educa.madrid.org\/ies.leonfelipe.getafe\/index.php\/wp-json\/wp\/v2\/types\/page"}],"author":[{"embeddable":true,"href":"https:\/\/site.educa.madrid.org\/ies.leonfelipe.getafe\/index.php\/wp-json\/wp\/v2\/users\/3"}],"replies":[{"embeddable":true,"href":"https:\/\/site.educa.madrid.org\/ies.leonfelipe.getafe\/index.php\/wp-json\/wp\/v2\/comments?post=2302"}],"version-history":[{"count":4,"href":"https:\/\/site.educa.madrid.org\/ies.leonfelipe.getafe\/index.php\/wp-json\/wp\/v2\/pages\/2302\/revisions"}],"predecessor-version":[{"id":2824,"href":"https:\/\/site.educa.madrid.org\/ies.leonfelipe.getafe\/index.php\/wp-json\/wp\/v2\/pages\/2302\/revisions\/2824"}],"wp:attachment":[{"href":"https:\/\/site.educa.madrid.org\/ies.leonfelipe.getafe\/index.php\/wp-json\/wp\/v2\/media?parent=2302"}],"wp:term":[{"taxonomy":"folder","embeddable":true,"href":"https:\/\/site.educa.madrid.org\/ies.leonfelipe.getafe\/index.php\/wp-json\/wp\/v2\/folder?post=2302"}],"curies":[{"name":"wp","href":"https:\/\/api.w.org\/{rel}","templated":true}]}}