{"id":2389,"date":"2025-05-01T12:46:55","date_gmt":"2025-05-01T10:46:55","guid":{"rendered":"https:\/\/site.educa.madrid.org\/ies.leonfelipe.getafe\/?page_id=2389"},"modified":"2025-05-01T22:19:18","modified_gmt":"2025-05-01T20:19:18","slug":"horario-de-actividades","status":"publish","type":"page","link":"https:\/\/site.educa.madrid.org\/ies.leonfelipe.getafe\/index.php\/horario-de-actividades\/","title":{"rendered":"Horario de Actividades"},"content":{"rendered":"<div id=\"pl-gb2389-6a03781aa595b\"  class=\"panel-layout panel-layout\" ><div id=\"pg-gb2389-6a03781aa595b-0\"  class=\"panel-grid panel-no-style\" ><div id=\"pgc-gb2389-6a03781aa595b-0-0\"  class=\"panel-grid-cell\"  data-weight=\"1\" ><div id=\"panel-gb2389-6a03781aa595b-0-0-0\" class=\"so-panel widget widget_custom_html panel-first-child panel-last-child\" data-index=\"0\" data-style=\"{&quot;background_image_attachment&quot;:false,&quot;background_display&quot;:&quot;tile&quot;,&quot;background_image_size&quot;:&quot;full&quot;,&quot;background_image_opacity&quot;:&quot;100&quot;,&quot;border_thickness&quot;:&quot;1px&quot;,&quot;link_overlay_new_window&quot;:&quot;&quot;}\" ><div class=\"textwidget custom-html-widget\"><table style=\"width: 100%;\">\n<tbody> \n\t<tr> \n\t\t<td style=\"width: 18.7482%; vertical-align: top;\"> \n\t\t\t<h3 style=\"font-family: 'Helvetica Neue', Helvetica, Arial, sans-serif;\"><span><strong><span style=\"color: #0000ff;\"><em><img loading=\"lazy\" decoding=\"async\" src=\"https:\/\/site.educa.madrid.org\/ies.leonfelipe.getafe\/\/wp-content\/uploads\/ies.leonfelipe.getafe\/2025\/05\/pexels-photo-289737.webp\" width=\"150\" height=\"100\" style=\"float: left; margin: 5px;\"><\/em><\/span><\/strong><\/span><\/h3> \n\t\t\t<p><span><strong><span style=\"color: #0000ff;\"><em>&nbsp;<\/em><\/span><\/strong><\/span><\/p> \n\t\t<\/td> \n\t\t<td style=\"width: 79.291%;\"> <p><span style=\"text-decoration: underline; color: #0000ff;\"><strong><span style=\"font-family: helvetica, arial, sans-serif;\">Sesiones lectivas en turno de ma\u00f1ana<\/span><\/strong><em><strong><span style=\"font-family: helvetica, arial, sans-serif;\"><sup> (1)<\/sup><\/span><\/strong><\/em><\/span><\/p> \n\t\t\t<ul> \n\t\t\t\t<li><span style=\"font-family: helvetica, arial, sans-serif;\">Todos los grupos de ESO:<\/span> \n\t\t\t<ul> \n\t\t\t\t<li><span style=\"font-family: helvetica, arial, sans-serif;\">Lunes y mi\u00e9rcoles, de 8:30 h a 15:15 h.<\/span><\/li> \n\t\t\t\t<li><span style=\"font-family: helvetica, arial, sans-serif;\">Martes, jueves y viernes, de&nbsp;8:30 h a 14:15 h.<\/span><\/li> \n\t\t\t<\/ul> \n\t\t\t<\/li> \n\t\t\t\t<li><span style=\"font-family: helvetica, arial, sans-serif;\">1\u00ba de Bachillerato:<\/span> \n\t\t\t\t\t<ul> \n\t\t\t\t\t\t<li><span style=\"font-family: helvetica, arial, sans-serif;\">Lunes, de 8:30 h a 15:15 h.<\/span><\/li> \n\t\t\t\t\t\t<li><span style=\"font-family: helvetica, arial, sans-serif;\">De martes a viernes, de&nbsp;8:30 h a 14:15 h.<\/span><\/li> \n\t\t\t\t\t<\/ul> \n\t\t\t\t<\/li> \n\t\t\t\t<li><span style=\"font-family: helvetica, arial, sans-serif;\">2\u00ba de Bachillerato:<\/span> \n\t\t\t\t\t<ul> \n\t\t\t\t\t\t<li><span style=\"font-family: helvetica, arial, sans-serif;\">Lunes, mi\u00e9rcoles y jueves, de 8:30 h a 15:15 h.<\/span><\/li> \n\t\t\t\t\t\t<li><span style=\"font-family: helvetica, arial, sans-serif;\">Martes y viernes, de&nbsp;8:30 h a 14:15 h.<\/span><\/li> \n\t\t\t\t\t<\/ul> \n\t\t\t\t<\/li> \n\t\t\t<\/ul> \n\t\t\t<p style=\"padding-left: 30px;\"><em><span style=\"font-family: helvetica, arial, sans-serif;\"><sup><span style=\"color: #0000ff;\"><strong>(1)<\/strong><\/span><\/sup> Todos los tutores disponen de una sesi\u00f3n complementaria semanal, en el periodo comprendido entre las 14:25 h y 15:15 h, para atender de manera individualizada al alumnado y realizar las labores propias de la tutor\u00eda.<\/span><\/em><\/p> \n\t\t\t<p style=\"padding-left: 30px;\"><em><span style=\"font-family: helvetica, arial, sans-serif;\">Igualmente, los periodos no lectivos comprendidos entre las 14:25 h y 15:15 h est\u00e1n reservados para las sanciones contra las Normas de Convivencia del centro que requieran por parte del alumnado la realizaci\u00f3n de tareas de car\u00e1cter acad\u00e9mico o de otro tipo, que contribuyan al&nbsp;mejor desarrollo de las actividades del centro o dirigidas a mejorar el entorno ambiental del mismo, o cualquier otra medida adoptada con los alumnos prevista en el Plan de Convivencia.<\/span><\/em>\n\t\t\t<\/p> \n\t\t<\/td> \n\t<\/tr> \n\t<tr> \n\t\t<td style=\"width: 18.7482%; vertical-align: top;\"><span style=\"font-family: helvetica, arial, sans-serif;\"><strong><img loading=\"lazy\" decoding=\"async\" src=\"https:\/\/site.educa.madrid.org\/ies.leonfelipe.getafe\/\/wp-content\/uploads\/ies.leonfelipe.getafe\/2025\/04\/basketball-dunk-blue-game-163452.webp\" alt=\"\" width=\"150\" height=\"150\" style=\"vertical-align: top; margin: 5px;\"><\/strong><\/span>\n\t\t<\/td> \n\t\t<td style=\"width: 79.291%; vertical-align: top;\"> \n\t\t\t<p><span style=\"font-family: helvetica, arial, sans-serif;\"><strong><span style=\"text-decoration: underline; color: #0000ff;\">Campeonatos Escolares \/ IPAFD (Instituto Promotor de la Actividad F\u00edsica y el Deporte)<\/span><\/strong><\/span><\/p> \n\t\t\t<ul> \n\t\t\t\t<li><span style=\"font-family: helvetica, arial, sans-serif;\">Martes y jueves, de 16:30 h a 18:30 h.<\/span><br><br><\/li> \n\t\t\t<\/ul> \n\t\t\t<p style=\"padding-left: 30px;\"><span face=\"helvetica, arial, sans-serif\" style=\"font-family: helvetica, arial, sans-serif;\"><span style=\"text-decoration: underline;\"><em>Lugar<\/em><\/span>: Pistas deportivas y Gimnasio del IES Le\u00f3n Felipe.<\/span><\/p> \n\t\t<\/td> \n\t<\/tr> \n\t<tr> \n\t\t<td style=\"width: 18.7482%; vertical-align: top;\"><span style=\"font-family: helvetica, arial, sans-serif;\"><strong><img loading=\"lazy\" decoding=\"async\" src=\"https:\/\/site.educa.madrid.org\/ies.leonfelipe.getafe\/\/wp-content\/uploads\/ies.leonfelipe.getafe\/2025\/05\/pexels-photo-8828351.webp\" alt=\"\" width=\"150\" height=\"225\" style=\"vertical-align: top; margin: 5px;\"><\/strong><\/span>\n\t\t<\/td> \n\t\t<td style=\"width: 79.291%; vertical-align: top;\"> <p><span style=\"font-family: helvetica, arial, sans-serif;\"><strong><span style=\"text-decoration: underline; color: #0000ff;\">Clases de Lengua y Cultura China<\/span><\/strong><\/span><\/p> \n\t\t\t<ul> \n\t\t\t\t<li><span style=\"font-family: helvetica, arial, sans-serif;\">Turno #1:<br style=\"clear: both;\"><\/span> \n\t\t\t\t\t<ul> <li><span style=\"font-family: helvetica, arial, sans-serif;\">Lunes y mi\u00e9rcoles, de 16:30 h a 17:15 h.<\/span><\/li> \n\t\t\t\t\t<\/ul> \n\t\t\t\t<\/li> \n\t\t\t\t<li><span style=\"font-family: helvetica, arial, sans-serif;\">Turno #2:<\/span> \n\t\t\t\t\t<ul> \n\t\t\t\t\t\t<li><span style=\"font-family: helvetica, arial, sans-serif;\">Lunes y mi\u00e9rcoles, de 17:15 h a 18:00 h.<br><br><\/span><\/li> \n\t\t\t\t\t<\/ul> \n\t\t\t\t<\/li> \n\t\t\t<\/ul> \n\t\t<\/td> \n\t<\/tr> \n\t<tr> <td style=\"width: 18.7482%; vertical-align: top;\"><img loading=\"lazy\" decoding=\"async\" src=\"https:\/\/site.educa.madrid.org\/ies.leonfelipe.getafe\/\/wp-content\/uploads\/ies.leonfelipe.getafe\/2025\/05\/logo_uao_00.jpg\" alt=\"\" width=\"150\" height=\"75\" style=\"margin: 5px;\"><\/td> <td style=\"width: 79.291%; vertical-align: top;\"> \n\t\t<p><span style=\"color: #0000ff;\"><em><strong><span style=\"font-family: helvetica, arial, sans-serif;\">Clases de Capacitaci\u00f3n Digital (Red Estatal de Centros de Capacitaci\u00f3n Digital)<\/span><\/strong><\/em><\/span><\/p> \n\t\t<ul> \n\t\t\t<li><span style=\"font-family: helvetica, arial, sans-serif;\">Clases regulares: Martes y jueves,&nbsp;de 17:00 h a 19:00 h.<\/span><\/li> \n\t\t\t<li><span style=\"font-family: helvetica, arial, sans-serif;\">Tutor\u00edas (voluntarias): Martes, de 16:00 h a 17:00 h.<\/span><\/li> \n\t\t<\/ul> \n\t\t<p style=\"padding-left: 30px;\"><span style=\"font-family: helvetica, arial, sans-serif;\"><span style=\"text-decoration: underline;\"><em>Aula<\/em><\/span>: Biblioteca del IES Le\u00f3n Felipe.<\/span><\/p> \n\t\t<\/td> \n\t<\/tr> \n\t<tr> \n\t\t<td style=\"width: 18.7482%; vertical-align: top;\">\n\t\t\t<img loading=\"lazy\" decoding=\"async\" src=\"https:\/\/site.educa.madrid.org\/ies.leonfelipe.getafe\/\/wp-content\/uploads\/ies.leonfelipe.getafe\/2025\/05\/pexels-photo-1370298.webp\" alt=\"\" width=\"150\" height=\"100\" style=\"margin: 5px;\">\n\t\t<\/td> \n\t\t<td style=\"width: 79.291%; vertical-align: top;\"> \n\t\t\t<p><span style=\"text-decoration: underline; color: #0000ff;\"><em><strong><span style=\"font-family: helvetica, arial, sans-serif;\">Biblioteca (Red Regional de Bibliotecas de la Comunidad de Madrid)<\/span><\/strong><\/em><\/span><\/p> \n\t\t\t<ul> \n\t\t\t\t<li><span style=\"font-family: helvetica, arial, sans-serif;\">Lunes y mi\u00e9rcoles,&nbsp;de 16:00 h a 18:00 h.<\/span><\/li> \n\t\t\t<\/ul> \n\t\t\t<p style=\"padding-left: 30px;\"><span style=\"font-family: helvetica, arial, sans-serif;\"><span style=\"text-decoration: underline;\"><em>Aula<\/em><\/span>: Biblioteca del IES Le\u00f3n Felipe.<\/span><\/p> \n\t\t<\/td> \n\t<\/tr> \n\t<tr> \n\t\t<td style=\"width: 18.7482%; vertical-align: top;\">\n\t\t<img loading=\"lazy\" decoding=\"async\" src=\"https:\/\/site.educa.madrid.org\/ies.leonfelipe.getafe\/\/wp-content\/uploads\/ies.leonfelipe.getafe\/2025\/04\/20231116_Programa-Refuerza-Logo.png\" alt=\"\" title=\"Programa Refuerza\" width=\"150\" height=\"500\">\n\t\t<\/td> \n\t\t<td style=\"width: 79.291%; vertical-align: top;\"> \n\t\t\t<p><span style=\"text-decoration: underline; color: #0000ff;\"><em><strong><span style=\"font-family: arial, helvetica, sans-serif;\">Programa Refuerza<\/span><\/strong><\/em><\/span><\/p> \n\t\t\t<ul> \n\t\t\t\t<li><span style=\"font-family: arial, helvetica, sans-serif;\">Lunes y mi\u00e9rcoles,&nbsp;de 16:30 h a 18:30 h.<\/span><br><span style=\"font-family: arial, helvetica, sans-serif;\"><\/span><span style=\"font-family: arial, helvetica, sans-serif;\"><\/span><\/li> \n\t\t\t<\/ul> \n\t\t\t<p style=\"padding-left: 30px;\"><span style=\"font-family: arial, helvetica, sans-serif;\"><span style=\"text-decoration: underline;\"><em>Aula<\/em><\/span>: Planta baja del edificio C del IES Le\u00f3n Felipe.<\/span><\/p> \n\t\t<\/td> \n\t<\/tr> \n\t<\/tbody> \n<\/table><\/div><\/div><\/div><\/div><\/div>","protected":false},"excerpt":{"rendered":"","protected":false},"author":3,"featured_media":0,"parent":0,"menu_order":0,"comment_status":"closed","ping_status":"closed","template":"","meta":{"footnotes":""},"folder":[],"class_list":["post-2389","page","type-page","status-publish","hentry"],"rttpg_featured_image_url":null,"rttpg_author":{"display_name":"ies.leonfelipe.getafe","author_link":"https:\/\/site.educa.madrid.org\/ies.leonfelipe.getafe\/index.php\/author\/cuenta_ies-leonfelipe-getafe\/"},"rttpg_comment":0,"rttpg_category":false,"rttpg_excerpt":null,"post_mailing_queue_ids":[],"_links":{"self":[{"href":"https:\/\/site.educa.madrid.org\/ies.leonfelipe.getafe\/index.php\/wp-json\/wp\/v2\/pages\/2389","targetHints":{"allow":["GET"]}}],"collection":[{"href":"https:\/\/site.educa.madrid.org\/ies.leonfelipe.getafe\/index.php\/wp-json\/wp\/v2\/pages"}],"about":[{"href":"https:\/\/site.educa.madrid.org\/ies.leonfelipe.getafe\/index.php\/wp-json\/wp\/v2\/types\/page"}],"author":[{"embeddable":true,"href":"https:\/\/site.educa.madrid.org\/ies.leonfelipe.getafe\/index.php\/wp-json\/wp\/v2\/users\/3"}],"replies":[{"embeddable":true,"href":"https:\/\/site.educa.madrid.org\/ies.leonfelipe.getafe\/index.php\/wp-json\/wp\/v2\/comments?post=2389"}],"version-history":[{"count":16,"href":"https:\/\/site.educa.madrid.org\/ies.leonfelipe.getafe\/index.php\/wp-json\/wp\/v2\/pages\/2389\/revisions"}],"predecessor-version":[{"id":2425,"href":"https:\/\/site.educa.madrid.org\/ies.leonfelipe.getafe\/index.php\/wp-json\/wp\/v2\/pages\/2389\/revisions\/2425"}],"wp:attachment":[{"href":"https:\/\/site.educa.madrid.org\/ies.leonfelipe.getafe\/index.php\/wp-json\/wp\/v2\/media?parent=2389"}],"wp:term":[{"taxonomy":"folder","embeddable":true,"href":"https:\/\/site.educa.madrid.org\/ies.leonfelipe.getafe\/index.php\/wp-json\/wp\/v2\/folder?post=2389"}],"curies":[{"name":"wp","href":"https:\/\/api.w.org\/{rel}","templated":true}]}}