{"id":2432,"date":"2025-05-01T22:29:35","date_gmt":"2025-05-01T20:29:35","guid":{"rendered":"https:\/\/site.educa.madrid.org\/ies.leonfelipe.getafe\/?page_id=2432"},"modified":"2025-05-01T22:37:00","modified_gmt":"2025-05-01T20:37:00","slug":"raices-roble","status":"publish","type":"page","link":"https:\/\/site.educa.madrid.org\/ies.leonfelipe.getafe\/index.php\/raices-roble\/","title":{"rendered":"Ra\u00edces\/Roble"},"content":{"rendered":"<div id=\"pl-gb2432-6a03614f0b868\"  class=\"panel-layout\" ><div id=\"pg-gb2432-6a03614f0b868-0\"  class=\"panel-grid panel-no-style\" ><div id=\"pgc-gb2432-6a03614f0b868-0-0\"  class=\"panel-grid-cell\"  data-weight=\"1\" ><div id=\"panel-gb2432-6a03614f0b868-0-0-0\" class=\"so-panel widget widget_text panel-first-child panel-last-child\" data-index=\"0\" data-style=\"{&quot;background_image_attachment&quot;:false,&quot;background_display&quot;:&quot;tile&quot;,&quot;background_image_size&quot;:&quot;full&quot;,&quot;background_image_opacity&quot;:&quot;100&quot;,&quot;border_thickness&quot;:&quot;1px&quot;,&quot;link_overlay_new_window&quot;:&quot;&quot;}\" >\t\t\t<div class=\"textwidget\"><h3>Ra\u00edces\/Roble &#8211; Solicitud de credenciales<\/h3>\n<p>En caso de no disponer de las credenciales (usuario y contrase\u00f1a) para acceder a dichas plataforma\/aplicaci\u00f3n, deben ponerse en contacto con la Secretar\u00eda del centro a trav\u00e9s de la direcci\u00f3n de correo siguiente: compdigedu.ies.leonfelipe.getafe@educa.madrid.org, indicando los datos de contacto que se consignaron en la matr\u00edcula del alumno y aportando la informaci\u00f3n necesaria que identifique al progenitor en cuesti\u00f3n.<\/p>\n<div id=\"contentElement_6de4582f-eab1-407e-827e-b50201566e34\" class=\"cms-content detail\">\n<article id=\"cms-content-6de4582f-eab1-407e-827e-b50201566e34\" class=\"html-page\">\n<header class=\"header options\">\n<h3>Manuales de Ra\u00edces\/Roble para familias<\/h3>\n<div class=\"content-options cms-content-6de4582f-eab1-407e-827e-b50201566e34 autoclear\"><\/div>\n<\/header>\n<div class=\"description autoclear\">\n<div class=\"main-content autoclear\">\n<p><img loading=\"lazy\" decoding=\"async\" src=\"https:\/\/site.educa.madrid.org\/ies.leonfelipe.getafe\/\/wp-content\/uploads\/ies.leonfelipe.getafe\/2025\/05\/roble.jpg\" alt=\"\" width=\"150\" height=\"84\" \/>En los siguientes enlaces podr\u00e1n encontrar informaci\u00f3n de utilidad sobre Ra\u00edces y Roble:<\/p>\n<ul>\n<li><a href=\"https:\/\/raices.educa.madrid.org\/manual-de-roble-2\/\" target=\"_blank\" rel=\"noopener\"><em><strong>Manual de Roble &#8211; Versi\u00f3n 2<\/strong><\/em><\/a> (abril, 2024)<\/li>\n<li><a href=\"https:\/\/www.educa2.madrid.org\/web\/educamadrid\/principal\/files\/2e9cba19-0042-4a14-8b02-245de81b6b2e\/ROBLE-WEB-Familias-Guia-Visual-1.4.pdf\" target=\"_blank\" rel=\"noopener\">Roble &#8211; Gu\u00eda para familias.<\/a><\/li>\n<li><a href=\"https:\/\/www.educa2.madrid.org\/web\/educamadrid\/principal\/files\/2e9cba19-0042-4a14-8b02-245de81b6b2e\/ROBLE-WEB-Visual-Ventanas-emergentes-1.0.pdf\" target=\"_blank\" rel=\"noopener\">Roble &#8211; Desbloqueo de ventanas emergentes.<\/a><\/li>\n<li><a href=\"https:\/\/www.educa2.madrid.org\/web\/educamadrid\/principal\/files\/2e9cba19-0042-4a14-8b02-245de81b6b2e\/Seguimiento-educativo-para-tutores-legales-1_0.pdf\" target=\"_blank\" rel=\"noopener\">Ra\u00edces &#8211; Seguimiento educativo para tutores legales.<\/a><\/li>\n<li><a href=\"https:\/\/raices.educa.madrid.org\/subir-una-foto-del-alumnado-a-raices\/\" target=\"_blank\" rel=\"noopener\">Ra\u00edces:\u00a0Gu\u00eda para que el alumnado (o tutores legales) suba(n) su foto<\/a>.<\/li>\n<\/ul>\n<\/div>\n<\/div>\n<\/article>\n<\/div>\n<\/div>\n\t\t<\/div><\/div><\/div><\/div>","protected":false},"excerpt":{"rendered":"<p>Ra\u00edces\/Roble &#8211; Solicitud de credenciales En caso de no disponer de las credenciales (usuario y contrase\u00f1a) para acceder a dichas plataforma\/aplicaci\u00f3n, deben ponerse en contacto con la Secretar\u00eda del centro &#8230;<\/p>\n","protected":false},"author":3,"featured_media":0,"parent":0,"menu_order":0,"comment_status":"closed","ping_status":"closed","template":"","meta":{"footnotes":""},"folder":[],"class_list":["post-2432","page","type-page","status-publish","hentry"],"rttpg_featured_image_url":null,"rttpg_author":{"display_name":"ies.leonfelipe.getafe","author_link":"https:\/\/site.educa.madrid.org\/ies.leonfelipe.getafe\/index.php\/author\/cuenta_ies-leonfelipe-getafe\/"},"rttpg_comment":0,"rttpg_category":false,"rttpg_excerpt":"Ra\u00edces\/Roble - Solicitud de credenciales En caso de no disponer de las credenciales (usuario y contrase\u00f1a) para acceder a dichas plataforma\/aplicaci\u00f3n, deben ponerse en contacto con la Secretar\u00eda del centro ...","post_mailing_queue_ids":[],"_links":{"self":[{"href":"https:\/\/site.educa.madrid.org\/ies.leonfelipe.getafe\/index.php\/wp-json\/wp\/v2\/pages\/2432","targetHints":{"allow":["GET"]}}],"collection":[{"href":"https:\/\/site.educa.madrid.org\/ies.leonfelipe.getafe\/index.php\/wp-json\/wp\/v2\/pages"}],"about":[{"href":"https:\/\/site.educa.madrid.org\/ies.leonfelipe.getafe\/index.php\/wp-json\/wp\/v2\/types\/page"}],"author":[{"embeddable":true,"href":"https:\/\/site.educa.madrid.org\/ies.leonfelipe.getafe\/index.php\/wp-json\/wp\/v2\/users\/3"}],"replies":[{"embeddable":true,"href":"https:\/\/site.educa.madrid.org\/ies.leonfelipe.getafe\/index.php\/wp-json\/wp\/v2\/comments?post=2432"}],"version-history":[{"count":5,"href":"https:\/\/site.educa.madrid.org\/ies.leonfelipe.getafe\/index.php\/wp-json\/wp\/v2\/pages\/2432\/revisions"}],"predecessor-version":[{"id":2439,"href":"https:\/\/site.educa.madrid.org\/ies.leonfelipe.getafe\/index.php\/wp-json\/wp\/v2\/pages\/2432\/revisions\/2439"}],"wp:attachment":[{"href":"https:\/\/site.educa.madrid.org\/ies.leonfelipe.getafe\/index.php\/wp-json\/wp\/v2\/media?parent=2432"}],"wp:term":[{"taxonomy":"folder","embeddable":true,"href":"https:\/\/site.educa.madrid.org\/ies.leonfelipe.getafe\/index.php\/wp-json\/wp\/v2\/folder?post=2432"}],"curies":[{"name":"wp","href":"https:\/\/api.w.org\/{rel}","templated":true}]}}