{"id":2505,"date":"2025-05-16T19:28:34","date_gmt":"2025-05-16T17:28:34","guid":{"rendered":"https:\/\/site.educa.madrid.org\/ies.leonfelipe.getafe\/?page_id=2505"},"modified":"2025-10-03T17:38:51","modified_gmt":"2025-10-03T15:38:51","slug":"biblioteca","status":"publish","type":"page","link":"https:\/\/site.educa.madrid.org\/ies.leonfelipe.getafe\/index.php\/biblioteca\/","title":{"rendered":"Biblioteca"},"content":{"rendered":"\n<figure class=\"wp-block-image size-large\"><img loading=\"lazy\" decoding=\"async\" width=\"1024\" height=\"768\" src=\"https:\/\/site.educa.madrid.org\/ies.leonfelipe.getafe\/\/wp-content\/uploads\/ies.leonfelipe.getafe\/2025\/05\/20250430_103710-1024x768.jpg\" alt=\"\" class=\"wp-image-2452\" srcset=\"https:\/\/site.educa.madrid.org\/ies.leonfelipe.getafe\/\/wp-content\/uploads\/ies.leonfelipe.getafe\/2025\/05\/20250430_103710-1024x768.jpg 1024w, https:\/\/site.educa.madrid.org\/ies.leonfelipe.getafe\/\/wp-content\/uploads\/ies.leonfelipe.getafe\/2025\/05\/20250430_103710-300x225.jpg 300w, https:\/\/site.educa.madrid.org\/ies.leonfelipe.getafe\/\/wp-content\/uploads\/ies.leonfelipe.getafe\/2025\/05\/20250430_103710-768x576.jpg 768w, https:\/\/site.educa.madrid.org\/ies.leonfelipe.getafe\/\/wp-content\/uploads\/ies.leonfelipe.getafe\/2025\/05\/20250430_103710-1536x1152.jpg 1536w, https:\/\/site.educa.madrid.org\/ies.leonfelipe.getafe\/\/wp-content\/uploads\/ies.leonfelipe.getafe\/2025\/05\/20250430_103710-2048x1536.jpg 2048w\" sizes=\"auto, (max-width: 1024px) 100vw, 1024px\" \/><\/figure>\n\n\n\n<p class=\"has-vivid-cyan-blue-color has-text-color has-link-color wp-elements-1787ab79836ff4de37192c5f27ae7f5c\"><strong>El servicio de biblioteca se reanudar\u00e1 el pr\u00f3ximo lunes 22 de septiembre de 2025.<\/strong><\/p>\n\n\n\n<p>Horario de biblioteca: Lunes y mi\u00e9rcoles de 16h a 18h<\/p>\n\n\n\n<p>Lugar: Aula Biblioteca en planta baja del Edificio C IES Le\u00f3n Felipe<\/p>\n\n\n\n<p><\/p>\n\n\n\n<p class=\"has-medium-font-size\"><strong>PROYECTO BIBLIOTECA<\/strong><\/p>\n\n\n\n<div class=\"wp-block-file\"><a id=\"wp-block-file--media-3002bf6f-e242-4ced-9285-5db3298a1196\" href=\"https:\/\/site.educa.madrid.org\/ies.leonfelipe.getafe\/\/wp-content\/uploads\/ies.leonfelipe.getafe\/2025\/10\/PROYECTO-BIBLIOTECA-2025-26.pdf\">PROYECTO BIBLIOTECA 2025-26<\/a><\/div>\n\n\n\n<p><\/p>\n","protected":false},"excerpt":{"rendered":"<p>El servicio de biblioteca se reanudar\u00e1 el pr\u00f3ximo lunes 22 de septiembre de 2025. Horario de biblioteca: Lunes y mi\u00e9rcoles de 16h a 18h Lugar: Aula Biblioteca en planta baja &#8230;<\/p>\n","protected":false},"author":3,"featured_media":0,"parent":0,"menu_order":0,"comment_status":"closed","ping_status":"closed","template":"","meta":{"footnotes":""},"folder":[],"class_list":["post-2505","page","type-page","status-publish","hentry"],"rttpg_featured_image_url":null,"rttpg_author":{"display_name":"ies.leonfelipe.getafe","author_link":"https:\/\/site.educa.madrid.org\/ies.leonfelipe.getafe\/index.php\/author\/cuenta_ies-leonfelipe-getafe\/"},"rttpg_comment":0,"rttpg_category":false,"rttpg_excerpt":"El servicio de biblioteca se reanudar\u00e1 el pr\u00f3ximo lunes 22 de septiembre de 2025. Horario de biblioteca: Lunes y mi\u00e9rcoles de 16h a 18h Lugar: Aula Biblioteca en planta baja ...","post_mailing_queue_ids":[],"_links":{"self":[{"href":"https:\/\/site.educa.madrid.org\/ies.leonfelipe.getafe\/index.php\/wp-json\/wp\/v2\/pages\/2505","targetHints":{"allow":["GET"]}}],"collection":[{"href":"https:\/\/site.educa.madrid.org\/ies.leonfelipe.getafe\/index.php\/wp-json\/wp\/v2\/pages"}],"about":[{"href":"https:\/\/site.educa.madrid.org\/ies.leonfelipe.getafe\/index.php\/wp-json\/wp\/v2\/types\/page"}],"author":[{"embeddable":true,"href":"https:\/\/site.educa.madrid.org\/ies.leonfelipe.getafe\/index.php\/wp-json\/wp\/v2\/users\/3"}],"replies":[{"embeddable":true,"href":"https:\/\/site.educa.madrid.org\/ies.leonfelipe.getafe\/index.php\/wp-json\/wp\/v2\/comments?post=2505"}],"version-history":[{"count":4,"href":"https:\/\/site.educa.madrid.org\/ies.leonfelipe.getafe\/index.php\/wp-json\/wp\/v2\/pages\/2505\/revisions"}],"predecessor-version":[{"id":2892,"href":"https:\/\/site.educa.madrid.org\/ies.leonfelipe.getafe\/index.php\/wp-json\/wp\/v2\/pages\/2505\/revisions\/2892"}],"wp:attachment":[{"href":"https:\/\/site.educa.madrid.org\/ies.leonfelipe.getafe\/index.php\/wp-json\/wp\/v2\/media?parent=2505"}],"wp:term":[{"taxonomy":"folder","embeddable":true,"href":"https:\/\/site.educa.madrid.org\/ies.leonfelipe.getafe\/index.php\/wp-json\/wp\/v2\/folder?post=2505"}],"curies":[{"name":"wp","href":"https:\/\/api.w.org\/{rel}","templated":true}]}}