{"id":2621,"date":"2025-05-21T12:20:19","date_gmt":"2025-05-21T10:20:19","guid":{"rendered":"https:\/\/site.educa.madrid.org\/ies.leonfelipe.getafe\/?page_id=2621"},"modified":"2026-03-20T14:07:43","modified_gmt":"2026-03-20T13:07:43","slug":"tecnologia","status":"publish","type":"page","link":"https:\/\/site.educa.madrid.org\/ies.leonfelipe.getafe\/index.php\/tecnologia\/","title":{"rendered":"FRANC\u00c9S"},"content":{"rendered":"\n<p><\/p>\n\n\n\n<p class=\"has-black-color has-text-color has-link-color has-medium-font-size wp-elements-6ee4d77a9fe96b6415ac343dbd363789\"><br><strong>ACTIVIT\u00c9: TH\u00c9\u00c2TRE EN FRAN\u00c7AIS<\/strong><\/p>\n\n\n\n<p class=\"has-black-color has-text-color has-link-color wp-elements-32b7fb6de2b912fc4bcc9cca120168b3\">Les \u00e9l\u00e8ves de fran\u00e7ais de 3\u00ba, 4\u00ba de ESO Y 1\u00ba Y 2\u00ba de Bachillerato sont all\u00e9s voir une adaptation de la pi\u00e8ce de th\u00e9\u00e2tre de Jules Verne:  <strong>\u201cLE TOUR DU MONDE EN 80 JOURS\u201d<\/strong><\/p>\n\n\n\n<figure class=\"wp-block-gallery has-nested-images columns-default is-cropped wp-block-gallery-1 is-layout-flex wp-block-gallery-is-layout-flex\">\n<figure class=\"wp-block-image size-large\"><img loading=\"lazy\" decoding=\"async\" width=\"1024\" height=\"577\" data-id=\"3337\" src=\"https:\/\/site.educa.madrid.org\/ies.leonfelipe.getafe\/\/wp-content\/uploads\/ies.leonfelipe.getafe\/2026\/03\/FOTO-GRUPO-TEATRO-1024x577.jpg\" alt=\"\" class=\"wp-image-3337\" srcset=\"https:\/\/site.educa.madrid.org\/ies.leonfelipe.getafe\/\/wp-content\/uploads\/ies.leonfelipe.getafe\/2026\/03\/FOTO-GRUPO-TEATRO-1024x577.jpg 1024w, https:\/\/site.educa.madrid.org\/ies.leonfelipe.getafe\/\/wp-content\/uploads\/ies.leonfelipe.getafe\/2026\/03\/FOTO-GRUPO-TEATRO-300x169.jpg 300w, https:\/\/site.educa.madrid.org\/ies.leonfelipe.getafe\/\/wp-content\/uploads\/ies.leonfelipe.getafe\/2026\/03\/FOTO-GRUPO-TEATRO-768x432.jpg 768w, https:\/\/site.educa.madrid.org\/ies.leonfelipe.getafe\/\/wp-content\/uploads\/ies.leonfelipe.getafe\/2026\/03\/FOTO-GRUPO-TEATRO-1536x865.jpg 1536w, https:\/\/site.educa.madrid.org\/ies.leonfelipe.getafe\/\/wp-content\/uploads\/ies.leonfelipe.getafe\/2026\/03\/FOTO-GRUPO-TEATRO-2048x1153.jpg 2048w\" sizes=\"auto, (max-width: 1024px) 100vw, 1024px\" \/><\/figure>\n\n\n\n<figure class=\"wp-block-image size-large\"><img loading=\"lazy\" decoding=\"async\" width=\"592\" height=\"381\" data-id=\"3339\" src=\"https:\/\/site.educa.madrid.org\/ies.leonfelipe.getafe\/\/wp-content\/uploads\/ies.leonfelipe.getafe\/2026\/03\/FOTO-TEATRO.png\" alt=\"\" class=\"wp-image-3339\" srcset=\"https:\/\/site.educa.madrid.org\/ies.leonfelipe.getafe\/\/wp-content\/uploads\/ies.leonfelipe.getafe\/2026\/03\/FOTO-TEATRO.png 592w, https:\/\/site.educa.madrid.org\/ies.leonfelipe.getafe\/\/wp-content\/uploads\/ies.leonfelipe.getafe\/2026\/03\/FOTO-TEATRO-300x193.png 300w\" sizes=\"auto, (max-width: 592px) 100vw, 592px\" \/><\/figure>\n\n\n\n<figure class=\"wp-block-image size-large\"><img loading=\"lazy\" decoding=\"async\" width=\"1024\" height=\"577\" data-id=\"3338\" src=\"https:\/\/site.educa.madrid.org\/ies.leonfelipe.getafe\/\/wp-content\/uploads\/ies.leonfelipe.getafe\/2026\/03\/TEATRO-2026-LE-TOUR-MONDE-1024x577.jpg\" alt=\"\" class=\"wp-image-3338\" srcset=\"https:\/\/site.educa.madrid.org\/ies.leonfelipe.getafe\/\/wp-content\/uploads\/ies.leonfelipe.getafe\/2026\/03\/TEATRO-2026-LE-TOUR-MONDE-1024x577.jpg 1024w, https:\/\/site.educa.madrid.org\/ies.leonfelipe.getafe\/\/wp-content\/uploads\/ies.leonfelipe.getafe\/2026\/03\/TEATRO-2026-LE-TOUR-MONDE-300x169.jpg 300w, https:\/\/site.educa.madrid.org\/ies.leonfelipe.getafe\/\/wp-content\/uploads\/ies.leonfelipe.getafe\/2026\/03\/TEATRO-2026-LE-TOUR-MONDE-768x432.jpg 768w, https:\/\/site.educa.madrid.org\/ies.leonfelipe.getafe\/\/wp-content\/uploads\/ies.leonfelipe.getafe\/2026\/03\/TEATRO-2026-LE-TOUR-MONDE-1536x865.jpg 1536w, https:\/\/site.educa.madrid.org\/ies.leonfelipe.getafe\/\/wp-content\/uploads\/ies.leonfelipe.getafe\/2026\/03\/TEATRO-2026-LE-TOUR-MONDE-2048x1153.jpg 2048w\" sizes=\"auto, (max-width: 1024px) 100vw, 1024px\" \/><\/figure>\n<\/figure>\n\n\n\n<p><\/p>\n\n\n\n<p class=\"has-black-color has-text-color has-link-color has-medium-font-size wp-elements-b088892a9020c2cc2e19919ffd5799ab\"><strong>\u00c9CHANGE \u00c9PISTOLAIRE AVEC <\/strong><strong>LA CORSE<\/strong><\/p>\n\n\n\n<p class=\"has-black-color has-text-color has-link-color wp-elements-45a523ddfa1d4da6cd1366bc27da7580\"><strong>COLL\u00c8GE MARIA GHJENTILE DE SAINT-FLORENT<\/strong><\/p>\n\n\n\n<p class=\"has-black-color has-text-color has-link-color wp-elements-1fc230e965e146b2e0735c1b7583f94d\">Les \u00e9l\u00e8ves de 3\u00ba et 4\u00ba ESO du coll\u00e8ge IES Le\u00f3n Felipe ont effectu\u00e9 un \u00e9change de lettres avec le coll\u00e8ge corse Maria Ghjentile de Saint-Florent.<br><br>Voici quelques photos.<\/p>\n\n\n\n<div class=\"wp-block-group is-layout-grid wp-container-core-group-is-layout-9649a0d9 wp-block-group-is-layout-grid\">\n<figure class=\"wp-block-image size-large\"><img loading=\"lazy\" decoding=\"async\" width=\"692\" height=\"1024\" src=\"https:\/\/site.educa.madrid.org\/ies.leonfelipe.getafe\/\/wp-content\/uploads\/ies.leonfelipe.getafe\/2026\/02\/IMG-2-lettres-1-692x1024.jpg\" alt=\"\" class=\"wp-image-3226\" srcset=\"https:\/\/site.educa.madrid.org\/ies.leonfelipe.getafe\/\/wp-content\/uploads\/ies.leonfelipe.getafe\/2026\/02\/IMG-2-lettres-1-692x1024.jpg 692w, https:\/\/site.educa.madrid.org\/ies.leonfelipe.getafe\/\/wp-content\/uploads\/ies.leonfelipe.getafe\/2026\/02\/IMG-2-lettres-1-203x300.jpg 203w, https:\/\/site.educa.madrid.org\/ies.leonfelipe.getafe\/\/wp-content\/uploads\/ies.leonfelipe.getafe\/2026\/02\/IMG-2-lettres-1-768x1137.jpg 768w, https:\/\/site.educa.madrid.org\/ies.leonfelipe.getafe\/\/wp-content\/uploads\/ies.leonfelipe.getafe\/2026\/02\/IMG-2-lettres-1-1037x1536.jpg 1037w, https:\/\/site.educa.madrid.org\/ies.leonfelipe.getafe\/\/wp-content\/uploads\/ies.leonfelipe.getafe\/2026\/02\/IMG-2-lettres-1.jpg 1383w\" sizes=\"auto, (max-width: 692px) 100vw, 692px\" \/><\/figure>\n\n\n\n<figure class=\"wp-block-image size-full wp-container-content-e29552f7\"><img loading=\"lazy\" decoding=\"async\" width=\"542\" height=\"191\" src=\"https:\/\/site.educa.madrid.org\/ies.leonfelipe.getafe\/\/wp-content\/uploads\/ies.leonfelipe.getafe\/2026\/02\/INSTI_CORSO-1.jpg\" alt=\"\" class=\"wp-image-3227\" srcset=\"https:\/\/site.educa.madrid.org\/ies.leonfelipe.getafe\/\/wp-content\/uploads\/ies.leonfelipe.getafe\/2026\/02\/INSTI_CORSO-1.jpg 542w, https:\/\/site.educa.madrid.org\/ies.leonfelipe.getafe\/\/wp-content\/uploads\/ies.leonfelipe.getafe\/2026\/02\/INSTI_CORSO-1-300x106.jpg 300w\" sizes=\"auto, (max-width: 542px) 100vw, 542px\" \/><\/figure>\n\n\n\n<figure class=\"wp-block-image size-full\"><img loading=\"lazy\" decoding=\"async\" width=\"300\" height=\"300\" src=\"https:\/\/site.educa.madrid.org\/ies.leonfelipe.getafe\/\/wp-content\/uploads\/ies.leonfelipe.getafe\/2026\/02\/corse-map.gif\" alt=\"\" class=\"wp-image-3228\"\/><\/figure>\n<\/div>\n\n\n\n<p class=\"has-black-color has-text-color has-link-color wp-elements-9ac00cf961d1ea846fe5a532228b76c6\"><\/p>\n\n\n<div id=\"pl-gb2621-6a0361e8d1c42\"  class=\"panel-layout panel-layout\" ><div id=\"pg-gb2621-6a0361e8d1c42-0\"  class=\"panel-grid panel-has-style\"  data-style=\"{&quot;background_image_attachment&quot;:false,&quot;background_display&quot;:&quot;tile&quot;,&quot;full_height&quot;:&quot;&quot;,&quot;gutter&quot;:&quot;0px&quot;,&quot;row_stretch&quot;:&quot;full-width-stretch&quot;,&quot;cell_alignment&quot;:&quot;center&quot;,&quot;mobile_cell_margin&quot;:&quot;0px&quot;,&quot;link_overlay_new_window&quot;:&quot;&quot;}\"  data-label=\"Split Hero\" ><div class=\"siteorigin-panels-stretch panel-row-style panel-row-style-for-gb2621-6a0361e8d1c42-0\" data-stretch-type=\"full-width-stretch\" ><div id=\"pgc-gb2621-6a0361e8d1c42-0-0\"  class=\"panel-grid-cell\"  data-style=\"{&quot;cell_css&quot;:&quot;display: flex\\nalign-items: center&quot;,&quot;padding&quot;:&quot;0% 10% 0% 10%&quot;,&quot;mobile_padding&quot;:&quot;8% 8% 8% 8%&quot;,&quot;background&quot;:&quot;#f9f9f9&quot;,&quot;background_image_attachment&quot;:false,&quot;background_display&quot;:&quot;tile&quot;,&quot;vertical_alignment&quot;:&quot;stretch&quot;,&quot;link_overlay_new_window&quot;:&quot;&quot;}\"  data-weight=\"0.5\" ><div class=\"panel-cell-style panel-cell-style-for-gb2621-6a0361e8d1c42-0-0\" ><div id=\"panel-gb2621-6a0361e8d1c42-0-0-1\" class=\"so-panel widget widget_text panel-last-child\" data-index=\"1\" data-style=\"{&quot;background_image_attachment&quot;:false,&quot;background_display&quot;:&quot;tile&quot;,&quot;background_image_size&quot;:&quot;full&quot;,&quot;background_image_opacity&quot;:&quot;100&quot;,&quot;border_thickness&quot;:&quot;1px&quot;,&quot;link_overlay_new_window&quot;:&quot;&quot;}\" ><h3 class=\"widget-title\">Paris 2025. Un voyage inoubliable!<\/h3>\t\t\t<div class=\"textwidget\"><p>Les \u00e9l\u00e8ves de 1\u00baBTO et de 3\u00baESO ont eu la chance de participer \u00e0 un voyage culturel tr\u00e8s enrichissant, alliant d\u00e9couverte, apprentissage et moments de convivialit\u00e9. \u00c0 travers ces photos et commentaires, ils partagent avec vous leurs meilleurs souvenirs, leurs impressions et l\u2019enthousiasme suscit\u00e9 par cette belle exp\u00e9rience. Bonne d\u00e9couverte !<\/p>\n<p>Lors de ce voyage \u00e0 Paris, nous avons visit\u00e9 de nombreux mus\u00e9es, vu la Tour Eiffel de nuit et de jour, fait une promenade en bateau sur la Seine, visit\u00e9 l&#8217;Op\u00e9ra et visit\u00e9 la Galerie La Fallette. Nous avons ador\u00e9 le voyage et cela a \u00e9t\u00e9 une excellente occasion d&#8217;apprendre la langue et la culture.<\/p>\n<p>Maissou, Doumbouya et Kahina, Buitrago 3\u00baESO<\/p>\n<p>Le voyage \u00e0 Paris a \u00e9t\u00e9 une exp\u00e9rience amusante. On est mont\u00e9s \u00e0 la Tour-Eiffel, on a visit\u00e9 Notre Dame, l\u2019H\u00f4tel de Ville et le mus\u00e9e du Louvre. Nous avons pris aussi le Bateau et on est all\u00e9s sur la Seine. On a visit\u00e9 Les Galleries Lafayette. J\u2019ai appris beaucoup de choses sur la nourriture fran\u00e7aise, par exemple j\u2019ai mang\u00e9 des cr\u00eapes et des macarons. J\u2019ai aussi appris des choses sur l\u2019histoire fran\u00e7aise gr\u00e2ce aux profs et \u00e0 la guide de la Marie. Franchement, le voyage a \u00e9t\u00e9 le meilleur voyage que j\u2019ai fait pendant ces derni\u00e8res ann\u00e9es.<\/p>\n<p>Samuel, Rocha 1\u00baBTO<\/p>\n<p>Pendant ce voyage, nous avons appris beaucoup de choses. Nous avons command\u00e9 le repas dans un restaurant. Nous avons vu beaucoup de statues et de mus\u00e9es. Puis, nous avons visit\u00e9 aussi \u00ab Les Invalides \u00bb, o\u00f9 il y a le tombeau de Napol\u00e9on. La chose que j\u2019ai aim\u00e9 le plus, c\u2019est la Tour Eiffel. Pour finir, nou avons appris beaucoup de vocabulaire pour faire plein de choses.<\/p>\n<p>Laura, Pereira 1\u00baBTO<\/p>\n<p>Le meilleur voyage de ma vie. Ce voyage a \u00e9t\u00e9 une esp\u00e9rience tr\u00e8s amusante et a appris beaucoup de choses sur la culture fran\u00e7aise et la sa langue. On a visit\u00e9 plusieurs monuments, par exemple, on est all\u00e9s \u00e0 la Tour Eiffel, l\u2019Arc du Triomphe, on a visit\u00e9 le mus\u00e9e du Louvre, Les Invalides , l\u2019Op\u00e9ra de Paris&#8230;. C\u2019\u00e9tait g\u00e9nial\u00a0!<\/p>\n<p>Jose Javier, Due\u00f1as 1\u00baBTO<\/p>\n<p>Pendant ce voyage, nous avons visit\u00e9 le mus\u00e9e Rodin, le Louvre, l\u2019H\u00f4tel de Ville, l\u2019Op\u00e9ra de Paris. On est mont\u00e9s sur la Tour Eiffel et on a visit\u00e9 Le Sacre Coeur, etc. J\u2019ai beaucoup aim\u00e9 prendre le bateau-mouche\u00a0 le soir parce qu\u2019on a pu voir la Tour Eiffel illumin\u00e9e et elle est tr\u00e8s belle. Cela a \u00e9t\u00e9 tr\u00e8s beau !<\/p>\n<p>Luc\u00eda,Mart\u00ecnez\u00a0\u00a0 1\u00baBTO<\/p>\n<p>Paris est une ville magnifique. Nous y avons pass\u00e9 5 jours. Nous avons visit\u00e9 la Tour Eiffel. Elle est tr\u00e8s grande. Nous sommes all\u00e9s \u00e0 l&#8217;Op\u00e9ra Garnier. Nous avons march\u00e9 sur les Champs-\u00c9lys\u00e9es. Le voyage a \u00e9t\u00e9 incroyable ! Le meilleur voyage de ma vie ! \u00catre \u00e0 Paris avec mes amis et conna\u00eetre un peu plus la culture fran\u00e7aise , c\u2019est magnifique. Si j&#8217;\u00e9tais toi, j&#8217;y penserais.<\/p>\n<p>Lucas, Movilla 1\u00baBTO<\/p>\n<\/div>\n\t\t<\/div><\/div><\/div><div id=\"pgc-gb2621-6a0361e8d1c42-0-1\"  class=\"panel-grid-cell\"  data-weight=\"0.5\" ><div id=\"panel-gb2621-6a0361e8d1c42-0-1-0\" class=\"so-panel widget widget_sow-image panel-first-child panel-last-child\" data-index=\"2\" data-style=\"{&quot;background_image_attachment&quot;:false,&quot;background_display&quot;:&quot;tile&quot;,&quot;background_image_size&quot;:&quot;full&quot;,&quot;background_image_opacity&quot;:&quot;100&quot;,&quot;border_thickness&quot;:&quot;1px&quot;,&quot;link_overlay_new_window&quot;:&quot;&quot;}\" ><div\n\t\t\t\n\t\t\tclass=\"so-widget-sow-image so-widget-sow-image-default-8b5b6f678277\"\n\t\t\t\n\t\t>\n\n<div class=\"sow-image-container\">\n\t\t<img loading=\"lazy\" decoding=\"async\" src=\"https:\/\/site.educa.madrid.org\/ies.leonfelipe.getafe\/\/wp-content\/uploads\/ies.leonfelipe.getafe\/2025\/06\/FOTO-FRANCES-VIAJE.jpg\" width=\"638\" height=\"638\" srcset=\"https:\/\/site.educa.madrid.org\/ies.leonfelipe.getafe\/\/wp-content\/uploads\/ies.leonfelipe.getafe\/2025\/06\/FOTO-FRANCES-VIAJE.jpg 638w, https:\/\/site.educa.madrid.org\/ies.leonfelipe.getafe\/\/wp-content\/uploads\/ies.leonfelipe.getafe\/2025\/06\/FOTO-FRANCES-VIAJE-300x300.jpg 300w, https:\/\/site.educa.madrid.org\/ies.leonfelipe.getafe\/\/wp-content\/uploads\/ies.leonfelipe.getafe\/2025\/06\/FOTO-FRANCES-VIAJE-150x150.jpg 150w, https:\/\/site.educa.madrid.org\/ies.leonfelipe.getafe\/\/wp-content\/uploads\/ies.leonfelipe.getafe\/2025\/06\/FOTO-FRANCES-VIAJE-500x500.jpg 500w\" sizes=\"auto, (max-width: 638px) 100vw, 638px\" title=\"FOTO FRANC\u00c9S VIAJE\" alt=\"\" \t\tclass=\"so-widget-image\"\/>\n\t<\/div>\n\n<\/div><\/div><\/div><\/div><\/div><\/div>\n\n\n<p class=\"has-text-align-left\"><strong>Une sortie th\u00e9\u00e2trale au c\u0153ur du Paris de Victor Hugo<\/strong><\/p>\n\n\n\n<p class=\"has-text-align-left\">Les \u00e9l\u00e8ves de 3\u00baESO, 4\u00baESO, 1\u00ba et 2\u00ba de BTO ont assist\u00e9 \u00e0 la repr\u00e9sentation de <em>Notre-Dame de Paris<\/em> au C.C.Federico Garc\u00eda Lorca. Le c\u00e9l\u00e8bre roman de Victor Hugo a \u00e9t\u00e9 adapt\u00e9 avec talent pour un public adolescent par une troupe dynamique, offrant une version moderne, accessible et \u00e9motive de cette \u0153uvre incontournable de la litt\u00e9rature fran\u00e7aise. Une belle occasion pour nos \u00e9l\u00e8ves de d\u00e9couvrir le th\u00e9\u00e2tre en fran\u00e7ais et de vivre la magie de l\u2019histoire de Quasimodo, Esmeralda et des rues du vieux Paris.<\/p>\n\n\n<div class=\"wp-block-image\">\n<figure class=\"alignleft size-full is-resized\"><img loading=\"lazy\" decoding=\"async\" width=\"696\" height=\"696\" src=\"https:\/\/site.educa.madrid.org\/ies.leonfelipe.getafe\/\/wp-content\/uploads\/ies.leonfelipe.getafe\/2025\/06\/FOTO-FRANCES-TEATRO.jpg\" alt=\"\" class=\"wp-image-2673\" style=\"width:431px;height:auto\" srcset=\"https:\/\/site.educa.madrid.org\/ies.leonfelipe.getafe\/\/wp-content\/uploads\/ies.leonfelipe.getafe\/2025\/06\/FOTO-FRANCES-TEATRO.jpg 696w, https:\/\/site.educa.madrid.org\/ies.leonfelipe.getafe\/\/wp-content\/uploads\/ies.leonfelipe.getafe\/2025\/06\/FOTO-FRANCES-TEATRO-300x300.jpg 300w, https:\/\/site.educa.madrid.org\/ies.leonfelipe.getafe\/\/wp-content\/uploads\/ies.leonfelipe.getafe\/2025\/06\/FOTO-FRANCES-TEATRO-150x150.jpg 150w, https:\/\/site.educa.madrid.org\/ies.leonfelipe.getafe\/\/wp-content\/uploads\/ies.leonfelipe.getafe\/2025\/06\/FOTO-FRANCES-TEATRO-500x500.jpg 500w\" sizes=\"auto, (max-width: 696px) 100vw, 696px\" \/><\/figure>\n<\/div>\n\n\n<p><\/p>\n","protected":false},"excerpt":{"rendered":"<p>ACTIVIT\u00c9: TH\u00c9\u00c2TRE EN FRAN\u00c7AIS Les \u00e9l\u00e8ves de fran\u00e7ais de 3\u00ba, 4\u00ba de ESO Y 1\u00ba Y 2\u00ba de Bachillerato sont all\u00e9s voir une adaptation de la pi\u00e8ce de th\u00e9\u00e2tre de &#8230;<\/p>\n","protected":false},"author":2,"featured_media":2666,"parent":0,"menu_order":0,"comment_status":"closed","ping_status":"closed","template":"","meta":{"footnotes":""},"folder":[],"class_list":["post-2621","page","type-page","status-publish","has-post-thumbnail","hentry"],"rttpg_featured_image_url":{"full":["https:\/\/site.educa.madrid.org\/ies.leonfelipe.getafe\/\/wp-content\/uploads\/ies.leonfelipe.getafe\/2025\/06\/FOTO-FRANCES-VIAJE.jpg",638,638,false],"landscape":["https:\/\/site.educa.madrid.org\/ies.leonfelipe.getafe\/\/wp-content\/uploads\/ies.leonfelipe.getafe\/2025\/06\/FOTO-FRANCES-VIAJE.jpg",638,638,false],"portraits":["https:\/\/site.educa.madrid.org\/ies.leonfelipe.getafe\/\/wp-content\/uploads\/ies.leonfelipe.getafe\/2025\/06\/FOTO-FRANCES-VIAJE.jpg",638,638,false],"thumbnail":["https:\/\/site.educa.madrid.org\/ies.leonfelipe.getafe\/\/wp-content\/uploads\/ies.leonfelipe.getafe\/2025\/06\/FOTO-FRANCES-VIAJE-150x150.jpg",150,150,true],"medium":["https:\/\/site.educa.madrid.org\/ies.leonfelipe.getafe\/\/wp-content\/uploads\/ies.leonfelipe.getafe\/2025\/06\/FOTO-FRANCES-VIAJE-300x300.jpg",300,300,true],"large":["https:\/\/site.educa.madrid.org\/ies.leonfelipe.getafe\/\/wp-content\/uploads\/ies.leonfelipe.getafe\/2025\/06\/FOTO-FRANCES-VIAJE.jpg",638,638,false],"thumblist":["https:\/\/site.educa.madrid.org\/ies.leonfelipe.getafe\/\/wp-content\/uploads\/ies.leonfelipe.getafe\/2025\/06\/FOTO-FRANCES-VIAJE-300x300.jpg",300,300,true],"thumbrelated":["https:\/\/site.educa.madrid.org\/ies.leonfelipe.getafe\/\/wp-content\/uploads\/ies.leonfelipe.getafe\/2025\/06\/FOTO-FRANCES-VIAJE-500x500.jpg",500,500,true],"meccarouselthumb":["https:\/\/site.educa.madrid.org\/ies.leonfelipe.getafe\/\/wp-content\/uploads\/ies.leonfelipe.getafe\/2025\/06\/FOTO-FRANCES-VIAJE-474x324.jpg",474,324,true],"gridsquare":["https:\/\/site.educa.madrid.org\/ies.leonfelipe.getafe\/\/wp-content\/uploads\/ies.leonfelipe.getafe\/2025\/06\/FOTO-FRANCES-VIAJE-391x260.jpg",391,260,true],"tileview":["https:\/\/site.educa.madrid.org\/ies.leonfelipe.getafe\/\/wp-content\/uploads\/ies.leonfelipe.getafe\/2025\/06\/FOTO-FRANCES-VIAJE-300x400.jpg",300,400,true],"1536x1536":["https:\/\/site.educa.madrid.org\/ies.leonfelipe.getafe\/\/wp-content\/uploads\/ies.leonfelipe.getafe\/2025\/06\/FOTO-FRANCES-VIAJE.jpg",638,638,false],"2048x2048":["https:\/\/site.educa.madrid.org\/ies.leonfelipe.getafe\/\/wp-content\/uploads\/ies.leonfelipe.getafe\/2025\/06\/FOTO-FRANCES-VIAJE.jpg",638,638,false],"onepress-blog-small":["https:\/\/site.educa.madrid.org\/ies.leonfelipe.getafe\/\/wp-content\/uploads\/ies.leonfelipe.getafe\/2025\/06\/FOTO-FRANCES-VIAJE-300x150.jpg",300,150,true],"onepress-small":["https:\/\/site.educa.madrid.org\/ies.leonfelipe.getafe\/\/wp-content\/uploads\/ies.leonfelipe.getafe\/2025\/06\/FOTO-FRANCES-VIAJE-480x300.jpg",480,300,true],"onepress-medium":["https:\/\/site.educa.madrid.org\/ies.leonfelipe.getafe\/\/wp-content\/uploads\/ies.leonfelipe.getafe\/2025\/06\/FOTO-FRANCES-VIAJE-638x400.jpg",638,400,true],"sow-carousel-default":["https:\/\/site.educa.madrid.org\/ies.leonfelipe.getafe\/\/wp-content\/uploads\/ies.leonfelipe.getafe\/2025\/06\/FOTO-FRANCES-VIAJE-272x182.jpg",272,182,true],"sow-post-carousel-overlay-theme":["https:\/\/site.educa.madrid.org\/ies.leonfelipe.getafe\/\/wp-content\/uploads\/ies.leonfelipe.getafe\/2025\/06\/FOTO-FRANCES-VIAJE.jpg",360,360,false],"sow-post-carousel-cards-theme":["https:\/\/site.educa.madrid.org\/ies.leonfelipe.getafe\/\/wp-content\/uploads\/ies.leonfelipe.getafe\/2025\/06\/FOTO-FRANCES-VIAJE.jpg",240,240,false],"rt_custom":["https:\/\/site.educa.madrid.org\/ies.leonfelipe.getafe\/\/wp-content\/uploads\/ies.leonfelipe.getafe\/2025\/06\/FOTO-FRANCES-VIAJE.jpg",638,638,false]},"rttpg_author":{"display_name":"tic.ies.leonfelipe.getafe","author_link":"https:\/\/site.educa.madrid.org\/ies.leonfelipe.getafe\/index.php\/author\/cuenta_tic-ies-leonfelipe-getafe\/"},"rttpg_comment":0,"rttpg_category":false,"rttpg_excerpt":"ACTIVIT\u00c9: TH\u00c9\u00c2TRE EN FRAN\u00c7AIS Les \u00e9l\u00e8ves de fran\u00e7ais de 3\u00ba, 4\u00ba de ESO Y 1\u00ba Y 2\u00ba de Bachillerato sont all\u00e9s voir une adaptation de la pi\u00e8ce de th\u00e9\u00e2tre de ...","post_mailing_queue_ids":[],"_links":{"self":[{"href":"https:\/\/site.educa.madrid.org\/ies.leonfelipe.getafe\/index.php\/wp-json\/wp\/v2\/pages\/2621","targetHints":{"allow":["GET"]}}],"collection":[{"href":"https:\/\/site.educa.madrid.org\/ies.leonfelipe.getafe\/index.php\/wp-json\/wp\/v2\/pages"}],"about":[{"href":"https:\/\/site.educa.madrid.org\/ies.leonfelipe.getafe\/index.php\/wp-json\/wp\/v2\/types\/page"}],"author":[{"embeddable":true,"href":"https:\/\/site.educa.madrid.org\/ies.leonfelipe.getafe\/index.php\/wp-json\/wp\/v2\/users\/2"}],"replies":[{"embeddable":true,"href":"https:\/\/site.educa.madrid.org\/ies.leonfelipe.getafe\/index.php\/wp-json\/wp\/v2\/comments?post=2621"}],"version-history":[{"count":15,"href":"https:\/\/site.educa.madrid.org\/ies.leonfelipe.getafe\/index.php\/wp-json\/wp\/v2\/pages\/2621\/revisions"}],"predecessor-version":[{"id":3343,"href":"https:\/\/site.educa.madrid.org\/ies.leonfelipe.getafe\/index.php\/wp-json\/wp\/v2\/pages\/2621\/revisions\/3343"}],"wp:featuredmedia":[{"embeddable":true,"href":"https:\/\/site.educa.madrid.org\/ies.leonfelipe.getafe\/index.php\/wp-json\/wp\/v2\/media\/2666"}],"wp:attachment":[{"href":"https:\/\/site.educa.madrid.org\/ies.leonfelipe.getafe\/index.php\/wp-json\/wp\/v2\/media?parent=2621"}],"wp:term":[{"taxonomy":"folder","embeddable":true,"href":"https:\/\/site.educa.madrid.org\/ies.leonfelipe.getafe\/index.php\/wp-json\/wp\/v2\/folder?post=2621"}],"curies":[{"name":"wp","href":"https:\/\/api.w.org\/{rel}","templated":true}]}}