{"id":2895,"date":"2025-10-03T17:58:10","date_gmt":"2025-10-03T15:58:10","guid":{"rendered":"https:\/\/site.educa.madrid.org\/ies.leonfelipe.getafe\/?page_id=2895"},"modified":"2025-10-25T11:41:35","modified_gmt":"2025-10-25T09:41:35","slug":"dibujo-acogida-alumnos-1ode-la-eso","status":"publish","type":"page","link":"https:\/\/site.educa.madrid.org\/ies.leonfelipe.getafe\/index.php\/dibujo-acogida-alumnos-1ode-la-eso\/","title":{"rendered":"DIBUJO"},"content":{"rendered":"\n<p class=\"has-medium-font-size\"><strong>TALLERES EST\u00c9TICA POP-UP<\/strong><\/p>\n\n\n\n<div class=\"wp-block-group\"><div class=\"wp-block-group__inner-container is-layout-constrained wp-block-group-is-layout-constrained\">\n<p style=\"text-align: center;\"><span style=\"color: #000000;\"><span style=\"font-family: Arial, sans-serif;\">Los alumnos de 3\u00ba de la ESO de la asignatura Proyecto Art\u00edstico del departamento de Dibujo han trabajado con sus nombre y la est\u00e9tica POP-UP realizando unas maquetas volum\u00e9tricas. <\/span><\/span><span style=\"color: #000000;\"><span style=\"font-family: Arial, sans-serif;\">Aqu\u00ed pod\u00e9is ver una serie de im\u00e1genes de sus trabajos.<\/span><\/span><\/p>\n<p style=\"text-align: center;\"><strong><span style=\"color: #ff0000;\"><span style=\"font-family: Arial, sans-serif;\">\u00a1\u00a1\u00a1Enhorabuena!!!<\/span><\/span><\/strong><\/p>\n<\/div><\/div>\n\n\n\n<div class=\"wp-block-columns is-layout-flex wp-container-core-columns-is-layout-9d6595d7 wp-block-columns-is-layout-flex\">\n<div class=\"wp-block-column is-layout-flow wp-block-column-is-layout-flow\" style=\"flex-basis:100%\">\n<figure class=\"wp-block-gallery aligncenter has-nested-images columns-default is-cropped wp-block-gallery-1 is-layout-flex wp-block-gallery-is-layout-flex\">\n<figure class=\"wp-block-image size-large\"><img loading=\"lazy\" decoding=\"async\" width=\"1024\" height=\"488\" data-id=\"2980\" src=\"https:\/\/site.educa.madrid.org\/ies.leonfelipe.getafe\/\/wp-content\/uploads\/ies.leonfelipe.getafe\/2025\/10\/IMG_1967-1024x488.jpeg\" alt=\"\" class=\"wp-image-2980\" srcset=\"https:\/\/site.educa.madrid.org\/ies.leonfelipe.getafe\/\/wp-content\/uploads\/ies.leonfelipe.getafe\/2025\/10\/IMG_1967-1024x488.jpeg 1024w, https:\/\/site.educa.madrid.org\/ies.leonfelipe.getafe\/\/wp-content\/uploads\/ies.leonfelipe.getafe\/2025\/10\/IMG_1967-300x143.jpeg 300w, https:\/\/site.educa.madrid.org\/ies.leonfelipe.getafe\/\/wp-content\/uploads\/ies.leonfelipe.getafe\/2025\/10\/IMG_1967-768x366.jpeg 768w, https:\/\/site.educa.madrid.org\/ies.leonfelipe.getafe\/\/wp-content\/uploads\/ies.leonfelipe.getafe\/2025\/10\/IMG_1967-1536x732.jpeg 1536w, https:\/\/site.educa.madrid.org\/ies.leonfelipe.getafe\/\/wp-content\/uploads\/ies.leonfelipe.getafe\/2025\/10\/IMG_1967-2048x976.jpeg 2048w\" sizes=\"auto, (max-width: 1024px) 100vw, 1024px\" \/><\/figure>\n\n\n\n<figure class=\"wp-block-image size-large\"><img loading=\"lazy\" decoding=\"async\" width=\"768\" height=\"1024\" data-id=\"2978\" src=\"https:\/\/site.educa.madrid.org\/ies.leonfelipe.getafe\/\/wp-content\/uploads\/ies.leonfelipe.getafe\/2025\/10\/IMG_1960-768x1024.jpeg\" alt=\"\" class=\"wp-image-2978\" srcset=\"https:\/\/site.educa.madrid.org\/ies.leonfelipe.getafe\/\/wp-content\/uploads\/ies.leonfelipe.getafe\/2025\/10\/IMG_1960-768x1024.jpeg 768w, https:\/\/site.educa.madrid.org\/ies.leonfelipe.getafe\/\/wp-content\/uploads\/ies.leonfelipe.getafe\/2025\/10\/IMG_1960-225x300.jpeg 225w, https:\/\/site.educa.madrid.org\/ies.leonfelipe.getafe\/\/wp-content\/uploads\/ies.leonfelipe.getafe\/2025\/10\/IMG_1960-300x400.jpeg 300w, https:\/\/site.educa.madrid.org\/ies.leonfelipe.getafe\/\/wp-content\/uploads\/ies.leonfelipe.getafe\/2025\/10\/IMG_1960-1152x1536.jpeg 1152w, https:\/\/site.educa.madrid.org\/ies.leonfelipe.getafe\/\/wp-content\/uploads\/ies.leonfelipe.getafe\/2025\/10\/IMG_1960-1536x2048.jpeg 1536w, https:\/\/site.educa.madrid.org\/ies.leonfelipe.getafe\/\/wp-content\/uploads\/ies.leonfelipe.getafe\/2025\/10\/IMG_1960-scaled.jpeg 1920w\" sizes=\"auto, (max-width: 768px) 100vw, 768px\" \/><\/figure>\n<\/figure>\n<\/div>\n<\/div>\n\n\n\n<p class=\"has-medium-font-size\"><strong>TALLERES DE ACOGIDA ALUMN@S 1\u00ba ESO<\/strong><\/p>\n\n\n\n<div class=\"wp-block-group is-content-justification-center is-nowrap is-layout-flex wp-container-core-group-is-layout-94bc23d7 wp-block-group-is-layout-flex\">\n<figure class=\"wp-block-image size-large is-resized\"><img loading=\"lazy\" decoding=\"async\" width=\"768\" height=\"1024\" src=\"https:\/\/site.educa.madrid.org\/ies.leonfelipe.getafe\/\/wp-content\/uploads\/ies.leonfelipe.getafe\/2025\/10\/IMG-20250909-WA0001-3-768x1024.jpg\" alt=\"\" class=\"wp-image-2912\" style=\"width:295px;height:auto\" srcset=\"https:\/\/site.educa.madrid.org\/ies.leonfelipe.getafe\/\/wp-content\/uploads\/ies.leonfelipe.getafe\/2025\/10\/IMG-20250909-WA0001-3-768x1024.jpg 768w, https:\/\/site.educa.madrid.org\/ies.leonfelipe.getafe\/\/wp-content\/uploads\/ies.leonfelipe.getafe\/2025\/10\/IMG-20250909-WA0001-3-225x300.jpg 225w, https:\/\/site.educa.madrid.org\/ies.leonfelipe.getafe\/\/wp-content\/uploads\/ies.leonfelipe.getafe\/2025\/10\/IMG-20250909-WA0001-3-300x400.jpg 300w, https:\/\/site.educa.madrid.org\/ies.leonfelipe.getafe\/\/wp-content\/uploads\/ies.leonfelipe.getafe\/2025\/10\/IMG-20250909-WA0001-3-1152x1536.jpg 1152w, https:\/\/site.educa.madrid.org\/ies.leonfelipe.getafe\/\/wp-content\/uploads\/ies.leonfelipe.getafe\/2025\/10\/IMG-20250909-WA0001-3.jpg 1500w\" sizes=\"auto, (max-width: 768px) 100vw, 768px\" \/><\/figure>\n\n\n\n<figure class=\"wp-block-image size-large is-resized\"><img loading=\"lazy\" decoding=\"async\" width=\"768\" height=\"1024\" src=\"https:\/\/site.educa.madrid.org\/ies.leonfelipe.getafe\/\/wp-content\/uploads\/ies.leonfelipe.getafe\/2025\/10\/IMG-20250909-WA0004-3-768x1024.jpg\" alt=\"\" class=\"wp-image-2913\" style=\"width:294px;height:auto\" srcset=\"https:\/\/site.educa.madrid.org\/ies.leonfelipe.getafe\/\/wp-content\/uploads\/ies.leonfelipe.getafe\/2025\/10\/IMG-20250909-WA0004-3-768x1024.jpg 768w, https:\/\/site.educa.madrid.org\/ies.leonfelipe.getafe\/\/wp-content\/uploads\/ies.leonfelipe.getafe\/2025\/10\/IMG-20250909-WA0004-3-225x300.jpg 225w, https:\/\/site.educa.madrid.org\/ies.leonfelipe.getafe\/\/wp-content\/uploads\/ies.leonfelipe.getafe\/2025\/10\/IMG-20250909-WA0004-3-300x400.jpg 300w, https:\/\/site.educa.madrid.org\/ies.leonfelipe.getafe\/\/wp-content\/uploads\/ies.leonfelipe.getafe\/2025\/10\/IMG-20250909-WA0004-3-1152x1536.jpg 1152w, https:\/\/site.educa.madrid.org\/ies.leonfelipe.getafe\/\/wp-content\/uploads\/ies.leonfelipe.getafe\/2025\/10\/IMG-20250909-WA0004-3.jpg 1500w\" sizes=\"auto, (max-width: 768px) 100vw, 768px\" \/><\/figure>\n<\/div>\n\n\n<p style=\"text-align: center;\"><span style=\"color: #000000;\"><span style=\"font-family: Arial, sans-serif;\">A continuaci\u00f3n mostramos las im\u00e1genes de las maquetas que han realizado como actividad de acogida los alumnos de primero de la E.S.O. Esta actividad que se realiz\u00f3 los d\u00edas 9 y 10 de septiembre fue desarrollada por los departamentos de Dibujo y Tecnolog\u00eda utilizando <\/span><span style=\"font-family: Arial, sans-serif;\">espaguetis y plastilina. El objetivo era construir por equipos la estructura m\u00e1s estable, la m\u00e1s alta y la que tuviera mejor est\u00e9tica.<\/span><\/span><\/p>\n<p style=\"text-align: center;\"><span style=\"color: #000000;\">\u00a1Una buena forma de comenzar su andadura por la ense\u00f1anza secundaria! <\/span><\/p>\n<p style=\"text-align: center;\"><span style=\"color: #000000;\">\u00a1Bienvenid@s al IES Le\u00f3n Felipe!<\/span><\/p>\n\n\n<div class=\"wp-block-group is-content-justification-center is-nowrap is-layout-flex wp-container-core-group-is-layout-94bc23d7 wp-block-group-is-layout-flex\">\n<figure class=\"wp-block-image size-large is-resized\"><img loading=\"lazy\" decoding=\"async\" width=\"1024\" height=\"768\" src=\"https:\/\/site.educa.madrid.org\/ies.leonfelipe.getafe\/\/wp-content\/uploads\/ies.leonfelipe.getafe\/2025\/10\/IMG-20250910-WA0001-2-1024x768.jpg\" alt=\"\" class=\"wp-image-2908\" style=\"width:383px;height:auto\" srcset=\"https:\/\/site.educa.madrid.org\/ies.leonfelipe.getafe\/\/wp-content\/uploads\/ies.leonfelipe.getafe\/2025\/10\/IMG-20250910-WA0001-2-1024x768.jpg 1024w, https:\/\/site.educa.madrid.org\/ies.leonfelipe.getafe\/\/wp-content\/uploads\/ies.leonfelipe.getafe\/2025\/10\/IMG-20250910-WA0001-2-300x225.jpg 300w, https:\/\/site.educa.madrid.org\/ies.leonfelipe.getafe\/\/wp-content\/uploads\/ies.leonfelipe.getafe\/2025\/10\/IMG-20250910-WA0001-2-768x576.jpg 768w, https:\/\/site.educa.madrid.org\/ies.leonfelipe.getafe\/\/wp-content\/uploads\/ies.leonfelipe.getafe\/2025\/10\/IMG-20250910-WA0001-2-1536x1152.jpg 1536w, https:\/\/site.educa.madrid.org\/ies.leonfelipe.getafe\/\/wp-content\/uploads\/ies.leonfelipe.getafe\/2025\/10\/IMG-20250910-WA0001-2.jpg 1600w\" sizes=\"auto, (max-width: 1024px) 100vw, 1024px\" \/><\/figure>\n\n\n\n<figure class=\"wp-block-image size-large is-resized\"><img loading=\"lazy\" decoding=\"async\" width=\"1024\" height=\"768\" src=\"https:\/\/site.educa.madrid.org\/ies.leonfelipe.getafe\/\/wp-content\/uploads\/ies.leonfelipe.getafe\/2025\/10\/IMG-20250910-WA0002-2-1024x768.jpg\" alt=\"\" class=\"wp-image-2909\" style=\"width:383px;height:auto\" srcset=\"https:\/\/site.educa.madrid.org\/ies.leonfelipe.getafe\/\/wp-content\/uploads\/ies.leonfelipe.getafe\/2025\/10\/IMG-20250910-WA0002-2-1024x768.jpg 1024w, https:\/\/site.educa.madrid.org\/ies.leonfelipe.getafe\/\/wp-content\/uploads\/ies.leonfelipe.getafe\/2025\/10\/IMG-20250910-WA0002-2-300x225.jpg 300w, https:\/\/site.educa.madrid.org\/ies.leonfelipe.getafe\/\/wp-content\/uploads\/ies.leonfelipe.getafe\/2025\/10\/IMG-20250910-WA0002-2-768x576.jpg 768w, https:\/\/site.educa.madrid.org\/ies.leonfelipe.getafe\/\/wp-content\/uploads\/ies.leonfelipe.getafe\/2025\/10\/IMG-20250910-WA0002-2-1536x1152.jpg 1536w, https:\/\/site.educa.madrid.org\/ies.leonfelipe.getafe\/\/wp-content\/uploads\/ies.leonfelipe.getafe\/2025\/10\/IMG-20250910-WA0002-2.jpg 1600w\" sizes=\"auto, (max-width: 1024px) 100vw, 1024px\" \/><\/figure>\n<\/div>\n\n\n\n<p><\/p>\n","protected":false},"excerpt":{"rendered":"<p>TALLERES EST\u00c9TICA POP-UP Los alumnos de 3\u00ba de la ESO de la asignatura Proyecto Art\u00edstico del departamento de Dibujo han trabajado con sus nombre y la est\u00e9tica POP-UP realizando unas &#8230;<\/p>\n","protected":false},"author":2,"featured_media":2899,"parent":0,"menu_order":0,"comment_status":"closed","ping_status":"closed","template":"","meta":{"footnotes":""},"folder":[],"class_list":["post-2895","page","type-page","status-publish","has-post-thumbnail","hentry"],"rttpg_featured_image_url":{"full":["https:\/\/site.educa.madrid.org\/ies.leonfelipe.getafe\/\/wp-content\/uploads\/ies.leonfelipe.getafe\/2025\/10\/IMG-20250910-WA0002.jpg",1600,1200,false],"landscape":["https:\/\/site.educa.madrid.org\/ies.leonfelipe.getafe\/\/wp-content\/uploads\/ies.leonfelipe.getafe\/2025\/10\/IMG-20250910-WA0002.jpg",1600,1200,false],"portraits":["https:\/\/site.educa.madrid.org\/ies.leonfelipe.getafe\/\/wp-content\/uploads\/ies.leonfelipe.getafe\/2025\/10\/IMG-20250910-WA0002.jpg",1600,1200,false],"thumbnail":["https:\/\/site.educa.madrid.org\/ies.leonfelipe.getafe\/\/wp-content\/uploads\/ies.leonfelipe.getafe\/2025\/10\/IMG-20250910-WA0002-150x150.jpg",150,150,true],"medium":["https:\/\/site.educa.madrid.org\/ies.leonfelipe.getafe\/\/wp-content\/uploads\/ies.leonfelipe.getafe\/2025\/10\/IMG-20250910-WA0002-300x225.jpg",300,225,true],"large":["https:\/\/site.educa.madrid.org\/ies.leonfelipe.getafe\/\/wp-content\/uploads\/ies.leonfelipe.getafe\/2025\/10\/IMG-20250910-WA0002-1024x768.jpg",800,600,true],"thumblist":["https:\/\/site.educa.madrid.org\/ies.leonfelipe.getafe\/\/wp-content\/uploads\/ies.leonfelipe.getafe\/2025\/10\/IMG-20250910-WA0002-300x300.jpg",300,300,true],"thumbrelated":["https:\/\/site.educa.madrid.org\/ies.leonfelipe.getafe\/\/wp-content\/uploads\/ies.leonfelipe.getafe\/2025\/10\/IMG-20250910-WA0002-500x500.jpg",500,500,true],"meccarouselthumb":["https:\/\/site.educa.madrid.org\/ies.leonfelipe.getafe\/\/wp-content\/uploads\/ies.leonfelipe.getafe\/2025\/10\/IMG-20250910-WA0002-474x324.jpg",474,324,true],"gridsquare":["https:\/\/site.educa.madrid.org\/ies.leonfelipe.getafe\/\/wp-content\/uploads\/ies.leonfelipe.getafe\/2025\/10\/IMG-20250910-WA0002-391x260.jpg",391,260,true],"tileview":["https:\/\/site.educa.madrid.org\/ies.leonfelipe.getafe\/\/wp-content\/uploads\/ies.leonfelipe.getafe\/2025\/10\/IMG-20250910-WA0002-300x400.jpg",300,400,true],"1536x1536":["https:\/\/site.educa.madrid.org\/ies.leonfelipe.getafe\/\/wp-content\/uploads\/ies.leonfelipe.getafe\/2025\/10\/IMG-20250910-WA0002-1536x1152.jpg",1536,1152,true],"2048x2048":["https:\/\/site.educa.madrid.org\/ies.leonfelipe.getafe\/\/wp-content\/uploads\/ies.leonfelipe.getafe\/2025\/10\/IMG-20250910-WA0002.jpg",1600,1200,false],"onepress-blog-small":["https:\/\/site.educa.madrid.org\/ies.leonfelipe.getafe\/\/wp-content\/uploads\/ies.leonfelipe.getafe\/2025\/10\/IMG-20250910-WA0002-300x150.jpg",300,150,true],"onepress-small":["https:\/\/site.educa.madrid.org\/ies.leonfelipe.getafe\/\/wp-content\/uploads\/ies.leonfelipe.getafe\/2025\/10\/IMG-20250910-WA0002-480x300.jpg",480,300,true],"onepress-medium":["https:\/\/site.educa.madrid.org\/ies.leonfelipe.getafe\/\/wp-content\/uploads\/ies.leonfelipe.getafe\/2025\/10\/IMG-20250910-WA0002-640x400.jpg",640,400,true],"sow-carousel-default":["https:\/\/site.educa.madrid.org\/ies.leonfelipe.getafe\/\/wp-content\/uploads\/ies.leonfelipe.getafe\/2025\/10\/IMG-20250910-WA0002-272x182.jpg",272,182,true],"sow-post-carousel-overlay-theme":["https:\/\/site.educa.madrid.org\/ies.leonfelipe.getafe\/\/wp-content\/uploads\/ies.leonfelipe.getafe\/2025\/10\/IMG-20250910-WA0002.jpg",360,270,false],"sow-post-carousel-cards-theme":["https:\/\/site.educa.madrid.org\/ies.leonfelipe.getafe\/\/wp-content\/uploads\/ies.leonfelipe.getafe\/2025\/10\/IMG-20250910-WA0002.jpg",320,240,false],"rt_custom":["https:\/\/site.educa.madrid.org\/ies.leonfelipe.getafe\/\/wp-content\/uploads\/ies.leonfelipe.getafe\/2025\/10\/IMG-20250910-WA0002.jpg",1600,1200,false]},"rttpg_author":{"display_name":"tic.ies.leonfelipe.getafe","author_link":"https:\/\/site.educa.madrid.org\/ies.leonfelipe.getafe\/index.php\/author\/cuenta_tic-ies-leonfelipe-getafe\/"},"rttpg_comment":0,"rttpg_category":false,"rttpg_excerpt":"TALLERES EST\u00c9TICA POP-UP Los alumnos de 3\u00ba de la ESO de la asignatura Proyecto Art\u00edstico del departamento de Dibujo han trabajado con sus nombre y la est\u00e9tica POP-UP realizando unas ...","post_mailing_queue_ids":[],"_links":{"self":[{"href":"https:\/\/site.educa.madrid.org\/ies.leonfelipe.getafe\/index.php\/wp-json\/wp\/v2\/pages\/2895","targetHints":{"allow":["GET"]}}],"collection":[{"href":"https:\/\/site.educa.madrid.org\/ies.leonfelipe.getafe\/index.php\/wp-json\/wp\/v2\/pages"}],"about":[{"href":"https:\/\/site.educa.madrid.org\/ies.leonfelipe.getafe\/index.php\/wp-json\/wp\/v2\/types\/page"}],"author":[{"embeddable":true,"href":"https:\/\/site.educa.madrid.org\/ies.leonfelipe.getafe\/index.php\/wp-json\/wp\/v2\/users\/2"}],"replies":[{"embeddable":true,"href":"https:\/\/site.educa.madrid.org\/ies.leonfelipe.getafe\/index.php\/wp-json\/wp\/v2\/comments?post=2895"}],"version-history":[{"count":9,"href":"https:\/\/site.educa.madrid.org\/ies.leonfelipe.getafe\/index.php\/wp-json\/wp\/v2\/pages\/2895\/revisions"}],"predecessor-version":[{"id":2982,"href":"https:\/\/site.educa.madrid.org\/ies.leonfelipe.getafe\/index.php\/wp-json\/wp\/v2\/pages\/2895\/revisions\/2982"}],"wp:featuredmedia":[{"embeddable":true,"href":"https:\/\/site.educa.madrid.org\/ies.leonfelipe.getafe\/index.php\/wp-json\/wp\/v2\/media\/2899"}],"wp:attachment":[{"href":"https:\/\/site.educa.madrid.org\/ies.leonfelipe.getafe\/index.php\/wp-json\/wp\/v2\/media?parent=2895"}],"wp:term":[{"taxonomy":"folder","embeddable":true,"href":"https:\/\/site.educa.madrid.org\/ies.leonfelipe.getafe\/index.php\/wp-json\/wp\/v2\/folder?post=2895"}],"curies":[{"name":"wp","href":"https:\/\/api.w.org\/{rel}","templated":true}]}}