{"id":2922,"date":"2025-10-05T18:22:51","date_gmt":"2025-10-05T16:22:51","guid":{"rendered":"https:\/\/site.educa.madrid.org\/ies.leonfelipe.getafe\/?page_id=2922"},"modified":"2025-10-05T18:26:06","modified_gmt":"2025-10-05T16:26:06","slug":"global-classroom","status":"publish","type":"page","link":"https:\/\/site.educa.madrid.org\/ies.leonfelipe.getafe\/index.php\/global-classroom\/","title":{"rendered":"CURSO 2024\/25"},"content":{"rendered":"<h2>GLOBAL CLASSROOM CURSO 2024\/25<\/h2>\n<p><span style=\"font-weight: 400; color: #000000;\">Hi, we are Sof\u00eda Matas and Sof\u00eda G\u00f3mez and last year we participated in Global Classroom, a program where the students represent different countries and debate various global topics. In our case we were assigned Liberia and the issues we had to discuss included drugs, censorship, illiteracy and totalitarism. There was also a prize if you won; a paid trip to see the real UNESCO meeting! We were nervous at first doing our speech but despite that, it was an unforgettable experience where we not only learned about Liberia\u00b4s culture but also improved our speaking skills and teamwork. Overall, it was a unique opportunity that gave us a new perspective of the world we live in, and we highly recommend it.<\/span><\/p>\n<p><img loading=\"lazy\" decoding=\"async\" class=\"size-medium wp-image-2923 aligncenter\" src=\"https:\/\/site.educa.madrid.org\/ies.leonfelipe.getafe\/\/wp-content\/uploads\/ies.leonfelipe.getafe\/2025\/10\/GLOBAL-CLASSROOM-1-222x300.jpg\" alt=\"\" width=\"222\" height=\"300\" srcset=\"https:\/\/site.educa.madrid.org\/ies.leonfelipe.getafe\/\/wp-content\/uploads\/ies.leonfelipe.getafe\/2025\/10\/GLOBAL-CLASSROOM-1-222x300.jpg 222w, https:\/\/site.educa.madrid.org\/ies.leonfelipe.getafe\/\/wp-content\/uploads\/ies.leonfelipe.getafe\/2025\/10\/GLOBAL-CLASSROOM-1.jpg 288w\" sizes=\"auto, (max-width: 222px) 100vw, 222px\" \/><\/p>\n<p><span style=\"color: #000000;\">The Global Classroom is an activity carried out with the help of assistants during class time, but separate from the regular class. It&#8217;s a type of debate in which topics such as human rights are discussed. We went to Madrid to participate with people from other schools. It was very interesting to see the point of view of other students, as well as to meet people who thought like us and to find solutions together to the proposed problems. Our proposed topics were threads of freedom (drugs, illiteracy, censorship, and totalitarianism). We had the opportunity to make friends and acquire debate and problem-solving skills that will be very useful. Besides, we didn&#8217;t go to class that day.<\/span><\/p>\n<p><span style=\"color: #000000;\">Mar\u00eda Jos\u00e9 Hern\u00e1ndez and Claudia Mart\u00edn<\/span><\/p>\n<p style=\"text-align: center;\"><img loading=\"lazy\" decoding=\"async\" class=\"size-medium wp-image-2924 aligncenter\" src=\"https:\/\/site.educa.madrid.org\/ies.leonfelipe.getafe\/\/wp-content\/uploads\/ies.leonfelipe.getafe\/2025\/10\/WhatsApp-Image-2025-09-28-at-10.55.48-300x200.jpeg\" alt=\"\" width=\"300\" height=\"200\" srcset=\"https:\/\/site.educa.madrid.org\/ies.leonfelipe.getafe\/\/wp-content\/uploads\/ies.leonfelipe.getafe\/2025\/10\/WhatsApp-Image-2025-09-28-at-10.55.48-300x200.jpeg 300w, https:\/\/site.educa.madrid.org\/ies.leonfelipe.getafe\/\/wp-content\/uploads\/ies.leonfelipe.getafe\/2025\/10\/WhatsApp-Image-2025-09-28-at-10.55.48-1024x683.jpeg 1024w, https:\/\/site.educa.madrid.org\/ies.leonfelipe.getafe\/\/wp-content\/uploads\/ies.leonfelipe.getafe\/2025\/10\/WhatsApp-Image-2025-09-28-at-10.55.48-768x512.jpeg 768w, https:\/\/site.educa.madrid.org\/ies.leonfelipe.getafe\/\/wp-content\/uploads\/ies.leonfelipe.getafe\/2025\/10\/WhatsApp-Image-2025-09-28-at-10.55.48-391x260.jpeg 391w, https:\/\/site.educa.madrid.org\/ies.leonfelipe.getafe\/\/wp-content\/uploads\/ies.leonfelipe.getafe\/2025\/10\/WhatsApp-Image-2025-09-28-at-10.55.48-1536x1024.jpeg 1536w, https:\/\/site.educa.madrid.org\/ies.leonfelipe.getafe\/\/wp-content\/uploads\/ies.leonfelipe.getafe\/2025\/10\/WhatsApp-Image-2025-09-28-at-10.55.48-272x182.jpeg 272w, https:\/\/site.educa.madrid.org\/ies.leonfelipe.getafe\/\/wp-content\/uploads\/ies.leonfelipe.getafe\/2025\/10\/WhatsApp-Image-2025-09-28-at-10.55.48.jpeg 2048w\" sizes=\"auto, (max-width: 300px) 100vw, 300px\" \/> <img loading=\"lazy\" decoding=\"async\" class=\"size-medium wp-image-2925 aligncenter\" src=\"https:\/\/site.educa.madrid.org\/ies.leonfelipe.getafe\/\/wp-content\/uploads\/ies.leonfelipe.getafe\/2025\/10\/WhatsApp-Image-2025-09-28-at-10.55.48-1-300x200.jpeg\" alt=\"\" width=\"300\" height=\"200\" srcset=\"https:\/\/site.educa.madrid.org\/ies.leonfelipe.getafe\/\/wp-content\/uploads\/ies.leonfelipe.getafe\/2025\/10\/WhatsApp-Image-2025-09-28-at-10.55.48-1-300x200.jpeg 300w, https:\/\/site.educa.madrid.org\/ies.leonfelipe.getafe\/\/wp-content\/uploads\/ies.leonfelipe.getafe\/2025\/10\/WhatsApp-Image-2025-09-28-at-10.55.48-1-1024x683.jpeg 1024w, https:\/\/site.educa.madrid.org\/ies.leonfelipe.getafe\/\/wp-content\/uploads\/ies.leonfelipe.getafe\/2025\/10\/WhatsApp-Image-2025-09-28-at-10.55.48-1-768x512.jpeg 768w, https:\/\/site.educa.madrid.org\/ies.leonfelipe.getafe\/\/wp-content\/uploads\/ies.leonfelipe.getafe\/2025\/10\/WhatsApp-Image-2025-09-28-at-10.55.48-1-391x260.jpeg 391w, https:\/\/site.educa.madrid.org\/ies.leonfelipe.getafe\/\/wp-content\/uploads\/ies.leonfelipe.getafe\/2025\/10\/WhatsApp-Image-2025-09-28-at-10.55.48-1-1536x1024.jpeg 1536w, https:\/\/site.educa.madrid.org\/ies.leonfelipe.getafe\/\/wp-content\/uploads\/ies.leonfelipe.getafe\/2025\/10\/WhatsApp-Image-2025-09-28-at-10.55.48-1-272x182.jpeg 272w, https:\/\/site.educa.madrid.org\/ies.leonfelipe.getafe\/\/wp-content\/uploads\/ies.leonfelipe.getafe\/2025\/10\/WhatsApp-Image-2025-09-28-at-10.55.48-1.jpeg 2048w\" sizes=\"auto, (max-width: 300px) 100vw, 300px\" \/><\/p>\n","protected":false},"excerpt":{"rendered":"<p>GLOBAL CLASSROOM CURSO 2024\/25 Hi, we are Sof\u00eda Matas and Sof\u00eda G\u00f3mez and last year we participated in Global Classroom, a program where the students represent different countries and debate &#8230;<\/p>\n","protected":false},"author":2,"featured_media":0,"parent":0,"menu_order":0,"comment_status":"closed","ping_status":"closed","template":"","meta":{"footnotes":""},"folder":[],"class_list":["post-2922","page","type-page","status-publish","hentry"],"rttpg_featured_image_url":null,"rttpg_author":{"display_name":"tic.ies.leonfelipe.getafe","author_link":"https:\/\/site.educa.madrid.org\/ies.leonfelipe.getafe\/index.php\/author\/cuenta_tic-ies-leonfelipe-getafe\/"},"rttpg_comment":0,"rttpg_category":false,"rttpg_excerpt":"GLOBAL CLASSROOM CURSO 2024\/25 Hi, we are Sof\u00eda Matas and Sof\u00eda G\u00f3mez and last year we participated in Global Classroom, a program where the students represent different countries and debate ...","post_mailing_queue_ids":[],"_links":{"self":[{"href":"https:\/\/site.educa.madrid.org\/ies.leonfelipe.getafe\/index.php\/wp-json\/wp\/v2\/pages\/2922","targetHints":{"allow":["GET"]}}],"collection":[{"href":"https:\/\/site.educa.madrid.org\/ies.leonfelipe.getafe\/index.php\/wp-json\/wp\/v2\/pages"}],"about":[{"href":"https:\/\/site.educa.madrid.org\/ies.leonfelipe.getafe\/index.php\/wp-json\/wp\/v2\/types\/page"}],"author":[{"embeddable":true,"href":"https:\/\/site.educa.madrid.org\/ies.leonfelipe.getafe\/index.php\/wp-json\/wp\/v2\/users\/2"}],"replies":[{"embeddable":true,"href":"https:\/\/site.educa.madrid.org\/ies.leonfelipe.getafe\/index.php\/wp-json\/wp\/v2\/comments?post=2922"}],"version-history":[{"count":2,"href":"https:\/\/site.educa.madrid.org\/ies.leonfelipe.getafe\/index.php\/wp-json\/wp\/v2\/pages\/2922\/revisions"}],"predecessor-version":[{"id":2928,"href":"https:\/\/site.educa.madrid.org\/ies.leonfelipe.getafe\/index.php\/wp-json\/wp\/v2\/pages\/2922\/revisions\/2928"}],"wp:attachment":[{"href":"https:\/\/site.educa.madrid.org\/ies.leonfelipe.getafe\/index.php\/wp-json\/wp\/v2\/media?parent=2922"}],"wp:term":[{"taxonomy":"folder","embeddable":true,"href":"https:\/\/site.educa.madrid.org\/ies.leonfelipe.getafe\/index.php\/wp-json\/wp\/v2\/folder?post=2922"}],"curies":[{"name":"wp","href":"https:\/\/api.w.org\/{rel}","templated":true}]}}