{"id":2951,"date":"2025-10-15T14:40:00","date_gmt":"2025-10-15T12:40:00","guid":{"rendered":"https:\/\/site.educa.madrid.org\/ies.leonfelipe.getafe\/?page_id=2951"},"modified":"2025-10-15T14:42:56","modified_gmt":"2025-10-15T12:42:56","slug":"concierto-fundacion-juan-march","status":"publish","type":"page","link":"https:\/\/site.educa.madrid.org\/ies.leonfelipe.getafe\/index.php\/concierto-fundacion-juan-march\/","title":{"rendered":"M\u00daSICA"},"content":{"rendered":"<h2>CONCIERTO FUNDACI\u00d3N JUAN MARCH<\/h2>\n<p style=\"text-align: center;\"><span style=\"color: #000000;\">El martes 14 de Octubre, los alumnos de M\u00fasica de 4\u00ba ESO D y E y 1\u00ba de Bachillerato C y D asistieron al concierto <strong>\u201cCuando las cuerdas hablan\u201d<\/strong> en la Fundaci\u00f3n Juan March de Madrid. Escucharon obras para cuarteto de cuerda de diferentes compositores y compositoras y vieron la evoluci\u00f3n de una de las agrupaciones m\u00e1s importantes de la m\u00fasica cl\u00e1sica a lo largo de la historia.<\/span><\/p>\n<p><img loading=\"lazy\" decoding=\"async\" class=\"wp-image-2953 alignleft\" src=\"https:\/\/site.educa.madrid.org\/ies.leonfelipe.getafe\/\/wp-content\/uploads\/ies.leonfelipe.getafe\/2025\/10\/IMG-20251014-WA0004-225x300.jpg\" alt=\"\" width=\"145\" height=\"193\" srcset=\"https:\/\/site.educa.madrid.org\/ies.leonfelipe.getafe\/\/wp-content\/uploads\/ies.leonfelipe.getafe\/2025\/10\/IMG-20251014-WA0004-225x300.jpg 225w, https:\/\/site.educa.madrid.org\/ies.leonfelipe.getafe\/\/wp-content\/uploads\/ies.leonfelipe.getafe\/2025\/10\/IMG-20251014-WA0004-768x1024.jpg 768w, https:\/\/site.educa.madrid.org\/ies.leonfelipe.getafe\/\/wp-content\/uploads\/ies.leonfelipe.getafe\/2025\/10\/IMG-20251014-WA0004-300x400.jpg 300w, https:\/\/site.educa.madrid.org\/ies.leonfelipe.getafe\/\/wp-content\/uploads\/ies.leonfelipe.getafe\/2025\/10\/IMG-20251014-WA0004-1152x1536.jpg 1152w, https:\/\/site.educa.madrid.org\/ies.leonfelipe.getafe\/\/wp-content\/uploads\/ies.leonfelipe.getafe\/2025\/10\/IMG-20251014-WA0004.jpg 1536w\" sizes=\"auto, (max-width: 145px) 100vw, 145px\" \/> <img loading=\"lazy\" decoding=\"async\" class=\"wp-image-2952 alignleft\" src=\"https:\/\/site.educa.madrid.org\/ies.leonfelipe.getafe\/\/wp-content\/uploads\/ies.leonfelipe.getafe\/2025\/10\/IMG-20251014-WA0005-225x300.jpg\" alt=\"\" width=\"148\" height=\"197\" srcset=\"https:\/\/site.educa.madrid.org\/ies.leonfelipe.getafe\/\/wp-content\/uploads\/ies.leonfelipe.getafe\/2025\/10\/IMG-20251014-WA0005-225x300.jpg 225w, https:\/\/site.educa.madrid.org\/ies.leonfelipe.getafe\/\/wp-content\/uploads\/ies.leonfelipe.getafe\/2025\/10\/IMG-20251014-WA0005-768x1024.jpg 768w, https:\/\/site.educa.madrid.org\/ies.leonfelipe.getafe\/\/wp-content\/uploads\/ies.leonfelipe.getafe\/2025\/10\/IMG-20251014-WA0005-300x400.jpg 300w, https:\/\/site.educa.madrid.org\/ies.leonfelipe.getafe\/\/wp-content\/uploads\/ies.leonfelipe.getafe\/2025\/10\/IMG-20251014-WA0005-1152x1536.jpg 1152w, https:\/\/site.educa.madrid.org\/ies.leonfelipe.getafe\/\/wp-content\/uploads\/ies.leonfelipe.getafe\/2025\/10\/IMG-20251014-WA0005.jpg 1536w\" sizes=\"auto, (max-width: 148px) 100vw, 148px\" \/> <img loading=\"lazy\" decoding=\"async\" class=\"wp-image-2954 alignleft\" src=\"https:\/\/site.educa.madrid.org\/ies.leonfelipe.getafe\/\/wp-content\/uploads\/ies.leonfelipe.getafe\/2025\/10\/20251014_134031-300x225.jpg\" alt=\"\" width=\"227\" height=\"170\" srcset=\"https:\/\/site.educa.madrid.org\/ies.leonfelipe.getafe\/\/wp-content\/uploads\/ies.leonfelipe.getafe\/2025\/10\/20251014_134031-300x225.jpg 300w, https:\/\/site.educa.madrid.org\/ies.leonfelipe.getafe\/\/wp-content\/uploads\/ies.leonfelipe.getafe\/2025\/10\/20251014_134031-1024x768.jpg 1024w, https:\/\/site.educa.madrid.org\/ies.leonfelipe.getafe\/\/wp-content\/uploads\/ies.leonfelipe.getafe\/2025\/10\/20251014_134031-768x576.jpg 768w, https:\/\/site.educa.madrid.org\/ies.leonfelipe.getafe\/\/wp-content\/uploads\/ies.leonfelipe.getafe\/2025\/10\/20251014_134031-1536x1152.jpg 1536w, https:\/\/site.educa.madrid.org\/ies.leonfelipe.getafe\/\/wp-content\/uploads\/ies.leonfelipe.getafe\/2025\/10\/20251014_134031-2048x1536.jpg 2048w\" sizes=\"auto, (max-width: 227px) 100vw, 227px\" \/> <img loading=\"lazy\" decoding=\"async\" class=\"wp-image-2955 alignleft\" src=\"https:\/\/site.educa.madrid.org\/ies.leonfelipe.getafe\/\/wp-content\/uploads\/ies.leonfelipe.getafe\/2025\/10\/20251014_132130-300x225.jpg\" alt=\"\" width=\"220\" height=\"165\" srcset=\"https:\/\/site.educa.madrid.org\/ies.leonfelipe.getafe\/\/wp-content\/uploads\/ies.leonfelipe.getafe\/2025\/10\/20251014_132130-300x225.jpg 300w, https:\/\/site.educa.madrid.org\/ies.leonfelipe.getafe\/\/wp-content\/uploads\/ies.leonfelipe.getafe\/2025\/10\/20251014_132130-1024x768.jpg 1024w, https:\/\/site.educa.madrid.org\/ies.leonfelipe.getafe\/\/wp-content\/uploads\/ies.leonfelipe.getafe\/2025\/10\/20251014_132130-768x576.jpg 768w, https:\/\/site.educa.madrid.org\/ies.leonfelipe.getafe\/\/wp-content\/uploads\/ies.leonfelipe.getafe\/2025\/10\/20251014_132130-1536x1152.jpg 1536w, https:\/\/site.educa.madrid.org\/ies.leonfelipe.getafe\/\/wp-content\/uploads\/ies.leonfelipe.getafe\/2025\/10\/20251014_132130-2048x1536.jpg 2048w\" sizes=\"auto, (max-width: 220px) 100vw, 220px\" \/><\/p>\n","protected":false},"excerpt":{"rendered":"<p>CONCIERTO FUNDACI\u00d3N JUAN MARCH El martes 14 de Octubre, los alumnos de M\u00fasica de 4\u00ba ESO D y E y 1\u00ba de Bachillerato C y D asistieron al concierto \u201cCuando &#8230;<\/p>\n","protected":false},"author":2,"featured_media":0,"parent":0,"menu_order":0,"comment_status":"closed","ping_status":"closed","template":"","meta":{"footnotes":""},"folder":[],"class_list":["post-2951","page","type-page","status-publish","hentry"],"rttpg_featured_image_url":null,"rttpg_author":{"display_name":"tic.ies.leonfelipe.getafe","author_link":"https:\/\/site.educa.madrid.org\/ies.leonfelipe.getafe\/index.php\/author\/cuenta_tic-ies-leonfelipe-getafe\/"},"rttpg_comment":0,"rttpg_category":false,"rttpg_excerpt":"CONCIERTO FUNDACI\u00d3N JUAN MARCH El martes 14 de Octubre, los alumnos de M\u00fasica de 4\u00ba ESO D y E y 1\u00ba de Bachillerato C y D asistieron al concierto \u201cCuando ...","post_mailing_queue_ids":[],"_links":{"self":[{"href":"https:\/\/site.educa.madrid.org\/ies.leonfelipe.getafe\/index.php\/wp-json\/wp\/v2\/pages\/2951","targetHints":{"allow":["GET"]}}],"collection":[{"href":"https:\/\/site.educa.madrid.org\/ies.leonfelipe.getafe\/index.php\/wp-json\/wp\/v2\/pages"}],"about":[{"href":"https:\/\/site.educa.madrid.org\/ies.leonfelipe.getafe\/index.php\/wp-json\/wp\/v2\/types\/page"}],"author":[{"embeddable":true,"href":"https:\/\/site.educa.madrid.org\/ies.leonfelipe.getafe\/index.php\/wp-json\/wp\/v2\/users\/2"}],"replies":[{"embeddable":true,"href":"https:\/\/site.educa.madrid.org\/ies.leonfelipe.getafe\/index.php\/wp-json\/wp\/v2\/comments?post=2951"}],"version-history":[{"count":3,"href":"https:\/\/site.educa.madrid.org\/ies.leonfelipe.getafe\/index.php\/wp-json\/wp\/v2\/pages\/2951\/revisions"}],"predecessor-version":[{"id":2959,"href":"https:\/\/site.educa.madrid.org\/ies.leonfelipe.getafe\/index.php\/wp-json\/wp\/v2\/pages\/2951\/revisions\/2959"}],"wp:attachment":[{"href":"https:\/\/site.educa.madrid.org\/ies.leonfelipe.getafe\/index.php\/wp-json\/wp\/v2\/media?parent=2951"}],"wp:term":[{"taxonomy":"folder","embeddable":true,"href":"https:\/\/site.educa.madrid.org\/ies.leonfelipe.getafe\/index.php\/wp-json\/wp\/v2\/folder?post=2951"}],"curies":[{"name":"wp","href":"https:\/\/api.w.org\/{rel}","templated":true}]}}