{"id":2988,"date":"2025-11-04T13:49:34","date_gmt":"2025-11-04T12:49:34","guid":{"rendered":"https:\/\/site.educa.madrid.org\/ies.leonfelipe.getafe\/?page_id=2988"},"modified":"2026-03-02T10:10:31","modified_gmt":"2026-03-02T09:10:31","slug":"ingles","status":"publish","type":"page","link":"https:\/\/site.educa.madrid.org\/ies.leonfelipe.getafe\/index.php\/ingles\/","title":{"rendered":"INGL\u00c9S"},"content":{"rendered":"<h2><strong><span style=\"color: #800080;\">INMERSI\u00d3N LING\u00dc\u00cdSTICA INGL\u00c9S VIAJE A IRLANDA<\/span><\/strong><\/h2>\n<p><span style=\"color: #000000;\">Esa semana en Irlanda fue como vivir algo que s\u00f3lo hab\u00edamos visto en pel\u00edculas. Llegamos con nervios y mil dudas, pero juntas nos atrevimos a hablar, a equivocarnos y a re\u00edrnos de nosotras mismas. Caminamos bajo la lluvia, cantamos sin saber bien las canciones y nos sentimos libres de una forma nueva, como si el mundo de repente fuera un poco m\u00e1s grande y tambi\u00e9n m\u00e1s nuestro.<\/span><\/p>\n<p><span style=\"color: #000000;\">En solo siete d\u00edas crecimos m\u00e1s de lo que imagin\u00e1bamos. Compartimos historias hasta tarde y aprendimos que salir de nuestra zona de confort tambi\u00e9n puede ser emocionante. Volvimos a casa siendo las mismas, pero al mismo tiempo distintas, m\u00e1s valientes y con recuerdos que sabemos que nos van a acompa\u00f1ar siempre.<\/span><\/p>\n<h4><a href=\"https:\/\/mediateca.educa.madrid.org\/video\/pzbvaueuhi952uli\"><span style=\"color: #ff0000;\">VIDEO VIAJE A IRLANDA<\/span><\/a><\/h4>\n<h4><a href=\"https:\/\/site.educa.madrid.org\/ies.leonfelipe.getafe\/\/wp-content\/uploads\/ies.leonfelipe.getafe\/2026\/01\/VIAJE-A-IRLANDA.pdf\">VIAJE A IRLANDA<\/a><\/h4>\n<p style=\"text-align: center;\"><span style=\"color: #000000;\">\u00a0<\/span><\/p>\n<h2><strong><span style=\"color: #800080;\">HALLOWEEN<\/span><\/strong><\/h2>\n<h4><span style=\"font-family: Arial;\"><span style=\"font-size: large;\">Our school has celebrated Halloween this year with 3 contests. Here are the results: (Thanks everybody for your participation!)<\/span><\/span><\/h4>\n<p style=\"text-align: center;\"><strong><span style=\"font-family: Arial; color: #000000;\"><span style=\"font-size: large;\"><span style=\"color: #ff0000;\">DOOR DECORATIONS:<\/span>\u00a0<\/span><\/span><\/strong><\/p>\n<p style=\"text-align: center;\"><span style=\"font-family: Arial; color: #000000;\"><span style=\"font-size: large;\">1st prize: 3E.\u00a0<\/span><\/span><\/p>\n<p style=\"text-align: center;\"><span style=\"font-family: Arial; color: #000000;\"><span style=\"font-size: large;\">2nd prize: 3C.\u00a0<\/span><\/span><\/p>\n<p style=\"text-align: center;\"><span style=\"font-family: Arial; color: #000000;\"><span style=\"font-size: large;\">Candy for 1E and DIVER2.\u00a0<\/span><\/span><\/p>\n<p style=\"text-align: center;\"><strong><span style=\"font-family: Arial; color: #ff0000;\"><span style=\"font-size: large;\">PUMPKINS:\u00a0<\/span><\/span><\/strong><\/p>\n<p style=\"text-align: center;\"><span style=\"font-family: Arial; color: #000000;\"><span style=\"font-size: large;\">1st prize: Victor 2E.\u00a0<\/span><\/span><\/p>\n<p style=\"text-align: center;\"><span style=\"font-family: Arial; color: #000000;\"><span style=\"font-size: large;\">2nd prize: Rida 1E.\u00a0<\/span><\/span><\/p>\n<p style=\"text-align: center;\"><span style=\"font-family: Arial;\"><span style=\"font-size: large;\"><span style=\"color: #ff0000;\"><strong>SPOOKY STORY:<\/strong><\/span>\u00a0<\/span><\/span><\/p>\n<p style=\"text-align: center;\"><span style=\"font-family: Arial; color: #000000;\"><span style=\"font-size: large;\">1st prize: Rida 1E.\u00a0<\/span><\/span><\/p>\n<p style=\"text-align: center;\"><span style=\"font-family: Arial; color: #000000;\"><span style=\"font-size: large;\">2nd prize: Sofi 4E.\u00a0<\/span><\/span><\/p>\n<p style=\"text-align: center;\"><span style=\"color: #000000;\"><img loading=\"lazy\" decoding=\"async\" class=\"alignright  wp-image-2995\" src=\"https:\/\/site.educa.madrid.org\/ies.leonfelipe.getafe\/\/wp-content\/uploads\/ies.leonfelipe.getafe\/2025\/11\/IMG_5505-225x300.jpeg\" alt=\"\" width=\"99\" height=\"132\" srcset=\"https:\/\/site.educa.madrid.org\/ies.leonfelipe.getafe\/\/wp-content\/uploads\/ies.leonfelipe.getafe\/2025\/11\/IMG_5505-225x300.jpeg 225w, https:\/\/site.educa.madrid.org\/ies.leonfelipe.getafe\/\/wp-content\/uploads\/ies.leonfelipe.getafe\/2025\/11\/IMG_5505-768x1024.jpeg 768w, https:\/\/site.educa.madrid.org\/ies.leonfelipe.getafe\/\/wp-content\/uploads\/ies.leonfelipe.getafe\/2025\/11\/IMG_5505-300x400.jpeg 300w, https:\/\/site.educa.madrid.org\/ies.leonfelipe.getafe\/\/wp-content\/uploads\/ies.leonfelipe.getafe\/2025\/11\/IMG_5505-1152x1536.jpeg 1152w, https:\/\/site.educa.madrid.org\/ies.leonfelipe.getafe\/\/wp-content\/uploads\/ies.leonfelipe.getafe\/2025\/11\/IMG_5505-1536x2048.jpeg 1536w, https:\/\/site.educa.madrid.org\/ies.leonfelipe.getafe\/\/wp-content\/uploads\/ies.leonfelipe.getafe\/2025\/11\/IMG_5505-scaled.jpeg 1920w\" sizes=\"auto, (max-width: 99px) 100vw, 99px\" \/> <img loading=\"lazy\" decoding=\"async\" class=\"alignright  wp-image-2994\" src=\"https:\/\/site.educa.madrid.org\/ies.leonfelipe.getafe\/\/wp-content\/uploads\/ies.leonfelipe.getafe\/2025\/11\/IMG_5506-225x300.jpeg\" alt=\"\" width=\"101\" height=\"135\" srcset=\"https:\/\/site.educa.madrid.org\/ies.leonfelipe.getafe\/\/wp-content\/uploads\/ies.leonfelipe.getafe\/2025\/11\/IMG_5506-225x300.jpeg 225w, https:\/\/site.educa.madrid.org\/ies.leonfelipe.getafe\/\/wp-content\/uploads\/ies.leonfelipe.getafe\/2025\/11\/IMG_5506-768x1024.jpeg 768w, https:\/\/site.educa.madrid.org\/ies.leonfelipe.getafe\/\/wp-content\/uploads\/ies.leonfelipe.getafe\/2025\/11\/IMG_5506-300x400.jpeg 300w, https:\/\/site.educa.madrid.org\/ies.leonfelipe.getafe\/\/wp-content\/uploads\/ies.leonfelipe.getafe\/2025\/11\/IMG_5506-1152x1536.jpeg 1152w, https:\/\/site.educa.madrid.org\/ies.leonfelipe.getafe\/\/wp-content\/uploads\/ies.leonfelipe.getafe\/2025\/11\/IMG_5506-1536x2048.jpeg 1536w, https:\/\/site.educa.madrid.org\/ies.leonfelipe.getafe\/\/wp-content\/uploads\/ies.leonfelipe.getafe\/2025\/11\/IMG_5506-scaled.jpeg 1920w\" sizes=\"auto, (max-width: 101px) 100vw, 101px\" \/> <img loading=\"lazy\" decoding=\"async\" class=\"alignright  wp-image-2993\" src=\"https:\/\/site.educa.madrid.org\/ies.leonfelipe.getafe\/\/wp-content\/uploads\/ies.leonfelipe.getafe\/2025\/11\/IMG_5507-225x300.jpeg\" alt=\"\" width=\"100\" height=\"133\" srcset=\"https:\/\/site.educa.madrid.org\/ies.leonfelipe.getafe\/\/wp-content\/uploads\/ies.leonfelipe.getafe\/2025\/11\/IMG_5507-225x300.jpeg 225w, https:\/\/site.educa.madrid.org\/ies.leonfelipe.getafe\/\/wp-content\/uploads\/ies.leonfelipe.getafe\/2025\/11\/IMG_5507-768x1024.jpeg 768w, https:\/\/site.educa.madrid.org\/ies.leonfelipe.getafe\/\/wp-content\/uploads\/ies.leonfelipe.getafe\/2025\/11\/IMG_5507-300x400.jpeg 300w, https:\/\/site.educa.madrid.org\/ies.leonfelipe.getafe\/\/wp-content\/uploads\/ies.leonfelipe.getafe\/2025\/11\/IMG_5507-1152x1536.jpeg 1152w, https:\/\/site.educa.madrid.org\/ies.leonfelipe.getafe\/\/wp-content\/uploads\/ies.leonfelipe.getafe\/2025\/11\/IMG_5507-1536x2048.jpeg 1536w, https:\/\/site.educa.madrid.org\/ies.leonfelipe.getafe\/\/wp-content\/uploads\/ies.leonfelipe.getafe\/2025\/11\/IMG_5507-scaled.jpeg 1920w\" sizes=\"auto, (max-width: 100px) 100vw, 100px\" \/> <img loading=\"lazy\" decoding=\"async\" class=\"alignright  wp-image-2992\" src=\"https:\/\/site.educa.madrid.org\/ies.leonfelipe.getafe\/\/wp-content\/uploads\/ies.leonfelipe.getafe\/2025\/11\/IMG_5509-225x300.jpeg\" alt=\"\" width=\"100\" height=\"133\" srcset=\"https:\/\/site.educa.madrid.org\/ies.leonfelipe.getafe\/\/wp-content\/uploads\/ies.leonfelipe.getafe\/2025\/11\/IMG_5509-225x300.jpeg 225w, https:\/\/site.educa.madrid.org\/ies.leonfelipe.getafe\/\/wp-content\/uploads\/ies.leonfelipe.getafe\/2025\/11\/IMG_5509-768x1024.jpeg 768w, https:\/\/site.educa.madrid.org\/ies.leonfelipe.getafe\/\/wp-content\/uploads\/ies.leonfelipe.getafe\/2025\/11\/IMG_5509-300x400.jpeg 300w, https:\/\/site.educa.madrid.org\/ies.leonfelipe.getafe\/\/wp-content\/uploads\/ies.leonfelipe.getafe\/2025\/11\/IMG_5509-1152x1536.jpeg 1152w, https:\/\/site.educa.madrid.org\/ies.leonfelipe.getafe\/\/wp-content\/uploads\/ies.leonfelipe.getafe\/2025\/11\/IMG_5509-1536x2048.jpeg 1536w, https:\/\/site.educa.madrid.org\/ies.leonfelipe.getafe\/\/wp-content\/uploads\/ies.leonfelipe.getafe\/2025\/11\/IMG_5509-scaled.jpeg 1920w\" sizes=\"auto, (max-width: 100px) 100vw, 100px\" \/> <img loading=\"lazy\" decoding=\"async\" class=\"alignright  wp-image-2991\" src=\"https:\/\/site.educa.madrid.org\/ies.leonfelipe.getafe\/\/wp-content\/uploads\/ies.leonfelipe.getafe\/2025\/11\/IMG_5510-225x300.jpeg\" alt=\"\" width=\"91\" height=\"121\" srcset=\"https:\/\/site.educa.madrid.org\/ies.leonfelipe.getafe\/\/wp-content\/uploads\/ies.leonfelipe.getafe\/2025\/11\/IMG_5510-225x300.jpeg 225w, https:\/\/site.educa.madrid.org\/ies.leonfelipe.getafe\/\/wp-content\/uploads\/ies.leonfelipe.getafe\/2025\/11\/IMG_5510-768x1024.jpeg 768w, https:\/\/site.educa.madrid.org\/ies.leonfelipe.getafe\/\/wp-content\/uploads\/ies.leonfelipe.getafe\/2025\/11\/IMG_5510-300x400.jpeg 300w, https:\/\/site.educa.madrid.org\/ies.leonfelipe.getafe\/\/wp-content\/uploads\/ies.leonfelipe.getafe\/2025\/11\/IMG_5510-1152x1536.jpeg 1152w, https:\/\/site.educa.madrid.org\/ies.leonfelipe.getafe\/\/wp-content\/uploads\/ies.leonfelipe.getafe\/2025\/11\/IMG_5510-1536x2048.jpeg 1536w, https:\/\/site.educa.madrid.org\/ies.leonfelipe.getafe\/\/wp-content\/uploads\/ies.leonfelipe.getafe\/2025\/11\/IMG_5510-scaled.jpeg 1920w\" sizes=\"auto, (max-width: 91px) 100vw, 91px\" \/> <img loading=\"lazy\" decoding=\"async\" class=\"alignright  wp-image-2990\" src=\"https:\/\/site.educa.madrid.org\/ies.leonfelipe.getafe\/\/wp-content\/uploads\/ies.leonfelipe.getafe\/2025\/11\/IMG_5512-225x300.jpeg\" alt=\"\" width=\"99\" height=\"132\" srcset=\"https:\/\/site.educa.madrid.org\/ies.leonfelipe.getafe\/\/wp-content\/uploads\/ies.leonfelipe.getafe\/2025\/11\/IMG_5512-225x300.jpeg 225w, https:\/\/site.educa.madrid.org\/ies.leonfelipe.getafe\/\/wp-content\/uploads\/ies.leonfelipe.getafe\/2025\/11\/IMG_5512-768x1024.jpeg 768w, https:\/\/site.educa.madrid.org\/ies.leonfelipe.getafe\/\/wp-content\/uploads\/ies.leonfelipe.getafe\/2025\/11\/IMG_5512-300x400.jpeg 300w, https:\/\/site.educa.madrid.org\/ies.leonfelipe.getafe\/\/wp-content\/uploads\/ies.leonfelipe.getafe\/2025\/11\/IMG_5512-1152x1536.jpeg 1152w, https:\/\/site.educa.madrid.org\/ies.leonfelipe.getafe\/\/wp-content\/uploads\/ies.leonfelipe.getafe\/2025\/11\/IMG_5512-1536x2048.jpeg 1536w, https:\/\/site.educa.madrid.org\/ies.leonfelipe.getafe\/\/wp-content\/uploads\/ies.leonfelipe.getafe\/2025\/11\/IMG_5512-scaled.jpeg 1920w\" sizes=\"auto, (max-width: 99px) 100vw, 99px\" \/> <img loading=\"lazy\" decoding=\"async\" class=\"alignright  wp-image-2989\" src=\"https:\/\/site.educa.madrid.org\/ies.leonfelipe.getafe\/\/wp-content\/uploads\/ies.leonfelipe.getafe\/2025\/11\/IMG_5513-225x300.jpeg\" alt=\"\" width=\"110\" height=\"146\" srcset=\"https:\/\/site.educa.madrid.org\/ies.leonfelipe.getafe\/\/wp-content\/uploads\/ies.leonfelipe.getafe\/2025\/11\/IMG_5513-225x300.jpeg 225w, https:\/\/site.educa.madrid.org\/ies.leonfelipe.getafe\/\/wp-content\/uploads\/ies.leonfelipe.getafe\/2025\/11\/IMG_5513-768x1024.jpeg 768w, https:\/\/site.educa.madrid.org\/ies.leonfelipe.getafe\/\/wp-content\/uploads\/ies.leonfelipe.getafe\/2025\/11\/IMG_5513-300x400.jpeg 300w, https:\/\/site.educa.madrid.org\/ies.leonfelipe.getafe\/\/wp-content\/uploads\/ies.leonfelipe.getafe\/2025\/11\/IMG_5513-1152x1536.jpeg 1152w, https:\/\/site.educa.madrid.org\/ies.leonfelipe.getafe\/\/wp-content\/uploads\/ies.leonfelipe.getafe\/2025\/11\/IMG_5513-1536x2048.jpeg 1536w, https:\/\/site.educa.madrid.org\/ies.leonfelipe.getafe\/\/wp-content\/uploads\/ies.leonfelipe.getafe\/2025\/11\/IMG_5513-scaled.jpeg 1920w\" sizes=\"auto, (max-width: 110px) 100vw, 110px\" \/><\/span><\/p>\n","protected":false},"excerpt":{"rendered":"<p>INMERSI\u00d3N LING\u00dc\u00cdSTICA INGL\u00c9S VIAJE A IRLANDA Esa semana en Irlanda fue como vivir algo que s\u00f3lo hab\u00edamos visto en pel\u00edculas. Llegamos con nervios y mil dudas, pero juntas nos atrevimos &#8230;<\/p>\n","protected":false},"author":2,"featured_media":0,"parent":0,"menu_order":0,"comment_status":"closed","ping_status":"closed","template":"","meta":{"footnotes":""},"folder":[],"class_list":["post-2988","page","type-page","status-publish","hentry"],"rttpg_featured_image_url":null,"rttpg_author":{"display_name":"tic.ies.leonfelipe.getafe","author_link":"https:\/\/site.educa.madrid.org\/ies.leonfelipe.getafe\/index.php\/author\/cuenta_tic-ies-leonfelipe-getafe\/"},"rttpg_comment":0,"rttpg_category":false,"rttpg_excerpt":"INMERSI\u00d3N LING\u00dc\u00cdSTICA INGL\u00c9S VIAJE A IRLANDA Esa semana en Irlanda fue como vivir algo que s\u00f3lo hab\u00edamos visto en pel\u00edculas. Llegamos con nervios y mil dudas, pero juntas nos atrevimos ...","post_mailing_queue_ids":[],"_links":{"self":[{"href":"https:\/\/site.educa.madrid.org\/ies.leonfelipe.getafe\/index.php\/wp-json\/wp\/v2\/pages\/2988","targetHints":{"allow":["GET"]}}],"collection":[{"href":"https:\/\/site.educa.madrid.org\/ies.leonfelipe.getafe\/index.php\/wp-json\/wp\/v2\/pages"}],"about":[{"href":"https:\/\/site.educa.madrid.org\/ies.leonfelipe.getafe\/index.php\/wp-json\/wp\/v2\/types\/page"}],"author":[{"embeddable":true,"href":"https:\/\/site.educa.madrid.org\/ies.leonfelipe.getafe\/index.php\/wp-json\/wp\/v2\/users\/2"}],"replies":[{"embeddable":true,"href":"https:\/\/site.educa.madrid.org\/ies.leonfelipe.getafe\/index.php\/wp-json\/wp\/v2\/comments?post=2988"}],"version-history":[{"count":12,"href":"https:\/\/site.educa.madrid.org\/ies.leonfelipe.getafe\/index.php\/wp-json\/wp\/v2\/pages\/2988\/revisions"}],"predecessor-version":[{"id":3266,"href":"https:\/\/site.educa.madrid.org\/ies.leonfelipe.getafe\/index.php\/wp-json\/wp\/v2\/pages\/2988\/revisions\/3266"}],"wp:attachment":[{"href":"https:\/\/site.educa.madrid.org\/ies.leonfelipe.getafe\/index.php\/wp-json\/wp\/v2\/media?parent=2988"}],"wp:term":[{"taxonomy":"folder","embeddable":true,"href":"https:\/\/site.educa.madrid.org\/ies.leonfelipe.getafe\/index.php\/wp-json\/wp\/v2\/folder?post=2988"}],"curies":[{"name":"wp","href":"https:\/\/api.w.org\/{rel}","templated":true}]}}