{"id":3051,"date":"2025-11-28T15:15:57","date_gmt":"2025-11-28T14:15:57","guid":{"rendered":"https:\/\/site.educa.madrid.org\/ies.leonfelipe.getafe\/?page_id=3051"},"modified":"2025-11-28T15:15:57","modified_gmt":"2025-11-28T14:15:57","slug":"lengua","status":"publish","type":"page","link":"https:\/\/site.educa.madrid.org\/ies.leonfelipe.getafe\/index.php\/lengua\/","title":{"rendered":"LENGUA"},"content":{"rendered":"<p style=\"text-align: center;\"><span style=\"color: #000000;\"><strong>REPRESENTACIONES GR\u00c1FICAS DEL METALENGUAJE ESPEC\u00cdFICO DE LENGUA CASTELLANA<\/strong><\/span><\/p>\n<p style=\"text-align: center;\"><span style=\"color: #000000;\">El alumnado de 1\u00ba de ESO han realizado una actividad en clase de Lengua Castellana y Literatura que une la creatividad art\u00edstica con la terminolog\u00eda espec\u00edfica de la asignatura. Se trataba de que cada alumno escogiese un t\u00e9rmino metaling\u00fc\u00edstico, ya fuese gramatical o literario, y elaborase un dibujo que fuese capaz de explicar en qu\u00e9 consiste ese t\u00e9rmino sin usar casi palabras. De esa manera, son capaces tambi\u00e9n de desarrollar el pensamiento abstracto, pues explicar algo sin palabras, pero con im\u00e1genes, es darle un giro a su forma de pensar a esa edad. Adem\u00e1s, dentro de cada ejercicio han a\u00f1adido una explicaci\u00f3n escrita del termino para reforzar la parte te\u00f3rica. Por \u00faltimo, al estar expuestos en clase, creemos que puede surtir el efecto de que interioricen su empleo desde los niveles iniciales, asentando enormemente su conocimiento de la asignatura.<\/span><\/p>\n<p style=\"text-align: center;\"><span style=\"color: #000000;\"><img loading=\"lazy\" decoding=\"async\" class=\"size-medium wp-image-3052 alignnone\" src=\"https:\/\/site.educa.madrid.org\/ies.leonfelipe.getafe\/\/wp-content\/uploads\/ies.leonfelipe.getafe\/2025\/11\/IMG_20251126_114456-300x225.jpg\" alt=\"\" width=\"300\" height=\"225\" srcset=\"https:\/\/site.educa.madrid.org\/ies.leonfelipe.getafe\/\/wp-content\/uploads\/ies.leonfelipe.getafe\/2025\/11\/IMG_20251126_114456-300x225.jpg 300w, https:\/\/site.educa.madrid.org\/ies.leonfelipe.getafe\/\/wp-content\/uploads\/ies.leonfelipe.getafe\/2025\/11\/IMG_20251126_114456-1024x768.jpg 1024w, https:\/\/site.educa.madrid.org\/ies.leonfelipe.getafe\/\/wp-content\/uploads\/ies.leonfelipe.getafe\/2025\/11\/IMG_20251126_114456-768x576.jpg 768w, https:\/\/site.educa.madrid.org\/ies.leonfelipe.getafe\/\/wp-content\/uploads\/ies.leonfelipe.getafe\/2025\/11\/IMG_20251126_114456-1536x1152.jpg 1536w, https:\/\/site.educa.madrid.org\/ies.leonfelipe.getafe\/\/wp-content\/uploads\/ies.leonfelipe.getafe\/2025\/11\/IMG_20251126_114456-2048x1536.jpg 2048w\" sizes=\"auto, (max-width: 300px) 100vw, 300px\" \/>.<\/span><\/p>\n","protected":false},"excerpt":{"rendered":"<p>REPRESENTACIONES GR\u00c1FICAS DEL METALENGUAJE ESPEC\u00cdFICO DE LENGUA CASTELLANA El alumnado de 1\u00ba de ESO han realizado una actividad en clase de Lengua Castellana y Literatura que une la creatividad art\u00edstica &#8230;<\/p>\n","protected":false},"author":2,"featured_media":0,"parent":0,"menu_order":0,"comment_status":"closed","ping_status":"closed","template":"","meta":{"footnotes":""},"folder":[],"class_list":["post-3051","page","type-page","status-publish","hentry"],"rttpg_featured_image_url":null,"rttpg_author":{"display_name":"tic.ies.leonfelipe.getafe","author_link":"https:\/\/site.educa.madrid.org\/ies.leonfelipe.getafe\/index.php\/author\/cuenta_tic-ies-leonfelipe-getafe\/"},"rttpg_comment":0,"rttpg_category":false,"rttpg_excerpt":"REPRESENTACIONES GR\u00c1FICAS DEL METALENGUAJE ESPEC\u00cdFICO DE LENGUA CASTELLANA El alumnado de 1\u00ba de ESO han realizado una actividad en clase de Lengua Castellana y Literatura que une la creatividad art\u00edstica ...","post_mailing_queue_ids":[],"_links":{"self":[{"href":"https:\/\/site.educa.madrid.org\/ies.leonfelipe.getafe\/index.php\/wp-json\/wp\/v2\/pages\/3051","targetHints":{"allow":["GET"]}}],"collection":[{"href":"https:\/\/site.educa.madrid.org\/ies.leonfelipe.getafe\/index.php\/wp-json\/wp\/v2\/pages"}],"about":[{"href":"https:\/\/site.educa.madrid.org\/ies.leonfelipe.getafe\/index.php\/wp-json\/wp\/v2\/types\/page"}],"author":[{"embeddable":true,"href":"https:\/\/site.educa.madrid.org\/ies.leonfelipe.getafe\/index.php\/wp-json\/wp\/v2\/users\/2"}],"replies":[{"embeddable":true,"href":"https:\/\/site.educa.madrid.org\/ies.leonfelipe.getafe\/index.php\/wp-json\/wp\/v2\/comments?post=3051"}],"version-history":[{"count":3,"href":"https:\/\/site.educa.madrid.org\/ies.leonfelipe.getafe\/index.php\/wp-json\/wp\/v2\/pages\/3051\/revisions"}],"predecessor-version":[{"id":3055,"href":"https:\/\/site.educa.madrid.org\/ies.leonfelipe.getafe\/index.php\/wp-json\/wp\/v2\/pages\/3051\/revisions\/3055"}],"wp:attachment":[{"href":"https:\/\/site.educa.madrid.org\/ies.leonfelipe.getafe\/index.php\/wp-json\/wp\/v2\/media?parent=3051"}],"wp:term":[{"taxonomy":"folder","embeddable":true,"href":"https:\/\/site.educa.madrid.org\/ies.leonfelipe.getafe\/index.php\/wp-json\/wp\/v2\/folder?post=3051"}],"curies":[{"name":"wp","href":"https:\/\/api.w.org\/{rel}","templated":true}]}}