{"id":3217,"date":"2026-02-10T13:22:51","date_gmt":"2026-02-10T12:22:51","guid":{"rendered":"https:\/\/site.educa.madrid.org\/ies.leonfelipe.getafe\/?page_id=3217"},"modified":"2026-02-10T13:22:51","modified_gmt":"2026-02-10T12:22:51","slug":"geografia-e-historia-2","status":"publish","type":"page","link":"https:\/\/site.educa.madrid.org\/ies.leonfelipe.getafe\/index.php\/geografia-e-historia-2\/","title":{"rendered":"GEOGRAF\u00cdA e HISTORIA"},"content":{"rendered":"<h2><span style=\"color: #000000;\"><strong>GLOBAL CLASSROOM<\/strong><\/span><\/h2>\n<p style=\"text-align: left;\"><span style=\"color: #000000;\">Hace unos d\u00edas un peque\u00f1o grupo de alumnos de 3 ESO biling\u00fce acompa\u00f1ados de las profesoras Yolanda Bueno (Ingl\u00e9s) y Lena Hopple (auxiliar de conversaci\u00f3n en ingl\u00e9s) y el profesor Jos\u00e9 Manuel Pastor (Geograf\u00eda e Historia) participaron en la competici\u00f3n oficial de Global Classroom en el ISMIE de Madrid. Esta actividad, que simula una sesi\u00f3n en la Asamblea General de la ONU, ha sido una gran oportunidad para nuestros estudiantes para desarrollar sus habilidades ling\u00fc\u00edsticas, aprender a hablar en p\u00fablico, trabajar en equipo y tener una mente m\u00e1s abierta a otras culturas. La experiencia ha sido todo un \u00e9xito y han terminado encantados.<\/span><\/p>\n<p><img loading=\"lazy\" decoding=\"async\" class=\"size-medium wp-image-3218\" src=\"https:\/\/site.educa.madrid.org\/ies.leonfelipe.getafe\/\/wp-content\/uploads\/ies.leonfelipe.getafe\/2026\/02\/IMG20260121145749-300x225.jpg\" alt=\"\" width=\"300\" height=\"225\" srcset=\"https:\/\/site.educa.madrid.org\/ies.leonfelipe.getafe\/\/wp-content\/uploads\/ies.leonfelipe.getafe\/2026\/02\/IMG20260121145749-300x225.jpg 300w, https:\/\/site.educa.madrid.org\/ies.leonfelipe.getafe\/\/wp-content\/uploads\/ies.leonfelipe.getafe\/2026\/02\/IMG20260121145749-1024x768.jpg 1024w, https:\/\/site.educa.madrid.org\/ies.leonfelipe.getafe\/\/wp-content\/uploads\/ies.leonfelipe.getafe\/2026\/02\/IMG20260121145749-768x576.jpg 768w, https:\/\/site.educa.madrid.org\/ies.leonfelipe.getafe\/\/wp-content\/uploads\/ies.leonfelipe.getafe\/2026\/02\/IMG20260121145749-1536x1152.jpg 1536w, https:\/\/site.educa.madrid.org\/ies.leonfelipe.getafe\/\/wp-content\/uploads\/ies.leonfelipe.getafe\/2026\/02\/IMG20260121145749-2048x1536.jpg 2048w\" sizes=\"auto, (max-width: 300px) 100vw, 300px\" \/><\/p>\n","protected":false},"excerpt":{"rendered":"<p>GLOBAL CLASSROOM Hace unos d\u00edas un peque\u00f1o grupo de alumnos de 3 ESO biling\u00fce acompa\u00f1ados de las profesoras Yolanda Bueno (Ingl\u00e9s) y Lena Hopple (auxiliar de conversaci\u00f3n en ingl\u00e9s) y &#8230;<\/p>\n","protected":false},"author":2,"featured_media":0,"parent":0,"menu_order":0,"comment_status":"closed","ping_status":"closed","template":"","meta":{"footnotes":""},"folder":[],"class_list":["post-3217","page","type-page","status-publish","hentry"],"rttpg_featured_image_url":null,"rttpg_author":{"display_name":"tic.ies.leonfelipe.getafe","author_link":"https:\/\/site.educa.madrid.org\/ies.leonfelipe.getafe\/index.php\/author\/cuenta_tic-ies-leonfelipe-getafe\/"},"rttpg_comment":0,"rttpg_category":false,"rttpg_excerpt":"GLOBAL CLASSROOM Hace unos d\u00edas un peque\u00f1o grupo de alumnos de 3 ESO biling\u00fce acompa\u00f1ados de las profesoras Yolanda Bueno (Ingl\u00e9s) y Lena Hopple (auxiliar de conversaci\u00f3n en ingl\u00e9s) y ...","post_mailing_queue_ids":[],"_links":{"self":[{"href":"https:\/\/site.educa.madrid.org\/ies.leonfelipe.getafe\/index.php\/wp-json\/wp\/v2\/pages\/3217","targetHints":{"allow":["GET"]}}],"collection":[{"href":"https:\/\/site.educa.madrid.org\/ies.leonfelipe.getafe\/index.php\/wp-json\/wp\/v2\/pages"}],"about":[{"href":"https:\/\/site.educa.madrid.org\/ies.leonfelipe.getafe\/index.php\/wp-json\/wp\/v2\/types\/page"}],"author":[{"embeddable":true,"href":"https:\/\/site.educa.madrid.org\/ies.leonfelipe.getafe\/index.php\/wp-json\/wp\/v2\/users\/2"}],"replies":[{"embeddable":true,"href":"https:\/\/site.educa.madrid.org\/ies.leonfelipe.getafe\/index.php\/wp-json\/wp\/v2\/comments?post=3217"}],"version-history":[{"count":2,"href":"https:\/\/site.educa.madrid.org\/ies.leonfelipe.getafe\/index.php\/wp-json\/wp\/v2\/pages\/3217\/revisions"}],"predecessor-version":[{"id":3220,"href":"https:\/\/site.educa.madrid.org\/ies.leonfelipe.getafe\/index.php\/wp-json\/wp\/v2\/pages\/3217\/revisions\/3220"}],"wp:attachment":[{"href":"https:\/\/site.educa.madrid.org\/ies.leonfelipe.getafe\/index.php\/wp-json\/wp\/v2\/media?parent=3217"}],"wp:term":[{"taxonomy":"folder","embeddable":true,"href":"https:\/\/site.educa.madrid.org\/ies.leonfelipe.getafe\/index.php\/wp-json\/wp\/v2\/folder?post=3217"}],"curies":[{"name":"wp","href":"https:\/\/api.w.org\/{rel}","templated":true}]}}